{"id":3548,"date":"2022-12-08T16:56:09","date_gmt":"2022-12-08T21:56:09","guid":{"rendered":"https:\/\/211md.org\/?page_id=3548"},"modified":"2025-06-04T12:53:17","modified_gmt":"2025-06-04T16:53:17","slug":"sms","status":"publish","type":"page","link":"https:\/\/211md.org\/de\/sms\/","title":{"rendered":"Allgemeine Gesch\u00e4ftsbedingungen f\u00fcr SMS-Benachrichtigungen"},"content":{"rendered":"<p><strong>Datum des Inkrafttretens: 19. Dezember 2022<\/strong><\/p>\n<p>Diese Allgemeinen Gesch\u00e4ftsbedingungen f\u00fcr Kurznachrichtendienste (SMS) (die \u201eSMS-Bedingungen\u201c) gelten f\u00fcr die Text- und E-Mail-Nachrichten, die vom Maryland Information Network 2-1-1 Maryland, Inc. (211 Maryland) angeboten werden (auf diese Text- und E-Mail-Nachrichten wird verwiesen). als \u201eSMS-Benachrichtigungen\u201c bezeichnet). Es wird erwartet, dass Sie diese SMS-Bedingungen lesen, bevor Sie sich f\u00fcr SMS-Dienste anmelden, die \u00fcber die Website von 211 Maryland verf\u00fcgbar sind. Diese Bedingungen unterscheiden sich von den Nutzungsbedingungen von 211 Maryland, die die Nutzung der Website von 211 Maryland regeln <a href=\"https:\/\/211md.org\/de\/bedingungen\/\">HIER<\/a>. Bitte sehen Sie sich auch 211 Maryland&#039;s an <u><a href=\"https:\/\/211md.org\/de\/datenschutz-bestimmungen\/\">Privatsph\u00e4re<\/a><\/u><a href=\"https:\/\/211md.org\/de\/datenschutz-bestimmungen\/\"> Politik<\/a> f\u00fcr eine Zusammenfassung der Praktiken von 211 Maryland hinsichtlich der Erfassung und Nutzung personenbezogener Daten.<\/p>\n<h3><strong>Anmeldung.<\/strong><\/h3>\n<p>Die Anzahl der Textnachrichten von 211 Maryland, die Sie erhalten, h\u00e4ngt davon ab, wie vielen Textnachrichtenprogrammen von 211 Maryland Sie beitreten, welche Sie zuweisen oder wie viele davon Sie ausw\u00e4hlen. Um sich f\u00fcr ein SMS-Benachrichtigungsprogramm anzumelden, senden Sie je nach Programm das Schl\u00fcsselwort f\u00fcr das Programm, dem Sie beitreten m\u00f6chten, an 898-211 oder 211-MD1. Solche Schl\u00fcsselw\u00f6rter k\u00f6nnen gefunden werden <a href=\"https:\/\/211md.org\/de\/about\/textnachrichten\/\">Hier<\/a> um sich f\u00fcr 211 Maryland Text Messaging Alert-Programme anzumelden. Nachrichten- und Datentarife sowie Nachrichtenh\u00e4ufigkeit k\u00f6nnen bei allen oben genannten Programmen variieren.<\/p>\n<p>Wenn Abonnenten das Schl\u00fcsselwort per SMS an \u201eTXT-211\u201c (898-211) senden, k\u00f6nnen sie damit rechnen, die folgenden Arten von Nachrichten zu erhalten:<\/p>\n<ul>\n<li>Informationen und Bildung, die aus Partnerschaften und Arbeiten stammen, die von 211 Maryland-Dienstleistern und ihren verbundenen Unternehmen, Partnern und Interessenvertretern durchgef\u00fchrt wurden. Regionsspezifische Warnungen enthalten Informationen zur psychischen Gesundheit von Erwachsenen und Jugendlichen, Verwandtschaft, Hassverbrechen, Alterung und Behinderung, Opioide, Wellness sowie Veteranen und Katastrophenvorsorge.<\/li>\n<\/ul>\n<p>Wenn Abonnenten das Schl\u00fcsselwort \u201eHealthCheck\u201c per SMS an \u201e211-MD1\u201c (211-631) senden, k\u00f6nnen sie damit rechnen, die folgenden Arten von Nachrichten zu erhalten:<\/p>\n<ul>\n<li>Informationen und Bildung, die aus Partnerschaften und Arbeiten stammen, die von 211 Maryland-Dienstleistern und ihren verbundenen Unternehmen, Partnern und Interessenvertretern durchgef\u00fchrt wurden. Regionsspezifische Warnungen enthalten Informationen zur psychischen Gesundheit\/Gesundheitspr\u00fcfung.<\/li>\n<\/ul>\n<p>Wenn Abonnenten das Schl\u00fcsselwort \u201eMdReady\u201c oder \u201eMdListo\u201c f\u00fcr Spanisch an \u201e211-631\u201c senden, k\u00f6nnen sie damit rechnen, die folgenden Arten von Nachrichten zu erhalten:<\/p>\n<ul>\n<li>Aktuelle Katastrophenwarnungen w\u00e4hrend und nach einer Katastrophe, die Ihre Gemeinde betreffen (basierend auf der Postleitzahl oder dem Schl\u00fcsselwort, das Sie angeben, wenn Sie MdReady-Warnungen abonnieren).<\/li>\n<\/ul>\n<p>Wenn Abonnenten ihre Postleitzahl per SMS an \u201e63-211\u201c senden, k\u00f6nnen sie mit dem Erhalt folgender Nachrichten rechnen:<\/p>\n<ul>\n<li>Unter dieser Nummer erhalten Sie auf Grundlage Ihrer Textkonversation mit dem Callcenter-Spezialisten 211 spezifische Informationen und Ressourcen f\u00fcr Ihren Bedarf.<\/li>\n<li>Personen, die eine SMS oder einen Anruf an die Nummer 2-1-1 senden, k\u00f6nnen sich unter dieser Nummer auch f\u00fcr laufende Textnachrichten zum 211 Maryland-Programm und zu Ressourcen anmelden.<\/li>\n<\/ul>\n<h3><strong>Versp\u00e4tete oder nicht zugestellte Nachrichten.<\/strong><\/h3>\n<p>Per SMS gesendete Benachrichtigungen werden Ihnen m\u00f6glicherweise nicht zugestellt, wenn sich Ihr Telefon nicht in Reichweite eines \u00dcbertragungsstandorts befindet oder wenn zu einem bestimmten Zeitpunkt nicht gen\u00fcgend Netzwerkkapazit\u00e4t verf\u00fcgbar ist. Selbst innerhalb eines Abdeckungsbereichs k\u00f6nnen Faktoren, die au\u00dferhalb der Kontrolle Ihres Mobilfunkanbieters liegen, die Nachrichten\u00fcbermittlung beeintr\u00e4chtigen, darunter die Ausr\u00fcstung des Kunden, das Gel\u00e4nde, die N\u00e4he zu Geb\u00e4uden, das Laub und das Wetter. Sie erkennen an, dass dringende Benachrichtigungen m\u00f6glicherweise nicht rechtzeitig empfangen werden und dass Ihr Mobilfunkanbieter nicht garantiert, dass Benachrichtigungen zugestellt werden.<\/p>\n<p>Wenn Sie Ihre Mobiltelefonnummer \u00e4ndern oder trennen, liegt es in Ihrer Verantwortung, 211 Maryland \u00fcber diese \u00c4nderung zu informieren, indem Sie eine SMS mit STOP an die von Ihnen abonnierte Nummer senden.<\/p>\n<h3><strong>Ablehnen.<\/strong><\/h3>\n<p>Um den Empfang von Textnachrichten von den 211 Maryland Text Messaging Alerts-Programmen zu beenden, Text\u00a0<strong>STOPPEN\u00a0<\/strong>Sie k\u00f6nnen jederzeit unter 898-211 anrufen, um Ihre Nummer aus allen Textnachrichten-Benachrichtigungsprogrammen von 211 Maryland zu entfernen und keine weiteren Nachrichten von 211 Maryland zu erhalten, es sei denn, Sie melden sich gem\u00e4\u00df den obigen Anweisungen erneut an. Sie erhalten dann eine Best\u00e4tigung, dass Sie sich von den Textnachrichten-Benachrichtigungsprogrammen abgemeldet haben.<\/p>\n<h3>Hilfe<\/h3>\n<p>Um Hilfe f\u00fcr einen 211 Maryland Text-Service zu erhalten, k\u00f6nnen Sie entweder 2-1-1 von jedem Telefon, E-Mail <a href=\"mailto:info@211md.org\" data-linkindex=\"13\">info@211md.org<\/a>\u00a0oder besuchen Sie diese Seite\u00a0<a href=\"https:\/\/211md.org\/de\/sms\/\" data-auth=\"NotApplicable\" data-linkindex=\"14\">https:\/\/211md.org\/sms\/<\/a>\u00a0wieder.<\/p>\n<p>Um den Empfang von Nachrichten von diesem Dienst zu beenden, senden Sie eine SMS mit dem Wort STOP.<\/p>\n<p>Es fallen ggf. Nachrichten- und Datengeb\u00fchren an; die Nachrichtenh\u00e4ufigkeit kann von den oben genannten abweichen.<\/p>\n<h3><strong>Nutzung von Informationen und Diensten.<\/strong><\/h3>\n<p>211 Marylands SMS-Benachrichtigungen sind kein Ersatz f\u00fcr 9-1-1 (Rettungsdienste), 4-1-1 (Telefonauskunft) oder andere spezialisierte Hotlines oder automatisierte Aufzeichnungen. W\u00e4hrend die SMS-Benachrichtigungen von 211 Maryland Personen mit H\u00f6r-\/Sprachbehinderungen unterst\u00fctzen, sind die SMS-Benachrichtigungen auch kein Ersatz f\u00fcr 7-1-1 (Dienste f\u00fcr H\u00f6r- oder Spracheinschr\u00e4nkungen).<\/p>\n<p>Die von 211 Maryland&#039;s Text Messaging Alerts bereitgestellten Informationen und Dienste dienen ausschlie\u00dflich Informationszwecken und das Vertrauen auf die \u00fcber die Text Message Alerts bereitgestellten Informationen erfolgt ausschlie\u00dflich auf Ihr eigenes Risiko.<\/p>\n<p>Die Informationen, Dienste und Materialien von 211 Maryland&#039;s Text Messaging Alerts werden \u201ewie besehen\u201c und ohne Gew\u00e4hrleistung bereitgestellt. Soweit gesetzlich zul\u00e4ssig, lehnt 211 Maryland alle ausdr\u00fccklichen oder stillschweigenden Zusicherungen und Gew\u00e4hrleistungen in Bezug auf solche Informationen, Dienstleistungen, Produkte und Materialien ab, einschlie\u00dflich und ohne Einschr\u00e4nkung aller stillschweigenden Gew\u00e4hrleistungen der Marktg\u00e4ngigkeit, der Eignung f\u00fcr einen bestimmten Zweck und der Nichtverletzung von Rechten Dritter .<\/p>\n<p>In keinem Fall haftet 211 Maryland f\u00fcr Folgesch\u00e4den, indirekte, zuf\u00e4llige, besondere oder Strafsch\u00e4den, unabh\u00e4ngig von der Ursache und unter jeglicher Haftungstheorie (einschlie\u00dflich Fahrl\u00e4ssigkeit), die sich aus Ihrer Nutzung der SMS-Benachrichtigungen von 211 Maryland oder der Bereitstellung der SMS-Benachrichtigungen ergeben Informationen, Dienstleistungen, Produkte und Materialien, die von 211 Maryland&#039;s Text Messaging Alerts bereitgestellt werden, auch wenn 211 Maryland auf die M\u00f6glichkeit solcher Sch\u00e4den hingewiesen wurde.<\/p>\n<p>Sie erkl\u00e4ren, dass Sie der Kontoinhaber der von Ihnen angegebenen Mobil- oder Telefonnummer(n) sind. Sie sind daf\u00fcr verantwortlich, 211 Maryland unverz\u00fcglich zu benachrichtigen, wenn Sie Ihre Mobiltelefonnummer \u00e4ndern.<\/p>\n<h3><strong>Externe Seiten.<\/strong><\/h3>\n<p>211 Maryland&#039;s Text Messaging Alerts k\u00f6nnen Links zu anderen Websites im Internet enthalten, die Eigentum Dritter sind und von diesen betrieben werden. Sie erkennen an, dass 211 Maryland nicht f\u00fcr die Verf\u00fcgbarkeit oder den Inhalt einer solchen externen Website verantwortlich ist.<\/p>\n<h3><strong>Beendigung der Nutzung.<\/strong><\/h3>\n<p>211 Maryland kann Ihren Zugriff auf alle oder einen Teil der SMS-Benachrichtigungsdienste von 211 Maryland ohne Vorank\u00fcndigung k\u00fcndigen oder aussetzen, wenn 211 Maryland nach eigenem Ermessen ein Verhalten vornimmt, das gegen geltendes Recht verst\u00f6\u00dft oder den Interessen von 211 Maryland schadet ein anderer Benutzer, ein Sponsor, H\u00e4ndler oder ein anderer Dritter oder die SMS-Benachrichtigungsdienste von 211 Maryland.<\/p>\n<h3><strong>\u00c4nderung der Allgemeinen Gesch\u00e4ftsbedingungen.<\/strong><\/h3>\n<p>211 Maryland beh\u00e4lt sich das Recht vor, diese SMS-Bedingungen jederzeit zu modifizieren, zu \u00e4ndern oder zu aktualisieren, indem \u00fcberarbeitete SMS-Bedingungen ver\u00f6ffentlicht oder Ihnen per Post und\/oder E-Mail mitgeteilt werden. Sie stimmen zu, an solche Modifikationen, \u00c4nderungen oder Aktualisierungen gebunden zu sein, es sei denn, Sie lehnen den Erhalt der Textnachrichten-Benachrichtigungen (wie oben beschrieben) ab. Dementsprechend wird von Ihnen erwartet, dass Sie diese SMS-Bedingungen regelm\u00e4\u00dfig \u00fcberpr\u00fcfen.<\/p>\n<h3><strong>Geltendes Recht.<\/strong><\/h3>\n<p>Die 211 Maryland Text Messaging Alerts unterliegen den Gesetzen des Staates Maryland.<\/p>\n\n<p>&nbsp;<\/p>","protected":false},"excerpt":{"rendered":"<p>G\u00fcltig ab: 19. Dezember 2022 Diese Allgemeinen Gesch\u00e4ftsbedingungen f\u00fcr Kurznachrichtendienste (SMS) (die \u201eSMS-Bedingungen\u201c) gelten f\u00fcr die Text- und E-Mail-Nachrichten, die vom Maryland Information Network 2-1-1 Maryland, Inc. (211 Maryland) angeboten werden (solche Text- und E-Mail-Nachrichten werden als \u201eTextnachrichten-Benachrichtigungen\u201c bezeichnet). SIE SIND VERPFLICHTET, DIESE SMS-BEDINGUNGEN VOR DER UNTERSCHRIFT DURCHZULESEN\u2026<\/p>","protected":false},"author":13,"featured_media":0,"parent":0,"menu_order":0,"comment_status":"closed","ping_status":"closed","template":"","meta":{"footnotes":""},"class_list":["post-3548","page","type-page","status-publish","hentry"],"_links":{"self":[{"href":"https:\/\/211md.org\/de\/wp-json\/wp\/v2\/pages\/3548","targetHints":{"allow":["GET"]}}],"collection":[{"href":"https:\/\/211md.org\/de\/wp-json\/wp\/v2\/pages"}],"about":[{"href":"https:\/\/211md.org\/de\/wp-json\/wp\/v2\/types\/page"}],"author":[{"embeddable":true,"href":"https:\/\/211md.org\/de\/wp-json\/wp\/v2\/users\/13"}],"replies":[{"embeddable":true,"href":"https:\/\/211md.org\/de\/wp-json\/wp\/v2\/comments?post=3548"}],"version-history":[{"count":1,"href":"https:\/\/211md.org\/de\/wp-json\/wp\/v2\/pages\/3548\/revisions"}],"predecessor-version":[{"id":4556,"href":"https:\/\/211md.org\/de\/wp-json\/wp\/v2\/pages\/3548\/revisions\/4556"}],"wp:attachment":[{"href":"https:\/\/211md.org\/de\/wp-json\/wp\/v2\/media?parent=3548"}],"curies":[{"name":"wp","href":"https:\/\/api.w.org\/{rel}","templated":true}]}}