{"id":3749,"date":"2023-04-18T10:47:02","date_gmt":"2023-04-18T14:47:02","guid":{"rendered":"https:\/\/211md.org\/?page_id=3749"},"modified":"2025-09-20T11:24:47","modified_gmt":"2025-09-20T15:24:47","slug":"wickeltische","status":"publish","type":"page","link":"https:\/\/211md.org\/de\/changing-tables\/","title":{"rendered":"Finden Sie einen Wickeltisch in Maryland"},"content":{"rendered":"<img decoding=\"async\" src=\"https:\/\/stg-maryland211-staging.kinsta.cloud\/wp-content\/uploads\/2025\/08\/5-1-scaled.png\" alt=\"5\" itemprop=\"image\" height=\"692\" width=\"2560\" title=\"5\" onerror=\"this.style.display='none'\" loading=\"lazy\" \/>\n\t\t<h1><a href=\"#start\" target=\"_self\">Standard-Seiten\u00fcberschrift<\/a><\/h1><p>Ist es eine Herausforderung, in der \u00d6ffentlichkeit eine Windel zu wechseln oder die K\u00f6rperpflege eines Kindes oder Erwachsenen zu \u00fcbernehmen?<\/p>\n<p>F\u00fcr die Pflegekr\u00e4fte stehen universelle Wickeltische und -einrichtungen zur Verf\u00fcgung, damit sie die erforderliche Pflege leisten k\u00f6nnen, unabh\u00e4ngig von der K\u00f6rpergr\u00f6\u00dfe oder den spezifischen Bed\u00fcrfnissen des Einzelnen.<\/p>\n<p>Finden Sie einen in Ihrer N\u00e4he.<\/p>\n\t\t\t<a href=\"#start\" target=\"_self\">\n\t\t\t\t\t\tErste Schritte\n\t\t\t\t\t<\/a>\n\t\t\t\t<img decoding=\"async\" src=\"https:\/\/211md.org\/wp-content\/plugins\/bb-plugin\/img\/pixel.png\" alt=\"\" itemprop=\"image\" onerror=\"this.style.display='none'\" loading=\"lazy\" \/>\n\t\t\t\t<img decoding=\"async\" src=\"https:\/\/stg-maryland211-staging.kinsta.cloud\/wp-content\/uploads\/2025\/08\/16.png\" alt=\"16\" itemprop=\"image\" height=\"1000\" width=\"1000\" title=\"16\" onerror=\"this.style.display='none'\" loading=\"lazy\" \/>\n\t\t\t\t<img decoding=\"async\" src=\"https:\/\/211md.org\/wp-content\/uploads\/2023\/04\/Changing-Table-at-Southern-Regional-Aquatic-Wellness-Center.jpg\" alt=\"Wickeltisch im Southern Regional Aquatic Wellness Center\" itemprop=\"image\" height=\"800\" width=\"1200\" title=\"Wickeltisch im Southern Regional Aquatic Wellness Center\" onerror=\"this.style.display='none'\" loading=\"lazy\" \/>\n\t\tMit freundlicher Genehmigung: Prince George&#039;s County Department of Parks and Recreation\n\t<h2>Wo Sie universelle Wickeltische finden<\/h2>\n<p>211 hilft Pflegekr\u00e4ften, diese Einrichtungen an \u00f6ffentlichen Orten in ganz Maryland zu finden.<\/p>\n<p>Sie befinden sich in:<\/p>\n<ul>\n<li>Parks<\/li>\n<li>Erholungszentren<\/li>\n<li>\u00f6ffentliche Verkehrsmittel (Busbahnhof oder Flughafen)<\/li>\n<\/ul>\n<p>Stand Oktober 2022, <a href=\"https:\/\/mgaleg.maryland.gov\/2021RS\/Chapters_noln\/CH_224_sb0061t.pdf\" target=\"_blank\" rel=\"noopener\">Maryland-Gesetz<\/a> schreibt diese Barrierefreiheitsoption f\u00fcr neue und bestimmte renovierte Geb\u00e4ude mit \u00f6ffentlichen Toiletten vor.<\/p>\n<p>Die Agenturen sind daf\u00fcr verantwortlich, die Informationen an 211 zu melden.<\/p>\n<p>Wenn Sie eine Einrichtung hinzuf\u00fcgen m\u00f6chten, senden Sie bitte eine E-Mail <a href=\"mailto:resources@211md.org\">resources@211md.org<\/a>.<\/p>\n\t\t\t<a href=\"mailto:%20resources@211md.org\" target=\"_blank\" rel=\"noopener\">\n\t\t\t\t\t\tWickeltisch hinzuf\u00fcgen\n\t\t\t\t\t<\/a>\n\t<h2>Liste der Umkleidem\u00f6glichkeiten<\/h2>\n<p>Hier finden Sie diese barrierefreien Umkleideeinrichtungen in Maryland.<\/p>\n<h3>Anne Arundel County<\/h3>\n<p>Im Anne Arundel County finden Reisende am Flughafen einen Wickeltisch.<\/p>\n<h4>Flughafen Baltimore Washington<\/h4>\n<ul>\n<li>Adresse: 7050 Friendship Rd, Baltimore MD 21240<\/li>\n<li>Hinweise zum Standort: Vor der Sicherheitskontrolle im Terminal A, innerhalb der Sicherheitskontrolle zwischen den Terminals B und C, im Bereich D bei Gate D7<\/li>\n<li><a href=\"http:\/\/www.bwiairport.com\/flying-with-us\/accessibility\" target=\"_blank\" rel=\"noopener\">Webseite<\/a><\/li>\n<li>Telefon: 410-859-7242<\/li>\n<li>E-Mail: adabwi@bwiairport.com<\/li>\n<li>Merkmale:\n<ul>\n<li>Anzahl Umkleidekabinen f\u00fcr Erwachsene: 3<\/li>\n<li>H\u00f6henverstellbar: NEIN<\/li>\n<li>Einzelkabine\/geschlechtsneutrales\/Familientoilette: JA<\/li>\n<li>Handbrause\/Duschm\u00f6glichkeit: NEIN<\/li>\n<li>Gewichtskapazit\u00e4t: N\/A<\/li>\n<\/ul>\n<\/li>\n<\/ul>\n\t\t\t\t<img decoding=\"async\" src=\"https:\/\/211md.org\/wp-content\/uploads\/2024\/03\/Gary-J.-Arthur-Community-Center-Changing-Facility-with-tract-lift--300x400.jpg\" alt=\"Umkleideraum des Gary J. Arthur Community Center mit Tract Lift\" itemprop=\"image\" height=\"400\" width=\"300\" title=\"Umkleidekabine des Gary J. Arthur Community Center mit Traktlift\" onerror=\"this.style.display='none'\" loading=\"lazy\" \/>\n\t<h3>Howard County<\/h3>\n<p>In Howard County gibt es in mehreren Gemeinde- und Kulturzentren Wickeltische. Dazu geh\u00f6ren:<\/p>\n<ul>\n<li>Gary J. Arthur Gemeindezentrum<\/li>\n<li>Harriet Tubman Kulturzentrum<\/li>\n<li>Gemeindezentrum North Laurel<\/li>\n<\/ul>\n<h4>Gary J. Arthur Gemeindezentrum<\/h4>\n<ul>\n<li>Adresse: 2400 MD-97, Cooksville, MD<\/li>\n<li>Standorthinweise: Befindet sich neben dem Hauptflur in der Mitte<\/li>\n<li><a href=\"https:\/\/www.howardcountymd.gov\/recreation-parks\/gary-j-arthur-community-center\" target=\"_blank\" rel=\"noopener\">Webseite<\/a>\u00a0<\/li>\n<li>Telefon: 410-313-4840<\/li>\n<li>Email: <a href=\"mailto:spotts@howardcountymd.gov\">spotts@howardcountymd.gov<\/a><\/li>\n<li>Merkmale:\n<ul>\n<li>Anzahl Umkleider\u00e4ume f\u00fcr Erwachsene: 1<\/li>\n<li>H\u00f6henverstellbar: JA<\/li>\n<li>Einzelkabine\/geschlechtsneutrales\/Familientoilette: JA (2)<\/li>\n<li>Handbrause\/Dusche mit Deckenschienenlift: JA<\/li>\n<li>Gewichtskapazit\u00e4t: 500 lb.<\/li>\n<\/ul>\n<\/li>\n<\/ul>\n\t\t\t\t<img decoding=\"async\" src=\"https:\/\/211md.org\/wp-content\/plugins\/bb-plugin\/img\/pixel.png\" alt=\"\" itemprop=\"image\" onerror=\"this.style.display='none'\" loading=\"lazy\" \/>\n\t<h4>Harriet Tubman Kulturzentrum<\/h4>\n<ul>\n<li>Adresse: 8045 Harriet Tubman Lane, Columbia, MD 21044<\/li>\n<li>Standorthinweise: Befindet sich neben dem Hauptflur in der Mitte<\/li>\n<li><a href=\"https:\/\/www.howardcountymd.gov\/htcc\" target=\"_blank\" rel=\"noopener\">Webseite<\/a><\/li>\n<li>Telefon: 410-313-0860<\/li>\n<li>Email: <a href=\"mailto:spotts@howardcountymd.gov\">spotts@howardcountymd.gov<\/a><\/li>\n<li>Merkmale:\n<ul>\n<li>Anzahl Umkleider\u00e4ume f\u00fcr Erwachsene: 1<\/li>\n<li>H\u00f6henverstellbar: JA<\/li>\n<li>Einzelkabine\/geschlechtsneutrales\/Familientoilette: JA (2)<\/li>\n<li>Handbrause\/Duschm\u00f6glichkeit: NEIN<\/li>\n<li>Gewichtskapazit\u00e4t: 500 lb.<\/li>\n<\/ul>\n<\/li>\n<\/ul>\n\t\t\t\t<img decoding=\"async\" src=\"https:\/\/211md.org\/wp-content\/uploads\/2023\/04\/Harriet-Tubman-Cultural-Center-Changing-Table.jpg\" alt=\"Wickeltisch im Harriet Tubman Cultural Center\" itemprop=\"image\" height=\"800\" width=\"1200\" title=\"Wickeltisch im Harriet Tubman Cultural Center\" onerror=\"this.style.display='none'\" loading=\"lazy\" \/>\n\t\tMit freundlicher Genehmigung: Howard County Department of Recreation &amp; Parks\n\t\t\t\t<img decoding=\"async\" src=\"https:\/\/211md.org\/wp-content\/uploads\/2023\/04\/Bathroom-with-changing-table-at-North-Laurel-Community-Center.jpg\" alt=\"Badezimmer mit Wickeltisch im North Laurel Community Center\" itemprop=\"image\" height=\"800\" width=\"1200\" title=\"Badezimmer mit Wickeltisch im North Laurel Community Center\" onerror=\"this.style.display='none'\" loading=\"lazy\" \/>\n\t\tMit freundlicher Genehmigung: Howard County Department of Recreation &amp; Parks\n\t<h4>Norden<strong> Laurel-Gemeindezentrum<\/strong><\/h4>\n<ul>\n<li>Adresse: 9411 Whiskey Bottom Road, Laurel MD 20723<\/li>\n<li>Standorthinweise: Befindet sich neben dem Hauptflur in der Mitte<\/li>\n<li><a href=\"https:\/\/www.howardcountymd.gov\/nlcc\" target=\"_blank\" rel=\"noopener\">Webseite<\/a><\/li>\n<li>Telefon: 410-313-0390<\/li>\n<li>Email: <a href=\"mailto:spotts@howardcountymd.gov\">spotts@howardcountymd.gov<\/a><\/li>\n<li>Merkmale:\n<ul>\n<li>Anzahl Umkleider\u00e4ume f\u00fcr Erwachsene: 1<\/li>\n<li>H\u00f6henverstellbar: JA<\/li>\n<li>Einzelkabine\/geschlechtsneutrales\/Familientoilette: JA (2)<\/li>\n<li>Handbrause\/Duschm\u00f6glichkeit: NEIN<\/li>\n<li>Gewichtskapazit\u00e4t: 500 lb.<\/li>\n<\/ul>\n<\/li>\n<\/ul>\n\t<h3>Grafschaft Montgomery<\/h3>\n<p>Finden Sie den universellen Wickeltisch in Montgomery County.<\/p>\n<h4>F. Scott Fitzgerald Theater im Rockville Civic Center Park<\/h4>\n<ul>\n<li>Adresse: 603 Edmonston Drive, Rockville, MD 20851<\/li>\n<li>Hinweise zum Standort: Befindet sich in der familien-\/geschlechtsneutralen Toilette, neben der Lobby im Erdgeschoss<\/li>\n<li><a href=\"https:\/\/www.rockvillemd.gov\/382\/F-Scott-Fitzgerald-Theatre\" target=\"_blank\" rel=\"noopener\">Webseite<\/a><\/li>\n<li>Telefon: 240-314-8690; Maryland Relay 7-1-1 f\u00fcr Kunden, die geh\u00f6rlos, schwerh\u00f6rig oder sprachbehindert sind.<\/li>\n<li>Email:\u00a0<u><a title=\"mailto:theatre@rockvillemd.gov\" href=\"mailto:theatre@rockvillemd.gov\" data-linkindex=\"21\">theatre@rockvillemd.gov<\/a><\/u><\/li>\n<li>\u00a0Merkmale:\n<ul>\n<li>Anzahl Umkleider\u00e4ume f\u00fcr Erwachsene: 1<\/li>\n<li>H\u00f6henverstellbar: JA<\/li>\n<li>Einzelkabine\/geschlechtsneutrales\/Familientoilette: JA<\/li>\n<li>Handbrause\/Duschm\u00f6glichkeit: NEIN<\/li>\n<li>Deckenlift\/-lift: NEIN<\/li>\n<li>Gewichtskapazit\u00e4t: 500 lbs.<\/li>\n<\/ul>\n<\/li>\n<\/ul>\n\t<h3>Prince George&#039;s County<\/h3>\n<p>Im Prince George\u2019s County befinden sich die Wickeltische an folgenden Orten:<\/p>\n<ul>\n<li>Gemeindezentrum Marlow Heights<\/li>\n<li>S\u00fcdliches regionales Wasser-Wellness-Zentrum<\/li>\n<li>Wassersport- und Erholungskomplex Southern Area<\/li>\n<\/ul>\n<h4>Gemeindezentrum Marlow Heights<\/h4>\n<ul>\n<li>Postanschrift: 2800 Saint Claire Drive, Temple Hills, MD 20748<\/li>\n<li>Standorthinweise: Neben Mehrzweckraum A<\/li>\n<li><u><a id=\"OWA74e1bdd9-939f-26ac-528c-76ef36bd5334\" title=\"https:\/\/www.pgparks.com\/facilities\/marlow-heights-community-center-community-center\" href=\"https:\/\/www.pgparks.com\/facilities\/marlow-heights-community-center\" data-auth=\"NotApplicable\" target=\"_blank\" rel=\"noopener\">Webseite<\/a><\/u><\/li>\n<li>Telefon: 301-423-0505; Maryland Relay 7-1-1 f\u00fcr Kunden, die geh\u00f6rlos, schwerh\u00f6rig oder sprachbehindert sind.<\/li>\n<li>Email:\u00a0<u><a id=\"OWA126ee38b-7b28-cb25-0846-ed787bdefdff\" title=\"mailto:DisabilityServices@pgparks.com\" href=\"mailto:DisabilityServices@pgparks.com\">DisabilityServices@pgparks.com<\/a><\/u><\/li>\n<li>\u00a0Merkmale:\n<ul>\n<li>Anzahl der Erwachsenen<\/li>\n<li>H\u00f6henverstellbar: JA<\/li>\n<li>Einzelkabine\/geschlechtsneutrales\/Familientoilette: JA<\/li>\n<li>Handbrause\/Duschm\u00f6glichkeit: NEIN<\/li>\n<li>Deckenlift: Nein<\/li>\n<li>Gewichtskapazit\u00e4t: 500 lb.<\/li>\n<\/ul>\n<\/li>\n<\/ul>\n\t\t\t\t<img decoding=\"async\" src=\"http:\/\/211md.org\/wp-content\/uploads\/2025\/07\/Marlow-Heights-Community-Center-Changing-Table.jpg\" alt=\"Wickeltisch im Marlow Heights Community Center\" itemprop=\"image\" title=\"Wickeltisch im Marlow Heights Community Center\" onerror=\"this.style.display='none'\" loading=\"lazy\" \/>\n\t\tMit freundlicher Genehmigung: Prince George&#039;s County Department of Recreation &amp; Parks\n\t\t\t\t<img decoding=\"async\" src=\"https:\/\/211md.org\/wp-content\/uploads\/2023\/04\/Universal-Changing-Table-up-against-wall.jpg\" alt=\"Universeller Wickeltisch an der Wand\" itemprop=\"image\" height=\"800\" width=\"1200\" title=\"Universeller Wickeltisch an der Wand\" onerror=\"this.style.display='none'\" loading=\"lazy\" \/>\n\t\tMit freundlicher Genehmigung: Prince George&#039;s County Department of Parks and Recreation\n\t<h4>S\u00fcdliches regionales Wasser-Wellness-Zentrum<\/h4>\n<ul>\n<li>Physische Adresse: 7011 Bock Road, Fort Washington, MD 20744<\/li>\n<li>Standorthinweise: Abseits des Wassersportzentrums\/Poollobbys.<\/li>\n<li><a href=\"https:\/\/www.pgparks.com\/5117\/Southern-Regional-Aquatic-Wellness-Cente\" target=\"_blank\" rel=\"noopener\">Webseite<\/a><\/li>\n<li>Telefon: 301-749-4180; Maryland Relay 7-1-1 f\u00fcr Kunden, die geh\u00f6rlos, schwerh\u00f6rig oder sprachbehindert sind.<\/li>\n<li>E-Mail: AdaptedAquatics@pgparks.com<\/li>\n<li>Merkmale\n<ul>\n<li>Anzahl Umkleider\u00e4ume f\u00fcr Erwachsene: 1<\/li>\n<li>H\u00f6henverstellbar: JA<\/li>\n<li>Einzelkabine\/geschlechtsneutrales\/Familientoilette: JA<\/li>\n<li>Handbrause\/Duschm\u00f6glichkeit: JA<\/li>\n<li>Gewichtskapazit\u00e4t: 484 lb.<\/li>\n<\/ul>\n<\/li>\n<\/ul>\n\t<h4>Wassersport- und Erholungskomplex Southern Area<\/h4>\n<ul>\n<li data-olk-copy-source=\"MessageBody\">Postanschrift: 13601 Missouri Ave, Brandywine, MD 20613<\/li>\n<li>Hinweise zum Standort: Neben der Hauptlobby, in der N\u00e4he des Pool-Eingangs<\/li>\n<li><a title=\"https:\/\/pgparks.com\/facilities\/southern-area-aquatic-and-recreation-complex\" href=\"https:\/\/pgparks.com\/facilities\/southern-area-aquatic-and-recreation-complex\" target=\"_blank\" rel=\"noopener\" data-auth=\"NotApplicable\" data-linkindex=\"2\">Webseite<\/a><\/li>\n<li>Telefon: 301-782-1442; Maryland Relay 7-1-1 f\u00fcr Kunden, die taub, schwerh\u00f6rig oder sprachbehindert sind.<\/li>\n<li>Email:\u00a0<a title=\"mailto:DisabilityServices@pgparks.com\" href=\"mailto:DisabilityServices@pgparks.com\" data-linkindex=\"3\">DisabilityServices@pgparks.com<\/a>\n<ul type=\"circle\">\n<li>Merkmale:<\/li>\n<li>Anzahl Umkleider\u00e4ume f\u00fcr Erwachsene: 1<\/li>\n<li>H\u00f6henverstellbar: JA<\/li>\n<li>Einzelkabine\/geschlechtsneutrales\/Familientoilette: JA<\/li>\n<li>Handbrause\/Duschm\u00f6glichkeit: JA<\/li>\n<li>Deckenlift: JA (bringen Sie Ihre eigene Schlinge mit)<\/li>\n<li>Gewichtskapazit\u00e4t: 500 lb.<\/li>\n<\/ul>\n<\/li>\n<\/ul>\n\t\t\t\t<img decoding=\"async\" src=\"https:\/\/211md.org\/wp-content\/uploads\/2025\/01\/Southern-Area-Aquatics-and-Recreation-Complex-Changing-Table.jpg\" alt=\"Wickeltisch im Southern Area Aquatics and Recreation Complex\" itemprop=\"image\" height=\"800\" width=\"1200\" title=\"Wickeltisch im Southern Area Aquatics and Recreation Complex\" onerror=\"this.style.display='none'\" loading=\"lazy\" \/>\n\t\tMit freundlicher Genehmigung: Prince George&#039;s County Department of Parks and Recreation\n<h2>\n\t\t\tVerwandte Informationen\t<\/h2>\n\t\t<h4><a href=\"\/de\/ressourcen\/alterungsbehinderung\/\" target=\"_self\">Alter &amp; Behinderung<\/a><\/h4>\n\t\t\t\t<a href=\"\/de\/ressourcen\/alterungsbehinderung\/\"  target=\"_self\" itemprop=\"url\">\n\t\t\t\t<img decoding=\"async\" src=\"https:\/\/211md.org\/wp-content\/uploads\/bb-plugin\/cache\/2025_MdInfoNet_Icon-Sets_Aging-disability-square-c466727102cae71e5f27b8539bb51945-.png\" alt=\"2025_MdInfoNet_Icon Sets_Altern-Behinderung\" itemprop=\"image\" title=\"2025_MdInfoNet_Icon Sets_Altern-Behinderung\" onerror=\"this.style.display='none'\" loading=\"lazy\" \/>\n\t\t\t\t<\/a>\n\t\t<h4><a href=\"https:\/\/211md.org\/de\/ressourcen\/kinder-familien\/\" target=\"_blank\" rel=\"noopener\">Kinder &amp; Familien<\/a><\/h4>\n\t\t\t\t<a href=\"https:\/\/211md.org\/de\/ressourcen\/kinder-familien\/\" target=\"_blank\" rel=\"noopener\" itemprop=\"url\">\n\t\t\t\t<img decoding=\"async\" src=\"https:\/\/211md.org\/wp-content\/uploads\/bb-plugin\/cache\/2025_211_Icon-Sets_Child-care-square-a8953c7678f51ed443764342b64ee948-.png\" alt=\"2025_211_Icon Sets_Kinderbetreuung\" itemprop=\"image\" title=\"2025_211_Icon Sets_Kinderbetreuung\" onerror=\"this.style.display='none'\" loading=\"lazy\" \/>\n\t\t\t\t<\/a>\n\t\t<h4><a href=\"\/de\/ressourcen\/hausliche-familiare-gewalt\/\" target=\"_self\">H\u00e4usliche Gewalt<\/a><\/h4>\n\t\t\t\t<a href=\"\/de\/ressourcen\/hausliche-familiare-gewalt\/\"  target=\"_self\" itemprop=\"url\">\n\t\t\t\t<img decoding=\"async\" src=\"https:\/\/211md.org\/wp-content\/uploads\/bb-plugin\/cache\/2025_211_Icon-Sets_Domestic-Violence-square-e6e48b12d9d44dadd394e0d40debfd96-.png\" alt=\"Symbol f\u00fcr h\u00e4usliche Gewalt\" itemprop=\"image\" title=\"2025_211_Icon Sets_H\u00e4usliche Gewalt\" onerror=\"this.style.display='none'\" loading=\"lazy\" \/>\n\t\t\t\t<\/a>\n\t\t<h4><a href=\"\/de\/ressourcen\/arbeitssuche\/\" target=\"_self\">Besch\u00e4ftigung<\/a><\/h4>\n\t\t\t\t<a href=\"\/de\/ressourcen\/arbeitssuche\/\"  target=\"_self\" itemprop=\"url\">\n\t\t\t\t<img decoding=\"async\" src=\"https:\/\/211md.org\/wp-content\/uploads\/bb-plugin\/cache\/2025_MdInfoNet_Icon-Sets_Employment-square-44707bd410e4df10a470bf130ebcea86-.png\" alt=\"2025_MdInfoNet_Icon Sets_Besch\u00e4ftigung\" itemprop=\"image\" title=\"2025_MdInfoNet_Icon Sets_Besch\u00e4ftigung\" onerror=\"this.style.display='none'\" loading=\"lazy\" \/>\n\t\t\t\t<\/a>\n\t\t<h4><a href=\"\/de\/ressourcen\/gesundheitswesen\/\" target=\"_self\">Gesundheitsvorsorge<\/a><\/h4>\n\t\t\t\t<a href=\"\/de\/ressourcen\/gesundheitswesen\/\"  target=\"_self\" itemprop=\"url\">\n\t\t\t\t<img decoding=\"async\" src=\"https:\/\/211md.org\/wp-content\/uploads\/bb-plugin\/cache\/2025_MdInfoNet_Icon-Sets_Health-Care-square-dee98a0060cbe0e7f27eda253fc12679-.png\" alt=\"2025_MdInfoNet_Icon Sets_Gesundheitswesen\" itemprop=\"image\" title=\"2025_MdInfoNet_Icon Sets_Gesundheitswesen\" onerror=\"this.style.display='none'\" loading=\"lazy\" \/>\n\t\t\t\t<\/a>\n\t\t<h4><a href=\"\/de\/ressourcen\/kinder-familien\/verwandtschaftspflege\/\" target=\"_self\">Verwandtschaft<\/a><\/h4>\n\t\t\t\t<a href=\"\/de\/ressourcen\/kinder-familien\/verwandtschaftspflege\/\"  target=\"_self\" itemprop=\"url\">\n\t\t\t\t<img decoding=\"async\" src=\"https:\/\/211md.org\/wp-content\/uploads\/bb-plugin\/cache\/2025_211_Icon-Sets_Kinship-square-21d4c353354c53c083c80118abb066f2-.png\" alt=\"Verwandtschaftssymbol\" itemprop=\"image\" title=\"2025_211_Icon Sets_Verwandtschaft\" onerror=\"this.style.display='none'\" loading=\"lazy\" \/>\n\t\t\t\t<\/a>\n\t\t<h4><a href=\"\/de\/ressourcen\/rechtsberatung\/\" target=\"_self\">Rechtsberatung<\/a><\/h4>\n\t\t\t\t<a href=\"\/de\/ressourcen\/rechtsberatung\/\"  target=\"_self\" itemprop=\"url\">\n\t\t\t\t<img decoding=\"async\" src=\"https:\/\/211md.org\/wp-content\/uploads\/bb-plugin\/cache\/2025_MdInfoNet_Icon-Sets_Legal-square-18fdf438feb8435588174d9046463257-.png\" alt=\"2025_MdInfoNet_Icon Sets_Legal\" itemprop=\"image\" title=\"2025_MdInfoNet_Icon Sets_Legal\" onerror=\"this.style.display='none'\" loading=\"lazy\" \/>\n\t\t\t\t<\/a>\n\t\t<h4><a href=\"\/de\/ressourcen\/psychische-gesundheit\/\" target=\"_self\">Psychische Gesundheit<\/a><\/h4>\n\t\t\t\t<a href=\"\/de\/ressourcen\/psychische-gesundheit\/\"  target=\"_self\" itemprop=\"url\">\n\t\t\t\t<img decoding=\"async\" src=\"https:\/\/211md.org\/wp-content\/uploads\/bb-plugin\/cache\/2025_MdInfoNet_Icon-Sets_Mental-Health-square-c59b38c4a993a947d4c9280fbe2d2fee-.png\" alt=\"2025_MdInfoNet_Icon Sets_Psychische Gesundheit\" itemprop=\"image\" title=\"2025_MdInfoNet_Icon Sets_Psychische Gesundheit\" onerror=\"this.style.display='none'\" loading=\"lazy\" \/>\n\t\t\t\t<\/a>\n\t\t<h4><a href=\"\/de\/ressourcen\/mdreentry\/\" target=\"_self\">Wiedereintritt<\/a><\/h4>\n\t\t\t\t<a href=\"\/de\/ressourcen\/mdreentry\/\"  target=\"_self\" itemprop=\"url\">\n\t\t\t\t<img decoding=\"async\" src=\"https:\/\/211md.org\/wp-content\/uploads\/bb-plugin\/cache\/2025_211_Icon-Sets_Reentry-square-f36b65d903a62fd4c3819ff05988ca60-.png\" alt=\"Symbol \u201eWiedereintritt\u201c\" itemprop=\"image\" title=\"2025_211_Icon Sets_Wiedereintritt\" onerror=\"this.style.display='none'\" loading=\"lazy\" \/>\n\t\t\t\t<\/a>\n\t\t<h4><a href=\"\/de\/ressourcen\/substanzgebrauch\/\" target=\"_self\">Substanzgebrauch<\/a><\/h4>\n\t\t\t\t<a href=\"\/de\/ressourcen\/substanzgebrauch\/\"  target=\"_self\" itemprop=\"url\">\n\t\t\t\t<img decoding=\"async\" src=\"https:\/\/211md.org\/wp-content\/uploads\/bb-plugin\/cache\/2025_MdInfoNet_Icon-Sets_Substance-Abuse-square-9022fec9d18a64118ad685c101885b55-.png\" alt=\"2025_MdInfoNet_Icon Sets_Substance Abuse\" itemprop=\"image\" title=\"2025_MdInfoNet_Icon Sets_Substance Abuse\" onerror=\"this.style.display='none'\" loading=\"lazy\" \/>\n\t\t\t\t<\/a>\n\t\t<h4><a href=\"\/de\/ressourcen\/veteranen\/\" target=\"_self\">Veteranen<\/a><\/h4>\n\t\t\t\t<a href=\"\/de\/ressourcen\/veteranen\/\"  target=\"_self\" itemprop=\"url\">\n\t\t\t\t<img decoding=\"async\" src=\"https:\/\/211md.org\/wp-content\/uploads\/bb-plugin\/cache\/2025_MdInfoNet_Icon-Sets_Rating-square-6e60d00cce4faa8e0a6d4ad7366aa733-.png\" alt=\"2025_MdInfoNet_Icon Sets_Bewertung\" itemprop=\"image\" title=\"2025_MdInfoNet_Icon Sets_Bewertung\" onerror=\"this.style.display='none'\" loading=\"lazy\" \/>\n\t\t\t\t<\/a>","protected":false},"excerpt":{"rendered":"<p>Standard\u00fcberschrift der Seite: Ist es schwierig, in der \u00d6ffentlichkeit eine Windel zu wechseln oder ein Kind oder einen Erwachsenen zu pflegen? Universelle Wickeltische und -einrichtungen stehen Pflegekr\u00e4ften zur Verf\u00fcgung, um die ben\u00f6tigte Pflege zu gew\u00e4hrleisten, unabh\u00e4ngig von der Gr\u00f6\u00dfe oder den individuellen Bed\u00fcrfnissen des Einzelnen. Finden Sie einen in Ihrer N\u00e4he. Erste Schritte. Mit freundlicher Genehmigung des Prince George&#039;s County Department of\u2026<\/p>","protected":false},"author":7,"featured_media":3751,"parent":0,"menu_order":0,"comment_status":"closed","ping_status":"closed","template":"","meta":{"footnotes":""},"class_list":["post-3749","page","type-page","status-publish","has-post-thumbnail","hentry"],"_links":{"self":[{"href":"https:\/\/211md.org\/de\/wp-json\/wp\/v2\/pages\/3749","targetHints":{"allow":["GET"]}}],"collection":[{"href":"https:\/\/211md.org\/de\/wp-json\/wp\/v2\/pages"}],"about":[{"href":"https:\/\/211md.org\/de\/wp-json\/wp\/v2\/types\/page"}],"author":[{"embeddable":true,"href":"https:\/\/211md.org\/de\/wp-json\/wp\/v2\/users\/7"}],"replies":[{"embeddable":true,"href":"https:\/\/211md.org\/de\/wp-json\/wp\/v2\/comments?post=3749"}],"version-history":[{"count":9,"href":"https:\/\/211md.org\/de\/wp-json\/wp\/v2\/pages\/3749\/revisions"}],"predecessor-version":[{"id":33847,"href":"https:\/\/211md.org\/de\/wp-json\/wp\/v2\/pages\/3749\/revisions\/33847"}],"wp:featuredmedia":[{"embeddable":true,"href":"https:\/\/211md.org\/de\/wp-json\/wp\/v2\/media\/3751"}],"wp:attachment":[{"href":"https:\/\/211md.org\/de\/wp-json\/wp\/v2\/media?parent=3749"}],"curies":[{"name":"wp","href":"https:\/\/api.w.org\/{rel}","templated":true}]}}