{"id":3758,"date":"2023-05-01T11:24:18","date_gmt":"2023-05-01T15:24:18","guid":{"rendered":"https:\/\/211md.org\/?page_id=3758"},"modified":"2025-09-11T08:53:11","modified_gmt":"2025-09-11T12:53:11","slug":"teenager-unterstutzung","status":"publish","type":"page","link":"https:\/\/211md.org\/de\/resources\/mental-health\/teen-support\/","title":{"rendered":"Wie Eltern und Betreuer die psychische Gesundheit von Teenagern unterst\u00fctzen k\u00f6nnen"},"content":{"rendered":"<img decoding=\"async\" src=\"https:\/\/stg-maryland211-staging.kinsta.cloud\/wp-content\/uploads\/2025\/08\/5-1-scaled.png\" alt=\"5\" itemprop=\"image\" height=\"692\" width=\"2560\" title=\"5\" onerror=\"this.style.display='none'\" loading=\"lazy\" \/>\n\t\t<h1><a href=\"#start\" target=\"_self\">Standard-Seiten\u00fcberschrift<\/a><\/h1><p>Wenn die psychische Gesundheit eines Jugendlichen stark ist, kann er die emotionalen H\u00f6hen und Tiefen bew\u00e4ltigen, die mit der Erkundung seiner Welt einhergehen. <\/p>\n<p>Bei psychischen Problemen gibt es Hilfe. Erfahren Sie, wie Sie die Teenager in Ihrem Leben unterst\u00fctzen k\u00f6nnen.\u00a0<\/p>\n\t\t\t<a href=\"#start\" target=\"_self\">\n\t\t\t\t\t\tErste Schritte\n\t\t\t\t\t<\/a>\n\t\t\t\t<img decoding=\"async\" src=\"https:\/\/211md.org\/wp-content\/plugins\/bb-plugin\/img\/pixel.png\" alt=\"\" itemprop=\"image\" onerror=\"this.style.display='none'\" loading=\"lazy\" \/>\n\t\t\t\t<img decoding=\"async\" src=\"https:\/\/stg-maryland211-staging.kinsta.cloud\/wp-content\/uploads\/2025\/08\/16.png\" alt=\"16\" itemprop=\"image\" height=\"1000\" width=\"1000\" title=\"16\" onerror=\"this.style.display='none'\" loading=\"lazy\" \/>\n\t\t\t\t<img decoding=\"async\" src=\"http:\/\/211md.org\/wp-content\/uploads\/2023\/04\/Lonely-teen-by-himself-at-school.png\" alt=\"Einsamer Teenager allein in der Schule\" itemprop=\"image\" title=\"Einsamer Teenager allein in der Schule\" onerror=\"this.style.display='none'\" loading=\"lazy\" \/>\n\t<h2>Hilfe bei der psychischen Gesundheit von Teenagern finden<\/h2>\n<p>Die richtige Unterst\u00fctzung zur richtigen Zeit kann einem Teenager helfen, sich zu entfalten und Probleme mit dem Lernen, Beziehungen oder <a href=\"https:\/\/211md.org\/de\/ressourcen\/substanzgebrauch\/\">Schadstoffe<\/a>.<\/p>\n<p>Hilfe erhalten Sie in Maryland durch:<\/p>\n<ul>\n<li>Die <a href=\"https:\/\/988min.org\/\" target=\"_blank\" rel=\"noopener\">988-Hotline<\/a> (Krisenhilfe). Rufen Sie 988 an oder schreiben Sie eine SMS, oder <a href=\"https:\/\/988lifeline.org\/chat\/\" target=\"_blank\" rel=\"noopener\">Chat auf Englisch<\/a> oder <a href=\"https:\/\/988lifeline.org\/es\/chat\/\" target=\"_blank\" rel=\"noopener\">Spanisch<\/a>.<\/li>\n<li>Erstversorger wie Ihr Kinderarzt oder Hausarzt<\/li>\n<li>Schulberater<\/li>\n<li>211 SMS-Programm f\u00fcr Teenager aufgerufen <a href=\"https:\/\/211md.org\/de\/about\/textnachrichten\/mdyoungminds\/\">MDYoungMinds<\/a><\/li>\n<li>Telemedizin-Unterst\u00fctzungsprogramme<\/li>\n<li>Fachkr\u00e4fte f\u00fcr psychische Gesundheit wie Berater, Sozialarbeiter, Psychiater oder Psychologen<\/li>\n<\/ul>\n<p>Sie k\u00f6nnen auch in der staatlichen Datenbank f\u00fcr Verhaltensgesundheit, die vom Maryland Information Network betrieben wird, nach Anbietern psychischer Gesundheitsf\u00fcrsorge suchen.<\/p>\n\t\t\t<a href=\"https:\/\/search.988.mdinfonet.org\/\" target=\"_blank\" rel=\"noopener\">\n\t\t\t\t\t\t\tSuche nach einem Anbieter f\u00fcr psychische Gesundheit\n\t\t\t\t\t<\/a>\n\t<h2>M\u00fcssen reden?\u00a0<\/h2>\n<p>&nbsp;<\/p>\n\t<h2>Rufen Sie an oder schreiben Sie eine SMS an 988<\/h2>\n\t\t\t<a href=\"https:\/\/988lifeline.org\/chat\/\" target=\"_blank\" rel=\"noopener\">\n\t\t\t\t\t\t\tJetzt chatten (Englisch)\n\t\t\t\t\t<\/a>\n\t\t\t<a href=\"https:\/\/988lifeline.org\/es\/chat\/\" target=\"_blank\" rel=\"noopener\">\n\t\t\t\t\t\t\tChatea Ahora (Spanisch)\n\t\t\t\t\t<\/a>\n\t<p>Jeder, der Hilfe bei der psychischen Gesundheit oder im Zusammenhang mit Substanzgebrauch ben\u00f6tigt, kann 988 anrufen. <a href=\"https:\/\/988min.org\/\" target=\"_blank\" rel=\"noopener\">Erfahren Sie mehr \u00fcber 988 in Maryland<\/a>.<\/p>\n\t<h2>Warnsignale<\/h2>\n<p>Bei vielen Kindern bleiben psychische Probleme unerkannt oder sie erhalten keine Hilfe. Das Wissen um die Anzeichen kann dem Teenager helfen, Hilfe zu bekommen.<\/p>\n<p><a href=\"https:\/\/pubmed.ncbi.nlm.nih.gov\/15939837\/\" target=\"_blank\" rel=\"noopener\">Forschung<\/a> zeigt, dass 50% der psychischen Gesundheitsprobleme bis zum Alter von 14 Jahren auftreten.<\/p>\n<p>Laut der <a href=\"https:\/\/www.mhamd.org\/wp-content\/uploads\/2023\/02\/DiscussingYourChildsMentalHealthwithYourPrimaryCareProvider_factsheet_CMHMBHIPP_Jan2023.pdf\" target=\"_blank\" rel=\"noopener\">Vereinigung f\u00fcr psychische Gesundheit von Maryland<\/a>, sollten Eltern und Betreuer auf diese Anzeichen einer psychischen Erkrankung oder eines psychischen Gesundheitszustands achten:<\/p>\n<ul>\n<li>Schwierigkeiten zu Hause, in der Schule oder im sozialen Umfeld. Das Kind kann in Streit geraten oder in der Schule schlecht abschneiden.<\/li>\n<li>Sorgen die ganze Zeit.<\/li>\n<li>Sp\u00fcrbare Ver\u00e4nderungen des Schlafes, der Stimmung, des Appetits oder des Verhaltens.<\/li>\n<li>Muster sich wiederholender Aktivit\u00e4ten, die den Schulbesuch, den Schlaf oder den Appetit beeintr\u00e4chtigen.<\/li>\n<li>Erh\u00f6hte Gef\u00fchle von Traurigkeit, Wut, Stress, Sorge, geringem Selbstwertgef\u00fchl und Trauer.<\/li>\n<li>Lacht oder l\u00e4chelt nicht.<\/li>\n<li>H\u00e4ufige Wutanf\u00e4lle, Bauchschmerzen oder Kopfschmerzen ohne bekannte medizinische Ursache.<\/li>\n<li>Unf\u00e4hig, still zu sitzen.<\/li>\n<li>Scheint nicht auf Anweisungen zu h\u00f6ren.<\/li>\n<li>Handeln ohne nachzudenken.<\/li>\n<li>Hat Verhaltensweisen, die entwicklungsbedingt kein Thema mehr sein sollten, wie Anhaften, N\u00e4ssen oder Verschmutzen.<\/li>\n<li>Hat aufgrund aggressiven oder be\u00e4ngstigenden Verhaltens Schwierigkeiten, Freunde zu finden.<\/li>\n<li>Verbringt mehr Zeit alleine.<\/li>\n<li>Vermeidet Aktivit\u00e4ten oder Dinge, die die Person einmal geliebt hat.<\/li>\n<li>H\u00e4rtere Zeit in Situationen, die fr\u00fcher okay waren.<\/li>\n<li>Braucht mehr Unterst\u00fctzung.<\/li>\n<li>Hat ein sexuelles Verhalten, das \u00fcber normale Neugier hinausgeht.<\/li>\n<li>Spielt immer wieder mit dem Feuer.<\/li>\n<li>Grausamkeit gegen\u00fcber Tieren.<\/li>\n<li>Stimmen h\u00f6ren oder Dinge sehen.<\/li>\n<li>Konsumiert Drogen oder Alkohol.<\/li>\n<\/ul>\n<p>Wenn Sie ein Anliegen haben, holen Sie sich Hilfe und Unterst\u00fctzung. Vertrauen Sie Ihrem Bauchgef\u00fchl als Elternteil oder Betreuer.<\/p>\n\t<h3>Anzeichen einer Teenagerdepression<\/h3>\n<p>Depression ist eine Art psychischer Erkrankung.<\/p>\n<blockquote><p>20% der Jugendlichen im Alter von 12 bis 17 Jahren haben eine schwere depressive Episode erlebt, laut <a href=\"https:\/\/www.cdc.gov\/childrensmentalhealth\/features\/understanding-public-health-concern.html\" target=\"_blank\" rel=\"noopener\">CDC<\/a>.<\/p><\/blockquote>\n<p>Obwohl wir Depressionen oft mit Niedergeschlagenheit verbinden, ist dies nicht immer der Fall, insbesondere bei Kindern, Jugendlichen und jungen Erwachsenen. Depressionen sind mehr als nur schlechte Laune.<\/p>\n<p>Die Anzeichen einer Depression k\u00f6nnen sich mit zunehmendem Alter \u00e4ndern.<\/p>\n<p>Zu den Symptomen bei einem Kind mit Depressionen k\u00f6nnen beispielsweise folgende geh\u00f6ren:<\/p>\n<ul>\n<li>Angst<\/li>\n<li>launisch sein<\/li>\n<li>anh\u00e4nglich<\/li>\n<li>sich weigern, zur Schule zu gehen<\/li>\n<\/ul>\n<p>\u00c4ltere Kinder und Jugendliche k\u00f6nnen:<\/p>\n<ul>\n<li>in der Schule \u00c4rger bekommen<\/li>\n<li>leicht frustriert werden<\/li>\n<li>f\u00fchle mich unruhig<\/li>\n<li>ein geringes Selbstwertgef\u00fchl haben<\/li>\n<\/ul>\n<p>Junge Erwachsene k\u00f6nnen:<\/p>\n<ul>\n<li>gereizt sein<\/li>\n<li>eine negative Lebenseinstellung haben<\/li>\n<\/ul>\n<p>Wenn diese Gef\u00fchle die meiste Zeit \u00fcber mehrere Wochen anhalten und Sie sich nicht konzentrieren k\u00f6nnen oder Dinge nicht mehr tun k\u00f6nnen, die Ihnen fr\u00fcher Spa\u00df gemacht haben, ist es Zeit, sich Hilfe zu holen.<\/p>\n<h3>Fragen zur Erkennung einer Depression<\/h3>\n<p>Um Depressionen fr\u00fchzeitig zu erkennen und zu erkennen, <a href=\"https:\/\/www.nimh.nih.gov\/health\/publications\/teen-depression\" target=\"_blank\" rel=\"noopener\">Nationales Institut f\u00fcr psychische Gesundheit<\/a>\u00a0schl\u00e4gt vor, sich diese Fragen zu stellen.<\/p>\n<p>F\u00fchlt sich mein Kind oder f\u00fchle ich\u2026?<\/p>\n<ul>\n<li>Traurig, \u00e4ngstlich, wertlos oder \u201eleer\u201c?<\/li>\n<li>Desinteressiert an Aktivit\u00e4ten, die ich fr\u00fcher genossen habe?<\/li>\n<li>Leicht frustriert, w\u00fctend oder reizbar?<\/li>\n<li>Ich ziehe mich von Freunden und Familie zur\u00fcck?<\/li>\n<li>Dass es mir in der Schule nicht so gut geht?<\/li>\n<li>Meine t\u00e4glichen Ess- und Schlafgewohnheiten haben sich ge\u00e4ndert?<\/li>\n<li>M\u00fcde, ersch\u00f6pft oder haben Sie Ged\u00e4chtnisverlust erlebt?<\/li>\n<li>Als w\u00fcrde ich mir selbst Schaden zuf\u00fcgen oder Selbstmord begehen?<\/li>\n<\/ul>\n<p>Die Symptome k\u00f6nnen von Person zu Person unterschiedlich sein.<\/p>\n<p>Sie k\u00f6nnen einige oder nur wenige Symptome haben.<\/p>\n<p>Sprechen Sie bei Fragen mit einem ausgebildeten Fachmann. Rufen Sie 988 an, um sofort Hilfe zu erhalten.<\/p>\n\t<h2>Soziale Medien und psychische Gesundheit<\/h2>\n<p>Es besteht ein Zusammenhang zwischen Depressionen und wahrgenommener Isolation und Teenagern mit hoher Nutzung sozialer Medien.<\/p>\n<p>Hohe Internetnutzung und Internetsucht sind ebenfalls mit Selbstverletzung verbunden.<\/p>\n<blockquote><p>Jugendliche, die drei oder mehr Stunden pro Tag an einem elektronischen Ger\u00e4t verbringen, haben ein h\u00f6heres Risiko f\u00fcr Selbstmord, wie etwa das Erstellen von Pl\u00e4nen. Dies geht aus einer Studie hervor, die im <a href=\"https:\/\/journals.sagepub.com\/doi\/10.1177\/2167702617723376\" target=\"_blank\" rel=\"noopener\">Gesellschaft f\u00fcr Psychologie<\/a>.<\/p><\/blockquote>\n<p>Wenn Sie einen Teenager kennen, der davon spricht, sich selbst oder anderen Schaden zuzuf\u00fcgen, holen Sie sich sofort Hilfe. Rufen Sie 988 an oder schreiben Sie eine SMS. Sie k\u00f6nnen auch mit der 988 Suicide &amp; Crisis Lifeline chatten <a href=\"https:\/\/988lifeline.org\/chat\/\" target=\"_blank\" rel=\"noopener\">Englisch<\/a> oder <a href=\"https:\/\/988lifeline.org\/es\/chat\/\" target=\"_blank\" rel=\"noopener\">Spanisch<\/a>.<\/p>\n\t\t\t<a href=\"https:\/\/988lifeline.org\/chat\/\" target=\"_blank\" rel=\"noopener\">\n\t\t\t\t\t\t\tChatten Sie mit 988 (Englisch)\n\t\t\t\t\t<\/a>\n\t\t\t<a href=\"https:\/\/988lifeline.org\/es\/chat\/\" target=\"_blank\" rel=\"noopener\">\n\t\t\t\t\t\t\tChatten Sie mit 988 (Spanisch)\n\t\t\t\t\t<\/a>\n\t\t\t\t<img decoding=\"async\" src=\"https:\/\/211md.org\/wp-content\/uploads\/2024\/02\/teens-on-social-media.jpg\" alt=\"Jugendliche in den sozialen Medien\" itemprop=\"image\" height=\"800\" width=\"1200\" title=\"Jugendliche in den sozialen Medien\" onerror=\"this.style.display='none'\" loading=\"lazy\" \/>\n\t<h3>Warnsignale in sozialen Medien<\/h3>\n<p>\u00dcberwachen Sie die sozialen Medien und Online-Aktivit\u00e4ten eines Kindes.<\/p>\n<p>Kennen Sie die Warnsignale f\u00fcr psychische Belastungen. Dazu k\u00f6nnen Nachrichten geh\u00f6ren wie:<\/p>\n<ul>\n<li>\u201eIch kann nichts tun.\u201c 1TP5Dasselbe<\/li>\n<li>&quot;Ich hasse jeden.&quot;<\/li>\n<li>Ein weiterer Tag, an dem ich nicht zur Schule gehe.<\/li>\n<li>Negative Hashtags und Emojis wie #depressed und #cutting.<\/li>\n<li>Gerede \u00fcber den Wunsch zu sterben, intensive und dringende emotionale Verzweiflung, Verschenken pers\u00f6nlicher Gegenst\u00e4nde, Abschiednehmen.<\/li>\n<li>Impulsives Verhalten.<\/li>\n<li>Beitr\u00e4ge zu Schlaflosigkeit.<\/li>\n<\/ul>\n<p>Wenn Sie oder jemand, den Sie kennen, Anzeichen einer Krise zeigen, wenden Sie sich umgehend an einen ausgebildeten Fachmann, indem Sie 988 anrufen oder eine SMS senden.<\/p>\n\t\t\t\t<img decoding=\"async\" src=\"http:\/\/211md.org\/wp-content\/uploads\/2023\/04\/Parent-comforting-depressed-kid.png\" alt=\"eltern, die depressives kind tr\u00f6sten\" itemprop=\"image\" title=\"Elternteil tr\u00f6stet depressives Kind\" onerror=\"this.style.display='none'\" loading=\"lazy\" \/>\n\t<h2>Unterst\u00fctzung f\u00fcr Eltern<\/h2>\n<p>Sie wissen, was zu tun ist, wenn Ihr Kind Fieber oder eine Ohrenentz\u00fcndung hat, aber wie sieht es mit der Behandlung seiner psychischen Gesundheit aus? Sie k\u00f6nnen das Gleiche tun: Rufen Sie den Kinderarzt Ihres Kindes an.<\/p>\n<p>Sie k\u00f6nnen bei psychischen Problemen wie Angstzust\u00e4nden bei Teenagern, Depressionen, Essst\u00f6rungen, Traumata und mehr helfen.<\/p>\n<p>F\u00fchren Sie ein ehrliches Gespr\u00e4ch. Wenn der Kinderarzt keine Unterst\u00fctzung in der Praxis anbietet, kann er Sie und Ihr Kind \u00fcber das landesweite Unterst\u00fctzungssystem f\u00fcr psychische Gesundheit unterst\u00fctzen.<\/p>\n<h3>Sprechen Sie mit Ihrem Kinderarzt<\/h3>\n<p>Wie sprechen Sie also mit Ihrem Kinderarzt \u00fcber die psychische Gesundheit eines Kindes?<\/p>\n<p>Rufen Sie an, sprechen Sie mit dem B\u00fcro und bitten Sie um einen pers\u00f6nlichen oder Telemedizin-Termin. Bestimmen Sie, wer zu dem Termin gehen soll.<\/p>\n<p>Sollen beide Eltern\/Erziehungsberechtigten anwesend sein und soll das Kind zum Termin mitkommen?<\/p>\n\t<p>Die Mental Health Association of Maryland und Maryland Behavioral Health Integration in Pediatric Primary Care (BHIPP) haben ein Merkblatt mit Schritt-f\u00fcr-Schritt-Anleitungen f\u00fcr die Besprechung der psychischen Gesundheit eines Kindes mit Ihrem Arzt entwickelt.<\/p>\n<p>Das Merkblatt enth\u00e4lt detaillierte Fragen und Gespr\u00e4chspunkte, um das Gespr\u00e4ch zu beginnen und sicherzustellen, dass Ihr Kind die notwendige Hilfe erh\u00e4lt.<\/p>\n\t\t\t<a href=\"https:\/\/www.mhamd.org\/wp-content\/uploads\/2023\/02\/DiscussingYourChildsMentalHealthwithYourPrimaryCareProvider_factsheet_CMHMBHIPP_Jan2023.pdf\" target=\"_blank\" rel=\"noopener\">\n\t\t\t\t\t\t\tTippblatt herunterladen\n\t\t\t\t\t<\/a>\n\t<p>Dokumentieren Sie vor dem Termin Verhalten und Bedenken, damit Sie im Gespr\u00e4ch etwas als Referenz und konkrete Beispiele haben, die Sie besprechen k\u00f6nnen.<\/p>\n<p>Seien Sie in diesen Gespr\u00e4chen ehrlich und detailliert. Denken Sie daran: Sie sind nicht allein und es gibt Hilfe.<\/p>\n<p>Wenn das Gespr\u00e4ch schwierig ist, teilen Sie dies Ihrem Arzt mit.<\/p>\n<p>Denken Sie daran, dass Sie dieses Treffen abhalten, weil Ihnen das Kind sehr am Herzen liegt.<\/p>\n<p>Ihr Arzt kann das Kind an eine Vielzahl von Psychologen \u00fcberweisen, darunter:<\/p>\n<ul>\n<li>Psychiater<\/li>\n<li>psychiatrische Krankenschwester<\/li>\n<li>Sozialarbeiter<\/li>\n<li>lizenzierte Berufsberater<\/li>\n<li>Psychotherapeuten<\/li>\n<li>Neuropsychologen<\/li>\n<\/ul>\n<h3>\u00dcber BHIPP<\/h3>\n<p>Maryland Behavioral Integration in Pediatric Primary Care (BHIPP) arbeitet mit Kinder\u00e4rzten, Notfallmedizinern, Haus\u00e4rzten, Schulkrankenschwestern und anderen Gesundheitsfachkr\u00e4ften zusammen, um Teenager und Jugendliche zu unterst\u00fctzen.<\/p>\n<p>Spezialisten sind verf\u00fcgbar in Bereichen wie:<\/p>\n<ul>\n<li>Medikationsmanagement:<\/li>\n<li>Diagnoseprobleme<\/li>\n<li>Entwicklungsverz\u00f6gerungen<\/li>\n<li>Schul-\/Lernprobleme<\/li>\n<li>Autismus-Spektrum-St\u00f6rungen<\/li>\n<li>Trauma<\/li>\n<li>Psychische Gesundheit der fr\u00fchen Kindheit<\/li>\n<\/ul>\n<p><a href=\"https:\/\/mdbhipp.org\/telepsychiatry-access-program.html\" target=\"_blank\" rel=\"noopener\">Empfehlungen<\/a> werden \u00fcber einen Hausarzt gestellt.<\/p>\n\t<h2>Ressourcen zur psychischen Gesundheit f\u00fcr Jugendliche und Kinder<\/h2>\n<p>Es gibt verschiedene Ressourcen, um Jugendliche und Kinder bei ihrer psychischen Gesundheit zu unterst\u00fctzen.<\/p>\n<p>Wenn Sie oder jemand, den Sie kennen, sich in einer Krise befindet, rufen Sie 988 an, um sofortige Unterst\u00fctzung zu erhalten.<\/p>\n<p>Du kannst auch <a href=\"https:\/\/search.988.mdinfonet.org\/\" target=\"_blank\" rel=\"noopener\">Suche nach Beratungs- und Selbsthilfegruppen<\/a> in der staatlichen Datenbank zur Verhaltensgesundheit, betrieben vom Maryland Information Network.<\/p>\n<p>Es gibt auch ein jugendorientiertes SMS-Unterst\u00fctzungssystem. Jugendliche k\u00f6nnen sich anmelden\u00a0<a href=\"https:\/\/211md.org\/de\/about\/textnachrichten\/mdyoungminds\/\">MDYoungMinds<\/a>. Es bietet unterst\u00fctzende Textnachrichten. Diese k\u00f6nnen Ressourcen zu Depressionen, psychischer Gesundheit von Teenagern und Heranwachsenden und Unterst\u00fctzungsprogrammen umfassen.<\/p>\n<h3>Maryland-Koalition der Familien<\/h3>\n<p>Sie k\u00f6nnen auch Unterst\u00fctzung von Organisationen wie der Maryland Coalition of Families erhalten. Diese unterst\u00fctzen die psychische Gesundheit von Kindern und k\u00f6nnen Ihnen helfen, sich in den Angeboten in der Schule und in der Gemeinde zurechtzufinden. Gleichzeitig setzen sie sich in jeder Entwicklungsphase f\u00fcr Ihr Kind ein.<\/p>\n<p>Laden Sie das Family Resource Kit \u201eChildren&#039;s Health Matters\u201c herunter <a href=\"https:\/\/www.childrensmentalhealthmatters.org\/files\/2021\/03\/CMHM-Family-Resource-Kit-2021.pdf\" target=\"_blank\" rel=\"noopener\">Englisch<\/a> oder <a href=\"https:\/\/www.childrensmentalhealthmatters.org\/files\/2021\/07\/CMHM-Family-Resource-Kit-2021_ES.pdf\" target=\"_blank\" rel=\"noopener\">Spanisch<\/a>. Es handelt sich um einen umfassenden Leitfaden zu Symptomen und Anzeichen der psychischen Gesundheit und bietet gleichzeitig Behandlungsoptionen und Unterst\u00fctzung in Maryland.<\/p>\n<p>Durch die Maryland Coalition of Families <a href=\"https:\/\/www.mdcoalition.org\/who-we-help\/youth-helping-youth\/\" target=\"_blank\" rel=\"noopener\">Flug nehmen<\/a> Im Rahmen des Programms k\u00f6nnen Jugendliche auch mit Gleichaltrigen in Kontakt treten, die ein psychisches Problem oder ein Trauma erlebt haben.<\/p>\n<h3>Vereinigung f\u00fcr psychische Gesundheit<\/h3>\n<p>Die Mental Health Association of Maryland hat auch detaillierte Informationen f\u00fcr <a href=\"https:\/\/www.mhamd.org\/information-and-help\/children-and-youth\/signs-and-symptoms\/\" target=\"_blank\" rel=\"noopener\">spezifische psychische Erkrankungen<\/a> und Ressourcen, die helfen k\u00f6nnen.<\/p>\n<h2>\n\t\t\t\u00c4hnliche Informationen\t<\/h2>\n\t\t<h4><a href=\"\/de\/ressourcen\/alterungsbehinderung\/\" target=\"_self\">Alter &amp; Behinderung<\/a><\/h4>\n\t\t\t\t<a href=\"\/de\/ressourcen\/alterungsbehinderung\/\"  target=\"_self\" itemprop=\"url\">\n\t\t\t\t<img decoding=\"async\" src=\"https:\/\/211md.org\/wp-content\/uploads\/bb-plugin\/cache\/2025_MdInfoNet_Icon-Sets_Aging-disability-square-c466727102cae71e5f27b8539bb51945-.png\" alt=\"2025_MdInfoNet_Icon Sets_Altern-Behinderung\" itemprop=\"image\" title=\"2025_MdInfoNet_Icon Sets_Altern-Behinderung\" onerror=\"this.style.display='none'\" loading=\"lazy\" \/>\n\t\t\t\t<\/a>\n\t\t<h4><a href=\"https:\/\/211md.org\/de\/ressourcen\/kinder-familien\/\" target=\"_blank\" rel=\"noopener\">Kinder &amp; Familien<\/a><\/h4>\n\t\t\t\t<a href=\"https:\/\/211md.org\/de\/ressourcen\/kinder-familien\/\" target=\"_blank\" rel=\"noopener\" itemprop=\"url\">\n\t\t\t\t<img decoding=\"async\" src=\"https:\/\/211md.org\/wp-content\/uploads\/bb-plugin\/cache\/2025_211_Icon-Sets_Child-care-square-a8953c7678f51ed443764342b64ee948-.png\" alt=\"2025_211_Icon Sets_Kinderbetreuung\" itemprop=\"image\" title=\"2025_211_Icon Sets_Kinderbetreuung\" onerror=\"this.style.display='none'\" loading=\"lazy\" \/>\n\t\t\t\t<\/a>\n\t\t<h4><a href=\"\/de\/ressourcen\/hausliche-familiare-gewalt\/\" target=\"_self\">H\u00e4usliche Gewalt<\/a><\/h4>\n\t\t\t\t<a href=\"\/de\/ressourcen\/hausliche-familiare-gewalt\/\"  target=\"_self\" itemprop=\"url\">\n\t\t\t\t<img decoding=\"async\" src=\"https:\/\/211md.org\/wp-content\/uploads\/bb-plugin\/cache\/2025_211_Icon-Sets_Domestic-Violence-square-e6e48b12d9d44dadd394e0d40debfd96-.png\" alt=\"Symbol f\u00fcr h\u00e4usliche Gewalt\" itemprop=\"image\" title=\"2025_211_Icon Sets_H\u00e4usliche Gewalt\" onerror=\"this.style.display='none'\" loading=\"lazy\" \/>\n\t\t\t\t<\/a>\n\t\t<h4><a href=\"\/de\/ressourcen\/arbeitssuche\/\" target=\"_self\">Besch\u00e4ftigung<\/a><\/h4>\n\t\t\t\t<a href=\"\/de\/ressourcen\/arbeitssuche\/\"  target=\"_self\" itemprop=\"url\">\n\t\t\t\t<img decoding=\"async\" src=\"https:\/\/211md.org\/wp-content\/uploads\/bb-plugin\/cache\/2025_MdInfoNet_Icon-Sets_Employment-square-44707bd410e4df10a470bf130ebcea86-.png\" alt=\"2025_MdInfoNet_Icon Sets_Besch\u00e4ftigung\" itemprop=\"image\" title=\"2025_MdInfoNet_Icon Sets_Besch\u00e4ftigung\" onerror=\"this.style.display='none'\" loading=\"lazy\" \/>\n\t\t\t\t<\/a>\n\t\t<h4><a href=\"\/de\/ressourcen\/gesundheitswesen\/\" target=\"_self\">Gesundheitsvorsorge<\/a><\/h4>\n\t\t\t\t<a href=\"\/de\/ressourcen\/gesundheitswesen\/\"  target=\"_self\" itemprop=\"url\">\n\t\t\t\t<img decoding=\"async\" src=\"https:\/\/211md.org\/wp-content\/uploads\/bb-plugin\/cache\/2025_MdInfoNet_Icon-Sets_Health-Care-square-dee98a0060cbe0e7f27eda253fc12679-.png\" alt=\"2025_MdInfoNet_Icon Sets_Gesundheitswesen\" itemprop=\"image\" title=\"2025_MdInfoNet_Icon Sets_Gesundheitswesen\" onerror=\"this.style.display='none'\" loading=\"lazy\" \/>\n\t\t\t\t<\/a>\n\t\t<h4><a href=\"\/de\/ressourcen\/kinder-familien\/verwandtschaftspflege\/\" target=\"_self\">Verwandtschaft<\/a><\/h4>\n\t\t\t\t<a href=\"\/de\/ressourcen\/kinder-familien\/verwandtschaftspflege\/\"  target=\"_self\" itemprop=\"url\">\n\t\t\t\t<img decoding=\"async\" src=\"https:\/\/211md.org\/wp-content\/uploads\/bb-plugin\/cache\/2025_211_Icon-Sets_Kinship-square-21d4c353354c53c083c80118abb066f2-.png\" alt=\"Verwandtschaftssymbol\" itemprop=\"image\" title=\"2025_211_Icon Sets_Verwandtschaft\" onerror=\"this.style.display='none'\" loading=\"lazy\" \/>\n\t\t\t\t<\/a>\n\t\t<h4><a href=\"\/de\/ressourcen\/rechtsberatung\/\" target=\"_self\">Rechtsberatung<\/a><\/h4>\n\t\t\t\t<a href=\"\/de\/ressourcen\/rechtsberatung\/\"  target=\"_self\" itemprop=\"url\">\n\t\t\t\t<img decoding=\"async\" src=\"https:\/\/211md.org\/wp-content\/uploads\/bb-plugin\/cache\/2025_MdInfoNet_Icon-Sets_Legal-square-18fdf438feb8435588174d9046463257-.png\" alt=\"2025_MdInfoNet_Icon Sets_Legal\" itemprop=\"image\" title=\"2025_MdInfoNet_Icon Sets_Legal\" onerror=\"this.style.display='none'\" loading=\"lazy\" \/>\n\t\t\t\t<\/a>\n\t\t<h4><a href=\"\/de\/ressourcen\/psychische-gesundheit\/\" target=\"_self\">Psychische Gesundheit<\/a><\/h4>\n\t\t\t\t<a href=\"\/de\/ressourcen\/psychische-gesundheit\/\"  target=\"_self\" itemprop=\"url\">\n\t\t\t\t<img decoding=\"async\" src=\"https:\/\/211md.org\/wp-content\/uploads\/bb-plugin\/cache\/2025_MdInfoNet_Icon-Sets_Mental-Health-square-c59b38c4a993a947d4c9280fbe2d2fee-.png\" alt=\"2025_MdInfoNet_Icon Sets_Psychische Gesundheit\" itemprop=\"image\" title=\"2025_MdInfoNet_Icon Sets_Psychische Gesundheit\" onerror=\"this.style.display='none'\" loading=\"lazy\" \/>\n\t\t\t\t<\/a>\n\t\t<h4><a href=\"\/de\/ressourcen\/mdreentry\/\" target=\"_self\">Wiedereintritt<\/a><\/h4>\n\t\t\t\t<a href=\"\/de\/ressourcen\/mdreentry\/\"  target=\"_self\" itemprop=\"url\">\n\t\t\t\t<img decoding=\"async\" src=\"https:\/\/211md.org\/wp-content\/uploads\/bb-plugin\/cache\/2025_211_Icon-Sets_Reentry-square-f36b65d903a62fd4c3819ff05988ca60-.png\" alt=\"Symbol \u201eWiedereintritt\u201c\" itemprop=\"image\" title=\"2025_211_Icon Sets_Wiedereintritt\" onerror=\"this.style.display='none'\" loading=\"lazy\" \/>\n\t\t\t\t<\/a>\n\t\t<h4><a href=\"\/de\/ressourcen\/substanzgebrauch\/\" target=\"_self\">Substanzgebrauch<\/a><\/h4>\n\t\t\t\t<a href=\"\/de\/ressourcen\/substanzgebrauch\/\"  target=\"_self\" itemprop=\"url\">\n\t\t\t\t<img decoding=\"async\" src=\"https:\/\/211md.org\/wp-content\/uploads\/bb-plugin\/cache\/2025_MdInfoNet_Icon-Sets_Substance-Abuse-square-9022fec9d18a64118ad685c101885b55-.png\" alt=\"2025_MdInfoNet_Icon Sets_Substance Abuse\" itemprop=\"image\" title=\"2025_MdInfoNet_Icon Sets_Substance Abuse\" onerror=\"this.style.display='none'\" loading=\"lazy\" \/>\n\t\t\t\t<\/a>\n\t\t<h4><a href=\"\/de\/ressourcen\/veteranen\/\" target=\"_self\">Veteranen<\/a><\/h4>\n\t\t\t\t<a href=\"\/de\/ressourcen\/veteranen\/\"  target=\"_self\" itemprop=\"url\">\n\t\t\t\t<img decoding=\"async\" src=\"https:\/\/211md.org\/wp-content\/uploads\/bb-plugin\/cache\/2025_MdInfoNet_Icon-Sets_Rating-square-6e60d00cce4faa8e0a6d4ad7366aa733-.png\" alt=\"2025_MdInfoNet_Icon Sets_Bewertung\" itemprop=\"image\" title=\"2025_MdInfoNet_Icon Sets_Bewertung\" onerror=\"this.style.display='none'\" loading=\"lazy\" \/>\n\t\t\t\t<\/a>","protected":false},"excerpt":{"rendered":"<p>Standard\u00fcberschrift der Seite: Wenn Jugendliche psychisch gesund sind, k\u00f6nnen sie die emotionalen H\u00f6hen und Tiefen, die mit der Erkundung ihrer Welt einhergehen, gut bew\u00e4ltigen. Bei psychischen Problemen gibt es Hilfe. Erfahren Sie, wie Sie die Jugendlichen in Ihrem Leben unterst\u00fctzen k\u00f6nnen. Erste Schritte: Hilfe bei psychischen Problemen f\u00fcr Jugendliche finden Die richtige Unterst\u00fctzung zur richtigen Zeit kann\u2026<\/p>","protected":false},"author":7,"featured_media":4018,"parent":836,"menu_order":0,"comment_status":"closed","ping_status":"closed","template":"","meta":{"footnotes":""},"class_list":["post-3758","page","type-page","status-publish","has-post-thumbnail","hentry"],"_links":{"self":[{"href":"https:\/\/211md.org\/de\/wp-json\/wp\/v2\/pages\/3758","targetHints":{"allow":["GET"]}}],"collection":[{"href":"https:\/\/211md.org\/de\/wp-json\/wp\/v2\/pages"}],"about":[{"href":"https:\/\/211md.org\/de\/wp-json\/wp\/v2\/types\/page"}],"author":[{"embeddable":true,"href":"https:\/\/211md.org\/de\/wp-json\/wp\/v2\/users\/7"}],"replies":[{"embeddable":true,"href":"https:\/\/211md.org\/de\/wp-json\/wp\/v2\/comments?post=3758"}],"version-history":[{"count":4,"href":"https:\/\/211md.org\/de\/wp-json\/wp\/v2\/pages\/3758\/revisions"}],"predecessor-version":[{"id":33832,"href":"https:\/\/211md.org\/de\/wp-json\/wp\/v2\/pages\/3758\/revisions\/33832"}],"up":[{"embeddable":true,"href":"https:\/\/211md.org\/de\/wp-json\/wp\/v2\/pages\/836"}],"wp:featuredmedia":[{"embeddable":true,"href":"https:\/\/211md.org\/de\/wp-json\/wp\/v2\/media\/4018"}],"wp:attachment":[{"href":"https:\/\/211md.org\/de\/wp-json\/wp\/v2\/media?parent=3758"}],"curies":[{"name":"wp","href":"https:\/\/api.w.org\/{rel}","templated":true}]}}