{"id":4075,"date":"2024-06-17T08:03:13","date_gmt":"2024-06-17T12:03:13","guid":{"rendered":"https:\/\/211md.org\/?page_id=4075"},"modified":"2026-01-21T13:08:57","modified_gmt":"2026-01-21T18:08:57","slug":"mdreentry","status":"publish","type":"page","link":"https:\/\/211md.org\/de\/resources\/mdreentry\/","title":{"rendered":"Wiedereintritt in Maryland"},"content":{"rendered":"<h2>Verbinden Sie sich mit Reentry-Ressourcen<\/h2>\n<p>Willkommen auf Marylands neuer, zentraler Ressourcenseite zur Unterst\u00fctzung von Inhaftierten und ehemaligen H\u00e4ftlingen sowie deren Familien. Finden Sie die Informationen und Ressourcen, die Sie brauchen und verdienen.<\/p>\n<p>&nbsp;<\/p>\n\t\t<h3>\t\n\tTextwiederholung an 898-211<\/h3><p>Melden Sie sich f\u00fcr Textnachrichten mit Informationen zur Wiedereinreise, Diensten, Programmen und Veranstaltungen an.<\/p>\n<p><em>Mobilnutzer k\u00f6nnen auch auf die Schaltfl\u00e4che unten klicken, um sich per SMS anzumelden.*<\/em><\/p>\n\t\t\t<a href=\"sms:\/\/898-211;?&#038;body=Reentry\"  target=\"_self\">\n\t\t\t\t\t\t\tMelden Sie sich an\n\t\t\t\t\t<\/a>\n\t<p><em>*Maryland Information Network 211 Maryland Inc. bietet SMS-Benachrichtigungsprogramme mit regionsspezifischen Ressourceninformationen oder Katastrophenwarnungen an. Es k\u00f6nnen Geb\u00fchren f\u00fcr Nachrichten und Daten anfallen, und die Nachrichtenh\u00e4ufigkeit kann variieren. F\u00fcr Hilfe senden Sie bitte eine SMS mit dem Text \u201eHELP\u201c. Um sich abzumelden, senden Sie bitte eine SMS mit dem Text \u201eSTOP\u201c an dieselbe Nummer. Die vollst\u00e4ndigen SMS-Bedingungen finden Sie unter <a href=\"https:\/\/211md.org\/de\/sms\/\">https:\/\/211md.org\/sms\/<\/a> wird auch gelten.\u00a0<\/em><\/p>\n<figure itemscope itemtype=\"https:\/\/schema.org\/ImageObject\">\n\t\t\t\t<img decoding=\"async\" src=\"http:\/\/211md.org\/wp-content\/uploads\/2024\/06\/Department-of-Public-Safety-and-Corrections.png\" alt=\"Ministerium f\u00fcr \u00f6ffentliche Sicherheit und Strafvollzug\" title=\"Ministerium f\u00fcr \u00f6ffentliche Sicherheit und Strafvollzug\" onerror=\"this.style.display='none'\" loading=\"lazy\" \/>\n\t<\/figure>\n<figure itemscope itemtype=\"https:\/\/schema.org\/ImageObject\">\n\t\t\t\t<img decoding=\"async\" src=\"http:\/\/211md.org\/wp-content\/uploads\/2025\/05\/211-MIN_Logo-rgb.svg\" alt=\"211 MIN Logofarbe\" height=\"310\" width=\"1366\" title=\"211-MIN_Logo-rgb\" onerror=\"this.style.display='none'\" loading=\"lazy\" \/>\n\t<\/figure>\n\t<h2>Suche nach Wiedereintrittsressourcen<\/h2>\n<h3><em>Erste landesweite Datenbank ihrer Art zur Wiedereingliederung von Ressourcen in Maryland<\/em><\/h3>\n\tFinden Sie Wiedereingliederungsressourcen nach Postleitzahl.<br \/>\nDiese Ressourcen werden von vertrauensw\u00fcrdigen Organisationen gepr\u00fcft, deren Ziel es ist, die \u00f6ffentliche Sicherheit und das Wohlbefinden zu erh\u00f6hen und die R\u00fcckfallquote zu senken.\n\t\t\t<a href=\"https:\/\/search.211md.org\/search?filters%5Bspecial_populations%5D%5B0%5D=Justice%20Involvement\"  target=\"_blank\" rel=\"noopener\">\n\t\t\t\t\t\t\tSuchen\n\t\t\t\t\t<\/a>\n\t\t<h2>\t\n\tW\u00e4hlen Sie 211<\/h2><p>Erhalten Sie rund um die Uhr an 365 Tagen im Jahr Zugang zu Besch\u00e4ftigungs- und Community-Ressourcen.<\/p>\n\t<h2>Besch\u00e4ftigung f\u00fcr Justizbeteiligte<\/h2>\n<p>Organisationen in Maryland unterst\u00fctzen Justizbeteiligte bei der Arbeitssuche, damit sie f\u00fcr sich und ihre Familien Unabh\u00e4ngigkeit und Erfolg erreichen k\u00f6nnen. Einige Unternehmen engagieren sich daf\u00fcr, ehemaligen H\u00e4ftlingen eine zweite Chance zu geben, indem sie sie einstellen.<\/p>\n<p>Informieren Sie sich \u00fcber die verf\u00fcgbaren Hilfsprogramme f\u00fcr ehemalige H\u00e4ftlinge.<\/p>\n<h3>Wiedereintrittsnavigator<\/h3>\n<p>Im Rahmen eines Entlassungsprogramms aus dem Gef\u00e4ngnis haben Sie m\u00f6glicherweise einen Reentry Navigator kennengelernt. Sie k\u00f6nnen einen Reentry Navigator vor, w\u00e4hrend oder nach Ihrer Entlassung erreichen.<\/p>\n<p>Sie k\u00f6nnen mit Informationen und Ressourcen zu folgenden Themen helfen:<\/p>\n<ul>\n<li>Besch\u00e4ftigungsm\u00f6glichkeiten<\/li>\n<li>Berufsf\u00e4higkeiten<\/li>\n<li>Berufsberatung<\/li>\n<li>Workshops zur L\u00f6schung von Vorstrafen<\/li>\n<li>gemeinschaftliche Unterst\u00fctzung<\/li>\n<\/ul>\n<p>Sie k\u00f6nnen Sie auch mit einem American Job Center und seinen Unterst\u00fctzungsdiensten in Verbindung bringen.<\/p>\n<p>Diese Navigatoren sind in ganz Maryland verf\u00fcgbar. Finden Sie einen <a href=\"https:\/\/www.dllr.state.md.us\/employment\/reentry.shtml\" target=\"_blank\" rel=\"noopener\">Wiedereintrittsnavigator<\/a> nahe bei dir.<\/p>\n<figure itemscope itemtype=\"https:\/\/schema.org\/ImageObject\">\n\t\t\t\t<img decoding=\"async\" src=\"https:\/\/211md.org\/wp-content\/plugins\/bb-plugin\/img\/pixel.png\" alt=\"\" onerror=\"this.style.display='none'\" loading=\"lazy\" \/>\n\t<\/figure>\n<figure itemscope itemtype=\"https:\/\/schema.org\/ImageObject\">\n\t\t\t\t<img decoding=\"async\" src=\"http:\/\/211md.org\/wp-content\/uploads\/2024\/06\/Job-training-in-a-warehouse.jpg\" alt=\"Ausbildung im Lager\" title=\"Ausbildung im Lager\" onerror=\"this.style.display='none'\" loading=\"lazy\" \/>\n\t<\/figure>\n\t<h3>Marylands amerikanische Jobcenter<\/h3>\n<p>Hilfe erhalten Sie auch bei allen American Job Centers in Maryland. Sie k\u00f6nnen kostenlose Unterst\u00fctzung bei arbeitsbezogenen Dienstleistungen leisten, wie zum Beispiel:<\/p>\n<ul>\n<li>Berufserkundung<\/li>\n<li>Empfehlungen zu Schulungsprogrammen<\/li>\n<li>Vermittlungsleistungen<\/li>\n<li>Lebenslauf-Vorbereitung<\/li>\n<li>Workshops zu beruflichen Fertigkeiten<\/li>\n<li>Arbeitsbereitschaft<\/li>\n<\/ul>\n<p><a href=\"https:\/\/www.dllr.state.md.us\/county\/\" target=\"_blank\" rel=\"noopener\">Finden Sie einen in Ihrer N\u00e4he<\/a>!<\/p>\n\t<h2>Trotz Vorstrafe einen Job finden<\/h2>\n<p>Neben den amerikanischen Job Centern <a href=\"https:\/\/mwejobs.maryland.gov\/vosnet\/default.aspx\" target=\"_blank\" rel=\"noopener\">Maryland Workforce Exchange<\/a> (MWE) kann ehemaligen H\u00e4ftlingen bei der R\u00fcckkehr ins Berufsleben mit arbeitsbezogenen Belangen helfen.<\/p>\n<p>MWE ist eine zentrale Ressource f\u00fcr Stellenangebote in Maryland, kann aber auch bei diesen Arbeitsvermittlungsdiensten helfen:<\/p>\n<ul>\n<li><a href=\"https:\/\/mwejobs.maryland.gov\/vosnet\/JobBanks\/JobSearchCriteriaQuick.aspx\" target=\"_blank\" rel=\"noopener\">nach Jobs suchen<\/a><\/li>\n<li><a href=\"https:\/\/mwejobs.maryland.gov\/vosnet\/loginintro.aspx?action=resumes&amp;plang=E\" target=\"_blank\" rel=\"noopener\">Erstellen Sie einen Lebenslauf<\/a><\/li>\n<li><a href=\"https:\/\/mwejobs.maryland.gov\/vosnet\/MenuLandingPage.aspx?enc=+7ijYqb\/pbmrM\/FoEheZYzKCHV+pK2S8fEZwdY+SZUI=\" target=\"_blank\" rel=\"noopener\">Karriereservices nutzen<\/a><\/li>\n<li><a href=\"https:\/\/mwejobs.maryland.gov\/vosnet\/default.aspx\" target=\"_blank\" rel=\"noopener\">finden Sie Lehrg\u00e4nge und Schulungen<\/a><\/li>\n<\/ul>\n<p>Nutzen Sie die MWE-Tools, wenn Sie qualifiziert und \u201ebereit f\u00fcr den Beruf\u201c sind. MWE bringt Arbeitnehmer und Arbeitgeber zusammen, die ehemalige Straft\u00e4ter einstellen m\u00f6chten, die auf der Suche nach einem Job sind.<\/p>\n<p>Erfahren Sie mehr \u00fcber andere Programme zur Berufsvorbereitung auf <a href=\"https:\/\/211md.org\/de\/ressourcen\/arbeitssuche\/\">Allgemeine Besch\u00e4ftigungsseite von 211<\/a>.<\/p>\n<h3>Unternehmen, die sich f\u00fcr zweite Chancen engagieren<\/h3>\n<p>Ehemalige H\u00e4ftlinge k\u00f6nnen sich auch an Unternehmen wenden, die Justizbeteiligten eine zweite Chance geben m\u00f6chten. <a href=\"https:\/\/secondchancebusinesscoalition.org\/about\" target=\"_blank\" rel=\"noopener\">Dies ist eine Liste der Mitglieder der Second Chance Business Coalition<\/a>. Gro\u00dfe Unternehmen des privaten Sektors bieten die M\u00f6glichkeit der Nachbesch\u00e4ftigung. Ehemalige Straft\u00e4ter k\u00f6nnen sich erkundigen, ob eines dieser Unternehmen Stellenangebote hat.<\/p>\n<p>In Maryland, <a href=\"https:\/\/secondchancebusinesscoalition.org\/find-partners?production_partnerOrganization%5Bmenu%5D%5Blocation.state%5D=Maryland\" target=\"_blank\" rel=\"noopener\">Dies ist eine Liste<\/a> der Partner der Second Chance Business Coalition.<\/p>\n<p>Return Home Baltimore\u00ae bietet auch eine <a href=\"https:\/\/returnhome.org\/services\/job-opportunities\" target=\"_blank\" rel=\"noopener\">Liste der Stellenangebote<\/a> f\u00fcr zur\u00fcckkehrende Einwohner von Baltimore.<\/p>\n<h3>F\u00fcr Arbeitgeber<\/h3>\n<p>Es gibt auch Programme, die Arbeitgebern helfen, die ehemalige H\u00e4ftlinge einstellen m\u00f6chten, wie zum Beispiel das\u00a0<a href=\"https:\/\/www.dllr.state.md.us\/employment\/wotc.shtml\" target=\"_blank\" rel=\"noopener\">Steuergutschrift f\u00fcr Arbeitsgelegenheiten<\/a> und das\u00a0<a href=\"https:\/\/www.unicor.gov\/Inmate_Bonding.aspx\" target=\"_blank\" rel=\"noopener\">Bundesprogramm f\u00fcr Vertrauensanleihen<\/a> f\u00fcr die Einstellung ehemaliger Bundesgefangener.<\/p>\n<h2>Hilfe zur L\u00f6schung<\/h2>\n<p>Anw\u00e4lte k\u00f6nnen ehemaligen H\u00e4ftlingen bei der L\u00f6schung ihrer Haftstrafen helfen. Dabei handelt es sich um ein Gerichtsverfahren, bei dem Sie die Versiegelung oder Vernichtung fr\u00fcherer Aufzeichnungen beantragen.<\/p>\n<p>Maryland Legal Aid veranstaltet w\u00f6chentlich und monatlich Beratungsgespr\u00e4che im ganzen Staat, um berechtigten Personen bei verschiedenen Rechtsfragen, einschlie\u00dflich der L\u00f6schung von Vorstrafen, zu helfen. Die Beratungsgespr\u00e4che sind kostenlos und werden von Maryland Legal Aid, Pro-Bono-Anw\u00e4lten, Rechtsanwaltsgehilfen, Verwaltungspersonal und Jurastudenten betreut.\u00a0 <a href=\"https:\/\/www.mdlab.org\/free-legal-clinics\/\" target=\"_blank\" rel=\"noopener\">Suchen Sie nach einer Klinik in Ihrer N\u00e4he<\/a>. Einige dieser Kliniken konzentrieren sich ausschlie\u00dflich auf die L\u00f6schung von Vorstrafen, in anderen F\u00e4llen geht es um eine Vielzahl von Rechtsfragen, zu denen auch die L\u00f6schung geh\u00f6ren kann.<\/p>\n\t<h2>Gemeinschaftliche Unterst\u00fctzung<\/h2>\n\t<p>Ministerium f\u00fcr \u00f6ffentliche Sicherheit und Strafvollzug (DPSCS) \u2013 <a href=\"https:\/\/www.dpscs.state.md.us\/index.shtml\" target=\"_blank\" rel=\"noopener\">Alle Studieng\u00e4nge<\/a><\/p>\n<p>DPSCS \u2013 <a href=\"https:\/\/www.dpscs.state.md.us\/agencies\/ci.shtml\" target=\"_blank\" rel=\"noopener\">Gemeinschaftsinvestitionsprogramme<\/a> (wie Wiedereintritt)<\/p>\n<p><a href=\"https:\/\/search.211md.org\/search?query=DPSCS&amp;query_label=Reentry%20Services&amp;query_type=taxonomy\" target=\"_blank\" rel=\"noopener\">211 Wiedereingliederungsressourcen<\/a><\/p>\n<p><a href=\"https:\/\/returnhome.org\/\" target=\"_blank\" rel=\"noopener\">R\u00fcckkehr nach Baltimore<\/a><\/p>\n<p><a href=\"https:\/\/www.princegeorgescountymd.gov\/community\/health--human-services\/health-services\/programs--services\/behavioral-health\/the-bridge-center-at-adams-house\" target=\"_blank\" rel=\"noopener\">Bridge Center bei Adam&#039;s House<\/a> (Prince George\u2019s County)<\/p>\n<p>&nbsp;<\/p>\n\t\t<h4><a href=\"\/de\/ressourcen\/alterungsbehinderung\/?utm_source=Home&#038;utm_medium=Referral&#038;utm_campaign=211Resources&#038;utm_content=Aging\" target=\"_self\">Alter &amp; Behinderung<\/a><\/h4><figure itemscope itemtype=\"https:\/\/schema.org\/ImageObject\">\n\t\t\t\t<a href=\"\/de\/ressourcen\/alterungsbehinderung\/?utm_source=Home&#038;utm_medium=Referral&#038;utm_campaign=211Resources&#038;utm_content=Aging\"  target=\"_self\" itemprop=\"url\">\n\t\t\t\t<img decoding=\"async\" src=\"https:\/\/211md.org\/wp-content\/uploads\/bb-plugin\/cache\/2025_MdInfoNet_Icon-Sets_Aging-disability-square-c466727102cae71e5f27b8539bb51945-.png\" alt=\"\" onerror=\"this.style.display='none'\" loading=\"lazy\" \/>\n\t\t\t\t<\/a>\n\t<\/figure>\n\t\t<h4><a href=\"\/de\/ressourcen\/kinder-familien\/?utm_source=Home&#038;utm_medium=Referral&#038;utm_campaign=211Resources&#038;utm_content=Children\" target=\"_self\">Kinder &amp; Familien<\/a><\/h4><figure itemscope itemtype=\"https:\/\/schema.org\/ImageObject\">\n\t\t\t\t<a href=\"\/de\/ressourcen\/kinder-familien\/?utm_source=Home&#038;utm_medium=Referral&#038;utm_campaign=211Resources&#038;utm_content=Children\"  target=\"_self\" itemprop=\"url\">\n\t\t\t\t<img decoding=\"async\" src=\"https:\/\/211md.org\/wp-content\/uploads\/bb-plugin\/cache\/2025_211_Icon-Sets_Child-care-square-f3b0d4edab3dcc467fadb5f55f4064c6-.png\" alt=\"parent and child icon for child care\" height=\"417\" width=\"417\" title=\"2025_211_Icon Sets_Kinderbetreuung\" onerror=\"this.style.display='none'\" loading=\"lazy\" \/>\n\t\t\t\t<\/a>\n\t<\/figure>\n\t\t<h4><a href=\"\/de\/ressourcen\/hausliche-familiare-gewalt\/?utm_source=Home&#038;utm_medium=Referral&#038;utm_campaign=211Resources&#038;utm_content=Domestic\" target=\"_self\">H\u00e4usliche Gewalt<\/a><\/h4><figure itemscope itemtype=\"https:\/\/schema.org\/ImageObject\">\n\t\t\t\t<a href=\"\/de\/ressourcen\/hausliche-familiare-gewalt\/?utm_source=Home&#038;utm_medium=Referral&#038;utm_campaign=211Resources&#038;utm_content=Domestic\"  target=\"_self\" itemprop=\"url\">\n\t\t\t\t<img decoding=\"async\" src=\"https:\/\/211md.org\/wp-content\/uploads\/bb-plugin\/cache\/2025_211_Icon-Sets_Domestic-Violence-square-7b597694a6f05fe90cdc376aa573bc63-.png\" alt=\"House with a heart in the middle icon\" height=\"417\" width=\"417\" title=\"2025_211_Icon Sets_H\u00e4usliche Gewalt\" onerror=\"this.style.display='none'\" loading=\"lazy\" \/>\n\t\t\t\t<\/a>\n\t<\/figure>\n\t\t<h4><a href=\"\/de\/ressourcen\/arbeitssuche\/?utm_source=Home&#038;utm_medium=Referral&#038;utm_campaign=211Resources&#038;utm_content=Employment\" target=\"_self\">Besch\u00e4ftigung<\/a><\/h4><figure itemscope itemtype=\"https:\/\/schema.org\/ImageObject\">\n\t\t\t\t<a href=\"\/de\/ressourcen\/arbeitssuche\/?utm_source=Home&#038;utm_medium=Referral&#038;utm_campaign=211Resources&#038;utm_content=Employment\"  target=\"_self\" itemprop=\"url\">\n\t\t\t\t<img decoding=\"async\" src=\"https:\/\/211md.org\/wp-content\/uploads\/bb-plugin\/cache\/2025_MdInfoNet_Icon-Sets_Employment-square-44707bd410e4df10a470bf130ebcea86-.png\" alt=\"\" onerror=\"this.style.display='none'\" loading=\"lazy\" \/>\n\t\t\t\t<\/a>\n\t<\/figure>\n\t\t<h4><a href=\"\/de\/ressourcen\/gesundheitswesen\/?utm_source=Home&#038;utm_medium=Referral&#038;utm_campaign=211Resources&#038;utm_content=Health%20Care\" target=\"_self\">Gesundheitsvorsorge<\/a><\/h4><figure itemscope itemtype=\"https:\/\/schema.org\/ImageObject\">\n\t\t\t\t<a href=\"\/de\/ressourcen\/gesundheitswesen\/?utm_source=Home&#038;utm_medium=Referral&#038;utm_campaign=211Resources&#038;utm_content=Health%20Care\"  target=\"_self\" itemprop=\"url\">\n\t\t\t\t<img decoding=\"async\" src=\"https:\/\/211md.org\/wp-content\/uploads\/bb-plugin\/cache\/2025_MdInfoNet_Icon-Sets_Health-Care-square-dee98a0060cbe0e7f27eda253fc12679-.png\" alt=\"\" onerror=\"this.style.display='none'\" loading=\"lazy\" \/>\n\t\t\t\t<\/a>\n\t<\/figure>\n\t\t<h4><a href=\"\/de\/ressourcen\/kinder-familien\/verwandtschaftspflege\/?utm_source=Home&#038;utm_medium=Referral&#038;utm_campaign=211Resources&#038;utm_content=Kinship\" target=\"_self\">Verwandtschaft<\/a><\/h4><figure itemscope itemtype=\"https:\/\/schema.org\/ImageObject\">\n\t\t\t\t<a href=\"\/de\/ressourcen\/kinder-familien\/verwandtschaftspflege\/?utm_source=Home&#038;utm_medium=Referral&#038;utm_campaign=211Resources&#038;utm_content=Kinship\"  target=\"_self\" itemprop=\"url\">\n\t\t\t\t<img decoding=\"async\" src=\"https:\/\/211md.org\/wp-content\/uploads\/bb-plugin\/cache\/2025_211_Icon-Sets_Kinship-square-45bdf872866f5735f842c32071109267-.png\" alt=\"Verwandtschaftssymbol\" height=\"417\" width=\"417\" title=\"2025_211_Icon Sets_Verwandtschaft\" onerror=\"this.style.display='none'\" loading=\"lazy\" \/>\n\t\t\t\t<\/a>\n\t<\/figure>\n\t\t<h4><a href=\"\/de\/ressourcen\/rechtsberatung\/?utm_source=Home&#038;utm_medium=Referral&#038;utm_campaign=211Resources&#038;utm_content=Legal\" target=\"_self\">Rechtsberatung<\/a><\/h4><figure itemscope itemtype=\"https:\/\/schema.org\/ImageObject\">\n\t\t\t\t<a href=\"\/de\/ressourcen\/rechtsberatung\/?utm_source=Home&#038;utm_medium=Referral&#038;utm_campaign=211Resources&#038;utm_content=Legal\"  target=\"_self\" itemprop=\"url\">\n\t\t\t\t<img decoding=\"async\" src=\"https:\/\/211md.org\/wp-content\/uploads\/bb-plugin\/cache\/2025_MdInfoNet_Icon-Sets_Legal-square-18fdf438feb8435588174d9046463257-.png\" alt=\"\" onerror=\"this.style.display='none'\" loading=\"lazy\" \/>\n\t\t\t\t<\/a>\n\t<\/figure>\n\t\t<h4><a href=\"\/de\/ressourcen\/psychische-gesundheit\/?utm_source=Home&#038;utm_medium=Referral&#038;utm_campaign=211Resources&#038;utm_content=Mental\" target=\"_self\">Psychische Gesundheit<\/a><\/h4><figure itemscope itemtype=\"https:\/\/schema.org\/ImageObject\">\n\t\t\t\t<a href=\"\/de\/ressourcen\/psychische-gesundheit\/?utm_source=Home&#038;utm_medium=Referral&#038;utm_campaign=211Resources&#038;utm_content=Mental\"  target=\"_self\" itemprop=\"url\">\n\t\t\t\t<img decoding=\"async\" src=\"https:\/\/211md.org\/wp-content\/uploads\/bb-plugin\/cache\/2025_MdInfoNet_Icon-Sets_Mental-Health-square-c59b38c4a993a947d4c9280fbe2d2fee-.png\" alt=\"\" onerror=\"this.style.display='none'\" loading=\"lazy\" \/>\n\t\t\t\t<\/a>\n\t<\/figure>\n\t\t<h4><a href=\"\/de\/ressourcen\/mdreentry\/?utm_source=Home&#038;utm_medium=Referral&#038;utm_campaign=211Resources&#038;utm_content=Reentry\" target=\"_self\">Wiedereintritt<\/a><\/h4><figure itemscope itemtype=\"https:\/\/schema.org\/ImageObject\">\n\t\t\t\t<a href=\"\/de\/ressourcen\/mdreentry\/?utm_source=Home&#038;utm_medium=Referral&#038;utm_campaign=211Resources&#038;utm_content=Reentry\"  target=\"_self\" itemprop=\"url\">\n\t\t\t\t<img decoding=\"async\" src=\"https:\/\/211md.org\/wp-content\/uploads\/bb-plugin\/cache\/2025_211_Icon-Sets_Reentry-square-8676fea38abd920a832f45642fe31cca-.png\" alt=\"Symbol \u201eWiedereintritt\u201c\" height=\"417\" width=\"417\" title=\"2025_211_Icon Sets_Wiedereintritt\" onerror=\"this.style.display='none'\" loading=\"lazy\" \/>\n\t\t\t\t<\/a>\n\t<\/figure>\n\t\t<h4><a href=\"\/de\/ressourcen\/substanzgebrauch\/?utm_source=Home&#038;utm_medium=Referral&#038;utm_campaign=211Resources&#038;utm_content=Substance\" target=\"_self\">Substanzgebrauch<\/a><\/h4><figure itemscope itemtype=\"https:\/\/schema.org\/ImageObject\">\n\t\t\t\t<a href=\"\/de\/ressourcen\/substanzgebrauch\/?utm_source=Home&#038;utm_medium=Referral&#038;utm_campaign=211Resources&#038;utm_content=Substance\"  target=\"_self\" itemprop=\"url\">\n\t\t\t\t<img decoding=\"async\" src=\"https:\/\/211md.org\/wp-content\/uploads\/bb-plugin\/cache\/2025_MdInfoNet_Icon-Sets_Substance-Abuse-square-9022fec9d18a64118ad685c101885b55-.png\" alt=\"\" onerror=\"this.style.display='none'\" loading=\"lazy\" \/>\n\t\t\t\t<\/a>\n\t<\/figure>\n\t\t<h4><a href=\"\/de\/ressourcen\/veteranen\/?utm_source=Home&#038;utm_medium=Referral&#038;utm_campaign=211Resources&#038;utm_content=Veterans\" target=\"_self\">Veteranen<\/a><\/h4><figure itemscope itemtype=\"https:\/\/schema.org\/ImageObject\">\n\t\t\t\t<a href=\"\/de\/ressourcen\/veteranen\/?utm_source=Home&#038;utm_medium=Referral&#038;utm_campaign=211Resources&#038;utm_content=Veterans\"  target=\"_self\" itemprop=\"url\">\n\t\t\t\t<img decoding=\"async\" src=\"https:\/\/211md.org\/wp-content\/uploads\/bb-plugin\/cache\/2025_MdInfoNet_Icon-Sets_Rating-square-6e60d00cce4faa8e0a6d4ad7366aa733-.png\" alt=\"\" onerror=\"this.style.display='none'\" loading=\"lazy\" \/>\n\t\t\t\t<\/a>\n\t<\/figure>","protected":false},"excerpt":{"rendered":"<p>Verbinden Sie sich mit Reentry-Ressourcen. Willkommen auf Marylands neuer, zentraler Ressourcenseite, die Inhaftierten und ehemaligen H\u00e4ftlingen und ihren Familien hilft. Finden Sie die Informationen und Ressourcen, die Sie brauchen und verdienen. Senden Sie \u201eReentry\u201c per SMS an 898-211. Melden Sie sich f\u00fcr SMS mit Informationen, Diensten, Programmen und Veranstaltungen zur Wiedereingliederung an. Mobile Benutzer k\u00f6nnen auch auf die Schaltfl\u00e4che klicken\u2026<\/p>","protected":false},"author":7,"featured_media":4087,"parent":930,"menu_order":0,"comment_status":"closed","ping_status":"closed","template":"","meta":{"footnotes":""},"class_list":["post-4075","page","type-page","status-publish","has-post-thumbnail","hentry"],"_links":{"self":[{"href":"https:\/\/211md.org\/de\/wp-json\/wp\/v2\/pages\/4075","targetHints":{"allow":["GET"]}}],"collection":[{"href":"https:\/\/211md.org\/de\/wp-json\/wp\/v2\/pages"}],"about":[{"href":"https:\/\/211md.org\/de\/wp-json\/wp\/v2\/types\/page"}],"author":[{"embeddable":true,"href":"https:\/\/211md.org\/de\/wp-json\/wp\/v2\/users\/7"}],"replies":[{"embeddable":true,"href":"https:\/\/211md.org\/de\/wp-json\/wp\/v2\/comments?post=4075"}],"version-history":[{"count":9,"href":"https:\/\/211md.org\/de\/wp-json\/wp\/v2\/pages\/4075\/revisions"}],"predecessor-version":[{"id":33660,"href":"https:\/\/211md.org\/de\/wp-json\/wp\/v2\/pages\/4075\/revisions\/33660"}],"up":[{"embeddable":true,"href":"https:\/\/211md.org\/de\/wp-json\/wp\/v2\/pages\/930"}],"wp:featuredmedia":[{"embeddable":true,"href":"https:\/\/211md.org\/de\/wp-json\/wp\/v2\/media\/4087"}],"wp:attachment":[{"href":"https:\/\/211md.org\/de\/wp-json\/wp\/v2\/media?parent=4075"}],"curies":[{"name":"wp","href":"https:\/\/api.w.org\/{rel}","templated":true}]}}