{"id":4106,"date":"2024-07-10T20:00:00","date_gmt":"2024-07-11T00:00:00","guid":{"rendered":"https:\/\/211md.org\/?page_id=4106"},"modified":"2024-09-30T11:13:41","modified_gmt":"2024-09-30T15:13:41","slug":"mdready-2","status":"publish","type":"page","link":"https:\/\/211md.org\/de\/about\/text-messages\/mdready-2\/","title":{"rendered":"Personalisierte MdReady-Textbenachrichtigungen"},"content":{"rendered":"<h2>Marylands Notfall-SMS-Warnmeldungen<\/h2>\n<p>Die neue Technologie von MdReady liefert blitzschnelle Warnungen vor Unwettern, \u00dcberschwemmungen, Waldbr\u00e4nden und Bedrohungen der \u00f6ffentlichen Gesundheit. Erhalten Sie Warnungen f\u00fcr Ihren Standort und in Ihrer bevorzugten Sprache.<\/p>\n<p>Diese Partnerschaft zwischen 211 Maryland und dem <a href=\"https:\/\/mdready.maryland.gov\/Pages\/default.aspx\" target=\"_blank\" rel=\"noopener\">Maryland Department of Emergency Management<\/a> h\u00e4lt Sie auf dem Laufenden, damit Sie planen und sich vorbereiten k\u00f6nnen.<\/p>\n\t\t\t\t<img decoding=\"async\" src=\"http:\/\/211md.org\/wp-content\/uploads\/2024\/07\/MdReady-Color-Logo.png\" alt=\"MdReady-Farblogo\" itemprop=\"image\" title=\"MdReady-Farblogo\" onerror=\"this.style.display='none'\"  \/>\n\t<h3>Passen Sie Ihre Benachrichtigungen an<\/h3>\n<p><em>211 Maryland bietet SMS-Warnprogramme an, die regionalspezifische Ressourceninformationen oder Katastrophenwarnungen bereitstellen. Es k\u00f6nnen Nachrichten- und Datengeb\u00fchren anfallen. Die Nachrichtenh\u00e4ufigkeit kann variieren. Text <strong>STOPPEN<\/strong> an die gleiche Nummer, um sich abzumelden. F\u00fcr Hilfe, Text <strong>HELFEN<\/strong>Vollst\u00e4ndige SMS-Bedingungen unter\u00a0<a href=\"https:\/\/211md.org\/de\/sms\/\">https:\/\/211md.org\/sms\/<\/a>\u00a0und\u00a0<a href=\"https:\/\/211md.org\/de\/datenschutz-bestimmungen\/\">Datenschutz-Bestimmungen<\/a>\u00a0wird auch gelten.\u00a0<\/em><\/p>\n\t<h2>\u00dcber MdReady<\/h2>\n<p>Seit Februar 2020 arbeitet 211 mit MDEM zusammen, um vor, w\u00e4hrend und nach einer Krise SMS-Warnmeldungen zu versenden. Fast 190.000 Menschen haben diese Warnmeldungen abonniert.<\/p>\n<p>Diese neue Technologie erm\u00f6glicht es uns, Abonnenten in etwas mehr als sechs Minuten zu erreichen.<\/p>\n<p>Durch Auswahl der bevorzugten Sprache und des\/der bevorzugten Standorts\/Standorte k\u00f6nnen Benutzer personalisiertere Benachrichtigungen erhalten. \u00dcbersetzungen sind in 183 Sprachen verf\u00fcgbar.<\/p>\n<p>Bei einem Notfall wie einer Sturzflut kann der Wasserstand innerhalb von Minuten um mehrere Meter ansteigen, deshalb z\u00e4hlt jede Sekunde.<\/p>\n<p>MdReady\/MdListo ist immer bereit, Maryland bei der Vorbereitung zu helfen, informiert zu bleiben und sich zu erholen.<\/p>\n<p>Um auf Tipps und Informationen zur Vorbereitung zuzugreifen, installieren Sie die MdReady-Web-App, indem Sie besuchen\u00a0<a href=\"http:\/\/mdready.maryland.gov\/\" target=\"_blank\" rel=\"noopener\">MdReady.Maryland.gov<\/a> im Webbrowser Ihres Mobilger\u00e4ts.<\/p>\n<h3>\n\t\tVerbreiten Sie die Nachricht \u00fcber diese Warnungen\n\t<\/h3>\n\t<p>Wir freuen uns \u00fcber Ihr Interesse, auf die MdReady-SMS-Warnmeldungen des Staates aufmerksam zu machen, die die Einwohner von Maryland vor, w\u00e4hrend und nach einer Krise informieren.<\/p>\n<p>Helfen Sie uns, es bekannt zu machen! <a href=\"https:\/\/forms.gle\/4BvexjFkxUy4qmfZ6?utm_source=Link&amp;utm_medium=211Web&amp;utm_campaign=Marketing&amp;utm_content=\" target=\"_blank\" rel=\"noopener\">Zugriff auf MdReady-Dateien anfordern<\/a>.<\/p>","protected":false},"excerpt":{"rendered":"<p>Marylands Notfall-Textwarnungen Die neue Technologie von MdReady liefert blitzschnelle Warnungen vor Unwettern, \u00dcberschwemmungen, Waldbr\u00e4nden und Bedrohungen der \u00f6ffentlichen Gesundheit. Erhalten Sie Warnungen f\u00fcr Ihren Standort und in Ihrer bevorzugten Sprache. Diese Partnerschaft zwischen 211 Maryland und dem Maryland Department of Emergency Management h\u00e4lt Sie auf dem Laufenden, damit Sie planen und sich vorbereiten k\u00f6nnen. Passen Sie Ihre Warnungen an 211 Maryland\u2026<\/p>","protected":false},"author":13,"featured_media":0,"parent":962,"menu_order":0,"comment_status":"closed","ping_status":"closed","template":"","meta":{"footnotes":""},"class_list":["post-4106","page","type-page","status-publish","hentry"],"_links":{"self":[{"href":"https:\/\/211md.org\/de\/wp-json\/wp\/v2\/pages\/4106","targetHints":{"allow":["GET"]}}],"collection":[{"href":"https:\/\/211md.org\/de\/wp-json\/wp\/v2\/pages"}],"about":[{"href":"https:\/\/211md.org\/de\/wp-json\/wp\/v2\/types\/page"}],"author":[{"embeddable":true,"href":"https:\/\/211md.org\/de\/wp-json\/wp\/v2\/users\/13"}],"replies":[{"embeddable":true,"href":"https:\/\/211md.org\/de\/wp-json\/wp\/v2\/comments?post=4106"}],"version-history":[{"count":0,"href":"https:\/\/211md.org\/de\/wp-json\/wp\/v2\/pages\/4106\/revisions"}],"up":[{"embeddable":true,"href":"https:\/\/211md.org\/de\/wp-json\/wp\/v2\/pages\/962"}],"wp:attachment":[{"href":"https:\/\/211md.org\/de\/wp-json\/wp\/v2\/media?parent=4106"}],"curies":[{"name":"wp","href":"https:\/\/api.w.org\/{rel}","templated":true}]}}