{"id":486,"date":"2021-03-29T16:04:06","date_gmt":"2021-03-29T16:04:06","guid":{"rendered":"https:\/\/211md.org\/?page_id=486"},"modified":"2026-01-08T08:51:22","modified_gmt":"2026-01-08T13:51:22","slug":"partner","status":"publish","type":"page","link":"https:\/\/211md.org\/de\/partner\/","title":{"rendered":"Anbieter von Community-Diensten"},"content":{"rendered":"<img decoding=\"async\" src=\"https:\/\/stg-maryland211-staging.kinsta.cloud\/wp-content\/uploads\/2025\/08\/5-1-scaled.png\" alt=\"5\" itemprop=\"image\" height=\"692\" width=\"2560\" title=\"5\" onerror=\"this.style.display='none'\" loading=\"lazy\" \/>\n\t\t<p>Wir arbeiten mit lokalen Anbietern zusammen, um die Bev\u00f6lkerung Marylands mit lebensnotwendigen G\u00fctern und Dienstleistungen zu versorgen. Als staatlich autorisierter Verwalter der 211-Dienste vereinfacht das Maryland Information Network zudem den Zugang zu Informationen. <\/p>\n<p>Wenn Sie den vom Regierungsstillstand Betroffenen helfen, erz\u00e4hlen Sie uns davon auf <a href=\"https:\/\/bit.ly\/211-food-help\" target=\"_blank\" rel=\"noopener\">dieses Formular<\/a> damit wir die \u00d6ffentlichkeit \u00fcber nahegelegene Ressourcen informieren k\u00f6nnen.<\/p>\n\t\t\t<a href=\"#start\" target=\"_self\">\n\t\t\t\t\t\tErste Schritte\n\t\t\t\t\t<\/a>\n\t\t\t\t<img decoding=\"async\" src=\"https:\/\/211md.org\/wp-content\/plugins\/bb-plugin\/img\/pixel.png\" alt=\"\" itemprop=\"image\" onerror=\"this.style.display='none'\" loading=\"lazy\" \/>\n\t\t\t\t<img decoding=\"async\" src=\"https:\/\/211md.org\/wp-content\/uploads\/2023\/01\/211-database.png\" alt=\"211 durchsuchbare Ressourcendatenbank\" itemprop=\"image\" height=\"564\" width=\"1024\" title=\"211-Datenbank\" onerror=\"this.style.display='none'\" loading=\"lazy\" \/>\n\t\t<h2>F\u00fcgen Sie Ihre Community-Ressource zu unserer Datenbank hinzu<\/h2>\n\t\t<p>Mit \u00fcber 8.500 Angeboten f\u00fcr die Gemeinschaft ist unsere Datenbank die umfassendste im ganzen Bundesstaat f\u00fcr den Bedarf an grundlegenden Dienstleistungen.<\/p>\n<p><a href=\"https:\/\/211md.org\/de\/inklusionspolitik\/\" rel=\"noopener\">Lesen<\/a> Unsere Inklusionsrichtlinie. Wenn Ihre Agentur die Kriterien erf\u00fcllt, <a href=\"http:\/\/search.211md.org\" target=\"_blank\" rel=\"noopener\">\u00fcberpr\u00fcfen<\/a> um zu pr\u00fcfen, ob Sie bereits aufgef\u00fchrt sind.<\/p>\n<p>Nicht aufgef\u00fchrt? Teilen Sie uns mit, dass Sie der Community-Ressourcendatenbank beitreten m\u00f6chten.<\/p>\n\t\t\t<a href=\"https:\/\/docs.google.com\/forms\/d\/e\/1FAIpQLSdP1V4oqiAOGr2uK9rkCIxzTpexnlyuDmDkqfJ0CjtIbmWV0A\/viewform\" target=\"_blank\" rel=\"noopener\">\n\t\t\t\t\t\t\tRessource hinzuf\u00fcgen\n\t\t\t\t\t<\/a>\n\t<h3>Aktualisieren Sie Ihre Ressourcenliste<\/h3>\n<p>Hat sich das Programm Ihrer Agentur oder Ihre \u00d6ffnungszeiten ge\u00e4ndert? Wenn Sie Ihre Ressourcenliste aktualisieren m\u00fcssen, senden Sie uns eine E-Mail an: <a href=\"mailto:resources@211md.org\" target=\"_blank\" rel=\"noopener\">resources@211md.org<\/a>.<\/p>\n\t\t\t\t<img decoding=\"async\" src=\"https:\/\/211md.org\/wp-content\/uploads\/2023\/01\/2022_MIN_Logo_White.png\" alt=\"MIN-Logo Wei\u00df\" itemprop=\"image\" height=\"446\" width=\"1272\" title=\"2022_MIN_Logo_Wei\u00df\" onerror=\"this.style.display='none'\" loading=\"lazy\" \/>\n\t\t\n\t\t<h3><strong>Seit 2010, <\/strong><strong>Maryland-Informationsnetzwerk<br \/>\nhat das 211-System in Maryland mit Strom versorgt.<\/strong><\/h3>\n\t\t\t<a href=\"https:\/\/mdinfonet.org\/\" target=\"_blank\" rel=\"noopener\">\n\t\t\t\t\t\tErfahren Sie mehr\n\t\t\t\t\t<\/a>\n\t\t\t\t<img decoding=\"async\" src=\"https:\/\/211md.org\/wp-content\/uploads\/2023\/01\/211-MD_Logo-white-400x273.png\" alt=\"211 Maryland Logo white\" itemprop=\"image\" height=\"273\" width=\"400\" title=\"211-MD_Logo-wei\u00df\" onerror=\"this.style.display='none'\" loading=\"lazy\" \/>\n\t<h2>Informieren Sie andere \u00fcber 211<\/h2>\n<h4><em>Laden Sie das 211-Marketing-Toolkit herunter und verwenden Sie es<\/em><\/h4>\n<p>Wir freuen uns \u00fcber Ihre Hilfe bei der Verbindung der Einwohner von Maryland mit 211. Laden Sie digitale Marketingmaterialien herunter oder bestellen Sie druckfertige Materialien, um sie mit Ihrer Community zu teilen.<\/p>\n\t\t\t<a href=\"https:\/\/211md.org\/de\/marketing-toolkit\/\" target=\"_blank\" rel=\"noopener\">\n\t\t\t\t\t\t\tHolen Sie sich Marketingmaterialien\n\t\t\t\t\t<\/a>\n\t\t\t\t<img decoding=\"async\" src=\"http:\/\/211md.org\/wp-content\/uploads\/2021\/05\/Top-View-Postcard-Mockup-scaled.jpg\" alt=\"211 Maryland Outreach-Karten\" itemprop=\"image\" title=\"Ansicht von oben Postkarte Mockup\" onerror=\"this.style.display='none'\" loading=\"lazy\" \/>\n\t\t<h2>Haben Sie eine Frage zu 211?<\/h2>\n\t\t<p>Lesen Sie unsere h\u00e4ufig gestellten Fragen (FAQs) oder\u00a0<strong><a href=\"\/de\/kontaktiere-uns\/\">kontaktiere uns<\/a>.<\/strong><\/p>\n\t\t\t<a href=\"\/de\/about\/faq\/\" target=\"_self\">\n\t\t\t\t\t\t\tLesen Sie unsere FAQs\n\t\t\t\t\t<\/a>\n<h2>\n\t\t\tPartnerschaften machen Gemeinschaften st\u00e4rker\t<\/h2>\n\t<p>In Zeiten gro\u00dfer Not wenden sich staatliche und lokale Beh\u00f6rden an uns, um Marylander miteinander zu verbinden.<\/p>\n\t\t\t\t<img decoding=\"async\" src=\"http:\/\/211md.org\/wp-content\/uploads\/2022\/04\/Group-333.svg\" alt=\"Logo des Einwanderungsb\u00fcros des Gouverneurs von Maryland\" itemprop=\"image\" height=\"215\" width=\"245\" title=\"Logo des Einwanderungsb\u00fcros des Gouverneurs von Maryland\" onerror=\"this.style.display='none'\" loading=\"lazy\" \/>\n<h3>MDStopHate<\/h3><p>Melden Sie Hass, Diskriminierung oder Mobbing.<\/p>\n<p>211 ist au\u00dferdem eine zentrale Anlaufstelle f\u00fcr Einwanderer und Neuamerikaner und bietet mehrsprachige Unterst\u00fctzung in \u00fcber 150 Sprachen.<\/p>\n<p>&nbsp;<\/p>\n\t\t\t\t<img decoding=\"async\" src=\"http:\/\/211md.org\/wp-content\/uploads\/2021\/05\/Health-DoL_primary_rgb_300ppi-1@2x.png\" alt=\"Logo des Gesundheitsministeriums von Maryland\" itemprop=\"image\" title=\"Gesundheit DoL_primary_rgb_300ppi (1)@2x\" onerror=\"this.style.display='none'\" loading=\"lazy\" \/>\n<h3>211 Verhaltenskoordinierung der Gesundheitsversorgung<\/h3><p>Diese Programme verbinden Krankenhauspersonal und Patienten mit gemeindenahen verhaltensbezogenen Gesundheitsdiensten. Sie schlie\u00dfen auch den Kreis mit Patienten und Entlassungsplanern.<\/p>\n<p>&nbsp;<\/p>\n<h2>\n\t\t\tUnsere Partner\t<\/h2>\n\t\t\t\t<img decoding=\"async\" src=\"https:\/\/211md.org\/wp-content\/uploads\/2021\/04\/NAMI-Md@2x.png\" alt=\"NAMI Maryland-Logo\" itemprop=\"image\" height=\"38\" width=\"210\" title=\"NAMI Md@2x\" onerror=\"this.style.display='none'\" loading=\"lazy\" \/>\n\t\t\t\t<img decoding=\"async\" src=\"http:\/\/211md.org\/wp-content\/uploads\/2021\/06\/DOH-Logo.svg\" alt=\"Logo des Gesundheitsministeriums von Maryland\" itemprop=\"image\" height=\"95\" width=\"118\" title=\"DOH-Logo\" onerror=\"this.style.display='none'\" loading=\"lazy\" \/>\n\t\t\t\t<img decoding=\"async\" src=\"http:\/\/211md.org\/wp-content\/uploads\/2024\/01\/Mid-Shore-Health-Improvement-Coalition-logo.png\" alt=\"Logo der Mid Shore Health Improvement Coalition\" itemprop=\"image\" title=\"Logo der Mid Shore Health Improvement Coalition\" onerror=\"this.style.display='none'\" loading=\"lazy\" \/>\n\t\t\t\t<img decoding=\"async\" src=\"https:\/\/211md.org\/wp-content\/uploads\/2021\/05\/Aging-DoL_primary_rgb_300ppi-3@2x.png\" alt=\"Logo des Altersministeriums von Maryland\" itemprop=\"image\" height=\"213\" width=\"260\" title=\"Alterung DoL_primary_rgb_300ppi (3)@2x\" onerror=\"this.style.display='none'\" loading=\"lazy\" \/>\n\t\t\t\t<img decoding=\"async\" src=\"http:\/\/211md.org\/wp-content\/uploads\/2024\/06\/Department-of-Public-Safety-and-Corrections.png\" alt=\"Ministerium f\u00fcr \u00f6ffentliche Sicherheit und Strafvollzug\" itemprop=\"image\" title=\"Ministerium f\u00fcr \u00f6ffentliche Sicherheit und Strafvollzug\" onerror=\"this.style.display='none'\" loading=\"lazy\" \/>\n\t\t\t\t<img decoding=\"async\" src=\"https:\/\/211md.org\/wp-content\/uploads\/2021\/06\/DoL_juvenile-logo.svg\" alt=\"Logo des Jugendamtes von Maryland\" itemprop=\"image\" height=\"103\" width=\"118\" title=\"DoL_Juvenile-Logo\" onerror=\"this.style.display='none'\" loading=\"lazy\" \/>\n\t\t\t\t<img decoding=\"async\" src=\"https:\/\/211md.org\/wp-content\/uploads\/2021\/05\/RALI-Logo.svg\" alt=\"RALI-Logo\" itemprop=\"image\" height=\"111\" width=\"236\" title=\"RALI-Logo\" onerror=\"this.style.display='none'\" loading=\"lazy\" \/>\n\t\t\t\t<img decoding=\"async\" src=\"https:\/\/211md.org\/wp-content\/uploads\/2023\/01\/MDEM-primary-black-logo.png\" alt=\"Prim\u00e4res schwarzes MDEM-Logo\" itemprop=\"image\" height=\"233\" width=\"266\" title=\"Prim\u00e4res schwarzes MDEM-Logo\" onerror=\"this.style.display='none'\" loading=\"lazy\" \/>\n\t\t\t\t<img decoding=\"async\" src=\"https:\/\/211md.org\/wp-content\/uploads\/2021\/06\/MDH-logo.svg\" alt=\"Logo des Bereitschafts- und Reaktionsb\u00fcros des Gesundheitsministeriums von Maryland\" itemprop=\"image\" height=\"101\" width=\"172\" title=\"MDH-Logo\" onerror=\"this.style.display='none'\" loading=\"lazy\" \/>\n\t\t\t<a href=\"https:\/\/211md.org\/de\/kontaktiere-uns\/\" target=\"_self\">\n\t\t\t\t\t\t\tLassen Sie uns zusammenarbeiten\n\t\t\t\t\t<\/a>\n\t<h2>H\u00e4ufig gestellte Fragen f\u00fcr Partner<\/h2>\n\t\t\t\t\t<h3 id=\"fl-accordion--label-0\" tabindex=\"0\" aria-controls=\"fl-accordion--panel-0\">Was ist 211 Maryland?<\/h3>\n\t\t\t\t\t\t\t\t\t\t\t<a href=\"#\" id=\"fl-accordion--icon-0\"  tabindex=\"0\"><i title=\"Zusammenbruch\">Zusammenbruch<\/i><\/a>\n\t\t\t\t\t<p>211 Maryland ist das umfassendste Informations- und Vermittlungssystem des Bundesstaates f\u00fcr Gesundheits- und Sozialdienste. Mit \u00fcber 7.500 Ressourcen k\u00f6nnen Menschen mit dringenden Bed\u00fcrfnissen rund um die Uhr an 365 Tagen im Jahr lokale Hilfe in Anspruch nehmen. 211 Maryland ist ein kostenloser und vertraulicher Dienst mit \u00dcbersetzungen in \u00fcber 150 Sprachen.<\/p>\n<p>Die<a href=\"https:\/\/mdinfonet.org\/\" target=\"_blank\" rel=\"noopener\">\u00a0Maryland-Informationsnetzwerk<\/a>\u00a0(MdInfoNet), eine gemeinn\u00fctzige Organisation gem\u00e4\u00df 501(c)3, ist der vom Staat benannte Administrator des 211-Systems in Maryland.<\/p>\n\t\t\t\t\t<h3 id=\"fl-accordion--label-1\" tabindex=\"0\" aria-controls=\"fl-accordion--panel-1\">Wie halten Sie Ihre Ressourcendatenbank auf dem neuesten Stand?<\/h3>\n\t\t\t\t\t\t\t\t\t\t\t<a href=\"#\" id=\"fl-accordion--icon-1\"  tabindex=\"0\"><i title=\"Expandieren\">Expandieren<\/i><\/a>\n\t\t\t\t\t<p>Die umfassende Datenbank mit mehr als 7.500 landesweiten Ressourcen wird mindestens einmal im Jahr und oft auch h\u00e4ufiger aktualisiert. Wir verlassen uns auf unsere j\u00e4hrliche \u00dcberpr\u00fcfung, Updates von Agenturen und Feedback von Anrufern, um die Einwohner Marylands mit den besten Ressourcen f\u00fcr ihren Standort und den neuesten Programmqualifikationen zum Zeitpunkt ihres Bedarfs zu verbinden.<\/p>\n<p><a href=\"https:\/\/211md.org\/de\/partner\/\">Verifizieren Sie Ihre Organisation in der 211 Maryland-Datenbank<\/a>, und aktualisieren Sie es.<\/p>\n\t\t\t\t\t<h3 id=\"fl-accordion--label-2\" tabindex=\"0\" aria-controls=\"fl-accordion--panel-2\">Wie f\u00fcge ich meine Agentur zur Datenbank hinzu?<\/h3>\n\t\t\t\t\t\t\t\t\t\t\t<a href=\"#\" id=\"fl-accordion--icon-2\"  tabindex=\"0\"><i title=\"Expandieren\">Expandieren<\/i><\/a>\n\t\t\t\t\t<p>Als zentraler Konnektor f\u00fcr Maryland begr\u00fc\u00dfen wir neue Organisationen in unserer Datenbank. Wir akzeptieren Anfragen von den folgenden gemeinn\u00fctzigen und gewinnorientierten Gruppen:<\/p>\n<ul>\n<li>Gemeinn\u00fctzig\u00a0<u>und<\/u>\u00a0wichtige gewinnorientierte Organisationen und Regierungsbeh\u00f6rden und Beamte, die Gesundheits-, Sozial-, Bildungs-, Bibliotheks-, Besch\u00e4ftigungs-, Rechts-, Freizeit- und andere menschliche Dienstleistungen erbringen.<\/li>\n<li>Gemeinn\u00fctzige Organisationen, wie religi\u00f6se Gruppen, soziale Vereine und Gemeindeverb\u00e4nde, die Dienstleistungen f\u00fcr die Gemeinschaft im Allgemeinen anbieten, nicht nur f\u00fcr ihre eigenen Mitglieder.<\/li>\n<li>Gemeinn\u00fctzige Selbsthilfegruppen (eine \u201eSelbsthilfegruppe\u201c ist eine freiwillige Zusammenkunft von Menschen, die ein \u00e4hnliches Problem, eine \u00e4hnliche Erkrankung oder eine \u00e4hnliche Vorgeschichte haben).<\/li>\n<li>Gemeinn\u00fctzig\u00a0<u>und<\/u>\u00a0wichtige gewinnorientierte, bundesstaatliche oder nationale Organisationen, die nicht in Maryland ans\u00e4ssig sind und den Einwohnern von Maryland Gesundheits- und Sozialdienste anbieten.<\/li>\n<li>Gemeinn\u00fctzige Organisationen, die sich f\u00fcr Human-Service-Programme und -Richtlinien einsetzen, die eine gesunde Umwelt unterst\u00fctzen.<\/li>\n<\/ul>\n<p>F\u00fcr weitere Informationen und um den Bewerbungsprozess zu starten,\u00a0<a href=\"https:\/\/211md.org\/de\/partner\/\">Gehe hier hin.<\/a><\/p>\n\t\t\t\t\t<h3 id=\"fl-accordion--label-3\" tabindex=\"0\" aria-controls=\"fl-accordion--panel-3\">Sind Ihre 211 Maryland-Anrufspezialisten geschult oder zertifiziert?<\/h3>\n\t\t\t\t\t\t\t\t\t\t\t<a href=\"#\" id=\"fl-accordion--icon-3\"  tabindex=\"0\"><i title=\"Expandieren\">Expandieren<\/i><\/a>\n\t\t\t\t\t<p>Callcenter-Mitarbeiter sind von der Alliance of Information and Referral Systems (AIRS) und der American Association of Suicidology (AAS) zertifiziert und programmakkreditiert. Beides sind nationale, professionelle Organisationen.<\/p>\n<p>Informations- und \u00dcberweisungsspezialisten verf\u00fcgen au\u00dferdem \u00fcber eine Ausbildung und Erfahrung im Bereich Gesundheits- und Personaldienstleistungen. Sie verf\u00fcgen \u00fcber einen Bachelor- oder Master-Abschluss in Sozialarbeit, Human Services, Beratung oder verwandten Bereichen sowie mindestens ein Jahr Berufserfahrung.<\/p>\n\t\t\t\t\t<h3 id=\"fl-accordion--label-4\" tabindex=\"0\" aria-controls=\"fl-accordion--panel-4\">Welche Arten von Anrufen beantworten Sie?<\/h3>\n\t\t\t\t\t\t\t\t\t\t\t<a href=\"#\" id=\"fl-accordion--icon-4\"  tabindex=\"0\"><i title=\"Expandieren\">Expandieren<\/i><\/a>\n\t\t\t\t\t<p>211 Maryland kann als zentrale Schnittstelle f\u00fcr die folgenden wesentlichen Bed\u00fcrfnisse im Bereich Gesundheit und Soziales dienen:<\/p>\n<ul>\n<li>Essen<\/li>\n<li>Geh\u00e4use<\/li>\n<li>Notunterkunft<\/li>\n<li>Utility-Hilfe<\/li>\n<li>Finanzielle Unterst\u00fctzung<\/li>\n<li>Drogenmissbrauch<\/li>\n<li>Psychische Gesundheit<\/li>\n<li>Suizid und Krisenintervention<\/li>\n<li>Gesundheitswesen<\/li>\n<li>Kinder und Familien (Kinderbetreuung, Elternunterst\u00fctzung, Versorgung und Kleidung, Schulreife)<\/li>\n<li>Steuerinformationen und Vorbereitungshilfe<\/li>\n<li>Alter und Behinderung<\/li>\n<li>Rechtsberatung<\/li>\n<li>H\u00e4usliche Gewalt, Schutz und Unterst\u00fctzung<\/li>\n<li>Besch\u00e4ftigung<\/li>\n<li>Veteranen<\/li>\n<li>Transport<\/li>\n<\/ul>\n\t\t\t\t\t<h3 id=\"fl-accordion--label-5\" tabindex=\"0\" aria-controls=\"fl-accordion--panel-5\">Was ist der Unterschied zwischen der 211 Maryland United Way Helpline und 211 Maryland?<\/h3>\n\t\t\t\t\t\t\t\t\t\t\t<a href=\"#\" id=\"fl-accordion--icon-5\"  tabindex=\"0\"><i title=\"Expandieren\">Expandieren<\/i><\/a>\n\t\t\t\t\t<p>Das durch Landesgesetzgebung gegr\u00fcndete Maryland Information Network (MdInfoNet) ist der staatlich benannte Administrator des Notrufsystems 211 in Maryland. MdInfoNet betreut und pflegt ein Informations- und Vermittlungsnetzwerk, das allen Einwohnern Marylands zur Verf\u00fcgung steht. Um Marylander in allen Regionen des Bundesstaates zu vernetzen, nutzen wir ein Netzwerk von Callcentern.<\/p>\n<p>Die United Way of Central Maryland deckt einen Teil des Staates ab. 211 Maryland nutzt weitere strategisch platzierte Callcenter, um die Einwohner Marylands in allen Regionen des Staates zu erreichen.<\/p>\n\t\t\t\t\t<h3 id=\"fl-accordion--label-6\" tabindex=\"0\" aria-controls=\"fl-accordion--panel-6\">Wie mache ich andere auf 211 Maryland und seine Programme aufmerksam?<\/h3>\n\t\t\t\t\t\t\t\t\t\t\t<a href=\"#\" id=\"fl-accordion--icon-6\"  tabindex=\"0\"><i title=\"Expandieren\">Expandieren<\/i><\/a>\n\t\t\t\t\t<p>Wir freuen uns, wenn Sie die Einwohner Marylands \u00fcber die Programme und Dienstleistungen von 211 Maryland informieren. Nutzen Sie dazu unsere Programm-Infokarten und Informationsbl\u00e4tter.\u00a0<a href=\"https:\/\/211md.org\/de\/marketing-toolkit\/\" target=\"_blank\" rel=\"noopener\">Laden Sie die Marketing-Tools herunter.<\/a><\/p>\n\t\t\t\t\t<h3 id=\"fl-accordion--label-7\" tabindex=\"0\" aria-controls=\"fl-accordion--panel-7\">Wie wird 211 Maryland finanziert?<\/h3>\n\t\t\t\t\t\t\t\t\t\t\t<a href=\"#\" id=\"fl-accordion--icon-7\"  tabindex=\"0\"><i title=\"Expandieren\">Expandieren<\/i><\/a>\n\t\t\t\t\t<p>Das 211-System in Maryland wird betrieben von der\u00a0<a href=\"https:\/\/mdinfonet.org\/\" target=\"_blank\" rel=\"noopener\">Maryland-Informationsnetzwerk<\/a>, eine 501(c)(3) gemeinn\u00fctzige Organisation. Die Finanzierung erfolgt durch den \u00f6ffentlichen und privaten Sektor.<\/p>\n\t\t\t\t\t<h3 id=\"fl-accordion--label-8\" tabindex=\"0\" aria-controls=\"fl-accordion--panel-8\">Sind Spenden steuerlich absetzbar?<\/h3>\n\t\t\t\t\t\t\t\t\t\t\t<a href=\"#\" id=\"fl-accordion--icon-8\"  tabindex=\"0\"><i title=\"Expandieren\">Expandieren<\/i><\/a>\n\t\t\t\t\t<p>Ja.\u00a0<a href=\"https:\/\/211md.org\/de\/spenden\/\">Spenden sind steuerlich absetzbar<\/a>.<\/p>\n\t\t\t\t\t<h3 id=\"fl-accordion--label-9\" tabindex=\"0\" aria-controls=\"fl-accordion--panel-9\">Wie kontaktiere ich das 211-System in Maryland?<\/h3>\n\t\t\t\t\t\t\t\t\t\t\t<a href=\"#\" id=\"fl-accordion--icon-9\"  tabindex=\"0\"><i title=\"Expandieren\">Expandieren<\/i><\/a>\n\t\t\t\t\t<p><strong>Email:\u00a0<\/strong><a href=\"mailto:info@211md.org\">info@211md.org<\/a><\/p>\n<p><strong>Post:<\/strong>\u00a09770 Patuxent Woods Drive, Suite 334, Columbia, MD 21046<\/p>","protected":false},"excerpt":{"rendered":"<p>Wir arbeiten mit lokalen Anbietern zusammen, um die Bev\u00f6lkerung Marylands mit dem N\u00f6tigsten zu versorgen. Als staatlich autorisierter Verwalter der 211-Dienste vereinfacht das Maryland Information Network au\u00dferdem den Informationszugang. Wenn Sie Menschen helfen, die von der Haushaltssperre der Bundesregierung betroffen sind, teilen Sie uns dies bitte \u00fcber dieses Formular mit, damit wir die \u00d6ffentlichkeit \u00fcber Hilfsangebote in Ihrer N\u00e4he informieren k\u00f6nnen. Jetzt loslegen \u2026<\/p>","protected":false},"author":8,"featured_media":33780,"parent":0,"menu_order":0,"comment_status":"closed","ping_status":"closed","template":"","meta":{"footnotes":""},"class_list":["post-486","page","type-page","status-publish","has-post-thumbnail","hentry"],"_links":{"self":[{"href":"https:\/\/211md.org\/de\/wp-json\/wp\/v2\/pages\/486","targetHints":{"allow":["GET"]}}],"collection":[{"href":"https:\/\/211md.org\/de\/wp-json\/wp\/v2\/pages"}],"about":[{"href":"https:\/\/211md.org\/de\/wp-json\/wp\/v2\/types\/page"}],"author":[{"embeddable":true,"href":"https:\/\/211md.org\/de\/wp-json\/wp\/v2\/users\/8"}],"replies":[{"embeddable":true,"href":"https:\/\/211md.org\/de\/wp-json\/wp\/v2\/comments?post=486"}],"version-history":[{"count":11,"href":"https:\/\/211md.org\/de\/wp-json\/wp\/v2\/pages\/486\/revisions"}],"predecessor-version":[{"id":34166,"href":"https:\/\/211md.org\/de\/wp-json\/wp\/v2\/pages\/486\/revisions\/34166"}],"wp:featuredmedia":[{"embeddable":true,"href":"https:\/\/211md.org\/de\/wp-json\/wp\/v2\/media\/33780"}],"wp:attachment":[{"href":"https:\/\/211md.org\/de\/wp-json\/wp\/v2\/media?parent=486"}],"curies":[{"name":"wp","href":"https:\/\/api.w.org\/{rel}","templated":true}]}}