{"id":4932,"date":"2025-08-18T17:21:52","date_gmt":"2025-08-18T21:21:52","guid":{"rendered":"https:\/\/211md.org\/?page_id=4932"},"modified":"2025-10-14T19:36:17","modified_gmt":"2025-10-14T23:36:17","slug":"sicherer-hafen","status":"publish","type":"page","link":"https:\/\/211md.org\/de\/resources\/children-families\/safe-haven\/","title":{"rendered":"Safe Haven: Hilfe f\u00fcr junge Eltern, die sich nicht um ein Kind k\u00fcmmern k\u00f6nnen"},"content":{"rendered":"<img decoding=\"async\" src=\"http:\/\/211md.org\/wp-content\/uploads\/2025\/07\/Pregnant-mom-looking-out-window.jpg\" alt=\"Schwangere Mutter schaut aus dem Fenster\" itemprop=\"image\" title=\"Schwangere Mutter schaut aus dem Fenster\" onerror=\"this.style.display='none'\" loading=\"lazy\" \/>\n\t<p>Es gibt Hilfe f\u00fcr Schwangere oder Personen, die vor Kurzem ein Baby bekommen haben und noch nicht bereit sind, Eltern zu werden oder eine Familie zu gr\u00fcnden.<\/p>\n<h2>Was ist Safe Haven?<\/h2>\n<p>Safe Haven bietet Eltern eine legale und sichere Alternative, ein unverletztes Baby im Alter von bis zu 60 Tagen anonym abzugeben.<\/p>\n<p>Die Nutzung des Programms hat keine rechtlichen Konsequenzen, wenn das Baby bis dahin versorgt war.<\/p>\n<p>Sie m\u00fcssen keine Fragen beantworten.<\/p>\n<p>Ziel ist es, Eltern eine sichere Alternative zu bieten und S\u00e4uglingen einen gesunden Start zu erm\u00f6glichen.<\/p>\n\t<h2>Wie es funktioniert<\/h2>\n<p>Eltern oder eine andere erwachsene Person \u00fcber 18 Jahren k\u00f6nnen das Baby in einer daf\u00fcr vorgesehenen Einrichtung abgeben.<\/p>\n<p>Hierzu z\u00e4hlen beispielsweise Feuerwehrh\u00e4user, Polizeistationen oder eine spezielle Arztpraxis.<\/p>\n<p>Alles, was gesagt werden muss, ist: \u201eDas ist ein Safe Haven-Baby.\u201c<\/p>\n<p>Als Safe Haven-Partner kann 211 die Einwohner von Maryland mit lokalen Safe Haven-Standorten verbinden.<\/p>\n<p>W\u00e4hlen Sie 211 und sprechen Sie mit einer f\u00fcrsorglichen und mitf\u00fchlenden Person, die Ihnen zuverl\u00e4ssige und klare Unterst\u00fctzung bietet.<\/p>\n\t\t\t\t<img decoding=\"async\" src=\"https:\/\/211md.org\/wp-content\/uploads\/2025\/08\/Safe-Haven-logo-400x279.png\" alt=\"Safe Haven-Logo\" itemprop=\"image\" height=\"279\" width=\"400\" title=\"Safe Haven-Logo\" onerror=\"this.style.display='none'\" loading=\"lazy\" \/>\n\t\t<h3>Finden Sie einen sicheren Hafen<\/h3>\n\t\t<p>Eltern k\u00f6nnen auch nach der Postleitzahl nach Orten in Maryland suchen.<\/p>\n<p>Wenn die Person mit dem unverletzten Baby ankommt, sagen Sie: \u201eDies ist ein Safe Haven-Baby.\u201c<\/p>\n\t\t\t<a href=\"https:\/\/search.211md.org\/search?query=LJ-5000.8000&#038;query_label=Safe+Havens+for+Abandoned+Newborns&#038;query_type=taxonomy\" target=\"_blank\" rel=\"noopener\">\n\t\t\t\t\t\t\tFinden Sie einen sicheren Hafen\n\t\t\t\t\t<\/a>\n\t<h3>H\u00e4ufig gestellte Fragen<\/h3>\n<p>Haben Sie Fragen? Erhalten Sie Antworten oder rufen Sie 211 an, um Hilfe zu erhalten.<\/p>\n<h3>Was ist Safe Haven?<\/h3>\n<p>Ein Programm, das das Neugeborene vor Gefahr oder Tod sch\u00fctzen und Sie vor rechtlichen Schritten bewahren soll.<\/p>\n<p>Das Kind kann innerhalb von 60 Tagen nach der Geburt ohne Festnahme oder Strafverfolgung \u00fcbergeben werden.<\/p>\n<h3>Was meinst du mit unverletzt?<\/h3>\n<p>Dies bedeutet, dass das Kind weder misshandelt noch vernachl\u00e4ssigt wurde und dass es keine Hinweise auf k\u00f6rperliche Verletzungen oder mangelnde F\u00fcrsorge f\u00fcr das Kind gibt.<\/p>\n<h3>Wo k\u00f6nnen Babys sicher abgegeben werden?<\/h3>\n<p>Die Babys k\u00f6nnen anonym in einem Krankenhaus in Maryland, einer daf\u00fcr vorgesehenen Arztpraxis, einer Polizeistation oder einer Feuerwache abgegeben werden. <a href=\"https:\/\/search.211md.org\/search?query=LJ-5000.8000&amp;query_label=Safe+Havens+for+Abandoned+Newborns&amp;query_type=taxonomy\" target=\"_blank\" rel=\"noopener\">Suchen<\/a> f\u00fcr einen Safe Haven-Standort nach Postleitzahl oder w\u00e4hlen Sie 211.<\/p>\n<h3>Was sollte jemand w\u00e4hrend der \u00dcbergabe sagen?<\/h3>\n<p>Sagen Sie einfach: \u201eDas ist ein Safe Haven, Baby\u201c und gehen Sie weg.<\/p>\n<p>M\u00f6glicherweise werden Ihnen Fragen zur Gesundheit des Babys und zur Krankengeschichte Ihrer Familie gestellt, damit die Betreuer das Kind besser betreuen k\u00f6nnen. Sie sind jedoch nicht verpflichtet, diese Fragen zu beantworten.<\/p>\n<h3>Ich habe Angst. Kann jemand anderes die \u00dcbergabe f\u00fcr mich \u00fcbernehmen?<\/h3>\n<p>Ja, sofern sie \u00fcber 18 Jahre alt sind. Es m\u00fcssen keine Fragen beantwortet werden.<\/p>\n<p>Sagen Sie einfach: \u201eDas ist ein Safe Haven-Baby.\u201c<\/p>\n<h3>Was wird mit dem Baby passieren?<\/h3>\n<p>Das Kind erh\u00e4lt die notwendige medizinische Versorgung und wird dann an das \u00f6rtliche Sozialamt \u00fcbergeben und zur Adoption freigegeben.<\/p>\n<h3>Was ist, wenn ich meine Meinung \u00e4ndere?<\/h3>\n<p>Ziel ist es, das Baby dauerhaft in einem sicheren und stabilen Zuhause unterzubringen. Betroffene k\u00f6nnen sich jedoch an das \u00f6rtliche Sozialamt wenden.<\/p>\n<h3>Wo k\u00f6nnen die Eltern medizinisch versorgt werden?<\/h3>\n<p>Wenn Sie Schmerzen, starke Blutungen oder Fieber haben, gehen Sie in die n\u00e4chste Notaufnahme oder wenden Sie sich an einen Arzt.<\/p>\n<p>Denken Sie daran, dass die \u00dcbergabe eines Babys an Safe Haven legal ist und Sie keine Konsequenzen zu bef\u00fcrchten haben.<\/p>\n<h3>Haben Sie weitere Fragen?<\/h3>\n<p>W\u00e4hlen Sie 211, das Department of Human Services unter 1-800-332-6347 oder <a href=\"https:\/\/dhs.maryland.gov\/local-offices\/\" target=\"_blank\" rel=\"noopener\">lokal<\/a> Sozialamt. Anrufe sind anonym. Bitten Sie darum, mit jemandem von Safe Haven zu sprechen.<\/p>\n<p>&nbsp;<\/p>","protected":false},"excerpt":{"rendered":"<p>Es gibt Hilfe f\u00fcr Schwangere und Personen, die vor Kurzem ein Baby bekommen haben und noch nicht bereit sind, Eltern zu werden oder eine Familie zu gr\u00fcnden. Was ist Safe Haven? Safe Haven bietet Eltern eine legale und sichere Alternative, ihr unverletztes Baby bis zu einem Alter von 60 Tagen anonym abzugeben. Es gibt keine\u2026<\/p>","protected":false},"author":7,"featured_media":4934,"parent":839,"menu_order":0,"comment_status":"closed","ping_status":"closed","template":"","meta":{"footnotes":""},"class_list":["post-4932","page","type-page","status-publish","has-post-thumbnail","hentry"],"_links":{"self":[{"href":"https:\/\/211md.org\/de\/wp-json\/wp\/v2\/pages\/4932","targetHints":{"allow":["GET"]}}],"collection":[{"href":"https:\/\/211md.org\/de\/wp-json\/wp\/v2\/pages"}],"about":[{"href":"https:\/\/211md.org\/de\/wp-json\/wp\/v2\/types\/page"}],"author":[{"embeddable":true,"href":"https:\/\/211md.org\/de\/wp-json\/wp\/v2\/users\/7"}],"replies":[{"embeddable":true,"href":"https:\/\/211md.org\/de\/wp-json\/wp\/v2\/comments?post=4932"}],"version-history":[{"count":6,"href":"https:\/\/211md.org\/de\/wp-json\/wp\/v2\/pages\/4932\/revisions"}],"predecessor-version":[{"id":4985,"href":"https:\/\/211md.org\/de\/wp-json\/wp\/v2\/pages\/4932\/revisions\/4985"}],"up":[{"embeddable":true,"href":"https:\/\/211md.org\/de\/wp-json\/wp\/v2\/pages\/839"}],"wp:featuredmedia":[{"embeddable":true,"href":"https:\/\/211md.org\/de\/wp-json\/wp\/v2\/media\/4934"}],"wp:attachment":[{"href":"https:\/\/211md.org\/de\/wp-json\/wp\/v2\/media?parent=4932"}],"curies":[{"name":"wp","href":"https:\/\/api.w.org\/{rel}","templated":true}]}}