{"id":521,"date":"2021-03-30T15:34:55","date_gmt":"2021-03-30T15:34:55","guid":{"rendered":"https:\/\/211md.org\/?page_id=521"},"modified":"2026-03-20T16:48:25","modified_gmt":"2026-03-20T20:48:25","slug":"about","status":"publish","type":"page","link":"https:\/\/211md.org\/de\/about\/","title":{"rendered":"\u00dcber 211 Services in Maryland"},"content":{"rendered":"<figure itemscope=\"\" itemtype=\"https:\/\/schema.org\/ImageObject\">\n\t\t\t\t<img decoding=\"async\" src=\"https:\/\/211md.org\/wp-content\/uploads\/2021\/05\/UWCM-211MD-Call-Center-2-scaled.jpeg\" alt=\"Menschen, die in einem Callcenter arbeiten\" height=\"1920\" width=\"2560\" title=\"UWCM 211MD Callcenter 2\" onerror=\"this.style.display='none'\" loading=\"lazy\">\n\t<\/figure>\n\t<p>211 ist das umfassendste Informations- und Vermittlungssystem f\u00fcr Gesundheits- und Sozialdienste in Maryland. Mit \u00fcber 7.500 Ressourcen k\u00f6nnen Menschen mit dringenden Bed\u00fcrfnissen rund um die Uhr an 365 Tagen im Jahr lokale Hilfe in Anspruch nehmen.<\/p>\n<p>Die <a href=\"https:\/\/mdinfonet.org\/\" target=\"_blank\" rel=\"noopener\">Maryland-Informationsnetzwerk<\/a>, eine gemeinn\u00fctzige Organisation gem\u00e4\u00df 501(c)(3), ist der staatlich autorisierte Verwalter von 211 Diensten in Maryland.<\/p>\n<h2>Finden Sie Hilfe in Maryland<\/h2>\n<p>211 hilft bei Fragen zu Lebensmitteln, Unterkunft, Einwanderung, Versorgungsleistungen und vielem mehr. Es gibt verschiedene M\u00f6glichkeiten, Kontakt aufzunehmen und Hilfe zu erhalten.<\/p>\n<p>So erhalten Sie Hilfe:<\/p>\n<ul>\n<li>W\u00e4hlen Sie 211 und sprechen Sie mit jemandem, der Ihnen bei der Ermittlung von Bedarf und Ressourcen helfen kann.<\/li>\n<li><a href=\"https:\/\/search.211md.org\">Suchen<\/a> f\u00fcr Ressourcen nach Postleitzahl und Bedarf.<\/li>\n<li><a href=\"https:\/\/211md.org\/de\/ressourcen\/\">Erhalten Sie Informationen und Ressourcenempfehlungen<\/a> f\u00fcr die wichtigsten Bed\u00fcrfnisse wie Nahrung, Unterkunft, Besch\u00e4ftigung, Kinderbetreuung und mehr.<\/li>\n<\/ul>\n<h2>\n\t\t\tVerbinden Sie sich. Hilfe bekommen.\t<\/h2>\n\t<p>Das Maryland Information Network betreut ein landesweites Netzwerk von <a href=\"\/de\/about\/call-center-network\/\" target=\"_blank\" rel=\"noopener\">211 Callcenter<\/a>, bietet wichtige Verbindungen zu Marylandern, wenn sie diese am meisten brauchen. Anrufer werden automatisch an ihr regionales Callcenter weitergeleitet, um Hilfe zu erhalten.<\/p>\n\t\t<figure itemscope=\"\" itemtype=\"https:\/\/schema.org\/ImageObject\">\n\t\t\t\t<a href=\"\/de\/about\/hilfe-bekommen\/\" target=\"_self\" itemprop=\"url\">\n\t\t\t\t<img decoding=\"async\" src=\"https:\/\/211md.org\/wp-content\/uploads\/bb-plugin\/cache\/Mask-Group-30@2x-circle-01b6aad86ad352fffd649857c06b7224-.png\" alt=\"Frau, die auf ihr Telefon h\u00f6rt\" height=\"525\" width=\"596\" title=\"Maskengruppe 30@2x\" onerror=\"this.style.display='none'\" loading=\"lazy\">\n\t\t\t\t<\/a>\n\t<\/figure>\n<h3><a href=\"\/de\/about\/hilfe-bekommen\/\" target=\"_self\">W\u00e4hlen<\/a><\/h3><p>211 Spezialisten h\u00f6ren zu, identifizieren alle unerf\u00fcllten Bed\u00fcrfnisse, verbinden Anrufer mit Ressourcen und gehen bei Bedarf nach.<\/p>\n\t\t\t<a href=\"\/de\/about\/hilfe-bekommen\/\" target=\"_self\">\n\t\t\t\t\t\t\tHilfe bekommen\n\t\t\t\t\t<\/a>\n\t\t<figure itemscope=\"\" itemtype=\"https:\/\/schema.org\/ImageObject\">\n\t\t\t\t<a href=\"https:\/\/search.211md.org\/\" target=\"_blank\" rel=\"noopener\" itemprop=\"url\">\n\t\t\t\t<img decoding=\"async\" src=\"https:\/\/211md.org\/wp-content\/uploads\/bb-plugin\/cache\/Mask-Group-22@2x-circle-8aa2b868bce1f6cf5ebb1a770d6d95f3-.png\" alt=\"Frau, die sich die Maryland 2-1-1-Website ansieht\" height=\"555\" width=\"650\" title=\"Maskengruppe 22@2x\" onerror=\"this.style.display='none'\" loading=\"lazy\">\n\t\t\t\t<\/a>\n\t<\/figure>\n<h3><a href=\"https:\/\/search.211md.org\/\" target=\"_blank\" rel=\"noopener\">Durchsuchbare Ressourcendatenbank<\/a><\/h3><p>Finden Sie wichtige Ressourcen in der umfassendsten Datenbank f\u00fcr unerf\u00fcllte Bed\u00fcrfnisse im Bundesstaat.<\/p>\n\t\t\t<a href=\"https:\/\/search.211md.org\/\" target=\"_blank\" rel=\"noopener\">\n\t\t\t\t\t\t\tJetzt suchen\n\t\t\t\t\t<\/a>\n\t\t<figure itemscope=\"\" itemtype=\"https:\/\/schema.org\/ImageObject\">\n\t\t\t\t<a href=\"\/de\/about\/textnachrichten\/\" target=\"_self\" itemprop=\"url\">\n\t\t\t\t<img decoding=\"async\" src=\"https:\/\/211md.org\/wp-content\/uploads\/bb-plugin\/cache\/About-One-Stop-2-circle-42d490bec6afa7775023868490c61c80-.png\" alt=\"Eine Person, die mit einem Mobiltelefon steht\" height=\"525\" width=\"596\" title=\"Ungef\u00e4hr-One Stop-2\" onerror=\"this.style.display='none'\" loading=\"lazy\">\n\t\t\t\t<\/a>\n\t<\/figure>\n<h3><a href=\"\/de\/about\/textnachrichten\/\" target=\"_self\">Laufende, unterst\u00fctzende Textnachrichten<\/a><\/h3><p>Benutzerdefinierte Textnachrichten auf Englisch und Spanisch informieren und inspirieren bei Bedarf.<\/p>\n\t\t\t<a href=\"\/de\/about\/textnachrichten\/\" target=\"_self\">\n\t\t\t\t\t\t\tAnmeldung\n\t\t\t\t\t<\/a>\n\t\t7,000+\n\t\t\t\t\tAgencies &amp; Programs\n\t\t150+\n\t\t\t\t\tAvailable Languages\n\t\t24\/7\/365\n\t\t\t\t\tReady to Help\n\t\t200k\n\t\t\t\t\tText Subscribers\n<h2>\n\t\t\t\u00dcber unsere Reise\t<\/h2>\n\t<p>W\u00e4hrend in den 1960er Jahren mit der Entwicklung einer zentralen Informations- und \u00dcberweisungsressource begonnen wurde, wurde 211 erst Jahrzehnte sp\u00e4ter zum zentralen Ansprechpartner f\u00fcr Gesundheits- und Sozialdienste in Maryland.<\/p>\n<h2>\n\t\t\t1960\t<\/h2>\n\t<p>Der Baltimore Council of Social Agencies leitet die ersten Bem\u00fchungen zur Entwicklung eines zentralen Informations- und Vermittlungsdienstes.<\/p>\n\t<p>Der Health and Welfare Council initiiert den ersten Versuch, eine umfassende, computergest\u00fctzte Gesundheits- und Sozialdienstdatenbank f\u00fcr Maryland zu erstellen.<\/p>\n<h2>\n\t\t\t1983\t<\/h2>\n<h2>\n\t\t\t2000\t<\/h2>\n\t<p>Die Federal Communications Commission (FCC) legt 211 als nationalen dreistelligen Zugangscode f\u00fcr Informationen und \u00dcberweisungen zu Gesundheits- und Sozialdiensten fest.<\/p>\n<p>United Way of Central Maryland (UWCM) beruft die 211 Maryland Task Force ein, um das 211-System in Maryland vorzubereiten und zu planen.<\/p>\n\t<p>Die Landesgesetzgebung legt 211 als prim\u00e4re Informations- und \u00dcberweisungstelefonnummer f\u00fcr Gesundheits- und Sozialdienste in Maryland fest.<\/p>\n<p>Vier regionale Callcenter (Community Crisis Services, Life Crisis Center, Mental Health Association of Frederick County und United Way of Central Maryland) erkl\u00e4ren sich bereit, an einem zweij\u00e4hrigen Pilotprojekt teilzunehmen.<\/p>\n<h2>\n\t\t\t2004\t<\/h2>\n<h2>\n\t\t\t2010\t<\/h2>\n\t<p>Gr\u00fcndung des \u201eMaryland Information Network, 211 Maryland, Inc.\u201c<\/p>\n\t<p>211 Maryland erreicht 501(c)(3) den Status einer gemeinn\u00fctzigen Organisation und beginnt mit der Umsetzung.<\/p>\n<h2>\n\t\t\t2011\t<\/h2>\n<h2>\n\t\t\t2018\t<\/h2>\n\t<p>211 Maryland integriert die landesweite Krisen-Hotline 1-800 in das 211-System, um 211 Press 1 zu schaffen, das jetzt 988 hei\u00dft.<\/p>\n\t<p>Die staatliche Gesetzgebung \u00fcbertr\u00e4gt die Kontrolle \u00fcber das 211-System von Maryland auf 211 MD, Inc.<\/p>\n<h2>\n\t\t\t2020\t<\/h2>\n\t\t\t<a href=\"\/de\/partner\/\" target=\"_self\">\n\t\t\t\t\t\t\tLassen Sie uns zusammenarbeiten\n\t\t\t\t\t<\/a>","protected":false},"excerpt":{"rendered":"<p>211 ist das umfassendste Informations- und Vermittlungssystem f\u00fcr Gesundheits- und Sozialdienste in Maryland. Mit \u00fcber 7.500 Ressourcen k\u00f6nnen Menschen mit dringenden Bed\u00fcrfnissen rund um die Uhr lokale Hilfe in Anspruch nehmen. Das Maryland Information Network, eine gemeinn\u00fctzige Organisation nach \u00a7 501(c)(3), ist der staatlich autorisierte Verwalter der 211-Dienste in Maryland. Hilfe in Maryland finden: 211 hilft bei\u2026<\/p>","protected":false},"author":8,"featured_media":1830,"parent":0,"menu_order":0,"comment_status":"closed","ping_status":"closed","template":"","meta":{"footnotes":""},"class_list":["post-521","page","type-page","status-publish","has-post-thumbnail","hentry"],"_links":{"self":[{"href":"https:\/\/211md.org\/de\/wp-json\/wp\/v2\/pages\/521","targetHints":{"allow":["GET"]}}],"collection":[{"href":"https:\/\/211md.org\/de\/wp-json\/wp\/v2\/pages"}],"about":[{"href":"https:\/\/211md.org\/de\/wp-json\/wp\/v2\/types\/page"}],"author":[{"embeddable":true,"href":"https:\/\/211md.org\/de\/wp-json\/wp\/v2\/users\/8"}],"replies":[{"embeddable":true,"href":"https:\/\/211md.org\/de\/wp-json\/wp\/v2\/comments?post=521"}],"version-history":[{"count":8,"href":"https:\/\/211md.org\/de\/wp-json\/wp\/v2\/pages\/521\/revisions"}],"predecessor-version":[{"id":34425,"href":"https:\/\/211md.org\/de\/wp-json\/wp\/v2\/pages\/521\/revisions\/34425"}],"wp:featuredmedia":[{"embeddable":true,"href":"https:\/\/211md.org\/de\/wp-json\/wp\/v2\/media\/1830"}],"wp:attachment":[{"href":"https:\/\/211md.org\/de\/wp-json\/wp\/v2\/media?parent=521"}],"curies":[{"name":"wp","href":"https:\/\/api.w.org\/{rel}","templated":true}]}}