{"id":669,"date":"2021-04-01T18:13:40","date_gmt":"2021-04-01T18:13:40","guid":{"rendered":"https:\/\/211md.org\/?page_id=669"},"modified":"2026-03-20T16:48:21","modified_gmt":"2026-03-20T20:48:21","slug":"faq","status":"publish","type":"page","link":"https:\/\/211md.org\/de\/about\/faq\/","title":{"rendered":"211 MD-FAQs"},"content":{"rendered":"<h2>H\u00e4ufig gestellte Fragen<\/h2>\n<p>Erfahren Sie mehr \u00fcber unsere allgemeinen FAQs unten oder <a href=\"https:\/\/211md.org\/de\/partner\/#faq\">Besuchen Sie unsere Partnerseite<\/a> f\u00fcr Partner-FAQs.<\/p>\n\t\t\t\t\t<h3 id=\"fl-accordion--label-0\" tabindex=\"0\" aria-controls=\"fl-accordion--panel-0\">Was ist 211 Maryland?<\/h3>\n\t\t\t\t\t\t\t\t\t\t\t<a href=\"#\" id=\"fl-accordion--icon-0\"  tabindex=\"0\"><i title=\"Zusammenbruch\">Zusammenbruch<\/i><\/a>\n\t\t\t\t\t<p>211 ist das umfassendste Informations- und Vermittlungssystem des Staates f\u00fcr Gesundheits- und Sozialdienste. Mit \u00fcber 7.500 Ressourcen k\u00f6nnen Menschen mit dringenden Bed\u00fcrfnissen rund um die Uhr an 365 Tagen im Jahr lokale Hilfe in Anspruch nehmen. 211 Maryland ist ein kostenloser und vertraulicher Dienst mit \u00dcbersetzungen in \u00fcber 150 Sprachen.<\/p>\n<p>Die\u00a0<a href=\"https:\/\/mdinfonet.org\/\" target=\"_blank\" rel=\"noopener\">Maryland-Informationsnetzwerk<\/a>, eine gemeinn\u00fctzige Organisation gem\u00e4\u00df 501(c)3, ist der vom Staat benannte Verwalter des 211-Systems in Maryland.<\/p>\n\t\t\t\t\t<h3 id=\"fl-accordion--label-1\" tabindex=\"0\" aria-controls=\"fl-accordion--panel-1\">Wie greife ich auf 211 Maryland-Ressourcen zu?<\/h3>\n\t\t\t\t\t\t\t\t\t\t\t<a href=\"#\" id=\"fl-accordion--icon-1\"  tabindex=\"0\"><i title=\"Expandieren\">Expandieren<\/i><\/a>\n\t\t\t\t\t<p>Verbinden Sie sich 24\/7\/365 mit 211 durch:<\/p>\n<ul>\n<li>W\u00e4hlen\u00a0<strong>211\u00a0<\/strong>von jedem Telefon.<\/li>\n<li><a href=\"https:\/\/search.211md.org\/\" target=\"_blank\" rel=\"noopener\">Suche in unserer Datenbank.<\/a><\/li>\n<li><a href=\"https:\/\/211md.org\/de\/about\/textnachrichten\/\" rel=\"noopener\">Melden Sie sich f\u00fcr den laufenden SMS-Support an<\/a>.<\/li>\n<\/ul>\n<p>Es handelt sich um eine KOSTENLOSE und vertrauliche Community-Ressource, die allen zur Verf\u00fcgung steht\u00a0<u>alle<\/u>\u00a0in Maryland. Es k\u00f6nnen Text- und Daten\u00fcbermittlungsdienste gelten.<\/p>\n\t\t\t\t\t<h3 id=\"fl-accordion--label-2\" tabindex=\"0\" aria-controls=\"fl-accordion--panel-2\">Wie lautet die Telefonnummer von 211 Maryland?<\/h3>\n\t\t\t\t\t\t\t\t\t\t\t<a href=\"#\" id=\"fl-accordion--icon-2\"  tabindex=\"0\"><i title=\"Expandieren\">Expandieren<\/i><\/a>\n\t\t\t\t\t<p>Kontaktieren Sie 211 Maryland, indem Sie die Nummer 211 w\u00e4hlen. Spezialisten sind rund um die Uhr an 365 Tagen im Jahr verf\u00fcgbar.<\/p>\n\t\t\t\t\t<h3 id=\"fl-accordion--label-3\" tabindex=\"0\" aria-controls=\"fl-accordion--panel-3\">Wann kann ich 211 Maryland anrufen?<\/h3>\n\t\t\t\t\t\t\t\t\t\t\t<a href=\"#\" id=\"fl-accordion--icon-3\"  tabindex=\"0\"><i title=\"Expandieren\">Expandieren<\/i><\/a>\n\t\t\t\t\t<p>211 ist 24 Stunden am Tag, 7 Tage die Woche, 365 Tage im Jahr erreichbar.<\/p>\n\t\t\t\t\t<h3 id=\"fl-accordion--label-4\" tabindex=\"0\" aria-controls=\"fl-accordion--panel-4\">Wie kann 211 Maryland mir helfen?<\/h3>\n\t\t\t\t\t\t\t\t\t\t\t<a href=\"#\" id=\"fl-accordion--icon-4\"  tabindex=\"0\"><i title=\"Expandieren\">Expandieren<\/i><\/a>\n\t\t\t\t\t<p><strong>Empathische Information und Empfehlung\u00a0<\/strong>Spezialisten wissen, dass es schwierig sein kann, sich im manchmal verwirrenden Labyrinth des Gesundheits- und Personalwesens zurechtzufinden. Anhand Ihrer Postleitzahl durchsuchen sie unsere aktuelle Ressourcendatenbank mit \u00fcber 7.000 Agenturen und Diensten. Wir verbinden Sie mit den besten Organisationen und Diensten in Ihrer N\u00e4he und beantworten Fragen zu folgenden ungedeckten Bed\u00fcrfnissen:<\/p>\n<ul>\n<li>Essen<\/li>\n<li>Unterkunft und Unterkunft<\/li>\n<li>Notunterkunft<\/li>\n<li>Utility-Hilfe<\/li>\n<li>Finanzielle Unterst\u00fctzung<\/li>\n<li>Psychische Gesundheit<\/li>\n<li>Drogenmissbrauch<\/li>\n<li>Suizid und Krisenintervention<\/li>\n<li>COVID-19-Tests<\/li>\n<li>Gesundheitswesen<\/li>\n<li>Kinder und Familien (Kinderbetreuung, Elternunterst\u00fctzung, Versorgung und Kleidung und Schulreife)<\/li>\n<li>Alter und Behinderung<\/li>\n<li>Rechtsberatung<\/li>\n<li>Informationen zur Steuervorbereitung<\/li>\n<li>Veteranen<\/li>\n<li>H\u00e4usliche Gewalt<\/li>\n<li>Besch\u00e4ftigung<\/li>\n<li>Transport<\/li>\n<\/ul>\n<p>Am Ende des Gespr\u00e4chs sind Sie bereit, Ma\u00dfnahmen zu ergreifen, um die ben\u00f6tigte Hilfe zu erhalten.<\/p>\n\t\t\t\t\t<h3 id=\"fl-accordion--label-5\" tabindex=\"0\" aria-controls=\"fl-accordion--panel-5\">Was erwartet mich, wenn ich anrufe?<\/h3>\n\t\t\t\t\t\t\t\t\t\t\t<a href=\"#\" id=\"fl-accordion--icon-5\"  tabindex=\"0\"><i title=\"Expandieren\">Expandieren<\/i><\/a>\n\t\t\t\t\t<ol>\n<li>W\u00e4hlen Sie 211.<\/li>\n<li>Ein 211-Spezialist wird\u00a0<strong>h\u00f6ren<\/strong>\u00a0zu Ihren Anliegen.<\/li>\n<li>Der Spezialist wird Fragen stellen\u00a0<strong>Identifizieren Sie Ihre unerf\u00fcllten Bed\u00fcrfnisse<\/strong>.<\/li>\n<li>Sie stellen Ihre zur Verf\u00fcgung<strong>\u00a0Lage<\/strong>\u00a0um Ressourcen in Ihrer N\u00e4he zu ermitteln.<\/li>\n<li>Sie k\u00f6nnen zur Verf\u00fcgung stellen\u00a0<strong>Kontakt Informationen<\/strong>\u00a0wenn Sie einen Folgeanruf w\u00fcnschen, um zus\u00e4tzliche Ressourcen anzubieten.<\/li>\n<li>Der Call-Ressourcen-Spezialist verbindet Sie mit\u00a0<strong>Ressourcen<\/strong>.<\/li>\n<\/ol>\n<p>Alle Anrufe sind vertraulich.<\/p>\n\t\t\t\t\t<h3 id=\"fl-accordion--label-6\" tabindex=\"0\" aria-controls=\"fl-accordion--panel-6\">Was passiert, wenn mein Mobiltelefon keine Verbindung zu 211 Maryland herstellen kann?<\/h3>\n\t\t\t\t\t\t\t\t\t\t\t<a href=\"#\" id=\"fl-accordion--icon-6\"  tabindex=\"0\"><i title=\"Expandieren\">Expandieren<\/i><\/a>\n\t\t\t\t\t<p>Die meisten Telefone unterst\u00fctzen die Vorwahl 211. Bei Problemen k\u00f6nnen Sie auch folgende Nummer anrufen:<\/p>\n<ul>\n<li>S\u00fcdliches (Haupt-)Maryland: 1-866-770-1910<\/li>\n<li>Zentral-Maryland: 1-866-406-8156<\/li>\n<li>Ostk\u00fcste: 1-866-231-7101<\/li>\n<li>Westliches Maryland: 1-866-411-6803<\/li>\n<\/ul>\n\t\t\t\t\t<h3 id=\"fl-accordion--label-7\" tabindex=\"0\" aria-controls=\"fl-accordion--panel-7\">Was ist, wenn ich geh\u00f6rlos oder schwerh\u00f6rig bin?<\/h3>\n\t\t\t\t\t\t\t\t\t\t\t<a href=\"#\" id=\"fl-accordion--icon-7\"  tabindex=\"0\"><i title=\"Expandieren\">Expandieren<\/i><\/a>\n\t\t\t\t\t<p>Rufen Sie 7-1-1 an, um \u00fcber Maryland Relay auf 211 Maryland zuzugreifen.<\/p>\n\t\t\t\t\t<h3 id=\"fl-accordion--label-8\" tabindex=\"0\" aria-controls=\"fl-accordion--panel-8\">Welche Sprachen sind verf\u00fcgbar?<\/h3>\n\t\t\t\t\t\t\t\t\t\t\t<a href=\"#\" id=\"fl-accordion--icon-8\"  tabindex=\"0\"><i title=\"Expandieren\">Expandieren<\/i><\/a>\n\t\t\t\t\t<p>Es stehen englisch- und spanischsprachige Spezialisten sowie \u00dcbersetzungen in \u00fcber 150 Sprachen zur Verf\u00fcgung.<\/p>\n\t\t\t\t\t<h3 id=\"fl-accordion--label-9\" tabindex=\"0\" aria-controls=\"fl-accordion--panel-9\">Kann ich selbst nach Ressourcen suchen?<\/h3>\n\t\t\t\t\t\t\t\t\t\t\t<a href=\"#\" id=\"fl-accordion--icon-9\"  tabindex=\"0\"><i title=\"Expandieren\">Expandieren<\/i><\/a>\n\t\t\t\t\t<p>Ja! Unsere Online-Datenbank enth\u00e4lt \u00fcber 7.000 landesweite Ressourcen.<\/p>\n<p>Suche nach\u00a0<strong>Stichwort\u00a0<\/strong>oder Ihre<strong> Lage. <\/strong>Gehe zu\u00a0<a href=\"https:\/\/search.211md.org\/\" target=\"_blank\" rel=\"noopener\">search.211md.org<\/a>\u00a0um noch heute mit der Suche zu beginnen.<\/p>\n\t\t\t\t\t<h3 id=\"fl-accordion--label-10\" tabindex=\"0\" aria-controls=\"fl-accordion--panel-10\">Wie erhalte ich fortlaufenden Support?<\/h3>\n\t\t\t\t\t\t\t\t\t\t\t<a href=\"#\" id=\"fl-accordion--icon-10\"  tabindex=\"0\"><i title=\"Expandieren\">Expandieren<\/i><\/a>\n\t\t\t\t\t<p>211 Maryland-Angebote\u00a0<a href=\"\/de\/about\/textnachrichten\/\">laufende SMS-Unterst\u00fctzung<\/a>\u00a0auf Englisch und Spanisch. Melden Sie sich an, indem Sie eines dieser Schl\u00fcsselw\u00f6rter per SMS an 898-211 (TXT211) senden.<\/p>\n<ul>\n<li>Altern und Behinderungen: MDAging<\/li>\n<li>Hassverbrechen und Vorf\u00e4lle: MDStopHate<\/li>\n<li>Verwandtschaft: MDKinCares<\/li>\n<li>Psychisches Wohlbefinden: MDMindHealth | MDSaludMental<\/li>\n<li>Psychische Gesundheit von Teenagern: MDYoungMinds<\/li>\n<li>MidShore-Events und Community-Ressourcen: MidShore<\/li>\n<li>Opioid-Unterst\u00fctzung: MDHope<\/li>\n<li>Reintegrationsprogramme f\u00fcr inhaftierte und ehemalige H\u00e4ftlinge und ihre Familien: Reintegration<\/li>\n<li>Veteranen: MDCom2Vets<\/li>\n<li>Wellness: MDWellness<\/li>\n<\/ul>\n<p>Melden Sie sich an, indem Sie eines dieser Schl\u00fcsselw\u00f6rter per SMS an 211-631 (211MD1) senden.<\/p>\n<ul>\n<li>Katastrophenvorsorge: MDReady | MDListo<\/li>\n<\/ul>\n<p><em>211 Maryland bietet SMS-Warnprogramme an, die regionalspezifische Ressourceninformationen oder Katastrophenwarnungen bereitstellen. Es k\u00f6nnen Nachrichten- und Datengeb\u00fchren anfallen. Die Nachrichtenh\u00e4ufigkeit kann variieren. Um sich abzumelden, senden Sie eine SMS mit dem Text STOP an dieselbe Nummer. Wenn Sie Hilfe ben\u00f6tigen, senden Sie eine SMS mit dem Text HELP. Die vollst\u00e4ndigen SMS-Bedingungen finden Sie unter\u00a0<a href=\"https:\/\/211md.org\/de\/sms\/\">https:\/\/211md.org\/sms\/<\/a>\u00a0und\u00a0<a href=\"https:\/\/211md.org\/de\/datenschutz-bestimmungen\/\">Datenschutz-Bestimmungen<\/a>\u00a0wird auch gelten.\u00a0<\/em><\/p>","protected":false},"excerpt":{"rendered":"<p>H\u00e4ufig gestellte Fragen Erfahren Sie unten mehr \u00fcber unsere allgemeinen FAQs oder besuchen Sie unsere Partnerseite f\u00fcr Partner-FAQs. Was ist 211 Maryland? Collapse 211 ist das umfassendste Informations- und Vermittlungssystem des Staates f\u00fcr Gesundheits- und Sozialdienste. Mit \u00fcber 7.500 Ressourcen k\u00f6nnen Personen mit dringenden Bed\u00fcrfnissen rund um die Uhr an 365 Tagen im Jahr mit lokaler Hilfe verbunden werden. 211 Maryland ist ein\u2026<\/p>","protected":false},"author":8,"featured_media":1622,"parent":521,"menu_order":0,"comment_status":"closed","ping_status":"closed","template":"","meta":{"footnotes":""},"class_list":["post-669","page","type-page","status-publish","has-post-thumbnail","hentry"],"_links":{"self":[{"href":"https:\/\/211md.org\/de\/wp-json\/wp\/v2\/pages\/669","targetHints":{"allow":["GET"]}}],"collection":[{"href":"https:\/\/211md.org\/de\/wp-json\/wp\/v2\/pages"}],"about":[{"href":"https:\/\/211md.org\/de\/wp-json\/wp\/v2\/types\/page"}],"author":[{"embeddable":true,"href":"https:\/\/211md.org\/de\/wp-json\/wp\/v2\/users\/8"}],"replies":[{"embeddable":true,"href":"https:\/\/211md.org\/de\/wp-json\/wp\/v2\/comments?post=669"}],"version-history":[{"count":3,"href":"https:\/\/211md.org\/de\/wp-json\/wp\/v2\/pages\/669\/revisions"}],"predecessor-version":[{"id":33896,"href":"https:\/\/211md.org\/de\/wp-json\/wp\/v2\/pages\/669\/revisions\/33896"}],"up":[{"embeddable":true,"href":"https:\/\/211md.org\/de\/wp-json\/wp\/v2\/pages\/521"}],"wp:featuredmedia":[{"embeddable":true,"href":"https:\/\/211md.org\/de\/wp-json\/wp\/v2\/media\/1622"}],"wp:attachment":[{"href":"https:\/\/211md.org\/de\/wp-json\/wp\/v2\/media?parent=669"}],"curies":[{"name":"wp","href":"https:\/\/api.w.org\/{rel}","templated":true}]}}