{"id":707,"date":"2021-04-05T20:35:47","date_gmt":"2021-04-05T20:35:47","guid":{"rendered":"https:\/\/211md.org\/?page_id=707"},"modified":"2023-10-31T14:58:30","modified_gmt":"2023-10-31T18:58:30","slug":"daten-2","status":"publish","type":"page","link":"https:\/\/211md.org\/de\/data\/","title":{"rendered":"Daten"},"content":{"rendered":"<img decoding=\"async\" src=\"https:\/\/211md.org\/wp-content\/uploads\/2021\/05\/Find-Your-Story.png\" alt=\"Eine Hand h\u00e4lt eine Lupe und betrachtet Profilbilder verschiedener Menschen\" itemprop=\"image\" title=\"Finden Sie Ihre Geschichte\" onerror=\"this.style.display='none'\">\n\t<h2>Jeder Mensch hat eine Geschichte<\/h2>\n<p><strong>Mit unseren Daten erwecken wir die Geschichten Ihrer Community zum Leben.<\/strong><\/p>\n<p>Gewinnen Sie mit segmentierten Daten-Dashboards historische und Echtzeit-Einblicke f\u00fcr die strategische Entscheidungsfindung. Entdecken Sie demografische und geografische Trends. Die Daten werden w\u00f6chentlich aktualisiert.<\/p>\n<h2>\n\t\tEntdecken Sie unsere Daten\n\t<\/h2>\n\t\t\t\t<a href=\"https:\/\/app.powerbi.com\/view?r=eyJrIjoiNjQ1ODhiMGUtODc0OC00NjcyLWJjOTgtNTE3YTNlM2E0OTcyIiwidCI6ImJjNTRlYmRiLTU3NDYtNDZmYS1iOGM0LWVkZWFkNjE2MmY2ZCIsImMiOjF9\" target=\"_blank\" rel=\"noopener\" itemprop=\"url\">\n\t\t\t\t<img decoding=\"async\" src=\"https:\/\/211md.org\/wp-content\/uploads\/bb-plugin\/cache\/contacts-2-square.png\" alt=\"Eine Menschenmenge\" itemprop=\"image\" title=\"Kontakte (2)\" onerror=\"this.style.display='none'\">\n\t\t\t\t<\/a>\n<h3><a href=\"https:\/\/app.powerbi.com\/view?r=eyJrIjoiNjQ1ODhiMGUtODc0OC00NjcyLWJjOTgtNTE3YTNlM2E0OTcyIiwidCI6ImJjNTRlYmRiLTU3NDYtNDZmYS1iOGM0LWVkZWFkNjE2MmY2ZCIsImMiOjF9\" target=\"_blank\" rel=\"noopener\">Kontakte<\/a><\/h3>\t\t\n<p>Erhalten Sie Daten dar\u00fcber, wie viele Marylander in einem bestimmten Landkreis oder einer bestimmten Postleitzahl Hilfe ben\u00f6tigen.<\/p>\n<a href=\"https:\/\/app.powerbi.com\/view?r=eyJrIjoiNjQ1ODhiMGUtODc0OC00NjcyLWJjOTgtNTE3YTNlM2E0OTcyIiwidCI6ImJjNTRlYmRiLTU3NDYtNDZmYS1iOGM0LWVkZWFkNjE2MmY2ZCIsImMiOjF9\" rel=\"noopener\" target=\"_blank\">Dashboard anzeigen<\/a>\t\t\n\t\t\t\t<a href=\"https:\/\/app.powerbi.com\/view?r=eyJrIjoiZjZiYTc5M2UtOWUzYS00MWRjLThhM2EtZTg2Y2QxYzljZGE1IiwidCI6ImJjNTRlYmRiLTU3NDYtNDZmYS1iOGM0LWVkZWFkNjE2MmY2ZCIsImMiOjF9&amp;pageName=ReportSection5aceecb1f28d8306afa3\" target=\"_blank\" rel=\"noopener\" itemprop=\"url\">\n\t\t\t\t<img decoding=\"async\" src=\"https:\/\/211md.org\/wp-content\/uploads\/bb-plugin\/cache\/Data-Post-Image-COVID-square.png\" alt=\"Eine COVID-19-Zelle\" itemprop=\"image\" title=\"Datenbeitragsbild \u2013 COVID\" onerror=\"this.style.display='none'\">\n\t\t\t\t<\/a>\n<h3><a href=\"https:\/\/app.powerbi.com\/view?r=eyJrIjoiZjZiYTc5M2UtOWUzYS00MWRjLThhM2EtZTg2Y2QxYzljZGE1IiwidCI6ImJjNTRlYmRiLTU3NDYtNDZmYS1iOGM0LWVkZWFkNjE2MmY2ZCIsImMiOjF9&amp;pageName=ReportSection5aceecb1f28d8306afa3\" target=\"_blank\" rel=\"noopener\">COVID-19<\/a><\/h3>\t\t\n\t\t\t<p>Ermitteln Sie den COVID-19-bezogenen Bedarf in Ihrer Gemeinde, einschlie\u00dflich spezifischer Details zu Tests und Nahrungsmittelbedarf.<\/p>\n<a href=\"https:\/\/app.powerbi.com\/view?r=eyJrIjoiZjZiYTc5M2UtOWUzYS00MWRjLThhM2EtZTg2Y2QxYzljZGE1IiwidCI6ImJjNTRlYmRiLTU3NDYtNDZmYS1iOGM0LWVkZWFkNjE2MmY2ZCIsImMiOjF9&amp;pageName=ReportSection5aceecb1f28d8306afa3\" rel=\"noopener\" target=\"_blank\">Dashboard anzeigen<\/a>\t\t\n\t\t\t\t<a href=\"https:\/\/app.powerbi.com\/view?r=eyJrIjoiN2I5OTdiNWItZDNmMC00NDZkLWJhOTYtOWJmNTJiYzYwMmZiIiwidCI6ImJjNTRlYmRiLTU3NDYtNDZmYS1iOGM0LWVkZWFkNjE2MmY2ZCIsImMiOjF9\" target=\"_blank\" rel=\"noopener\" itemprop=\"url\">\n\t\t\t\t<img decoding=\"async\" src=\"https:\/\/211md.org\/wp-content\/uploads\/bb-plugin\/cache\/Data-Post-Image-Demographics-square.png\" alt=\"Eine Gruppe von Menschen l\u00e4chelt in die Kamera\" itemprop=\"image\" title=\"Datenbeitragsbild \u2013 Demografie\" onerror=\"this.style.display='none'\">\n\t\t\t\t<\/a>\n<h3><a href=\"https:\/\/app.powerbi.com\/view?r=eyJrIjoiN2I5OTdiNWItZDNmMC00NDZkLWJhOTYtOWJmNTJiYzYwMmZiIiwidCI6ImJjNTRlYmRiLTU3NDYtNDZmYS1iOGM0LWVkZWFkNjE2MmY2ZCIsImMiOjF9\" target=\"_blank\" rel=\"noopener\">Demografie<\/a><\/h3>\t\t\n<p>Entdecken Sie die Demografie von 211 Maryland-Kontakten.<\/p>\n<a href=\"https:\/\/app.powerbi.com\/view?r=eyJrIjoiN2I5OTdiNWItZDNmMC00NDZkLWJhOTYtOWJmNTJiYzYwMmZiIiwidCI6ImJjNTRlYmRiLTU3NDYtNDZmYS1iOGM0LWVkZWFkNjE2MmY2ZCIsImMiOjF9\" rel=\"noopener\" target=\"_blank\">Dashboard anzeigen<\/a>\t\t\n\t\t\t\t<a href=\"https:\/\/app.powerbi.com\/view?r=eyJrIjoiN2UwMGViNTctMDliYS00MGI3LTk4ZTMtZmNkN2NmZWNkMDk4IiwidCI6ImJjNTRlYmRiLTU3NDYtNDZmYS1iOGM0LWVkZWFkNjE2MmY2ZCIsImMiOjF9&amp;pageName=ReportSection5aceecb1f28d8306afa3\" target=\"_blank\" rel=\"noopener\" itemprop=\"url\">\n\t\t\t\t<img decoding=\"async\" src=\"https:\/\/211md.org\/wp-content\/uploads\/bb-plugin\/cache\/Data-Post-Image-Food-Insecurity-square.png\" alt=\"Eine Person l\u00e4dt eine Kiste mit Lebensmitteln aus\" itemprop=\"image\" title=\"Datenbeitragsbild \u2013 Ern\u00e4hrungsunsicherheit\" onerror=\"this.style.display='none'\">\n\t\t\t\t<\/a>\n<h3><a href=\"https:\/\/app.powerbi.com\/view?r=eyJrIjoiN2UwMGViNTctMDliYS00MGI3LTk4ZTMtZmNkN2NmZWNkMDk4IiwidCI6ImJjNTRlYmRiLTU3NDYtNDZmYS1iOGM0LWVkZWFkNjE2MmY2ZCIsImMiOjF9&amp;pageName=ReportSection5aceecb1f28d8306afa3\" target=\"_blank\" rel=\"noopener\">COVID-19 Ern\u00e4hrungsunsicherheit<\/a><\/h3>\t\t\n<p>Finden Sie Orte mit der gr\u00f6\u00dften Ern\u00e4hrungsunsicherheit w\u00e4hrend COVID-19.<\/p>\n<a href=\"https:\/\/app.powerbi.com\/view?r=eyJrIjoiN2UwMGViNTctMDliYS00MGI3LTk4ZTMtZmNkN2NmZWNkMDk4IiwidCI6ImJjNTRlYmRiLTU3NDYtNDZmYS1iOGM0LWVkZWFkNjE2MmY2ZCIsImMiOjF9&amp;pageName=ReportSection5aceecb1f28d8306afa3\" rel=\"noopener\" target=\"_blank\">Dashboard anzeigen<\/a>\t\t\n\t\t\t\t<a href=\"https:\/\/app.powerbi.com\/view?r=eyJrIjoiZDcxYWJlYjEtODQ5NC00N2ZlLTlhYTEtZjliYzkzZTExNjgxIiwidCI6ImJjNTRlYmRiLTU3NDYtNDZmYS1iOGM0LWVkZWFkNjE2MmY2ZCIsImMiOjF9&amp;pageName=ReportSection\" target=\"_blank\" rel=\"noopener\" itemprop=\"url\">\n\t\t\t\t<img decoding=\"async\" src=\"https:\/\/211md.org\/wp-content\/uploads\/bb-plugin\/cache\/Data-Post-Image-Needs-square.png\" alt=\"Maryland-Flagge\" itemprop=\"image\" title=\"Datenbeitragsbild \u2013 Bedarf\" onerror=\"this.style.display='none'\">\n\t\t\t\t<\/a>\n<h3><a href=\"https:\/\/app.powerbi.com\/view?r=eyJrIjoiZDcxYWJlYjEtODQ5NC00N2ZlLTlhYTEtZjliYzkzZTExNjgxIiwidCI6ImJjNTRlYmRiLTU3NDYtNDZmYS1iOGM0LWVkZWFkNjE2MmY2ZCIsImMiOjF9&amp;pageName=ReportSection\" target=\"_blank\" rel=\"noopener\">Bed\u00fcrfnisse<\/a><\/h3>\t\t\n\t\t\t<p>Entdecken Sie die Bed\u00fcrfnisse im Gesundheits- und Sozialwesen und wie sie sich im Laufe der Zeit ver\u00e4ndert haben. Entdecken Sie au\u00dferdem unerf\u00fcllte Bed\u00fcrfnisse.<\/p>\n<a href=\"https:\/\/app.powerbi.com\/view?r=eyJrIjoiZDcxYWJlYjEtODQ5NC00N2ZlLTlhYTEtZjliYzkzZTExNjgxIiwidCI6ImJjNTRlYmRiLTU3NDYtNDZmYS1iOGM0LWVkZWFkNjE2MmY2ZCIsImMiOjF9&amp;pageName=ReportSection\" rel=\"noopener\" target=\"_blank\">Dashboard anzeigen<\/a>\t\t\n\t\t\t\t<a href=\"https:\/\/app.powerbi.com\/view?r=eyJrIjoiOGJlY2U1OGItMDBmOS00NTI5LTgzNTQtYWU0ZjkxZWYzNTJhIiwidCI6ImJjNTRlYmRiLTU3NDYtNDZmYS1iOGM0LWVkZWFkNjE2MmY2ZCIsImMiOjF9\" target=\"_blank\" rel=\"noopener\" itemprop=\"url\">\n\t\t\t\t<img decoding=\"async\" src=\"https:\/\/211md.org\/wp-content\/uploads\/bb-plugin\/cache\/agencies-square.png\" alt=\"Ein modernes Geb\u00e4ude\" itemprop=\"image\" title=\"Agenturen\" onerror=\"this.style.display='none'\">\n\t\t\t\t<\/a>\n<h3><a href=\"https:\/\/app.powerbi.com\/view?r=eyJrIjoiOGJlY2U1OGItMDBmOS00NTI5LTgzNTQtYWU0ZjkxZWYzNTJhIiwidCI6ImJjNTRlYmRiLTU3NDYtNDZmYS1iOGM0LWVkZWFkNjE2MmY2ZCIsImMiOjF9\" target=\"_blank\" rel=\"noopener\">Empfehlungsagenturen<\/a><\/h3>\t\t\n<p>Entdecken Sie die Agenturen, an die 211 Marylander verweist, und die wesentlichen Bed\u00fcrfnisse, die angesprochen werden.<\/p>\n<a href=\"https:\/\/app.powerbi.com\/view?r=eyJrIjoiOGJlY2U1OGItMDBmOS00NTI5LTgzNTQtYWU0ZjkxZWYzNTJhIiwidCI6ImJjNTRlYmRiLTU3NDYtNDZmYS1iOGM0LWVkZWFkNjE2MmY2ZCIsImMiOjF9\" rel=\"noopener\" target=\"_blank\">Dashboard anzeigen<\/a>\t\t\n\t<h2>Benutzerdefinierte Daten-Dashboards<\/h2>\n<p>Ben\u00f6tigen Sie ein individuelles Datenpaket oder ein Abonnement-Dashboard mit zus\u00e4tzlichen Informationen? Erhalten Sie zus\u00e4tzliche Kennzahlen wie die Agenturen, die die meisten 211 Maryland-Empfehlungen erhalten, und mehr. Dar\u00fcber hinaus integrieren wir unsere Daten in die Dashboards Ihres Unternehmens, um noch aussagekr\u00e4ftigere Erkenntnisse zu gewinnen.<\/p>\n<p><strong>Kontaktieren Sie uns noch heute bez\u00fcglich eines individuellen Daten-Dashboards oder einer allgemeinen Datenfrage.<\/strong><\/p>","protected":false},"excerpt":{"rendered":"<p>Jeder Mensch hat eine Geschichte. Mit unseren Daten erwecken wir die Geschichten Ihrer Community zum Leben. Gewinnen Sie mit segmentierten Daten-Dashboards historische und Echtzeit-Einblicke f\u00fcr die strategische Entscheidungsfindung. Entdecken Sie demografische und geografische Trends. Die Daten werden w\u00f6chentlich aktualisiert. Entdecken Sie unsere Datenkontakte. Erhalten Sie Daten dar\u00fcber, wie viele Marylander in einem bestimmten Landkreis Hilfe ben\u00f6tigen oder\u2026<\/p>","protected":false},"author":8,"featured_media":1631,"parent":0,"menu_order":0,"comment_status":"closed","ping_status":"closed","template":"","meta":{"footnotes":""},"class_list":["post-707","page","type-page","status-publish","has-post-thumbnail","hentry"],"_links":{"self":[{"href":"https:\/\/211md.org\/de\/wp-json\/wp\/v2\/pages\/707","targetHints":{"allow":["GET"]}}],"collection":[{"href":"https:\/\/211md.org\/de\/wp-json\/wp\/v2\/pages"}],"about":[{"href":"https:\/\/211md.org\/de\/wp-json\/wp\/v2\/types\/page"}],"author":[{"embeddable":true,"href":"https:\/\/211md.org\/de\/wp-json\/wp\/v2\/users\/8"}],"replies":[{"embeddable":true,"href":"https:\/\/211md.org\/de\/wp-json\/wp\/v2\/comments?post=707"}],"version-history":[{"count":0,"href":"https:\/\/211md.org\/de\/wp-json\/wp\/v2\/pages\/707\/revisions"}],"wp:featuredmedia":[{"embeddable":true,"href":"https:\/\/211md.org\/de\/wp-json\/wp\/v2\/media\/1631"}],"wp:attachment":[{"href":"https:\/\/211md.org\/de\/wp-json\/wp\/v2\/media?parent=707"}],"curies":[{"name":"wp","href":"https:\/\/api.w.org\/{rel}","templated":true}]}}