{"id":719,"date":"2021-04-05T21:15:11","date_gmt":"2021-04-05T21:15:11","guid":{"rendered":"https:\/\/211md.org\/?page_id=719"},"modified":"2024-09-19T06:31:43","modified_gmt":"2024-09-19T10:31:43","slug":"karriere-2","status":"publish","type":"page","link":"https:\/\/211md.org\/de\/about\/careers\/","title":{"rendered":"Karriere"},"content":{"rendered":"<h2>Eine Karriere, die einen Unterschied macht<\/h2>\n<p>211 Maryland ist eine wachsende gemeinn\u00fctzige Organisation gem\u00e4\u00df 501(c)(3) mit einer Reihe neuer und aufregender Initiativen. Senden Sie zur Bewerbung Ihren Lebenslauf und Ihre Gehaltsvorstellungen an&nbsp;<a href=\"mailto:info@211md.org\">info@211md.org<\/a>. Bitte keine Telefonate.<\/p>\n\t<h2>Offene Positionen<\/h2>\n<p>Derzeit keine offenen Stellen.<\/p>\n\t<h2>Arbeiten bei 211 Maryland, Inc<\/h2>\n<p>Ich glaube, dass jeder von uns einen Sinn in seiner Arbeit finden muss, und es funktioniert am besten, wenn man wei\u00df, dass es nicht nur Arbeit ist, sondern etwas, das dazu beitr\u00e4gt, das Leben anderer zu verbessern. Mitarbeiter des Maryland Information Network, auch bekannt als 211 Maryland, bem\u00fchen sich jeden Tag, etwas zu bewegen. Es beginnt mit unserem&nbsp;<strong>Markenversprechen<\/strong>&nbsp;<em>\u201eUm Einzelpersonen und Gemeinschaften zu helfen, indem wir diejenigen mit unerf\u00fcllten Bed\u00fcrfnissen mit wesentlichen Ressourcen verbinden.\u201c<\/em><\/p>\n<p>Als rund um die Uhr verf\u00fcgbare zentrale Verbindung zu den Gesundheits- und Sozialdiensten des Staates verf\u00fcgen wir \u00fcber ein Netzwerk von Call Centern, die Helden sind, die Bed\u00fcrftige unterst\u00fctzen. Unsere Technologie erm\u00f6glicht es jedem, sich per Telefon, SMS oder Chat mit uns in Verbindung zu setzen. Unsere Partner aus der Gemeinde, die mit uns zusammenarbeiten, erm\u00f6glichen es, die unerf\u00fcllten Bed\u00fcrfnisse von mehr als 400.000 Einwohnern von Maryland jedes Jahr zu erf\u00fcllen.<\/p>\n<p>Unsere organisatorische Vision f\u00fchrt uns dazu, uns vorzustellen, das Unm\u00f6gliche zu tun, und unsere Innovation hat uns zu einem f\u00fchrenden Unternehmen in unserem Bereich gemacht.<\/p>\n<p>Das Team von 211 Maryland ist eng vernetzt. W\u00e4hrend wir unser Team erweitern, bin ich begeistert davon, wie das Talent und die Erfahrung eines Einzelnen das Leben der Marylander und ihre individuelle, berufliche Entwicklung pr\u00e4gen!<\/p>\n<p>\u2013 Quinton Askew, Pr\u00e4sident und CEO<\/p>","protected":false},"excerpt":{"rendered":"<p>Eine Karriere, die einen Unterschied macht 211 Maryland ist eine wachsende gemeinn\u00fctzige 501(c)(3)-Organisation mit einer Reihe neuer und spannender Initiativen. Um sich zu bewerben, senden Sie Ihren Lebenslauf und Ihre Gehaltsvorstellungen an info@211md.org. Bitte keine Anrufe. Offene Positionen Zur Zeit sind keine offenen Positionen vorhanden. Wenn ich bei 211 Maryland, Inc. arbeite, glaube ich, dass jeder von uns einen Sinn finden muss \u2026<\/p>","protected":false},"author":8,"featured_media":1630,"parent":521,"menu_order":0,"comment_status":"closed","ping_status":"closed","template":"","meta":{"footnotes":""},"class_list":["post-719","page","type-page","status-publish","has-post-thumbnail","hentry"],"_links":{"self":[{"href":"https:\/\/211md.org\/de\/wp-json\/wp\/v2\/pages\/719","targetHints":{"allow":["GET"]}}],"collection":[{"href":"https:\/\/211md.org\/de\/wp-json\/wp\/v2\/pages"}],"about":[{"href":"https:\/\/211md.org\/de\/wp-json\/wp\/v2\/types\/page"}],"author":[{"embeddable":true,"href":"https:\/\/211md.org\/de\/wp-json\/wp\/v2\/users\/8"}],"replies":[{"embeddable":true,"href":"https:\/\/211md.org\/de\/wp-json\/wp\/v2\/comments?post=719"}],"version-history":[{"count":0,"href":"https:\/\/211md.org\/de\/wp-json\/wp\/v2\/pages\/719\/revisions"}],"up":[{"embeddable":true,"href":"https:\/\/211md.org\/de\/wp-json\/wp\/v2\/pages\/521"}],"wp:featuredmedia":[{"embeddable":true,"href":"https:\/\/211md.org\/de\/wp-json\/wp\/v2\/media\/1630"}],"wp:attachment":[{"href":"https:\/\/211md.org\/de\/wp-json\/wp\/v2\/media?parent=719"}],"curies":[{"name":"wp","href":"https:\/\/api.w.org\/{rel}","templated":true}]}}