{"id":746,"date":"2021-04-06T12:57:18","date_gmt":"2021-04-06T12:57:18","guid":{"rendered":"https:\/\/211md.org\/?page_id=746"},"modified":"2026-02-20T16:18:13","modified_gmt":"2026-02-20T21:18:13","slug":"lebensmittel","status":"publish","type":"page","link":"https:\/\/211md.org\/de\/resources\/food\/","title":{"rendered":"Maryland&#8217;s Guide to Free Food"},"content":{"rendered":"<figure data-animation-delay=\"0\" data-animation-duration=\"1\" itemscope=\"\" itemtype=\"https:\/\/schema.org\/ImageObject\">\n\t\t\t\t<img decoding=\"async\" src=\"https:\/\/stg-maryland211-staging.kinsta.cloud\/wp-content\/uploads\/2025\/08\/5-1-scaled.png\" alt=\"5\" height=\"692\" width=\"2560\" title=\"5\" onerror=\"this.style.display='none'\" loading=\"lazy\">\n\t<\/figure>\n\t\t<p>Steigende Lebensmittelkosten belasten das Lebensmittelbudget von Familien und Einzelpersonen. Wir m\u00f6chten Ihnen dabei helfen, mehr \u00fcber Nahrungsmittelhilfeprogramme zu erfahren.<\/p>\n<p>Start searching for food pantries. Or keep reading for other food programs, including grocery savings, senior, and food assistance programs such as&nbsp;SNAP and WIC.<\/p>\n\t\t\t<a href=\"https:\/\/search.211md.org\/search?query=food+pantry&amp;query_label=food+pantry&amp;query_type=text\" target=\"_self\">\n\t\t\t\t\t\tFind Food Pantries Near You\n\t\t\t\t\t<\/a>\n<figure data-animation-delay=\"0\" data-animation-duration=\"1\" itemscope=\"\" itemtype=\"https:\/\/schema.org\/ImageObject\">\n\t\t\t\t<img decoding=\"async\" src=\"http:\/\/211md.org\/wp-content\/uploads\/2023\/10\/Food-pantry-box-of-food.jpg\" alt=\"Man handing out box of food\" title=\"Vorratskammer mit Lebensmitteln\" onerror=\"this.style.display='none'\" loading=\"lazy\">\n\t<\/figure>\n\t<h4>Quickly Find What You Need<\/h4>\n<p><a href=\"#Resources\">Vorratskammern<\/a> |&nbsp;Free <a href=\"#hot\">hei\u00df<\/a> meal |&nbsp;<a href=\"#grocery\">Grocery savings<\/a> programs | <a href=\"#SNAP\">Essen<\/a> benefit programs |&nbsp;<a href=\"#seniors\">Seniors<\/a> |<\/p>\n<p><a href=\"#summer\">Summer food<\/a> for kids<\/p>\n<figure data-animation-delay=\"0\" data-animation-duration=\"1\" itemscope=\"\" itemtype=\"https:\/\/schema.org\/ImageObject\">\n\t\t\t\t<img decoding=\"async\" src=\"http:\/\/211md.org\/wp-content\/uploads\/2022\/09\/Grassroots-Food-Pantry.jpg\" alt=\"Grassroots Food Pantry in Columbia, MD\" title=\"Grassroots-Food-Pantry\" onerror=\"this.style.display='none'\" loading=\"lazy\">\n\t<\/figure>\n\t<h2>Was bieten Speisekammern?<\/h2>\n<p>Lebensmittelausgaben leisten vor\u00fcbergehende Hilfe und stellen kostenlose Grundnahrungsmittel zur Verf\u00fcgung, beispielsweise:<\/p>\n<ul>\n<li>Babynahrung<\/li>\n<li>brot<\/li>\n<li>Konserven<\/li>\n<li>Getreide<\/li>\n<li>Windeln<\/li>\n<li>S\u00e4uglingsnahrung<\/li>\n<li>Pasta<\/li>\n<li>Gem\u00fcse<\/li>\n<\/ul>\n<p>Jede Speisekammer hat ihre eigenen Anspruchsvoraussetzungen. Es kann Einschr\u00e4nkungen geben, wie oft einer Person oder Familie Lebensmittel zur Verf\u00fcgung stehen. Au\u00dferdem k\u00f6nnen \u00dcberweisungen des Sozialamts erforderlich sein. &nbsp;<\/p>\n<h3>How do I find food pantries near me?<\/h3>\n<p>Vorratskammern gibt es in Kirchen, Organisationen und anderen Gemeinschaftseinrichtungen.<\/p>\n<p>Our 211 Community Resource Database lists hundreds of local food pantries throughout Maryland, providing information on eligibility, hours, and contact details for further assistance.<\/p>\n\t\t\t<a href=\"https:\/\/search.211md.org\/search?query=food+pantry&amp;query_label=food+pantry&amp;query_type=text\" target=\"_blank\" rel=\"noopener\">\n\t\t\t\t\t\tFinden Sie eine Lebensmittelausgabe\n\t\t\t\t\t<\/a>\n\t<h3>Baltimore City Produce Boxes<\/h3>\n<p>Baltimore City is also handing out 15-pound fruit and vegetable produce boxes to residents through January.<\/p>\n<p>There are 30 sites throughout Baltimore City, and events are held several days a week. <a href=\"https:\/\/content.govdelivery.com\/attachments\/MDBALT\/2025\/11\/10\/file_attachments\/3456905\/Produce%20Box%20Schedule.pdf\" target=\"_blank\" rel=\"noopener\">Find a nearby location<\/a> and learn about other food programs in the area on <a href=\"https:\/\/211md.org\/de\/ressourcen\/lebensmittel\/baltimore-essen\/\">211&#8217;s Baltimore City Food Guide<\/a>.<\/p>\n<p>&nbsp;<\/p>\n\t<h2>Find Free Food Nearby<\/h2>\n<p>Search the Community Resource Database for nearby organizations that can help with free food and reduced cost groceries. These are common searches to get started. Click the button below that fits the need, and then on the results page, enter a ZIP code to find nearby locations.<\/p>\n\t\t\t<a href=\"https:\/\/search.211md.org\/search?query=BD-1800.2250&amp;query_label=Food+vouchers&amp;query_type=taxonomy&amp;utm_source=211&amp;utm_medium=Referral&amp;utm_campaign=Foodlink&amp;utm_content=Food%20Vouchers\" target=\"_blank\" rel=\"noopener\">\n\t\t\t\t\t\tEssensgutscheine\n\t\t\t\t\t<\/a>\n\t\t\t<a href=\"https:\/\/search.211md.org\/search?query=Food+Banks+%26+Pantries&amp;query_label=Food+Banks+%26+Pantries&amp;query_type=taxonomy\" target=\"_blank\" rel=\"noopener\">\n\t\t\t\t\t\tNahrungsmittelbank\n\t\t\t\t\t<\/a>\n\t\t\t<a href=\"https:\/\/search.211md.org\/search?query=BD-1800.2250&amp;query_type=taxonomy&amp;query_label=&amp;utm_source=&amp;utm_medium=Referral&amp;utm_campaign=Foodlink&amp;utm_content=Fresh%20Food\" target=\"_blank\" rel=\"noopener\">\n\t\t\t\t\t\tFrisches Essen\n\t\t\t\t\t<\/a>\n\t\t\t<a href=\"https:\/\/search.211md.org\/search?query=BD-1800.8200-250&amp;query_label=Formula%2FBaby+Food&amp;query_type=taxonomy&amp;utm_source=&amp;utm_medium=Referral&amp;utm_campaign=Foodlink&amp;utm_content=Baby%20Formula\" target=\"_blank\" rel=\"noopener\">\n\t\t\t\t\t\tFormel\/Babynahrung\n\t\t\t\t\t<\/a>\n\t\t\t<a href=\"https:\/\/search.211md.org\/search?query=BD-2400.2590&amp;query_type=taxonomy&amp;query_label=&amp;utm_source=&amp;utm_medium=Referral&amp;utm_campaign=Foodlink&amp;utm_content=Grocery%20Delivery\" target=\"_blank\" rel=\"noopener\">\n\t\t\t\t\t\tLebensmittellieferung\n\t\t\t\t\t<\/a>\n<figure itemscope=\"\" itemtype=\"https:\/\/schema.org\/ImageObject\">\n\t\t\t\t<img decoding=\"async\" src=\"https:\/\/211md.org\/wp-content\/uploads\/2025\/10\/Latina-family-cooking.jpg\" alt=\"Latina family making dinner\" height=\"1500\" width=\"2000\" title=\"Kochen in einer lateinamerikanischen Familie\" onerror=\"this.style.display='none'\" loading=\"lazy\">\n\t<\/figure>\n\t\t<h2>Sparen Sie Geld beim Lebensmitteleinkauf<\/h2>\n\t\t<p>Einwohner Marylands k\u00f6nnen \u00fcber das SHARE Food Network bis zu 501 TP3T beim Lebensmitteleinkauf sparen. So betragen die Kosten f\u00fcr gesunde Grundnahrungsmittel im Wert von 1 TP4T45 wie Protein, frisches Obst und Gem\u00fcse nur 1 TP4T22.<\/p>\n<h3>Was ist das SHARE Food Network?<\/h3>\n<p>The&nbsp;SHARE Food Network is a nonprofit organization that offers healthy, nutritious groceries throughout Maryland, courtesy of Catholic Charities, Archdiocese of Washington.<\/p>\n<p>Sie t\u00e4tigen gro\u00dfe Eink\u00e4ufe und geben die erheblichen Einsparungen an die Einwohner von Maryland weiter.&nbsp;<\/p>\n<h3>Wer ist qualifiziert?<\/h3>\n<p>Dieses Programm steht allen Einwohnern Marylands zur Verf\u00fcgung. Eine Bewerbung ist nicht erforderlich, das SHARE Food Network bittet Kunden jedoch, mindestens zwei Stunden Engagement f\u00fcr ihre Gemeinde nachzuweisen, bevor sie zu diesem erm\u00e4\u00dfigten Preis einkaufen k\u00f6nnen.<\/p>\n<h3>K\u00f6nnen Sie Lebensmittelmarken verwenden?<\/h3>\n<p>Yes.&nbsp;EBT cards, <strong>die f\u00fcr Lebensmittelmarken verwendet werden,<\/strong> werden zur Bezahlung des Pakets akzeptiert. &nbsp;<\/p>\n<p>Wenn Sie keine EBT-Karte haben, <a href=\"https:\/\/211md.org\/de\/ressourcen\/lebensmittel\/fusstapfen\/\">\u00dcberpr\u00fcfen Sie, ob Sie sich f\u00fcr Lebensmittelmarken qualifizieren<\/a>&nbsp;um die Kosten f\u00fcr Lebensmittel auszugleichen.<\/p>\n<h3>So kaufen Sie bei SHARE<\/h3>\n<p>Jeden Monat wird ein neues Men\u00fc ver\u00f6ffentlicht, in dem die Box des jeweiligen Monats aufgef\u00fchrt ist.<\/p>\n<p>Orders&nbsp;are due&nbsp;by a specific date&nbsp;each month, and distribution is at a set time.&nbsp;<\/p>\n<p>Find a nearby SHARE site to order food. &nbsp;<\/p>\n\t\t\t<a href=\"https:\/\/www.catholiccharitiesdc.org\/program\/share-food-network\/\" target=\"_blank\" rel=\"noopener\">\n\t\t\t\t\t\tConnect with SHARE\n\t\t\t\t\t<\/a>\n<h2>\n\t\t\tNahrungsmittelhilfeprogramme\t<\/h2>\n\t\t\t\t\t\t\t\t<a href=\"https:\/\/211md.org\/de\/ressourcen\/lebensmittel\/fusstapfen\/\" target=\"_self\">\n\t\t\t\t\t\t<\/a>\n\t<h3><a href=\"https:\/\/211md.org\/de\/ressourcen\/lebensmittel\/fusstapfen\/\" target=\"_self\">Supplemental Nutrition Assistance Program (SNAP)<\/a><\/h3><p>Formerly known as food stamps, helps low-income families purchase food.<\/p>\n<p>&nbsp;<\/p>\n\t\t\t<a href=\"https:\/\/211md.org\/de\/ressourcen\/lebensmittel\/fusstapfen\/\" target=\"_self\">\n\t\t\t\t\t\t\t211&#8217;s guide to snap\n\t\t\t\t\t<\/a>\n\t\t\t\t\t\t\t\t<a href=\"https:\/\/211md.org\/de\/ressourcen\/lebensmittel\/wic\/\" target=\"_blank\" rel=\"noopener\">\n\t\t\t\t\t\t<\/a>\n\t<h3><a href=\"https:\/\/211md.org\/de\/ressourcen\/lebensmittel\/wic\/\" target=\"_blank\" rel=\"noopener\">Frauen, S\u00e4uglinge und Kinder (WIC)<\/a><\/h3><p>Provides nutritional assistance to pregnant women, new mothers who are breastfeeding, and children up to the age of 5.<\/p>\n\t\t\t<a href=\"https:\/\/211md.org\/de\/ressourcen\/lebensmittel\/wic\/\" target=\"_blank\" rel=\"noopener\">\n\t\t\t\t\t\t\t211&#8217;s Guide to WIC\n\t\t\t\t\t<\/a>\n\t\t\t\t\t\t\t\t<a href=\"https:\/\/dhs.maryland.gov\/sunbucks\/\" target=\"_blank\" rel=\"noopener\">\n\t\t\t\t\t\t<\/a>\n\t<h3><a href=\"https:\/\/dhs.maryland.gov\/sunbucks\/\" target=\"_blank\" rel=\"noopener\">Maryland SUN Bucks (Summer Food)<\/a><\/h3><p>Helps families feed school-aged children who qualify for free or reduced lunches during the summer.<\/p>\n\t\t\t<a href=\"https:\/\/dhs.maryland.gov\/sunbucks\/\" target=\"_blank\" rel=\"noopener\">\n\t\t\t\t\t\t\tLearn about Sun Bucks\n\t\t\t\t\t<\/a>\n<figure data-animation-delay=\"0\" data-animation-duration=\"1\" itemscope=\"\" itemtype=\"https:\/\/schema.org\/ImageObject\">\n\t\t\t\t<img decoding=\"async\" src=\"http:\/\/211md.org\/wp-content\/uploads\/2021\/05\/Food-Line.png\" alt=\"Essensausgabe der Suppenk\u00fcche\" title=\"Lebensmittellinie\" onerror=\"this.style.display='none'\" loading=\"lazy\">\n\t<\/figure>\n\t\t<h2>Warme Mahlzeiten<\/h2>\n\t\t<p>Brauchen Sie eine warme Mahlzeit? Auch gemeinn\u00fctzige Organisationen bieten kostenlose Mahlzeiten an. Diese Mahlzeiten sind in Suppenk\u00fcchen und f\u00fcr Senioren in Gemeinschaftsessensstellen erh\u00e4ltlich.&nbsp;&nbsp;<\/p>\n<h3>Finden Sie eine Suppenk\u00fcche<\/h3>\n<p>Suppenk\u00fcchen bieten zu bestimmten Zeiten kostenlose, warme Mahlzeiten an. Einige servieren t\u00e4glich Mahlzeiten, andere w\u00f6chentlich oder monatlich.<\/p>\n<p>Oftmals k\u00f6nnen Personen ohne Eignungspr\u00fcfung erscheinen und essen. <\/p>\n<p>Suppenk\u00fcchen k\u00f6nnen \u00fcberall in einer Gemeinde zu finden sein, werden aber h\u00e4ufig in Kirchen und anderen Gemeindegruppen betrieben.&nbsp;<\/p>\n<p>Finden Sie einen in Ihrer N\u00e4he. Suchen Sie in der Community-Ressourcendatenbank nach der Postleitzahl.<\/p>\n\t\t\t<a href=\"https:\/\/search.211md.org\/search?query=BD-5000.8300&amp;query_type=taxonomy&amp;query_label=&amp;utm_source=211&amp;utm_medium=Referral&amp;utm_campaign=Foodlink&amp;utm_content=Soup%20Kitchen\" target=\"_self\">\n\t\t\t\t\t\tFinden Sie eine Suppenk\u00fcche\n\t\t\t\t\t<\/a>\n\t<h3>Seniorenmahlzeiten<\/h3>\n<p>Seniorenzentren und andere Gemeindezentren bieten m\u00f6glicherweise gemeinsame Mahlzeiten f\u00fcr \u00e4ltere Menschen an, die unabh\u00e4ngig leben, aber Hilfe bei der Essenszubereitung ben\u00f6tigen.<\/p>\n<p>Es gibt auch Hauslieferprogramme.<\/p>\n<p>Beide M\u00f6glichkeiten finden Sie in unserer umfassenden Ressourcendatenbank.<\/p>\n<p>&nbsp;<\/p>\n\t\t\t<a href=\"https:\/\/search.211md.org\/search?query=BD-5000.1500&amp;query_type=taxonomy&amp;query_label=&amp;utm_source=211&amp;utm_medium=Referral&amp;utm_campaign=Foodlink&amp;utm_content=Senior%20Meals\" target=\"_blank\" rel=\"noopener\">\n\t\t\t\t\t\tEssensausgabestellen f\u00fcr Senioren\n\t\t\t\t\t<\/a>\n\t\t\t<a href=\"https:\/\/search.211md.org\/search?query=BD-5000.3500&amp;query_type=taxonomy&amp;query_label=&amp;utm_source=211&amp;utm_medium=Referral&amp;utm_campaign=Foodlink&amp;utm_content=Home%20Delivery\" target=\"_blank\" rel=\"noopener\">\n\t\t\t\t\t\tHauslieferung\n\t\t\t\t\t<\/a>\n<figure data-animation-delay=\"0\" data-animation-duration=\"1\" itemscope=\"\" itemtype=\"https:\/\/schema.org\/ImageObject\">\n\t\t\t\t<img decoding=\"async\" src=\"http:\/\/211md.org\/wp-content\/uploads\/2025\/09\/Senior-meals.jpg\" alt=\"Seniors eating\" title=\"Seniorenmahlzeiten\" onerror=\"this.style.display='none'\" loading=\"lazy\">\n\t<\/figure>\n<p>&nbsp;<\/p>\n<h2>Brauchen Sie noch etwas?<\/h2>\n<p>211 bietet Informationen und Empfehlungen f\u00fcr andere wichtige Bed\u00fcrfnisse. Informieren Sie sich \u00fcber die verf\u00fcgbaren Hilfsprogramme f\u00fcr Wohnraum, Nebenkosten, Kinderbetreuung, Gesundheitsversorgung und mehr!<\/p>\n<p>&nbsp;<\/p>\n\t\t\t<a href=\"\/de\/ressourcen\/utility-unterstutzung\/?utm_source=211&amp;utm_medium=Referral&amp;utm_campaign=Foodlink&amp;utm_content=needsomethingelse\" target=\"_self\">\n\t\t\t\t\t\tUnterst\u00fctzung bei den Nebenkosten erhalten\n\t\t\t\t\t<\/a>\n\t\t\t<a href=\"\/de\/ressourcen\/gehause-unterkunft\/?utm_source=211&amp;utm_medium=Referral&amp;utm_campaign=Foodlink&amp;utm_content=needsomethingelse\" target=\"_self\">\n\t\t\t\t\t\tWohnung finden\n\t\t\t\t\t<\/a>\n\t\t\t<a href=\"\/de\/ressourcen\/kinder-familien\/?utm_source=211&amp;utm_medium=Referral&amp;utm_campaign=Foodlink&amp;utm_content=needsomethingelse\" target=\"_self\">\n\t\t\t\t\t\tKinderbetreuung\n\t\t\t\t\t<\/a>\n\t\t\t<a href=\"\/de\/ressourcen-nach-landkreis\/?utm_source=211&amp;utm_medium=Referral&amp;utm_campaign=Foodlink&amp;utm_content=needsomethingelse\" target=\"_self\">\n\t\t\t\t\t\tRessourcen nach Landkreis\n\t\t\t\t\t<\/a>\n\t\t<h2>Kostenlose Mahlzeiten in der Schule<\/h2>\n\t\t<p>Schulen bieten ihren Sch\u00fclern im Rahmen des National School Breakfast and Lunch Program kostenlose und verg\u00fcnstigte Mahlzeiten an. Erkundigen Sie sich bei der \u00f6rtlichen Schule Ihres Kindes nach den spezifischen Teilnahmevoraussetzungen.<\/p>\n<h3>Maryland Summer Meal Sites<\/h3>\n<p>During the summer or extended school closures,&nbsp;Maryland schools participate in the&nbsp;Summer Food Service Program&nbsp;(SFSP), also known as Summer Meals Program. It&#8217;s a federally funded program administered by the state of Maryland to help serve free, healthy meals during summer break.&nbsp;<\/p>\n<p>Die Standorte der Sommermahlzeiten k\u00f6nnen sich jedes Jahr \u00e4ndern. Schulbezirke wissen auch, welche Organisationen die kostenlosen Sommermahlzeiten f\u00fcr Kinder ausgeben. Die <a href=\"https:\/\/mars.msde.maryland.gov\/MARS_SiteSearch\/Home\/Indexna\" target=\"_blank\" rel=\"noopener\">Maryland Meal Site<\/a> Zur Standortsuche steht Ihnen auch eine Standortsuche zur Verf\u00fcgung.<\/p>\n<p>Dar\u00fcber hinaus k\u00f6nnen sich Sch\u00fcler, die w\u00e4hrend des Schuljahres kostenlose oder erm\u00e4\u00dfigte Mahlzeiten erhalten, f\u00fcr SUN Bucks qualifizieren.<\/p>\n\t\t\t<a href=\"https:\/\/search.211md.org\/search?query=BD-5000.8500&amp;query_label=Summer+Food+Service+Programs&amp;query_type=taxonomy&amp;utm_source=211&amp;utm_medium=Referral&amp;utm_campaign=Foodlink&amp;utm_content=summermeals\" target=\"_blank\" rel=\"noopener\">\n\t\t\t\t\t\tSommer-Mahlzeitenprogramme finden\n\t\t\t\t\t<\/a>\n<figure itemscope=\"\" itemtype=\"https:\/\/schema.org\/ImageObject\">\n\t\t\t\t<img decoding=\"async\" src=\"https:\/\/211md.org\/wp-content\/plugins\/bb-plugin\/img\/pixel.png\" alt=\"\" onerror=\"this.style.display='none'\" loading=\"lazy\">\n\t<\/figure>\n\t\t<figure itemscope=\"\" itemtype=\"https:\/\/schema.org\/ImageObject\">\n\t\t\t\t<img decoding=\"async\" src=\"https:\/\/211md.org\/wp-content\/uploads\/bb-plugin\/cache\/Call-center-specialst-circle-4e9ecd7b3425be4576416abc911049bb-.jpg\" alt=\"Callcenter-Spezialist\" title=\"Callcenter-Spezialist\" onerror=\"this.style.display='none'\" loading=\"lazy\">\n\t<\/figure>\n<h2>W\u00e4hlen Sie 211<\/h2><p>Sprechen Sie rund um die Uhr mit einer f\u00fcrsorglichen und mitf\u00fchlenden Person. Sie kann Sie auch mit Ressourcen verbinden.&nbsp;<\/p>\n\t\t\t<a href=\"tel:%20+211\" target=\"_blank\" rel=\"noopener\">\n\t\t\t\t\t\tW\u00e4hlen Sie 211 (mobil)\n\t\t\t\t\t<\/a>\n<h2>\n\t\t\tWeitere Informationen zu Ern\u00e4hrungsprogrammen\t<\/h2>\n\t\t<h4><a href=\"\/de\/ressourcen\/alterungsbehinderung\/?utm_source=Home&amp;utm_medium=Referral&amp;utm_campaign=211Resources&amp;utm_content=Aging\" target=\"_self\">Alter &amp; Behinderung<\/a><\/h4><figure itemscope=\"\" itemtype=\"https:\/\/schema.org\/ImageObject\">\n\t\t\t\t<a href=\"\/de\/ressourcen\/alterungsbehinderung\/?utm_source=Home&amp;utm_medium=Referral&amp;utm_campaign=211Resources&amp;utm_content=Aging\" target=\"_self\" itemprop=\"url\">\n\t\t\t\t<img decoding=\"async\" src=\"https:\/\/211md.org\/wp-content\/uploads\/bb-plugin\/cache\/2025_MdInfoNet_Icon-Sets_Aging-disability-square-c466727102cae71e5f27b8539bb51945-.png\" alt=\"\" onerror=\"this.style.display='none'\" loading=\"lazy\">\n\t\t\t\t<\/a>\n\t<\/figure>\n\t\t<h4><a href=\"\/de\/ressourcen\/kinder-familien\/?utm_source=Home&amp;utm_medium=Referral&amp;utm_campaign=211Resources&amp;utm_content=Children\" target=\"_self\">Kinder &amp; Familien<\/a><\/h4><figure itemscope=\"\" itemtype=\"https:\/\/schema.org\/ImageObject\">\n\t\t\t\t<a href=\"\/de\/ressourcen\/kinder-familien\/?utm_source=Home&amp;utm_medium=Referral&amp;utm_campaign=211Resources&amp;utm_content=Children\" target=\"_self\" itemprop=\"url\">\n\t\t\t\t<img decoding=\"async\" src=\"https:\/\/211md.org\/wp-content\/uploads\/bb-plugin\/cache\/2025_211_Icon-Sets_Child-care-square-f3b0d4edab3dcc467fadb5f55f4064c6-.png\" alt=\"parent and child icon for child care\" height=\"417\" width=\"417\" title=\"2025_211_Icon Sets_Kinderbetreuung\" onerror=\"this.style.display='none'\" loading=\"lazy\">\n\t\t\t\t<\/a>\n\t<\/figure>\n\t\t<h4><a href=\"\/de\/ressourcen\/hausliche-familiare-gewalt\/?utm_source=Home&amp;utm_medium=Referral&amp;utm_campaign=211Resources&amp;utm_content=Domestic\" target=\"_self\">H\u00e4usliche Gewalt<\/a><\/h4><figure itemscope=\"\" itemtype=\"https:\/\/schema.org\/ImageObject\">\n\t\t\t\t<a href=\"\/de\/ressourcen\/hausliche-familiare-gewalt\/?utm_source=Home&amp;utm_medium=Referral&amp;utm_campaign=211Resources&amp;utm_content=Domestic\" target=\"_self\" itemprop=\"url\">\n\t\t\t\t<img decoding=\"async\" src=\"https:\/\/211md.org\/wp-content\/uploads\/bb-plugin\/cache\/2025_211_Icon-Sets_Domestic-Violence-square-7b597694a6f05fe90cdc376aa573bc63-.png\" alt=\"House with a heart in the middle icon\" height=\"417\" width=\"417\" title=\"2025_211_Icon Sets_H\u00e4usliche Gewalt\" onerror=\"this.style.display='none'\" loading=\"lazy\">\n\t\t\t\t<\/a>\n\t<\/figure>\n\t\t<h4><a href=\"\/de\/ressourcen\/arbeitssuche\/?utm_source=Home&amp;utm_medium=Referral&amp;utm_campaign=211Resources&amp;utm_content=Employment\" target=\"_self\">Besch\u00e4ftigung<\/a><\/h4><figure itemscope=\"\" itemtype=\"https:\/\/schema.org\/ImageObject\">\n\t\t\t\t<a href=\"\/de\/ressourcen\/arbeitssuche\/?utm_source=Home&amp;utm_medium=Referral&amp;utm_campaign=211Resources&amp;utm_content=Employment\" target=\"_self\" itemprop=\"url\">\n\t\t\t\t<img decoding=\"async\" src=\"https:\/\/211md.org\/wp-content\/uploads\/bb-plugin\/cache\/2025_MdInfoNet_Icon-Sets_Employment-square-44707bd410e4df10a470bf130ebcea86-.png\" alt=\"\" onerror=\"this.style.display='none'\" loading=\"lazy\">\n\t\t\t\t<\/a>\n\t<\/figure>\n\t\t<h4><a href=\"\/de\/ressourcen\/gesundheitswesen\/?utm_source=Home&amp;utm_medium=Referral&amp;utm_campaign=211Resources&amp;utm_content=Health%20Care\" target=\"_self\">Gesundheitsvorsorge<\/a><\/h4><figure itemscope=\"\" itemtype=\"https:\/\/schema.org\/ImageObject\">\n\t\t\t\t<a href=\"\/de\/ressourcen\/gesundheitswesen\/?utm_source=Home&amp;utm_medium=Referral&amp;utm_campaign=211Resources&amp;utm_content=Health%20Care\" target=\"_self\" itemprop=\"url\">\n\t\t\t\t<img decoding=\"async\" src=\"https:\/\/211md.org\/wp-content\/uploads\/bb-plugin\/cache\/2025_MdInfoNet_Icon-Sets_Health-Care-square-dee98a0060cbe0e7f27eda253fc12679-.png\" alt=\"\" onerror=\"this.style.display='none'\" loading=\"lazy\">\n\t\t\t\t<\/a>\n\t<\/figure>\n\t\t<h4><a href=\"\/de\/ressourcen\/kinder-familien\/verwandtschaftspflege\/?utm_source=Home&amp;utm_medium=Referral&amp;utm_campaign=211Resources&amp;utm_content=Kinship\" target=\"_self\">Verwandtschaft<\/a><\/h4><figure itemscope=\"\" itemtype=\"https:\/\/schema.org\/ImageObject\">\n\t\t\t\t<a href=\"\/de\/ressourcen\/kinder-familien\/verwandtschaftspflege\/?utm_source=Home&amp;utm_medium=Referral&amp;utm_campaign=211Resources&amp;utm_content=Kinship\" target=\"_self\" itemprop=\"url\">\n\t\t\t\t<img decoding=\"async\" src=\"https:\/\/211md.org\/wp-content\/uploads\/bb-plugin\/cache\/2025_211_Icon-Sets_Kinship-square-45bdf872866f5735f842c32071109267-.png\" alt=\"Verwandtschaftssymbol\" height=\"417\" width=\"417\" title=\"2025_211_Icon Sets_Verwandtschaft\" onerror=\"this.style.display='none'\" loading=\"lazy\">\n\t\t\t\t<\/a>\n\t<\/figure>\n\t\t<h4><a href=\"\/de\/ressourcen\/rechtsberatung\/?utm_source=Home&amp;utm_medium=Referral&amp;utm_campaign=211Resources&amp;utm_content=Legal\" target=\"_self\">Rechtsberatung<\/a><\/h4><figure itemscope=\"\" itemtype=\"https:\/\/schema.org\/ImageObject\">\n\t\t\t\t<a href=\"\/de\/ressourcen\/rechtsberatung\/?utm_source=Home&amp;utm_medium=Referral&amp;utm_campaign=211Resources&amp;utm_content=Legal\" target=\"_self\" itemprop=\"url\">\n\t\t\t\t<img decoding=\"async\" src=\"https:\/\/211md.org\/wp-content\/uploads\/bb-plugin\/cache\/2025_MdInfoNet_Icon-Sets_Legal-square-18fdf438feb8435588174d9046463257-.png\" alt=\"\" onerror=\"this.style.display='none'\" loading=\"lazy\">\n\t\t\t\t<\/a>\n\t<\/figure>\n\t\t<h4><a href=\"\/de\/ressourcen\/psychische-gesundheit\/?utm_source=Home&amp;utm_medium=Referral&amp;utm_campaign=211Resources&amp;utm_content=Mental\" target=\"_self\">Psychische Gesundheit<\/a><\/h4><figure itemscope=\"\" itemtype=\"https:\/\/schema.org\/ImageObject\">\n\t\t\t\t<a href=\"\/de\/ressourcen\/psychische-gesundheit\/?utm_source=Home&amp;utm_medium=Referral&amp;utm_campaign=211Resources&amp;utm_content=Mental\" target=\"_self\" itemprop=\"url\">\n\t\t\t\t<img decoding=\"async\" src=\"https:\/\/211md.org\/wp-content\/uploads\/bb-plugin\/cache\/2025_MdInfoNet_Icon-Sets_Mental-Health-square-c59b38c4a993a947d4c9280fbe2d2fee-.png\" alt=\"\" onerror=\"this.style.display='none'\" loading=\"lazy\">\n\t\t\t\t<\/a>\n\t<\/figure>\n\t\t<h4><a href=\"\/de\/ressourcen\/mdreentry\/?utm_source=Home&amp;utm_medium=Referral&amp;utm_campaign=211Resources&amp;utm_content=Reentry\" target=\"_self\">Wiedereintritt<\/a><\/h4><figure itemscope=\"\" itemtype=\"https:\/\/schema.org\/ImageObject\">\n\t\t\t\t<a href=\"\/de\/ressourcen\/mdreentry\/?utm_source=Home&amp;utm_medium=Referral&amp;utm_campaign=211Resources&amp;utm_content=Reentry\" target=\"_self\" itemprop=\"url\">\n\t\t\t\t<img decoding=\"async\" src=\"https:\/\/211md.org\/wp-content\/uploads\/bb-plugin\/cache\/2025_211_Icon-Sets_Reentry-square-8676fea38abd920a832f45642fe31cca-.png\" alt=\"Symbol \u201eWiedereintritt\u201c\" height=\"417\" width=\"417\" title=\"2025_211_Icon Sets_Wiedereintritt\" onerror=\"this.style.display='none'\" loading=\"lazy\">\n\t\t\t\t<\/a>\n\t<\/figure>\n\t\t<h4><a href=\"\/de\/ressourcen\/substanzgebrauch\/?utm_source=Home&amp;utm_medium=Referral&amp;utm_campaign=211Resources&amp;utm_content=Substance\" target=\"_self\">Substanzgebrauch<\/a><\/h4><figure itemscope=\"\" itemtype=\"https:\/\/schema.org\/ImageObject\">\n\t\t\t\t<a href=\"\/de\/ressourcen\/substanzgebrauch\/?utm_source=Home&amp;utm_medium=Referral&amp;utm_campaign=211Resources&amp;utm_content=Substance\" target=\"_self\" itemprop=\"url\">\n\t\t\t\t<img decoding=\"async\" src=\"https:\/\/211md.org\/wp-content\/uploads\/bb-plugin\/cache\/2025_MdInfoNet_Icon-Sets_Substance-Abuse-square-4f414f085e657267739c181957754f48-.png\" alt=\"Pills for substance Use icon\" title=\"2025_MdInfoNet_Icon-Sets_Substance-Abuse\" onerror=\"this.style.display='none'\" loading=\"lazy\">\n\t\t\t\t<\/a>\n\t<\/figure>\n\t\t<h4><a href=\"\/de\/ressourcen\/veteranen\/?utm_source=Home&amp;utm_medium=Referral&amp;utm_campaign=211Resources&amp;utm_content=Veterans\" target=\"_self\">Veteranen<\/a><\/h4><figure itemscope=\"\" itemtype=\"https:\/\/schema.org\/ImageObject\">\n\t\t\t\t<a href=\"\/de\/ressourcen\/veteranen\/?utm_source=Home&amp;utm_medium=Referral&amp;utm_campaign=211Resources&amp;utm_content=Veterans\" target=\"_self\" itemprop=\"url\">\n\t\t\t\t<img decoding=\"async\" src=\"https:\/\/211md.org\/wp-content\/uploads\/bb-plugin\/cache\/2025_MdInfoNet_Icon-Sets_Rating-square-6e60d00cce4faa8e0a6d4ad7366aa733-.png\" alt=\"\" onerror=\"this.style.display='none'\" loading=\"lazy\">\n\t\t\t\t<\/a>\n\t<\/figure>","protected":false},"excerpt":{"rendered":"<p>Increasing food costs are stretching food budgets for families and individuals, and we&#8217;re here to help you learn about food assistance programs. Start searching for food pantries. Or keep reading for other food programs, including grocery savings, senior, and food assistance programs such as&nbsp;SNAP and WIC. Find Food Pantries Near You Quickly Find What You&hellip;<\/p>","protected":false},"author":8,"featured_media":3896,"parent":930,"menu_order":0,"comment_status":"closed","ping_status":"closed","template":"","meta":{"footnotes":""},"class_list":["post-746","page","type-page","status-publish","has-post-thumbnail","hentry"],"_links":{"self":[{"href":"https:\/\/211md.org\/de\/wp-json\/wp\/v2\/pages\/746","targetHints":{"allow":["GET"]}}],"collection":[{"href":"https:\/\/211md.org\/de\/wp-json\/wp\/v2\/pages"}],"about":[{"href":"https:\/\/211md.org\/de\/wp-json\/wp\/v2\/types\/page"}],"author":[{"embeddable":true,"href":"https:\/\/211md.org\/de\/wp-json\/wp\/v2\/users\/8"}],"replies":[{"embeddable":true,"href":"https:\/\/211md.org\/de\/wp-json\/wp\/v2\/comments?post=746"}],"version-history":[{"count":11,"href":"https:\/\/211md.org\/de\/wp-json\/wp\/v2\/pages\/746\/revisions"}],"predecessor-version":[{"id":34361,"href":"https:\/\/211md.org\/de\/wp-json\/wp\/v2\/pages\/746\/revisions\/34361"}],"up":[{"embeddable":true,"href":"https:\/\/211md.org\/de\/wp-json\/wp\/v2\/pages\/930"}],"wp:featuredmedia":[{"embeddable":true,"href":"https:\/\/211md.org\/de\/wp-json\/wp\/v2\/media\/3896"}],"wp:attachment":[{"href":"https:\/\/211md.org\/de\/wp-json\/wp\/v2\/media?parent=746"}],"curies":[{"name":"wp","href":"https:\/\/api.w.org\/{rel}","templated":true}]}}