{"id":750,"date":"2021-04-06T14:10:21","date_gmt":"2021-04-06T14:10:21","guid":{"rendered":"https:\/\/211md.org\/?page_id=750"},"modified":"2025-10-29T07:08:30","modified_gmt":"2025-10-29T11:08:30","slug":"ressourcen-nach-landkreis","status":"publish","type":"page","link":"https:\/\/211md.org\/de\/resources-by-county\/","title":{"rendered":"Ressourcen nach Landkreis"},"content":{"rendered":"<h2>Finden Sie Ressourcen in Ihrer N\u00e4he<\/h2>\n<p>Ben\u00f6tigen Sie Unterst\u00fctzung bei Essen, Unterkunft, Versorgungsleistungen oder psychischer Gesundheit? Sie sind nicht allein.<\/p>\n<p>W\u00e4hlen Sie den Landkreis aus, in dem Sie Hilfe erhalten m\u00f6chten, und wir zeigen Ihnen die besten Ergebnisse, damit Sie Ressourcen schnell finden k\u00f6nnen.<\/p>\n\t<!--?xml version=\"1.0\" encoding=\"UTF-8\"?-->","protected":false},"excerpt":{"rendered":"<p>Finden Sie Hilfsangebote in Ihrer N\u00e4he. Ben\u00f6tigen Sie Unterst\u00fctzung bei Lebensmitteln, Unterkunft, Nebenkosten oder psychischen Problemen? Sie sind nicht allein. W\u00e4hlen Sie den Landkreis aus, in dem Sie Hilfe ben\u00f6tigen. Wir zeigen Ihnen die wichtigsten Ergebnisse, damit Sie schnell Hilfe finden.<\/p>","protected":false},"author":8,"featured_media":1635,"parent":0,"menu_order":0,"comment_status":"closed","ping_status":"closed","template":"","meta":{"footnotes":""},"class_list":["post-750","page","type-page","status-publish","has-post-thumbnail","hentry"],"_links":{"self":[{"href":"https:\/\/211md.org\/de\/wp-json\/wp\/v2\/pages\/750","targetHints":{"allow":["GET"]}}],"collection":[{"href":"https:\/\/211md.org\/de\/wp-json\/wp\/v2\/pages"}],"about":[{"href":"https:\/\/211md.org\/de\/wp-json\/wp\/v2\/types\/page"}],"author":[{"embeddable":true,"href":"https:\/\/211md.org\/de\/wp-json\/wp\/v2\/users\/8"}],"replies":[{"embeddable":true,"href":"https:\/\/211md.org\/de\/wp-json\/wp\/v2\/comments?post=750"}],"version-history":[{"count":3,"href":"https:\/\/211md.org\/de\/wp-json\/wp\/v2\/pages\/750\/revisions"}],"predecessor-version":[{"id":34089,"href":"https:\/\/211md.org\/de\/wp-json\/wp\/v2\/pages\/750\/revisions\/34089"}],"wp:featuredmedia":[{"embeddable":true,"href":"https:\/\/211md.org\/de\/wp-json\/wp\/v2\/media\/1635"}],"wp:attachment":[{"href":"https:\/\/211md.org\/de\/wp-json\/wp\/v2\/media?parent=750"}],"curies":[{"name":"wp","href":"https:\/\/api.w.org\/{rel}","templated":true}]}}