{"id":751,"date":"2021-04-06T14:13:31","date_gmt":"2021-04-06T14:13:31","guid":{"rendered":"https:\/\/211md.org\/?page_id=751"},"modified":"2025-10-29T07:07:12","modified_gmt":"2025-10-29T11:07:12","slug":"montgomery-grafschaft","status":"publish","type":"page","link":"https:\/\/211md.org\/de\/resources-by-county\/montgomery-county\/","title":{"rendered":"Grafschaft Montgomery"},"content":{"rendered":"<p>211 ist f\u00fcr Sie da! So erhalten Sie Hilfe:<\/p>\n<ul>\n<li>W\u00e4hlen Sie 211<\/li>\n<li><a href=\"http:\/\/search.211md.org\" target=\"_blank\" rel=\"noopener\">Durchsuchen Sie die landesweite Ressourcendatenbank<\/a><\/li>\n<li>Wenden Sie sich an eine der am h\u00e4ufigsten genannten Agenturen in Montgomery County<\/li>\n<\/ul>\n<p>Lebensmittelvorr\u00e4te, Wohnunterst\u00fctzung und Versorgungshilfe sind in Ihrer N\u00e4he verf\u00fcgbar, unabh\u00e4ngig davon, ob Sie in Silver Springs, Gaithersburg, Germantown, Wheaton, White Oak, Glen Echo oder einer anderen Gemeinde im Montgomery County leben.<\/p>\n<p>211 ist Ihrem Wohlbefinden verpflichtet.<\/p>\n<p>&nbsp;<\/p>\n<h2><b>Utility-Hilfe\u00a0<\/b><\/h2>\n<p>Es gibt staatliche und lokale Programme zur Unterst\u00fctzung von Einzelpersonen und Familien, die Hilfe beim Bezahlen ihrer Stromrechnungen ben\u00f6tigen.\u00a0<a href=\"\/de\/ressourcen\/utility-unterstutzung\/\" rel=\"noopener\">211 enth\u00e4lt detaillierte Informationen<\/a>\u00a0\u00fcber das Maryland Energy Assistance Program (MEAP), einschlie\u00dflich Berechtigung und Ausf\u00fcllen des Antrags. Auch bei den staatlichen F\u00f6rderantr\u00e4gen erhalten Sie Hilfe vor Ort\u00a0<a href=\"https:\/\/search.211md.org\/search\/cc83fb44c568d0e378eb793b75dc654a\" target=\"_blank\" rel=\"noopener\">Montgomery County Office of Home Energy Programs<\/a>.<\/p>\n<p>In Montgomery County gibt es auch Gemeindegruppen wie WUMCO Help, die Einwohner in Western Upper Montgomery County unterst\u00fctzen (siehe spezifische Postleitzahlen unten) und die\u00a0<a href=\"https:\/\/fuelfundmaryland.org\/get-help\/eligibility-requirements\" target=\"_blank\" rel=\"noopener\">Treibstofffonds von Maryland<\/a>\u00a0was BG&amp;E-Kunden hilft. Diese Organisationen k\u00f6nnen m\u00f6glicherweise die Kosten f\u00fcr Stromrechnungen ausgleichen.<\/p>\n<p>M\u00f6glicherweise k\u00f6nnen Sie auch einen Zahlungsplan mit Ihrem Energieversorger einrichten.<\/p>\n<p>&nbsp;<\/p>\n<h2><b>Finanzielle Hilfe<\/b><\/h2>\n<p>Wenn Sie finanzielle Unterst\u00fctzung ben\u00f6tigen, k\u00f6nnen Ihnen verschiedene Gemeindegruppen m\u00f6glicherweise weiterhelfen. Die Servicebereiche sind oft Postleitzahlen-spezifisch. Die Informations- und Vermittlungsspezialisten von 211 helfen Ihnen, die beste Organisation f\u00fcr Ihre Bed\u00fcrfnisse und Ihren Standort zu finden. W\u00e4hlen Sie 211.<\/p>\n<h3>WUMCO-HILFE<\/h3>\n<p><a href=\"https:\/\/www.wumcohelp.org\/\" target=\"_blank\" rel=\"noopener\">WUMCO-HILFE<\/a>\u00a0bietet finanzielle Hilfe f\u00fcr die folgenden Postleitzahlen: 20837 (Poolesville), 20838 (Barnesville), 20839 (Beallsville), 20841 (Boyds) und 20842 (Dickerson). Sie k\u00f6nnen Einzelpersonen und Familien helfen, die Anspruch auf Dienstleistungen und Unterst\u00fctzung bei Rechnungen im Zusammenhang mit dem t\u00e4glichen Leben haben.<\/p>\n<p>Sie haben auch eine Speisekammer und bieten Fahrten zu medizinischen oder sozialen Dienstterminen an.<\/p>\n<h3>Gaithersburg HILFE<\/h3>\n<p><a href=\"https:\/\/search.211md.org\/search\/e1e75f4ec6469f34c9672fc1f40c326d\" target=\"_blank\" rel=\"noopener\">Gaithersburg HILFE<\/a>\u00a0kann Einwohnern von Gaithersburg (siehe berechtigte Postleitzahlen) finanziell mit Nahrung, Windeln und S\u00e4uglingsnahrung helfen. Sie k\u00f6nnen auch einige Kosten f\u00fcr verschreibungspflichtige Medikamente ausgleichen und einen Teil des Transports zu medizinischen oder sozialen Dienstterminen innerhalb von 20 Meilen von der Innenstadt von Gaithersburg \u00fcbernehmen.<\/p>\n<p>Zul\u00e4ssige Postleitzahlen sind 20877, 20878, 20879, 20880, 20886 und Teile von 20850 (westlich von Shady Grove Rd und n\u00f6rdlich von Piney Meetinghouse Rd), 20855 (westlich von Redland Rd\/Muncaster Rd), 20822 (s\u00fcdlich von Bring Rd und westlich). der Olney-Laytonsville Road).<\/p>\n<h3>Damaskus HILFE<\/h3>\n<p>Wenn Sie in einer anderen Postleitzahl von Upper Montgomery County leben, rufen Sie an\u00a0<a href=\"https:\/\/search.211md.org\/search\/94134bd58cc10c811bd8e5e46a287436\" target=\"_blank\" rel=\"noopener\">Damaskus HILFE<\/a>\u00a0(20871, 20872, 20882, n\u00f6rdlich der Brink Rd und 20876 von der Route 27 n\u00f6rdlich der Brink Rd.) Sie k\u00f6nnen auch Menschen helfen, die in Monrovia (Frederick County gleich hinter der Grenze von Montgomery County) leben.<\/p>\n<h3>Andere HELP-Programme und Hilfsorganisationen<\/h3>\n<p>In Rockville k\u00f6nnen Sie Rockville HELP ausprobieren. Sie haben auch eine\u00a0<a href=\"https:\/\/www.rockvillehelp.org\/\" target=\"_blank\" rel=\"noopener\">bestimmten Servicebereich<\/a>\u00a0zu.<\/p>\n<p><a href=\"http:\/\/www.olneyhelp.org\/\" target=\"_blank\" rel=\"noopener\">Olney HILFE<\/a>\u00a0unterst\u00fctzt Olney, Brookeville, Sandy Spring, Ashton und Brinklow.<\/p>\n<p><a href=\"https:\/\/mumhelp.org\/\" target=\"_blank\" rel=\"noopener\">Vereinigte Ministerien der Mid-County<\/a>\u00a0(MUM) unterst\u00fctzt Kensington, Silver Spring, Wheaton, Rockville und Aspen Hill. Sie k\u00f6nnen m\u00f6glicherweise Notnahrungsmittel und finanzielle Unterst\u00fctzung f\u00fcr Menschen in Krisensituationen bereitstellen. Ihr Ziel ist es, die Versorgung aufrechtzuerhalten, Bed\u00fcrftige mit verschreibungspflichtigen Medikamenten zu versorgen und Familien zu ern\u00e4hren.<\/p>\n<p>Wenn Sie in einer anderen Gegend wohnen, w\u00e4hlen Sie 211, um eine Ressource in Ihrer N\u00e4he zu finden.<\/p>\n<p>&nbsp;<\/p>\n<h2>Finden Sie Lebensmittel in Montgomery County<\/h2>\n<p>Brauchen Sie Hilfe bei steigenden Lebensmittelpreisen? Wenn eine der HELP-Agenturen nicht helfen kann, k\u00f6nnen Sie eine finden <a href=\"https:\/\/www.montgomerycountymd.gov\/covid19\/get-help\/food.html#events\" target=\"_blank\" rel=\"noopener\">Nahrungsmittelverteilungsveranstaltung in Montgomery County<\/a> in Ihrer N\u00e4he, indem Sie den Lebensmittelkalender des Landkreises durchsuchen. \u00dcberpr\u00fcfen Sie die Details jeder Veranstaltung, da einige nur f\u00fcr Senioren oder bestimmte Postleitzahlen zug\u00e4nglich sind, w\u00e4hrend andere f\u00fcr die breite \u00d6ffentlichkeit zug\u00e4nglich sind.<\/p>\n<h3>Manna Food Center<\/h3>\n<p>Die <a href=\"https:\/\/www.mannafood.org\/\" target=\"_blank\" rel=\"noopener\">Manna Food Center<\/a> hat Lebensmittelprogramme f\u00fcr Familien, darunter eine mobile K\u00fcche, eine Pop-up-Speisekammer und schulbasierte Programme. Sie sammeln und teilen jedes Jahr bis zu 3,3 Millionen Pfund Lebensmittel mit ungef\u00e4hr 12.000 Familien.<\/p>\n<p>Sie k\u00f6nnen Manna-Bestellungen aufgeben, die eine Kiste mit Grundnahrungsmitteln wie Bohnen, Nudeln, Gem\u00fcsekonserven und Obstkonserven, eine Kiste mit frischem Obst und Gem\u00fcse und eine T\u00fcte gefrorenes Fleisch enthalten. <a href=\"https:\/\/www.mannafood.org\/how-to-receive-food-from-manna\/\" target=\"_blank\" rel=\"noopener\">Informieren Sie sich \u00fcber die Qualifizierungsrichtlinien<\/a> oder <a href=\"https:\/\/www.mannafood.org\/about\/contact-manna\/manna-food-distribution-sites\/\" target=\"_blank\" rel=\"noopener\">Vertriebsstelle finden<\/a> in Gaithersburg, Germantown, Manna Choice Market im Grove oder Silver Spring.<\/p>\n<h3>211 Nahrungsressourcen<\/h3>\n<p>Sie k\u00f6nnen auch mit nach Lebensmitteln suchen <a href=\"https:\/\/search.211md.org\/search?query=BD-1800.2000&amp;query_type=taxonomy&amp;query_label=&amp;query_language=en\" target=\"_blank\" rel=\"noopener\">die landesweite Ressourcendatenbank<\/a> und finden Sie Ressourcen und Informationen zu <a href=\"https:\/\/211md.org\/de\/ressourcen\/lebensmittel\/fusstapfen\/\">Fu\u00dfstapfen<\/a> und <a href=\"https:\/\/211md.org\/de\/ressourcen\/lebensmittel\/wic\/\">WIC<\/a>.<\/p>\n<p>&nbsp;<\/p>\n\t\t<h4><a href=\"\/de\/ressourcen\/alterungsbehinderung\/?utm_source=Home&#038;utm_medium=Referral&#038;utm_campaign=211Resources&#038;utm_content=Aging\" target=\"_self\">Alter &amp; Behinderung<\/a><\/h4>\n\t\t\t\t<a href=\"\/de\/ressourcen\/alterungsbehinderung\/?utm_source=Home&#038;utm_medium=Referral&#038;utm_campaign=211Resources&#038;utm_content=Aging\"  target=\"_self\" itemprop=\"url\">\n\t\t\t\t<img decoding=\"async\" src=\"https:\/\/211md.org\/wp-content\/uploads\/bb-plugin\/cache\/2025_MdInfoNet_Icon-Sets_Aging-disability-square-c466727102cae71e5f27b8539bb51945-.png\" alt=\"\" itemprop=\"image\" onerror=\"this.style.display='none'\" loading=\"lazy\" \/>\n\t\t\t\t<\/a>\n\t\t<h4><a href=\"\/de\/ressourcen\/kinder-familien\/?utm_source=Home&#038;utm_medium=Referral&#038;utm_campaign=211Resources&#038;utm_content=Children\" target=\"_self\">Kinder &amp; Familien<\/a><\/h4>\n\t\t\t\t<a href=\"\/de\/ressourcen\/kinder-familien\/?utm_source=Home&#038;utm_medium=Referral&#038;utm_campaign=211Resources&#038;utm_content=Children\"  target=\"_self\" itemprop=\"url\">\n\t\t\t\t<img decoding=\"async\" src=\"https:\/\/211md.org\/wp-content\/uploads\/bb-plugin\/cache\/2025_211_Icon-Sets_Child-care-square-f3b0d4edab3dcc467fadb5f55f4064c6-.png\" alt=\"2025_211_Icon Sets_Kinderbetreuung\" itemprop=\"image\" height=\"417\" width=\"417\" title=\"2025_211_Icon Sets_Kinderbetreuung\" onerror=\"this.style.display='none'\" loading=\"lazy\" \/>\n\t\t\t\t<\/a>\n\t\t<h4><a href=\"\/de\/ressourcen\/hausliche-familiare-gewalt\/?utm_source=Home&#038;utm_medium=Referral&#038;utm_campaign=211Resources&#038;utm_content=Domestic\" target=\"_self\">H\u00e4usliche Gewalt<\/a><\/h4>\n\t\t\t\t<a href=\"\/de\/ressourcen\/hausliche-familiare-gewalt\/?utm_source=Home&#038;utm_medium=Referral&#038;utm_campaign=211Resources&#038;utm_content=Domestic\"  target=\"_self\" itemprop=\"url\">\n\t\t\t\t<img decoding=\"async\" src=\"https:\/\/211md.org\/wp-content\/uploads\/bb-plugin\/cache\/2025_211_Icon-Sets_Domestic-Violence-square-7b597694a6f05fe90cdc376aa573bc63-.png\" alt=\"Symbol f\u00fcr h\u00e4usliche Gewalt\" itemprop=\"image\" height=\"417\" width=\"417\" title=\"2025_211_Icon Sets_H\u00e4usliche Gewalt\" onerror=\"this.style.display='none'\" loading=\"lazy\" \/>\n\t\t\t\t<\/a>\n\t\t<h4><a href=\"\/de\/ressourcen\/arbeitssuche\/?utm_source=Home&#038;utm_medium=Referral&#038;utm_campaign=211Resources&#038;utm_content=Employment\" target=\"_self\">Besch\u00e4ftigung<\/a><\/h4>\n\t\t\t\t<a href=\"\/de\/ressourcen\/arbeitssuche\/?utm_source=Home&#038;utm_medium=Referral&#038;utm_campaign=211Resources&#038;utm_content=Employment\"  target=\"_self\" itemprop=\"url\">\n\t\t\t\t<img decoding=\"async\" src=\"https:\/\/211md.org\/wp-content\/uploads\/bb-plugin\/cache\/2025_MdInfoNet_Icon-Sets_Employment-square-44707bd410e4df10a470bf130ebcea86-.png\" alt=\"\" itemprop=\"image\" onerror=\"this.style.display='none'\" loading=\"lazy\" \/>\n\t\t\t\t<\/a>\n\t\t<h4><a href=\"\/de\/ressourcen\/gesundheitswesen\/?utm_source=Home&#038;utm_medium=Referral&#038;utm_campaign=211Resources&#038;utm_content=Health%20Care\" target=\"_self\">Gesundheitsvorsorge<\/a><\/h4>\n\t\t\t\t<a href=\"\/de\/ressourcen\/gesundheitswesen\/?utm_source=Home&#038;utm_medium=Referral&#038;utm_campaign=211Resources&#038;utm_content=Health%20Care\"  target=\"_self\" itemprop=\"url\">\n\t\t\t\t<img decoding=\"async\" src=\"https:\/\/211md.org\/wp-content\/uploads\/bb-plugin\/cache\/2025_MdInfoNet_Icon-Sets_Health-Care-square-dee98a0060cbe0e7f27eda253fc12679-.png\" alt=\"\" itemprop=\"image\" onerror=\"this.style.display='none'\" loading=\"lazy\" \/>\n\t\t\t\t<\/a>\n\t\t<h4><a href=\"\/de\/ressourcen\/kinder-familien\/verwandtschaftspflege\/?utm_source=Home&#038;utm_medium=Referral&#038;utm_campaign=211Resources&#038;utm_content=Kinship\" target=\"_self\">Verwandtschaft<\/a><\/h4>\n\t\t\t\t<a href=\"\/de\/ressourcen\/kinder-familien\/verwandtschaftspflege\/?utm_source=Home&#038;utm_medium=Referral&#038;utm_campaign=211Resources&#038;utm_content=Kinship\"  target=\"_self\" itemprop=\"url\">\n\t\t\t\t<img decoding=\"async\" src=\"https:\/\/211md.org\/wp-content\/uploads\/bb-plugin\/cache\/2025_211_Icon-Sets_Kinship-square-45bdf872866f5735f842c32071109267-.png\" alt=\"Verwandtschaftssymbol\" itemprop=\"image\" height=\"417\" width=\"417\" title=\"2025_211_Icon Sets_Verwandtschaft\" onerror=\"this.style.display='none'\" loading=\"lazy\" \/>\n\t\t\t\t<\/a>\n\t\t<h4><a href=\"\/de\/ressourcen\/rechtsberatung\/?utm_source=Home&#038;utm_medium=Referral&#038;utm_campaign=211Resources&#038;utm_content=Legal\" target=\"_self\">Rechtsberatung<\/a><\/h4>\n\t\t\t\t<a href=\"\/de\/ressourcen\/rechtsberatung\/?utm_source=Home&#038;utm_medium=Referral&#038;utm_campaign=211Resources&#038;utm_content=Legal\"  target=\"_self\" itemprop=\"url\">\n\t\t\t\t<img decoding=\"async\" src=\"https:\/\/211md.org\/wp-content\/uploads\/bb-plugin\/cache\/2025_MdInfoNet_Icon-Sets_Legal-square-18fdf438feb8435588174d9046463257-.png\" alt=\"\" itemprop=\"image\" onerror=\"this.style.display='none'\" loading=\"lazy\" \/>\n\t\t\t\t<\/a>\n\t\t<h4><a href=\"\/de\/ressourcen\/psychische-gesundheit\/?utm_source=Home&#038;utm_medium=Referral&#038;utm_campaign=211Resources&#038;utm_content=Mental\" target=\"_self\">Psychische Gesundheit<\/a><\/h4>\n\t\t\t\t<a href=\"\/de\/ressourcen\/psychische-gesundheit\/?utm_source=Home&#038;utm_medium=Referral&#038;utm_campaign=211Resources&#038;utm_content=Mental\"  target=\"_self\" itemprop=\"url\">\n\t\t\t\t<img decoding=\"async\" src=\"https:\/\/211md.org\/wp-content\/uploads\/bb-plugin\/cache\/2025_MdInfoNet_Icon-Sets_Mental-Health-square-c59b38c4a993a947d4c9280fbe2d2fee-.png\" alt=\"\" itemprop=\"image\" onerror=\"this.style.display='none'\" loading=\"lazy\" \/>\n\t\t\t\t<\/a>\n\t\t<h4><a href=\"\/de\/ressourcen\/mdreentry\/?utm_source=Home&#038;utm_medium=Referral&#038;utm_campaign=211Resources&#038;utm_content=Reentry\" target=\"_self\">Wiedereintritt<\/a><\/h4>\n\t\t\t\t<a href=\"\/de\/ressourcen\/mdreentry\/?utm_source=Home&#038;utm_medium=Referral&#038;utm_campaign=211Resources&#038;utm_content=Reentry\"  target=\"_self\" itemprop=\"url\">\n\t\t\t\t<img decoding=\"async\" src=\"https:\/\/211md.org\/wp-content\/uploads\/bb-plugin\/cache\/2025_211_Icon-Sets_Reentry-square-8676fea38abd920a832f45642fe31cca-.png\" alt=\"Symbol \u201eWiedereintritt\u201c\" itemprop=\"image\" height=\"417\" width=\"417\" title=\"2025_211_Icon Sets_Wiedereintritt\" onerror=\"this.style.display='none'\" loading=\"lazy\" \/>\n\t\t\t\t<\/a>\n\t\t<h4><a href=\"\/de\/ressourcen\/substanzgebrauch\/?utm_source=Home&#038;utm_medium=Referral&#038;utm_campaign=211Resources&#038;utm_content=Substance\" target=\"_self\">Substanzgebrauch<\/a><\/h4>\n\t\t\t\t<a href=\"\/de\/ressourcen\/substanzgebrauch\/?utm_source=Home&#038;utm_medium=Referral&#038;utm_campaign=211Resources&#038;utm_content=Substance\"  target=\"_self\" itemprop=\"url\">\n\t\t\t\t<img decoding=\"async\" src=\"https:\/\/211md.org\/wp-content\/uploads\/bb-plugin\/cache\/2025_MdInfoNet_Icon-Sets_Substance-Abuse-square-9022fec9d18a64118ad685c101885b55-.png\" alt=\"\" itemprop=\"image\" onerror=\"this.style.display='none'\" loading=\"lazy\" \/>\n\t\t\t\t<\/a>\n\t\t<h4><a href=\"\/de\/ressourcen\/veteranen\/?utm_source=Home&#038;utm_medium=Referral&#038;utm_campaign=211Resources&#038;utm_content=Veterans\" target=\"_self\">Veteranen<\/a><\/h4>\n\t\t\t\t<a href=\"\/de\/ressourcen\/veteranen\/?utm_source=Home&#038;utm_medium=Referral&#038;utm_campaign=211Resources&#038;utm_content=Veterans\"  target=\"_self\" itemprop=\"url\">\n\t\t\t\t<img decoding=\"async\" src=\"https:\/\/211md.org\/wp-content\/uploads\/bb-plugin\/cache\/2025_MdInfoNet_Icon-Sets_Rating-square-6e60d00cce4faa8e0a6d4ad7366aa733-.png\" alt=\"\" itemprop=\"image\" onerror=\"this.style.display='none'\" loading=\"lazy\" \/>\n\t\t\t\t<\/a>","protected":false},"excerpt":{"rendered":"<p>211 has your back! Here&#8217;s how to get help: Dial 211 search the statewide resource database reach out to one of the commonly referred agencies in Montgomery County Food pantries, housing support and utility assistance are available near you, whether you live in Silver Springs, Gaithersburg, Germantown, Wheaton, White Oak, Glen Echo or another Montgomery&hellip;<\/p>","protected":false},"author":8,"featured_media":0,"parent":750,"menu_order":0,"comment_status":"closed","ping_status":"closed","template":"","meta":{"footnotes":""},"class_list":["post-751","page","type-page","status-publish","hentry"],"_links":{"self":[{"href":"https:\/\/211md.org\/de\/wp-json\/wp\/v2\/pages\/751","targetHints":{"allow":["GET"]}}],"collection":[{"href":"https:\/\/211md.org\/de\/wp-json\/wp\/v2\/pages"}],"about":[{"href":"https:\/\/211md.org\/de\/wp-json\/wp\/v2\/types\/page"}],"author":[{"embeddable":true,"href":"https:\/\/211md.org\/de\/wp-json\/wp\/v2\/users\/8"}],"replies":[{"embeddable":true,"href":"https:\/\/211md.org\/de\/wp-json\/wp\/v2\/comments?post=751"}],"version-history":[{"count":4,"href":"https:\/\/211md.org\/de\/wp-json\/wp\/v2\/pages\/751\/revisions"}],"predecessor-version":[{"id":34085,"href":"https:\/\/211md.org\/de\/wp-json\/wp\/v2\/pages\/751\/revisions\/34085"}],"up":[{"embeddable":true,"href":"https:\/\/211md.org\/de\/wp-json\/wp\/v2\/pages\/750"}],"wp:attachment":[{"href":"https:\/\/211md.org\/de\/wp-json\/wp\/v2\/media?parent=751"}],"curies":[{"name":"wp","href":"https:\/\/api.w.org\/{rel}","templated":true}]}}