{"id":758,"date":"2021-04-06T14:59:28","date_gmt":"2021-04-06T14:59:28","guid":{"rendered":"https:\/\/211md.org\/?page_id=758"},"modified":"2025-07-11T18:05:03","modified_gmt":"2025-07-11T22:05:03","slug":"treten-sie-unserer-datenbank-bei","status":"publish","type":"page","link":"https:\/\/211md.org\/de\/partner\/join-our-database\/","title":{"rendered":"Treten Sie unserer Datenbank bei"},"content":{"rendered":"<h2>\n\t\t\tF\u00fcgen Sie Ihre Agentur als Ressource hinzu\t<\/h2>\n\t<p>Wir freuen uns darauf, Ihre Organisation als Ressource f\u00fcr die Verbindung von Marylandern in Betracht zu ziehen. Wir schlie\u00dfen Gesundheits- und Sozialbeh\u00f6rden und Organisationen ein, die Einwohnern dieses Staates dienen, unabh\u00e4ngig vom physischen Standort des Dienstleisters. Lesen Sie unsere\u00a0<a href=\"\/de\/inklusionspolitik\/\">Inklusionsrichtlinie<\/a>.<\/p>\n\t\t\t<a href=\"https:\/\/docs.google.com\/forms\/d\/e\/1FAIpQLSdP1V4oqiAOGr2uK9rkCIxzTpexnlyuDmDkqfJ0CjtIbmWV0A\/viewform\" target=\"_blank\" rel=\"noopener\">\n\t\t\t\t\t\t\tJetzt beitreten\n\t\t\t\t\t<\/a>\n\t<p>M\u00fcssen Sie Ihren Eintrag in der Ressourcendatenbank aktualisieren? <a href=\"mailto: resources@211md.org\" target=\"_blank\" rel=\"noopener\">Eine E-Mail senden<\/a>.<\/p>\n<h2>\n\t\t\tWie wir Ihrer Organisation helfen k\u00f6nnen\t<\/h2>\n\t<p>211 ist eine Ressource f\u00fcr alle \u2013 Einzelpersonen, Sozialarbeiter, \u00c4rzte, Krankenschwestern, Regierungsbeamte, gemeinn\u00fctzige Organisationen und Vereine. Wir verbinden Marylander mit Ressourcen f\u00fcr alle ihre unerf\u00fcllten Bed\u00fcrfnisse.<\/p>\n\t\t\t\t<img decoding=\"async\" src=\"https:\/\/211md.org\/wp-content\/uploads\/2021\/05\/Image-Pre-Screen-Callers.png\" alt=\"Frau mit Kopfh\u00f6rer beantwortet einen Anruf\" itemprop=\"image\" height=\"211\" width=\"211\" title=\"Image-Pre-Screen-Anrufer\" onerror=\"this.style.display='none'\" loading='lazy' \/>\n<h3>Anrufer vorab pr\u00fcfen<\/h3><p>Wir unterst\u00fctzen Organisationen, indem wir Marylander vorab pr\u00fcfen und nur diejenigen empfehlen, die die Zulassungsrichtlinien erf\u00fcllen.<\/p>\n\t\t\t\t<img decoding=\"async\" src=\"https:\/\/211md.org\/wp-content\/uploads\/2021\/05\/Image-Guidance-on-Eligibility-Requirements.png\" alt=\"Frau, die mit einem Headset arbeitet, um in die Kamera zu schauen\" itemprop=\"image\" height=\"211\" width=\"211\" title=\"Bild-Leitfaden zu den Zulassungsvoraussetzungen\" onerror=\"this.style.display='none'\" loading='lazy' \/>\n<h3>Anleitung zu den Zulassungsvoraussetzungen<\/h3><p>Wir f\u00fchren Anrufer durch die Berechtigungsvoraussetzungen, damit sie alle erforderlichen Unterlagen bereit haben, um Leistungen zu beantragen oder Unterst\u00fctzung anzufordern.<\/p>\n\t\t\t\t<img decoding=\"async\" src=\"https:\/\/211md.org\/wp-content\/uploads\/2021\/05\/Image-Saves-Time-and-Money.png\" alt=\"Berufst\u00e4tige Frau, die in die Kamera schaut\" itemprop=\"image\" height=\"211\" width=\"211\" title=\"Bild spart Zeit und Geld\" onerror=\"this.style.display='none'\" loading='lazy' \/>\n<h3>Spart Zeit und Geld<\/h3><p>Unsere Ressourcenspezialisten sind in Informations- und Empfehlungsdiensten geschult und sparen Ihrer Organisation Zeit bei der Beantwortung von Leistungs- und Programmanfragen.<\/p>\n\t\t\t\t<img decoding=\"async\" src=\"https:\/\/211md.org\/wp-content\/uploads\/2021\/05\/Image-Support-Your-Programs.png\" alt=\"Gesch\u00e4ftsleute, die H\u00e4nde sch\u00fctteln\" itemprop=\"image\" height=\"211\" width=\"211\" title=\"Image-Unterst\u00fctzung Ihrer Programme\" onerror=\"this.style.display='none'\" loading='lazy' \/>\n<h3>Unterst\u00fctzen Sie Ihre Programme<\/h3><p>Als One-Stop-Zugangspunkt k\u00f6nnen wir Ihrem Unternehmen helfen, sich darauf zu konzentrieren, Kunden zu bedienen, anstatt sie zu finden.<\/p>","protected":false},"excerpt":{"rendered":"<p>F\u00fcgen Sie Ihre Agentur als Ressource hinzu. Wir freuen uns darauf, Ihre Organisation als Ressource f\u00fcr die Vernetzung der Einwohner Marylands zu betrachten. Wir schlie\u00dfen Gesundheits- und Sozialdienste sowie Organisationen ein, die Einwohner dieses Bundesstaates betreuen, unabh\u00e4ngig vom Standort des Dienstleisters. Lesen Sie unsere Inklusionsrichtlinie. Jetzt beitreten. M\u00f6chten Sie Ihren Eintrag in der Ressourcendatenbank aktualisieren?\u2026<\/p>","protected":false},"author":8,"featured_media":1982,"parent":486,"menu_order":0,"comment_status":"closed","ping_status":"closed","template":"","meta":{"footnotes":""},"class_list":["post-758","page","type-page","status-publish","has-post-thumbnail","hentry"],"_links":{"self":[{"href":"https:\/\/211md.org\/de\/wp-json\/wp\/v2\/pages\/758","targetHints":{"allow":["GET"]}}],"collection":[{"href":"https:\/\/211md.org\/de\/wp-json\/wp\/v2\/pages"}],"about":[{"href":"https:\/\/211md.org\/de\/wp-json\/wp\/v2\/types\/page"}],"author":[{"embeddable":true,"href":"https:\/\/211md.org\/de\/wp-json\/wp\/v2\/users\/8"}],"replies":[{"embeddable":true,"href":"https:\/\/211md.org\/de\/wp-json\/wp\/v2\/comments?post=758"}],"version-history":[{"count":3,"href":"https:\/\/211md.org\/de\/wp-json\/wp\/v2\/pages\/758\/revisions"}],"predecessor-version":[{"id":4917,"href":"https:\/\/211md.org\/de\/wp-json\/wp\/v2\/pages\/758\/revisions\/4917"}],"up":[{"embeddable":true,"href":"https:\/\/211md.org\/de\/wp-json\/wp\/v2\/pages\/486"}],"wp:featuredmedia":[{"embeddable":true,"href":"https:\/\/211md.org\/de\/wp-json\/wp\/v2\/media\/1982"}],"wp:attachment":[{"href":"https:\/\/211md.org\/de\/wp-json\/wp\/v2\/media?parent=758"}],"curies":[{"name":"wp","href":"https:\/\/api.w.org\/{rel}","templated":true}]}}