{"id":813,"date":"2021-04-07T18:54:23","date_gmt":"2021-04-07T18:54:23","guid":{"rendered":"https:\/\/211md.org\/?page_id=813"},"modified":"2024-05-02T13:40:17","modified_gmt":"2024-05-02T17:40:17","slug":"nachrichtenredaktion","status":"publish","type":"page","link":"https:\/\/211md.org\/de\/newsroom\/","title":{"rendered":"Nachrichtenredaktion"},"content":{"rendered":"<h2>\n\t\tAusgew\u00e4hlte Geschichten\n\t<\/h2>\n<h2>\n\t\t211 Maryland-Nachrichten\n\t<\/h2>\n\t\t\t<a href=\"\/de\/nachrichtenredaktion\/211-maryland-news\/\" target=\"_self\" rel=\"noopener\">\n\t\t\t\t\t\t\tAlle Nachrichten anzeigen\n\t\t\t\t\t<\/a>\n<h3>\n\t\tKategorien\n\t<\/h3>\n\t\t<h2>IN KONTAKT KOMMEN<\/h2>\n\t\t<p>Bitte kontaktieren Sie uns, um ein Interview zu vereinbaren oder Daten zu 211 Maryland-Anrufen und der On-Demand-SMS-Plattform zu erhalten:\u00a0<a href=\"mailto:media@211md.org\">media@211md.org<\/a><\/p>\n\t\t\t<a href=\"mailto:media@211md.org\" target=\"_self\" rel=\"noopener\">\n\t\t\t\t\t\t\tSchreiben Sie uns eine E-Mail\n\t\t\t\t\t<\/a>\n\t\t\t\t<img loading=\"lazy\" decoding=\"async\" src=\"https:\/\/211md.org\/wp-content\/uploads\/2021\/04\/Data-1.png\" alt=\"Frau, die an ihrem Computer arbeitet und sich Diagramme ansieht\" itemprop=\"image\" height=\"348\" width=\"460\" title=\"Daten-1\" onerror=\"this.style.display='none'\"  \/>\n\t<h2><strong>Lassen Sie die Zahlen die Geschichte erz\u00e4hlen<\/strong><\/h2>\n<p>Die kontinuierlichen Kontakte von 211 Maryland informieren die Gemeinde \u00fcber Trends im Gesundheits- und Sozialwesen. Greifen Sie \u00fcber den umfassendsten Datensatz zu ungedeckten Bed\u00fcrfnissen im Bundesstaat auf Tausende von Geschichten \u00fcber die kollektiven, grundlegenden Bed\u00fcrfnisse in Ihrem Versorgungsgebiet zu. Erz\u00e4hlen Sie noch heute die Geschichte Ihrer Community!<\/p>\n\t<h2><strong>211 Maryland-Toolkit<\/strong><\/h2>\n<p>Laden Sie Toolkit-Materialien wie Infokarten, Grafiken f\u00fcr soziale Medien und Infobl\u00e4tter zu 211 und seinen Programmen herunter. Nutzen Sie die digitalen Downloads oder bestellen Sie druckfertige Materialien.<\/p>\n\t\t\t\t<img loading=\"lazy\" decoding=\"async\" src=\"https:\/\/211md.org\/wp-content\/uploads\/2021\/05\/Top-View-Postcard-Mockup-scaled.jpg\" alt=\"211 Maryland Outreach-Karten\" itemprop=\"image\" height=\"1707\" width=\"2560\" title=\"Ansicht von oben Postkarte Mockup\" onerror=\"this.style.display='none'\"  \/>","protected":false},"excerpt":{"rendered":"<p>Ausgew\u00e4hlte Geschichten 211 Maryland News Alle Nachrichtenkategorien anzeigen KONTAKTIEREN SIE UNS Bitte kontaktieren Sie uns, um ein Interview zu vereinbaren oder Daten zu 211 Maryland-Anrufen und zur On-Demand-SMS-Plattform zu erhalten: media@211md.org E-Mail an uns Lassen Sie die Zahlen die Geschichte erz\u00e4hlen Die kontinuierlichen Verbindungen von 211 Maryland informieren die Community \u00fcber Trends im Gesundheits- und Sozialdienstleistungsbereich. Greifen Sie auf Tausende von\u2026 zu.<\/p>","protected":false},"author":8,"featured_media":1874,"parent":0,"menu_order":0,"comment_status":"closed","ping_status":"closed","template":"","meta":{"footnotes":""},"class_list":["post-813","page","type-page","status-publish","has-post-thumbnail","hentry"],"_links":{"self":[{"href":"https:\/\/211md.org\/de\/wp-json\/wp\/v2\/pages\/813","targetHints":{"allow":["GET"]}}],"collection":[{"href":"https:\/\/211md.org\/de\/wp-json\/wp\/v2\/pages"}],"about":[{"href":"https:\/\/211md.org\/de\/wp-json\/wp\/v2\/types\/page"}],"author":[{"embeddable":true,"href":"https:\/\/211md.org\/de\/wp-json\/wp\/v2\/users\/8"}],"replies":[{"embeddable":true,"href":"https:\/\/211md.org\/de\/wp-json\/wp\/v2\/comments?post=813"}],"version-history":[{"count":0,"href":"https:\/\/211md.org\/de\/wp-json\/wp\/v2\/pages\/813\/revisions"}],"wp:featuredmedia":[{"embeddable":true,"href":"https:\/\/211md.org\/de\/wp-json\/wp\/v2\/media\/1874"}],"wp:attachment":[{"href":"https:\/\/211md.org\/de\/wp-json\/wp\/v2\/media?parent=813"}],"curies":[{"name":"wp","href":"https:\/\/api.w.org\/{rel}","templated":true}]}}