{"id":836,"date":"2021-04-08T19:38:57","date_gmt":"2021-04-08T19:38:57","guid":{"rendered":"https:\/\/211md.org\/?page_id=836"},"modified":"2025-12-01T14:22:37","modified_gmt":"2025-12-01T19:22:37","slug":"psychische-gesundheit","status":"publish","type":"page","link":"https:\/\/211md.org\/de\/resources\/mental-health\/","title":{"rendered":"Finden Sie psychische Unterst\u00fctzung in Maryland"},"content":{"rendered":"<img decoding=\"async\" src=\"https:\/\/stg-maryland211-staging.kinsta.cloud\/wp-content\/uploads\/2025\/08\/5-1-scaled.png\" alt=\"5\" itemprop=\"image\" height=\"692\" width=\"2560\" title=\"5\" onerror=\"this.style.display='none'\" loading=\"lazy\" \/>\n\t\t<p>Es gibt Hilfe f\u00fcr alle, die mit Angstzust\u00e4nden, Depressionen, Selbstmordgedanken, \u00dcberforderung, Stress oder anderen psychischen Problemen zu k\u00e4mpfen haben. Sie sind nicht allein!<\/p>\n<p>W\u00e4hlen Sie 988, um sofort Hilfe zu erhalten.<\/p>\n<p>Es stehen auch vertrauliche Ressourcen zur Unterst\u00fctzung der psychischen Gesundheit von Teenagern und Erwachsenen zur Verf\u00fcgung.<\/p>\n\t\t\t<a href=\"#start\" target=\"_self\">\n\t\t\t\t\t\tErste Schritte\n\t\t\t\t\t<\/a>\n\t\t\t\t<img decoding=\"async\" src=\"https:\/\/211md.org\/wp-content\/plugins\/bb-plugin\/img\/pixel.png\" alt=\"\" itemprop=\"image\" onerror=\"this.style.display='none'\" loading=\"lazy\" \/>\n\t\t\t\t<img decoding=\"async\" src=\"https:\/\/stg-maryland211-staging.kinsta.cloud\/wp-content\/uploads\/2025\/08\/16.png\" alt=\"16\" itemprop=\"image\" height=\"1000\" width=\"1000\" title=\"16\" onerror=\"this.style.display='none'\" loading=\"lazy\" \/>\n\t\t\t\t<img decoding=\"async\" src=\"http:\/\/211md.org\/wp-content\/uploads\/2025\/10\/Thoughtful-man-sitting-on-park-bench.jpg\" alt=\"Nachdenklicher Mann sitzt auf Parkbank\" itemprop=\"image\" title=\"Nachdenklicher Mann sitzt auf Parkbank\" onerror=\"this.style.display='none'\" loading=\"lazy\" \/>\n\t<h3>Was passiert, wenn Sie in Maryland die 988 anrufen?<\/h3>\n<p>Wenn Sie jemanden kennen, der Selbstmordgedanken hat, lassen Sie ihn oder sie nicht allein.<\/p>\n<p>Versuchen Sie, Ihren Angeh\u00f6rigen dazu zu bewegen, sofort Hilfe zu suchen, indem er die Nummer 988 anruft.<\/p>\n<p>Professionell ausgebildete Spezialisten stehen Ihnen rund um die Uhr zur Verf\u00fcgung, um zuzuh\u00f6ren und zu sprechen.<\/p>\n<p>211 Spezialisten der Baltimore Crisis Response beantworten einige dieser Anrufe.<\/p>\n<p>Elijah McBride ist der Call Center Manager und sprach \u00fcber die M\u00f6glichkeiten, wie sie Einzelpersonen helfen k\u00f6nnen, auf der \u201e<a href=\"https:\/\/211md.org\/de\/podcast\/baltimore-city-mental-health\/\" target=\"_blank\" rel=\"noopener\">Was ist die 211?\u201c Podcast<\/a>.<\/p>\n<blockquote><p>\u201eWenn also jemand anruft, wird er direkt mit einem geschulten Hotline-Berater verbunden. Dieser Hotline-Berater wird ihnen angemessene und genaue Informationen liefern, ihnen zuh\u00f6ren und am Telefon potenzielle Optionen und L\u00f6sungen f\u00fcr die jeweilige Krise oder das jeweilige Problem, das sie darstellen, wirklich erarbeiten\u201c, erkl\u00e4rte McBride.<\/p><\/blockquote>\n<p>Chatten Sie online mit einem Psychologen oder w\u00e4hlen oder senden Sie eine SMS an 988.<\/p>\n\t\t\t<a href=\"https:\/\/988lifeline.org\/chat\/\" target=\"_blank\" rel=\"noopener\">\n\t\t\t\t\t\t\tChatten Sie mit 988 (Englisch)\n\t\t\t\t\t<\/a>\n\t\t\t<a href=\"https:\/\/988lifeline.org\/es\/home\/\" target=\"_blank\" rel=\"noopener\">\n\t\t\t\t\t\t\tChatten Sie mit 988 (Spanisch)\n\t\t\t\t\t<\/a>\n\t\t\t\t<a href=\"https:\/\/search.988.mdinfonet.org\/\" target=\"_blank\" rel=\"noopener\" itemprop=\"url\">\n\t\t\t\t<img decoding=\"async\" src=\"https:\/\/stg-maryland211-staging.kinsta.cloud\/wp-content\/uploads\/2025\/08\/2025_MdInfoNet_Icon-Sets-white_Locate.png\" alt=\"\" itemprop=\"image\" onerror=\"this.style.display='none'\" loading=\"lazy\" \/>\n\t\t\t\t<\/a>\n<h2><a href=\"https:\/\/search.988.mdinfonet.org\/\" target=\"_blank\" rel=\"noopener\">Finden Sie jetzt Ressourcen zur psychischen Gesundheit<\/a><\/h2><p>Finden Sie Unterst\u00fctzung bei psychischen Problemen in Ihrer N\u00e4he, indem Sie die 988-Datenbank durchsuchen, die vom Maryland Information Network und 211 betrieben wird.<\/p>\n<p>Geben Sie Ihre Postleitzahl ein und verwenden Sie die Filter, um die Ergebnisse einzugrenzen.<\/p>\n\t\t\t<a href=\"https:\/\/search.988.mdinfonet.org\/\" target=\"_blank\" rel=\"noopener\">\n\t\t\t\t\t\t\tJetzt suchen\n\t\t\t<\/a>\n\t\t\t\t<img decoding=\"async\" src=\"http:\/\/211md.org\/wp-content\/uploads\/2025\/10\/Adult-texting.jpg\" alt=\"SMS f\u00fcr Erwachsene\" itemprop=\"image\" title=\"SMS f\u00fcr Erwachsene\" onerror=\"this.style.display='none'\" loading=\"lazy\" \/>\n\t<h3>211 SMS-Programme<\/h3>\n<p>Wir bieten zwei informative und motivierende SMS-Programme an. Erhalten Sie Textnachrichten mit praktischen Tipps und Tools zur Verbesserung Ihres mentalen Wohlbefindens.<\/p>\n<p>Sie sind kostenlos und vertraulich.<\/p>\n<p>Es gibt zwei Programme, eines f\u00fcr Erwachsene auf Englisch und Spanisch und ein englisches Textprogramm f\u00fcr Jugendliche.<\/p>\n<h3>MDMindHealth\/MDSaludMental (Erwachsene)<\/h3>\n<p>Erwachsene k\u00f6nnen sich f\u00fcr MDMindHealth (Englisch) oder MDSaludMental (Spanisch) anmelden.<\/p>\n<p>Klicken Sie auf dem Handy auf das Schl\u00fcsselwort, um die Textnachricht zu \u00f6ffnen.<\/p>\n<p>Andernfalls senden Sie das Schl\u00fcsselwort per SMS an 898-211.<\/p>\n<p>Englisch: Text\u00a0<strong>MDMindHealth<\/strong>\u00a0bis 898-211<\/p>\n<p>Spanisch: Text\u00a0<strong>MDSaludMental\u00a0<\/strong>bis 898-211<\/p>\n<p>&nbsp;<\/p>\n\t\t\t<a href=\"sms:\/\/898-211;?&#038;body=MDMINDHEALTH\" target=\"_blank\" rel=\"noopener\">\n\t\t\t\t\t\tText mdmindhealth\n\t\t\t\t\t<\/a>\n\t\t\t<a href=\"sms:\/\/898-211;?&#038;body=MDSALUDMENTAL\" target=\"_blank\" rel=\"noopener\">\n\t\t\t\t\t\tText MdSaludMental\n\t\t\t\t\t<\/a>\n\t<p><em>211 Maryland bietet SMS-Warnprogramme an, die regionalspezifische Ressourceninformationen oder Katastrophenwarnungen bereitstellen. Es k\u00f6nnen Nachrichten- und Datengeb\u00fchren anfallen und die Nachrichtenh\u00e4ufigkeit kann variieren. Um Hilfe zu erhalten, senden Sie eine SMS mit dem Text HELP. Um sich abzumelden, senden Sie eine SMS mit dem Text STOP an dieselbe Nummer. Vollst\u00e4ndige SMS-Bedingungen unter\u00a0<a href=\"https:\/\/211md.org\/de\/sms\/\">https:\/\/211md.org\/sms\/<\/a>\u00a0wird auch gelten.<\/em><\/p>\n\t\t<h3>MDYoungMinds (Teenager)<\/h3>\n<p>Jugendliche k\u00f6nnen von MDYoungMinds informative Textnachrichten zu den Anliegen von Jugendlichen erhalten.<\/p>\n<p>Klicken Sie auf Mobilger\u00e4ten auf das Schl\u00fcsselwort, um Textnachrichten zu \u00f6ffnen. Andernfalls senden Sie das Schl\u00fcsselwort per SMS an die Telefonnummer.<\/p>\n<p>Teenager: Text<strong>\u00a0MDYoungMinds\u00a0<\/strong>bis 898-211<\/p>\n\t\t\t<a href=\"tel:+211sms:\/\/898-211;?&#038;body=MDYOUNGMINDS\" target=\"_blank\" rel=\"noopener\">\n\t\t\t\t\t\tText MdYoungMinds\n\t\t\t\t\t<\/a>\n\t\t\t\t<img decoding=\"async\" src=\"http:\/\/211md.org\/wp-content\/uploads\/2025\/10\/Teen-texting.jpg\" alt=\"Teenager schreiben SMS\" itemprop=\"image\" title=\"Teenager schreiben SMS\" onerror=\"this.style.display='none'\" loading=\"lazy\" \/>\n\t<h2>Wie sich die psychische Gesundheit auf uns auswirkt<\/h2>\n<p>Die psychische Gesundheit beeinflusst Ihr Denken, F\u00fchlen und Handeln. Es bestimmt, wie Sie mit anderen umgehen, Entscheidungen treffen und mit Stress umgehen <a href=\"https:\/\/www.samhsa.gov\/mental-health\" target=\"_blank\" rel=\"noopener\">Verwaltung von Drogenmissbrauch und psychischen Gesundheitsdiensten<\/a> (SAMHSA).<\/p>\n<p>Es ist genauso wichtig wie Ihre k\u00f6rperliche Gesundheit. <a href=\"https:\/\/211md.org\/de\/ressourcen\/psychische-gesundheit\/depression\/\">Depression<\/a> kann sogar das Risiko einiger k\u00f6rperlicher Gesundheitsprobleme erh\u00f6hen.<\/p>\n<p>Wenn Sie Schwierigkeiten haben, bitten Sie um Hilfe. Es ist ein Zeichen der St\u00e4rke. Wir sind da, wenn Sie uns am meisten brauchen.<\/p>\n<p>W\u00e4hlen Sie 2-1-1 und wir verbinden Sie mit dem Support.<\/p>\n\t\t\t\t<img decoding=\"async\" src=\"http:\/\/211md.org\/wp-content\/uploads\/2023\/04\/Woman-in-wheelchair-getting-mental-health-support.jpg\" alt=\"Frau im Rollstuhl, die psychische Unterst\u00fctzung erh\u00e4lt\" itemprop=\"image\" title=\"Frau im Rollstuhl, die psychische Unterst\u00fctzung erh\u00e4lt\" onerror=\"this.style.display='none'\" loading=\"lazy\" \/>\n\t<h2>So finden Sie einen Anbieter f\u00fcr psychische Gesundheit<\/h2>\n<p>Es kann einige Zeit dauern, einen Anbieter f\u00fcr psychische Gesundheit zu finden. An <a href=\"https:\/\/211md.org\/de\/blog\/kategorie\/podcasts\/\">Was ist die 211? Podcast<\/a> und in der Serie \u201eMinderheiten und psychische Gesundheit\u201c auf 92Q haben wir mit Spezialisten f\u00fcr Verhaltensgesundheit \u00fcber die Wartezeiten und die Schwierigkeit gesprochen, jemanden zu finden, dem man vertrauen kann, insbesondere f\u00fcr die schwarze Gemeinschaft.<\/p>\n<p>Es kann mehrere Anbieter erfordern, bis Sie die richtige L\u00f6sung gefunden haben. Aber verz\u00f6gern Sie die Behandlung nicht. Beginnen Sie so schnell wie m\u00f6glich das Gespr\u00e4ch mit einem verf\u00fcgbaren Therapeuten.<\/p>\n<p>Wenn Sie einen f\u00fcr Sie geeigneten Therapeuten finden, fragen Sie nach:<\/p>\n<ul>\n<li>welche Therapiearten sie anbieten<\/li>\n<li>Behandlungsm\u00f6glichkeiten<\/li>\n<li>Zahlungsarten<\/li>\n<\/ul>\n<p>&nbsp;<\/p>\n\t<p>Sie m\u00f6chten einen Therapeuten, mit dem Sie ein ehrliches und offenes Gespr\u00e4ch f\u00fchren k\u00f6nnen. Es kann einige Versuche dauern, bis Sie denjenigen finden, mit dem Sie sich verbinden und dem Sie vertrauen. Wenn Ihre erste Wahl nicht verf\u00fcgbar ist, beginnen Sie das Gespr\u00e4ch mit einem Therapeuten, der offene Stellen hat. Es ist ein Ausgangspunkt. Psychische Hilfe ist ein Prozess.<\/p>\n<p><a href=\"https:\/\/211md.org\/de\/blog\/gefuhle-der-psychischen-gesundheit\/\">Eine Therapie kann Ihnen helfen, sich best\u00e4tigt zu f\u00fchlen<\/a> und beschreibe, was du f\u00fchlst.<\/p>\n<p>Satz <a href=\"https:\/\/211md.org\/de\/blog\/mentale-gesundheitsziele\/\" target=\"_blank\" rel=\"noopener\">Ziele f\u00fcr die psychische Gesundheit<\/a> die f\u00fcr Sie funktionieren. Denken Sie daran, es ist in Ordnung, nicht in Ordnung zu sein.<\/p>\n\t\t\t\t<a href=\"https:\/\/search.988.mdinfonet.org\/\" target=\"_blank\" rel=\"noopener\" itemprop=\"url\">\n\t\t\t\t<img decoding=\"async\" src=\"https:\/\/stg-maryland211-staging.kinsta.cloud\/wp-content\/uploads\/2025\/08\/2025_MdInfoNet_Icon-Sets-white_Locate.png\" alt=\"\" itemprop=\"image\" onerror=\"this.style.display='none'\" loading=\"lazy\" \/>\n\t\t\t\t<\/a>\n<h2><a href=\"https:\/\/search.988.mdinfonet.org\/\" target=\"_blank\" rel=\"noopener\">Suche nach Anbietern psychischer Gesundheit<\/a><\/h2><p>Verbinden Sie sich mit Anbietern in Ihrer N\u00e4he. Durchsuchen Sie die 988-Datenbank, die vom Maryland Information Network und 211 bereitgestellt wird.<\/p>\n\t\t\t<a href=\"https:\/\/search.988.mdinfonet.org\/\" target=\"_blank\" rel=\"noopener\">\n\t\t\t\t\t\t\tJetzt suchen\n\t\t\t<\/a>\n<h2>\n\t\t\tZus\u00e4tzliche Informationen zur psychischen Gesundheit\t<\/h2>\n\t<h3>211 Podcasts<\/h3>\n<p>Informieren Sie sich weiter \u00fcber die gemeindeweite Unterst\u00fctzung psychischer Gesundheit mit diesen 211 Ressourcen zur psychischen Gesundheit, darunter Podcasts und eine gemeindeweite Diskussion \u00fcber die psychische Gesundheit von M\u00e4nnern.<\/p>\n\t<h2>M\u00fcssen reden?\u00a0<\/h2>\n<p>&nbsp;<\/p>\n\t<h2>Rufen Sie an oder schreiben Sie eine SMS an 988<\/h2>\n\t\t\t<a href=\"https:\/\/988lifeline.org\/chat\/\" target=\"_blank\" rel=\"noopener\">\n\t\t\t\t\t\t\tJetzt chatten (Englisch)\n\t\t\t\t\t<\/a>\n\t\t\t<a href=\"https:\/\/988lifeline.org\/es\/chat\/\" target=\"_blank\" rel=\"noopener\">\n\t\t\t\t\t\t\tChatea Ahora (Spanisch)\n\t\t\t\t\t<\/a>\n\t<p>Jeder, der Hilfe bei der psychischen Gesundheit oder im Zusammenhang mit Substanzgebrauch ben\u00f6tigt, kann 988 anrufen. <a href=\"https:\/\/health.maryland.gov\/bha\/Pages\/988md.aspx\" target=\"_blank\" rel=\"noopener\">Erfahren Sie mehr \u00fcber 988 in Maryland<\/a>.<\/p>\n\t\t<h4><a href=\"\/de\/ressourcen\/alterungsbehinderung\/?utm_source=Home&#038;utm_medium=Referral&#038;utm_campaign=211Resources&#038;utm_content=Aging\" target=\"_self\">Alter &amp; Behinderung<\/a><\/h4>\n\t\t\t\t<a href=\"\/de\/ressourcen\/alterungsbehinderung\/?utm_source=Home&#038;utm_medium=Referral&#038;utm_campaign=211Resources&#038;utm_content=Aging\"  target=\"_self\" itemprop=\"url\">\n\t\t\t\t<img decoding=\"async\" src=\"https:\/\/211md.org\/wp-content\/uploads\/bb-plugin\/cache\/2025_MdInfoNet_Icon-Sets_Aging-disability-square-c466727102cae71e5f27b8539bb51945-.png\" alt=\"\" itemprop=\"image\" onerror=\"this.style.display='none'\" loading=\"lazy\" \/>\n\t\t\t\t<\/a>\n\t\t<h4><a href=\"\/de\/ressourcen\/kinder-familien\/?utm_source=Home&#038;utm_medium=Referral&#038;utm_campaign=211Resources&#038;utm_content=Children\" target=\"_self\">Kinder &amp; Familien<\/a><\/h4>\n\t\t\t\t<a href=\"\/de\/ressourcen\/kinder-familien\/?utm_source=Home&#038;utm_medium=Referral&#038;utm_campaign=211Resources&#038;utm_content=Children\"  target=\"_self\" itemprop=\"url\">\n\t\t\t\t<img decoding=\"async\" src=\"https:\/\/211md.org\/wp-content\/uploads\/bb-plugin\/cache\/2025_211_Icon-Sets_Child-care-square-f3b0d4edab3dcc467fadb5f55f4064c6-.png\" alt=\"parent and child icon for child care\" itemprop=\"image\" height=\"417\" width=\"417\" title=\"2025_211_Icon Sets_Kinderbetreuung\" onerror=\"this.style.display='none'\" loading=\"lazy\" \/>\n\t\t\t\t<\/a>\n\t\t<h4><a href=\"\/de\/ressourcen\/hausliche-familiare-gewalt\/?utm_source=Home&#038;utm_medium=Referral&#038;utm_campaign=211Resources&#038;utm_content=Domestic\" target=\"_self\">H\u00e4usliche Gewalt<\/a><\/h4>\n\t\t\t\t<a href=\"\/de\/ressourcen\/hausliche-familiare-gewalt\/?utm_source=Home&#038;utm_medium=Referral&#038;utm_campaign=211Resources&#038;utm_content=Domestic\"  target=\"_self\" itemprop=\"url\">\n\t\t\t\t<img decoding=\"async\" src=\"https:\/\/211md.org\/wp-content\/uploads\/bb-plugin\/cache\/2025_211_Icon-Sets_Domestic-Violence-square-7b597694a6f05fe90cdc376aa573bc63-.png\" alt=\"Symbol f\u00fcr h\u00e4usliche Gewalt\" itemprop=\"image\" height=\"417\" width=\"417\" title=\"2025_211_Icon Sets_H\u00e4usliche Gewalt\" onerror=\"this.style.display='none'\" loading=\"lazy\" \/>\n\t\t\t\t<\/a>\n\t\t<h4><a href=\"\/de\/ressourcen\/arbeitssuche\/?utm_source=Home&#038;utm_medium=Referral&#038;utm_campaign=211Resources&#038;utm_content=Employment\" target=\"_self\">Besch\u00e4ftigung<\/a><\/h4>\n\t\t\t\t<a href=\"\/de\/ressourcen\/arbeitssuche\/?utm_source=Home&#038;utm_medium=Referral&#038;utm_campaign=211Resources&#038;utm_content=Employment\"  target=\"_self\" itemprop=\"url\">\n\t\t\t\t<img decoding=\"async\" src=\"https:\/\/211md.org\/wp-content\/uploads\/bb-plugin\/cache\/2025_MdInfoNet_Icon-Sets_Employment-square-44707bd410e4df10a470bf130ebcea86-.png\" alt=\"\" itemprop=\"image\" onerror=\"this.style.display='none'\" loading=\"lazy\" \/>\n\t\t\t\t<\/a>\n\t\t<h4><a href=\"\/de\/ressourcen\/gesundheitswesen\/?utm_source=Home&#038;utm_medium=Referral&#038;utm_campaign=211Resources&#038;utm_content=Health%20Care\" target=\"_self\">Gesundheitsvorsorge<\/a><\/h4>\n\t\t\t\t<a href=\"\/de\/ressourcen\/gesundheitswesen\/?utm_source=Home&#038;utm_medium=Referral&#038;utm_campaign=211Resources&#038;utm_content=Health%20Care\"  target=\"_self\" itemprop=\"url\">\n\t\t\t\t<img decoding=\"async\" src=\"https:\/\/211md.org\/wp-content\/uploads\/bb-plugin\/cache\/2025_MdInfoNet_Icon-Sets_Health-Care-square-dee98a0060cbe0e7f27eda253fc12679-.png\" alt=\"\" itemprop=\"image\" onerror=\"this.style.display='none'\" loading=\"lazy\" \/>\n\t\t\t\t<\/a>\n\t\t<h4><a href=\"\/de\/ressourcen\/kinder-familien\/verwandtschaftspflege\/?utm_source=Home&#038;utm_medium=Referral&#038;utm_campaign=211Resources&#038;utm_content=Kinship\" target=\"_self\">Verwandtschaft<\/a><\/h4>\n\t\t\t\t<a href=\"\/de\/ressourcen\/kinder-familien\/verwandtschaftspflege\/?utm_source=Home&#038;utm_medium=Referral&#038;utm_campaign=211Resources&#038;utm_content=Kinship\"  target=\"_self\" itemprop=\"url\">\n\t\t\t\t<img decoding=\"async\" src=\"https:\/\/211md.org\/wp-content\/uploads\/bb-plugin\/cache\/2025_211_Icon-Sets_Kinship-square-45bdf872866f5735f842c32071109267-.png\" alt=\"Verwandtschaftssymbol\" itemprop=\"image\" height=\"417\" width=\"417\" title=\"2025_211_Icon Sets_Verwandtschaft\" onerror=\"this.style.display='none'\" loading=\"lazy\" \/>\n\t\t\t\t<\/a>\n\t\t<h4><a href=\"\/de\/ressourcen\/rechtsberatung\/?utm_source=Home&#038;utm_medium=Referral&#038;utm_campaign=211Resources&#038;utm_content=Legal\" target=\"_self\">Rechtsberatung<\/a><\/h4>\n\t\t\t\t<a href=\"\/de\/ressourcen\/rechtsberatung\/?utm_source=Home&#038;utm_medium=Referral&#038;utm_campaign=211Resources&#038;utm_content=Legal\"  target=\"_self\" itemprop=\"url\">\n\t\t\t\t<img decoding=\"async\" src=\"https:\/\/211md.org\/wp-content\/uploads\/bb-plugin\/cache\/2025_MdInfoNet_Icon-Sets_Legal-square-18fdf438feb8435588174d9046463257-.png\" alt=\"\" itemprop=\"image\" onerror=\"this.style.display='none'\" loading=\"lazy\" \/>\n\t\t\t\t<\/a>\n\t\t<h4><a href=\"\/de\/ressourcen\/psychische-gesundheit\/?utm_source=Home&#038;utm_medium=Referral&#038;utm_campaign=211Resources&#038;utm_content=Mental\" target=\"_self\">Psychische Gesundheit<\/a><\/h4>\n\t\t\t\t<a href=\"\/de\/ressourcen\/psychische-gesundheit\/?utm_source=Home&#038;utm_medium=Referral&#038;utm_campaign=211Resources&#038;utm_content=Mental\"  target=\"_self\" itemprop=\"url\">\n\t\t\t\t<img decoding=\"async\" src=\"https:\/\/211md.org\/wp-content\/uploads\/bb-plugin\/cache\/2025_MdInfoNet_Icon-Sets_Mental-Health-square-c59b38c4a993a947d4c9280fbe2d2fee-.png\" alt=\"\" itemprop=\"image\" onerror=\"this.style.display='none'\" loading=\"lazy\" \/>\n\t\t\t\t<\/a>\n\t\t<h4><a href=\"\/de\/ressourcen\/mdreentry\/?utm_source=Home&#038;utm_medium=Referral&#038;utm_campaign=211Resources&#038;utm_content=Reentry\" target=\"_self\">Wiedereintritt<\/a><\/h4>\n\t\t\t\t<a href=\"\/de\/ressourcen\/mdreentry\/?utm_source=Home&#038;utm_medium=Referral&#038;utm_campaign=211Resources&#038;utm_content=Reentry\"  target=\"_self\" itemprop=\"url\">\n\t\t\t\t<img decoding=\"async\" src=\"https:\/\/211md.org\/wp-content\/uploads\/bb-plugin\/cache\/2025_211_Icon-Sets_Reentry-square-8676fea38abd920a832f45642fe31cca-.png\" alt=\"Symbol \u201eWiedereintritt\u201c\" itemprop=\"image\" height=\"417\" width=\"417\" title=\"2025_211_Icon Sets_Wiedereintritt\" onerror=\"this.style.display='none'\" loading=\"lazy\" \/>\n\t\t\t\t<\/a>\n\t\t<h4><a href=\"\/de\/ressourcen\/substanzgebrauch\/?utm_source=Home&#038;utm_medium=Referral&#038;utm_campaign=211Resources&#038;utm_content=Substance\" target=\"_self\">Substanzgebrauch<\/a><\/h4>\n\t\t\t\t<a href=\"\/de\/ressourcen\/substanzgebrauch\/?utm_source=Home&#038;utm_medium=Referral&#038;utm_campaign=211Resources&#038;utm_content=Substance\"  target=\"_self\" itemprop=\"url\">\n\t\t\t\t<img decoding=\"async\" src=\"https:\/\/211md.org\/wp-content\/uploads\/bb-plugin\/cache\/2025_MdInfoNet_Icon-Sets_Substance-Abuse-square-9022fec9d18a64118ad685c101885b55-.png\" alt=\"\" itemprop=\"image\" onerror=\"this.style.display='none'\" loading=\"lazy\" \/>\n\t\t\t\t<\/a>\n\t\t<h4><a href=\"\/de\/ressourcen\/veteranen\/?utm_source=Home&#038;utm_medium=Referral&#038;utm_campaign=211Resources&#038;utm_content=Veterans\" target=\"_self\">Veteranen<\/a><\/h4>\n\t\t\t\t<a href=\"\/de\/ressourcen\/veteranen\/?utm_source=Home&#038;utm_medium=Referral&#038;utm_campaign=211Resources&#038;utm_content=Veterans\"  target=\"_self\" itemprop=\"url\">\n\t\t\t\t<img decoding=\"async\" src=\"https:\/\/211md.org\/wp-content\/uploads\/bb-plugin\/cache\/2025_MdInfoNet_Icon-Sets_Rating-square-6e60d00cce4faa8e0a6d4ad7366aa733-.png\" alt=\"\" itemprop=\"image\" onerror=\"this.style.display='none'\" loading=\"lazy\" \/>\n\t\t\t\t<\/a>","protected":false},"excerpt":{"rendered":"<p>Es gibt Hilfe f\u00fcr alle, die mit Angstzust\u00e4nden, Depressionen, Selbstmordgedanken, \u00dcberforderung, Stress oder anderen psychischen Problemen zu k\u00e4mpfen haben. Sie sind nicht allein! W\u00e4hlen Sie 988, um sofort Hilfe zu erhalten. Es gibt auch vertrauliche Ressourcen zur Unterst\u00fctzung der psychischen Gesundheit von Jugendlichen und Erwachsenen. Erste Schritte: Was passiert, wenn Sie in Maryland die 988 anrufen? Wenn Sie\u2026<\/p>","protected":false},"author":8,"featured_media":33920,"parent":930,"menu_order":0,"comment_status":"closed","ping_status":"closed","template":"","meta":{"footnotes":""},"class_list":["post-836","page","type-page","status-publish","has-post-thumbnail","hentry"],"_links":{"self":[{"href":"https:\/\/211md.org\/de\/wp-json\/wp\/v2\/pages\/836","targetHints":{"allow":["GET"]}}],"collection":[{"href":"https:\/\/211md.org\/de\/wp-json\/wp\/v2\/pages"}],"about":[{"href":"https:\/\/211md.org\/de\/wp-json\/wp\/v2\/types\/page"}],"author":[{"embeddable":true,"href":"https:\/\/211md.org\/de\/wp-json\/wp\/v2\/users\/8"}],"replies":[{"embeddable":true,"href":"https:\/\/211md.org\/de\/wp-json\/wp\/v2\/comments?post=836"}],"version-history":[{"count":11,"href":"https:\/\/211md.org\/de\/wp-json\/wp\/v2\/pages\/836\/revisions"}],"predecessor-version":[{"id":33961,"href":"https:\/\/211md.org\/de\/wp-json\/wp\/v2\/pages\/836\/revisions\/33961"}],"up":[{"embeddable":true,"href":"https:\/\/211md.org\/de\/wp-json\/wp\/v2\/pages\/930"}],"wp:featuredmedia":[{"embeddable":true,"href":"https:\/\/211md.org\/de\/wp-json\/wp\/v2\/media\/33920"}],"wp:attachment":[{"href":"https:\/\/211md.org\/de\/wp-json\/wp\/v2\/media?parent=836"}],"curies":[{"name":"wp","href":"https:\/\/api.w.org\/{rel}","templated":true}]}}