{"id":838,"date":"2021-04-08T19:41:22","date_gmt":"2021-04-08T19:41:22","guid":{"rendered":"https:\/\/211md.org\/?page_id=838"},"modified":"2026-05-07T16:31:10","modified_gmt":"2026-05-07T20:31:10","slug":"gesundheitswesen","status":"publish","type":"page","link":"https:\/\/211md.org\/de\/resources\/health-care\/","title":{"rendered":"Finden Sie kostenlose und kosteng\u00fcnstige Gesundheitsversorgung"},"content":{"rendered":"<figure data-animation-delay=\"0\" data-animation-duration=\"1\" itemscope itemtype=\"https:\/\/schema.org\/ImageObject\">\n\t\t\t\t<img decoding=\"async\" src=\"https:\/\/stg-maryland211-staging.kinsta.cloud\/wp-content\/uploads\/2025\/08\/5-1-scaled.png\" alt=\"5\" height=\"692\" width=\"2560\" title=\"5\" onerror=\"this.style.display='none'\" loading=\"lazy\" \/>\n\t<\/figure>\n\t\t<p>Suchen Sie eine kostenlose oder kosteng\u00fcnstige Gesundheitsklinik oder eine andere medizinische Ressource? Die Gesundheitsdienste k\u00f6nnen Vorsorgeuntersuchungen, Labortests, Mutterschaftspflege, kosteng\u00fcnstige medizinische Ger\u00e4te, Augenpflege, Zahnpflege, Schwangerschaftstests, Ambulanzen f\u00fcr Veteranen, Versicherungen und mehr umfassen.<\/p>\n\t\t\t<a href=\"#start\"  target=\"_self\">\n\t\t\t\t\t\tErste Schritte\n\t\t\t\t\t<\/a>\n<figure data-animation-delay=\"0\" data-animation-duration=\"1\" itemscope itemtype=\"https:\/\/schema.org\/ImageObject\">\n\t\t\t\t<img decoding=\"async\" src=\"https:\/\/211md.org\/wp-content\/plugins\/bb-plugin\/img\/pixel.png\" alt=\"\" onerror=\"this.style.display='none'\" loading=\"lazy\" \/>\n\t<\/figure>\n<figure data-animation-delay=\"0\" data-animation-duration=\"1.3\" itemscope itemtype=\"https:\/\/schema.org\/ImageObject\">\n\t\t\t\t<img decoding=\"async\" src=\"https:\/\/stg-maryland211-staging.kinsta.cloud\/wp-content\/uploads\/2025\/08\/16.png\" alt=\"16\" height=\"1000\" width=\"1000\" title=\"16\" onerror=\"this.style.display='none'\" loading=\"lazy\" \/>\n\t<\/figure>\n\t\t<figure itemscope itemtype=\"https:\/\/schema.org\/ImageObject\">\n\t\t\t\t<a href=\"https:\/\/search.211md.org\/\"  target=\"_blank\" rel=\"noopener\"  itemprop=\"url\">\n\t\t\t\t<img decoding=\"async\" src=\"https:\/\/stg-maryland211-staging.kinsta.cloud\/wp-content\/uploads\/2025\/08\/2025_MdInfoNet_Icon-Sets-white_Locate.png\" alt=\"\" onerror=\"this.style.display='none'\" loading=\"lazy\" \/>\n\t\t\t\t<\/a>\n\t<\/figure>\n<h2><a href=\"https:\/\/search.211md.org\/\" target=\"_blank\"  rel=\"noopener\">Allgemeine Ressourcen zur Gesundheitsversorgung<\/a><\/h2><p>Die 211 Community Resource Database unterst\u00fctzt Sie bei der Suche nach Ressourcen im Gesundheitswesen. Beginnen Sie mit diesen beliebten Suchvorg\u00e4ngen.<\/p>\n\t\t\t<a href=\"https:\/\/search.211md.org\/search?query=LV-6800&#038;query_type=taxonomy&#038;query_label=\"  target=\"_blank\" rel=\"noopener\">\n\t\t\t\t\t\tKinderpflege\n\t\t\t\t\t<\/a>\n\t\t\t<a href=\"https:\/\/search.211md.org\/search?query=LT-3400&#038;query_type=taxonomy&#038;query_label=\"  target=\"_blank\" rel=\"noopener\">\n\t\t\t\t\t\tImpfungen\n\t\t\t\t\t<\/a>\n\t\t\t<a href=\"https:\/\/search.211md.org\/search?query=LV-2400&#038;query_type=taxonomy&#038;query_label=\"  target=\"_blank\" rel=\"noopener\">\n\t\t\t\t\t\tAugenpflege\n\t\t\t\t\t<\/a>\n\t\t\t<a href=\"https:\/\/search.211md.org\/search?query=LJ-2000.6750&#038;query_type=taxonomy&#038;query_label=\"  target=\"_blank\" rel=\"noopener\">\n\t\t\t\t\t\tSchwangerschaftstests\n\t\t\t\t\t<\/a>\n\t\t\t<a href=\"https:\/\/search.211md.org\/search?query=Transportation%20Medical&#038;query_type=text\"  target=\"_blank\" rel=\"noopener\">\n\t\t\t\t\t\tMedizinischer Transport\n\t\t\t\t\t<\/a>\n\t\t\t<a href=\"https:\/\/search.211md.org\/search?query=Mammograms%20Breast%20Exams&#038;query_type=text\"  target=\"_blank\" rel=\"noopener\">\n\t\t\t\t\t\tMammographien\/Brust-Screenings\n\t\t\t\t\t<\/a>\n\t\t\t<a href=\"https:\/\/search.211md.org\/search?query=LT-1750.0500&#038;query_label=AIDS%2FHIV+Clinics&#038;query_type=taxonomy\"  target=\"_blank\" rel=\"noopener\">\n\t\t\t\t\t\tAIDS\/HIV-Kliniken\n\t\t\t\t\t<\/a>\n<figure itemscope itemtype=\"https:\/\/schema.org\/ImageObject\">\n\t\t\t\t<img decoding=\"async\" src=\"https:\/\/211md.org\/wp-content\/uploads\/2022\/05\/doctor-with-young-child-providing-health-care.jpg\" alt=\"arzt mit kleinem kind, das gesundheitsversorgung anbietet\" height=\"682\" width=\"1024\" title=\"Arzt-mit-kleinem-Kind-Bereitstellung-Gesundheitsversorgung\" onerror=\"this.style.display='none'\" loading=\"lazy\" \/>\n\t<\/figure>\n\t<h2>Wo Sie eine kosteng\u00fcnstige Gesundheitsversorgung erhalten<\/h2>\n<p>In Maryland gibt es eine kostenlose und kosteng\u00fcnstige Gesundheitsversorgung und Krankenversicherung.<\/p>\n<p>Lokale Gesundheits\u00e4mter in den Bezirken von Maryland bieten einige medizinische Dienste an, darunter Impfungen, Vorsorgeuntersuchungen und <a href=\"https:\/\/211md.org\/de\/ressourcen\/gesundheitswesen\/zahnpflege\/\">Zahnpflege<\/a>. Die medizinischen Leistungen k\u00f6nnen je nach Standort variieren und es k\u00f6nnen Anspruchsvoraussetzungen bestehen.<\/p>\n<p>Auch in den Gemeindekliniken werden medizinische Leistungen wie Kontrolluntersuchungen und Arzttermine angeboten. Die Leistungen variieren je nach Standort und Art der Einrichtung. Zu den angebotenen Leistungen geh\u00f6ren unter anderem:<\/p>\n<ul>\n<li>Kontrollen<\/li>\n<li>Vorsorgeuntersuchungen<\/li>\n<li>Behandlung, wenn Sie krank sind.<\/li>\n<li>Schwangerschaftsbetreuung<\/li>\n<li>Impfungen<\/li>\n<li>Besuch von wohlhabenden Kindern<\/li>\n<li>Zahnpflege<\/li>\n<li>Verschreibungspflichtige Medikamente<\/li>\n<li>Unterst\u00fctzung f\u00fcr psychische Gesundheit und Substanzgebrauchsst\u00f6rung (SUD).<\/li>\n<\/ul>\n\t\t\t<a href=\"https:\/\/health.maryland.gov\/Pages\/departments.ASPX\" target=\"_blank\" rel=\"noopener\">\n\t\t\t\t\t\tFinden Sie ein Gesundheitsamt\n\t\t\t\t\t<\/a>\n\t<p>&nbsp;<\/p>\n<p>Wenn Ihr Arzt Medikamente verschreibt, die Sie sich nicht leisten k\u00f6nnen, gibt es in den teilnehmenden Apotheken in Maryland Patientenhilfsprogramme und Rabattprogramme. Erfahren Sie mehr \u00fcber die <a href=\"https:\/\/211md.org\/de\/ressourcen\/gesundheitswesen\/rezepte\/\">Rabattprogramme f\u00fcr Medikamente<\/a> in Maryland erh\u00e4ltlich.<\/p>\n<p>Wenn Sie ein Problem mit der Arztrechnung haben oder sich Ihre Arztrechnung nicht leisten k\u00f6nnen, auf lokaler und nationaler Ebene <a href=\"https:\/\/211md.org\/de\/ressourcen\/gesundheitswesen\/arztkostenhilfe\/\">Hilfe ist f\u00fcr medizinische Ausgaben verf\u00fcgbar<\/a>. Sie k\u00f6nnen sich auch f\u00fcr kostenlose medizinische Ger\u00e4te wie Kr\u00fccken, Rollst\u00fchle oder andere verf\u00fcgbare langlebige medizinische Ger\u00e4te qualifizieren.<\/p>\n\t\t<h2>So finden Sie eine erschwingliche psychische Gesundheitsversorgung<\/h2>\n\t\t<p>Sie k\u00f6nnen auch station\u00e4re, ambulante und Beratungsdienste von einem Anbieter f\u00fcr Verhaltensgesundheit in Maryland erhalten.<\/p>\n<p>Einige dieser Organisationen bieten m\u00f6glicherweise kostenlose oder kosteng\u00fcnstige Dienste an.<\/p>\n<p>Wenn Sie bei Selbstmordgedanken oder emotionalem Stress sofortige Hilfe ben\u00f6tigen, rufen Sie 9-8-8 an, um mit einem ausgebildeten Fachmann zu sprechen.<\/p>\n<p>Das Maryland Information Network, das 211 Dienste in Maryland betreibt, betreibt die Datenbank 988 mit Ressourcen zur Verhaltensgesundheit.<\/p>\n<p>Verbinden Sie sich mit Anbietern. W\u00e4hlen Sie Filter aus, um die Suche einzugrenzen, und geben Sie eine Postleitzahl ein.<\/p>\n\t\t\t<a href=\"https:\/\/search.988.mdinfonet.org\/\" target=\"_blank\" rel=\"noopener\">\n\t\t\t\t\t\t\tFind Mental Health Providers\n\t\t\t<\/a>\n\t<p>Wenn Sie mit Ihrer psychischen Gesundheit zu k\u00e4mpfen haben, wissen Sie, dass Sie nicht allein sind. <a href=\"\/de\/ressourcen\/psychische-gesundheit\/depression\/\">Kenne die Warnzeichen einer Depression<\/a>\u00a0und\u00a0<a href=\"\/de\/ressourcen\/psychische-gesundheit\/suizid-pravention\/\">Selbstmord<\/a>, damit Sie Hilfe f\u00fcr sich selbst oder jemanden, den Sie lieben, bekommen k\u00f6nnen.<\/p>\n<h3>Substanzgebrauch<\/h3>\n<p>Auch bei Problemen mit dem Substanzkonsum stehen Behandlung und Unterst\u00fctzung zur Verf\u00fcgung.<\/p>\n<p>Sie k\u00f6nnen 9-8-8 anrufen, um sofort mit jemandem \u00fcber Substanzkonsum zu sprechen.<\/p>\n<p>Entdecken\u00a0<a href=\"https:\/\/211md.org\/de\/ressourcen\/substanzgebrauch\/\" target=\"_blank\" rel=\"noopener\">Substanzbehandlungsm\u00f6glichkeiten<\/a> und erschwingliche Programme.<\/p>\n\t<h2>M\u00fcssen reden?\u00a0<\/h2>\n<p>&nbsp;<\/p>\n\t<h3>Rufen Sie an oder schreiben Sie eine SMS an 988<\/h3>\n\t\t\t<a href=\"https:\/\/988lifeline.org\/chat\/\" target=\"_blank\" rel=\"noopener\">\n\t\t\t\t\t\t\tJetzt chatten (Englisch)\n\t\t\t\t\t<\/a>\n\t\t\t<a href=\"https:\/\/988lifeline.org\/es\/chat\/\" target=\"_blank\" rel=\"noopener\">\n\t\t\t\t\t\t\tChatea Ahora (Spanisch)\n\t\t\t\t\t<\/a>\n\t<p>Jeder, der Hilfe bei der psychischen Gesundheit oder im Zusammenhang mit Substanzgebrauch ben\u00f6tigt, kann 988 anrufen. <a href=\"https:\/\/988min.org\/\" target=\"_blank\" rel=\"noopener\">Erfahren Sie mehr \u00fcber 988 in Maryland<\/a>.<\/p>\n<figure itemscope itemtype=\"https:\/\/schema.org\/ImageObject\">\n\t\t\t\t<img decoding=\"async\" src=\"https:\/\/211md.org\/wp-content\/plugins\/bb-plugin\/img\/pixel.png\" alt=\"\" onerror=\"this.style.display='none'\" loading=\"lazy\" \/>\n\t<\/figure>\n\t\t<figure itemscope itemtype=\"https:\/\/schema.org\/ImageObject\">\n\t\t\t\t<img decoding=\"async\" src=\"https:\/\/211md.org\/wp-content\/uploads\/bb-plugin\/cache\/Call-center-specialst-circle-4e9ecd7b3425be4576416abc911049bb-.jpg\" alt=\"Callcenter-Spezialist\" title=\"Callcenter-Spezialist\" onerror=\"this.style.display='none'\" loading=\"lazy\" \/>\n\t<\/figure>\n<h2>W\u00e4hlen Sie 211<\/h2><p>Sprechen Sie rund um die Uhr mit einer f\u00fcrsorglichen und mitf\u00fchlenden Person. Sie kann Sie auch mit Ressourcen verbinden.\u00a0<\/p>\n\t\t\t<a href=\"tel:%20+211\"  target=\"_blank\" rel=\"noopener\">\n\t\t\t\t\t\tW\u00e4hlen Sie 211 (mobil)\n\t\t\t\t\t<\/a>\n<h2>\n\t\t\tRelated Health information\t<\/h2>\n\t\t<h4><a href=\"\/de\/ressourcen\/alterungsbehinderung\/?utm_source=Home&#038;utm_medium=Referral&#038;utm_campaign=211Resources&#038;utm_content=Aging\" target=\"_self\">Alter &amp; Behinderung<\/a><\/h4><figure itemscope itemtype=\"https:\/\/schema.org\/ImageObject\">\n\t\t\t\t<a href=\"\/de\/ressourcen\/alterungsbehinderung\/?utm_source=Home&#038;utm_medium=Referral&#038;utm_campaign=211Resources&#038;utm_content=Aging\"  target=\"_self\" itemprop=\"url\">\n\t\t\t\t<img decoding=\"async\" src=\"https:\/\/211md.org\/wp-content\/uploads\/bb-plugin\/cache\/2025_MdInfoNet_Icon-Sets_Aging-disability-square-c466727102cae71e5f27b8539bb51945-.png\" alt=\"\" onerror=\"this.style.display='none'\" loading=\"lazy\" \/>\n\t\t\t\t<\/a>\n\t<\/figure>\n\t\t<h4><a href=\"\/de\/ressourcen\/kinder-familien\/?utm_source=Home&#038;utm_medium=Referral&#038;utm_campaign=211Resources&#038;utm_content=Children\" target=\"_self\">Kinder &amp; Familien<\/a><\/h4><figure itemscope itemtype=\"https:\/\/schema.org\/ImageObject\">\n\t\t\t\t<a href=\"\/de\/ressourcen\/kinder-familien\/?utm_source=Home&#038;utm_medium=Referral&#038;utm_campaign=211Resources&#038;utm_content=Children\"  target=\"_self\" itemprop=\"url\">\n\t\t\t\t<img decoding=\"async\" src=\"https:\/\/211md.org\/wp-content\/uploads\/bb-plugin\/cache\/2025_211_Icon-Sets_Child-care-square-f3b0d4edab3dcc467fadb5f55f4064c6-.png\" alt=\"parent and child icon for child care\" height=\"417\" width=\"417\" title=\"2025_211_Icon Sets_Kinderbetreuung\" onerror=\"this.style.display='none'\" loading=\"lazy\" \/>\n\t\t\t\t<\/a>\n\t<\/figure>\n\t\t<h4><a href=\"\/de\/ressourcen\/hausliche-familiare-gewalt\/?utm_source=Home&#038;utm_medium=Referral&#038;utm_campaign=211Resources&#038;utm_content=Domestic\" target=\"_self\">H\u00e4usliche Gewalt<\/a><\/h4><figure itemscope itemtype=\"https:\/\/schema.org\/ImageObject\">\n\t\t\t\t<a href=\"\/de\/ressourcen\/hausliche-familiare-gewalt\/?utm_source=Home&#038;utm_medium=Referral&#038;utm_campaign=211Resources&#038;utm_content=Domestic\"  target=\"_self\" itemprop=\"url\">\n\t\t\t\t<img decoding=\"async\" src=\"https:\/\/211md.org\/wp-content\/uploads\/bb-plugin\/cache\/2025_211_Icon-Sets_Domestic-Violence-square-7b597694a6f05fe90cdc376aa573bc63-.png\" alt=\"House with a heart in the middle icon\" height=\"417\" width=\"417\" title=\"2025_211_Icon Sets_H\u00e4usliche Gewalt\" onerror=\"this.style.display='none'\" loading=\"lazy\" \/>\n\t\t\t\t<\/a>\n\t<\/figure>\n\t\t<h4><a href=\"\/de\/ressourcen\/arbeitssuche\/?utm_source=Home&#038;utm_medium=Referral&#038;utm_campaign=211Resources&#038;utm_content=Employment\" target=\"_self\">Besch\u00e4ftigung<\/a><\/h4><figure itemscope itemtype=\"https:\/\/schema.org\/ImageObject\">\n\t\t\t\t<a href=\"\/de\/ressourcen\/arbeitssuche\/?utm_source=Home&#038;utm_medium=Referral&#038;utm_campaign=211Resources&#038;utm_content=Employment\"  target=\"_self\" itemprop=\"url\">\n\t\t\t\t<img decoding=\"async\" src=\"https:\/\/211md.org\/wp-content\/uploads\/bb-plugin\/cache\/2025_MdInfoNet_Icon-Sets_Employment-square-44707bd410e4df10a470bf130ebcea86-.png\" alt=\"\" onerror=\"this.style.display='none'\" loading=\"lazy\" \/>\n\t\t\t\t<\/a>\n\t<\/figure>\n\t\t<h4><a href=\"\/de\/ressourcen\/gesundheitswesen\/?utm_source=Home&#038;utm_medium=Referral&#038;utm_campaign=211Resources&#038;utm_content=Health%20Care\" target=\"_self\">Gesundheitsvorsorge<\/a><\/h4><figure itemscope itemtype=\"https:\/\/schema.org\/ImageObject\">\n\t\t\t\t<a href=\"\/de\/ressourcen\/gesundheitswesen\/?utm_source=Home&#038;utm_medium=Referral&#038;utm_campaign=211Resources&#038;utm_content=Health%20Care\"  target=\"_self\" itemprop=\"url\">\n\t\t\t\t<img decoding=\"async\" src=\"https:\/\/211md.org\/wp-content\/uploads\/bb-plugin\/cache\/2025_MdInfoNet_Icon-Sets_Health-Care-square-dee98a0060cbe0e7f27eda253fc12679-.png\" alt=\"\" onerror=\"this.style.display='none'\" loading=\"lazy\" \/>\n\t\t\t\t<\/a>\n\t<\/figure>\n\t\t<h4><a href=\"\/de\/ressourcen\/neu-in-den-usa-und-maryland\/?utm_source=Home&#038;utm_medium=Referral&#038;utm_campaign=211Resources&#038;utm_content=Immigration\" target=\"_self\">Einwanderung<\/a><\/h4><figure itemscope itemtype=\"https:\/\/schema.org\/ImageObject\">\n\t\t\t\t<a href=\"\/de\/ressourcen\/neu-in-den-usa-und-maryland\/?utm_source=Home&#038;utm_medium=Referral&#038;utm_campaign=211Resources&#038;utm_content=Immigration\"  target=\"_self\" itemprop=\"url\">\n\t\t\t\t<img decoding=\"async\" src=\"https:\/\/211md.org\/wp-content\/uploads\/bb-plugin\/cache\/2025_MdInfoNet_Icon-Sets_Immigration-square-8b97b7fdfe5e6071405e216855065118-.png\" alt=\"Einwanderungssymbol\" title=\"2025_MdInfoNet_Icon-Sets_Immigration\" onerror=\"this.style.display='none'\" loading=\"lazy\" \/>\n\t\t\t\t<\/a>\n\t<\/figure>\n\t\t<h4><a href=\"\/de\/ressourcen\/kinder-familien\/verwandtschaftspflege\/?utm_source=Home&#038;utm_medium=Referral&#038;utm_campaign=211Resources&#038;utm_content=Kinship\" target=\"_self\">Verwandtschaft<\/a><\/h4><figure itemscope itemtype=\"https:\/\/schema.org\/ImageObject\">\n\t\t\t\t<a href=\"\/de\/ressourcen\/kinder-familien\/verwandtschaftspflege\/?utm_source=Home&#038;utm_medium=Referral&#038;utm_campaign=211Resources&#038;utm_content=Kinship\"  target=\"_self\" itemprop=\"url\">\n\t\t\t\t<img decoding=\"async\" src=\"https:\/\/211md.org\/wp-content\/uploads\/bb-plugin\/cache\/2025_211_Icon-Sets_Kinship-square-45bdf872866f5735f842c32071109267-.png\" alt=\"Verwandtschaftssymbol\" height=\"417\" width=\"417\" title=\"2025_211_Icon Sets_Verwandtschaft\" onerror=\"this.style.display='none'\" loading=\"lazy\" \/>\n\t\t\t\t<\/a>\n\t<\/figure>\n\t\t<h4><a href=\"\/de\/ressourcen\/rechtsberatung\/?utm_source=Home&#038;utm_medium=Referral&#038;utm_campaign=211Resources&#038;utm_content=Legal\" target=\"_self\">Rechtsberatung<\/a><\/h4><figure itemscope itemtype=\"https:\/\/schema.org\/ImageObject\">\n\t\t\t\t<a href=\"\/de\/ressourcen\/rechtsberatung\/?utm_source=Home&#038;utm_medium=Referral&#038;utm_campaign=211Resources&#038;utm_content=Legal\"  target=\"_self\" itemprop=\"url\">\n\t\t\t\t<img decoding=\"async\" src=\"https:\/\/211md.org\/wp-content\/uploads\/bb-plugin\/cache\/2025_MdInfoNet_Icon-Sets_Legal-square-18fdf438feb8435588174d9046463257-.png\" alt=\"\" onerror=\"this.style.display='none'\" loading=\"lazy\" \/>\n\t\t\t\t<\/a>\n\t<\/figure>\n\t\t<h4><a href=\"\/de\/ressourcen\/psychische-gesundheit\/?utm_source=Home&#038;utm_medium=Referral&#038;utm_campaign=211Resources&#038;utm_content=Mental\" target=\"_self\">Psychische Gesundheit<\/a><\/h4><figure itemscope itemtype=\"https:\/\/schema.org\/ImageObject\">\n\t\t\t\t<a href=\"\/de\/ressourcen\/psychische-gesundheit\/?utm_source=Home&#038;utm_medium=Referral&#038;utm_campaign=211Resources&#038;utm_content=Mental\"  target=\"_self\" itemprop=\"url\">\n\t\t\t\t<img decoding=\"async\" src=\"https:\/\/211md.org\/wp-content\/uploads\/bb-plugin\/cache\/2025_MdInfoNet_Icon-Sets_Mental-Health-square-c59b38c4a993a947d4c9280fbe2d2fee-.png\" alt=\"\" onerror=\"this.style.display='none'\" loading=\"lazy\" \/>\n\t\t\t\t<\/a>\n\t<\/figure>\n\t\t<h4><a href=\"\/de\/ressourcen\/mdreentry\/?utm_source=Home&#038;utm_medium=Referral&#038;utm_campaign=211Resources&#038;utm_content=Reentry\" target=\"_self\">Wiedereintritt<\/a><\/h4><figure itemscope itemtype=\"https:\/\/schema.org\/ImageObject\">\n\t\t\t\t<a href=\"\/de\/ressourcen\/mdreentry\/?utm_source=Home&#038;utm_medium=Referral&#038;utm_campaign=211Resources&#038;utm_content=Reentry\"  target=\"_self\" itemprop=\"url\">\n\t\t\t\t<img decoding=\"async\" src=\"https:\/\/211md.org\/wp-content\/uploads\/bb-plugin\/cache\/2025_211_Icon-Sets_Reentry-square-8676fea38abd920a832f45642fe31cca-.png\" alt=\"Symbol \u201eWiedereintritt\u201c\" height=\"417\" width=\"417\" title=\"2025_211_Icon Sets_Wiedereintritt\" onerror=\"this.style.display='none'\" loading=\"lazy\" \/>\n\t\t\t\t<\/a>\n\t<\/figure>\n\t\t<h4><a href=\"\/de\/ressourcen\/substanzgebrauch\/?utm_source=Home&#038;utm_medium=Referral&#038;utm_campaign=211Resources&#038;utm_content=Substance\" target=\"_self\">Substanzgebrauch<\/a><\/h4><figure itemscope itemtype=\"https:\/\/schema.org\/ImageObject\">\n\t\t\t\t<a href=\"\/de\/ressourcen\/substanzgebrauch\/?utm_source=Home&#038;utm_medium=Referral&#038;utm_campaign=211Resources&#038;utm_content=Substance\"  target=\"_self\" itemprop=\"url\">\n\t\t\t\t<img decoding=\"async\" src=\"https:\/\/211md.org\/wp-content\/uploads\/bb-plugin\/cache\/2025_MdInfoNet_Icon-Sets_Substance-Abuse-square-4f414f085e657267739c181957754f48-.png\" alt=\"Pills for substance Use icon\" title=\"2025_MdInfoNet_Icon-Sets_Substance-Abuse\" onerror=\"this.style.display='none'\" loading=\"lazy\" \/>\n\t\t\t\t<\/a>\n\t<\/figure>\n\t\t<h4><a href=\"\/de\/ressourcen\/veteranen\/?utm_source=Home&#038;utm_medium=Referral&#038;utm_campaign=211Resources&#038;utm_content=Veterans\" target=\"_self\">Veteranen<\/a><\/h4><figure itemscope itemtype=\"https:\/\/schema.org\/ImageObject\">\n\t\t\t\t<a href=\"\/de\/ressourcen\/veteranen\/?utm_source=Home&#038;utm_medium=Referral&#038;utm_campaign=211Resources&#038;utm_content=Veterans\"  target=\"_self\" itemprop=\"url\">\n\t\t\t\t<img decoding=\"async\" src=\"https:\/\/211md.org\/wp-content\/uploads\/bb-plugin\/cache\/2025_MdInfoNet_Icon-Sets_Rating-square-6e60d00cce4faa8e0a6d4ad7366aa733-.png\" alt=\"\" onerror=\"this.style.display='none'\" loading=\"lazy\" \/>\n\t\t\t\t<\/a>\n\t<\/figure>","protected":false},"excerpt":{"rendered":"<p>Suchen Sie eine kostenlose oder kosteng\u00fcnstige Gesundheitsklinik oder eine andere medizinische Einrichtung? Die Gesundheitsleistungen umfassen Vorsorgeuntersuchungen, Labortests, Schwangerschaftsvorsorge, kosteng\u00fcnstige medizinische Ger\u00e4te, Augenheilkunde, Zahnpflege, Schwangerschaftstests, Veteranenambulanzen, Versicherungen und vieles mehr. Erste Schritte Allgemeine Gesundheitsressourcen Die 211 Community Resource Database hilft Ihnen bei der Suche\u2026<\/p>","protected":false},"author":8,"featured_media":3045,"parent":930,"menu_order":0,"comment_status":"closed","ping_status":"closed","template":"","meta":{"footnotes":""},"group":[],"class_list":["post-838","page","type-page","status-publish","has-post-thumbnail","hentry"],"_links":{"self":[{"href":"https:\/\/211md.org\/de\/wp-json\/wp\/v2\/pages\/838","targetHints":{"allow":["GET"]}}],"collection":[{"href":"https:\/\/211md.org\/de\/wp-json\/wp\/v2\/pages"}],"about":[{"href":"https:\/\/211md.org\/de\/wp-json\/wp\/v2\/types\/page"}],"author":[{"embeddable":true,"href":"https:\/\/211md.org\/de\/wp-json\/wp\/v2\/users\/8"}],"replies":[{"embeddable":true,"href":"https:\/\/211md.org\/de\/wp-json\/wp\/v2\/comments?post=838"}],"version-history":[{"count":11,"href":"https:\/\/211md.org\/de\/wp-json\/wp\/v2\/pages\/838\/revisions"}],"predecessor-version":[{"id":34683,"href":"https:\/\/211md.org\/de\/wp-json\/wp\/v2\/pages\/838\/revisions\/34683"}],"up":[{"embeddable":true,"href":"https:\/\/211md.org\/de\/wp-json\/wp\/v2\/pages\/930"}],"wp:featuredmedia":[{"embeddable":true,"href":"https:\/\/211md.org\/de\/wp-json\/wp\/v2\/media\/3045"}],"wp:attachment":[{"href":"https:\/\/211md.org\/de\/wp-json\/wp\/v2\/media?parent=838"}],"wp:term":[{"taxonomy":"group","embeddable":true,"href":"https:\/\/211md.org\/de\/wp-json\/wp\/v2\/group?post=838"}],"curies":[{"name":"wp","href":"https:\/\/api.w.org\/{rel}","templated":true}]}}