{"id":899,"date":"2021-04-14T19:11:10","date_gmt":"2021-04-14T19:11:10","guid":{"rendered":"https:\/\/211md.org\/?page_id=899"},"modified":"2025-10-29T06:36:42","modified_gmt":"2025-10-29T10:36:42","slug":"spenden","status":"publish","type":"page","link":"https:\/\/211md.org\/de\/donate\/","title":{"rendered":"Spenden"},"content":{"rendered":"<img decoding=\"async\" src=\"https:\/\/stg-maryland211-staging.kinsta.cloud\/wp-content\/uploads\/2025\/08\/5-1-scaled.png\" alt=\"5\" itemprop=\"image\" height=\"692\" width=\"2560\" title=\"5\" onerror=\"this.style.display='none'\" loading=\"lazy\" \/>\n\t\t<h1><a href=\"https:\/\/secure.givelively.org\/donate\/maryland-information-network-2-1-1-maryland-inc\/support-the-211-call-center-network\" target=\"_blank\" rel=\"noopener\">Bereit, Leben zu ver\u00e4ndern? Hoffnung verbreiten.<\/a><\/h1><p>Jedes Jahr nutzen \u00fcber 1,1 Millionen Einwohner Marylands die 211, um bei Bedarf Informationen und Hilfsangebote in ihrer Gemeinde zu erhalten. Ob jemand in unserer Ressourcendatenbank suchen oder mit einem einf\u00fchlsamen Menschen sprechen m\u00f6chte \u2013 Hilfe ist rund um die Uhr verf\u00fcgbar.<\/p>\n<p>Als umfassendstes Informations- und Vermittlungssystem f\u00fcr Gesundheits- und Sozialdienstleistungen des Bundesstaates bieten wir Zugang zu mehr als 8.500 kommunalen Ressourcen.<\/p>\n<p>211 wird von der angetrieben <a href=\"https:\/\/mdinfonet.org\/\" target=\"_blank\" rel=\"noopener\">Maryland-Informationsnetzwerk<\/a>, eine gemeinn\u00fctzige Organisation nach 501(c)(3) und der staatlich autorisierte Verwalter des 211-Systems in Maryland.<\/p>\n\t\t\t<a href=\"https:\/\/secure.givelively.org\/donate\/maryland-information-network-2-1-1-maryland-inc\/support-the-211-call-center-network\" target=\"_blank\" rel=\"noopener\">\n\t\t\t\t\t\tSpenden\n\t\t\t\t\t<\/a>\n\t\t\t\t<img decoding=\"async\" src=\"https:\/\/211md.org\/wp-content\/plugins\/bb-plugin\/img\/pixel.png\" alt=\"\" itemprop=\"image\" onerror=\"this.style.display='none'\" loading=\"lazy\" \/>\n\t\t\t\t<img decoding=\"async\" src=\"https:\/\/stg-maryland211-staging.kinsta.cloud\/wp-content\/uploads\/2025\/08\/16.png\" alt=\"16\" itemprop=\"image\" height=\"1000\" width=\"1000\" title=\"16\" onerror=\"this.style.display='none'\" loading=\"lazy\" \/>\n\t<h2>Unser Einfluss<\/h2>\n\t\t\u00dcber 1.151.771 Verbindungen\n\t<p><em>Ich wollte mich nur bei allen bedanken. Ich danke Ihnen herzlich f\u00fcr diese letzte Lieferung von Nahrungsmittelhilfe, die ich erhalten habe. Ich wei\u00df es zu sch\u00e4tzen. Danke noch einmal.<\/em><\/p>\n<p>-211 Anrufer<\/p>\n\t\t\t<a href=\"https:\/\/secure.givelively.org\/donate\/maryland-information-network-2-1-1-maryland-inc\/support-the-211-call-center-network\" target=\"_blank\" rel=\"noopener\">\n\t\t\t\t\t\t\tSpenden\n\t\t\t\t\t<\/a>\n<h3>\n\t\t\tSo hilft Ihre Spende\t<\/h3>\n\t<h2>$500<\/h2>\n<p>Verbinden Sie Maryland<\/p>\n\t<h2>$211<\/h2>\n<p>Feiern Sie 211<\/p>\n\t<h2>$100<\/h2>\n<p>Bewusstsein und Reichweite erh\u00f6hen<\/p>\n\t<h2>$50<\/h2>\n<p>Unterst\u00fctzen Sie die SMS-Ressourcenplattform<\/p>\n\t\t\t<a href=\"https:\/\/secure.givelively.org\/donate\/maryland-information-network-2-1-1-maryland-inc\/support-the-211-call-center-network\" target=\"_blank\" rel=\"noopener\">\n\t\t\t\t\t\t\tSpende jetzt\n\t\t\t\t\t<\/a>","protected":false},"excerpt":{"rendered":"<p>Bereit, Leben zu ver\u00e4ndern? Hoffnung schenken. Jedes Jahr nutzen \u00fcber 1,1 Millionen Menschen in Maryland die 211, um Informationen und Hilfsangebote in ihrer Gemeinde zu erhalten. Ob Sie in unserer Ressourcendatenbank suchen oder mit einem einf\u00fchlsamen Menschen sprechen m\u00f6chten \u2013 Hilfe ist rund um die Uhr verf\u00fcgbar. Als umfassendstes Gesundheits- und Sozialzentrum des Bundesstaates\u2026<\/p>","protected":false},"author":8,"featured_media":2181,"parent":0,"menu_order":0,"comment_status":"closed","ping_status":"closed","template":"","meta":{"footnotes":""},"class_list":["post-899","page","type-page","status-publish","has-post-thumbnail","hentry"],"_links":{"self":[{"href":"https:\/\/211md.org\/de\/wp-json\/wp\/v2\/pages\/899","targetHints":{"allow":["GET"]}}],"collection":[{"href":"https:\/\/211md.org\/de\/wp-json\/wp\/v2\/pages"}],"about":[{"href":"https:\/\/211md.org\/de\/wp-json\/wp\/v2\/types\/page"}],"author":[{"embeddable":true,"href":"https:\/\/211md.org\/de\/wp-json\/wp\/v2\/users\/8"}],"replies":[{"embeddable":true,"href":"https:\/\/211md.org\/de\/wp-json\/wp\/v2\/comments?post=899"}],"version-history":[{"count":2,"href":"https:\/\/211md.org\/de\/wp-json\/wp\/v2\/pages\/899\/revisions"}],"predecessor-version":[{"id":34064,"href":"https:\/\/211md.org\/de\/wp-json\/wp\/v2\/pages\/899\/revisions\/34064"}],"wp:featuredmedia":[{"embeddable":true,"href":"https:\/\/211md.org\/de\/wp-json\/wp\/v2\/media\/2181"}],"wp:attachment":[{"href":"https:\/\/211md.org\/de\/wp-json\/wp\/v2\/media?parent=899"}],"curies":[{"name":"wp","href":"https:\/\/api.w.org\/{rel}","templated":true}]}}