{"id":912,"date":"2021-04-14T20:04:50","date_gmt":"2021-04-14T20:04:50","guid":{"rendered":"https:\/\/211md.org\/?page_id=912"},"modified":"2026-01-16T08:31:10","modified_gmt":"2026-01-16T13:31:10","slug":"kontaktiere-uns","status":"publish","type":"page","link":"https:\/\/211md.org\/de\/contact-us\/","title":{"rendered":"Kontaktiere uns"},"content":{"rendered":"<p><strong>Dial 211 for questions about food, housing, rent, or other essential needs. <\/strong><\/p>\n<p>Besuchen Sie unsere <a href=\"\/de\/about\/hilfe-bekommen\/\">Holen Sie sich die Hilfeseite<\/a> to learn more about the ways to connect with help.<\/p>\n<p>For general questions, not related to an essential need, you can contact us below or by emailing us at: <a href=\"mailto:info@211MD.org\" target=\"_blank\" rel=\"noopener\">info@211MD.org<\/a><\/p>\n<p>*We will respond when we can. To connect with help, please dial 211 or use the 211 Community Resource Database to <a href=\"http:\/\/search.211md.org\" target=\"_blank\" rel=\"noopener\">search for resources<\/a>.<\/p>\n\t<h2>Probleme haben?<\/h2>\n<p>Die meisten Telefone unterst\u00fctzen das W\u00e4hlen der 211. Wenn Sie Probleme haben, die 211 zu erreichen, k\u00f6nnen Sie die folgenden Nummern anrufen, um mit einem 211-Anrufspezialisten zu sprechen:<\/p>\n<strong>Hauptstadtgebiet &amp; S. Maryland:<\/strong>\u00a0301-864-7161<br \/>\nCalvert, Charles, Prince George&#039;s, St. Mary&#039;s Counties und die s\u00fcdlichen 2\/3 von Montgomery County\n<strong>Zentral-Maryland:<\/strong> 1-866-406-8156<br \/>\nAnne Arundel, Baltimore, Baltimore City, Carroll, Harford und Howard Counties\n<strong>Ostufer:<\/strong>\u00a01-866-231-7101<br \/>\nGrafschaften Caroline, Cecil, Dorchester, Kent, Queen Anne, Somerset, Talbot, Wicomico und Worcester\n<strong>Westliches Maryland:<\/strong>\u00a01-866-411-6803<br \/>\nAllegany, Frederick, Garrett und Washington Counties und das n\u00f6rdliche Drittel von Montgomery County\n\t<h2>Kontaktiere uns<\/h2>\n<p>Sie erreichen unser B\u00fcro unter der Rufnummer 301-970-9888.<\/p>\n<strong>Adresse:<\/strong><br \/>\n<a href=\"https:\/\/maps.app.goo.gl\/rvmzh444CPiBK11C6\" target=\"_blank\" rel=\"noopener\">Maryland Information Network, powering 211 Maryland<\/a><br \/>\n9770 Patuxent Woods Drive<br \/>\nFolge 334<br \/>\nKolumbien, MD 21046\n<p>&nbsp;<\/p>","protected":false},"excerpt":{"rendered":"<p>Dial 211 for questions about food, housing, rent, or other essential needs. Visit our get help page to learn more about the ways to connect with help. For general questions, not related to an essential need, you can contact us below or by emailing us at: info@211MD.org *We will respond when we can. To connect&hellip;<\/p>","protected":false},"author":8,"featured_media":931,"parent":0,"menu_order":0,"comment_status":"closed","ping_status":"closed","template":"","meta":{"footnotes":""},"class_list":["post-912","page","type-page","status-publish","has-post-thumbnail","hentry"],"_links":{"self":[{"href":"https:\/\/211md.org\/de\/wp-json\/wp\/v2\/pages\/912","targetHints":{"allow":["GET"]}}],"collection":[{"href":"https:\/\/211md.org\/de\/wp-json\/wp\/v2\/pages"}],"about":[{"href":"https:\/\/211md.org\/de\/wp-json\/wp\/v2\/types\/page"}],"author":[{"embeddable":true,"href":"https:\/\/211md.org\/de\/wp-json\/wp\/v2\/users\/8"}],"replies":[{"embeddable":true,"href":"https:\/\/211md.org\/de\/wp-json\/wp\/v2\/comments?post=912"}],"version-history":[{"count":8,"href":"https:\/\/211md.org\/de\/wp-json\/wp\/v2\/pages\/912\/revisions"}],"predecessor-version":[{"id":4874,"href":"https:\/\/211md.org\/de\/wp-json\/wp\/v2\/pages\/912\/revisions\/4874"}],"wp:featuredmedia":[{"embeddable":true,"href":"https:\/\/211md.org\/de\/wp-json\/wp\/v2\/media\/931"}],"wp:attachment":[{"href":"https:\/\/211md.org\/de\/wp-json\/wp\/v2\/media?parent=912"}],"curies":[{"name":"wp","href":"https:\/\/api.w.org\/{rel}","templated":true}]}}