{"id":920,"date":"2021-04-15T13:52:40","date_gmt":"2021-04-15T13:52:40","guid":{"rendered":"https:\/\/211md.org\/?page_id=920"},"modified":"2025-06-24T16:57:50","modified_gmt":"2025-06-24T20:57:50","slug":"asse","status":"publish","type":"page","link":"https:\/\/211md.org\/de\/resources\/children-families\/aces\/","title":{"rendered":"Widrigkeiten in der Kindheit vorbeugen"},"content":{"rendered":"<p>Sowohl gute als auch schlechte Kindheitserlebnisse pr\u00e4gen die Entwicklung des Gehirns eines Kindes. Gemeinschaften spielen eine Rolle dabei, ein positives Umfeld zu schaffen und Widrigkeiten vorzubeugen.<\/p>\n<h2>Warum sind Widrigkeiten in der Kindheit wichtig?<\/h2>\n<p>Ung\u00fcnstige Erfahrungen und Umgebungen in der Kindheit sind h\u00e4ufig. Dazu geh\u00f6ren Dinge wie das Erleben von Gewalt oder das Erleben von Diskriminierung.<\/p>\n<p>Wenn Kinder im Umgang mit Widrigkeiten keine Unterst\u00fctzung erhalten, kann dies zu dauerhaften Sch\u00e4den f\u00fchren und die emotionale und k\u00f6rperliche Gesundheit der Kinder beeintr\u00e4chtigen.<\/p>\n<p>Wenn Kinder schweren Widrigkeiten ausgesetzt sind und Erwachsene nicht da sind, um ihnen bei der Bew\u00e4ltigung zu helfen, kann es zu einer \u00dcberaktivierung ihres Stresssystems kommen. Diese \u201etoxische Stressreaktion\u201c erh\u00f6ht das Risiko sp\u00e4terer Gesundheitsprobleme. Dennoch k\u00f6nnen Kinder starken Stress ertragen \u2013 wenn stabile, reaktionsf\u00e4hige Beziehungen zu Erwachsenen vorhanden sind, um die negativen Auswirkungen abzufedern.<\/p>\n\t\t\t\t<img decoding=\"async\" src=\"http:\/\/211md.org\/wp-content\/uploads\/2024\/02\/Mom-comforting-daughter-grabbing-her-face.jpg\" alt=\"Mutter tr\u00f6stet Tochter w\u00e4hrend der Not und greift ihr ins Gesicht\" itemprop=\"image\" title=\"Mutter tr\u00f6stet Tochter und fasst sich ans Gesicht\" onerror=\"this.style.display='none'\"  \/>\n\t<h3>Wie sich fr\u00fche Widrigkeiten auf Kinder auswirken<\/h3>\n<p>In den sp\u00e4ten 1990er Jahren zeigte eine bahnbrechende Studie einen starken Zusammenhang zwischen schwerwiegenden, negativen Ereignissen in der Kindheit und der k\u00f6rperlichen und geistigen Gesundheit von Menschen im Erwachsenenalter.<\/p>\n<p>Die <a href=\"https:\/\/vetoviolence.cdc.gov\/apps\/aces-infographic\/\" target=\"_blank\" rel=\"noopener\">Studie zu Adverse Childhood Experiences (ACE).<\/a> bat erwachsene Patienten, \u00fcber einige potenziell traumatische Ereignisse zu berichten, die sie m\u00f6glicherweise vor ihrem 18. Lebensjahr erlebt hatten. Die Forscher fragten speziell nach zehn schwierigen Erfahrungen \u2013 Dinge wie das Erleben oder Erleben von Gewalt oder das Zusammenleben mit einem psychisch erkrankten Familienmitglied \u2013 und untersuchten dann, wie das Anzahl der ACEs, die mit Gesundheitsergebnissen f\u00fcr Erwachsene verfolgt wurden.<\/p>\n<p>Einige Ergebnisse stimmen mit dem \u00fcberein, was wir erwarten k\u00f6nnten. Beispielsweise hatten Menschen, die als Kinder Missbrauch oder Vernachl\u00e4ssigung erlebt hatten, als Erwachsene h\u00e4ufiger psychische Probleme.<\/p>\n<p>Aber auch andere Erkenntnisse waren \u00fcberraschend \u2013 etwa die Erkenntnis, dass je mehr Widrigkeiten eine Person in ihrer fr\u00fchen Kindheit erlebte, desto gr\u00f6\u00dfere Auswirkungen hatten sie im sp\u00e4teren Leben. Ein schwerwiegendes Ereignis in der Kindheit schien nur wenige oder keine langfristigen Folgen zu haben. Aber mehrere ACEs erh\u00f6hten das Risiko gesundheitlicher Probleme im Erwachsenenalter.<\/p>\n<p>Beispielsweise war die Wahrscheinlichkeit einer Krebsdiagnose bei Kindern, die vier negative Erfahrungen gemacht hatten, doppelt so hoch wie bei Kindern, die keine nennenswerten Kindheitstraumata erlebt hatten.<\/p>\n<h3>Kommt es h\u00e4ufig zu Widrigkeiten?<\/h3>\n<p>Wenn Sie oder Ihr Kind ernsthafte Widrigkeiten erlebt haben, sind Sie nicht allein. Die meisten Menschen in Maryland haben im Erwachsenenalter mindestens eine Form von Widrigkeiten erlebt.<\/p>\n<blockquote><p>Laut Angaben hat etwa jeder vierte Einwohner Marylands drei oder mehr ACEs erlebt <a href=\"http:\/\/goccp.maryland.gov\/wp-content\/uploads\/ACEs-Handouts.pdf\" target=\"_blank\" rel=\"noopener\">Der Maryland State Council zu Kindesmissbrauch und Vernachl\u00e4ssigung<\/a>.<\/p><\/blockquote>\n\t\t<h2>\t\n\tRufen Sie 9-8-8 an, um Unterst\u00fctzung bei der psychischen Gesundheit zu erhalten<\/h2><p>Wenn Sie oder Ihr Kind ernsthafte Widrigkeiten erlebt haben und bef\u00fcrchten, dass sich diese auf Ihre Gesundheit oder geistige Gesundheit auswirken, rufen Sie 9-8-8 an, um sofortige Hilfe zu erhalten.<\/p>\n<p>Sie k\u00f6nnen auch die durchsuchen <a href=\"https:\/\/search.988.mdinfonet.org\/\" target=\"_blank\" rel=\"noopener\">Die umfassendste Datenbank des Bundesstaates zur Verhaltensgesundheit<\/a> f\u00fcr Unterst\u00fctzung in Ihrer N\u00e4he.<\/p>\n\t<h2>Was kann getan werden?<\/h2>\n<p>Als Staat k\u00f6nnen wir Gesundheit und Wohlbefinden f\u00f6rdern, indem wir Ma\u00dfnahmen ergreifen, um Widrigkeiten von vornherein zu verhindern, und Unterst\u00fctzung f\u00fcr Menschen anbieten, die Widrigkeiten erlebt haben, insbesondere f\u00fcr Kinder und die Erwachsenen in ihrem Leben.<\/p>\n<p>Du kannst zuh\u00f6ren <a href=\"https:\/\/211md.org\/de\/folge-16-sprungbrett-community-dienste\/\" target=\"_blank\" rel=\"noopener\">Folge 17 von What&#039;s the 211? Podcast, um zu h\u00f6ren, wie Springboard Community Services<\/a> arbeitet mit <a href=\"https:\/\/www.springboardmd.org\/adverse-childhood-experiences-interface-training\/\" target=\"_blank\" rel=\"noopener\">Grafschaft Harford<\/a> eine selbstheilende Gemeinschaft aufzubauen, die das Auftreten negativer Kindheitserfahrungen reduziert.<\/p>\n\t\t\t\t<img decoding=\"async\" src=\"http:\/\/211md.org\/wp-content\/uploads\/2024\/02\/Dad-and-daughter-bonding-with-heads-together-looking-at-each-other-smiling.jpg\" alt=\"Vater und Tochter schauen sich l\u00e4chelnd an\" itemprop=\"image\" title=\"Vater und Tochter verbinden sich mit zusammengesteckten K\u00f6pfen und schauen einander l\u00e4chelnd an\" onerror=\"this.style.display='none'\"  \/>\n\t\t\t\t<img decoding=\"async\" src=\"http:\/\/211md.org\/wp-content\/uploads\/2024\/02\/Dad-talking-to-his-child-on-park-bench.jpg\" alt=\"Papa spricht mit seinem Kind auf einer Parkbank\" itemprop=\"image\" title=\"Sch\u00f6ne Tochter im Teenageralter erz\u00e4hlt ihrem Vater Geheimnisse und entspannt sich auf einer Bank im Park\" onerror=\"this.style.display='none'\"  \/>\n\t<h3>211 verbindet Eltern mit Unterst\u00fctzung<\/h3>\n<p>Es braucht eine Community, um ACEs zu verhindern. Wirtschaftliche Unterst\u00fctzung, positive Erziehung und hochwertige Betreuung und Bildung sind drei grundlegende M\u00f6glichkeiten, um dieses Trauma zu verhindern.\u00a0\u00a0<\/p>\n<p>211 unterst\u00fctzt Eltern mit Ressourcen f\u00fcr <a href=\"https:\/\/211md.org\/de\/ressourcen\/gehause-unterkunft\/\">Geh\u00e4use<\/a>, <a href=\"https:\/\/211md.org\/de\/ressourcen\/utility-unterstutzung\/\">Stromrechnungen<\/a>, <a href=\"https:\/\/211md.org\/de\/ressourcen\/arbeitssuche\/\">Besch\u00e4ftigung<\/a> und <a href=\"https:\/\/211md.org\/de\/ressourcen\/kinder-familien\/\">Kinderbetreuung<\/a>.\u00a0\u00a0<\/p>\n<p>Wenn Sie 2-1-1 anrufen, sprechen Sie mit einem Informations- und Empfehlungsspezialisten, der Ihnen dabei helfen kann, die Programme und Ressourcen zu identifizieren, die Sie unterst\u00fctzen k\u00f6nnen.<\/p>\n<p>Sie k\u00f6nnen sich auch mit a verbinden <a href=\"https:\/\/211md.org\/de\/ressourcen\/kinder-familien\/eltern-sein\/\">Familien-Peer-Support-Programm oder ein anderes Eltern-Unterst\u00fctzungsprogramm<\/a>.<\/p>\n\t<h3>Textunterst\u00fctzung f\u00fcr Jugendliche<\/h3>\n<p><a href=\"https:\/\/211md.org\/de\/about\/textnachrichten\/mdyoungminds\/\">MDYoungMinds<\/a> ist ein Textunterst\u00fctzungsprogramm f\u00fcr Teenager, das die Anliegen von Teenagern bespricht. Melden Sie sich an, indem Sie MDYoungMinds eine SMS an 898-211 schicken.<\/p>\n<p>Wenn Sie oder jemand, den Sie kennen, sofortige Unterst\u00fctzung ben\u00f6tigen, rufen Sie 988 an oder schreiben Sie eine SMS. Sie sprechen oder schreiben eine SMS mit jemandem bei der 988 Suicide &amp; Crisis Lifeline. Online-Chats in <a href=\"https:\/\/988lifeline.org\/chat\/\" target=\"_blank\" rel=\"noopener\">Englisch<\/a> und <a href=\"https:\/\/988lifeline.org\/es\/chat\/\" target=\"_blank\" rel=\"noopener\">Spanisch<\/a> sind ebenfalls verf\u00fcgbar.\u00a0<\/p>\n<p>&nbsp;<\/p>\n\t<h3>Treten Sie einer Familien-Peer-Selbsthilfegruppe bei<\/h3>\n<p>Sie k\u00f6nnen sich auch an die Maryland Coalition of Families wenden. Sie stellen Family Peer Support-Spezialisten zur Verf\u00fcgung, die Familien dabei helfen k\u00f6nnen, sich in den Diensten zurechtzufinden, sich Anliegen anzuh\u00f6ren, an Treffen mit der Familie teilzunehmen, Rechte zu erkl\u00e4ren, Kontakte zu kn\u00fcpfen sowie Lern- und Outreach-M\u00f6glichkeiten anzubieten.\u00a0<\/p>\n<p>Der Dienst ist kostenlos. Rufen Sie 410-730-8267 an und dr\u00fccken Sie die 1, um sofortige Unterst\u00fctzung zu erhalten. Du kannst auch\u00a0<a href=\"http:\/\/www.mdcoalition.org\/get-help-now\/list-of-family-navigators\" target=\"_blank\" rel=\"noopener\">Wenden Sie sich an den lokalen Peer-Support-Spezialisten in Ihrem Landkreis<\/a>.\u00a0<\/p>\n<p>MCF bietet auch Selbsthilfegruppen im ganzen Bundesstaat f\u00fcr Trauer, Drogenkonsum, Peer-Unterst\u00fctzung und mehr.\u00a0<a href=\"http:\/\/www.mdcoalition.org\/get-help-now\/parent-caregiver-support-groups\" target=\"_blank\" rel=\"noopener\">Finden Sie eine Selbsthilfegruppe in Maryland f\u00fcr Eltern, Betreuer oder junge Erwachsene<\/a>.\u00a0<\/p>\n<p>Ressourcen f\u00fcr verschiedene psychische Gesundheitsprobleme wie Trauma, ADHS und Depression finden Sie auch im Family Resource Kit \u201eChildren&#039;s Mental Health Matters\u201c, verf\u00fcgbar unter <a href=\"https:\/\/www.childrensmentalhealthmatters.org\/files\/2021\/03\/CMHM-Family-Resource-Kit-2021.pdf\" target=\"_blank\" rel=\"noopener\">Englisch<\/a> und <a href=\"https:\/\/www.childrensmentalhealthmatters.org\/files\/2021\/07\/CMHM-Family-Resource-Kit-2021_ES.pdf\" target=\"_blank\" rel=\"noopener\">Spanisch<\/a>.<\/p>\n<p>&nbsp;<\/p>\n<h2>Verwandte Informationen<\/h2>\n<p><a title=\"Eltern sein\" href=\"https:\/\/211md.org\/de\/ressourcen\/kinder-familien\/eltern-sein\/\">Elternunterst\u00fctzung<\/a><\/p>\n<p><a title=\"Sommerprogramme\" href=\"https:\/\/211md.org\/de\/ressourcen\/kinder-familien\/sommer-programme\/\">Sommerprogramme<\/a><\/p>\n<p><a title=\"Ein Baby haben\" href=\"https:\/\/211md.org\/de\/ressourcen\/kinder-familien\/ein-baby-haben\/\">Ein Baby haben<\/a><\/p>\n<p><a href=\"https:\/\/211md.org\/de\/ressourcen\/lebensmittel\/wic\/\">Frauen, Kleinkinder und Kinder (WIC)<\/a><\/p>\n<p><a title=\"Mein Kind ist au\u00dfer Kontrolle\" href=\"https:\/\/211md.org\/de\/ressourcen\/kinder-familien\/kindliche-verhaltensweisen\/\">Verhalten von Kindern<\/a><\/p>\n<p><a href=\"https:\/\/211md.org\/de\/ressourcen\/kinder-familien\/verwandtschaftspflege\/\" target=\"_blank\" rel=\"noopener\">Verwandtschaftspflege<\/a><\/p>\n<p><a href=\"https:\/\/211md.org\/de\/ressourcen\/kinder-familien\/verwandtschaftsnavigation\/\" target=\"_blank\" rel=\"noopener\">Verwandtschaftsnavigation<\/a><\/p>\n<h2>\n\t\tRessourcen finden\n\t<\/h2>\n\t\t\t\t<a href=\"\/de\/ressourcen\/alterungsbehinderung\/\"  target=\"_self\" itemprop=\"url\">\n\t\t\t\t<img loading=\"lazy\" decoding=\"async\" src=\"https:\/\/211md.org\/wp-content\/uploads\/bb-plugin\/cache\/Mask-Group-41@2x-circle-73eaadba4cad8269faa4720e25cf1c85-.png\" alt=\"Die F\u00fc\u00dfe einer \u00e4lteren Frau und einer j\u00fcngeren Frau, die zusammen gehen\" itemprop=\"image\" height=\"500\" width=\"500\" title=\"Behindertendienste\" onerror=\"this.style.display='none'\"  \/>\n\t\t\t\t<\/a>\n\t\t<h3><a href=\"\/de\/ressourcen\/alterungsbehinderung\/\" target=\"_self\">Alter &amp; Behinderung<\/a><\/h3>\t\n\t\t\t\t<a href=\"\/de\/ressourcen\/kinder-familien\/\"  target=\"_self\" itemprop=\"url\">\n\t\t\t\t<img loading=\"lazy\" decoding=\"async\" src=\"https:\/\/211md.org\/wp-content\/uploads\/bb-plugin\/cache\/Mask-Group-38@2x-circle-ac40d46265fbec62083cd27f6dcf23b0-.png\" alt=\"Ein kleiner Junge und ein M\u00e4dchen l\u00e4cheln und schauen in die Kamera\" itemprop=\"image\" height=\"500\" width=\"500\" title=\"Maskengruppe 38@2x\" onerror=\"this.style.display='none'\"  \/>\n\t\t\t\t<\/a>\n\t\t<h3><a href=\"\/de\/ressourcen\/kinder-familien\/\" target=\"_self\">Kinder &amp; Familien<\/a><\/h3>\t\n\t\t\t\t<a href=\"\/de\/ressourcen\/hausliche-familiare-gewalt\/\"  target=\"_self\" itemprop=\"url\">\n\t\t\t\t<img loading=\"lazy\" decoding=\"async\" src=\"https:\/\/211md.org\/wp-content\/uploads\/bb-plugin\/cache\/Mask-Group-39@2x-circle-b2589197a13c791d910f46dd10b27a87-.png\" alt=\"Zwei Paar H\u00e4nde, die sich halten\" itemprop=\"image\" height=\"500\" width=\"500\" title=\"Maskengruppe 39@2x\" onerror=\"this.style.display='none'\"  \/>\n\t\t\t\t<\/a>\n\t\t<h3><a href=\"\/de\/ressourcen\/hausliche-familiare-gewalt\/\" target=\"_self\">H\u00e4usliche\/famili\u00e4re Gewalt<\/a><\/h3>\t\n\t\t\t\t<a href=\"\/de\/ressourcen\/arbeitssuche\/\"  target=\"_self\" itemprop=\"url\">\n\t\t\t\t<img loading=\"lazy\" decoding=\"async\" src=\"https:\/\/211md.org\/wp-content\/uploads\/bb-plugin\/cache\/Employment-circle-bf72562329e950df948954f5d3f44b2e-.png\" alt=\"Ein Automechaniker\" itemprop=\"image\" height=\"500\" width=\"500\" title=\"Besch\u00e4ftigung\" onerror=\"this.style.display='none'\"  \/>\n\t\t\t\t<\/a>\n\t\t<h3><a href=\"\/de\/ressourcen\/arbeitssuche\/\" target=\"_self\">Besch\u00e4ftigung<\/a><\/h3>\t\n\t\t\t\t<a href=\"\/de\/ressourcen\/gesundheitswesen\/\"  target=\"_self\" itemprop=\"url\">\n\t\t\t\t<img loading=\"lazy\" decoding=\"async\" src=\"https:\/\/211md.org\/wp-content\/uploads\/bb-plugin\/cache\/Mask-Group-35@2x-circle-94be10c13e4adae1683b4589dc2f5b2f-.png\" alt=\"Doktor, der Jungenbein betrachtet\" itemprop=\"image\" height=\"500\" width=\"500\" title=\"Maskengruppe 35@2x\" onerror=\"this.style.display='none'\"  \/>\n\t\t\t\t<\/a>\n\t\t<h3><a href=\"\/de\/ressourcen\/gesundheitswesen\/\" target=\"_self\">Gesundheitsvorsorge<\/a><\/h3>\t\n\t\t\t\t<a href=\"\/de\/ressourcen\/lebensmittel\/\"  target=\"_self\" itemprop=\"url\">\n\t\t\t\t<img loading=\"lazy\" decoding=\"async\" src=\"https:\/\/211md.org\/wp-content\/uploads\/bb-plugin\/cache\/Mask-Group-32@2x-circle-1c6d647dcaf998fa079d26735cedc92b-.png\" alt=\"Frisches Gem\u00fcse\" itemprop=\"image\" height=\"500\" width=\"500\" title=\"Maskengruppe 32@2x\" onerror=\"this.style.display='none'\"  \/>\n\t\t\t\t<\/a>\n\t\t<h3><a href=\"\/de\/ressourcen\/lebensmittel\/\" target=\"_self\">Essen<\/a><\/h3>\t\n\t\t\t\t<a href=\"\/de\/ressourcen\/gehause-unterkunft\/\"  target=\"_self\" itemprop=\"url\">\n\t\t\t\t<img loading=\"lazy\" decoding=\"async\" src=\"https:\/\/211md.org\/wp-content\/uploads\/bb-plugin\/cache\/Mask-Group-34@2x-circle-b99c55fc16ef21f35e2f2a1f7cc37b9a-.png\" alt=\"Apartmentkomplex Balkon\" itemprop=\"image\" height=\"500\" width=\"500\" title=\"Wohnung-Komplex\" onerror=\"this.style.display='none'\"  \/>\n\t\t\t\t<\/a>\n\t\t<h3><a href=\"\/de\/ressourcen\/gehause-unterkunft\/\" target=\"_self\">Wohnen &amp; Obdach<\/a><\/h3>\t\n\t\t\t\t<a href=\"\/de\/ressourcen\/neu-in-den-usa-und-maryland\/\"  target=\"_self\" itemprop=\"url\">\n\t\t\t\t<img loading=\"lazy\" decoding=\"async\" src=\"https:\/\/211md.org\/wp-content\/uploads\/bb-plugin\/cache\/American-flag-circle-0016cc327e27ef7aeb080f1da6c6e98b-.jpg\" alt=\"Neu in den Vereinigten Staaten\" itemprop=\"image\" height=\"364\" width=\"1366\" title=\"Amerikanische Flagge\" onerror=\"this.style.display='none'\"  \/>\n\t\t\t\t<\/a>\n\t\t<h3><a href=\"\/de\/ressourcen\/neu-in-den-usa-und-maryland\/\" target=\"_self\">Einwanderung<\/a><\/h3>\t\n\t\t\t\t<a href=\"\/de\/ressourcen\/kinder-familien\/verwandtschaftspflege\/\"  target=\"_self\" itemprop=\"url\">\n\t\t\t\t<img decoding=\"async\" src=\"https:\/\/211md.org\/wp-content\/uploads\/bb-plugin\/cache\/kinship-family-navigating-a-computer-circle-045fee9d587aefb20221bfea41a2cf9b-.png\" alt=\"Verwandtschaftsfamilie, die einen Computer navigiert\" itemprop=\"image\" title=\"Verwandtschaftsfamilie, die einen Computer navigiert\" onerror=\"this.style.display='none'\"  \/>\n\t\t\t\t<\/a>\n\t\t<h3><a href=\"\/de\/ressourcen\/kinder-familien\/verwandtschaftspflege\/\" target=\"_self\">Verwandtschaft<\/a><\/h3>\t\n\t\t\t\t<a href=\"\/de\/ressourcen\/rechtsberatung\/\"  target=\"_self\" itemprop=\"url\">\n\t\t\t\t<img loading=\"lazy\" decoding=\"async\" src=\"https:\/\/211md.org\/wp-content\/uploads\/bb-plugin\/cache\/Housing-Legal-circle-9a8f3c1c72c54b6e1ce612d2993c1ad4-.png\" alt=\"Rechtshammer mit einem Plastikmodell eines Hauses daneben\" itemprop=\"image\" height=\"348\" width=\"460\" title=\"Wohnungsrecht\" onerror=\"this.style.display='none'\"  \/>\n\t\t\t\t<\/a>\n\t\t<h3><a href=\"\/de\/ressourcen\/rechtsberatung\/\" target=\"_self\">Rechtsberatung<\/a><\/h3>\t\n\t\t\t\t<a href=\"\/de\/ressourcen\/psychische-gesundheit\/\"  target=\"_self\" itemprop=\"url\">\n\t\t\t\t<img loading=\"lazy\" decoding=\"async\" src=\"https:\/\/211md.org\/wp-content\/uploads\/bb-plugin\/cache\/Mask-Group-40@2x-circle-7bd9426367852fb3d841bc4bdc57a550-.png\" alt=\"Die Profile eines Mannes und einer Frau\" itemprop=\"image\" height=\"500\" width=\"500\" title=\"Maskengruppe 40@2x\" onerror=\"this.style.display='none'\"  \/>\n\t\t\t\t<\/a>\n\t\t<h3><a href=\"\/de\/ressourcen\/psychische-gesundheit\/\" target=\"_self\">Psychische Gesundheit<\/a><\/h3>\t\n\t\t\t\t<a href=\"\/de\/ressourcen\/mdreentry\/\"  target=\"_self\" itemprop=\"url\">\n\t\t\t\t<img loading=\"lazy\" decoding=\"async\" src=\"https:\/\/211md.org\/wp-content\/uploads\/bb-plugin\/cache\/Diverse-group-of-community-members-circle-4457c114cd48613bc79a0fb50060319c-.jpg\" alt=\"Vielf\u00e4ltige Gruppe von Community-Mitgliedern\" itemprop=\"image\" height=\"800\" width=\"1200\" title=\"Vielf\u00e4ltige Gruppe von Community-Mitgliedern\" onerror=\"this.style.display='none'\"  \/>\n\t\t\t\t<\/a>\n\t\t<h3><a href=\"\/de\/ressourcen\/mdreentry\/\" target=\"_self\">Wiedereintritt<\/a><\/h3>\t\n\t\t\t\t<a href=\"\/de\/stoppen\/\"  target=\"_self\" itemprop=\"url\">\n\t\t\t\t<img loading=\"lazy\" decoding=\"async\" src=\"https:\/\/211md.org\/wp-content\/uploads\/bb-plugin\/cache\/Background-section-MDStophate-circle-08e2bae1cf9f2ad6cc83e01e23da8cb9-.jpg\" alt=\"Hintergrund-Abschnitt-MDStophate\" itemprop=\"image\" height=\"768\" width=\"1366\" title=\"Hintergrund-Abschnitt-MDStophate\" onerror=\"this.style.display='none'\"  \/>\n\t\t\t\t<\/a>\n\t\t<h3><a href=\"\/de\/stoppen\/\" target=\"_self\">Stoppen Sie Hass<\/a><\/h3>\t\n\t\t\t\t<a href=\"\/de\/ressourcen\/substanzgebrauch\/\"  target=\"_self\" itemprop=\"url\">\n\t\t\t\t<img loading=\"lazy\" decoding=\"async\" src=\"https:\/\/211md.org\/wp-content\/uploads\/bb-plugin\/cache\/Substance-Use-circle-ad2d564932dc31267e0c32a6fb2d915c-.png\" alt=\"Hand zerschlagende Pillen\" itemprop=\"image\" height=\"500\" width=\"500\" title=\"Substanzgebrauch\" onerror=\"this.style.display='none'\"  \/>\n\t\t\t\t<\/a>\n\t\t<h3><a href=\"\/de\/ressourcen\/substanzgebrauch\/\" target=\"_self\">Substanzgebrauch<\/a><\/h3>\t\n\t\t\t\t<a href=\"\/de\/ressourcen\/steuerdienstleistungen\/\"  target=\"_self\" itemprop=\"url\">\n\t\t\t\t<img loading=\"lazy\" decoding=\"async\" src=\"https:\/\/211md.org\/wp-content\/uploads\/bb-plugin\/cache\/Mask-Group-34-circle-166a606e37e61188c9a17d5e634cda3c-.png\" alt=\"Person, die Einkommensteuerunterlagen ausf\u00fcllt\" itemprop=\"image\" height=\"500\" width=\"500\" title=\"Maskengruppe 34\" onerror=\"this.style.display='none'\"  \/>\n\t\t\t\t<\/a>\n\t\t<h3><a href=\"\/de\/ressourcen\/steuerdienstleistungen\/\" target=\"_self\">Steuerliche Dienstleistungen<\/a><\/h3>\t\n\t\t\t\t<a href=\"\/de\/ressourcen\/utility-unterstutzung\/\"  target=\"_self\" itemprop=\"url\">\n\t\t\t\t<img loading=\"lazy\" decoding=\"async\" src=\"https:\/\/211md.org\/wp-content\/uploads\/bb-plugin\/cache\/Mask-Group-37@2x-circle-9661a11b9c4082079c9a1f06bc539567-.png\" alt=\"Eine leuchtende Gl\u00fchbirne\" itemprop=\"image\" height=\"500\" width=\"500\" title=\"Maskengruppe 37@2x\" onerror=\"this.style.display='none'\"  \/>\n\t\t\t\t<\/a>\n\t\t<h3><a href=\"\/de\/ressourcen\/utility-unterstutzung\/\" target=\"_self\">Utility-Unterst\u00fctzung<\/a><\/h3>\t\n\t\t\t\t<a href=\"\/de\/ressourcen\/veteranen\/\"  target=\"_self\" itemprop=\"url\">\n\t\t\t\t<img decoding=\"async\" src=\"https:\/\/211md.org\/wp-content\/uploads\/bb-plugin\/cache\/Veterans-circle-7c6972a59826c74f1f658f61df785fc3-.png\" alt=\"Ein Soldat, der jemandem die Hand sch\u00fcttelt und l\u00e4chelt\" itemprop=\"image\" title=\"Veteranen\" onerror=\"this.style.display='none'\"  \/>\n\t\t\t\t<\/a>\n\t\t<h3><a href=\"\/de\/ressourcen\/veteranen\/\" target=\"_self\">Veteranen<\/a><\/h3>","protected":false},"excerpt":{"rendered":"<p>Sowohl gute als auch schlechte Kindheitserlebnisse pr\u00e4gen die Entwicklung des Gehirns eines Kindes. Gemeinschaften spielen eine Rolle dabei, ein positives Umfeld zu schaffen und Widrigkeiten vorzubeugen. Warum sind Widrigkeiten in der Kindheit wichtig? Ung\u00fcnstige Erfahrungen und Umgebungen in der Kindheit sind h\u00e4ufig. Dazu geh\u00f6ren Dinge wie das Erleben von Gewalt oder das Erleben von Diskriminierung. Wenn Kinder im Umgang mit Widrigkeiten keine Unterst\u00fctzung erhalten, kann dies zu lang anhaltenden\u2026<\/p>","protected":false},"author":8,"featured_media":1977,"parent":839,"menu_order":0,"comment_status":"closed","ping_status":"closed","template":"","meta":{"footnotes":""},"class_list":["post-920","page","type-page","status-publish","has-post-thumbnail","hentry"],"_links":{"self":[{"href":"https:\/\/211md.org\/de\/wp-json\/wp\/v2\/pages\/920","targetHints":{"allow":["GET"]}}],"collection":[{"href":"https:\/\/211md.org\/de\/wp-json\/wp\/v2\/pages"}],"about":[{"href":"https:\/\/211md.org\/de\/wp-json\/wp\/v2\/types\/page"}],"author":[{"embeddable":true,"href":"https:\/\/211md.org\/de\/wp-json\/wp\/v2\/users\/8"}],"replies":[{"embeddable":true,"href":"https:\/\/211md.org\/de\/wp-json\/wp\/v2\/comments?post=920"}],"version-history":[{"count":3,"href":"https:\/\/211md.org\/de\/wp-json\/wp\/v2\/pages\/920\/revisions"}],"predecessor-version":[{"id":4708,"href":"https:\/\/211md.org\/de\/wp-json\/wp\/v2\/pages\/920\/revisions\/4708"}],"up":[{"embeddable":true,"href":"https:\/\/211md.org\/de\/wp-json\/wp\/v2\/pages\/839"}],"wp:featuredmedia":[{"embeddable":true,"href":"https:\/\/211md.org\/de\/wp-json\/wp\/v2\/media\/1977"}],"wp:attachment":[{"href":"https:\/\/211md.org\/de\/wp-json\/wp\/v2\/media?parent=920"}],"curies":[{"name":"wp","href":"https:\/\/api.w.org\/{rel}","templated":true}]}}