{"id":922,"date":"2021-04-15T14:24:25","date_gmt":"2021-04-15T14:24:25","guid":{"rendered":"https:\/\/211md.org\/?page_id=922"},"modified":"2026-02-02T08:48:53","modified_gmt":"2026-02-02T13:48:53","slug":"hausliche-familiare-gewalt","status":"publish","type":"page","link":"https:\/\/211md.org\/de\/resources\/domestic-family-violence\/","title":{"rendered":"Unterst\u00fctzung von Familie und h\u00e4uslicher Gewalt in Maryland"},"content":{"rendered":"<figure data-animation-delay=\"0\" data-animation-duration=\"1\" itemscope itemtype=\"https:\/\/schema.org\/ImageObject\">\n\t\t\t\t<img decoding=\"async\" src=\"https:\/\/stg-maryland211-staging.kinsta.cloud\/wp-content\/uploads\/2025\/08\/5-1-scaled.png\" alt=\"5\" height=\"692\" width=\"2560\" title=\"5\" onerror=\"this.style.display='none'\" loading=\"lazy\" \/>\n\t<\/figure>\n\t\t<h1><a href=\"#start\" target=\"_self\">Standard-Seiten\u00fcberschrift<\/a><\/h1><p>Von Notfallpaketen f\u00fcr Opfer h\u00e4uslicher Gewalt, die schnell aus dem Haus gehen, bis hin zu Rechtsbeistand \u2013 wir bieten kostenlose und vertrauliche Unterst\u00fctzung. H\u00e4usliche Gewalt ist niemals Ihre Schuld. Kontaktieren Sie Hotlines f\u00fcr h\u00e4usliche Gewalt. <a href=\"#community\">Gemeinschaftsressourcen,<\/a> und <a href=\"#sexual\">sexueller \u00dcbergriff<\/a> Unterst\u00fctzung f\u00fcr Opfer h\u00e4uslicher und famili\u00e4rer Gewalt. Erfahren Sie die <a href=\"#warning\">Warnsignale<\/a>\u00a0und finden <a href=\"#emergency\">Notunterk\u00fcnfte<\/a> nahe bei dir.<\/p>\n<p>Informieren Sie sich auch \u00fcber Schutzdienste f\u00fcr <a href=\"#children\">Kinder<\/a> und <a href=\"#adults\">Erwachsene<\/a>.<\/p>\n\t\t\t<a href=\"#start\"  target=\"_self\">\n\t\t\t\t\t\tErste Schritte\n\t\t\t\t\t<\/a>\n<figure data-animation-delay=\"0\" data-animation-duration=\"1\" itemscope itemtype=\"https:\/\/schema.org\/ImageObject\">\n\t\t\t\t<img decoding=\"async\" src=\"https:\/\/211md.org\/wp-content\/plugins\/bb-plugin\/img\/pixel.png\" alt=\"\" onerror=\"this.style.display='none'\" loading=\"lazy\" \/>\n\t<\/figure>\n<figure data-animation-delay=\"0\" data-animation-duration=\"1.3\" itemscope itemtype=\"https:\/\/schema.org\/ImageObject\">\n\t\t\t\t<img decoding=\"async\" src=\"https:\/\/stg-maryland211-staging.kinsta.cloud\/wp-content\/uploads\/2025\/08\/16.png\" alt=\"16\" height=\"1000\" width=\"1000\" title=\"16\" onerror=\"this.style.display='none'\" loading=\"lazy\" \/>\n\t<\/figure>\n<figure itemscope itemtype=\"https:\/\/schema.org\/ImageObject\">\n\t\t\t\t<img decoding=\"async\" src=\"http:\/\/211md.org\/wp-content\/uploads\/2025\/09\/two-friends-hugging-and-offering-support.jpg\" alt=\"zwei Freunde umarmen sich und bieten Unterst\u00fctzung an\" title=\"zwei Freunde umarmen sich und bieten Unterst\u00fctzung an\" onerror=\"this.style.display='none'\" loading=\"lazy\" \/>\n\t<\/figure>\n<h2>Notunterkunft und andere wichtige Dinge<\/h2>\n<p>Wenn Sie vor h\u00e4uslicher Gewalt fliehen, verlassen Sie Ihr Zuhause m\u00f6glicherweise schnell und ohne das N\u00f6tigste. Es gibt Programme, die Ihnen dabei helfen.<\/p>\n<p>Die <a href=\"https:\/\/www.mnadv.org\/get-help\/how-to-help\/\" target=\"_blank\" rel=\"noopener\">Maryland-Netzwerk gegen h\u00e4usliche Gewalt<\/a> bietet Unterst\u00fctzung, einschlie\u00dflich eines Notfallsets.<\/p>\n<h3>Mid-Shore-Unterst\u00fctzung<\/h3>\n<p>In den Grafschaften Kent, Dorchester, Queen Anne&#039;s, Talbot und Caroline verbinden Sie sich mit dem <a href=\"https:\/\/mscfv.org\/get-help\" target=\"_blank\" rel=\"noopener\">Mid-Shore Council on Family Violence<\/a>.<\/p>\n<p>Sie bieten rund um die Uhr:<\/p>\n<ul>\n<li>Krisenintervention<\/li>\n<li>Notunterkunft<\/li>\n<li>Sicherheitsplanung<\/li>\n<li>Sicherheit von Haustieren<\/li>\n<li>Informationen und Weiterleitung<\/li>\n<li>emotionale Unterst\u00fctzung<\/li>\n<li>Beratung und Anleitung<\/li>\n<li>Rechtsberatung<\/li>\n<\/ul>\n<p><img loading=\"lazy\" decoding=\"async\" src=\"http:\/\/211md.org\/wp-content\/uploads\/2025\/08\/2025_MdInfoNet_Icon-Sets_Phone-150x150.png\" alt=\"Telefonsymbol\" width=\"75\" height=\"75\" \/>Rufen Sie die Hotline des Mid-Shore Council on Family Violence unter 1-800-927-4673 an.<\/p>\n\t<h2>Hotlines f\u00fcr Hilfe<\/h2>\n\t\t<h3>\t\n\t911<br \/> Notfall<\/h3><p>W\u00e4hlen Sie 911, wenn Sie in Gefahr sind und dringend Hilfe ben\u00f6tigen.<\/p>\n\t\t<h3>\t\n\tNationale Hotline f\u00fcr F\u00e4lle h\u00e4uslicher Gewalt<\/h3><p>W\u00e4hlen Sie 1-800-799-SAFE (7233) und erhalten Sie Informationen zu Notunterk\u00fcnften und anderen Hilfsangeboten f\u00fcr Opfer h\u00e4uslicher Gewalt.<\/p>\n<p>Sie k\u00f6nnen auch live chatten oder START an 88788 senden.<\/p>\n\t\t<h3>\t\n\t211 <br \/> Informationen &amp; Ressourcen<\/h3><p>W\u00e4hlen Sie 211, um mit lokalen Ressourcen verbunden zu werden. Die f\u00fcrsorglichen und mitf\u00fchlenden Informations- und Vermittlungsspezialisten helfen Ihnen auch bei Fragen zu Lebensmitteln, Unterkunft, Rechtsschutz, Unterst\u00fctzung bei Versorgungsleistungen, Gesundheitsversorgung, Arbeitslosigkeit und anderen wichtigen Bed\u00fcrfnissen.<\/p>\n<p>&nbsp;<\/p>\n\t\t<figure itemscope itemtype=\"https:\/\/schema.org\/ImageObject\">\n\t\t\t\t<img decoding=\"async\" src=\"https:\/\/stg-maryland211-staging.kinsta.cloud\/wp-content\/uploads\/2025\/08\/2025_MdInfoNet_Icon-Sets-white_Locate.png\" alt=\"\" onerror=\"this.style.display='none'\" loading=\"lazy\" \/>\n\t<\/figure>\n<h2>Gemeinsame Ressourcen zum Thema h\u00e4usliche Gewalt<\/h2><p>Suchen Sie in der 211 Community Resource Database nach Hilfe. Geben Sie eine Postleitzahl ein, um Hilfe in Ihrer N\u00e4he zu finden.<\/p>\n\t\t\t<a href=\"https:\/\/search.211md.org\/search?query=RP-1500.1400-200&#038;query_type=taxonomy&#038;query_label=\" target=\"_blank\" rel=\"noopener\">\n\t\t\t\t\t\tHotlines f\u00fcr h\u00e4usliche Gewalt\n\t\t\t\t\t<\/a>\n\t\t\t<a href=\"https:\/\/search.211md.org\/search?query=FT-6940&#038;query_type=taxonomy&#038;query_label=\" target=\"_blank\" rel=\"noopener\">\n\t\t\t\t\t\tSchutzanordnungen\n\t\t\t\t\t<\/a>\n\t\t\t<a href=\"https:\/\/search.211md.org\/search?query=RP-1500.1400-300&#038;query_type=taxonomy&#038;query_label=\" target=\"_blank\" rel=\"noopener\">\n\t\t\t\t\t\tHotline Menschenhandel\n\t\t\t\t\t<\/a>\n\t\t\t<a href=\"https:\/\/search.211md.org\/search?query=RP-1500.1400-750&#038;query_type=taxonomy&#038;query_label=\" target=\"_blank\" rel=\"noopener\">\n\t\t\t\t\t\tHotline f\u00fcr sexuelle \u00dcbergriffe\n\t\t\t\t\t<\/a>\n\t\t\t<a href=\"https:\/\/search.211md.org\/search?query=BH-1800.1500-100&#038;query_label=Domestic+Violence+Shelters&#038;query_type=taxonomy\" target=\"_blank\" rel=\"noopener\">\n\t\t\t\t\t\tSchutzr\u00e4ume f\u00fcr h\u00e4usliche Gewalt\n\t\t\t\t\t<\/a>\n\t\t\t<a href=\"https:\/\/search.211md.org\/search?query=RP-1500.1400-700&#038;query_type=taxonomy&#038;query_label=\" target=\"_blank\" rel=\"noopener\">\n\t\t\t\t\t\tHotlines f\u00fcr au\u00dfer Kontrolle geratene\/obdachlose Jugendliche\n\t\t\t\t\t<\/a>\n<figure itemscope itemtype=\"https:\/\/schema.org\/ImageObject\">\n\t\t\t\t<img decoding=\"async\" src=\"https:\/\/211md.org\/wp-content\/uploads\/2024\/05\/Counselor-talking-to-a-woman.jpg\" alt=\"Berater im Gespr\u00e4ch mit einer Frau\" height=\"800\" width=\"1200\" title=\"Berater im Gespr\u00e4ch mit einer Frau\" onerror=\"this.style.display='none'\" loading=\"lazy\" \/>\n\t<\/figure>\n\t<h2>Warnsignale<\/h2>\n<p>Es kann schwierig sein, die Warnzeichen h\u00e4uslicher Gewalt zu erkennen. Das Life Crisis Center, Mitglied des 211 Call Center Network, bietet Opfern Unterst\u00fctzung. Es beschreibt fortschreitendes und kontrollierendes Verhalten, das Sie m\u00f6glicherweise beobachten, darunter diese Anzeichen einer ungesunden Beziehung:<\/p>\n<ul>\n<li>Kontrolle<\/li>\n<li>Isolation<\/li>\n<li>Sabotage<\/li>\n<li>Beschuldigen<\/li>\n<li>Kritik<\/li>\n<li>Alkohol<\/li>\n<li>Eifersucht<\/li>\n<li>Wut<\/li>\n<li>Intensit\u00e4t<\/li>\n<\/ul>\n<p>Die <a href=\"https:\/\/www.lifecrisiscenter.org\/program\/Domestic-Violence.htm\" target=\"_blank\" rel=\"noopener\">Life Crisis Center describes the warning signs<\/a> and provides strategies for victims in a relationship with warning signs.<\/p>\n<p>Sie k\u00f6nnen auch die Nummer 211 anrufen, um mit einem \u00f6rtlichen Hilfsdienst f\u00fcr h\u00e4usliche Gewalt verbunden zu werden, oder die 24-Stunden- <a href=\"https:\/\/www.thehotline.org\/\" target=\"_blank\" rel=\"noopener\">Nationale Hotline f\u00fcr F\u00e4lle h\u00e4uslicher Gewalt<\/a> unter 1-800-799-SAFE (7233).<\/p>\n<h2>Hilfe bei sexuellen \u00dcbergriffen<\/h2>\n<p>Opfern sexueller \u00dcbergriffe steht kostenlose und vertrauliche Hilfe zur Verf\u00fcgung. Kontaktieren Sie Experten, die Ihnen Unterst\u00fctzung bieten k\u00f6nnen. Seien Sie sich bewusst, dass ein sexueller \u00dcbergriff niemals Ihre Schuld ist.<\/p>\n<h4>Stellen Sie eine Verbindung zu Ressourcen her.<\/h4>\n<p>W\u00e4hlen Sie 2-1-1, um Unterst\u00fctzung in Ihrer N\u00e4he zu finden, oder wenden Sie sich an eine Hotline f\u00fcr Opfer sexueller \u00dcbergriffe, um kostenlose und vertrauliche Informationen zu erhalten.<\/p>\n\t\t\t<a href=\"https:\/\/search.211md.org\/search?query=RP-1500.1400-750&#038;query_label=Sexual%20Assault%20Hotlines&#038;query_type=taxonomy\" target=\"_blank\" rel=\"noopener\">\n\t\t\t\t\t\tFinden Sie Hotlines\/Ressourcen f\u00fcr sexuelle \u00dcbergriffe\n\t\t\t\t\t<\/a>\n\t<h3>Kostenlose medizinische Untersuchungen<\/h3>\n<p>Das SAFE-Programm (Sexual Assault Forensic Exams) in Maryland bietet kostenlose medizinische Untersuchungen an. Die Fachkr\u00e4fte sind f\u00fcr die Arbeit mit Opfern geschult und sammeln Beweise, leisten medizinische Versorgung und bieten Beratung zum Thema HIV-Exposition an.<\/p>\n<p>Sie k\u00f6nnen eine SAFE-Pr\u00fcfung ablegen, auch wenn Sie die Polizei nicht einschalten m\u00f6chten. Wenn Sie Opfer eines sexuellen \u00dcbergriffs sind, suchen Sie Unterst\u00fctzung. <a href=\"https:\/\/mcasa.org\/survivors\/getting-medical-attention\" target=\"_blank\" rel=\"noopener\">Suche nach SAFE-Programmen in Maryland<\/a>.<\/p>\n<h3>Krisen- und Genesungszentrum f\u00fcr Vergewaltigungsopfer<\/h3>\n<p>Hilfe bietet auch das Netzwerk der Rape Crisis and Recovery Centers in Maryland. Sie bieten Krisenintervention und Beratung an. Sie begleiten Sie auch ins Krankenhaus, zu polizeilichen Vernehmungen und vor Gericht.<\/p>\n<p>Sie k\u00f6nnen 2-1-1 w\u00e4hlen, um ein Zentrum in Ihrer N\u00e4he zu finden, oder besuchen Sie die\u00a0<a href=\"https:\/\/mcasa.org\/survivors\/find-a-rape-crisis-center\" target=\"_blank\" rel=\"noopener\">Maryland Koalition gegen sexuelle \u00dcbergriffe<\/a> Eine Liste der Zentren finden Sie auf der Website (MCASA).<\/p>\n<h3>Rechtliche Hilfe<\/h3>\n<p>MCASA verf\u00fcgt au\u00dferdem \u00fcber ein Sexual Assault Legal Institute (SALI), das Opfern umfassende Rechtsberatung bietet. <a href=\"https:\/\/mcasa.org\/survivors\/sali?fbclid=IwZXh0bgNhZW0CMTAAAR1kEo1Ku2GD3GKBOhAz1XXVPvOr68tlAOPPlcrOFiTKhmFIMM4RlndB7a4_aem_AXbTaSde3vm4kISD6ssAc2DvpCxSyWKv-2To8ILAwIAQntLzjKXzkLGWpmWyYNAX_R98yzEsaXiKtXw57NYZB3Dv#services\" target=\"_blank\" rel=\"noopener\">Erfahren Sie mehr<\/a> \u00fcber die von ihnen erbrachten Dienstleistungen.<\/p>\n\t<h2>Kindesmissbrauch und Vernachl\u00e4ssigung<\/h2>\n<p>Kindesmissbrauch und\/oder Vernachl\u00e4ssigung k\u00f6nnen anonym dem \u00f6rtlichen Sozialamt oder den Strafverfolgungsbeh\u00f6rden gemeldet werden.<\/p>\n<p>Im Allgemeinen Anzeichen von <a href=\"https:\/\/dhs.maryland.gov\/child-protective-services\/reporting-suspected-child-abuse-or-neglect\/what-is-child-abuse-and-neglect\/\" target=\"_blank\" rel=\"noopener\">Kindesmissbrauch und Vernachl\u00e4ssigung<\/a>\u00a0k\u00f6nnte beinhalten:<\/p>\n<ul>\n<li aria-level=\"1\">k\u00f6rperliche Verletzung eines Kindes, auch wenn sie nicht sichtbar ist<\/li>\n<li aria-level=\"1\">Vers\u00e4umnis, die richtige Pflege oder Aufmerksamkeit zu geben<\/li>\n<li aria-level=\"1\">ein Kind unbeaufsichtigt zu lassen, wenn die Gesundheit oder das Wohlergehen des Kindes gef\u00e4hrdet ist oder ein erhebliches Risiko einer solchen Gef\u00e4hrdung besteht<\/li>\n<li aria-level=\"1\">sexuelle Bel\u00e4stigung oder Ausbeutung<\/li>\n<li aria-level=\"1\">Beeintr\u00e4chtigung der geistigen oder psychischen Funktionsf\u00e4higkeit eines Kindes<\/li>\n<li aria-level=\"1\">Finden glaubw\u00fcrdiger Beweise f\u00fcr k\u00f6rperliche Misshandlung, Vernachl\u00e4ssigung oder sexuellen Missbrauch, die nicht zufriedenstellend widerlegt wurden<\/li>\n<\/ul>\n<p>Wenn der Staat ein Kind (unter 18 Jahren) aus seinem Zuhause entfernt,\u00a0<a href=\"https:\/\/mdcourts.gov\/legalhelp\/childabuseneglect\" target=\"_blank\" rel=\"noopener\">Legaler Prozess<\/a> ist vorhanden, um die Sicherheit und das Wohlergehen des Kindes zu gew\u00e4hrleisten.<\/p>\n<p>Suchen Sie in der 211 Community Resource Database nach lokalen Ressourcen zum Kinderschutz oder w\u00e4hlen Sie 211.<\/p>\n\t\t\t<a href=\"https:\/\/search.211md.org\/search?query=PH-6500.1500&#038;query_type=taxonomy&#038;query_label=\" target=\"_blank\" rel=\"noopener\">\n\t\t\t\t\t\tRessourcen zum Kinderschutz\n\t\t\t\t\t<\/a>\n\t<h2>Schutzdienste f\u00fcr Erwachsene<\/h2>\n<p>Der Staat bietet auch Schutzdienste f\u00fcr Erwachsene f\u00fcr alle \u00fcber 18-J\u00e4hrigen an, denen die k\u00f6rperliche oder geistige F\u00e4higkeit fehlt, sich um ihre Bed\u00fcrfnisse zu k\u00fcmmern. Es gibt verhaltensbezogene, soziale, finanzielle und k\u00f6rperliche Anzeichen von Missbrauch und Vernachl\u00e4ssigung bei schutzbed\u00fcrftigen Personen und \u00e4lteren Erwachsenen. Dazu k\u00f6nnen geh\u00f6ren:<\/p>\n<ul>\n<li aria-level=\"1\">Verwirrung und Vergesslichkeit<\/li>\n<li aria-level=\"1\">Angst, Hilflosigkeit, Scham<\/li>\n<li aria-level=\"1\">Isolation<\/li>\n<li aria-level=\"1\">Gewalt oder Drogenmissbrauch<\/li>\n<li aria-level=\"1\">Ungew\u00f6hnliche Bankaktivit\u00e4t<\/li>\n<li aria-level=\"1\">\u00c4nderung der Ausgabegewohnheiten<\/li>\n<li aria-level=\"1\">Unbezahlte Rechnungen<\/li>\n<li aria-level=\"1\">Schmutzig oder unrasiert erscheinen<\/li>\n<li aria-level=\"1\">Unterern\u00e4hrt, dehydriert<\/li>\n<li aria-level=\"1\">Unbehandelter medizinischer Zustand<\/li>\n<li aria-level=\"1\">Schnitte, Wunden, Prellungen oder andere Spuren<\/li>\n<li aria-level=\"1\">Kann nicht frei sprechen<\/li>\n<li aria-level=\"1\">Gewalt oder Drogenmissbrauch<\/li>\n<\/ul>\n<p><a href=\"https:\/\/dhs.maryland.gov\/documents\/Brochures\/Adult%20Services%20Flyers\/SSA-AdultProtectiveAbuse_dg.pdf\" target=\"_blank\" rel=\"noopener\">Lernen Sie alle Zeichen kennen<\/a>\u00a0vom Maryland Department of Human Services.<\/p>\n<p>Melden Sie Verdacht auf Missbrauch von Erwachsenen unter 1-800-91-PREVENT (1-800-917-7383).<\/p>\n<p>Die 211 Community Resource Database bietet eine Liste von Schutzdiensten f\u00fcr Erwachsene.<\/p>\n\t\t\t<a href=\"https:\/\/search.211md.org\/search?query=PH-6500.0500&#038;query_type=taxonomy&#038;query_label=\" target=\"_blank\" rel=\"noopener\">\n\t\t\t\t\t\tSuchen Sie nach Ressourcen zum Schutz von Erwachsenen\n\t\t\t\t\t<\/a>\n<figure itemscope itemtype=\"https:\/\/schema.org\/ImageObject\">\n\t\t\t\t<img decoding=\"async\" src=\"https:\/\/211md.org\/wp-content\/plugins\/bb-plugin\/img\/pixel.png\" alt=\"\" onerror=\"this.style.display='none'\" loading=\"lazy\" \/>\n\t<\/figure>\n\t\t<figure itemscope itemtype=\"https:\/\/schema.org\/ImageObject\">\n\t\t\t\t<img decoding=\"async\" src=\"https:\/\/211md.org\/wp-content\/uploads\/bb-plugin\/cache\/Call-center-specialst-circle-4e9ecd7b3425be4576416abc911049bb-.jpg\" alt=\"Callcenter-Spezialist\" title=\"Callcenter-Spezialist\" onerror=\"this.style.display='none'\" loading=\"lazy\" \/>\n\t<\/figure>\n<h2>W\u00e4hlen Sie 211<\/h2><p>Sprechen Sie rund um die Uhr mit einer f\u00fcrsorglichen und mitf\u00fchlenden Person. Sie kann Sie auch mit Ressourcen verbinden.\u00a0<\/p>\n\t\t<h4><a href=\"\/de\/ressourcen\/alterungsbehinderung\/?utm_source=Home&#038;utm_medium=Referral&#038;utm_campaign=211Resources&#038;utm_content=Aging\" target=\"_self\">Alter &amp; Behinderung<\/a><\/h4><figure itemscope itemtype=\"https:\/\/schema.org\/ImageObject\">\n\t\t\t\t<a href=\"\/de\/ressourcen\/alterungsbehinderung\/?utm_source=Home&#038;utm_medium=Referral&#038;utm_campaign=211Resources&#038;utm_content=Aging\"  target=\"_self\" itemprop=\"url\">\n\t\t\t\t<img decoding=\"async\" src=\"https:\/\/211md.org\/wp-content\/uploads\/bb-plugin\/cache\/2025_MdInfoNet_Icon-Sets_Aging-disability-square-c466727102cae71e5f27b8539bb51945-.png\" alt=\"\" onerror=\"this.style.display='none'\" loading=\"lazy\" \/>\n\t\t\t\t<\/a>\n\t<\/figure>\n\t\t<h4><a href=\"\/de\/ressourcen\/kinder-familien\/?utm_source=Home&#038;utm_medium=Referral&#038;utm_campaign=211Resources&#038;utm_content=Children\" target=\"_self\">Kinder &amp; Familien<\/a><\/h4><figure itemscope itemtype=\"https:\/\/schema.org\/ImageObject\">\n\t\t\t\t<a href=\"\/de\/ressourcen\/kinder-familien\/?utm_source=Home&#038;utm_medium=Referral&#038;utm_campaign=211Resources&#038;utm_content=Children\"  target=\"_self\" itemprop=\"url\">\n\t\t\t\t<img decoding=\"async\" src=\"https:\/\/211md.org\/wp-content\/uploads\/bb-plugin\/cache\/2025_211_Icon-Sets_Child-care-square-f3b0d4edab3dcc467fadb5f55f4064c6-.png\" alt=\"parent and child icon for child care\" height=\"417\" width=\"417\" title=\"2025_211_Icon Sets_Kinderbetreuung\" onerror=\"this.style.display='none'\" loading=\"lazy\" \/>\n\t\t\t\t<\/a>\n\t<\/figure>\n\t\t<h4><a href=\"\/de\/ressourcen\/hausliche-familiare-gewalt\/?utm_source=Home&#038;utm_medium=Referral&#038;utm_campaign=211Resources&#038;utm_content=Domestic\" target=\"_self\">H\u00e4usliche Gewalt<\/a><\/h4><figure itemscope itemtype=\"https:\/\/schema.org\/ImageObject\">\n\t\t\t\t<a href=\"\/de\/ressourcen\/hausliche-familiare-gewalt\/?utm_source=Home&#038;utm_medium=Referral&#038;utm_campaign=211Resources&#038;utm_content=Domestic\"  target=\"_self\" itemprop=\"url\">\n\t\t\t\t<img decoding=\"async\" src=\"https:\/\/211md.org\/wp-content\/uploads\/bb-plugin\/cache\/2025_211_Icon-Sets_Domestic-Violence-square-7b597694a6f05fe90cdc376aa573bc63-.png\" alt=\"House with a heart in the middle icon\" height=\"417\" width=\"417\" title=\"2025_211_Icon Sets_H\u00e4usliche Gewalt\" onerror=\"this.style.display='none'\" loading=\"lazy\" \/>\n\t\t\t\t<\/a>\n\t<\/figure>\n\t\t<h4><a href=\"\/de\/ressourcen\/arbeitssuche\/?utm_source=Home&#038;utm_medium=Referral&#038;utm_campaign=211Resources&#038;utm_content=Employment\" target=\"_self\">Besch\u00e4ftigung<\/a><\/h4><figure itemscope itemtype=\"https:\/\/schema.org\/ImageObject\">\n\t\t\t\t<a href=\"\/de\/ressourcen\/arbeitssuche\/?utm_source=Home&#038;utm_medium=Referral&#038;utm_campaign=211Resources&#038;utm_content=Employment\"  target=\"_self\" itemprop=\"url\">\n\t\t\t\t<img decoding=\"async\" src=\"https:\/\/211md.org\/wp-content\/uploads\/bb-plugin\/cache\/2025_MdInfoNet_Icon-Sets_Employment-square-44707bd410e4df10a470bf130ebcea86-.png\" alt=\"\" onerror=\"this.style.display='none'\" loading=\"lazy\" \/>\n\t\t\t\t<\/a>\n\t<\/figure>\n\t\t<h4><a href=\"\/de\/ressourcen\/gesundheitswesen\/?utm_source=Home&#038;utm_medium=Referral&#038;utm_campaign=211Resources&#038;utm_content=Health%20Care\" target=\"_self\">Gesundheitsvorsorge<\/a><\/h4><figure itemscope itemtype=\"https:\/\/schema.org\/ImageObject\">\n\t\t\t\t<a href=\"\/de\/ressourcen\/gesundheitswesen\/?utm_source=Home&#038;utm_medium=Referral&#038;utm_campaign=211Resources&#038;utm_content=Health%20Care\"  target=\"_self\" itemprop=\"url\">\n\t\t\t\t<img decoding=\"async\" src=\"https:\/\/211md.org\/wp-content\/uploads\/bb-plugin\/cache\/2025_MdInfoNet_Icon-Sets_Health-Care-square-dee98a0060cbe0e7f27eda253fc12679-.png\" alt=\"\" onerror=\"this.style.display='none'\" loading=\"lazy\" \/>\n\t\t\t\t<\/a>\n\t<\/figure>\n\t\t<h4><a href=\"\/de\/ressourcen\/kinder-familien\/verwandtschaftspflege\/?utm_source=Home&#038;utm_medium=Referral&#038;utm_campaign=211Resources&#038;utm_content=Kinship\" target=\"_self\">Verwandtschaft<\/a><\/h4><figure itemscope itemtype=\"https:\/\/schema.org\/ImageObject\">\n\t\t\t\t<a href=\"\/de\/ressourcen\/kinder-familien\/verwandtschaftspflege\/?utm_source=Home&#038;utm_medium=Referral&#038;utm_campaign=211Resources&#038;utm_content=Kinship\"  target=\"_self\" itemprop=\"url\">\n\t\t\t\t<img decoding=\"async\" src=\"https:\/\/211md.org\/wp-content\/uploads\/bb-plugin\/cache\/2025_211_Icon-Sets_Kinship-square-45bdf872866f5735f842c32071109267-.png\" alt=\"Verwandtschaftssymbol\" height=\"417\" width=\"417\" title=\"2025_211_Icon Sets_Verwandtschaft\" onerror=\"this.style.display='none'\" loading=\"lazy\" \/>\n\t\t\t\t<\/a>\n\t<\/figure>\n\t\t<h4><a href=\"\/de\/ressourcen\/rechtsberatung\/?utm_source=Home&#038;utm_medium=Referral&#038;utm_campaign=211Resources&#038;utm_content=Legal\" target=\"_self\">Rechtsberatung<\/a><\/h4><figure itemscope itemtype=\"https:\/\/schema.org\/ImageObject\">\n\t\t\t\t<a href=\"\/de\/ressourcen\/rechtsberatung\/?utm_source=Home&#038;utm_medium=Referral&#038;utm_campaign=211Resources&#038;utm_content=Legal\"  target=\"_self\" itemprop=\"url\">\n\t\t\t\t<img decoding=\"async\" src=\"https:\/\/211md.org\/wp-content\/uploads\/bb-plugin\/cache\/2025_MdInfoNet_Icon-Sets_Legal-square-18fdf438feb8435588174d9046463257-.png\" alt=\"\" onerror=\"this.style.display='none'\" loading=\"lazy\" \/>\n\t\t\t\t<\/a>\n\t<\/figure>\n\t\t<h4><a href=\"\/de\/ressourcen\/psychische-gesundheit\/?utm_source=Home&#038;utm_medium=Referral&#038;utm_campaign=211Resources&#038;utm_content=Mental\" target=\"_self\">Psychische Gesundheit<\/a><\/h4><figure itemscope itemtype=\"https:\/\/schema.org\/ImageObject\">\n\t\t\t\t<a href=\"\/de\/ressourcen\/psychische-gesundheit\/?utm_source=Home&#038;utm_medium=Referral&#038;utm_campaign=211Resources&#038;utm_content=Mental\"  target=\"_self\" itemprop=\"url\">\n\t\t\t\t<img decoding=\"async\" src=\"https:\/\/211md.org\/wp-content\/uploads\/bb-plugin\/cache\/2025_MdInfoNet_Icon-Sets_Mental-Health-square-c59b38c4a993a947d4c9280fbe2d2fee-.png\" alt=\"\" onerror=\"this.style.display='none'\" loading=\"lazy\" \/>\n\t\t\t\t<\/a>\n\t<\/figure>\n\t\t<h4><a href=\"\/de\/ressourcen\/mdreentry\/?utm_source=Home&#038;utm_medium=Referral&#038;utm_campaign=211Resources&#038;utm_content=Reentry\" target=\"_self\">Wiedereintritt<\/a><\/h4><figure itemscope itemtype=\"https:\/\/schema.org\/ImageObject\">\n\t\t\t\t<a href=\"\/de\/ressourcen\/mdreentry\/?utm_source=Home&#038;utm_medium=Referral&#038;utm_campaign=211Resources&#038;utm_content=Reentry\"  target=\"_self\" itemprop=\"url\">\n\t\t\t\t<img decoding=\"async\" src=\"https:\/\/211md.org\/wp-content\/uploads\/bb-plugin\/cache\/2025_211_Icon-Sets_Reentry-square-8676fea38abd920a832f45642fe31cca-.png\" alt=\"Symbol \u201eWiedereintritt\u201c\" height=\"417\" width=\"417\" title=\"2025_211_Icon Sets_Wiedereintritt\" onerror=\"this.style.display='none'\" loading=\"lazy\" \/>\n\t\t\t\t<\/a>\n\t<\/figure>\n\t\t<h4><a href=\"\/de\/ressourcen\/substanzgebrauch\/?utm_source=Home&#038;utm_medium=Referral&#038;utm_campaign=211Resources&#038;utm_content=Substance\" target=\"_self\">Substanzgebrauch<\/a><\/h4><figure itemscope itemtype=\"https:\/\/schema.org\/ImageObject\">\n\t\t\t\t<a href=\"\/de\/ressourcen\/substanzgebrauch\/?utm_source=Home&#038;utm_medium=Referral&#038;utm_campaign=211Resources&#038;utm_content=Substance\"  target=\"_self\" itemprop=\"url\">\n\t\t\t\t<img decoding=\"async\" src=\"https:\/\/211md.org\/wp-content\/uploads\/bb-plugin\/cache\/2025_MdInfoNet_Icon-Sets_Substance-Abuse-square-9022fec9d18a64118ad685c101885b55-.png\" alt=\"\" onerror=\"this.style.display='none'\" loading=\"lazy\" \/>\n\t\t\t\t<\/a>\n\t<\/figure>\n\t\t<h4><a href=\"\/de\/ressourcen\/veteranen\/?utm_source=Home&#038;utm_medium=Referral&#038;utm_campaign=211Resources&#038;utm_content=Veterans\" target=\"_self\">Veteranen<\/a><\/h4><figure itemscope itemtype=\"https:\/\/schema.org\/ImageObject\">\n\t\t\t\t<a href=\"\/de\/ressourcen\/veteranen\/?utm_source=Home&#038;utm_medium=Referral&#038;utm_campaign=211Resources&#038;utm_content=Veterans\"  target=\"_self\" itemprop=\"url\">\n\t\t\t\t<img decoding=\"async\" src=\"https:\/\/211md.org\/wp-content\/uploads\/bb-plugin\/cache\/2025_MdInfoNet_Icon-Sets_Rating-square-6e60d00cce4faa8e0a6d4ad7366aa733-.png\" alt=\"\" onerror=\"this.style.display='none'\" loading=\"lazy\" \/>\n\t\t\t\t<\/a>\n\t<\/figure>","protected":false},"excerpt":{"rendered":"<p>Von Notfallpaketen f\u00fcr Opfer h\u00e4uslicher Gewalt, die schnell aus dem Haus gehen, bis hin zu Rechtsbeistand \u2013 wir bieten kostenlose und vertrauliche Unterst\u00fctzung. H\u00e4usliche Gewalt ist niemals Ihre Schuld. Kontaktieren Sie Hotlines f\u00fcr h\u00e4usliche Gewalt, soziale Einrichtungen und Unterst\u00fctzung bei sexuellen \u00dcbergriffen f\u00fcr Opfer h\u00e4uslicher und famili\u00e4rer Gewalt. Lernen Sie die Warnzeichen kennen und finden Sie Notunterk\u00fcnfte\u2026<\/p>","protected":false},"author":8,"featured_media":2004,"parent":930,"menu_order":0,"comment_status":"closed","ping_status":"closed","template":"","meta":{"footnotes":""},"class_list":["post-922","page","type-page","status-publish","has-post-thumbnail","hentry"],"_links":{"self":[{"href":"https:\/\/211md.org\/de\/wp-json\/wp\/v2\/pages\/922","targetHints":{"allow":["GET"]}}],"collection":[{"href":"https:\/\/211md.org\/de\/wp-json\/wp\/v2\/pages"}],"about":[{"href":"https:\/\/211md.org\/de\/wp-json\/wp\/v2\/types\/page"}],"author":[{"embeddable":true,"href":"https:\/\/211md.org\/de\/wp-json\/wp\/v2\/users\/8"}],"replies":[{"embeddable":true,"href":"https:\/\/211md.org\/de\/wp-json\/wp\/v2\/comments?post=922"}],"version-history":[{"count":8,"href":"https:\/\/211md.org\/de\/wp-json\/wp\/v2\/pages\/922\/revisions"}],"predecessor-version":[{"id":33743,"href":"https:\/\/211md.org\/de\/wp-json\/wp\/v2\/pages\/922\/revisions\/33743"}],"up":[{"embeddable":true,"href":"https:\/\/211md.org\/de\/wp-json\/wp\/v2\/pages\/930"}],"wp:featuredmedia":[{"embeddable":true,"href":"https:\/\/211md.org\/de\/wp-json\/wp\/v2\/media\/2004"}],"wp:attachment":[{"href":"https:\/\/211md.org\/de\/wp-json\/wp\/v2\/media?parent=922"}],"curies":[{"name":"wp","href":"https:\/\/api.w.org\/{rel}","templated":true}]}}