{"id":924,"date":"2021-04-15T14:57:44","date_gmt":"2021-04-15T14:57:44","guid":{"rendered":"https:\/\/211md.org\/?page_id=924"},"modified":"2025-12-01T12:34:01","modified_gmt":"2025-12-01T17:34:01","slug":"arbeitssuche","status":"publish","type":"page","link":"https:\/\/211md.org\/de\/resources\/employment-search\/","title":{"rendered":"Kostenlose Karriere- und Besch\u00e4ftigungshilfe in Maryland"},"content":{"rendered":"<img decoding=\"async\" src=\"https:\/\/stg-maryland211-staging.kinsta.cloud\/wp-content\/uploads\/2025\/08\/5-1-scaled.png\" alt=\"5\" itemprop=\"image\" height=\"692\" width=\"2560\" title=\"5\" onerror=\"this.style.display='none'\" loading=\"lazy\" \/>\n\t\t<h1><a href=\"#start\" target=\"_self\">Standard-Seiten\u00fcberschrift<\/a><\/h1><p>Arbeitssuchende in Maryland k\u00f6nnen von zwei Organisationen kostenlose Hilfe bei der Arbeitssuche und Berufsausbildung erhalten:<\/p>\n<ul>\n<li>Amerikanische Jobcenter \u2013 physische Standorte<\/li>\n<li>Maryland Workforce Exchange (MWE) \u2013 nur online<\/li>\n<\/ul>\n<p>Informieren Sie sich dar\u00fcber, wie Ihnen die einzelnen kostenlosen Arbeitsvermittlungsprogramme helfen k\u00f6nnen, und nehmen Sie dann Kontakt auf.<\/p>\n\t\t\t<a href=\"#start\" target=\"_self\">\n\t\t\t\t\t\tErste Schritte\n\t\t\t\t\t<\/a>\n\t\t\t\t<img decoding=\"async\" src=\"https:\/\/211md.org\/wp-content\/plugins\/bb-plugin\/img\/pixel.png\" alt=\"\" itemprop=\"image\" onerror=\"this.style.display='none'\" loading=\"lazy\" \/>\n\t\t\t\t<img decoding=\"async\" src=\"https:\/\/stg-maryland211-staging.kinsta.cloud\/wp-content\/uploads\/2025\/08\/16.png\" alt=\"16\" itemprop=\"image\" height=\"1000\" width=\"1000\" title=\"16\" onerror=\"this.style.display='none'\" loading=\"lazy\" \/>\n\t\t\t\t<img decoding=\"async\" src=\"https:\/\/211md.org\/wp-content\/uploads\/2021\/04\/man-stocking-warehouse_249164311.jpg\" alt=\"Mitarbeiter im Baumarkt stempeln Kartons\" itemprop=\"image\" height=\"400\" width=\"600\" title=\"Mann Lagerware_249164311\" onerror=\"this.style.display='none'\" loading=\"lazy\" \/>\n\t\t<h3>Amerikanische Jobcenter<\/h3>\n\t\t<p>Arbeitssuchende k\u00f6nnen bei den American Job Centers Unterst\u00fctzung bei der Arbeitssuche erhalten. Es gibt Dutzende von Standorten in ganz Maryland.<\/p>\n<p>Sie k\u00f6nnen Hilfe bekommen bei:<\/p>\n<ul>\n<li>Berufsberatung<\/li>\n<li>Arbeitsbereitschaft<\/li>\n<li>Besch\u00e4ftigung f\u00fchrt<\/li>\n<li>Lebenslauf erstellen<\/li>\n<li>Anschreiben<\/li>\n<li>Netzwerkunterst\u00fctzung<\/li>\n<\/ul>\n<p>Sie k\u00f6nnen auf Computer, Drucker, Fotokopierer, Faxger\u00e4te, Telefone und das Internet zugreifen, um Ihre Jobsuche zu verbessern.<\/p>\n<p>Die Zentren k\u00f6nnen nicht nur Einzelpersonen bei der Stellensuche helfen, sondern auch Unternehmen helfen.<\/p>\n\t\t\t<a href=\"https:\/\/search.211md.org\/search?query=American+Job+Center&#038;query_label=American+Job+Center&#038;query_type=text\" target=\"_blank\" rel=\"noopener\">\n\t\t\t\t\t\t\tFinden Sie ein Jobcenter\n\t\t\t<\/a>\n\t<h3>Maryland Workforce Exchange<\/h3>\n<p>Wenn Sie empfangen <a href=\"https:\/\/211md.org\/de\/ressourcen\/arbeitssuche\/arbeitslosengeld\/\">Leistungen der Arbeitslosenversicherung<\/a>M\u00f6glicherweise sind Sie auch mit der Maryland Workforce Exchange (MWE) vertraut, da m\u00f6glicherweise jede Woche MWE-Schritte abgeschlossen werden m\u00fcssen, um Arbeitslosengeld zu erhalten.<\/p>\n<p>Trotz der Anbindung an das Arbeitslosengeld k\u00f6nnen Einzelpersonen die Leistungen des MWE auch dann in Anspruch nehmen, wenn sie keine Leistungen beziehen.<\/p>\n<p>MWE erm\u00f6glicht Arbeitssuchenden:<\/p>\n<ul>\n<li>Stellensuche \u2013 zentrale Datenbank f\u00fcr MD-Stellenangebote<\/li>\n<li>Erstellen Sie einen Lebenslauf<\/li>\n<li>Bildung und Ausbildung erhalten<\/li>\n<\/ul>\n<p>Das Self-Service-Portal verf\u00fcgt auch \u00fcber eine App. Suchen Sie im Apple iTunes Store oder bei Google Play nach MWEJOBS.<\/p>\n\t\t\t<a href=\"https:\/\/mwejobs.maryland.gov\/vosnet\/Default.aspx\" target=\"_blank\" rel=\"noopener\">\n\t\t\t\t\t\tGehen Sie zum Maryland Workforce Exchange\n\t\t\t\t\t<\/a>\n\t\t\t\t<img decoding=\"async\" src=\"https:\/\/stg-maryland211-staging.kinsta.cloud\/wp-content\/uploads\/2025\/08\/2025_MdInfoNet_Icon-Sets-white_Locate.png\" alt=\"\" itemprop=\"image\" onerror=\"this.style.display='none'\" loading=\"lazy\" \/>\n<h2>Beliebte Stellensuchen<\/h2><p>Finden Sie mithilfe dieser beliebten Jobsuchmaschinen ein Berufsausbildungsprogramm in Ihrer N\u00e4he.<\/p>\n\t\t\t<a href=\"https:\/\/search.211md.org\/search?query=ND-2000.6500-360&#038;query_type=taxonomy&#038;query_label=\" target=\"_blank\" rel=\"noopener\">\n\t\t\t\t\t\t\tBerufsbereitschaft\n\t\t\t\t\t<\/a>\n\t\t\t<a href=\"https:\/\/search.211md.org\/search?query=Job%20Search%20Placement&#038;query_type=text\" target=\"_blank\" rel=\"noopener\">\n\t\t\t\t\t\t\tJobsuche &amp; -vermittlung\n\t\t\t\t\t<\/a>\n\t\t\t<a href=\"https:\/\/search.211md.org\/search?query=ND-2000.3500&#038;query_type=taxonomy&#038;query_label=\" target=\"_blank\" rel=\"noopener\">\n\t\t\t\t\t\t\tArbeitstraining\n\t\t\t\t\t<\/a>\n\t\t\t<a href=\"https:\/\/search.211md.org\/search?query=Career%20Counseling&#038;query_type=text\" target=\"_blank\" rel=\"noopener\">\n\t\t\t\t\t\t\tBerufsberatung\n\t\t\t\t\t<\/a>\n\t\t\t<a href=\"https:\/\/search.211md.org\/search?query=Computer%20Training&#038;query_type=text\" target=\"_blank\" rel=\"noopener\">\n\t\t\t\t\t\t\tComputer Training\n\t\t\t\t\t<\/a>\n\t\t\t<a href=\"https:\/\/search.211md.org\/search?query=Vocational%20Assessment&#038;query_type=text\" target=\"_blank\" rel=\"noopener\">\n\t\t\t\t\t\t\tBerufseinsch\u00e4tzung\n\t\t\t\t\t<\/a>\n\t\t\t\t<img decoding=\"async\" src=\"https:\/\/211md.org\/wp-content\/uploads\/2021\/05\/Test-scaled.jpg\" alt=\"Testen Sie Scantron-Blatt und Bleistift\" itemprop=\"image\" height=\"1591\" width=\"2560\" title=\"Multiple, Choice, Ged, Test, Text,, With, Pencil\" onerror=\"this.style.display='none'\" loading=\"lazy\" \/>\n\t<h3><b>Erwachsenenbildung und GED\u00ae-Unterst\u00fctzung<\/b><\/h3>\n<p>Wenn Sie keinen Highschool-Abschluss haben und einen erwerben m\u00f6chten, k\u00f6nnen Ihnen mehrere lokale Organisationen im Rahmen von Erwachsenenbildungs- und Alphabetisierungsprogrammen bei der Pr\u00fcfungsvorbereitung helfen.<\/p>\n<ul>\n<li aria-level=\"1\"><a href=\"https:\/\/search.211md.org\/search?query=GED%20Instruction&amp;query_type=text\" target=\"_blank\" rel=\"noopener\">GED\u00ae Anleitung<\/a><\/li>\n<li aria-level=\"1\"><a href=\"https:\/\/search.211md.org\/search?query=HH-0500.8000-150&amp;query_type=taxonomy&amp;query_label=\" target=\"_blank\" rel=\"noopener\">Englisch als Zweitsprache<\/a><\/li>\n<li aria-level=\"1\"><a href=\"https:\/\/search.211md.org\/search?query=HH-4500&amp;query_type=taxonomy&amp;query_label=\" target=\"_blank\" rel=\"noopener\">Alphabetisierungsprogramme<\/a><\/li>\n<\/ul>\n<p>Zum Testen\u00a0<a href=\"https:\/\/ged.com\/policies\/maryland\/\" target=\"_blank\" rel=\"noopener\">GED\u00ae Pr\u00fcfservice<\/a> ist der einzige autorisierte Anbieter in Maryland.<\/p>\n\t<h2>Weiterlesen<\/h2>\n<p>211 bietet au\u00dferdem Leitf\u00e4den f\u00fcr arbeitssuchende Veteranen, Einwanderer und inhaftierte oder ehemalige H\u00e4ftlinge, die wieder ins Berufsleben einsteigen m\u00f6chten.<\/p>\n\t\t\t\t<img decoding=\"async\" src=\"https:\/\/211md.org\/wp-content\/plugins\/bb-plugin\/img\/pixel.png\" alt=\"\" itemprop=\"image\" onerror=\"this.style.display='none'\" loading=\"lazy\" \/>\n\t\t\t\t<img decoding=\"async\" src=\"https:\/\/211md.org\/wp-content\/uploads\/bb-plugin\/cache\/Call-center-specialst-circle-4e9ecd7b3425be4576416abc911049bb-.jpg\" alt=\"Callcenter-Spezialist\" itemprop=\"image\" title=\"Callcenter-Spezialist\" onerror=\"this.style.display='none'\" loading=\"lazy\" \/>\n<h2>W\u00e4hlen Sie 211<\/h2><p>Sprechen Sie rund um die Uhr mit einer f\u00fcrsorglichen und mitf\u00fchlenden Person. Sie kann Sie auch mit Ressourcen verbinden.\u00a0<\/p>\n\t\t\t<a href=\"tel:%20+211\" target=\"_blank\" rel=\"noopener\">\n\t\t\t\t\t\tW\u00e4hlen Sie 211 (mobil)\n\t\t\t\t\t<\/a>\n\t<h2>Arbeitslosengeld<\/h2>\n<p>Diese Leistungen ersetzen f\u00fcr einen begrenzten Zeitraum einen Teil des Einkommens eines Arbeitnehmers, der seinen Arbeitsplatz unverschuldet verloren hat.<\/p>\n<p><a href=\"\/de\/ressourcen\/arbeitssuche\/arbeitslosengeld\/\" rel=\"noopener\">Lernen Sie die Schritte zum Einreichen eines Anspruchs kennen<\/a> und die w\u00f6chentliche Anspruchsbescheinigung, um das Arbeitslosengeld aufrecht zu erhalten.<\/p>\n<h3>Krankenversicherung w\u00e4hrend der Jobsuche<\/h3>\n<p>Wenn die Krankenversicherung aufgrund der Arbeitsstelle verloren geht, haben die Betroffenen m\u00f6glicherweise Anspruch auf:<\/p>\n<ul>\n<li>Medicaid<\/li>\n<li>COBRA \u00fcber ihren ehemaligen Arbeitgeber<\/li>\n<li>Versicherung durch <a href=\"https:\/\/www.marylandhealthconnection.gov\/lost-your-job-you-can-get-health-coverage\/\" target=\"_blank\" rel=\"noopener\">Maryland-Gesundheitsverbindung<\/a><\/li>\n<\/ul>\n<p>Normalerweise stehen diese Leistungen innerhalb von 60 Tagen nach dem Verlust des Arbeitsplatzes zur Verf\u00fcgung.<\/p>\n<h3><b>Arbeiter Entsch\u00e4digung\u00a0<\/b><\/h3>\n<p>Diese Versicherung deckt die medizinische Versorgung ab, wenn der Antrag auf Entsch\u00e4digung anerkannt wird. Der Arbeitnehmer kann auch eine Entsch\u00e4digung erhalten, um den Lohnausfall teilweise auszugleichen.<\/p>\n<p>Die Berufsgenossenschaft deckt nicht alle Verletzungen ab.<\/p>\n<p>Es deckt in der Regel Verletzungen ab, die verursacht werden durch<\/p>\n<blockquote><p>\u201eUnfallbedingte Personensch\u00e4den, die sich aus der Besch\u00e4ftigung ergeben und im Rahmen der Besch\u00e4ftigung auftreten.\u201c<\/p><\/blockquote>\n<p>Arbeitnehmer m\u00fcssen den Unfall und die Verletzung ihrem Arbeitgeber melden. <a href=\"https:\/\/www.wcc.state.md.us\/Gen_Info\/Claim_Instr.html\" target=\"_blank\" rel=\"noopener\">Besorgen Sie sich ein Antragsformular f\u00fcr Arbeitnehmerentsch\u00e4digung<\/a>\u00a0oder\u00a0<a href=\"https:\/\/www.wcc.state.md.us\/WFMS\/C1_WebForms.html\" target=\"_blank\" rel=\"noopener\">Formular C-1 online einreichen<\/a>.<\/p>\n<p><a href=\"https:\/\/www.wcc.state.md.us\/Gen_Info\/WCC_Benefits.html#filing_a_claim\" target=\"_blank\" rel=\"noopener\">Erfahren Sie mehr<\/a> Informationen zu den Arten von Anspr\u00fcchen, die Sie einreichen k\u00f6nnen, zum Verfahren und zur Kontaktaufnahme mit der Workers&#039; Compensation Commission von Maryland.<\/p>\n<p>Sie k\u00f6nnen auch Antworten erhalten\u00a0<a href=\"https:\/\/www.wcc.state.md.us\/Gen_Info\/WCC_FAQ.html\" target=\"_blank\" rel=\"noopener\">H\u00e4ufig gestellte Fragen<\/a>\u00a0(H\u00e4ufig gestellte Fragen).<\/p>\n<p>&nbsp;<\/p>\n<h2>\n\t\t\tWeiterlesen\t<\/h2>\n\t\t<h4><a href=\"\/de\/ressourcen\/alterungsbehinderung\/?utm_source=Home&#038;utm_medium=Referral&#038;utm_campaign=211Resources&#038;utm_content=Aging\" target=\"_self\">Alter &amp; Behinderung<\/a><\/h4>\n\t\t\t\t<a href=\"\/de\/ressourcen\/alterungsbehinderung\/?utm_source=Home&#038;utm_medium=Referral&#038;utm_campaign=211Resources&#038;utm_content=Aging\"  target=\"_self\" itemprop=\"url\">\n\t\t\t\t<img decoding=\"async\" src=\"https:\/\/211md.org\/wp-content\/uploads\/bb-plugin\/cache\/2025_MdInfoNet_Icon-Sets_Aging-disability-square-c466727102cae71e5f27b8539bb51945-.png\" alt=\"\" itemprop=\"image\" onerror=\"this.style.display='none'\" loading=\"lazy\" \/>\n\t\t\t\t<\/a>\n\t\t<h4><a href=\"\/de\/ressourcen\/kinder-familien\/?utm_source=Home&#038;utm_medium=Referral&#038;utm_campaign=211Resources&#038;utm_content=Children\" target=\"_self\">Kinder &amp; Familien<\/a><\/h4>\n\t\t\t\t<a href=\"\/de\/ressourcen\/kinder-familien\/?utm_source=Home&#038;utm_medium=Referral&#038;utm_campaign=211Resources&#038;utm_content=Children\"  target=\"_self\" itemprop=\"url\">\n\t\t\t\t<img decoding=\"async\" src=\"https:\/\/211md.org\/wp-content\/uploads\/bb-plugin\/cache\/2025_211_Icon-Sets_Child-care-square-f3b0d4edab3dcc467fadb5f55f4064c6-.png\" alt=\"parent and child icon for child care\" itemprop=\"image\" height=\"417\" width=\"417\" title=\"2025_211_Icon Sets_Kinderbetreuung\" onerror=\"this.style.display='none'\" loading=\"lazy\" \/>\n\t\t\t\t<\/a>\n\t\t<h4><a href=\"\/de\/ressourcen\/hausliche-familiare-gewalt\/?utm_source=Home&#038;utm_medium=Referral&#038;utm_campaign=211Resources&#038;utm_content=Domestic\" target=\"_self\">H\u00e4usliche Gewalt<\/a><\/h4>\n\t\t\t\t<a href=\"\/de\/ressourcen\/hausliche-familiare-gewalt\/?utm_source=Home&#038;utm_medium=Referral&#038;utm_campaign=211Resources&#038;utm_content=Domestic\"  target=\"_self\" itemprop=\"url\">\n\t\t\t\t<img decoding=\"async\" src=\"https:\/\/211md.org\/wp-content\/uploads\/bb-plugin\/cache\/2025_211_Icon-Sets_Domestic-Violence-square-7b597694a6f05fe90cdc376aa573bc63-.png\" alt=\"Symbol f\u00fcr h\u00e4usliche Gewalt\" itemprop=\"image\" height=\"417\" width=\"417\" title=\"2025_211_Icon Sets_H\u00e4usliche Gewalt\" onerror=\"this.style.display='none'\" loading=\"lazy\" \/>\n\t\t\t\t<\/a>\n\t\t<h4><a href=\"\/de\/ressourcen\/arbeitssuche\/?utm_source=Home&#038;utm_medium=Referral&#038;utm_campaign=211Resources&#038;utm_content=Employment\" target=\"_self\">Besch\u00e4ftigung<\/a><\/h4>\n\t\t\t\t<a href=\"\/de\/ressourcen\/arbeitssuche\/?utm_source=Home&#038;utm_medium=Referral&#038;utm_campaign=211Resources&#038;utm_content=Employment\"  target=\"_self\" itemprop=\"url\">\n\t\t\t\t<img decoding=\"async\" src=\"https:\/\/211md.org\/wp-content\/uploads\/bb-plugin\/cache\/2025_MdInfoNet_Icon-Sets_Employment-square-44707bd410e4df10a470bf130ebcea86-.png\" alt=\"\" itemprop=\"image\" onerror=\"this.style.display='none'\" loading=\"lazy\" \/>\n\t\t\t\t<\/a>\n\t\t<h4><a href=\"\/de\/ressourcen\/gesundheitswesen\/?utm_source=Home&#038;utm_medium=Referral&#038;utm_campaign=211Resources&#038;utm_content=Health%20Care\" target=\"_self\">Gesundheitsvorsorge<\/a><\/h4>\n\t\t\t\t<a href=\"\/de\/ressourcen\/gesundheitswesen\/?utm_source=Home&#038;utm_medium=Referral&#038;utm_campaign=211Resources&#038;utm_content=Health%20Care\"  target=\"_self\" itemprop=\"url\">\n\t\t\t\t<img decoding=\"async\" src=\"https:\/\/211md.org\/wp-content\/uploads\/bb-plugin\/cache\/2025_MdInfoNet_Icon-Sets_Health-Care-square-dee98a0060cbe0e7f27eda253fc12679-.png\" alt=\"\" itemprop=\"image\" onerror=\"this.style.display='none'\" loading=\"lazy\" \/>\n\t\t\t\t<\/a>\n\t\t<h4><a href=\"\/de\/ressourcen\/kinder-familien\/verwandtschaftspflege\/?utm_source=Home&#038;utm_medium=Referral&#038;utm_campaign=211Resources&#038;utm_content=Kinship\" target=\"_self\">Verwandtschaft<\/a><\/h4>\n\t\t\t\t<a href=\"\/de\/ressourcen\/kinder-familien\/verwandtschaftspflege\/?utm_source=Home&#038;utm_medium=Referral&#038;utm_campaign=211Resources&#038;utm_content=Kinship\"  target=\"_self\" itemprop=\"url\">\n\t\t\t\t<img decoding=\"async\" src=\"https:\/\/211md.org\/wp-content\/uploads\/bb-plugin\/cache\/2025_211_Icon-Sets_Kinship-square-45bdf872866f5735f842c32071109267-.png\" alt=\"Verwandtschaftssymbol\" itemprop=\"image\" height=\"417\" width=\"417\" title=\"2025_211_Icon Sets_Verwandtschaft\" onerror=\"this.style.display='none'\" loading=\"lazy\" \/>\n\t\t\t\t<\/a>\n\t\t<h4><a href=\"\/de\/ressourcen\/rechtsberatung\/?utm_source=Home&#038;utm_medium=Referral&#038;utm_campaign=211Resources&#038;utm_content=Legal\" target=\"_self\">Rechtsberatung<\/a><\/h4>\n\t\t\t\t<a href=\"\/de\/ressourcen\/rechtsberatung\/?utm_source=Home&#038;utm_medium=Referral&#038;utm_campaign=211Resources&#038;utm_content=Legal\"  target=\"_self\" itemprop=\"url\">\n\t\t\t\t<img decoding=\"async\" src=\"https:\/\/211md.org\/wp-content\/uploads\/bb-plugin\/cache\/2025_MdInfoNet_Icon-Sets_Legal-square-18fdf438feb8435588174d9046463257-.png\" alt=\"\" itemprop=\"image\" onerror=\"this.style.display='none'\" loading=\"lazy\" \/>\n\t\t\t\t<\/a>\n\t\t<h4><a href=\"\/de\/ressourcen\/psychische-gesundheit\/?utm_source=Home&#038;utm_medium=Referral&#038;utm_campaign=211Resources&#038;utm_content=Mental\" target=\"_self\">Psychische Gesundheit<\/a><\/h4>\n\t\t\t\t<a href=\"\/de\/ressourcen\/psychische-gesundheit\/?utm_source=Home&#038;utm_medium=Referral&#038;utm_campaign=211Resources&#038;utm_content=Mental\"  target=\"_self\" itemprop=\"url\">\n\t\t\t\t<img decoding=\"async\" src=\"https:\/\/211md.org\/wp-content\/uploads\/bb-plugin\/cache\/2025_MdInfoNet_Icon-Sets_Mental-Health-square-c59b38c4a993a947d4c9280fbe2d2fee-.png\" alt=\"\" itemprop=\"image\" onerror=\"this.style.display='none'\" loading=\"lazy\" \/>\n\t\t\t\t<\/a>\n\t\t<h4><a href=\"\/de\/ressourcen\/mdreentry\/?utm_source=Home&#038;utm_medium=Referral&#038;utm_campaign=211Resources&#038;utm_content=Reentry\" target=\"_self\">Wiedereintritt<\/a><\/h4>\n\t\t\t\t<a href=\"\/de\/ressourcen\/mdreentry\/?utm_source=Home&#038;utm_medium=Referral&#038;utm_campaign=211Resources&#038;utm_content=Reentry\"  target=\"_self\" itemprop=\"url\">\n\t\t\t\t<img decoding=\"async\" src=\"https:\/\/211md.org\/wp-content\/uploads\/bb-plugin\/cache\/2025_211_Icon-Sets_Reentry-square-8676fea38abd920a832f45642fe31cca-.png\" alt=\"Symbol \u201eWiedereintritt\u201c\" itemprop=\"image\" height=\"417\" width=\"417\" title=\"2025_211_Icon Sets_Wiedereintritt\" onerror=\"this.style.display='none'\" loading=\"lazy\" \/>\n\t\t\t\t<\/a>\n\t\t<h4><a href=\"\/de\/ressourcen\/substanzgebrauch\/?utm_source=Home&#038;utm_medium=Referral&#038;utm_campaign=211Resources&#038;utm_content=Substance\" target=\"_self\">Substanzgebrauch<\/a><\/h4>\n\t\t\t\t<a href=\"\/de\/ressourcen\/substanzgebrauch\/?utm_source=Home&#038;utm_medium=Referral&#038;utm_campaign=211Resources&#038;utm_content=Substance\"  target=\"_self\" itemprop=\"url\">\n\t\t\t\t<img decoding=\"async\" src=\"https:\/\/211md.org\/wp-content\/uploads\/bb-plugin\/cache\/2025_MdInfoNet_Icon-Sets_Substance-Abuse-square-9022fec9d18a64118ad685c101885b55-.png\" alt=\"\" itemprop=\"image\" onerror=\"this.style.display='none'\" loading=\"lazy\" \/>\n\t\t\t\t<\/a>\n\t\t<h4><a href=\"\/de\/ressourcen\/veteranen\/?utm_source=Home&#038;utm_medium=Referral&#038;utm_campaign=211Resources&#038;utm_content=Veterans\" target=\"_self\">Veteranen<\/a><\/h4>\n\t\t\t\t<a href=\"\/de\/ressourcen\/veteranen\/?utm_source=Home&#038;utm_medium=Referral&#038;utm_campaign=211Resources&#038;utm_content=Veterans\"  target=\"_self\" itemprop=\"url\">\n\t\t\t\t<img decoding=\"async\" src=\"https:\/\/211md.org\/wp-content\/uploads\/bb-plugin\/cache\/2025_MdInfoNet_Icon-Sets_Rating-square-6e60d00cce4faa8e0a6d4ad7366aa733-.png\" alt=\"\" itemprop=\"image\" onerror=\"this.style.display='none'\" loading=\"lazy\" \/>\n\t\t\t\t<\/a>","protected":false},"excerpt":{"rendered":"<p>Standard\u00fcberschrift der Seite Arbeitssuchende in Maryland k\u00f6nnen von zwei Organisationen kostenlose Hilfe bei der Arbeitssuche und Berufsausbildung erhalten: American Job Centers \u2013 physische Standorte Maryland Workforce Exchange (MWE) \u2013 nur online Informieren Sie sich \u00fcber die einzelnen kostenlosen Arbeitsvermittlungsprogramme und nehmen Sie dann Kontakt auf. Erste Schritte American Job Centers Arbeitssuchende k\u00f6nnen\u2026<\/p>","protected":false},"author":8,"featured_media":1817,"parent":930,"menu_order":0,"comment_status":"closed","ping_status":"closed","template":"","meta":{"footnotes":""},"class_list":["post-924","page","type-page","status-publish","has-post-thumbnail","hentry"],"_links":{"self":[{"href":"https:\/\/211md.org\/de\/wp-json\/wp\/v2\/pages\/924","targetHints":{"allow":["GET"]}}],"collection":[{"href":"https:\/\/211md.org\/de\/wp-json\/wp\/v2\/pages"}],"about":[{"href":"https:\/\/211md.org\/de\/wp-json\/wp\/v2\/types\/page"}],"author":[{"embeddable":true,"href":"https:\/\/211md.org\/de\/wp-json\/wp\/v2\/users\/8"}],"replies":[{"embeddable":true,"href":"https:\/\/211md.org\/de\/wp-json\/wp\/v2\/comments?post=924"}],"version-history":[{"count":9,"href":"https:\/\/211md.org\/de\/wp-json\/wp\/v2\/pages\/924\/revisions"}],"predecessor-version":[{"id":34146,"href":"https:\/\/211md.org\/de\/wp-json\/wp\/v2\/pages\/924\/revisions\/34146"}],"up":[{"embeddable":true,"href":"https:\/\/211md.org\/de\/wp-json\/wp\/v2\/pages\/930"}],"wp:featuredmedia":[{"embeddable":true,"href":"https:\/\/211md.org\/de\/wp-json\/wp\/v2\/media\/1817"}],"wp:attachment":[{"href":"https:\/\/211md.org\/de\/wp-json\/wp\/v2\/media?parent=924"}],"curies":[{"name":"wp","href":"https:\/\/api.w.org\/{rel}","templated":true}]}}