{"id":926,"date":"2021-04-15T16:08:30","date_gmt":"2021-04-15T16:08:30","guid":{"rendered":"https:\/\/211md.org\/?page_id=926"},"modified":"2026-02-03T17:01:53","modified_gmt":"2026-02-03T22:01:53","slug":"gehause-unterkunft","status":"publish","type":"page","link":"https:\/\/211md.org\/de\/resources\/housing-shelter\/","title":{"rendered":"Finden Sie eine Notunterkunft, Unterst\u00fctzung f\u00fcr Obdachlose und erhalten Sie Hilfe bei der Wohnungssuche"},"content":{"rendered":"<figure data-animation-delay=\"0\" data-animation-duration=\"1\" itemscope itemtype=\"https:\/\/schema.org\/ImageObject\">\n\t\t\t\t<img decoding=\"async\" src=\"https:\/\/stg-maryland211-staging.kinsta.cloud\/wp-content\/uploads\/2025\/08\/5-1-scaled.png\" alt=\"5\" height=\"692\" width=\"2560\" title=\"5\" onerror=\"this.style.display='none'\" loading=\"lazy\" \/>\n\t<\/figure>\n\t\t<p>There are many housing programs in Maryland communities that reduce the cost of rent, cover security deposits, prevent eviction, and provide emergency shelter.\u00a0<\/p>\n<p>Search the 211 Community Resource Database for low-income housing programs, which offer housing vouchers to eligible families, covering a portion of the rent each month. Local housing agencies run these programs. <\/p>\n<p>Or keep reading for other housing needs, including homelessness.<\/p>\n\t\t\t<a href=\"https:\/\/search.211md.org\/search?query=BH-7000.4600&#038;query_type=taxonomy&#038;query_label=&#038;utm_source=Housing%20&#038;utm_medium=Referral&#038;utm_campaign=AffordableSubsidized&#038;utm_content=&#038;utm_source=211&#038;utm_medium=Referral&#038;utm_campaign=Housing&#038;utm_content=subsidized\"  target=\"_blank\" rel=\"noopener\">\n\t\t\t\t\t\tSearch for subsidized housing\n\t\t\t\t\t<\/a>\n<figure data-animation-delay=\"0\" data-animation-duration=\"1\" itemscope itemtype=\"https:\/\/schema.org\/ImageObject\">\n\t\t\t\t<a href=\"https:\/\/search.211md.org\/search?query=BH-7000.4600&#038;query_type=taxonomy&#038;query_label=&#038;utm_source=Housing%20&#038;utm_medium=Referral&#038;utm_campaign=AffordableSubsidized&#038;utm_content=&#038;utm_source=211&#038;utm_medium=Referral&#038;utm_campaign=Housing&#038;utm_content=subsidized\"  target=\"_blank\" rel=\"noopener\"  itemprop=\"url\">\n\t\t\t\t<img decoding=\"async\" src=\"https:\/\/211md.org\/wp-content\/plugins\/bb-plugin\/img\/pixel.png\" alt=\"\" onerror=\"this.style.display='none'\" loading=\"lazy\" \/>\n\t\t\t\t<\/a>\n\t<\/figure>\n<figure data-animation-delay=\"0\" data-animation-duration=\"1.3\" itemscope itemtype=\"https:\/\/schema.org\/ImageObject\">\n\t\t\t\t<img decoding=\"async\" src=\"https:\/\/stg-maryland211-staging.kinsta.cloud\/wp-content\/uploads\/2025\/08\/16.png\" alt=\"16\" height=\"1000\" width=\"1000\" title=\"16\" onerror=\"this.style.display='none'\" loading=\"lazy\" \/>\n\t<\/figure>\n<figure data-animation-delay=\"0\" data-animation-duration=\"1\" itemscope itemtype=\"https:\/\/schema.org\/ImageObject\">\n\t\t\t\t<img decoding=\"async\" src=\"http:\/\/211md.org\/wp-content\/uploads\/2025\/09\/Homeless-Shelter-Beds.jpg\" alt=\"man lying on bed at homeless shelter\" title=\"Betten in Obdachlosenunterk\u00fcnften\" onerror=\"this.style.display='none'\" loading=\"lazy\" \/>\n\t<\/figure>\n\t<h2>Find A Homeless Shelter<\/h2>\n<p>If you or someone you know is experiencing homelessness or you have nowhere to go, a homeless shelter can provide a place to sleep. Motel vouchers are also an option, if needed.<\/p>\n<p>Support services may also be available to help you obtain other benefits at the shelter.<\/p>\n<p>The Coordinated Entry Programs below streamline the process for those needing homeless services, ensuring there is no wrong door to access help.<\/p>\n<p>Diese allgemeinen Suchvorg\u00e4nge in der 211 Community Resource Database helfen Ihnen dabei, eine Verbindung zu lokalen Ressourcen herzustellen.<\/p>\n\t\t\t<a href=\"https:\/\/search.211md.org\/search?query=BH-1800.3500&#038;query_type=taxonomy&#038;query_label=&#038;utm_source=211&#038;utm_medium=Referral&#038;utm_campaign=Housing&#038;utm_content=Drop%20In\"  target=\"_blank\" rel=\"noopener\">\n\t\t\t\t\t\tAnlaufstellen f\u00fcr Obdachlose\n\t\t\t\t\t<\/a>\n\t\t\t<a href=\"https:\/\/search.211md.org\/search?query=BH-1800.5000&#038;query_label=Homeless+Motel+Vouchers&#038;query_type=taxonomy&#038;utm_source=211&#038;utm_medium=Referral&#038;utm_campaign=Housing&#038;utm_content=Motel%20Vouchers\"  target=\"_blank\" rel=\"noopener\">\n\t\t\t\t\t\tObdachlose Motel-Gutscheine\n\t\t\t\t\t<\/a>\n\t\t\t<a href=\"https:\/\/search.211md.org\/search?query=BH-0500.3200-310&#038;query_type=taxonomy&#038;query_label=&#038;utm_source=211&#038;utm_medium=Referral&#038;utm_campaign=Housing&#038;utm_content=Coordinated%20Entry\"  target=\"_blank\" rel=\"noopener\">\n\t\t\t\t\t\tKoordinierte Einreiseagentur f\u00fcr Obdachlose\n\t\t\t\t\t<\/a>\n\t\t\t<a href=\"https:\/\/search.211md.org\/search?query=YV-3000&#038;query_label=Homeless+People&#038;query_type=taxonomy&#038;utm_source=211&#038;utm_medium=Referral&#038;utm_campaign=Housing&#038;utm_content=Homeless%20Resources\"  target=\"_blank\" rel=\"noopener\">\n\t\t\t\t\t\tRessourcen f\u00fcr Obdachlose \n\t\t\t\t\t<\/a>\n\t\t\t<a href=\"https:\/\/search.211md.org\/search?query=BH-8600&#038;query_type=taxonomy&#038;query_label=&#038;utm_source=211&#038;utm_medium=Referral&#038;utm_campaign=Housing&#038;utm_content=Transitional\"  target=\"_blank\" rel=\"noopener\">\n\t\t\t\t\t\t\u00dcbergangsunterkunft\/Unterkunft\n\t\t\t\t\t<\/a>\n\t<h2>Notunterk\u00fcnfte<\/h2>\n<p>If you are experiencing domestic violence, a weather emergency like extreme heat or cold, or need an emergency shelter, connect with help by choosing the resource you need.<\/p>\n\t\t\t<a href=\"https:\/\/search.211md.org\/search?query=BH-1800.8500-150&#038;query_type=taxonomy&#038;query_label=&#038;utm_source=211&#038;utm_medium=Referral&#038;utm_campaign=Housing&#038;utm_content=Emergency%20Shelter\"  target=\"_blank\" rel=\"noopener\">\n\t\t\t\t\t\tNotunterk\u00fcnfte\n\t\t\t\t\t<\/a>\n\t\t\t<a href=\"https:\/\/search.211md.org\/search?query=BH-1800.1500-100&#038;query_type=taxonomy&#038;query_label=&#038;utm_source=211&#038;utm_medium=Referral&#038;utm_campaign=Housing&#038;utm_content=Domestic%20Shelter\"  target=\"_blank\" rel=\"noopener\">\n\t\t\t\t\t\tSchutzr\u00e4ume f\u00fcr h\u00e4usliche Gewalt\n\t\t\t\t\t<\/a>\n\t\t\t<a href=\"https:\/\/search.211md.org\/search?query=BH-1800.8500-185&#038;query_type=taxonomy&#038;query_label=&#038;utm_source=211&#038;utm_medium=Referral&#038;utm_campaign=Housing&#038;utm_content=Weather\"  target=\"_blank\" rel=\"noopener\">\n\t\t\t\t\t\tSchutzr\u00e4ume f\u00fcr extreme Wetterbedingungen\n\t\t\t\t\t<\/a>\n\t\t<h2>Mietunterst\u00fctzung<\/h2>\n<p>Haben Sie Probleme, die Miete zu zahlen oder ben\u00f6tigen Sie eine Kaution? Vermeiden Sie eine Zwangsr\u00e4umung mit lokalen Mietbeihilfeprogrammen.<\/p>\n<p>Durchsuchen Sie die 211 Community Resource-Datenbank. W\u00e4hlen Sie unten eine Option aus und geben Sie auf der Ergebnisseite eine Postleitzahl ein.<\/p>\n\t\t\t<a href=\"https:\/\/search.211md.org\/search?query=BH-3800.7000&#038;query_type=taxonomy&#038;query_label=&#038;&#038;utm_source=211&#038;utm_medium=Referral&#038;utm_campaign=Housing&#038;utm_content=Rental%20Payment\"  target=\"_blank\" rel=\"noopener\">\n\t\t\t\t\t\tHilfe bei der Mietzahlung finden \n\t\t\t\t\t<\/a>\n\t\t\t<a href=\"https:\/\/search.211md.org\/search?query=BH-3800.8000&#038;query_type=taxonomy&#038;query_label=&#038;utm_source=211&#038;utm_medium=Referral&#038;utm_campaign=Housing&#038;utm_content=Security%20Deposit\"  target=\"_blank\" rel=\"noopener\">\n\t\t\t\t\t\tHilfe zur Mietkaution finden \n\t\t\t\t\t<\/a>\n\t<h3>Wohnungssuche in Maryland<\/h3>\n<p>To find a specific property, get an understanding of the rent and its location, use <a href=\"https:\/\/www.mdhousingsearch.org\/index.html\" target=\"_blank\" rel=\"noopener\">Wohnungssuche in Maryland<\/a>.<\/p>\n<figure data-animation-delay=\"0\" data-animation-duration=\"1\" itemscope itemtype=\"https:\/\/schema.org\/ImageObject\">\n\t\t\t\t<img decoding=\"async\" src=\"http:\/\/211md.org\/wp-content\/uploads\/2022\/05\/City-of-Baltimore-Maryland-skyline.jpg\" alt=\"Skyline von Baltimore, Maryland\" title=\"City-of-Baltimore, Maryland-Skyline\" onerror=\"this.style.display='none'\" loading=\"lazy\" \/>\n\t<\/figure>\n\t\t<h2>Wohnungsnavigatoren in Baltimore City<\/h2>\n<p>In Baltimore City k\u00f6nnen Sie sich auch von einem Wohnungsberater helfen lassen. Diese bieten kostenlose Beratungen an.<\/p>\n<p>Der Wohnnavigator kann Ihnen helfen, eine Wohnsituation zu verstehen und L\u00f6sungen zu finden.<\/p>\n<p>Sie ermitteln kurzfristige Ressourcen und erstellen einen individuellen Wohnplan, der langfristige Wohnstabilit\u00e4t beinhaltet.<\/p>\n<p>Die Navigatoren sind \u00fcber ein Programm des Mayor&#039;s Office of Homeless Services (MOHS) in f\u00fcnf Zweigstellen der Pratt Library erh\u00e4ltlich. Finden Sie einen in Ihrer N\u00e4he.<\/p>\n\t\t\t<a href=\"https:\/\/homeless.baltimorecity.gov\/housing-navigators-community\" target=\"_blank\" rel=\"noopener\">\n\t\t\t\t\t\tFinden Sie einen Wohnungsnavigator\n\t\t\t\t\t<\/a>\n\t<p>Weitere Hilfe ist in Baltimore City verf\u00fcgbar. Lesen Sie den Leitfaden von 211 zu Hilfsprogrammen in Baltimore, um Hilfe bei anderen Bed\u00fcrfnissen zu finden, darunter Lebensmittel, Kautionen, finanzielle Hilfe und mehr.<\/p>\n\t\t\t<a href=\"\/de\/ressourcen-nach-landkreis\/baltimore-stadt\/?utm_source=211&#038;utm_medium=Referral&#038;utm_campaign=Housing&#038;utm_content=BC\"  target=\"_self\">\n\t\t\t\t\t\t211s Leitfaden zu Baltimore-Programmen\n\t\t\t\t\t<\/a>\n\t<h3><b>Hypotheken- und Zwangsvollstreckungshilfe<\/b><\/h3>\n<p>Sind Sie mit Ihren Hypothekenzahlungen im R\u00fcckstand? Es stehen Ihnen kommunale Ressourcen zur Verf\u00fcgung, um Ihr Haus vor der Zwangsvollstreckung zu retten.<\/p>\n<p>Hilfe ist auch verf\u00fcgbar, wenn dem Vermieter der von Ihnen gemieteten Wohnung eine Zwangsvollstreckung droht.<\/p>\n<h3>Community-Ressourcen finden<\/h3>\n\t\t\t<a href=\"https:\/\/search.211md.org\/search?query=BH-3800.6500&#038;query_type=taxonomy&#038;query_label=&#038;utm_source=Housing%20&#038;utm_medium=Referral&#038;utm_campaign=PropertyTax&#038;utm_content=\" target=\"_blank\" rel=\"noopener\">\n\t\t\t\t\t\tUnterst\u00fctzung bei der Grundsteuer\n\t\t\t\t\t<\/a>\n\t\t\t<a href=\"https:\/\/search.211md.org\/search?query=BH-1800.5000&#038;query_label=Homeless+Motel+Vouchers&#038;query_type=taxonomy&#038;utm_source=211&#038;utm_medium=Referral&#038;utm_campaign=Housing&#038;utm_content=Homeless%20Motel\" target=\"_blank\" rel=\"noopener\">\n\t\t\t\t\t\tObdachlose Motel-Gutscheine\n\t\t\t\t\t<\/a>\n\t\t\t<a href=\"https:\/\/search.211md.org\/search?query=DM-1800.8500&#038;query_type=taxonomy&#038;query_label=&#038;utm_source=211&#038;utm_medium=Referral&#038;utm_campaign=Housing&#038;utm_content=Tax%20Foreclosure\" target=\"_blank\" rel=\"noopener\">\n\t\t\t\t\t\tUnterst\u00fctzung bei der Steuerpf\u00e4ndung\n\t\t\t\t\t<\/a>\n\t<h3>Lernen Sie weiter<\/h3>\n<p>Der Leitfaden von 211 zum Zwangsvollstreckungsverfahren f\u00fchrt Hausbesitzer durch ihre Optionen, einschlie\u00dflich R\u00fcckzahlungspl\u00e4nen, \u00c4nderungen und mehr. Er erl\u00e4utert auch, wie ein Wohnungsberater helfen kann und wie man am schnellsten Kontakt zu einem solchen aufnimmt.<\/p>\n\t\t\t<a href=\"\/de\/ressourcen\/gehause-unterkunft\/hypotheken-zwangsvollstreckung\/?utm_source=211&#038;utm_medium=Referral&#038;utm_campaign=Housing&#038;utm_content=Foreclosure\"  target=\"_self\">\n\t\t\t\t\t\t211s Zwangsvollstreckungsleitfaden\n\t\t\t\t\t<\/a>\n\t\t<figure itemscope itemtype=\"https:\/\/schema.org\/ImageObject\">\n\t\t\t\t<a href=\"https:\/\/search.211md.org\/\" target=\"_blank\" rel=\"noopener\" itemprop=\"url\">\n\t\t\t\t<img decoding=\"async\" src=\"https:\/\/stg-maryland211-staging.kinsta.cloud\/wp-content\/uploads\/2025\/08\/2025_MdInfoNet_Icon-Sets-white_Locate.png\" alt=\"\" onerror=\"this.style.display='none'\" loading=\"lazy\" \/>\n\t\t\t\t<\/a>\n\t<\/figure>\n<h2><a href=\"https:\/\/search.211md.org\/\" target=\"_blank\" rel=\"noopener\">Finden Sie Wohnraumressourcen<\/a><\/h2><p>There are over 700 housing resources, including shelters, subsidized housing, home maintenance programs, and more. Start searching now, by typing in your need into the 211 Community Resource Database.<\/p>\n\t\t\t<a href=\"https:\/\/search.211md.org\/\" target=\"_blank\" rel=\"noopener\">\n\t\t\t\t\t\t\tJetzt suchen\n\t\t\t<\/a>\n<h2>\n\t\t\t\u00c4hnliche Informationen\t<\/h2>\n\t\t<h4><a href=\"\/de\/ressourcen\/alterungsbehinderung\/?utm_source=Home&#038;utm_medium=Referral&#038;utm_campaign=211Resources&#038;utm_content=Aging\" target=\"_self\">Alter &amp; Behinderung<\/a><\/h4><figure itemscope itemtype=\"https:\/\/schema.org\/ImageObject\">\n\t\t\t\t<a href=\"\/de\/ressourcen\/alterungsbehinderung\/?utm_source=Home&#038;utm_medium=Referral&#038;utm_campaign=211Resources&#038;utm_content=Aging\"  target=\"_self\" itemprop=\"url\">\n\t\t\t\t<img decoding=\"async\" src=\"https:\/\/211md.org\/wp-content\/uploads\/bb-plugin\/cache\/2025_MdInfoNet_Icon-Sets_Aging-disability-square-c466727102cae71e5f27b8539bb51945-.png\" alt=\"\" onerror=\"this.style.display='none'\" loading=\"lazy\" \/>\n\t\t\t\t<\/a>\n\t<\/figure>\n\t\t<h4><a href=\"\/de\/ressourcen\/kinder-familien\/?utm_source=Home&#038;utm_medium=Referral&#038;utm_campaign=211Resources&#038;utm_content=Children\" target=\"_self\">Kinder &amp; Familien<\/a><\/h4><figure itemscope itemtype=\"https:\/\/schema.org\/ImageObject\">\n\t\t\t\t<a href=\"\/de\/ressourcen\/kinder-familien\/?utm_source=Home&#038;utm_medium=Referral&#038;utm_campaign=211Resources&#038;utm_content=Children\"  target=\"_self\" itemprop=\"url\">\n\t\t\t\t<img decoding=\"async\" src=\"https:\/\/211md.org\/wp-content\/uploads\/bb-plugin\/cache\/2025_211_Icon-Sets_Child-care-square-f3b0d4edab3dcc467fadb5f55f4064c6-.png\" alt=\"parent and child icon for child care\" height=\"417\" width=\"417\" title=\"2025_211_Icon Sets_Kinderbetreuung\" onerror=\"this.style.display='none'\" loading=\"lazy\" \/>\n\t\t\t\t<\/a>\n\t<\/figure>\n\t\t<h4><a href=\"\/de\/ressourcen\/hausliche-familiare-gewalt\/?utm_source=Home&#038;utm_medium=Referral&#038;utm_campaign=211Resources&#038;utm_content=Domestic\" target=\"_self\">H\u00e4usliche Gewalt<\/a><\/h4><figure itemscope itemtype=\"https:\/\/schema.org\/ImageObject\">\n\t\t\t\t<a href=\"\/de\/ressourcen\/hausliche-familiare-gewalt\/?utm_source=Home&#038;utm_medium=Referral&#038;utm_campaign=211Resources&#038;utm_content=Domestic\"  target=\"_self\" itemprop=\"url\">\n\t\t\t\t<img decoding=\"async\" src=\"https:\/\/211md.org\/wp-content\/uploads\/bb-plugin\/cache\/2025_211_Icon-Sets_Domestic-Violence-square-7b597694a6f05fe90cdc376aa573bc63-.png\" alt=\"House with a heart in the middle icon\" height=\"417\" width=\"417\" title=\"2025_211_Icon Sets_H\u00e4usliche Gewalt\" onerror=\"this.style.display='none'\" loading=\"lazy\" \/>\n\t\t\t\t<\/a>\n\t<\/figure>\n\t\t<h4><a href=\"\/de\/ressourcen\/arbeitssuche\/?utm_source=Home&#038;utm_medium=Referral&#038;utm_campaign=211Resources&#038;utm_content=Employment\" target=\"_self\">Besch\u00e4ftigung<\/a><\/h4><figure itemscope itemtype=\"https:\/\/schema.org\/ImageObject\">\n\t\t\t\t<a href=\"\/de\/ressourcen\/arbeitssuche\/?utm_source=Home&#038;utm_medium=Referral&#038;utm_campaign=211Resources&#038;utm_content=Employment\"  target=\"_self\" itemprop=\"url\">\n\t\t\t\t<img decoding=\"async\" src=\"https:\/\/211md.org\/wp-content\/uploads\/bb-plugin\/cache\/2025_MdInfoNet_Icon-Sets_Employment-square-44707bd410e4df10a470bf130ebcea86-.png\" alt=\"\" onerror=\"this.style.display='none'\" loading=\"lazy\" \/>\n\t\t\t\t<\/a>\n\t<\/figure>\n\t\t<h4><a href=\"\/de\/ressourcen\/gesundheitswesen\/?utm_source=Home&#038;utm_medium=Referral&#038;utm_campaign=211Resources&#038;utm_content=Health%20Care\" target=\"_self\">Gesundheitsvorsorge<\/a><\/h4><figure itemscope itemtype=\"https:\/\/schema.org\/ImageObject\">\n\t\t\t\t<a href=\"\/de\/ressourcen\/gesundheitswesen\/?utm_source=Home&#038;utm_medium=Referral&#038;utm_campaign=211Resources&#038;utm_content=Health%20Care\"  target=\"_self\" itemprop=\"url\">\n\t\t\t\t<img decoding=\"async\" src=\"https:\/\/211md.org\/wp-content\/uploads\/bb-plugin\/cache\/2025_MdInfoNet_Icon-Sets_Health-Care-square-dee98a0060cbe0e7f27eda253fc12679-.png\" alt=\"\" onerror=\"this.style.display='none'\" loading=\"lazy\" \/>\n\t\t\t\t<\/a>\n\t<\/figure>\n\t\t<h4><a href=\"\/de\/ressourcen\/kinder-familien\/verwandtschaftspflege\/?utm_source=Home&#038;utm_medium=Referral&#038;utm_campaign=211Resources&#038;utm_content=Kinship\" target=\"_self\">Verwandtschaft<\/a><\/h4><figure itemscope itemtype=\"https:\/\/schema.org\/ImageObject\">\n\t\t\t\t<a href=\"\/de\/ressourcen\/kinder-familien\/verwandtschaftspflege\/?utm_source=Home&#038;utm_medium=Referral&#038;utm_campaign=211Resources&#038;utm_content=Kinship\"  target=\"_self\" itemprop=\"url\">\n\t\t\t\t<img decoding=\"async\" src=\"https:\/\/211md.org\/wp-content\/uploads\/bb-plugin\/cache\/2025_211_Icon-Sets_Kinship-square-45bdf872866f5735f842c32071109267-.png\" alt=\"Verwandtschaftssymbol\" height=\"417\" width=\"417\" title=\"2025_211_Icon Sets_Verwandtschaft\" onerror=\"this.style.display='none'\" loading=\"lazy\" \/>\n\t\t\t\t<\/a>\n\t<\/figure>\n\t\t<h4><a href=\"\/de\/ressourcen\/rechtsberatung\/?utm_source=Home&#038;utm_medium=Referral&#038;utm_campaign=211Resources&#038;utm_content=Legal\" target=\"_self\">Rechtsberatung<\/a><\/h4><figure itemscope itemtype=\"https:\/\/schema.org\/ImageObject\">\n\t\t\t\t<a href=\"\/de\/ressourcen\/rechtsberatung\/?utm_source=Home&#038;utm_medium=Referral&#038;utm_campaign=211Resources&#038;utm_content=Legal\"  target=\"_self\" itemprop=\"url\">\n\t\t\t\t<img decoding=\"async\" src=\"https:\/\/211md.org\/wp-content\/uploads\/bb-plugin\/cache\/2025_MdInfoNet_Icon-Sets_Legal-square-18fdf438feb8435588174d9046463257-.png\" alt=\"\" onerror=\"this.style.display='none'\" loading=\"lazy\" \/>\n\t\t\t\t<\/a>\n\t<\/figure>\n\t\t<h4><a href=\"\/de\/ressourcen\/psychische-gesundheit\/?utm_source=Home&#038;utm_medium=Referral&#038;utm_campaign=211Resources&#038;utm_content=Mental\" target=\"_self\">Psychische Gesundheit<\/a><\/h4><figure itemscope itemtype=\"https:\/\/schema.org\/ImageObject\">\n\t\t\t\t<a href=\"\/de\/ressourcen\/psychische-gesundheit\/?utm_source=Home&#038;utm_medium=Referral&#038;utm_campaign=211Resources&#038;utm_content=Mental\"  target=\"_self\" itemprop=\"url\">\n\t\t\t\t<img decoding=\"async\" src=\"https:\/\/211md.org\/wp-content\/uploads\/bb-plugin\/cache\/2025_MdInfoNet_Icon-Sets_Mental-Health-square-c59b38c4a993a947d4c9280fbe2d2fee-.png\" alt=\"\" onerror=\"this.style.display='none'\" loading=\"lazy\" \/>\n\t\t\t\t<\/a>\n\t<\/figure>\n\t\t<h4><a href=\"\/de\/ressourcen\/mdreentry\/?utm_source=Home&#038;utm_medium=Referral&#038;utm_campaign=211Resources&#038;utm_content=Reentry\" target=\"_self\">Wiedereintritt<\/a><\/h4><figure itemscope itemtype=\"https:\/\/schema.org\/ImageObject\">\n\t\t\t\t<a href=\"\/de\/ressourcen\/mdreentry\/?utm_source=Home&#038;utm_medium=Referral&#038;utm_campaign=211Resources&#038;utm_content=Reentry\"  target=\"_self\" itemprop=\"url\">\n\t\t\t\t<img decoding=\"async\" src=\"https:\/\/211md.org\/wp-content\/uploads\/bb-plugin\/cache\/2025_211_Icon-Sets_Reentry-square-8676fea38abd920a832f45642fe31cca-.png\" alt=\"Symbol \u201eWiedereintritt\u201c\" height=\"417\" width=\"417\" title=\"2025_211_Icon Sets_Wiedereintritt\" onerror=\"this.style.display='none'\" loading=\"lazy\" \/>\n\t\t\t\t<\/a>\n\t<\/figure>\n\t\t<h4><a href=\"\/de\/ressourcen\/substanzgebrauch\/?utm_source=Home&#038;utm_medium=Referral&#038;utm_campaign=211Resources&#038;utm_content=Substance\" target=\"_self\">Substanzgebrauch<\/a><\/h4><figure itemscope itemtype=\"https:\/\/schema.org\/ImageObject\">\n\t\t\t\t<a href=\"\/de\/ressourcen\/substanzgebrauch\/?utm_source=Home&#038;utm_medium=Referral&#038;utm_campaign=211Resources&#038;utm_content=Substance\"  target=\"_self\" itemprop=\"url\">\n\t\t\t\t<img decoding=\"async\" src=\"https:\/\/211md.org\/wp-content\/uploads\/bb-plugin\/cache\/2025_MdInfoNet_Icon-Sets_Substance-Abuse-square-4f414f085e657267739c181957754f48-.png\" alt=\"Pills for substance Use icon\" title=\"2025_MdInfoNet_Icon-Sets_Substance-Abuse\" onerror=\"this.style.display='none'\" loading=\"lazy\" \/>\n\t\t\t\t<\/a>\n\t<\/figure>\n\t\t<h4><a href=\"\/de\/ressourcen\/veteranen\/?utm_source=Home&#038;utm_medium=Referral&#038;utm_campaign=211Resources&#038;utm_content=Veterans\" target=\"_self\">Veteranen<\/a><\/h4><figure itemscope itemtype=\"https:\/\/schema.org\/ImageObject\">\n\t\t\t\t<a href=\"\/de\/ressourcen\/veteranen\/?utm_source=Home&#038;utm_medium=Referral&#038;utm_campaign=211Resources&#038;utm_content=Veterans\"  target=\"_self\" itemprop=\"url\">\n\t\t\t\t<img decoding=\"async\" src=\"https:\/\/211md.org\/wp-content\/uploads\/bb-plugin\/cache\/2025_MdInfoNet_Icon-Sets_Rating-square-6e60d00cce4faa8e0a6d4ad7366aa733-.png\" alt=\"\" onerror=\"this.style.display='none'\" loading=\"lazy\" \/>\n\t\t\t\t<\/a>\n\t<\/figure>","protected":false},"excerpt":{"rendered":"<p>There are many housing programs in Maryland communities that reduce the cost of rent, cover security deposits, prevent eviction, and provide emergency shelter.\u00a0 Search the 211 Community Resource Database for low-income housing programs, which offer housing vouchers to eligible families, covering a portion of the rent each month. Local housing agencies run these programs. Or&hellip;<\/p>","protected":false},"author":8,"featured_media":33784,"parent":930,"menu_order":0,"comment_status":"closed","ping_status":"closed","template":"","meta":{"footnotes":""},"class_list":["post-926","page","type-page","status-publish","has-post-thumbnail","hentry"],"_links":{"self":[{"href":"https:\/\/211md.org\/de\/wp-json\/wp\/v2\/pages\/926","targetHints":{"allow":["GET"]}}],"collection":[{"href":"https:\/\/211md.org\/de\/wp-json\/wp\/v2\/pages"}],"about":[{"href":"https:\/\/211md.org\/de\/wp-json\/wp\/v2\/types\/page"}],"author":[{"embeddable":true,"href":"https:\/\/211md.org\/de\/wp-json\/wp\/v2\/users\/8"}],"replies":[{"embeddable":true,"href":"https:\/\/211md.org\/de\/wp-json\/wp\/v2\/comments?post=926"}],"version-history":[{"count":11,"href":"https:\/\/211md.org\/de\/wp-json\/wp\/v2\/pages\/926\/revisions"}],"predecessor-version":[{"id":34245,"href":"https:\/\/211md.org\/de\/wp-json\/wp\/v2\/pages\/926\/revisions\/34245"}],"up":[{"embeddable":true,"href":"https:\/\/211md.org\/de\/wp-json\/wp\/v2\/pages\/930"}],"wp:featuredmedia":[{"embeddable":true,"href":"https:\/\/211md.org\/de\/wp-json\/wp\/v2\/media\/33784"}],"wp:attachment":[{"href":"https:\/\/211md.org\/de\/wp-json\/wp\/v2\/media?parent=926"}],"curies":[{"name":"wp","href":"https:\/\/api.w.org\/{rel}","templated":true}]}}