{"id":928,"date":"2021-04-15T16:49:22","date_gmt":"2021-04-15T16:49:22","guid":{"rendered":"https:\/\/211md.org\/?page_id=928"},"modified":"2025-09-02T12:08:28","modified_gmt":"2025-09-02T16:08:28","slug":"rechtsberatung","status":"publish","type":"page","link":"https:\/\/211md.org\/de\/resources\/legal-services\/","title":{"rendered":"Rechtsberatung"},"content":{"rendered":"<img decoding=\"async\" src=\"http:\/\/211md.org\/wp-content\/uploads\/2024\/12\/Legal-handshake.jpg\" alt=\"Rechtlicher H\u00e4ndedruck\" itemprop=\"image\" title=\"Rechtlicher H\u00e4ndedruck\" onerror=\"this.style.display='none'\" loading=\"lazy\" \/>\n\t<p>Sie haben ein rechtliches Problem? Auch wenn es \u00fcberw\u00e4ltigend erscheinen mag, gibt es f\u00fcr Marylander kostenlose und kosteng\u00fcnstige Rechtshilfe und Ressourcen.<\/p>\n<p>Mid-Shore Pro Bono, das die Ostk\u00fcste betreut, berichtet, dass ausgerechnet 80%, die in Maryland juristische Hilfe in einer Zivilsache ben\u00f6tigen, sich diese nicht leisten k\u00f6nnen.<\/p>\n<h2>Rechtliche Unterst\u00fctzung finden<\/h2>\n<p>211 kann Sie mit kostenloser oder kosteng\u00fcnstiger Rechtshilfe von Agenturen wie Mid-Shore Pro Bono und anderen verbinden.<\/p>\n<p>Rufen Sie 2-1-1 an. F\u00fcr einen konkreten Rechtsfall k\u00f6nnen Sie auch diese Ressourcen in der 211-Datenbank durchsuchen:<\/p>\n<ul>\n<li><a href=\"https:\/\/search.211md.org\/search?query=FT-1020&amp;query_type=taxonomy&amp;query_label=&amp;query_language=en\" target=\"_blank\" rel=\"noopener\">Unterst\u00fctzung bei Zertifikaten\/Formularen<\/a><\/li>\n<li><a href=\"https:\/\/search.211md.org\/search?query=FT-3000.1600&amp;query_type=taxonomy&amp;query_label=&amp;query_language=en\" target=\"_blank\" rel=\"noopener\">Unterst\u00fctzung\/Durchsetzung des Kindesunterhalts<\/a><\/li>\n<li><a href=\"https:\/\/search.211md.org\/search?query=FT-3600&amp;query_type=taxonomy&amp;query_label=&amp;query_language=en\" target=\"_blank\" rel=\"noopener\">Einwanderungs-\/Einb\u00fcrgerungsrechtsdienste<\/a><\/li>\n<li><a href=\"https:\/\/search.211md.org\/search?query=FT-3000.1640&amp;query_type=taxonomy&amp;query_label=&amp;query_language=en\" target=\"_blank\" rel=\"noopener\">Familienrechtliche Dienstleistungen<\/a><\/li>\n<li><a href=\"https:\/\/search.211md.org\/search?query=FT-3200&amp;query_type=taxonomy&amp;query_label=&amp;query_language=en\" target=\"_blank\" rel=\"noopener\">Allgemeine Prozesskostenhilfe<\/a><\/li>\n<li><a href=\"https:\/\/search.211md.org\/search?query=FT-4500&amp;query_type=taxonomy&amp;query_label=&amp;query_language=en\" target=\"_blank\" rel=\"noopener\">Vermieter-\/Mieterhilfe<\/a><\/li>\n<\/ul>\n<p><a href=\"https:\/\/peoples-law.org\/directory\" target=\"_blank\" rel=\"noopener\">Die Volksrechtsbibliothek von Maryland<\/a> bietet au\u00dferdem eine Liste kosteng\u00fcnstiger oder kostenloser Rechtsdienste, die Sie nach Stichwort, Land und Kategorie sortieren k\u00f6nnen.<\/p>\n<p>Rechtshilfe erhalten Sie von Pro-Bono-Gruppen, gemeinschaftlichen Mediationsdiensten, Verbraucherhilfe vom Generalstaatsanwalt und kostenlose Hilfe vom Maryland Court Help Center.<\/p>\n\t<h2>Kostenlose Rechtshilfe (Pro Bono)<\/h2>\n<p>Pro-bono-Rechtshilfe bedeutet, dass der Anwalt die Dienstleistung kostenlos erbringt. In den meisten F\u00e4llen umfasst die kostenlose Rechtshilfe nur Zivilsachen. W\u00e4hrend einige der freiwilligen Rechtsgruppen Marylander im gesamten Bundesstaat vertreten, gibt es in einigen F\u00e4llen geografische Einschr\u00e4nkungen.<\/p>\n<ul>\n<li><strong>Maryland Volunteer Lawyers Service (MVLS)<\/strong><br \/>\nBietet in bestimmten Bezirken des Bundesstaates Pro-bono-Beratung an. Einwohner Marylands werden einem ehrenamtlichen Anwalt, Wirtschaftspr\u00fcfer oder Steuerberater zugeteilt.<\/li>\n<li><strong>Prozesskostenhilfe in Maryland<\/strong><br \/>\nSie helfen jedes Jahr mehr als 105.000 Menschen mit kostenlosen Kliniken und Praxen in vielen Bezirken von Maryland.<\/li>\n<li><strong>Mid-Shore Pro Bono<\/strong><br \/>\nBietet Rechtshilfe an der Ostk\u00fcste durch ein Netzwerk ehrenamtlicher Anw\u00e4lte.<\/li>\n<\/ul>\n<p>Wenn Sie Hilfe bei der Suche nach einer Pro-Bono-Gruppe in Ihrem Landkreis ben\u00f6tigen, w\u00e4hlen Sie die 211, um sich zu verbinden und Hilfe zu erhalten. Weitere Informationen zu den einzelnen Gruppen finden Sie in den folgenden Abschnitten.<\/p>\n<h3>Maryland Volunteer Lawyers Service (MVLS)<\/h3>\n<p>Auf der &quot;<a href=\"\/de\/podcast\/podcast-episode-6-mvls\/\" rel=\"noopener\">Was ist der 211\u2033-Podcast?<\/a>, sprach MVLS dar\u00fcber, wie sie helfen und wie die Vertretung durch einen Anwalt den Ausgang eines Falls ver\u00e4ndern kann.<\/p>\n<p>Mit einem Netzwerk von mehr als 2.600 ehrenamtlichen Anw\u00e4lten verf\u00fcgt MVLS \u00fcber Experten, die in folgenden Zivilangelegenheiten helfen k\u00f6nnen, wie zum Beispiel:<\/p>\n<ul>\n<li aria-level=\"1\">Familienrechtliche Streitigkeiten<\/li>\n<li aria-level=\"1\">Geh\u00e4use und Verbraucherf\u00e4lle<\/li>\n<li aria-level=\"1\">Nachlassplanung und -verwaltung<\/li>\n<li aria-level=\"1\">Entlastung im Strafregister<\/li>\n<li aria-level=\"1\">Fragen der Einkommensteuer<\/li>\n<\/ul>\n<p>Ein ... sehen\u00a0<a href=\"https:\/\/mvlslaw.org\/program-descriptions\/\" target=\"_blank\" rel=\"noopener\">vollst\u00e4ndige Liste der F\u00e4lle, die MVLS akzeptiert<\/a><strong>.\u00a0<\/strong><\/p>\n<p>MVLS bietet eine vollst\u00e4ndige Vertretung, sodass der Anwalt f\u00fcr die Dauer Ihres Gerichtsverfahrens bei Ihnen ist.<\/p>\n<h4>Hilfe von MVLS Pro Bono erhalten<\/h4>\n<p>MVLS Pro Bono-Rechtshilfe steht Marylandern zur Verf\u00fcgung, die die Einkommens-, Fallart- und geografischen Richtlinien erf\u00fcllen.<\/p>\n<p>MVLS akzeptiert jeden mit einem Bruttohaushaltseinkommen, das 50% des Medieneinkommens von Maryland nicht \u00fcbersteigt. Die Einkommensrichtlinien k\u00f6nnen variieren.\u00a0<a href=\"https:\/\/mvlslaw.org\/get-legal-help\/do-i-qualify\/\" target=\"_blank\" rel=\"noopener\">Sehen Sie, ob Sie sich qualifizieren<\/a>.<\/p>\n<p>Die gemeinn\u00fctzige Organisation bietet keine Leistungen in den Counties Montgomery, Prince George&#039;s, Allegany, Queen Anne&#039;s, Talbot, Dorchester, Kent und Caroline an. Es gibt dort andere Pro-Bono-Agenturen, mit denen Sie \u00fcber 211 Kontakt aufnehmen k\u00f6nnen, darunter Mid-Shore Pro Bono.<\/p>\n<p>Du kannst\u00a0<a href=\"https:\/\/mdoi.legalserver.org\/modules\/matter\/extern_intake.php?pid=126&amp;h=305b29\" target=\"_blank\" rel=\"noopener\">Starten Sie eine Online-Bewerbung<\/a>. Sie m\u00fcssen Informationen zum Einkommen aller Haushaltsmitglieder, den Wert Ihres Hauses (falls zutreffend), den Wert Ihres Autos (falls zutreffend) und den Geldbetrag auf Ihren Giro-, Spar- oder Anlagekonten angeben.<\/p>\n<p>Sie k\u00f6nnen MVLS auch direkt unter 1-800-510-0050 oder 410-547-6537 in Baltimore anrufen.<\/p>\n\t\t\t\t<img decoding=\"async\" src=\"http:\/\/211md.org\/wp-content\/uploads\/2025\/06\/Lawyer-providing-advice-at-courthouse.jpg\" alt=\"Rechtsanwalt ber\u00e4t im Gerichtsgeb\u00e4ude\" itemprop=\"image\" title=\"Rechtsanwalt ber\u00e4t im Gerichtsgeb\u00e4ude\" onerror=\"this.style.display='none'\" loading=\"lazy\" \/>\n<h3>Rechtshilfe in Maryland (MLA)<\/h3>\n<p>MLA bietet auch landesweite Hilfe f\u00fcr einkommensschwache und marginalisierte Personen und Gemeinschaften an. Die Organisation arbeitet mit MLA-Mitarbeitern und Pro Bono-Anw\u00e4lten zusammen, um Kunden zu vertreten.<\/p>\n<p>Legal Aid kann f\u00fcr Folgendes eine kostenlose Rechtsvertretung anbieten\u00a0<a href=\"https:\/\/www.mdlab.org\/get-help-services\/\" target=\"_blank\" rel=\"noopener\">Zivilrechtliche F\u00e4lle<\/a>:<\/p>\n<ul>\n<li aria-level=\"1\">Geh\u00e4use<\/li>\n<li aria-level=\"1\">Verbraucher-\/Finanzfragen<\/li>\n<li aria-level=\"1\">Familiengesetz<\/li>\n<li aria-level=\"1\">Besch\u00e4ftigung<\/li>\n<li aria-level=\"1\">Gesundheitspflege<\/li>\n<li aria-level=\"1\">\u00d6ffentliche Leistungen<\/li>\n<\/ul>\nDar\u00fcber hinaus haben einige \u00c4mter spezielle Vertr\u00e4ge, um in diesen F\u00e4llen zu helfen:\n<ul>\n<li aria-level=\"1\">Missbrauchte und vernachl\u00e4ssigte Kinder<\/li>\n<li aria-level=\"1\">Kunden, die aufgrund einer HIV\/AIDS-Diagnose mit rechtlichen Problemen konfrontiert sind<\/li>\n<li aria-level=\"1\">Landarbeiter mit Migrationshintergrund<\/li>\n<li aria-level=\"1\">Hausbesitzer, die Gefahr laufen, ihr Haus durch Zwangsvollstreckung zu verlieren<\/li>\n<\/ul>\n<p>Maryland Legal Aid hat eine laufende <a href=\"https:\/\/www.mdlab.org\/free-legal-clinics\/\" target=\"_blank\" rel=\"noopener\">kostenlose Rechtsberatung<\/a> und Niederlassungen in den von ihnen betreuten Landkreisen: Anne Arundel, Howard, Allegany, Garrett, Baltimore City, Baltimore County, Cecil, Hartford, Howard County, Lower Eastern Shore, Midwestern Maryland, Montgomery County, Prince George\u2019s, Southern Maryland und Upper Eastern Shore.<\/p>\n<p>MLA folgt den Federal Poverty Income Guidelines.\u00a0<a href=\"https:\/\/mdlaboi.legalserver.org\/modules\/matter\/extern_intake.php?pid=129&amp;h=daa817&amp;\" target=\"_blank\" rel=\"noopener\">Online bewerben<\/a>.<\/p>\n\t<h3>Mid-Shore Pro Bono<\/h3>\n<p>An der Ostk\u00fcste erhalten Sie Hilfe bei einer Reihe von F\u00e4llen wie Zwangsvollstreckung, geringf\u00fcgigen Forderungen, Testamenten, Vollmachten, Streitigkeiten zwischen Vermieter und Mieter, Insolvenz, Vertragsstreitigkeiten, Verbraucherschulden und mehr <a href=\"https:\/\/midshoreprobono.org\/\" target=\"_blank\" rel=\"noopener\">Mid-Shore Pro Bono<\/a>.<\/p>\n<p>Sie \u00fcbernehmen keine F\u00e4lle h\u00e4uslicher Gewalt, Kindesunterhalt, Strafsachen, Verkehrsdelikte, Schutzanordnungen\/Friedensverf\u00fcgungen und Berufungen.<\/p>\n<p>Sie bedienen die Counties Cecil, Kent, Queen Anne\u2019s, Talbot, Caroline, Dorchester, Worcester, Somerset und Wicomico.<\/p>\n<p><a href=\"https:\/\/www.legal-trak.com\/CaseManagement\/OnlineInTake\/OnlineInTake\/2?skipPayment=true\" target=\"_blank\" rel=\"noopener\">Beginnen Sie mit Mid-Shore Pro Bono<\/a>.<\/p>\n\t<h2>Schutz misshandelter Kinder<\/h2>\n<p>Wenn ein Kind misshandelt wurde oder h\u00e4usliche Gewalt erlebt hat, kann das Jugendamt dem Kind und seinem nicht missbrauchenden, besch\u00fctzenden Elternteil m\u00f6glicherweise Hilfe anbieten.<\/p>\n<p><a href=\"https:\/\/child-justice.org\/\" target=\"_blank\" rel=\"noopener\">Kindergerechtigkeit<\/a> Die Kanzlei hilft bei dokumentierten F\u00e4llen von Kindesmissbrauch, Vernachl\u00e4ssigung oder wenn ein Kind zwischenmenschlicher Gewalt ausgesetzt ist. Sie bietet Informations- und Vermittlungsdienste, Kurzberatung, Konsultationen, technische Unterst\u00fctzung f\u00fcr Anw\u00e4lte, kostenlose Vermittlung oder Vertretung bei Schutzanordnungen, im Familienrecht und in anderen verwandten F\u00e4llen an.<\/p>\n<p>Du kannst <a href=\"https:\/\/child-justice.org\/work\/request-help\/\" target=\"_blank\" rel=\"noopener\">F\u00fcllen Sie ihr Aufnahmeformular aus<\/a> einen Fall beurteilen zu lassen. Aufgrund begrenzter Kapazit\u00e4ten k\u00f6nnen sie nicht alle berechtigten F\u00e4lle \u00fcbernehmen.<\/p>\n\t\t\t\t<img decoding=\"async\" src=\"http:\/\/211md.org\/wp-content\/uploads\/2025\/06\/Loving-mom-hugging-son.jpg\" alt=\"Liebevolle Mutter umarmt Sohn\" itemprop=\"image\" title=\"Liebevolle Mutter umarmt Sohn\" onerror=\"this.style.display='none'\" loading=\"lazy\" \/>\n<h2><b>Hilfezentrum des Maryland Court<\/b><\/h2>\n<p>Wenn Sie sich vor einem Bezirks- oder Familiengericht vertreten, erhalten Sie Antworten auf Fragen und Ressourcen von <a href=\"https:\/\/mdcourts.gov\/helpcenter\/\" target=\"_blank\" rel=\"noopener\">Gerichtshilfezentren<\/a>. Sie bieten begrenzte kostenlose Rechtsdienstleistungen f\u00fcr Personen an, die nicht von einem Anwalt vertreten werden. Sie erhalten keine gerichtliche Vertretung.<\/p>\n<p>Sie k\u00f6nnen Hilfe bei der L\u00f6schung erhalten, <a href=\"https:\/\/211md.org\/de\/ressourcen\/rechtsberatung\/mieterrechte\/\">Vermieter-\/Mieterangelegenheiten<\/a>, kleine und gro\u00dfe Forderungen, Verbraucherangelegenheiten wie Inkasso oder Autobeschlagnahme, R\u00fcckgabe von Eigentum und h\u00e4usliche Gewalt\/Friedensbefehle.<\/p>\n<p>Finde einen\u00a0<a href=\"https:\/\/mdcourts.gov\/html\/selfhelpcenters\/map.html\" target=\"_blank\" rel=\"noopener\">Court Help Center<\/a>\u00a0in Ihrer N\u00e4he oder rufen Sie 410-260-1392 an.<\/p>\n<h3>Rechtliche Ressourcen<\/h3>\n<p>Sie k\u00f6nnen sich auch rechtlich beraten lassen\u00a0<a href=\"https:\/\/probonomd.org\/for-legal-help\/\" target=\"_blank\" rel=\"noopener\">Pro Bono-Ressourcenzentrum von Maryland<\/a>. Auch hier werden keine Anw\u00e4lte f\u00fcr F\u00e4lle bereitgestellt. Sie k\u00f6nnen jedoch eine Klinik aufsuchen, um Hilfe zu einem bestimmten Problem zu erhalten.<\/p>\n<p>Die<a href=\"https:\/\/peoples-law.org\/\" target=\"_blank\" rel=\"noopener\">\u00a0Volksrechtsbibliothek von Maryland\u00a0<\/a>hat auch kostenlose Informationen, die Ihnen helfen, mit Dutzenden von rechtlichen Problemen umzugehen, die von Verbraucherschutz, Besch\u00e4ftigung, Familienrecht, B\u00fcrgerrechten, Einwanderung, Wohnungswesen und mehr reichen.<\/p>\n<p>&nbsp;<\/p>\n<h2>Verbraucherstreitigkeiten<\/h2>\n<p>Haben Sie eine Beschwerde \u00fcber ein Unternehmen oder eine Organisation? Du kannst<a href=\"https:\/\/www.marylandattorneygeneral.gov\/pages\/cpd\/complaint.aspx\" target=\"_blank\" rel=\"noopener\"> eine Beschwerde bei der Verbraucherschutzabteilung des Maryland Attorney General einreichen<\/a> versuchen, die Beschwerde zu schlichten.<\/p>\n<p>Der Bundesstaat Maryland verf\u00fcgt au\u00dferdem \u00fcber einen Leitfaden f\u00fcr Inkassoressourcen f\u00fcr Personen, die vor dem Maryland District Court wegen einer Verbraucherschuld von weniger als $5.000 verklagt wurden. <a href=\"https:\/\/debtcollectionmaryland.org\/\" target=\"_blank\" rel=\"noopener\">Verbinden Sie sich mit Ressourcen<\/a>.<\/p>\n<p>&nbsp;<\/p>\n\t<h2>Mediationsdienste<\/h2>\n<p>Wenn Sie einen Streit mit jemandem oder einem Unternehmen haben, ist das Gerichtssystem m\u00f6glicherweise nicht Ihr einziges Problem. M\u00f6glicherweise k\u00f6nnen Sie in der Situation vermitteln und ein Gerichtsverfahren und eine m\u00f6gliche Verhandlung vermeiden.<\/p>\n<p>Mediation ist eine Form des alternativen Streitbeilegungsverfahrens, bei dem geschulte externe Mediatoren versuchen, eine Einigung zu erzielen. In den meisten F\u00e4llen k\u00f6nnen Sie das, was in der Mediation besprochen wird, nicht vor Gericht anwenden, obwohl es einige Ausnahmen gibt. Die Mediation hindert Sie jedoch nicht daran, vor Gericht zu gehen, wenn Sie keine Einigung erzielen k\u00f6nnen.<\/p>\n<p>Maryland-Gerichte haben eine <a href=\"https:\/\/www.mdcourts.gov\/legalhelp\/mediationadr\" target=\"_blank\" rel=\"noopener\">Eine Reihe von Videos, in denen detailliert beschrieben wird, wie Mediation funktioniert<\/a>.<\/p>\n<p>Sie k\u00f6nnen a verwenden <a href=\"https:\/\/www.mdcourts.gov\/sites\/default\/files\/import\/macro\/pdfs\/mdcommunitymediationcenters.pdf\" target=\"_blank\" rel=\"noopener\">Gemeindevermittler in Ihrem Landkreis<\/a>, A <a href=\"https:\/\/www.mdcourts.gov\/macro\/mediatordirectory\" target=\"_blank\" rel=\"noopener\">Privatpraxis-Mediator<\/a>, und die meisten Bezirksgerichte in Maryland verf\u00fcgen auch \u00fcber eine Liste zugelassener Mediatoren f\u00fcr F\u00e4lle, die vermittelt werden k\u00f6nnen.<\/p>\n\t\t\t\t<img decoding=\"async\" src=\"http:\/\/211md.org\/wp-content\/uploads\/2025\/06\/Mediation-services.jpg\" alt=\"Mediationsdienste\" itemprop=\"image\" title=\"Mediationsdienste\" onerror=\"this.style.display='none'\" loading=\"lazy\" \/>\n<h2>Verwandte Informationen<\/h2>\n<p><a title=\"Vermieter sein\" href=\"https:\/\/211md.org\/de\/ressourcen\/rechtsberatung\/vermieter-sein\/\">Vermieter sein<\/a><\/p>\n<p><a title=\"Kindesunterhalt\" href=\"https:\/\/211md.org\/de\/ressourcen\/rechtsberatung\/kindergeld\/\">Kindesunterhalt<\/a><\/p>\n<p><a href=\"https:\/\/211md.org\/de\/ressourcen\/rechtsberatung\/mieterrechte\/\">Vermieterstreitigkeiten<\/a><\/p>\n\t<h2>Hilfsprogramme erkunden<\/h2>\n<p>Informieren Sie sich \u00fcber Leistungsprogramme und wie Sie mit dem Support in Kontakt treten k\u00f6nnen.<\/p>\n\t\t<h3><a href=\"\/de\/ressourcen\/lebensmittel\/\" target=\"_self\">Essen<\/a><\/h3><p>Kostenloses Essen in meiner N\u00e4he, Vorratskammern, SNAP, WIC, Lebensmitteleinsparungen<\/p>\n<a href=\"\/de\/ressourcen\/lebensmittel\/\"  target=\"_self\">Erfahren Sie mehr<\/a>\t\n\t\t\t\t<a href=\"\/de\/ressourcen\/lebensmittel\/\"  target=\"_self\" itemprop=\"url\">\n\t\t\t\t<img decoding=\"async\" src=\"https:\/\/211md.org\/wp-content\/uploads\/bb-plugin\/cache\/2025_MdInfoNet_Icon-Sets-white_food-square-dfa1c607bcdb6b34735ae61e84e21386-.png\" alt=\"2025_MdInfoNet_Icon Sets-wei\u00df_Essen\" itemprop=\"image\" title=\"2025_MdInfoNet_Icon Sets-wei\u00df_Essen\" onerror=\"this.style.display='none'\" loading=\"lazy\" \/>\n\t\t\t\t<\/a>\n\t\t<h3><a href=\"\/de\/ressourcen\/utility-unterstutzung\/\" target=\"_self\">Dienstprogramme<\/a><\/h3><p>Unterst\u00fctzungsprogramme f\u00fcr Strom-, Gas- und Wasserrechnungen<\/p>\n<a href=\"\/de\/ressourcen\/utility-unterstutzung\/\"  target=\"_self\">Erfahren Sie mehr<\/a>\t\n\t\t\t\t<a href=\"\/de\/ressourcen\/utility-unterstutzung\/\"  target=\"_self\" itemprop=\"url\">\n\t\t\t\t<img decoding=\"async\" src=\"https:\/\/211md.org\/wp-content\/uploads\/bb-plugin\/cache\/2025_MdInfoNet_Icon-Sets-white_Utilities-square-485aa1950491235898117da61fd0a70a-.png\" alt=\"2025_MdInfoNet_Icon Sets-white_Utilities\" itemprop=\"image\" title=\"2025_MdInfoNet_Icon Sets-white_Utilities\" onerror=\"this.style.display='none'\" loading=\"lazy\" \/>\n\t\t\t\t<\/a>\n\t\t\t\t<a href=\"\/de\/ressourcen\/gehause-unterkunft\/\"  target=\"_self\" itemprop=\"url\">\n\t\t\t\t<img decoding=\"async\" src=\"https:\/\/211md.org\/wp-content\/uploads\/bb-plugin\/cache\/2025_MdInfoNet_Icon-Sets-white_Housing-square-5b4ab26c33cdf5bd88fd6164be4cc0b8-.png\" alt=\"2025_MdInfoNet_Icon Sets-white_Housing\" itemprop=\"image\" title=\"2025_MdInfoNet_Icon Sets-white_Housing\" onerror=\"this.style.display='none'\" loading=\"lazy\" \/>\n\t\t\t\t<\/a>\n\t\t<h3><a href=\"\/de\/ressourcen\/gehause-unterkunft\/\" target=\"_self\">Geh\u00e4use<\/a><\/h3><p>Mietzahlungen, R\u00e4umungsschutz, Obdachlosenunterk\u00fcnfte<\/p>\n<a href=\"\/de\/ressourcen\/gehause-unterkunft\/\"  target=\"_self\">Erfahren Sie mehr<\/a>\t\n\t\t\t\t<a href=\"\/de\/ressourcen\/neu-in-den-usa-und-maryland\/\"  target=\"_self\" itemprop=\"url\">\n\t\t\t\t<img decoding=\"async\" src=\"https:\/\/211md.org\/wp-content\/uploads\/bb-plugin\/cache\/2025_MdInfoNet_Icon-Sets-white_Immigration-square-71ef90812193ac6d0e3edc3e61891f7f-.png\" alt=\"2025_MdInfoNet_Icon Sets-white_Einwanderung\" itemprop=\"image\" title=\"2025_MdInfoNet_Icon Sets-white_Einwanderung\" onerror=\"this.style.display='none'\" loading=\"lazy\" \/>\n\t\t\t\t<\/a>\n\t\t<h3><a href=\"\/de\/ressourcen\/neu-in-den-usa-und-maryland\/\" target=\"_self\">Einwanderung<\/a><\/h3><p>Einwanderungshilfe f\u00fcr neue Amerikaner und Fl\u00fcchtlinge<\/p>\n<a href=\"\/de\/ressourcen\/neu-in-den-usa-und-maryland\/\"  target=\"_self\">Erfahren Sie mehr<\/a>\t\n\t\t<h4><a href=\"\/de\/ressourcen\/alterungsbehinderung\/\" target=\"_self\">Alter &amp; Behinderung<\/a><\/h4>\n\t\t\t\t<a href=\"\/de\/ressourcen\/alterungsbehinderung\/\"  target=\"_self\" itemprop=\"url\">\n\t\t\t\t<img decoding=\"async\" src=\"https:\/\/211md.org\/wp-content\/uploads\/bb-plugin\/cache\/2025_MdInfoNet_Icon-Sets_Aging-disability-square-c466727102cae71e5f27b8539bb51945-.png\" alt=\"2025_MdInfoNet_Icon Sets_Altern-Behinderung\" itemprop=\"image\" title=\"2025_MdInfoNet_Icon Sets_Altern-Behinderung\" onerror=\"this.style.display='none'\" loading=\"lazy\" \/>\n\t\t\t\t<\/a>\n\t\t<h4><a href=\"https:\/\/211md.org\/de\/ressourcen\/kinder-familien\/\" target=\"_blank\" rel=\"noopener\">Kinder &amp; Familien<\/a><\/h4>\n\t\t\t\t<a href=\"https:\/\/211md.org\/de\/ressourcen\/kinder-familien\/\" target=\"_blank\" rel=\"noopener\" itemprop=\"url\">\n\t\t\t\t<img decoding=\"async\" src=\"https:\/\/211md.org\/wp-content\/uploads\/bb-plugin\/cache\/2025_MdInfoNet_Icon-Sets_Child-Care-square-a9a0002f8a1c05e3f89f8b914f61699f-.png\" alt=\"\" itemprop=\"image\" onerror=\"this.style.display='none'\" loading=\"lazy\" \/>\n\t\t\t\t<\/a>\n\t\t<h4><a href=\"\/de\/ressourcen\/hausliche-familiare-gewalt\/\" target=\"_self\">H\u00e4usliche Gewalt<\/a><\/h4>\n\t\t\t\t<a href=\"\/de\/ressourcen\/hausliche-familiare-gewalt\/\"  target=\"_self\" itemprop=\"url\">\n\t\t\t\t<img decoding=\"async\" src=\"https:\/\/211md.org\/wp-content\/uploads\/bb-plugin\/cache\/2025_MdInfoNet_Icon-Sets_Protection-square-ed94a34c5cb05f036201f3e0966332c1-.png\" alt=\"2025_MdInfoNet_Icon Sets_Schutz\" itemprop=\"image\" title=\"2025_MdInfoNet_Icon Sets_Schutz\" onerror=\"this.style.display='none'\" loading=\"lazy\" \/>\n\t\t\t\t<\/a>\n\t\t<h4><a href=\"\/de\/ressourcen\/arbeitssuche\/\" target=\"_self\">Besch\u00e4ftigung<\/a><\/h4>\n\t\t\t\t<a href=\"\/de\/ressourcen\/arbeitssuche\/\"  target=\"_self\" itemprop=\"url\">\n\t\t\t\t<img decoding=\"async\" src=\"https:\/\/211md.org\/wp-content\/uploads\/bb-plugin\/cache\/2025_MdInfoNet_Icon-Sets_Employment-square-44707bd410e4df10a470bf130ebcea86-.png\" alt=\"2025_MdInfoNet_Icon Sets_Besch\u00e4ftigung\" itemprop=\"image\" title=\"2025_MdInfoNet_Icon Sets_Besch\u00e4ftigung\" onerror=\"this.style.display='none'\" loading=\"lazy\" \/>\n\t\t\t\t<\/a>\n\t\t<h4><a href=\"\/de\/ressourcen\/gesundheitswesen\/\" target=\"_self\">Gesundheitsvorsorge<\/a><\/h4>\n\t\t\t\t<a href=\"\/de\/ressourcen\/gesundheitswesen\/\"  target=\"_self\" itemprop=\"url\">\n\t\t\t\t<img decoding=\"async\" src=\"https:\/\/211md.org\/wp-content\/uploads\/bb-plugin\/cache\/2025_MdInfoNet_Icon-Sets_Health-Care-square-dee98a0060cbe0e7f27eda253fc12679-.png\" alt=\"2025_MdInfoNet_Icon Sets_Gesundheitswesen\" itemprop=\"image\" title=\"2025_MdInfoNet_Icon Sets_Gesundheitswesen\" onerror=\"this.style.display='none'\" loading=\"lazy\" \/>\n\t\t\t\t<\/a>\n\t\t<h4><a href=\"\/de\/ressourcen\/kinder-familien\/verwandtschaftspflege\/\" target=\"_self\">Verwandtschaft<\/a><\/h4>\n\t\t\t\t<a href=\"\/de\/ressourcen\/kinder-familien\/verwandtschaftspflege\/\"  target=\"_self\" itemprop=\"url\">\n\t\t\t\t<img decoding=\"async\" src=\"https:\/\/211md.org\/wp-content\/uploads\/bb-plugin\/cache\/2025_MdInfoNet_Icon-Sets_Community-square-4956d72cf95aef42b6ee5fc6feb149ef-.png\" alt=\"2025_MdInfoNet_Icon Sets_Community\" itemprop=\"image\" title=\"2025_MdInfoNet_Icon Sets_Community\" onerror=\"this.style.display='none'\" loading=\"lazy\" \/>\n\t\t\t\t<\/a>\n\t\t<h4><a href=\"\/de\/ressourcen\/rechtsberatung\/\" target=\"_self\">Rechtsberatung<\/a><\/h4>\n\t\t\t\t<a href=\"\/de\/ressourcen\/rechtsberatung\/\"  target=\"_self\" itemprop=\"url\">\n\t\t\t\t<img decoding=\"async\" src=\"https:\/\/211md.org\/wp-content\/uploads\/bb-plugin\/cache\/2025_MdInfoNet_Icon-Sets_Legal-square-18fdf438feb8435588174d9046463257-.png\" alt=\"2025_MdInfoNet_Icon Sets_Legal\" itemprop=\"image\" title=\"2025_MdInfoNet_Icon Sets_Legal\" onerror=\"this.style.display='none'\" loading=\"lazy\" \/>\n\t\t\t\t<\/a>\n\t\t<h4><a href=\"\/de\/ressourcen\/psychische-gesundheit\/\" target=\"_self\">Psychische Gesundheit<\/a><\/h4>\n\t\t\t\t<a href=\"\/de\/ressourcen\/psychische-gesundheit\/\"  target=\"_self\" itemprop=\"url\">\n\t\t\t\t<img decoding=\"async\" src=\"https:\/\/211md.org\/wp-content\/uploads\/bb-plugin\/cache\/2025_MdInfoNet_Icon-Sets_Mental-Health-square-c59b38c4a993a947d4c9280fbe2d2fee-.png\" alt=\"2025_MdInfoNet_Icon Sets_Psychische Gesundheit\" itemprop=\"image\" title=\"2025_MdInfoNet_Icon Sets_Psychische Gesundheit\" onerror=\"this.style.display='none'\" loading=\"lazy\" \/>\n\t\t\t\t<\/a>\n\t\t<h4><a href=\"\/de\/ressourcen\/mdreentry\/\" target=\"_self\">Wiedereintritt<\/a><\/h4>\n\t\t\t\t<a href=\"\/de\/ressourcen\/mdreentry\/\"  target=\"_self\" itemprop=\"url\">\n\t\t\t\t<img decoding=\"async\" src=\"https:\/\/211md.org\/wp-content\/uploads\/bb-plugin\/cache\/2025_MdInfoNet_Icon-Sets_Partnership-square-daedf11c7eeda165b0fe97a4a84b80e0-.png\" alt=\"2025_MdInfoNet_Icon Sets_Partnerschaft\" itemprop=\"image\" title=\"2025_MdInfoNet_Icon Sets_Partnerschaft\" onerror=\"this.style.display='none'\" loading=\"lazy\" \/>\n\t\t\t\t<\/a>\n\t\t<h4><a href=\"\/de\/ressourcen\/substanzgebrauch\/\" target=\"_self\">Substanzgebrauch<\/a><\/h4>\n\t\t\t\t<a href=\"\/de\/ressourcen\/substanzgebrauch\/\"  target=\"_self\" itemprop=\"url\">\n\t\t\t\t<img decoding=\"async\" src=\"https:\/\/211md.org\/wp-content\/uploads\/bb-plugin\/cache\/2025_MdInfoNet_Icon-Sets_Substance-Abuse-square-9022fec9d18a64118ad685c101885b55-.png\" alt=\"2025_MdInfoNet_Icon Sets_Substance Abuse\" itemprop=\"image\" title=\"2025_MdInfoNet_Icon Sets_Substance Abuse\" onerror=\"this.style.display='none'\" loading=\"lazy\" \/>\n\t\t\t\t<\/a>\n\t\t<h4><a href=\"\/de\/ressourcen\/veteranen\/\" target=\"_self\">Veteranen<\/a><\/h4>\n\t\t\t\t<a href=\"\/de\/ressourcen\/veteranen\/\"  target=\"_self\" itemprop=\"url\">\n\t\t\t\t<img decoding=\"async\" src=\"https:\/\/211md.org\/wp-content\/uploads\/bb-plugin\/cache\/2025_MdInfoNet_Icon-Sets_Rating-square-6e60d00cce4faa8e0a6d4ad7366aa733-.png\" alt=\"2025_MdInfoNet_Icon Sets_Bewertung\" itemprop=\"image\" title=\"2025_MdInfoNet_Icon Sets_Bewertung\" onerror=\"this.style.display='none'\" loading=\"lazy\" \/>\n\t\t\t\t<\/a>","protected":false},"excerpt":{"rendered":"<p>Haben Sie ein Rechtsproblem? Auch wenn es \u00fcberw\u00e4ltigend erscheinen mag, gibt es f\u00fcr Marylander kostenlose und kosteng\u00fcnstige Rechtshilfe und Ressourcen. Mid-Shore Pro Bono, die die Ostk\u00fcste betreut, berichtet, dass sich ausgerechnet 80%, die in Maryland Rechtshilfe in einer Zivilsache ben\u00f6tigen, diese nicht leisten k\u00f6nnen. Rechtsbeistand finden 211\u2026<\/p>","protected":false},"author":8,"featured_media":1905,"parent":930,"menu_order":0,"comment_status":"closed","ping_status":"closed","template":"","meta":{"footnotes":""},"class_list":["post-928","page","type-page","status-publish","has-post-thumbnail","hentry"],"_links":{"self":[{"href":"https:\/\/211md.org\/de\/wp-json\/wp\/v2\/pages\/928","targetHints":{"allow":["GET"]}}],"collection":[{"href":"https:\/\/211md.org\/de\/wp-json\/wp\/v2\/pages"}],"about":[{"href":"https:\/\/211md.org\/de\/wp-json\/wp\/v2\/types\/page"}],"author":[{"embeddable":true,"href":"https:\/\/211md.org\/de\/wp-json\/wp\/v2\/users\/8"}],"replies":[{"embeddable":true,"href":"https:\/\/211md.org\/de\/wp-json\/wp\/v2\/comments?post=928"}],"version-history":[{"count":3,"href":"https:\/\/211md.org\/de\/wp-json\/wp\/v2\/pages\/928\/revisions"}],"predecessor-version":[{"id":33658,"href":"https:\/\/211md.org\/de\/wp-json\/wp\/v2\/pages\/928\/revisions\/33658"}],"up":[{"embeddable":true,"href":"https:\/\/211md.org\/de\/wp-json\/wp\/v2\/pages\/930"}],"wp:featuredmedia":[{"embeddable":true,"href":"https:\/\/211md.org\/de\/wp-json\/wp\/v2\/media\/1905"}],"wp:attachment":[{"href":"https:\/\/211md.org\/de\/wp-json\/wp\/v2\/media?parent=928"}],"curies":[{"name":"wp","href":"https:\/\/api.w.org\/{rel}","templated":true}]}}