{"id":955,"date":"2021-04-15T18:59:01","date_gmt":"2021-04-15T18:59:01","guid":{"rendered":"https:\/\/211md.org\/?page_id=955"},"modified":"2025-12-01T11:05:08","modified_gmt":"2025-12-01T16:05:08","slug":"heizkosten","status":"publish","type":"page","link":"https:\/\/211md.org\/de\/resources\/utility-assistance\/heating-bills\/","title":{"rendered":"Holen Sie sich finanzielle Hilfe bei Ihrer Heizungsrechnung in Maryland"},"content":{"rendered":"<img decoding=\"async\" src=\"https:\/\/stg-maryland211-staging.kinsta.cloud\/wp-content\/uploads\/2025\/08\/5-1-scaled.png\" alt=\"5\" itemprop=\"image\" height=\"692\" width=\"2560\" title=\"5\" onerror=\"this.style.display='none'\" loading=\"lazy\" \/>\n\t\t<p>Stay warm during the winter with utility assistance programs that offset the costs of the heating bill.\u00a0<\/p>\n<p>Learn about the heating programs available to help. You can also dial 211 at any time to speak with a caring person who will connect you to utility help.<\/p>\n\t\t\t<a href=\"#start\" target=\"_self\">\n\t\t\t\t\t\tErste Schritte\n\t\t\t\t\t<\/a>\n\t\t\t\t<img decoding=\"async\" src=\"https:\/\/211md.org\/wp-content\/plugins\/bb-plugin\/img\/pixel.png\" alt=\"\" itemprop=\"image\" onerror=\"this.style.display='none'\" loading=\"lazy\" \/>\n\t\t\t\t<img decoding=\"async\" src=\"https:\/\/stg-maryland211-staging.kinsta.cloud\/wp-content\/uploads\/2025\/08\/16.png\" alt=\"16\" itemprop=\"image\" height=\"1000\" width=\"1000\" title=\"16\" onerror=\"this.style.display='none'\" loading=\"lazy\" \/>\n\t\t\t\t<img decoding=\"async\" src=\"http:\/\/211md.org\/wp-content\/uploads\/2025\/01\/mom-trying-to-stay-warm-holding-son.jpg\" alt=\"Mama versucht, warm zu bleiben und h\u00e4lt Sohn\" itemprop=\"image\" title=\"Mama versucht, warm zu bleiben und h\u00e4lt Sohn\" onerror=\"this.style.display='none'\" loading=\"lazy\" \/>\n\t<h2>Soforthilfe bei einer Heizkostenabrechnung<\/h2>\n<p>F\u00fcr anspruchsberechtigte Haushalte, die kurzfristig Hilfe bei der Bezahlung ihrer Heizkostenabrechnung ben\u00f6tigen, gibt es mehrere M\u00f6glichkeiten:<\/p>\n<ul>\n<li>Ein Zuschuss vom Office of Home Energy Programs (OHEP).<\/li>\n<li>Unterst\u00fctzung aus dem Treibstofffonds.<\/li>\n<li>Abschaltschutz im Winter.<\/li>\n<li>Hilfe von \u00f6rtlichen Wohlt\u00e4tigkeitsorganisationen oder religi\u00f6sen Organisationen.<\/li>\n<li>Wetterschutzprogramme.<\/li>\n<\/ul>\n<p>Wie finden Sie die beste L\u00f6sung f\u00fcr Ihre Situation?<\/p>\n<ol>\n<li><strong>W\u00e4hlen Sie 2-1-1<\/strong>. Unsere f\u00fcrsorglichen Ressourcenspezialisten k\u00f6nnen Sie mit dem entsprechenden Hilfspersonal in Verbindung bringen.<\/li>\n<li><strong><a href=\"https:\/\/search.211md.org\/search?query=Office+of+Home+Energy+Programs&amp;query_label=Office+of+Home+Energy+Programs&amp;query_type=text\" target=\"_blank\" rel=\"noopener\">Durchsuchen Sie unsere Datenbank<\/a> <\/strong>um staatliche Zusch\u00fcsse und lokale Organisationen zu finden, die bereit sind, bei Heizkostenabrechnungen zu helfen.<\/li>\n<li>Erfahren Sie mehr \u00fcber die\u00a0<strong>Heizungsunterst\u00fctzungsprogramme<\/strong> und Teilnahmeberechtigung weiter unten.<\/li>\n<\/ol>\n\t<h2>Amt f\u00fcr Energieprogramme f\u00fcr Privathaushalte (OHEP)<\/h2>\n<p>Bleiben Sie warm mit Programmen von <a href=\"https:\/\/dhs.maryland.gov\/office-of-home-energy-programs\/local-home-energy-program-office\/\" target=\"_blank\" rel=\"noreferrer noopener\">Amt f\u00fcr Energieprogramme f\u00fcr Privathaushalte (OHEP)<\/a>. Einkommensberechtigte Haushalte in Maryland haben m\u00f6glicherweise Anspruch auf Unterst\u00fctzung bei der Bezahlung ihrer Stromrechnung und beim Heizen im Winter. Informieren Sie sich \u00fcber die verschiedenen OHEP-Programme, die bei der Bezahlung der Heizkosten helfen k\u00f6nnen.<\/p>\n<h4><em>Maryland Energy Assistance Program (MEAP)<\/em><\/h4>\n<p>Das Maryland Energy Assistance Program (MEAP) gew\u00e4hrt einkommensberechtigten Familien Heizkostenzusch\u00fcsse. Sie ben\u00f6tigen keine Abschaltmitteilung, um Hilfe zu erhalten.<\/p>\n<p>Den Zuschuss zahlt Ihr Brennstofflieferant oder Ihr Energieversorger in Ihrem Namen.<\/p>\n<p>Zus\u00e4tzlich zu MEAP haben Sie m\u00f6glicherweise Anspruch auf weitere Heizprogramme.<\/p>\n<h4><em>Programm zum Schutz von Versorgungsleistungen (USPP)<\/em><\/h4>\n<p>Bei allen MEAP-berechtigten Kunden darf die Heizung im Winter nicht abgestellt werden. Dieser Schutz wird durch das Utility Service Protection Program (USPP) angeboten.<\/p>\n<p>Erfahren Sie, wie Sie diese Hilfe beantragen und den Antrag ausf\u00fcllen k\u00f6nnen in <a href=\"https:\/\/211md.org\/de\/ressourcen\/utility-unterstutzung\/\">211&#039;s Hilfsleitfaden f\u00fcr Versorgungsunternehmen<\/a>.<\/p>\n<h4><em>Elektrisches Universaldienstprogramm (EUSP)<\/em><\/h4>\n<p>Wenn Ihr Haus \u00fcber eine elektrische Heizung verf\u00fcgt, <a href=\"http:\/\/www.opc.maryland.gov\/Home\/Energy-Assistance-Tool-Kit\" target=\"_blank\" rel=\"noreferrer noopener\">Maryland B\u00fcro des Volksanwalts<\/a> empfiehlt, im Antrag auf Energiebeihilfe f\u00fcr Privathaushalte MEAP und EUSP auszuw\u00e4hlen.<\/p>\n<p>EUSP \u00fcbernimmt einen Teil Ihrer aktuellen Stromrechnung. Sie erhalten au\u00dferdem einen Budgettarif mit Ihrem Stromversorger, um die Kosten Ihrer Rechnungen gleichm\u00e4\u00dfig \u00fcber das Jahr zu verteilen. So vermeiden Sie Rechnungserh\u00f6hungen in den kalten Wintermonaten oder in der Sommerhitze.<\/p>\n<h4><em>Unterst\u00fctzung bei der Altersvorsorge f\u00fcr Gas<\/em><\/h4>\n<p>Die <strong>Gas<\/strong>\u00a0<strong>Rentenbeihilfe bei Zahlungsverzug<\/strong>\u00a0(GARA) Programm hilft Kunden mit \u00fcberf\u00e4lligen Strom- und Gasrechnungen, die mehr als $300 betragen. Berechtigte Kunden k\u00f6nnen bis zu $2.000 auf ihre Stromrechnung gutschreiben.<\/p>\n<p>Seien Sie vorsichtig, wenn Sie dieses Stipendium beantragen\u00a0<u>einmal alle sieben Jahre f\u00fcr Kunden verf\u00fcgbar<\/u>, mit gewissen Ausnahmen.<\/p>\n<h3>Heizkostenhilfe beantragen<\/h3>\n<p>Bereit, Hilfe zu beantragen? Folge dies\u00a0<a href=\"https:\/\/211md.org\/de\/utility-unterstutzung\/\" target=\"_blank\" rel=\"noopener\">Schritt f\u00fcr Schritt Anleitung<\/a> um zu verstehen, wie der Antrag auszuf\u00fcllen ist, welche h\u00e4ufigen Fehler zu vermeiden sind und welche Unterlagen erforderlich sind.<\/p>\n<p>Wenn Sie bereit sind, direkt mit der Bewerbung fortzufahren, bewerben Sie sich jetzt\u00a0<a href=\"https:\/\/mydhrbenefits.dhr.state.md.us\/dashboardClient\/#\/home\" target=\"_blank\" rel=\"noopener\">Energieunterst\u00fctzungsvorteile in Maryland<\/a>.<\/p>\n\t\t\t\t<a href=\"https:\/\/search.211md.org\/\" target=\"_blank\" rel=\"noopener\" itemprop=\"url\">\n\t\t\t\t<img decoding=\"async\" src=\"https:\/\/stg-maryland211-staging.kinsta.cloud\/wp-content\/uploads\/2025\/08\/2025_MdInfoNet_Icon-Sets-white_Locate.png\" alt=\"\" itemprop=\"image\" onerror=\"this.style.display='none'\" loading=\"lazy\" \/>\n\t\t\t\t<\/a>\n<h2><a href=\"https:\/\/search.211md.org\/\" target=\"_blank\" rel=\"noopener\">Jetzt Ressourcen finden<\/a><\/h2><p>Finden <strong>Community-Ressourcen <\/strong>f\u00fcr Lebensmittel, Gesundheitsversorgung, Unterkunft und mehr in unserer Datenbank. Suche nach Postleitzahl.<\/p>\n\t\t\t<a href=\"https:\/\/search.211md.org\/\" target=\"_blank\" rel=\"noopener\">\n\t\t\t\t\t\t\tJetzt suchen\n\t\t\t<\/a>\n\t\t\t\t<img decoding=\"async\" src=\"http:\/\/211md.org\/wp-content\/uploads\/2025\/12\/cold-woman-looking-at-heating-bill.jpg\" alt=\"Cold woman looking at heating bill\" itemprop=\"image\" title=\"cold woman looking at heating bill\" onerror=\"this.style.display='none'\" loading=\"lazy\" \/>\n\t<h2>Amt f\u00fcr Energieprogramme f\u00fcr Privathaushalte (OHEP)<\/h2>\n<p>Bleiben Sie warm mit Programmen von <a href=\"https:\/\/dhs.maryland.gov\/office-of-home-energy-programs\/local-home-energy-program-office\/\" target=\"_blank\" rel=\"noreferrer noopener\">Amt f\u00fcr Energieprogramme f\u00fcr Privathaushalte (OHEP)<\/a>. Einkommensberechtigte Haushalte in Maryland haben m\u00f6glicherweise Anspruch auf Unterst\u00fctzung bei der Bezahlung ihrer Stromrechnung und beim Heizen im Winter. Informieren Sie sich \u00fcber die verschiedenen OHEP-Programme, die bei der Bezahlung der Heizkosten helfen k\u00f6nnen.<\/p>\n<h4><em>Maryland Energy Assistance Program (MEAP)<\/em><\/h4>\n<p>Das Maryland Energy Assistance Program (MEAP) gew\u00e4hrt einkommensberechtigten Familien Heizkostenzusch\u00fcsse. Sie ben\u00f6tigen keine Abschaltmitteilung, um Hilfe zu erhalten.<\/p>\n<p>Den Zuschuss zahlt Ihr Brennstofflieferant oder Ihr Energieversorger in Ihrem Namen.<\/p>\n<p>Zus\u00e4tzlich zu MEAP haben Sie m\u00f6glicherweise Anspruch auf weitere Heizprogramme.<\/p>\n<h4><em>Programm zum Schutz von Versorgungsleistungen (USPP)<\/em><\/h4>\n<p>Bei allen MEAP-berechtigten Kunden darf die Heizung im Winter nicht abgestellt werden. Dieser Schutz wird durch das Utility Service Protection Program (USPP) angeboten.<\/p>\n<p>Erfahren Sie, wie Sie diese Hilfe beantragen und den Antrag ausf\u00fcllen k\u00f6nnen in <a href=\"https:\/\/211md.org\/de\/ressourcen\/utility-unterstutzung\/\">211&#039;s Hilfsleitfaden f\u00fcr Versorgungsunternehmen<\/a>.<\/p>\n<h4><em>Elektrisches Universaldienstprogramm (EUSP)<\/em><\/h4>\n<p>Wenn Ihr Haus \u00fcber eine elektrische Heizung verf\u00fcgt, <a href=\"http:\/\/www.opc.maryland.gov\/Home\/Energy-Assistance-Tool-Kit\" target=\"_blank\" rel=\"noreferrer noopener\">Maryland B\u00fcro des Volksanwalts<\/a> empfiehlt, im Antrag auf Energiebeihilfe f\u00fcr Privathaushalte MEAP und EUSP auszuw\u00e4hlen.<\/p>\n<p>EUSP \u00fcbernimmt einen Teil Ihrer aktuellen Stromrechnung. Sie erhalten au\u00dferdem einen Budgettarif mit Ihrem Stromversorger, um die Kosten Ihrer Rechnungen gleichm\u00e4\u00dfig \u00fcber das Jahr zu verteilen. So vermeiden Sie Rechnungserh\u00f6hungen in den kalten Wintermonaten oder in der Sommerhitze.<\/p>\n\t<h4><em>Unterst\u00fctzung bei der Altersvorsorge f\u00fcr Gas<\/em><\/h4>\n<p>Die <strong>Gas<\/strong>\u00a0<strong>Rentenbeihilfe bei Zahlungsverzug<\/strong>\u00a0(GARA) Programm hilft Kunden mit \u00fcberf\u00e4lligen Strom- und Gasrechnungen, die mehr als $300 betragen. Berechtigte Kunden k\u00f6nnen bis zu $2.000 auf ihre Stromrechnung gutschreiben.<\/p>\n<p>Seien Sie vorsichtig, wenn Sie dieses Stipendium beantragen\u00a0<u>einmal alle sieben Jahre f\u00fcr Kunden verf\u00fcgbar<\/u>, mit gewissen Ausnahmen.<\/p>\n<h3>Heizkostenhilfe beantragen<\/h3>\n<p>Bereit, Hilfe zu beantragen? Folge dies\u00a0<a href=\"https:\/\/211md.org\/de\/utility-unterstutzung\/\" target=\"_blank\" rel=\"noopener\">Schritt f\u00fcr Schritt Anleitung<\/a> um zu verstehen, wie der Antrag auszuf\u00fcllen ist, welche h\u00e4ufigen Fehler zu vermeiden sind und welche Unterlagen erforderlich sind.<\/p>\n<p>Wenn Sie bereit sind, direkt mit der Bewerbung fortzufahren, bewerben Sie sich jetzt\u00a0<a href=\"https:\/\/mydhrbenefits.dhr.state.md.us\/dashboardClient\/#\/home\" target=\"_blank\" rel=\"noopener\">Energieunterst\u00fctzungsvorteile in Maryland<\/a>.<\/p>\n\t<h3>Maryland Fuel Fund<\/h3>\n<p>Die OHEP-Zusch\u00fcsse decken m\u00f6glicherweise nicht Ihre gesamte Heizkostenrechnung. Oder Sie haben m\u00f6glicherweise keinen Anspruch auf Hilfe. <a href=\"https:\/\/fuelfundmaryland.org\/\" target=\"_blank\" rel=\"noreferrer noopener\">Treibstofffonds von Maryland<\/a> kann in diesen F\u00e4llen m\u00f6glicherweise helfen.<\/p>\n<p>Wenn Sie nach der Beantragung staatlicher Zusch\u00fcsse weitere Hilfe ben\u00f6tigen, wenden Sie sich an den Fuel Fund. Sie m\u00fcssen zun\u00e4chst den OHEP-Antrag auf Energiebeihilfe ausf\u00fcllen.<\/p>\n<p>Diese Personen k\u00f6nnen Anspruch auf den Treibstofffonds haben:<\/p>\n<ul>\n<li>BGE-Kunden oder Privatpersonen, denen in den Wintermonaten November bis M\u00e4rz der Brennstoff in gro\u00dfen Mengen ausgeht oder fast ausgeht.<\/li>\n<li>Habe in den letzten 365 Tagen keine Hilfe aus dem Treibstofffonds erhalten.<\/li>\n<li>Die Stromversorgung des Geh\u00e4uses ist unterbrochen.<\/li>\n<li>Aktiver BGE-Abschalthinweis.<\/li>\n<li>In den letzten 365 Tagen 4 erfolgreiche Zahlungen get\u00e4tigt.<\/li>\n<\/ul>\n<p>Eine Auszahlung aus dem Fonds ist nur einmal im Jahr m\u00f6glich. Die F\u00f6rdersumme ist begrenzt. <a href=\"https:\/\/fuelfundmaryland.org\/apply\" target=\"_blank\" rel=\"noopener\">Beantragen Sie einen Beitrag zum Treibstofffonds<\/a>.<\/p>\n\t\t\t\t<img decoding=\"async\" src=\"http:\/\/211md.org\/wp-content\/uploads\/2025\/07\/Man-turning-on-thermostat.jpg\" alt=\"Mann schaltet Thermostat ein\" itemprop=\"image\" title=\"Mann schaltet Thermostat ein\" onerror=\"this.style.display='none'\" loading=\"lazy\" \/>\n\t<h3>Andere M\u00f6glichkeiten, Hilfe bei einer Heizkostenabrechnung zu erhalten<\/h3>\n<p>Es gibt eine Reihe lokaler religi\u00f6ser Organisationen und Wohlt\u00e4tigkeitsorganisationen, die lokalen Familien zus\u00e4tzliche finanzielle Unterst\u00fctzung bieten. Sie finden diese Gruppen, indem Sie suchen <a href=\"http:\/\/search.211md.org\" target=\"_blank\" rel=\"noopener\">211 Marylands Datenbank f\u00fcr Gemeinschaftsressourcen<\/a>.<\/p>\n<p>Sie k\u00f6nnen auch Ihren Energieversorger anrufen und fragen, ob er Ihnen helfen kann. Hier sind die Telefonnummern, unter denen Sie die Energiehilfeprogramme erreichen:<\/p>\n<ul>\n<li><a href=\"http:\/\/www.bge.com\/MyAccount\/CustomerSupport\/Pages\/BillPaymentAssistance.aspx\" target=\"_blank\" rel=\"noreferrer noopener\">BGE<\/a>\u00a0&#8211; 800-685-0123<\/li>\n<li><a href=\"http:\/\/www.pepco.com\/MyAccount\/CustomerSupport\/Pages\/MD\/BillPaymentAssistance.aspx\" target=\"_blank\" rel=\"noreferrer noopener\">Pepco<\/a>\u00a0&#8211; 202-833-7500<\/li>\n<li><a href=\"http:\/\/www.delmarva.com\/MyAccount\/CustomerSupport\/Pages\/DE\/BillPaymentAssistance.aspx\" target=\"_blank\" rel=\"noreferrer noopener\">Delmarva-Macht<\/a>\u00a0&#8211; 800-375-7117<\/li>\n<li><a href=\"http:\/\/www.firstenergycorp.com\/help\/billingpayments\/assistance_serviceprogram\/potomac_edison_maryland.html\" target=\"_blank\" rel=\"noreferrer noopener\">Potomac Edison<\/a>\u00a0&#8211; 800-686-0011<\/li>\n<li><a href=\"https:\/\/www.columbiagasmd.com\/bills-and-payments\/financial-support\/income-eligible-assistance-programs#:~:text=Maryland%20Energy%20Assistance%20Program%20(MEAP,-800-272-2714.\" target=\"_blank\" rel=\"noreferrer noopener\">Columbia-Gas<\/a>\u00a0888-927-4427<\/li>\n<li><a href=\"http:\/\/www.smeco.coop\/account\/universal-service-program\" target=\"_blank\" rel=\"noreferrer noopener\">SMECO<\/a>\u00a0888-4440-3311<\/li>\n<li><a href=\"https:\/\/www.washingtongas.com\/home-owners\/savings\/energy-assistance\" target=\"_blank\" rel=\"noreferrer noopener\">Washington-Gas<\/a>\u00a0&#8211; 844-927-4427<\/li>\n<\/ul>\n\t<h2>Verwitterungsprogramme<\/h2>\n<p>Sie k\u00f6nnen auch Ma\u00dfnahmen ergreifen, um Ihr Zuhause energieeffizienter zu machen. Dies kann in den Winter- und Sommermonaten helfen. Das Abdichten von Fenstern, das Abdichten von T\u00fcren und die Isolierung sind gro\u00dfartige M\u00f6glichkeiten, die Betriebskosten zu senken.<\/p>\n<p>Die\u00a0<a href=\"https:\/\/dhcd.maryland.gov\/Pages\/EnergyEfficiency\/default.aspx\" target=\"_blank\" rel=\"noreferrer noopener\">Ministerium f\u00fcr Wohnungswesen und Gemeindeentwicklung von Maryland<\/a>\u00a0verf\u00fcgt \u00fcber eine Reihe von Programmen, die allen Hausbesitzern helfen, die Effizienz ihres Hauses zu verbessern. Die Programme helfen bei Isolierung, Ofenreparatur und -austausch, Verbesserungen des Warmwassersystems und anderen Gesundheits- und Sicherheitsverbesserungen.<\/p>\n<p>es gibt auch\u00a0<a href=\"https:\/\/dhcd.maryland.gov\/Residents\/Pages\/wap\/Default.aspx\" target=\"_blank\" rel=\"noopener\">Verwitterungs- und Energiesparprogramme<\/a>\u00a0f\u00fcr einkommensschwache Einwohner von Maryland verf\u00fcgbar. Sie k\u00f6nnen sich f\u00fcr ein kostenloses Energieaudit qualifizieren, um Problembereiche und Hausreparaturen zu identifizieren. Das einkommensberechtigte Programm wird auf lokaler Ebene angeboten.<\/p>\n\t\t\t\t<img decoding=\"async\" src=\"https:\/\/211md.org\/wp-content\/plugins\/bb-plugin\/img\/pixel.png\" alt=\"\" itemprop=\"image\" onerror=\"this.style.display='none'\" loading=\"lazy\" \/>\n\t\t\t\t<img decoding=\"async\" src=\"https:\/\/211md.org\/wp-content\/uploads\/bb-plugin\/cache\/Call-center-specialst-circle-4e9ecd7b3425be4576416abc911049bb-.jpg\" alt=\"Callcenter-Spezialist\" itemprop=\"image\" title=\"Callcenter-Spezialist\" onerror=\"this.style.display='none'\" loading=\"lazy\" \/>\n<h2>W\u00e4hlen Sie 211<\/h2><p>Sprechen Sie rund um die Uhr mit einer f\u00fcrsorglichen und mitf\u00fchlenden Person. Sie kann Sie auch mit Ressourcen verbinden.\u00a0<\/p>\n\t\t\t<a href=\"tel:%20+211\" target=\"_blank\" rel=\"noopener\">\n\t\t\t\t\t\tW\u00e4hlen Sie 211 (mobil)\n\t\t\t\t\t<\/a>\n\t<h2>More Utility Help<\/h2>\n\t\t<h4><a href=\"\/de\/ressourcen\/alterungsbehinderung\/?utm_source=Home&#038;utm_medium=Referral&#038;utm_campaign=211Resources&#038;utm_content=Aging\" target=\"_self\">Alter &amp; Behinderung<\/a><\/h4>\n\t\t\t\t<a href=\"\/de\/ressourcen\/alterungsbehinderung\/?utm_source=Home&#038;utm_medium=Referral&#038;utm_campaign=211Resources&#038;utm_content=Aging\"  target=\"_self\" itemprop=\"url\">\n\t\t\t\t<img decoding=\"async\" src=\"https:\/\/211md.org\/wp-content\/uploads\/bb-plugin\/cache\/2025_MdInfoNet_Icon-Sets_Aging-disability-square-c466727102cae71e5f27b8539bb51945-.png\" alt=\"\" itemprop=\"image\" onerror=\"this.style.display='none'\" loading=\"lazy\" \/>\n\t\t\t\t<\/a>\n\t\t<h4><a href=\"\/de\/ressourcen\/kinder-familien\/?utm_source=Home&#038;utm_medium=Referral&#038;utm_campaign=211Resources&#038;utm_content=Children\" target=\"_self\">Kinder &amp; Familien<\/a><\/h4>\n\t\t\t\t<a href=\"\/de\/ressourcen\/kinder-familien\/?utm_source=Home&#038;utm_medium=Referral&#038;utm_campaign=211Resources&#038;utm_content=Children\"  target=\"_self\" itemprop=\"url\">\n\t\t\t\t<img decoding=\"async\" src=\"https:\/\/211md.org\/wp-content\/uploads\/bb-plugin\/cache\/2025_211_Icon-Sets_Child-care-square-f3b0d4edab3dcc467fadb5f55f4064c6-.png\" alt=\"parent and child icon for child care\" itemprop=\"image\" height=\"417\" width=\"417\" title=\"2025_211_Icon Sets_Kinderbetreuung\" onerror=\"this.style.display='none'\" loading=\"lazy\" \/>\n\t\t\t\t<\/a>\n\t\t<h4><a href=\"\/de\/ressourcen\/hausliche-familiare-gewalt\/?utm_source=Home&#038;utm_medium=Referral&#038;utm_campaign=211Resources&#038;utm_content=Domestic\" target=\"_self\">H\u00e4usliche Gewalt<\/a><\/h4>\n\t\t\t\t<a href=\"\/de\/ressourcen\/hausliche-familiare-gewalt\/?utm_source=Home&#038;utm_medium=Referral&#038;utm_campaign=211Resources&#038;utm_content=Domestic\"  target=\"_self\" itemprop=\"url\">\n\t\t\t\t<img decoding=\"async\" src=\"https:\/\/211md.org\/wp-content\/uploads\/bb-plugin\/cache\/2025_211_Icon-Sets_Domestic-Violence-square-7b597694a6f05fe90cdc376aa573bc63-.png\" alt=\"Symbol f\u00fcr h\u00e4usliche Gewalt\" itemprop=\"image\" height=\"417\" width=\"417\" title=\"2025_211_Icon Sets_H\u00e4usliche Gewalt\" onerror=\"this.style.display='none'\" loading=\"lazy\" \/>\n\t\t\t\t<\/a>\n\t\t<h4><a href=\"\/de\/ressourcen\/arbeitssuche\/?utm_source=Home&#038;utm_medium=Referral&#038;utm_campaign=211Resources&#038;utm_content=Employment\" target=\"_self\">Besch\u00e4ftigung<\/a><\/h4>\n\t\t\t\t<a href=\"\/de\/ressourcen\/arbeitssuche\/?utm_source=Home&#038;utm_medium=Referral&#038;utm_campaign=211Resources&#038;utm_content=Employment\"  target=\"_self\" itemprop=\"url\">\n\t\t\t\t<img decoding=\"async\" src=\"https:\/\/211md.org\/wp-content\/uploads\/bb-plugin\/cache\/2025_MdInfoNet_Icon-Sets_Employment-square-44707bd410e4df10a470bf130ebcea86-.png\" alt=\"\" itemprop=\"image\" onerror=\"this.style.display='none'\" loading=\"lazy\" \/>\n\t\t\t\t<\/a>\n\t\t<h4><a href=\"\/de\/ressourcen\/gesundheitswesen\/?utm_source=Home&#038;utm_medium=Referral&#038;utm_campaign=211Resources&#038;utm_content=Health%20Care\" target=\"_self\">Gesundheitsvorsorge<\/a><\/h4>\n\t\t\t\t<a href=\"\/de\/ressourcen\/gesundheitswesen\/?utm_source=Home&#038;utm_medium=Referral&#038;utm_campaign=211Resources&#038;utm_content=Health%20Care\"  target=\"_self\" itemprop=\"url\">\n\t\t\t\t<img decoding=\"async\" src=\"https:\/\/211md.org\/wp-content\/uploads\/bb-plugin\/cache\/2025_MdInfoNet_Icon-Sets_Health-Care-square-dee98a0060cbe0e7f27eda253fc12679-.png\" alt=\"\" itemprop=\"image\" onerror=\"this.style.display='none'\" loading=\"lazy\" \/>\n\t\t\t\t<\/a>\n\t\t<h4><a href=\"\/de\/ressourcen\/kinder-familien\/verwandtschaftspflege\/?utm_source=Home&#038;utm_medium=Referral&#038;utm_campaign=211Resources&#038;utm_content=Kinship\" target=\"_self\">Verwandtschaft<\/a><\/h4>\n\t\t\t\t<a href=\"\/de\/ressourcen\/kinder-familien\/verwandtschaftspflege\/?utm_source=Home&#038;utm_medium=Referral&#038;utm_campaign=211Resources&#038;utm_content=Kinship\"  target=\"_self\" itemprop=\"url\">\n\t\t\t\t<img decoding=\"async\" src=\"https:\/\/211md.org\/wp-content\/uploads\/bb-plugin\/cache\/2025_211_Icon-Sets_Kinship-square-45bdf872866f5735f842c32071109267-.png\" alt=\"Verwandtschaftssymbol\" itemprop=\"image\" height=\"417\" width=\"417\" title=\"2025_211_Icon Sets_Verwandtschaft\" onerror=\"this.style.display='none'\" loading=\"lazy\" \/>\n\t\t\t\t<\/a>\n\t\t<h4><a href=\"\/de\/ressourcen\/rechtsberatung\/?utm_source=Home&#038;utm_medium=Referral&#038;utm_campaign=211Resources&#038;utm_content=Legal\" target=\"_self\">Rechtsberatung<\/a><\/h4>\n\t\t\t\t<a href=\"\/de\/ressourcen\/rechtsberatung\/?utm_source=Home&#038;utm_medium=Referral&#038;utm_campaign=211Resources&#038;utm_content=Legal\"  target=\"_self\" itemprop=\"url\">\n\t\t\t\t<img decoding=\"async\" src=\"https:\/\/211md.org\/wp-content\/uploads\/bb-plugin\/cache\/2025_MdInfoNet_Icon-Sets_Legal-square-18fdf438feb8435588174d9046463257-.png\" alt=\"\" itemprop=\"image\" onerror=\"this.style.display='none'\" loading=\"lazy\" \/>\n\t\t\t\t<\/a>\n\t\t<h4><a href=\"\/de\/ressourcen\/psychische-gesundheit\/?utm_source=Home&#038;utm_medium=Referral&#038;utm_campaign=211Resources&#038;utm_content=Mental\" target=\"_self\">Psychische Gesundheit<\/a><\/h4>\n\t\t\t\t<a href=\"\/de\/ressourcen\/psychische-gesundheit\/?utm_source=Home&#038;utm_medium=Referral&#038;utm_campaign=211Resources&#038;utm_content=Mental\"  target=\"_self\" itemprop=\"url\">\n\t\t\t\t<img decoding=\"async\" src=\"https:\/\/211md.org\/wp-content\/uploads\/bb-plugin\/cache\/2025_MdInfoNet_Icon-Sets_Mental-Health-square-c59b38c4a993a947d4c9280fbe2d2fee-.png\" alt=\"\" itemprop=\"image\" onerror=\"this.style.display='none'\" loading=\"lazy\" \/>\n\t\t\t\t<\/a>\n\t\t<h4><a href=\"\/de\/ressourcen\/mdreentry\/?utm_source=Home&#038;utm_medium=Referral&#038;utm_campaign=211Resources&#038;utm_content=Reentry\" target=\"_self\">Wiedereintritt<\/a><\/h4>\n\t\t\t\t<a href=\"\/de\/ressourcen\/mdreentry\/?utm_source=Home&#038;utm_medium=Referral&#038;utm_campaign=211Resources&#038;utm_content=Reentry\"  target=\"_self\" itemprop=\"url\">\n\t\t\t\t<img decoding=\"async\" src=\"https:\/\/211md.org\/wp-content\/uploads\/bb-plugin\/cache\/2025_211_Icon-Sets_Reentry-square-8676fea38abd920a832f45642fe31cca-.png\" alt=\"Symbol \u201eWiedereintritt\u201c\" itemprop=\"image\" height=\"417\" width=\"417\" title=\"2025_211_Icon Sets_Wiedereintritt\" onerror=\"this.style.display='none'\" loading=\"lazy\" \/>\n\t\t\t\t<\/a>\n\t\t<h4><a href=\"\/de\/ressourcen\/substanzgebrauch\/?utm_source=Home&#038;utm_medium=Referral&#038;utm_campaign=211Resources&#038;utm_content=Substance\" target=\"_self\">Substanzgebrauch<\/a><\/h4>\n\t\t\t\t<a href=\"\/de\/ressourcen\/substanzgebrauch\/?utm_source=Home&#038;utm_medium=Referral&#038;utm_campaign=211Resources&#038;utm_content=Substance\"  target=\"_self\" itemprop=\"url\">\n\t\t\t\t<img decoding=\"async\" src=\"https:\/\/211md.org\/wp-content\/uploads\/bb-plugin\/cache\/2025_MdInfoNet_Icon-Sets_Substance-Abuse-square-9022fec9d18a64118ad685c101885b55-.png\" alt=\"\" itemprop=\"image\" onerror=\"this.style.display='none'\" loading=\"lazy\" \/>\n\t\t\t\t<\/a>\n\t\t<h4><a href=\"\/de\/ressourcen\/veteranen\/?utm_source=Home&#038;utm_medium=Referral&#038;utm_campaign=211Resources&#038;utm_content=Veterans\" target=\"_self\">Veteranen<\/a><\/h4>\n\t\t\t\t<a href=\"\/de\/ressourcen\/veteranen\/?utm_source=Home&#038;utm_medium=Referral&#038;utm_campaign=211Resources&#038;utm_content=Veterans\"  target=\"_self\" itemprop=\"url\">\n\t\t\t\t<img decoding=\"async\" src=\"https:\/\/211md.org\/wp-content\/uploads\/bb-plugin\/cache\/2025_MdInfoNet_Icon-Sets_Rating-square-6e60d00cce4faa8e0a6d4ad7366aa733-.png\" alt=\"\" itemprop=\"image\" onerror=\"this.style.display='none'\" loading=\"lazy\" \/>\n\t\t\t\t<\/a>","protected":false},"excerpt":{"rendered":"<p>Stay warm during the winter with utility assistance programs that offset the costs of the heating bill.\u00a0 Learn about the heating programs available to help. You can also dial 211 at any time to speak with a caring person who will connect you to utility help. Get Started Emergency Help With A Heating Bill There&hellip;<\/p>","protected":false},"author":8,"featured_media":33725,"parent":932,"menu_order":0,"comment_status":"closed","ping_status":"closed","template":"","meta":{"footnotes":""},"class_list":["post-955","page","type-page","status-publish","has-post-thumbnail","hentry"],"_links":{"self":[{"href":"https:\/\/211md.org\/de\/wp-json\/wp\/v2\/pages\/955","targetHints":{"allow":["GET"]}}],"collection":[{"href":"https:\/\/211md.org\/de\/wp-json\/wp\/v2\/pages"}],"about":[{"href":"https:\/\/211md.org\/de\/wp-json\/wp\/v2\/types\/page"}],"author":[{"embeddable":true,"href":"https:\/\/211md.org\/de\/wp-json\/wp\/v2\/users\/8"}],"replies":[{"embeddable":true,"href":"https:\/\/211md.org\/de\/wp-json\/wp\/v2\/comments?post=955"}],"version-history":[{"count":4,"href":"https:\/\/211md.org\/de\/wp-json\/wp\/v2\/pages\/955\/revisions"}],"predecessor-version":[{"id":4859,"href":"https:\/\/211md.org\/de\/wp-json\/wp\/v2\/pages\/955\/revisions\/4859"}],"up":[{"embeddable":true,"href":"https:\/\/211md.org\/de\/wp-json\/wp\/v2\/pages\/932"}],"wp:featuredmedia":[{"embeddable":true,"href":"https:\/\/211md.org\/de\/wp-json\/wp\/v2\/media\/33725"}],"wp:attachment":[{"href":"https:\/\/211md.org\/de\/wp-json\/wp\/v2\/media?parent=955"}],"curies":[{"name":"wp","href":"https:\/\/api.w.org\/{rel}","templated":true}]}}