{"id":958,"date":"2021-04-15T19:32:27","date_gmt":"2021-04-15T19:32:27","guid":{"rendered":"https:\/\/211md.org\/?page_id=958"},"modified":"2026-03-04T10:43:10","modified_gmt":"2026-03-04T15:43:10","slug":"veteranen","status":"publish","type":"page","link":"https:\/\/211md.org\/de\/resources\/veterans\/","title":{"rendered":"Veteranen"},"content":{"rendered":"<figure data-animation-delay=\"0\" data-animation-duration=\"1\" itemscope itemtype=\"https:\/\/schema.org\/ImageObject\">\n\t\t\t\t<img decoding=\"async\" src=\"https:\/\/stg-maryland211-staging.kinsta.cloud\/wp-content\/uploads\/2025\/08\/5-1-scaled.png\" alt=\"5\" height=\"692\" width=\"2560\" title=\"5\" onerror=\"this.style.display='none'\" loading=\"lazy\" \/>\n\t<\/figure>\n\t\t<p>Es gibt viele Leistungen, auf die Veteranen, Milit\u00e4rangeh\u00f6rige und ihre Familien Anspruch haben k\u00f6nnen. <\/p>\n<p>Um sich im Labyrinth der Ressourcen zurechtzufinden, w\u00e4hlen Sie 211, um mit einem Informations- und \u00dcberweisungsspezialisten zu sprechen, oder beginnen Sie mit einem <a href=\"https:\/\/www.va.gov\/REACH\/\" target=\"_blank\" rel=\"noopener\">Selbsteinsch\u00e4tzung<\/a> vom Veteranenministerium.<\/p>\n<p>Entdecken Sie Ressourcen f\u00fcr Herausforderungen im Zusammenhang mit Ihrer Karriere, Ausbildung, Trauer, Verlust, Depression, Isolation, Finanzen, Beziehungen, Behinderung, Lebens\u00fcberg\u00e4ngen und mehr.<\/p>\n\t\t\t<a href=\"#start\"  target=\"_self\">\n\t\t\t\t\t\tErste Schritte\n\t\t\t\t\t<\/a>\n<figure data-animation-delay=\"0\" data-animation-duration=\"1\" itemscope itemtype=\"https:\/\/schema.org\/ImageObject\">\n\t\t\t\t<img decoding=\"async\" src=\"https:\/\/211md.org\/wp-content\/plugins\/bb-plugin\/img\/pixel.png\" alt=\"\" onerror=\"this.style.display='none'\" loading=\"lazy\" \/>\n\t<\/figure>\n<figure data-animation-delay=\"0\" data-animation-duration=\"1.3\" itemscope itemtype=\"https:\/\/schema.org\/ImageObject\">\n\t\t\t\t<img decoding=\"async\" src=\"https:\/\/stg-maryland211-staging.kinsta.cloud\/wp-content\/uploads\/2025\/08\/16.png\" alt=\"16\" height=\"1000\" width=\"1000\" title=\"16\" onerror=\"this.style.display='none'\" loading=\"lazy\" \/>\n\t<\/figure>\n<figure data-animation-delay=\"0\" data-animation-duration=\"1\" itemscope itemtype=\"https:\/\/schema.org\/ImageObject\">\n\t\t\t\t<img decoding=\"async\" src=\"http:\/\/211md.org\/wp-content\/uploads\/2025\/10\/two-older-veterans-helping-each-other-at-park.jpg\" alt=\"zwei \u00e4ltere Veteranen helfen sich gegenseitig im Park\" title=\"zwei \u00e4ltere Veteranen helfen sich gegenseitig im Park\" onerror=\"this.style.display='none'\" loading=\"lazy\" \/>\n\t<\/figure>\n\t<h2>Veteranendienste: Wo soll man anfangen?<\/h2>\n<p>Die\u00a0<a href=\"https:\/\/veterans.maryland.gov\/\" target=\"_blank\" rel=\"noopener\">Ministerium f\u00fcr Veteranenangelegenheiten von Maryland<\/a> verf\u00fcgt \u00fcber \u00f6rtliche Servicemitarbeiter, die Veteranen und berechtigten Angeh\u00f6rigen dabei helfen k\u00f6nnen, Leistungen zu erhalten. Finden Sie eine\u00a0<a href=\"https:\/\/veterans.maryland.gov\/maryland-department-of-veterans-affairs-service-benefits-program\/\" target=\"_blank\" rel=\"noopener\">B\u00fcro in Ihrer N\u00e4he<\/a>.\u00a0<\/p>\n<p>Um mit jemandem im Serviceprogramm zu sprechen, rufen Sie 800-446-4926, Durchwahl an. 6450.\u00a0<\/p>\n<p>In vielen F\u00e4llen ist es am besten, sich bei der Suche nach Informationen zu staatlichen VA-Leistungen an das \u00f6rtliche Leistungsb\u00fcro zu wenden, das Screening und Unterst\u00fctzung bietet, um mit den Programmen in Verbindung zu treten, f\u00fcr die Sie berechtigt sind.\u00a0<a href=\"https:\/\/www.benefits.va.gov\/benefits\/offices.asp\" target=\"_blank\" rel=\"noopener\">Finden Sie ein lokales B\u00fcro in Ihrer N\u00e4he<\/a>\u00a0oder rufen Sie 1-800-827-1000 an.\u00a0<\/p>\n<p>Es gibt auch mehrere Ressourcen in der 211-Datenbank.\u00a0\u00a0<\/p>\n<ul>\n<li><a href=\"https:\/\/search.211md.org\/search?query=FT-1000.9000&amp;query_type=taxonomy&amp;query_label=\" target=\"_blank\" rel=\"noopener\">Veteran Benefits Assistance<\/a><\/li>\n<li data-leveltext=\"\uf0b7\" data-font=\"Symbol\" data-listid=\"7\" aria-setsize=\"-1\" data-aria-posinset=\"1\" data-aria-level=\"1\"><a href=\"https:\/\/search.211md.org\/search?query=NS-1800.9000&amp;query_type=taxonomy&amp;query_label=\" target=\"_blank\" rel=\"noopener\">Veteranenentsch\u00e4digung und Rentenleistungen<\/a><\/li>\n<\/ul>\n\t\t<figure itemscope itemtype=\"https:\/\/schema.org\/ImageObject\">\n\t\t\t\t<img decoding=\"async\" src=\"https:\/\/stg-maryland211-staging.kinsta.cloud\/wp-content\/uploads\/2025\/08\/2025_MdInfoNet_Icon-Sets-white_Locate.png\" alt=\"\" onerror=\"this.style.display='none'\" loading=\"lazy\" \/>\n\t<\/figure>\n<h2>Finden Sie Veteranenressourcen<\/h2><p>Search the 211 Community Resource Database for Veteran-related resources.<\/p>\n\t\t\t<a href=\"https:\/\/search.211md.org\/search?query=FT-1000.9000&#038;query_type=taxonomy&#038;query_label=\" target=\"_blank\" rel=\"noopener\">\n\t\t\t\t\t\t\tHilfe bei Veteranenleistungen\n\t\t\t\t\t<\/a>\n\t\t\t<a href=\"https:\/\/search.211md.org\/search?query=NS-1800.9000&#038;query_type=taxonomy&#038;query_label=\" target=\"_blank\" rel=\"noopener\">\n\t\t\t\t\t\t\tVerg\u00fctung und Leistungen\n\t\t\t\t\t<\/a>\n\t\t\t<a href=\"https:\/\/search.211md.org\/search?query=TM-5100&#038;query_type=taxonomy&#038;query_label=\" target=\"_blank\" rel=\"noopener\">\n\t\t\t\t\t\t\tFamilienberatungsstellen\n\t\t\t\t\t<\/a>\n<figure data-animation-delay=\"0\" data-animation-duration=\"1\" itemscope itemtype=\"https:\/\/schema.org\/ImageObject\">\n\t\t\t\t<img decoding=\"async\" src=\"http:\/\/211md.org\/wp-content\/uploads\/2025\/10\/Veteran-family-supporting-each-other.jpg\" alt=\"Veteranenfamilie unterst\u00fctzt sich gegenseitig\" title=\"Veteranenfamilie unterst\u00fctzt sich gegenseitig\" onerror=\"this.style.display='none'\" loading=\"lazy\" \/>\n\t<\/figure>\n\t<h3><b>Allgemeine Unterst\u00fctzung<\/b>\u00a0<\/h3>\n<p>Das Verteidigungsministerium finanziert\u00a0<a href=\"https:\/\/www.militaryonesource.mil\/\" target=\"_blank\" rel=\"noopener\">Milit\u00e4rische OneSource<\/a>, das individualisierte Beratungen, Coaching und nicht-medizinische Beratung f\u00fcr Steuerdienstleistungen, Geldmanagement, Elternschaft und Kinderbetreuung, Besch\u00e4ftigungshilfe, Webinare, Tools f\u00fcr die Bereitstellung von Umz\u00fcgen und mehr anbietet.\u00a0\u00a0<\/p>\n<p>Viele Mitarbeiter von Military OneSource verf\u00fcgen \u00fcber milit\u00e4rische Erfahrung (Veteranen, Ehepartner, Gardisten, Reservisten) und alle werden fortlaufend in milit\u00e4rischen Angelegenheiten und im milit\u00e4rischen Lebensstil geschult.\u00a0<\/p>\n<p>Die <a href=\"https:\/\/www.redcross.org\/get-help\/military-families\/services-for-veterans.html\" target=\"_blank\" rel=\"noopener\">amerikanisches rotes Kreuz<\/a> unterst\u00fctzt auch Veteranen, Milit\u00e4rangeh\u00f6rige und ihre Familien w\u00e4hrend und nach Eins\u00e4tzen. Sie bieten finanzielle Unterst\u00fctzung, helfen bei Anspr\u00fcchen und Leistungen von Veteranen und sorgen f\u00fcr die entscheidende Kommunikation, wenn w\u00e4hrend eines Einsatzes eine Notsituation eintritt.<\/p>\n\t<h2>Beratung f\u00fcr Veteranen und ihre Familien<\/h2>\n<p>Es gibt einige <a href=\"https:\/\/211md.org\/de\/ressourcen\/veteranen\/mentale-gesundheit-fur-veteranen\/\">Programme zur psychischen Gesundheit<\/a> f\u00fcr Veteranen und ihre Familien in Maryland.<\/p>\n<p><a href=\"https:\/\/health.maryland.gov\/bha\/veterans\/\" target=\"_blank\" rel=\"noopener\">Marylands Engagement f\u00fcr Veteranen<\/a> (MCV) verbindet Marylands Milit\u00e4rangeh\u00f6rige, Veteranen und ihre Familien mit Unterst\u00fctzung f\u00fcr psychische Gesundheit und Substanzmissbrauch. Die Organisation hilft bei verschiedenen Bed\u00fcrfnissen, von der Verhaltensgesundheit bis hin zur Unterbringung, unabh\u00e4ngig vom Entlassungsstatus oder der Dienstzeit.<\/p>\n<p>Die Organisation bietet \u00dcberweisungsdienste, Peer-Unterst\u00fctzung, Krisenfinanzierung, Suizidpr\u00e4vention, Schulung und Ausbildung sowie w\u00f6chentliche oder zweiw\u00f6chentliche Check-ins durch MCV Operation Roll Call.<\/p>\n<p><a href=\"\/de\/podcast\/podcast-episode-4-veterans\/\" rel=\"noopener\">Lesen Sie das Transkript oder h\u00f6ren Sie zu<\/a>\u00a0Besuchen Sie den Podcast \u201eWhat&#039;s the 211\u201c, um mehr \u00fcber die Programme zu erfahren, die Maryland&#039;s Commitment to Veterans anbietet.\u00a0<\/p>\n<p>Regionale Ressourcenkoordinatoren arbeiten mit dem VA-Gesundheitssystem, kommunalen Anbietern und gemeinn\u00fctzigen Organisationen zusammen, die Unterst\u00fctzung anbieten.\u00a0<\/p>\n<p>Milit\u00e4rangeh\u00f6rige, Veteranen und Familienangeh\u00f6rige k\u00f6nnen MCV unter der Rufnummer 877-770-4801 erreichen.\u00a0<\/p>\n<h3>In der Krise? Holen Sie sich jetzt Unterst\u00fctzung<\/h3>\n<p>Wenn Sie Milit\u00e4rangeh\u00f6riger, Veteran oder Familienmitglied sind und sich in einer Krise befinden oder Selbstmordgedanken haben, rufen Sie 988 an und dr\u00fccken Sie 1, um mit jemandem von der Veterans Crisis Line zu sprechen.<\/p>\n<p>Du kannst auch <a href=\"http:\/\/veteranscrisisline.net\/Chat\" target=\"_blank\" rel=\"noopener\">Online chatten<\/a> mit der Veterans Crisis Line.\u00a0<\/p>\n<figure data-animation-delay=\"0\" data-animation-duration=\"1\" itemscope itemtype=\"https:\/\/schema.org\/ImageObject\">\n\t\t\t\t<img decoding=\"async\" src=\"http:\/\/211md.org\/wp-content\/uploads\/2025\/10\/veteran-hugging-a-dog.jpg\" alt=\"Veteran umarmt einen Hund\" title=\"Veteran umarmt einen Hund\" onerror=\"this.style.display='none'\" loading=\"lazy\" \/>\n\t<\/figure>\n<h3>Verwundete Krieger<\/h3>\n<p>Im Einklang mit ihrer Vision, dazu beizutragen, \u201edie erfolgreichste und ausgeglichenste Generation verwundeter Milit\u00e4rangeh\u00f6riger in der Geschichte unseres Landes zu f\u00f6rdern\u201c, haben die\u00a0<a href=\"https:\/\/woundedwarriorproject.org\/\" target=\"_blank\" rel=\"noopener\">Verwundete Krieger Projekt<\/a> verf\u00fcgt \u00fcber mehrere Programme zur Unterst\u00fctzung von Geist und K\u00f6rper sowie zur F\u00f6rderung der wirtschaftlichen Selbstbestimmung und des Engagements.\u00a0\u00a0<\/p>\n<p>Ihre Programme konzentrieren sich auf die Unterst\u00fctzung von Veteranen mit Verletzungen, die sie sich am oder nach dem 11. September 2001 zugezogen haben. In vielen F\u00e4llen werden auch Familienangeh\u00f6rige verwundeter Krieger zur Teilnahme ermutigt.\u00a0<\/p>\n<p>Das \u00f6rtliche B\u00fcro f\u00fcr Maryland befindet sich in Washington DC und ist unter 202-558-4301 erreichbar.\u00a0<\/p>\n<h2>Obdachlosigkeit<\/h2>\n<p>Wenn Sie ein Veteran sind, der von Obdachlosigkeit bedroht ist oder sich bereits in dieser Situation befindet, rufen Sie 211 an, um lokale Programme zu finden, die bei unmittelbaren Bed\u00fcrfnissen helfen k\u00f6nnen <a href=\"https:\/\/211md.org\/de\/ressourcen\/veteranen\/wohnhilfe-fur-veteranen\/\">langfristige Wohnunterst\u00fctzung<\/a>.<\/p>\n<p>Auch Veteranen k\u00f6nnen Unterst\u00fctzung von der bekommen <a href=\"https:\/\/www.va.gov\/HOMELESS\/NationalCallCenter.asp\" target=\"_blank\" rel=\"noopener\">Nationales Call Center f\u00fcr obdachlose Veteranen<\/a>. Ausgebildete Berater stehen rund um die Uhr zur Verf\u00fcgung, um Unterst\u00fctzung zu bieten. Rufen Sie 1-877-4AID-VET (877-424-3838) an. Sie stellen Informationen zu Obdachlosenprogrammen, Gesundheitsf\u00fcrsorge und anderen Dienstleistungen in VA bereit.\u00a0\u00a0<\/p>\n<h2>\n\t\t\tZus\u00e4tzliche Informationen f\u00fcr Veteranen\t<\/h2>\n<figure itemscope itemtype=\"https:\/\/schema.org\/ImageObject\">\n\t\t\t\t<img decoding=\"async\" src=\"https:\/\/211md.org\/wp-content\/plugins\/bb-plugin\/img\/pixel.png\" alt=\"\" onerror=\"this.style.display='none'\" loading=\"lazy\" \/>\n\t<\/figure>\n\t\t<figure itemscope itemtype=\"https:\/\/schema.org\/ImageObject\">\n\t\t\t\t<img decoding=\"async\" src=\"https:\/\/211md.org\/wp-content\/uploads\/bb-plugin\/cache\/Call-center-specialst-circle-4e9ecd7b3425be4576416abc911049bb-.jpg\" alt=\"Callcenter-Spezialist\" title=\"Callcenter-Spezialist\" onerror=\"this.style.display='none'\" loading=\"lazy\" \/>\n\t<\/figure>\n<h2>W\u00e4hlen Sie 211<\/h2><p>Sprechen Sie rund um die Uhr mit einer f\u00fcrsorglichen und mitf\u00fchlenden Person. Sie kann Sie auch mit Ressourcen verbinden.\u00a0<\/p>\n\t\t\t<a href=\"tel:%20+211\"  target=\"_blank\" rel=\"noopener\">\n\t\t\t\t\t\tW\u00e4hlen Sie 211 (mobil)\n\t\t\t\t\t<\/a>\n\t\t<h4><a href=\"\/de\/ressourcen\/alterungsbehinderung\/?utm_source=Home&#038;utm_medium=Referral&#038;utm_campaign=211Resources&#038;utm_content=Aging\" target=\"_self\">Alter &amp; Behinderung<\/a><\/h4><figure itemscope itemtype=\"https:\/\/schema.org\/ImageObject\">\n\t\t\t\t<a href=\"\/de\/ressourcen\/alterungsbehinderung\/?utm_source=Home&#038;utm_medium=Referral&#038;utm_campaign=211Resources&#038;utm_content=Aging\"  target=\"_self\" itemprop=\"url\">\n\t\t\t\t<img decoding=\"async\" src=\"https:\/\/211md.org\/wp-content\/uploads\/bb-plugin\/cache\/2025_MdInfoNet_Icon-Sets_Aging-disability-square-c466727102cae71e5f27b8539bb51945-.png\" alt=\"\" onerror=\"this.style.display='none'\" loading=\"lazy\" \/>\n\t\t\t\t<\/a>\n\t<\/figure>\n\t\t<h4><a href=\"\/de\/ressourcen\/kinder-familien\/?utm_source=Home&#038;utm_medium=Referral&#038;utm_campaign=211Resources&#038;utm_content=Children\" target=\"_self\">Kinder &amp; Familien<\/a><\/h4><figure itemscope itemtype=\"https:\/\/schema.org\/ImageObject\">\n\t\t\t\t<a href=\"\/de\/ressourcen\/kinder-familien\/?utm_source=Home&#038;utm_medium=Referral&#038;utm_campaign=211Resources&#038;utm_content=Children\"  target=\"_self\" itemprop=\"url\">\n\t\t\t\t<img decoding=\"async\" src=\"https:\/\/211md.org\/wp-content\/uploads\/bb-plugin\/cache\/2025_211_Icon-Sets_Child-care-square-f3b0d4edab3dcc467fadb5f55f4064c6-.png\" alt=\"parent and child icon for child care\" height=\"417\" width=\"417\" title=\"2025_211_Icon Sets_Kinderbetreuung\" onerror=\"this.style.display='none'\" loading=\"lazy\" \/>\n\t\t\t\t<\/a>\n\t<\/figure>\n\t\t<h4><a href=\"\/de\/ressourcen\/hausliche-familiare-gewalt\/?utm_source=Home&#038;utm_medium=Referral&#038;utm_campaign=211Resources&#038;utm_content=Domestic\" target=\"_self\">H\u00e4usliche Gewalt<\/a><\/h4><figure itemscope itemtype=\"https:\/\/schema.org\/ImageObject\">\n\t\t\t\t<a href=\"\/de\/ressourcen\/hausliche-familiare-gewalt\/?utm_source=Home&#038;utm_medium=Referral&#038;utm_campaign=211Resources&#038;utm_content=Domestic\"  target=\"_self\" itemprop=\"url\">\n\t\t\t\t<img decoding=\"async\" src=\"https:\/\/211md.org\/wp-content\/uploads\/bb-plugin\/cache\/2025_211_Icon-Sets_Domestic-Violence-square-7b597694a6f05fe90cdc376aa573bc63-.png\" alt=\"House with a heart in the middle icon\" height=\"417\" width=\"417\" title=\"2025_211_Icon Sets_H\u00e4usliche Gewalt\" onerror=\"this.style.display='none'\" loading=\"lazy\" \/>\n\t\t\t\t<\/a>\n\t<\/figure>\n\t\t<h4><a href=\"\/de\/ressourcen\/arbeitssuche\/?utm_source=Home&#038;utm_medium=Referral&#038;utm_campaign=211Resources&#038;utm_content=Employment\" target=\"_self\">Besch\u00e4ftigung<\/a><\/h4><figure itemscope itemtype=\"https:\/\/schema.org\/ImageObject\">\n\t\t\t\t<a href=\"\/de\/ressourcen\/arbeitssuche\/?utm_source=Home&#038;utm_medium=Referral&#038;utm_campaign=211Resources&#038;utm_content=Employment\"  target=\"_self\" itemprop=\"url\">\n\t\t\t\t<img decoding=\"async\" src=\"https:\/\/211md.org\/wp-content\/uploads\/bb-plugin\/cache\/2025_MdInfoNet_Icon-Sets_Employment-square-44707bd410e4df10a470bf130ebcea86-.png\" alt=\"\" onerror=\"this.style.display='none'\" loading=\"lazy\" \/>\n\t\t\t\t<\/a>\n\t<\/figure>\n\t\t<h4><a href=\"\/de\/ressourcen\/gesundheitswesen\/?utm_source=Home&#038;utm_medium=Referral&#038;utm_campaign=211Resources&#038;utm_content=Health%20Care\" target=\"_self\">Gesundheitsvorsorge<\/a><\/h4><figure itemscope itemtype=\"https:\/\/schema.org\/ImageObject\">\n\t\t\t\t<a href=\"\/de\/ressourcen\/gesundheitswesen\/?utm_source=Home&#038;utm_medium=Referral&#038;utm_campaign=211Resources&#038;utm_content=Health%20Care\"  target=\"_self\" itemprop=\"url\">\n\t\t\t\t<img decoding=\"async\" src=\"https:\/\/211md.org\/wp-content\/uploads\/bb-plugin\/cache\/2025_MdInfoNet_Icon-Sets_Health-Care-square-dee98a0060cbe0e7f27eda253fc12679-.png\" alt=\"\" onerror=\"this.style.display='none'\" loading=\"lazy\" \/>\n\t\t\t\t<\/a>\n\t<\/figure>\n\t\t<h4><a href=\"\/de\/ressourcen\/neu-in-den-usa-und-maryland\/?utm_source=Home&#038;utm_medium=Referral&#038;utm_campaign=211Resources&#038;utm_content=Immigration\" target=\"_self\">Einwanderung<\/a><\/h4><figure itemscope itemtype=\"https:\/\/schema.org\/ImageObject\">\n\t\t\t\t<a href=\"\/de\/ressourcen\/neu-in-den-usa-und-maryland\/?utm_source=Home&#038;utm_medium=Referral&#038;utm_campaign=211Resources&#038;utm_content=Immigration\"  target=\"_self\" itemprop=\"url\">\n\t\t\t\t<img decoding=\"async\" src=\"https:\/\/211md.org\/wp-content\/uploads\/bb-plugin\/cache\/2025_MdInfoNet_Icon-Sets_Immigration-square-8b97b7fdfe5e6071405e216855065118-.png\" alt=\"Einwanderungssymbol\" title=\"2025_MdInfoNet_Icon-Sets_Immigration\" onerror=\"this.style.display='none'\" loading=\"lazy\" \/>\n\t\t\t\t<\/a>\n\t<\/figure>\n\t\t<h4><a href=\"\/de\/ressourcen\/kinder-familien\/verwandtschaftspflege\/?utm_source=Home&#038;utm_medium=Referral&#038;utm_campaign=211Resources&#038;utm_content=Kinship\" target=\"_self\">Verwandtschaft<\/a><\/h4><figure itemscope itemtype=\"https:\/\/schema.org\/ImageObject\">\n\t\t\t\t<a href=\"\/de\/ressourcen\/kinder-familien\/verwandtschaftspflege\/?utm_source=Home&#038;utm_medium=Referral&#038;utm_campaign=211Resources&#038;utm_content=Kinship\"  target=\"_self\" itemprop=\"url\">\n\t\t\t\t<img decoding=\"async\" src=\"https:\/\/211md.org\/wp-content\/uploads\/bb-plugin\/cache\/2025_211_Icon-Sets_Kinship-square-45bdf872866f5735f842c32071109267-.png\" alt=\"Verwandtschaftssymbol\" height=\"417\" width=\"417\" title=\"2025_211_Icon Sets_Verwandtschaft\" onerror=\"this.style.display='none'\" loading=\"lazy\" \/>\n\t\t\t\t<\/a>\n\t<\/figure>\n\t\t<h4><a href=\"\/de\/ressourcen\/rechtsberatung\/?utm_source=Home&#038;utm_medium=Referral&#038;utm_campaign=211Resources&#038;utm_content=Legal\" target=\"_self\">Rechtsberatung<\/a><\/h4><figure itemscope itemtype=\"https:\/\/schema.org\/ImageObject\">\n\t\t\t\t<a href=\"\/de\/ressourcen\/rechtsberatung\/?utm_source=Home&#038;utm_medium=Referral&#038;utm_campaign=211Resources&#038;utm_content=Legal\"  target=\"_self\" itemprop=\"url\">\n\t\t\t\t<img decoding=\"async\" src=\"https:\/\/211md.org\/wp-content\/uploads\/bb-plugin\/cache\/2025_MdInfoNet_Icon-Sets_Legal-square-18fdf438feb8435588174d9046463257-.png\" alt=\"\" onerror=\"this.style.display='none'\" loading=\"lazy\" \/>\n\t\t\t\t<\/a>\n\t<\/figure>\n\t\t<h4><a href=\"\/de\/ressourcen\/psychische-gesundheit\/?utm_source=Home&#038;utm_medium=Referral&#038;utm_campaign=211Resources&#038;utm_content=Mental\" target=\"_self\">Psychische Gesundheit<\/a><\/h4><figure itemscope itemtype=\"https:\/\/schema.org\/ImageObject\">\n\t\t\t\t<a href=\"\/de\/ressourcen\/psychische-gesundheit\/?utm_source=Home&#038;utm_medium=Referral&#038;utm_campaign=211Resources&#038;utm_content=Mental\"  target=\"_self\" itemprop=\"url\">\n\t\t\t\t<img decoding=\"async\" src=\"https:\/\/211md.org\/wp-content\/uploads\/bb-plugin\/cache\/2025_MdInfoNet_Icon-Sets_Mental-Health-square-c59b38c4a993a947d4c9280fbe2d2fee-.png\" alt=\"\" onerror=\"this.style.display='none'\" loading=\"lazy\" \/>\n\t\t\t\t<\/a>\n\t<\/figure>\n\t\t<h4><a href=\"\/de\/ressourcen\/mdreentry\/?utm_source=Home&#038;utm_medium=Referral&#038;utm_campaign=211Resources&#038;utm_content=Reentry\" target=\"_self\">Wiedereintritt<\/a><\/h4><figure itemscope itemtype=\"https:\/\/schema.org\/ImageObject\">\n\t\t\t\t<a href=\"\/de\/ressourcen\/mdreentry\/?utm_source=Home&#038;utm_medium=Referral&#038;utm_campaign=211Resources&#038;utm_content=Reentry\"  target=\"_self\" itemprop=\"url\">\n\t\t\t\t<img decoding=\"async\" src=\"https:\/\/211md.org\/wp-content\/uploads\/bb-plugin\/cache\/2025_211_Icon-Sets_Reentry-square-8676fea38abd920a832f45642fe31cca-.png\" alt=\"Symbol \u201eWiedereintritt\u201c\" height=\"417\" width=\"417\" title=\"2025_211_Icon Sets_Wiedereintritt\" onerror=\"this.style.display='none'\" loading=\"lazy\" \/>\n\t\t\t\t<\/a>\n\t<\/figure>\n\t\t<h4><a href=\"\/de\/ressourcen\/substanzgebrauch\/?utm_source=Home&#038;utm_medium=Referral&#038;utm_campaign=211Resources&#038;utm_content=Substance\" target=\"_self\">Substanzgebrauch<\/a><\/h4><figure itemscope itemtype=\"https:\/\/schema.org\/ImageObject\">\n\t\t\t\t<a href=\"\/de\/ressourcen\/substanzgebrauch\/?utm_source=Home&#038;utm_medium=Referral&#038;utm_campaign=211Resources&#038;utm_content=Substance\"  target=\"_self\" itemprop=\"url\">\n\t\t\t\t<img decoding=\"async\" src=\"https:\/\/211md.org\/wp-content\/uploads\/bb-plugin\/cache\/2025_MdInfoNet_Icon-Sets_Substance-Abuse-square-4f414f085e657267739c181957754f48-.png\" alt=\"Pills for substance Use icon\" title=\"2025_MdInfoNet_Icon-Sets_Substance-Abuse\" onerror=\"this.style.display='none'\" loading=\"lazy\" \/>\n\t\t\t\t<\/a>\n\t<\/figure>\n\t\t<h4><a href=\"\/de\/ressourcen\/veteranen\/?utm_source=Home&#038;utm_medium=Referral&#038;utm_campaign=211Resources&#038;utm_content=Veterans\" target=\"_self\">Veteranen<\/a><\/h4><figure itemscope itemtype=\"https:\/\/schema.org\/ImageObject\">\n\t\t\t\t<a href=\"\/de\/ressourcen\/veteranen\/?utm_source=Home&#038;utm_medium=Referral&#038;utm_campaign=211Resources&#038;utm_content=Veterans\"  target=\"_self\" itemprop=\"url\">\n\t\t\t\t<img decoding=\"async\" src=\"https:\/\/211md.org\/wp-content\/uploads\/bb-plugin\/cache\/2025_MdInfoNet_Icon-Sets_Rating-square-6e60d00cce4faa8e0a6d4ad7366aa733-.png\" alt=\"\" onerror=\"this.style.display='none'\" loading=\"lazy\" \/>\n\t\t\t\t<\/a>\n\t<\/figure>","protected":false},"excerpt":{"rendered":"<p>Veteranen, Milit\u00e4rangeh\u00f6rige und ihre Familien haben Anspruch auf zahlreiche Leistungen. Um sich im Informations- und Vermittlungsdschungel zurechtzufinden, w\u00e4hlen Sie die 211 und sprechen Sie mit einem Informations- und Vermittlungsspezialisten. Alternativ k\u00f6nnen Sie eine Selbsteinsch\u00e4tzung des US-Veteranenministeriums durchf\u00fchren lassen. Entdecken Sie Ressourcen f\u00fcr Herausforderungen im Zusammenhang mit Karriere, Ausbildung, Trauer, Verlust, Depression, Isolation usw.<\/p>","protected":false},"author":8,"featured_media":1413,"parent":930,"menu_order":0,"comment_status":"closed","ping_status":"closed","template":"","meta":{"footnotes":""},"class_list":["post-958","page","type-page","status-publish","has-post-thumbnail","hentry"],"_links":{"self":[{"href":"https:\/\/211md.org\/de\/wp-json\/wp\/v2\/pages\/958","targetHints":{"allow":["GET"]}}],"collection":[{"href":"https:\/\/211md.org\/de\/wp-json\/wp\/v2\/pages"}],"about":[{"href":"https:\/\/211md.org\/de\/wp-json\/wp\/v2\/types\/page"}],"author":[{"embeddable":true,"href":"https:\/\/211md.org\/de\/wp-json\/wp\/v2\/users\/8"}],"replies":[{"embeddable":true,"href":"https:\/\/211md.org\/de\/wp-json\/wp\/v2\/comments?post=958"}],"version-history":[{"count":5,"href":"https:\/\/211md.org\/de\/wp-json\/wp\/v2\/pages\/958\/revisions"}],"predecessor-version":[{"id":34407,"href":"https:\/\/211md.org\/de\/wp-json\/wp\/v2\/pages\/958\/revisions\/34407"}],"up":[{"embeddable":true,"href":"https:\/\/211md.org\/de\/wp-json\/wp\/v2\/pages\/930"}],"wp:featuredmedia":[{"embeddable":true,"href":"https:\/\/211md.org\/de\/wp-json\/wp\/v2\/media\/1413"}],"wp:attachment":[{"href":"https:\/\/211md.org\/de\/wp-json\/wp\/v2\/media?parent=958"}],"curies":[{"name":"wp","href":"https:\/\/api.w.org\/{rel}","templated":true}]}}