{"id":962,"date":"2021-04-16T13:37:14","date_gmt":"2021-04-16T13:37:14","guid":{"rendered":"https:\/\/211md.org\/?page_id=962"},"modified":"2025-10-14T22:03:06","modified_gmt":"2025-10-15T02:03:06","slug":"textnachrichten","status":"publish","type":"page","link":"https:\/\/211md.org\/de\/about\/text-messages\/","title":{"rendered":"Textnachrichten"},"content":{"rendered":"<h2>Informative und inspirierende Textnachrichten<\/h2>\n<p>211 Maryland bietet seinen Bewohnern zahlreiche M\u00f6glichkeiten, Zugang zu wichtigen Gesundheits- und Personalressourcen zu erhalten. Zus\u00e4tzlich zum Anruf unter 211 bieten wir Text-PUSH-ALERT-Kampagnen an. Sie senden ein \u201eSchl\u00fcsselwort\u201c an eine Nummer und erhalten unterst\u00fctzende und informative Textnachrichten.<\/p>\n\t\t\t\t<img decoding=\"async\" src=\"https:\/\/211md.org\/wp-content\/uploads\/2021\/04\/Informational-and-Inspirational-Text-Messages-from-211-Maryland-.jpg\" alt=\"Frau, die einen Punkt und ein iPhone l\u00e4chelt\" itemprop=\"image\" height=\"630\" width=\"1200\" title=\"Informative und inspirierende Textnachrichten von 211 Maryland\" onerror=\"this.style.display='none'\" loading='lazy' \/>\n\t<p>Wenn Sie ein Mobilger\u00e4t verwenden, klicken Sie auf die Schl\u00fcsselwortschaltfl\u00e4che, um Textnachrichten zu \u00f6ffnen. Andernfalls senden Sie das Schl\u00fcsselwort per SMS an die Telefonnummer.<\/p>\n\t\t<p><em>211 Maryland bietet SMS-Warnprogramme an, die regionalspezifische Ressourceninformationen oder Katastrophenwarnungen bereitstellen. Es k\u00f6nnen Nachrichten- und Datengeb\u00fchren anfallen. Die Nachrichtenh\u00e4ufigkeit kann variieren. Um sich abzumelden, senden Sie eine SMS mit dem Text STOP an dieselbe Nummer. Wenn Sie Hilfe ben\u00f6tigen, senden Sie eine SMS mit dem Text HELP. Die vollst\u00e4ndigen SMS-Bedingungen finden Sie unter <a href=\"https:\/\/211md.org\/de\/sms\/\">https:\/\/211md.org\/sms\/<\/a> und <a href=\"https:\/\/211md.org\/de\/datenschutz-bestimmungen\/\">Datenschutz-Bestimmungen<\/a> wird auch gelten.\u00a0<\/em><\/p>\n\t\t<h3><a href=\"sms:\/\/898-211;?&#038;body=MDYoungMinds\" target=\"_blank\"  rel=\"noopener\">Psychische Gesundheitsunterst\u00fctzung f\u00fcr Jugendliche<\/a><\/h3><p><strong>MDYoungMinds<\/strong>\u00a0unterst\u00fctzt die psychische Gesundheit von Personen im Alter von 18 Jahren und j\u00fcnger.<\/p>\n<p>Erfahren Sie mehr \u00fcber die\u00a0<a href=\"https:\/\/211md.org\/de\/ressourcen\/psychische-gesundheit\/depression\/\" target=\"_blank\" rel=\"noopener\">anzeichen einer jugendlichen depression<\/a>\u00a0und die Wege\u00a0<a href=\"https:\/\/211md.org\/de\/about\/textnachrichten\/mdyoungminds\/\" target=\"_blank\" rel=\"noopener\">MDYoungMinds<\/a>\u00a0k\u00f6nnen Jugendliche und Heranwachsende unterst\u00fctzen.<\/p>\n<p>Partner: Gesundheitsministerium von Maryland, B\u00fcro f\u00fcr Suizidpr\u00e4vention<\/p>\n<p>Schreiben Sie MDYoungMinds eine SMS an 898-211.<\/p>\n\t\t\t<a href=\"sms:\/\/898-211;?&#038;body=MDYoungMinds\" target=\"_blank\" rel=\"noopener\">\n\t\t\t\t\t\t\tSende MDYoungMinds eine SMS\n\t\t\t\t\t<\/a>\n\t\t<h3><a href=\"sms:\/\/898-211;?&#038;body=MDMINDHEALTH\" target=\"_blank\"  rel=\"noopener\">Psychische Gesundheit<\/a><\/h3><p><strong>MDMindHealth<\/strong>\u00a0bietet motivierende Nachrichten, Warnungen zur Aufrechterhaltung einer guten psychischen Gesundheit und Ressourcen f\u00fcr Maryland-Krisendienste und -Beratung. Die Textnachrichten sind auch auf Spanisch unter verf\u00fcgbar\u00a0<strong>MDSaludMental<\/strong>.<\/p>\n<p><a href=\"https:\/\/211md.org\/de\/about\/textnachrichten\/md-geistesgesundheit\/\">Erfahren Sie mehr \u00fcber die M\u00f6glichkeiten von MDMindHealth<\/a>\u00a0kann dir oder jemand den du kennst helfen.<\/p>\n<p>Partner: Gesundheitsministerium von Maryland, Behavioral Health Administration<\/p>\n<p>Senden Sie eine SMS an MDMindHealth an 898-211<\/p>\n<p>Senden Sie MDSaludMental eine SMS an 898-211<\/p>\n\t\t\t<a href=\"sms:\/\/898-211;?&#038;body=MDMINDHEALTH\" target=\"_blank\" rel=\"noopener\">\n\t\t\t\t\t\t\tSMS MDMindHealth\n\t\t\t\t\t<\/a>\n\t\t\t<a href=\"sms:\/\/898-211;?&#038;body=MDSALUDMENTAL\" target=\"_blank\" rel=\"noopener\">\n\t\t\t\t\t\t\tText MDsudmental\n\t\t\t\t\t<\/a>\n\t\t<h3><a href=\"sms:\/\/898-211;?&#038;body=MDKinCares\" target=\"_blank\"  rel=\"noopener\">Verwandtschaftsunterst\u00fctzung<\/a><\/h3><p><strong>MDKinCares<\/strong>\u00a0bietet Pflegekr\u00e4ften Ermutigung, Unterst\u00fctzung und Ressourcen.<\/p>\n<p>Partner: Maryland Department of Human Services<\/p>\n<p>Senden Sie eine SMS mit MDKinCares an 898-211.<\/p>\n\t\t\t<a href=\"sms:\/\/898-211;?&#038;body=MDKinCares\" target=\"_blank\" rel=\"noopener\">\n\t\t\t\t\t\t\tSenden Sie eine SMS an MDKinCares\n\t\t\t\t\t<\/a>\n\t\t<h3><a href=\"sms:\/\/898-211;?&#038;body=MDAging\" target=\"_blank\"  rel=\"noopener\">\u00c4ltere Erwachsene und Erwachsene mit Behinderungen<\/a><\/h3><p><strong>MDAlterung<\/strong>\u00a0bietet sofortigen und bedarfsgerechten Zugang zu Dienstleistern und Ressourcen f\u00fcr Senioren und Betreuer von Erwachsenen mit Behinderungen.<\/p>\n<p>Partner: Maryland Department of Aging<\/p>\n<p>Senden Sie MDAging eine SMS an 898-211<\/p>\n\t\t\t<a href=\"sms:\/\/898-211;?&#038;body=MDAging\" target=\"_blank\" rel=\"noopener\">\n\t\t\t\t\t\t\tText MDAging\n\t\t\t\t\t<\/a>\n\t\t<h3><a href=\"sms:\/\/898-211;?&#038;body=MidShore\" target=\"_blank\"  rel=\"noopener\">Mid Shore-Events und Community-Ressourcen<\/a><\/h3><p><strong>Mittelk\u00fcste<\/strong> verbindet Bewohner der Counties Queen Anne&#039;s, Kent, Talbot, Dorchester und Caroline mit lokalen Veranstaltungen und Gemeinschaftsressourcen. <a href=\"https:\/\/211md.org\/de\/whats-the-211\/\">Erfahren Sie mehr<\/a> \u00fcber die Art und Weise, wie Mid Shore die Bewohner mit der 211 verbindet.<\/p>\n<p>Partner: Mid Shore Health Improvement Coalition<\/p>\n<p>Senden Sie eine SMS an MidShore an 898-211<\/p>\n\t\t\t<a href=\"sms:\/\/898-211;?&#038;body=MidShore\" target=\"_blank\" rel=\"noopener\">\n\t\t\t\t\t\t\tText MidShore\n\t\t\t\t\t<\/a>\n\t\t<h3><a href=\"sms:\/\/898-211;?&#038;body=MDSTopHate\" target=\"_blank\"  rel=\"noopener\">Hassvorf\u00e4lle und -verbrechen melden<\/a><\/h3><p><strong>MDStopHate<\/strong>\u00a0ist eine zentrale Anlaufstelle f\u00fcr die Meldung von Hassverbrechen und Vorf\u00e4llen und die Bereitstellung von Ressourcen f\u00fcr Opfer.\u00a0<a href=\"https:\/\/211md.org\/de\/stoppen\/\" target=\"_blank\" rel=\"noopener\">Stoppen Sie Hass, indem Sie ihn melden!<\/a><\/p>\n<p>Partner: Amt f\u00fcr Immigrantenangelegenheiten des Gouverneurs | Amt des Gouverneurs f\u00fcr Gemeinschaftsinitiativen<\/p>\n<p>Senden Sie eine SMS mit MDStopHate an 898-211<\/p>\n\t\t\t<a href=\"sms:\/\/898-211;?&#038;body=MDSTopHate\" target=\"_blank\" rel=\"noopener\">\n\t\t\t\t\t\t\tSMS MDStopHate\n\t\t\t\t\t<\/a>\n\t\t<h3><a href=\"sms:\/\/898-211;?&#038;body=Reentry\" target=\"_blank\"  rel=\"noopener\">Wiedereintritt<\/a><\/h3><p><strong>Wiedereintritt<\/strong> verbindet inhaftierte und ehemalige H\u00e4ftlinge und ihre Familien mit Ressourcen, Veranstaltungen und Informationen. <a href=\"https:\/\/211md.org\/de\/ressourcen\/mdreentry\/\">Erfahren Sie mehr<\/a> dar\u00fcber, wie diese Partnerschaft Familien mit Wiedereingliederungsressourcen verbindet.<\/p>\n<p>Partner: Maryland Department of Public Safety and Correctional Services (DPSCS)<\/p>\n<p>Textwiederholung an 898-211<\/p>\n\t\t\t<a href=\"sms:\/\/898-211;?&#038;body=Reentry\" target=\"_blank\" rel=\"noopener\">\n\t\t\t\t\t\t\tText erneut eingeben\n\t\t\t\t\t<\/a>\n\t\t<h3><a href=\"sms:\/\/898-211;?&#038;body=MDCom2Vets\" target=\"_blank\"  rel=\"noopener\">Veteranen<\/a><\/h3><p><strong>MDCom2Vets<\/strong>\u00a0erh\u00f6ht die Verbindungen zu Veteranen und bietet fortlaufende Updates f\u00fcr Veranstaltungen, Ressourcen und verf\u00fcgbare Anbieter in einer Community.<\/p>\n<p>Partner: Gesundheitsministerium von Maryland, Behavioral Health Administration<\/p>\n<p>Senden Sie MDCom2Vets eine SMS an 898-211<\/p>\n\t\t\t<a href=\"sms:\/\/898-211;?&#038;body=MDCom2Vets\" target=\"_blank\" rel=\"noopener\">\n\t\t\t\t\t\t\tSMS an MDCom2Vets\n\t\t\t\t\t<\/a>\n\t\t<h3><a href=\"sms:\/\/898-211;?&#038;body=MDWellness\" target=\"_blank\"  rel=\"noopener\">Wohlbefinden<\/a><\/h3><p><strong>MDWellness<\/strong>\u00a0konzentriert sich auf psychische Gesundheit Erste Hilfe f\u00fcr den helfenden Beruf. Abonnenten erhalten Strategien und Ressourcen f\u00fcr den Zugang zu Stressbew\u00e4ltigungsdiensten durch Achtsamkeit, Ern\u00e4hrung und soziale Zugeh\u00f6rigkeit.<\/p>\n<p>Partner: University of Maryland<\/p>\n<p>Senden Sie MDWellness eine SMS an 898-211<\/p>\n\t\t\t<a href=\"sms:\/\/898-211;?&#038;body=MDWellness\" target=\"_blank\" rel=\"noopener\">\n\t\t\t\t\t\t\tText MDWellness\n\t\t\t\t\t<\/a>\n<h2>Verbinden Sie sich mit Ihrem Publikum auf Abruf<\/h2>\n<p>Verwenden Sie die SMS-Plattform 211 Maryland, um individuelle Nachrichten an Ihre Zielgruppe(n) zu senden. Erkundigen Sie sich nach Tarifen und Funktionen und schlie\u00dfen Sie sich den anderen Organisationen an, die bereits 211 MD zum Senden von Textnachrichten verwenden. <a href=\"https:\/\/211md.org\/de\/kontaktiere-uns\/\">Kontaktiere uns heute.<\/a><\/p>","protected":false},"excerpt":{"rendered":"<p>Informative und inspirierende Textnachrichten 211 Maryland bietet seinen Bewohnern eine Reihe von M\u00f6glichkeiten, sich mit wichtigen Gesundheits- und Personalressourcen zu verbinden. Zus\u00e4tzlich zum Anruf unter 211 bieten wir Text-PUSH-ALERT-Kampagnen an. Sie senden ein \u201eSchl\u00fcsselwort\u201c an eine Nummer und erhalten unterst\u00fctzende und informative Textnachrichten. Wenn Sie ein Mobilger\u00e4t nutzen, klicken Sie auf das Schl\u00fcsselwort ...<\/p>","protected":false},"author":8,"featured_media":1925,"parent":521,"menu_order":0,"comment_status":"closed","ping_status":"closed","template":"","meta":{"footnotes":""},"class_list":["post-962","page","type-page","status-publish","has-post-thumbnail","hentry"],"_links":{"self":[{"href":"https:\/\/211md.org\/de\/wp-json\/wp\/v2\/pages\/962","targetHints":{"allow":["GET"]}}],"collection":[{"href":"https:\/\/211md.org\/de\/wp-json\/wp\/v2\/pages"}],"about":[{"href":"https:\/\/211md.org\/de\/wp-json\/wp\/v2\/types\/page"}],"author":[{"embeddable":true,"href":"https:\/\/211md.org\/de\/wp-json\/wp\/v2\/users\/8"}],"replies":[{"embeddable":true,"href":"https:\/\/211md.org\/de\/wp-json\/wp\/v2\/comments?post=962"}],"version-history":[{"count":4,"href":"https:\/\/211md.org\/de\/wp-json\/wp\/v2\/pages\/962\/revisions"}],"predecessor-version":[{"id":4830,"href":"https:\/\/211md.org\/de\/wp-json\/wp\/v2\/pages\/962\/revisions\/4830"}],"up":[{"embeddable":true,"href":"https:\/\/211md.org\/de\/wp-json\/wp\/v2\/pages\/521"}],"wp:featuredmedia":[{"embeddable":true,"href":"https:\/\/211md.org\/de\/wp-json\/wp\/v2\/media\/1925"}],"wp:attachment":[{"href":"https:\/\/211md.org\/de\/wp-json\/wp\/v2\/media?parent=962"}],"curies":[{"name":"wp","href":"https:\/\/api.w.org\/{rel}","templated":true}]}}