{"id":983,"date":"2021-04-16T16:58:29","date_gmt":"2021-04-16T16:58:29","guid":{"rendered":"https:\/\/211md.org\/?page_id=983"},"modified":"2025-09-07T17:09:00","modified_gmt":"2025-09-07T21:09:00","slug":"hypotheken-zwangsvollstreckung","status":"publish","type":"page","link":"https:\/\/211md.org\/de\/resources\/housing-shelter\/mortgage-foreclosure\/","title":{"rendered":"Hypothekenvollstreckung"},"content":{"rendered":"<img decoding=\"async\" src=\"https:\/\/stg-maryland211-staging.kinsta.cloud\/wp-content\/uploads\/2025\/08\/5-1-scaled.png\" alt=\"5\" itemprop=\"image\" height=\"692\" width=\"2560\" title=\"5\" onerror=\"this.style.display='none'\" loading=\"lazy\" \/>\n\t\t<h1><a href=\"#start\" target=\"_self\">Standard-Seiten\u00fcberschrift<\/a><\/h1><p>Wenn Sie Schwierigkeiten haben, Ihre Hypothek zu bezahlen, steht Ihnen Hilfe zur Verf\u00fcgung. Je fr\u00fcher Sie handeln, desto besser.<\/p>\n<p>Informieren Sie sich \u00fcber den Ablauf und wie Ihnen ein Wohnungsberater helfen kann.<\/p>\n\t\t\t<a href=\"#start\" target=\"_self\">\n\t\t\t\t\t\tErste Schritte\n\t\t\t\t\t<\/a>\n\t\t\t\t<img decoding=\"async\" src=\"https:\/\/211md.org\/wp-content\/plugins\/bb-plugin\/img\/pixel.png\" alt=\"\" itemprop=\"image\" onerror=\"this.style.display='none'\" loading=\"lazy\" \/>\n\t\t<h2>Nutzen Sie einen Wohnungsberater<\/h2>\n<p>Es gibt M\u00f6glichkeiten, Ihr Eigenheim zu retten, wenn Sie die monatlichen Raten nicht mehr zahlen k\u00f6nnen oder die Zwangsvollstreckung droht.<\/p>\n<p>Die Initiative \u201eMaryland Home Owners Preserving Equity\u201c (HOPE) kann helfen, H\u00e4user zu retten.<\/p>\n<p>Die Agentur arbeitet mit Wohnungsberatern gemeinn\u00fctziger Organisationen im ganzen Staat zusammen.<\/p>\n<p>Die Berater helfen den Hausbesitzern, den Zwangsvollstreckungsprozess und die Programme zu verstehen, die ihnen helfen k\u00f6nnen.<\/p>\n<p>In Maryland ist die Hilfe kostenlos. Seien Sie vorsichtig bei Unternehmen, die Hilfe gegen eine Geb\u00fchr versprechen.<\/p>\n<p>Anruf <a href=\"https:\/\/dhcd.maryland.gov\/Residents\/Pages\/HOPE\/Homeowners.aspx\" target=\"_blank\" rel=\"noopener\">HOFFNUNG<\/a> unter 1-877-462-7555.<\/p>\n<h3>Betrug bei Zwangsvollstreckungen<\/h3>\n<p>Es gibt keine Geb\u00fchren, um Hilfe bei einer Zwangsvollstreckung in Maryland zu erhalten.<\/p>\n<p>Einige Betr\u00fcger verleiten Hausbesitzer dazu, ihre Kaufvertr\u00e4ge zu unterschreiben und das Haus f\u00fcr sich zu behalten, andere verlangen enorme Geb\u00fchren, ohne irgendwelche Leistungen zu erbringen.<\/p>\n<p>Unterschreiben Sie keine Dokumente, ohne sich vorher objektiv rechtlich beraten zu lassen, Ihre Hypothekenbank zu konsultieren oder mit einem HOPE-Berater zu sprechen.<\/p>\n\t\t\t\t<img decoding=\"async\" src=\"http:\/\/211md.org\/wp-content\/uploads\/2025\/09\/homeowner-talking-ot-a-housing-counselor.jpg\" alt=\"Hausbesitzer im Gespr\u00e4ch mit einem Wohnungsberater\" itemprop=\"image\" title=\"Hausbesitzer im Gespr\u00e4ch mit einem Wohnungsberater\" onerror=\"this.style.display='none'\" loading=\"lazy\" \/>\n\t<h3>Beliebte Wohnungssuchen in unserer Datenbank<\/h3><p>Durchsuchen Sie die Community-Ressourcendatenbank nach diesen beliebten Wohnungssuchen. Finden Sie die passende Unterkunft.<\/p>\n\t\t\t<a href=\"https:\/\/search.211md.org\/search?query=DM-1800.5000&#038;query_label=Mortgage+Delinquency+and+Default+Counseling&#038;query_type=taxonomy\" target=\"_blank\" rel=\"noopener\">\n\t\t\t\t\t\tHypothekenr\u00fcckst\u00e4nde und Beratung\n\t\t\t\t\t<\/a>\n\t\t\t<a href=\"https:\/\/search.211md.org\/search?query=BH-3800.5000&#038;query_label=Mortgage+Payment+Assistance&#038;query_type=taxonomy\" target=\"_self\">\n\t\t\t\t\t\tUnterst\u00fctzung bei der Hypothekenzahlung\n\t\t\t\t\t<\/a>\n\t\t\t<a href=\"https:\/\/search.211md.org\/search?query=DM-1800.8500&#038;query_label=Tax+Foreclosure+Assistance&#038;query_type=taxonomy\" target=\"_blank\" rel=\"noopener\">\n\t\t\t\t\t\tSteuerliche Zwangsvollstreckungshilfe\n\t\t\t\t\t<\/a>\n\t\t\t<a href=\"https:\/\/search.211md.org\/search?query=BH-3700&#038;query_label=Housing+Counseling&#038;query_type=taxonomy\" target=\"_blank\" rel=\"noopener\">\n\t\t\t\t\t\tWohnungsberatung\n\t\t\t\t\t<\/a>\n\t\t\t<a href=\"https:\/\/search.211md.org\/search?query=BH-1800.8500-150%2CBH-3000.3500%2CPH-3300.2750%2CBH-7000.4600%2CBH-8400.6000-060%2CBH-8600&#038;query_label=I+need+help+with+housing.&#038;query_type=taxonomy\" target=\"_blank\" rel=\"noopener\">\n\t\t\t\t\t\tAllgemeine Wohnungshilfe\n\t\t\t\t\t<\/a>\n\t<h2>Zwangsvollstreckungsverfahren<\/h2>\n<p>Nach dem Ausbleiben einer einzigen Zahlung ist eine Hypothek f\u00e4llig.<\/p>\n<p>Der Kreditgeber kann eine \u201eMangelmitteilung\u201c senden.<\/p>\n<p>Nach mehreren Zahlungsausf\u00e4llen kann eine Zahlungsaufforderung eintreffen. Darin wird der geschuldete Betrag erl\u00e4utert und auf eine m\u00f6gliche Zwangsvollstreckung hingewiesen.<\/p>\n<p>Ein Zwangsvollstreckungsverfahren kann rechtm\u00e4\u00dfig eingeleitet werden, wenn die Hypothek 90 Tage lang nicht bezahlt wird.<\/p>\n<p>Der n\u00e4chste Schritt ist eine \u201eBenachrichtigung \u00fcber die Zwangsvollstreckung\u201c. Nach dem Recht des Staates Maryland muss die Benachrichtigung mindestens 45 Tage vor Einreichung einer Zwangsvollstreckung per Einschreiben und per Post erster Klasse verschickt werden.<\/p>\n<p>Warten Sie nicht, bis dies geschieht. Je fr\u00fcher Sie Hilfe bei Hypothekenproblemen erhalten, desto wahrscheinlicher ist es, dass Ihr Haus gerettet werden kann.<\/p>\n<p>Sehen Sie sich eine Zeitleiste der an\u00a0<a href=\"https:\/\/dhcd.maryland.gov\/Residents\/Documents\/HOPE\/TheNetworkForclosureTimeline_May2012v4.pdf\" target=\"_blank\" rel=\"noopener\">Zwangsvollstreckungsverfahren in Maryland<\/a>.<\/p>\n\t\t\t\t<img decoding=\"async\" src=\"https:\/\/211md.org\/wp-content\/uploads\/2021\/05\/Housing-Legal.png\" alt=\"Rechtshammer mit einem Plastikmodell eines Hauses daneben\" itemprop=\"image\" height=\"348\" width=\"460\" title=\"Wohnungsrecht\" onerror=\"this.style.display='none'\" loading=\"lazy\" \/>\n\t<h2>Hypothekenzahlungsoptionen<\/h2>\n<p>Im Allgemeinen wollen Wohnungsgeber keine Zwangsvollstreckung auf eine Hypothek. Aufgrund der damit verbundenen Kosten gibt es selten Gewinner bei der Zwangsvollstreckung. Versuchen Sie, mit Ihrem Kreditgeber einen Zahlungsplan auszuarbeiten, bis es Ihnen finanziell besser geht.<\/p>\n<p>Der Schl\u00fcssel liegt darin, fr\u00fchzeitig und beharrlich um Hilfe zu bitten und sich von einem staatlich anerkannten Wohnberater beraten zu lassen. Sie k\u00f6nnen Ihnen helfen, Ihre Hypothekendokumente zu verstehen, Ihre Optionen zu erl\u00e4utern und Ihnen bei der Aushandlung eines \u201eTrainingsplans\u201c mit Ihrem Kreditgeber zu helfen.<\/p>\n<p>Kommen Sie zum vereinbarten Termin vorbereitet mit Abrechnungsunterlagen, Steuererkl\u00e4rungen und allen Mitteilungen oder Rechnungen Ihres Kreditgebers, zusammen mit Ihrer Haushaltskasse und Gl\u00e4ubigerliste.<\/p>\n<p>M\u00f6gliche Trainingspl\u00e4ne k\u00f6nnten beinhalten:<\/p>\n<ul>\n<li aria-level=\"1\">R\u00fcckzahlungsplan \u2013 Holen Sie den R\u00fcckzahlungsplan nach, indem Sie einen Teil des \u00fcberf\u00e4lligen Betrags zu Ihren monatlichen Zahlungen hinzuf\u00fcgen.<\/li>\n<li aria-level=\"1\">Nachsichtsplan \u2013 Ihre monatlichen Zahlungen werden vor\u00fcbergehend reduziert oder ausgesetzt. Bei Wiederaufnahme der Zahlungen wird in der Regel ein h\u00f6herer Betrag f\u00e4llig.<\/li>\n<li aria-level=\"1\">Kredit\u00e4nderungsplan \u2013 Der Kreditgeber erkl\u00e4rt sich damit einverstanden, Ihre Bedingungen in irgendeiner Weise zu \u00e4ndern. Sie k\u00f6nnen Ihre Zinsen senken, die Kreditlaufzeit verl\u00e4ngern oder eine Vorf\u00e4lligkeitsentsch\u00e4digung aushandeln.<\/li>\n<li aria-level=\"1\">Teilanspruch \u2013 Der Kreditgeber kann \u00fcber den Versicherer (FHA oder private Hypothekenversicherung) ein zinsg\u00fcnstiges oder zinsloses Darlehen anbieten, um den R\u00fcckstand auszugleichen. Es k\u00f6nnen geringe monatliche Zahlungen anfallen. Das Darlehen wird f\u00e4llig, wenn Sie die Immobilie verkaufen oder Ihre erste Hypothek abbezahlen.<\/li>\n<li aria-level=\"1\">Recast-Plan (nicht verf\u00fcgbar bei Fannie Mae oder Freddie Mac) \u2013 Sie setzen vers\u00e4umte Zahlungen am Ende des Darlehens an.<\/li>\n<\/ul>\n<p>Wenn Ihr Kreditgeber Ihren Vorschlag ablehnt, versuchen Sie zu verhandeln und herauszufinden, was er m\u00f6glicherweise akzeptieren w\u00fcrde. Wenn es Ihnen unangemessen oder unfair erscheint, bitten Sie um ein Gespr\u00e4ch mit einem Schadensminderungsspezialisten oder Vorgesetzten. Obwohl ein Wohnberater eine gro\u00dfe Hilfe sein kann, m\u00fcssen Sie als Ihr Anwalt auftreten. Selbst wenn eine Zwangsvollstreckung unvermeidlich ist, k\u00f6nnen Sie dennoch bessere Konditionen oder einen l\u00e4ngeren Zeitrahmen aushandeln, damit Sie nicht im Regen stehen. Seien Sie bereit, weiter zu k\u00e4mpfen!<\/p>\n\t\t\t\t<img decoding=\"async\" src=\"https:\/\/211md.org\/wp-content\/plugins\/bb-plugin\/img\/pixel.png\" alt=\"\" itemprop=\"image\" onerror=\"this.style.display='none'\" loading=\"lazy\" \/>\n\t\t\t\t<img decoding=\"async\" src=\"https:\/\/211md.org\/wp-content\/uploads\/bb-plugin\/cache\/Call-center-specialst-circle-4e9ecd7b3425be4576416abc911049bb-.jpg\" alt=\"Callcenter-Spezialist\" itemprop=\"image\" title=\"Callcenter-Spezialist\" onerror=\"this.style.display='none'\" loading=\"lazy\" \/>\n<h2>W\u00e4hlen Sie 211<\/h2><p>Sprechen Sie rund um die Uhr mit einer f\u00fcrsorglichen und mitf\u00fchlenden Person. Sie kann Sie auch mit Ressourcen verbinden.\u00a0<\/p>\n<h2>\n\t\t\tVerwandte Informationen\t<\/h2>\n\t<h2>Hilfsprogramme erkunden<\/h2>\n<p>Informieren Sie sich \u00fcber Leistungsprogramme und wie Sie mit dem Support in Kontakt treten k\u00f6nnen.<\/p>\n\t\t<h3><a href=\"\/de\/ressourcen\/lebensmittel\/\" target=\"_self\">Essen<\/a><\/h3><p>Kostenloses Essen in meiner N\u00e4he, Vorratskammern, SNAP, WIC, Lebensmitteleinsparungen<\/p>\n<a href=\"\/de\/ressourcen\/lebensmittel\/\"  target=\"_self\">Erfahren Sie mehr<\/a>\t\n\t\t\t\t<a href=\"\/de\/ressourcen\/lebensmittel\/\"  target=\"_self\" itemprop=\"url\">\n\t\t\t\t<img decoding=\"async\" src=\"https:\/\/211md.org\/wp-content\/uploads\/bb-plugin\/cache\/2025_MdInfoNet_Icon-Sets-white_food-square-dfa1c607bcdb6b34735ae61e84e21386-.png\" alt=\"2025_MdInfoNet_Icon Sets-wei\u00df_Essen\" itemprop=\"image\" title=\"2025_MdInfoNet_Icon Sets-wei\u00df_Essen\" onerror=\"this.style.display='none'\" loading=\"lazy\" \/>\n\t\t\t\t<\/a>\n\t\t<h3><a href=\"\/de\/ressourcen\/utility-unterstutzung\/\" target=\"_self\">Dienstprogramme<\/a><\/h3><p>Unterst\u00fctzungsprogramme f\u00fcr Strom-, Gas- und Wasserrechnungen<\/p>\n<a href=\"\/de\/ressourcen\/utility-unterstutzung\/\"  target=\"_self\">Erfahren Sie mehr<\/a>\t\n\t\t\t\t<a href=\"\/de\/ressourcen\/utility-unterstutzung\/\"  target=\"_self\" itemprop=\"url\">\n\t\t\t\t<img decoding=\"async\" src=\"https:\/\/211md.org\/wp-content\/uploads\/bb-plugin\/cache\/2025_MdInfoNet_Icon-Sets-white_Utilities-square-485aa1950491235898117da61fd0a70a-.png\" alt=\"2025_MdInfoNet_Icon Sets-white_Utilities\" itemprop=\"image\" title=\"2025_MdInfoNet_Icon Sets-white_Utilities\" onerror=\"this.style.display='none'\" loading=\"lazy\" \/>\n\t\t\t\t<\/a>\n\t\t\t\t<a href=\"\/de\/ressourcen\/gehause-unterkunft\/\"  target=\"_self\" itemprop=\"url\">\n\t\t\t\t<img decoding=\"async\" src=\"https:\/\/211md.org\/wp-content\/uploads\/bb-plugin\/cache\/2025_MdInfoNet_Icon-Sets-white_Housing-square-5b4ab26c33cdf5bd88fd6164be4cc0b8-.png\" alt=\"2025_MdInfoNet_Icon Sets-white_Housing\" itemprop=\"image\" title=\"2025_MdInfoNet_Icon Sets-white_Housing\" onerror=\"this.style.display='none'\" loading=\"lazy\" \/>\n\t\t\t\t<\/a>\n\t\t<h3><a href=\"\/de\/ressourcen\/gehause-unterkunft\/\" target=\"_self\">Geh\u00e4use<\/a><\/h3><p>Mietzahlungen, R\u00e4umungsschutz, Obdachlosenunterk\u00fcnfte<\/p>\n<a href=\"\/de\/ressourcen\/gehause-unterkunft\/\"  target=\"_self\">Erfahren Sie mehr<\/a>\t\n\t\t\t\t<a href=\"\/de\/ressourcen\/neu-in-den-usa-und-maryland\/\"  target=\"_self\" itemprop=\"url\">\n\t\t\t\t<img decoding=\"async\" src=\"https:\/\/211md.org\/wp-content\/uploads\/bb-plugin\/cache\/2025_MdInfoNet_Icon-Sets-white_Immigration-square-71ef90812193ac6d0e3edc3e61891f7f-.png\" alt=\"2025_MdInfoNet_Icon Sets-white_Einwanderung\" itemprop=\"image\" title=\"2025_MdInfoNet_Icon Sets-white_Einwanderung\" onerror=\"this.style.display='none'\" loading=\"lazy\" \/>\n\t\t\t\t<\/a>\n\t\t<h3><a href=\"\/de\/ressourcen\/neu-in-den-usa-und-maryland\/\" target=\"_self\">Einwanderung<\/a><\/h3><p>Einwanderungshilfe f\u00fcr neue Amerikaner und Fl\u00fcchtlinge<\/p>\n<a href=\"\/de\/ressourcen\/neu-in-den-usa-und-maryland\/\"  target=\"_self\">Erfahren Sie mehr<\/a>\t\n\t\t<h4><a href=\"\/de\/ressourcen\/alterungsbehinderung\/\" target=\"_self\">Alter &amp; Behinderung<\/a><\/h4>\n\t\t\t\t<a href=\"\/de\/ressourcen\/alterungsbehinderung\/\"  target=\"_self\" itemprop=\"url\">\n\t\t\t\t<img decoding=\"async\" src=\"https:\/\/211md.org\/wp-content\/uploads\/bb-plugin\/cache\/2025_MdInfoNet_Icon-Sets_Aging-disability-square-c466727102cae71e5f27b8539bb51945-.png\" alt=\"2025_MdInfoNet_Icon Sets_Altern-Behinderung\" itemprop=\"image\" title=\"2025_MdInfoNet_Icon Sets_Altern-Behinderung\" onerror=\"this.style.display='none'\" loading=\"lazy\" \/>\n\t\t\t\t<\/a>\n\t\t<h4><a href=\"https:\/\/211md.org\/de\/ressourcen\/kinder-familien\/\" target=\"_blank\" rel=\"noopener\">Kinder &amp; Familien<\/a><\/h4>\n\t\t\t\t<a href=\"https:\/\/211md.org\/de\/ressourcen\/kinder-familien\/\" target=\"_blank\" rel=\"noopener\" itemprop=\"url\">\n\t\t\t\t<img decoding=\"async\" src=\"https:\/\/211md.org\/wp-content\/uploads\/bb-plugin\/cache\/2025_MdInfoNet_Icon-Sets_Child-Care-square-a9a0002f8a1c05e3f89f8b914f61699f-.png\" alt=\"\" itemprop=\"image\" onerror=\"this.style.display='none'\" loading=\"lazy\" \/>\n\t\t\t\t<\/a>\n\t\t<h4><a href=\"\/de\/ressourcen\/hausliche-familiare-gewalt\/\" target=\"_self\">H\u00e4usliche Gewalt<\/a><\/h4>\n\t\t\t\t<a href=\"\/de\/ressourcen\/hausliche-familiare-gewalt\/\"  target=\"_self\" itemprop=\"url\">\n\t\t\t\t<img decoding=\"async\" src=\"https:\/\/211md.org\/wp-content\/uploads\/bb-plugin\/cache\/2025_MdInfoNet_Icon-Sets_Protection-square-ed94a34c5cb05f036201f3e0966332c1-.png\" alt=\"2025_MdInfoNet_Icon Sets_Schutz\" itemprop=\"image\" title=\"2025_MdInfoNet_Icon Sets_Schutz\" onerror=\"this.style.display='none'\" loading=\"lazy\" \/>\n\t\t\t\t<\/a>\n\t\t<h4><a href=\"\/de\/ressourcen\/arbeitssuche\/\" target=\"_self\">Besch\u00e4ftigung<\/a><\/h4>\n\t\t\t\t<a href=\"\/de\/ressourcen\/arbeitssuche\/\"  target=\"_self\" itemprop=\"url\">\n\t\t\t\t<img decoding=\"async\" src=\"https:\/\/211md.org\/wp-content\/uploads\/bb-plugin\/cache\/2025_MdInfoNet_Icon-Sets_Employment-square-44707bd410e4df10a470bf130ebcea86-.png\" alt=\"2025_MdInfoNet_Icon Sets_Besch\u00e4ftigung\" itemprop=\"image\" title=\"2025_MdInfoNet_Icon Sets_Besch\u00e4ftigung\" onerror=\"this.style.display='none'\" loading=\"lazy\" \/>\n\t\t\t\t<\/a>\n\t\t<h4><a href=\"\/de\/ressourcen\/gesundheitswesen\/\" target=\"_self\">Gesundheitsvorsorge<\/a><\/h4>\n\t\t\t\t<a href=\"\/de\/ressourcen\/gesundheitswesen\/\"  target=\"_self\" itemprop=\"url\">\n\t\t\t\t<img decoding=\"async\" src=\"https:\/\/211md.org\/wp-content\/uploads\/bb-plugin\/cache\/2025_MdInfoNet_Icon-Sets_Health-Care-square-dee98a0060cbe0e7f27eda253fc12679-.png\" alt=\"2025_MdInfoNet_Icon Sets_Gesundheitswesen\" itemprop=\"image\" title=\"2025_MdInfoNet_Icon Sets_Gesundheitswesen\" onerror=\"this.style.display='none'\" loading=\"lazy\" \/>\n\t\t\t\t<\/a>\n\t\t<h4><a href=\"\/de\/ressourcen\/kinder-familien\/verwandtschaftspflege\/\" target=\"_self\">Verwandtschaft<\/a><\/h4>\n\t\t\t\t<a href=\"\/de\/ressourcen\/kinder-familien\/verwandtschaftspflege\/\"  target=\"_self\" itemprop=\"url\">\n\t\t\t\t<img decoding=\"async\" src=\"https:\/\/211md.org\/wp-content\/uploads\/bb-plugin\/cache\/2025_MdInfoNet_Icon-Sets_Community-square-4956d72cf95aef42b6ee5fc6feb149ef-.png\" alt=\"2025_MdInfoNet_Icon Sets_Community\" itemprop=\"image\" title=\"2025_MdInfoNet_Icon Sets_Community\" onerror=\"this.style.display='none'\" loading=\"lazy\" \/>\n\t\t\t\t<\/a>\n\t\t<h4><a href=\"\/de\/ressourcen\/rechtsberatung\/\" target=\"_self\">Rechtsberatung<\/a><\/h4>\n\t\t\t\t<a href=\"\/de\/ressourcen\/rechtsberatung\/\"  target=\"_self\" itemprop=\"url\">\n\t\t\t\t<img decoding=\"async\" src=\"https:\/\/211md.org\/wp-content\/uploads\/bb-plugin\/cache\/2025_MdInfoNet_Icon-Sets_Legal-square-18fdf438feb8435588174d9046463257-.png\" alt=\"2025_MdInfoNet_Icon Sets_Legal\" itemprop=\"image\" title=\"2025_MdInfoNet_Icon Sets_Legal\" onerror=\"this.style.display='none'\" loading=\"lazy\" \/>\n\t\t\t\t<\/a>\n\t\t<h4><a href=\"\/de\/ressourcen\/psychische-gesundheit\/\" target=\"_self\">Psychische Gesundheit<\/a><\/h4>\n\t\t\t\t<a href=\"\/de\/ressourcen\/psychische-gesundheit\/\"  target=\"_self\" itemprop=\"url\">\n\t\t\t\t<img decoding=\"async\" src=\"https:\/\/211md.org\/wp-content\/uploads\/bb-plugin\/cache\/2025_MdInfoNet_Icon-Sets_Mental-Health-square-c59b38c4a993a947d4c9280fbe2d2fee-.png\" alt=\"2025_MdInfoNet_Icon Sets_Psychische Gesundheit\" itemprop=\"image\" title=\"2025_MdInfoNet_Icon Sets_Psychische Gesundheit\" onerror=\"this.style.display='none'\" loading=\"lazy\" \/>\n\t\t\t\t<\/a>\n\t\t<h4><a href=\"\/de\/ressourcen\/mdreentry\/\" target=\"_self\">Wiedereintritt<\/a><\/h4>\n\t\t\t\t<a href=\"\/de\/ressourcen\/mdreentry\/\"  target=\"_self\" itemprop=\"url\">\n\t\t\t\t<img decoding=\"async\" src=\"https:\/\/211md.org\/wp-content\/uploads\/bb-plugin\/cache\/2025_MdInfoNet_Icon-Sets_Partnership-square-daedf11c7eeda165b0fe97a4a84b80e0-.png\" alt=\"2025_MdInfoNet_Icon Sets_Partnerschaft\" itemprop=\"image\" title=\"2025_MdInfoNet_Icon Sets_Partnerschaft\" onerror=\"this.style.display='none'\" loading=\"lazy\" \/>\n\t\t\t\t<\/a>\n\t\t<h4><a href=\"\/de\/ressourcen\/substanzgebrauch\/\" target=\"_self\">Substanzgebrauch<\/a><\/h4>\n\t\t\t\t<a href=\"\/de\/ressourcen\/substanzgebrauch\/\"  target=\"_self\" itemprop=\"url\">\n\t\t\t\t<img decoding=\"async\" src=\"https:\/\/211md.org\/wp-content\/uploads\/bb-plugin\/cache\/2025_MdInfoNet_Icon-Sets_Substance-Abuse-square-9022fec9d18a64118ad685c101885b55-.png\" alt=\"2025_MdInfoNet_Icon Sets_Substance Abuse\" itemprop=\"image\" title=\"2025_MdInfoNet_Icon Sets_Substance Abuse\" onerror=\"this.style.display='none'\" loading=\"lazy\" \/>\n\t\t\t\t<\/a>\n\t\t<h4><a href=\"\/de\/ressourcen\/veteranen\/\" target=\"_self\">Veteranen<\/a><\/h4>\n\t\t\t\t<a href=\"\/de\/ressourcen\/veteranen\/\"  target=\"_self\" itemprop=\"url\">\n\t\t\t\t<img decoding=\"async\" src=\"https:\/\/211md.org\/wp-content\/uploads\/bb-plugin\/cache\/2025_MdInfoNet_Icon-Sets_Rating-square-6e60d00cce4faa8e0a6d4ad7366aa733-.png\" alt=\"2025_MdInfoNet_Icon Sets_Bewertung\" itemprop=\"image\" title=\"2025_MdInfoNet_Icon Sets_Bewertung\" onerror=\"this.style.display='none'\" loading=\"lazy\" \/>\n\t\t\t\t<\/a>","protected":false},"excerpt":{"rendered":"<p>Standard\u00fcberschrift der Seite: Wenn Sie Schwierigkeiten haben, Ihre Hypothek zu bezahlen, erhalten Sie Hilfe. Je fr\u00fcher Sie handeln, desto besser. Informieren Sie sich \u00fcber den Prozess und wie Ihnen ein Wohnungsberater helfen kann. Erste Schritte: Kontaktieren Sie einen Wohnungsberater. Es gibt M\u00f6glichkeiten, Ihr Haus zu retten, wenn Sie die monatlichen Raten nicht mehr zahlen k\u00f6nnen oder die Zwangsvollstreckung droht.\u2026<\/p>","protected":false},"author":8,"featured_media":1816,"parent":926,"menu_order":0,"comment_status":"closed","ping_status":"closed","template":"","meta":{"footnotes":""},"class_list":["post-983","page","type-page","status-publish","has-post-thumbnail","hentry"],"_links":{"self":[{"href":"https:\/\/211md.org\/de\/wp-json\/wp\/v2\/pages\/983","targetHints":{"allow":["GET"]}}],"collection":[{"href":"https:\/\/211md.org\/de\/wp-json\/wp\/v2\/pages"}],"about":[{"href":"https:\/\/211md.org\/de\/wp-json\/wp\/v2\/types\/page"}],"author":[{"embeddable":true,"href":"https:\/\/211md.org\/de\/wp-json\/wp\/v2\/users\/8"}],"replies":[{"embeddable":true,"href":"https:\/\/211md.org\/de\/wp-json\/wp\/v2\/comments?post=983"}],"version-history":[{"count":3,"href":"https:\/\/211md.org\/de\/wp-json\/wp\/v2\/pages\/983\/revisions"}],"predecessor-version":[{"id":33718,"href":"https:\/\/211md.org\/de\/wp-json\/wp\/v2\/pages\/983\/revisions\/33718"}],"up":[{"embeddable":true,"href":"https:\/\/211md.org\/de\/wp-json\/wp\/v2\/pages\/926"}],"wp:featuredmedia":[{"embeddable":true,"href":"https:\/\/211md.org\/de\/wp-json\/wp\/v2\/media\/1816"}],"wp:attachment":[{"href":"https:\/\/211md.org\/de\/wp-json\/wp\/v2\/media?parent=983"}],"curies":[{"name":"wp","href":"https:\/\/api.w.org\/{rel}","templated":true}]}}