{"id":985,"date":"2021-04-16T17:24:12","date_gmt":"2021-04-16T17:24:12","guid":{"rendered":"https:\/\/211md.org\/?page_id=985"},"modified":"2025-10-23T18:21:25","modified_gmt":"2025-10-23T22:21:25","slug":"arbeitslosengeld","status":"publish","type":"page","link":"https:\/\/211md.org\/de\/resources\/employment-search\/unemployment-benefits\/","title":{"rendered":"Leistungen bei Arbeitslosigkeit in Maryland"},"content":{"rendered":"<img decoding=\"async\" src=\"https:\/\/stg-maryland211-staging.kinsta.cloud\/wp-content\/uploads\/2025\/08\/5-1-scaled.png\" alt=\"5\" itemprop=\"image\" height=\"692\" width=\"2560\" title=\"5\" onerror=\"this.style.display='none'\" loading=\"lazy\" \/>\n\t\t<p>Arbeitnehmer in Maryland, die unverschuldet ihren Arbeitsplatz verlieren, haben m\u00f6glicherweise Anspruch auf Arbeitslosengeld. Das Programm bietet vor\u00fcbergehende Leistungen der Arbeitslosenversicherung (UI), die einen Teil des Einkommens ersetzen.<\/p>\n<p>In Maryland m\u00fcssen Einzelpersonen w\u00f6chentlich eine Steuererkl\u00e4rung einreichen und nachweisen, dass sie aktiv auf Arbeitssuche sind.<\/p>\n<p>Informieren Sie sich, wie Sie Leistungen beantragen, sich w\u00e4hrend der Arbeitslosigkeit krankenversichern und Leistungen bei der Steuererkl\u00e4rung geltend machen.<\/p>\n\t\t\t<a href=\"#start\" target=\"_self\">\n\t\t\t\t\t\tErste Schritte\n\t\t\t\t\t<\/a>\n\t\t\t\t<img decoding=\"async\" src=\"https:\/\/211md.org\/wp-content\/plugins\/bb-plugin\/img\/pixel.png\" alt=\"\" itemprop=\"image\" onerror=\"this.style.display='none'\" loading=\"lazy\" \/>\n\t\t\t\t<img decoding=\"async\" src=\"https:\/\/stg-maryland211-staging.kinsta.cloud\/wp-content\/uploads\/2025\/08\/16.png\" alt=\"16\" itemprop=\"image\" height=\"1000\" width=\"1000\" title=\"16\" onerror=\"this.style.display='none'\" loading=\"lazy\" \/>\n\t\t\t\t<img decoding=\"async\" src=\"http:\/\/211md.org\/wp-content\/uploads\/2021\/05\/Girl-Looking-At-Phone-scaled.jpg\" alt=\"M\u00e4dchen schaut mit Notizblock und Stift aufs Telefon\" itemprop=\"image\" title=\"Hispanic, Latein, Jung, Teenager, M\u00e4dchen, College, Student, Holding, Smartphone, Studium\" onerror=\"this.style.display='none'\" loading=\"lazy\" \/>\n<h2>Wie hoch ist die Arbeitslosenzahl in Maryland?<\/h2>\n<p>Es gibt zwei Hauptarbeitslosenzahlen. Einer ist ein Live-Agent und der andere ist das IVR-Telefonsystem. Sie k\u00f6nnen auch eine starten <a href=\"http:\/\/www.labor.maryland.gov\/employment\/unemployment.shtml\" target=\"_blank\" rel=\"noopener\">Chatten Sie mit einem virtuellen Assistenten<\/a>.<\/p>\n<p>Neuer Schadensfall oder Informationen zu einem bestehenden Schadensfall:<\/p>\n<img loading=\"lazy\" decoding=\"async\" src=\"http:\/\/211md.org\/wp-content\/uploads\/2025\/08\/2025_MdInfoNet_Icon-Sets_Phone-400x400.png\" alt=\"Telefonsymbol\" width=\"50\" height=\"50\" \/>Anruf<br \/>\n667-206-6520. W\u00f6chentliche Schadensbest\u00e4tigung, PIN zur\u00fccksetzen oder Zahlungsstatus pr\u00fcfen: Anruf <img loading=\"lazy\" decoding=\"async\" src=\"http:\/\/211md.org\/wp-content\/uploads\/2025\/08\/2025_MdInfoNet_Icon-Sets_Phone-400x400.png\" alt=\"Telefonsymbol\" width=\"50\" height=\"50\" \/>Anruf<br \/>\n410-949-0022.\n<p>&nbsp;<\/p>\n<p>Es gibt auch eine Option zum <a href=\"http:\/\/www.labor.maryland.gov\/employment\/officenum.shtml\" target=\"_blank\" rel=\"noopener\">Online chatten<\/a>.<\/p>\n<h3>Bundesstillstand und Arbeitslosigkeit<\/h3>\n<p>Wenn Sie im \u00f6ffentlichen Dienst besch\u00e4ftigt sind, k\u00f6nnten Sie w\u00e4hrend des Regierungsstillstands Anspruch auf Arbeitslosengeld haben. Dies h\u00e4ngt von Ihrem Status ab. <a href=\"https:\/\/labor.maryland.gov\/unemployment-insurance\/claimants\/federal-employees\/frequently-asked-questions.shtml\" target=\"_blank\" rel=\"noopener\">Diese h\u00e4ufig gestellten Fragen<\/a> vom Arbeitsministerium von Maryland hilft bei der Beantwortung h\u00e4ufiger Fragen zu Sozialleistungen.<\/p>\n<p>Es gibt auch ein <a href=\"https:\/\/labor.maryland.gov\/federalworkers\/shutdownloan\/\" target=\"_blank\" rel=\"noopener\">Bundesweites Shutdown-Darlehensprogramm<\/a> Dadurch wird ein zinsloses Darlehen in H\u00f6he von $700 gew\u00e4hrt, das nach Beendigung der Schlie\u00dfung und Erhalt der Nachzahlungen zur\u00fcckgezahlt wird.<\/p>\n<h3><b>Was ist BEACON 2.0?<\/b><\/h3>\n<p>Das Maryland Department of Labor, Abteilung f\u00fcr Arbeitslosenversicherung, nutzt ein Programm namens <a href=\"https:\/\/beacon.labor.maryland.gov\/beacon\/claimant-page.html\" target=\"_blank\" rel=\"noopener\">BEACON 2.0<\/a> um Einwohner von Maryland bei der Beantragung von Arbeitslosenunterst\u00fctzung und der Verwaltung von Arbeitslosenversicherungsanspr\u00fcchen zu unterst\u00fctzen (WEBCERT).<\/p>\n<h3>Welche Unterlagen ben\u00f6tigen Sie f\u00fcr die Beantragung von Arbeitslosengeld<\/h3>\n<p>Bevor Sie einen Antrag auf Arbeitslosigkeit stellen, stellen Sie die Dokumente zusammen, die der Staat zur \u00dcberpr\u00fcfung Ihres Anspruchs ben\u00f6tigt. Dazu geh\u00f6ren pers\u00f6nliche Informationen und der berufliche Werdegang der letzten 18 Monate. W\u00e4hrend dieser Zeit ben\u00f6tigen Sie den Namen, die Adresse und die Telefonnummer aller Ihrer Arbeitgeber.<\/p>\n<p>Von den Antragstellern k\u00f6nnen Dokumente verlangt werden wie:<\/p>\n<ul>\n<li>Gehaltsabrechnungen<\/li>\n<li>W-2<\/li>\n<li>1099 Formulare<\/li>\n<li>Steuererkl\u00e4rung<\/li>\n<\/ul>\n<p><a href=\"http:\/\/www.labor.maryland.gov\/employment\/uiclaimdocs.pdf\" target=\"_blank\" rel=\"noopener\">Informieren Sie sich \u00fcber die Dokumente<\/a> die zur Geltendmachung eines Anspruchs erforderlich sein k\u00f6nnen.<\/p>\n<h3><b>So best\u00e4tigen Sie den Anspruch jede Woche<\/b><\/h3>\n<p>Arbeitslosengeldempf\u00e4nger m\u00fcssen w\u00f6chentlich eine Antragsbescheinigung einreichen. Dies kann auf drei Arten erfolgen:<\/p>\n<ul>\n<li aria-level=\"1\">Durchreichen\u00a0<a href=\"https:\/\/beacon.labor.maryland.gov\/beacon\/claimant-page.html\" target=\"_blank\" rel=\"noopener\">BEACON 2.0<\/a><\/li>\n<li aria-level=\"1\">Nutzung der App \u201eMD Unemployment for Claimants\u201c. Laden Sie es herunter\u00a0<a href=\"https:\/\/bit.ly\/AppleMDBEACON\" target=\"_blank\" rel=\"noopener\">Apple-iTunes-Store<\/a>\u00a0oder\u00a0<a href=\"https:\/\/bit.ly\/GoogleMDBEACON\" target=\"_blank\" rel=\"noopener\">Google Play<\/a>.<\/li>\n<li aria-level=\"1\">Rufen Sie 410-949-0022 an<\/li>\n<\/ul>\n\t\t<h2><a href=\"https:\/\/labor.maryland.gov\/unemployment-insurance\/claimants\/job-search.shtml\" target=\"_blank\" rel=\"noopener\">Erforderliche w\u00f6chentliche Arbeitsaktivit\u00e4ten<\/a><\/h2><p>Um weiterhin Anspruch auf Arbeitslosengeld zu haben, m\u00fcssen die Einwohner Marylands aktiv nach einem Arbeitsplatz suchen.<\/p>\n<p>Arbeitssuchende m\u00fcssen w\u00f6chentlich mindestens drei g\u00fcltige Wiederbesch\u00e4ftigungsaktivit\u00e4ten abschlie\u00dfen. Mindestens eine davon muss ein Arbeitskontakt sein.<\/p>\n<p>Ein qualifizierender Jobkontakt beinhaltet die Kontaktaufnahme mit einem potenziellen Arbeitgeber. Dies kann pers\u00f6nlich, online oder per Fax oder E-Mail erfolgen.<\/p>\n<p>Das Arbeitsministerium von Maryland verf\u00fcgt \u00fcber eine Liste von Aktivit\u00e4ten, die diese Anforderung erf\u00fcllen.<\/p>\n<p>&nbsp;<\/p>\n\t\t\t<a href=\"https:\/\/labor.maryland.gov\/unemployment-insurance\/claimants\/job-search.shtml\" target=\"_blank\" rel=\"noopener\">\n\t\t\t\t\t\t\tErfahren Sie mehr\n\t\t\t\t\t<\/a>\n\t\t\t\t<a href=\"https:\/\/search.211md.org\/\" target=\"_blank\" rel=\"noopener\" itemprop=\"url\">\n\t\t\t\t<img decoding=\"async\" src=\"https:\/\/stg-maryland211-staging.kinsta.cloud\/wp-content\/uploads\/2025\/08\/2025_MdInfoNet_Icon-Sets-white_Locate.png\" alt=\"\" itemprop=\"image\" onerror=\"this.style.display='none'\" loading=\"lazy\" \/>\n\t\t\t\t<\/a>\n<h2><a href=\"https:\/\/search.211md.org\/\" target=\"_blank\" rel=\"noopener\">Jetzt Ressourcen finden<\/a><\/h2><p>Finden <strong>Community-Ressourcen <\/strong>f\u00fcr Lebensmittel, Gesundheitsversorgung, Unterkunft und mehr in unserer Datenbank. Suche nach Postleitzahl.<\/p>\n\t\t\t<a href=\"https:\/\/search.211md.org\/\" target=\"_blank\" rel=\"noopener\">\n\t\t\t\t\t\t\tJetzt suchen\n\t\t\t<\/a>\n\t\t\t\t<img decoding=\"async\" src=\"http:\/\/211md.org\/wp-content\/uploads\/2025\/09\/person-doing-taxes.jpg\" alt=\"Person, die Steuern macht und das Formular 1040 ausf\u00fcllt\" itemprop=\"image\" title=\"Person, die Steuern macht\" onerror=\"this.style.display='none'\" loading=\"lazy\" \/>\n\t\t<h2>So melden Sie die Arbeitslosensteuer<\/h2>\n<p>Empf\u00e4nger von Arbeitslosengeld (UI) legen bei der Steuererkl\u00e4rung mit dem Formular 1099-G einen Nachweis \u00fcber die erhaltenen Leistungen (Geld) vor.<\/p>\n<h3>Was ist das Formular 1099-G?<\/h3>\n<p>Dieses Formular wird als \u201eErkl\u00e4rung f\u00fcr Empf\u00e4nger bestimmter staatlicher Zahlungen\u201c bezeichnet.<\/p>\n<p>Das Formular 1099-G enth\u00e4lt die gesamte Arbeitslosenunterst\u00fctzung in Maryland f\u00fcr jedes Kalenderjahr.<\/p>\n<p>Dieser Betrag kann von dem Betrag abweichen, der f\u00fcr die Woche(n) bezahlter Arbeitslosigkeit erhalten wurde.<\/p>\n<p>Bei Fragen wenden Sie sich an einen Steuerberater. In Maryland stehen Ihnen f\u00fcr berechtigte Personen kostenlose Steuerberatungsdienste zur Verf\u00fcgung.<\/p>\n\t\t\t<a href=\"https:\/\/211md.org\/de\/ressourcen\/steuerdienstleistungen\/\" target=\"_blank\" rel=\"noopener\">\n\t\t\t\t\t\t\tKostenlose Steuerhilfe finden\n\t\t\t\t\t<\/a>\n\t<h2>So erhalten Sie eine Krankenversicherung, wenn Sie arbeitslos sind<\/h2>\n<p>Bei einem Jobverlust kommen neben dem Gehaltsende noch weitere Sorgen hinzu: Wie sieht es mit der Krankenversicherung aus?<\/p>\n<p>Auch wenn das Arbeitsverh\u00e4ltnis mit einem Arbeitgeber endet, haben ehemalige Arbeitnehmer m\u00f6glicherweise Anspruch auf:<\/p>\n<ul>\n<li>ihre Krankenversicherung w\u00e4hrend der Arbeitslosigkeit \u00fcber COBRA fortsetzen<\/li>\n<li>oder schlie\u00dfen Sie eine Versicherung \u00fcber Maryland Health Connection ab<\/li>\n<\/ul>\n<p>Informieren Sie sich \u00fcber beide Optionen.<\/p>\n<h3>Was ist COBRA?<\/h3>\n<p>COBRA steht f\u00fcr Consolidated Omnibus Budget Reconciliation Act.<\/p>\n<p>Es ist ein gro\u00dfer Name, aber am h\u00e4ufigsten wird er als COBRA bezeichnet.<\/p>\n\t\t\t\t<img decoding=\"async\" src=\"http:\/\/211md.org\/wp-content\/uploads\/2022\/05\/woman-talking-to-her-doctor.jpg\" alt=\"Frau spricht mit ihrem Arzt\" itemprop=\"image\" title=\"Frau-spricht-mit-ihrem-Arzt\" onerror=\"this.style.display='none'\" loading=\"lazy\" \/>\n\t<p>Es erm\u00f6glicht Arbeitnehmern und ihren Familien nach einer Entlassung den Zugang zur Krankenversicherung.<\/p>\n<p>COBRA ist normalerweise verf\u00fcgbar f\u00fcr:<\/p>\n<ul>\n<li>entlassene Mitarbeiter<\/li>\n<li>ihren Job verlieren, sofern kein grobes Fehlverhalten vorliegt<\/li>\n<li>f\u00fcr Personen, die freiwillig ihren Arbeitsplatz aufgeben<\/li>\n<\/ul>\n<h4>Wie lange h\u00e4lt COBRA?<\/h4>\n<p>Die Krankenversicherungsleistungen k\u00f6nnen mindestens 18 Monate, in manchen F\u00e4llen bis zu 36 Monate lang fortbestehen.<\/p>\n<h4>Was kostet es?<\/h4>\n<p>Sie ist in der Regel teurer als die Krankenversicherungspr\u00e4mie, die w\u00e4hrend der Besch\u00e4ftigung im Unternehmen gezahlt wird.<\/p>\n<p>Manchmal ist der Preis deutlich h\u00f6her. Warum? Weil der Arbeitgeber einen Teil der Krankenversicherung nicht mehr \u00fcbernimmt.<\/p>\n<p>Die Person, die COBRA kauft, zahlt normalerweise die volle Versicherungspr\u00e4mie.<\/p>\n<p>Sprechen Sie mit dem ehemaligen Arbeitgeber dar\u00fcber, ob COBRA w\u00e4hrend der Arbeitslosigkeit verf\u00fcgbar ist.<\/p>\n<h3>Maryland-Gesundheitsverbindung<\/h3>\n<p>Arbeitslose k\u00f6nnen \u00fcber Maryland Health Connection eine Krankenversicherung beantragen.<\/p>\n<p>Lesen Sie den Leitfaden zur Krankenversicherung von 211.<\/p>\n\t\t\t<a href=\"https:\/\/211md.org\/de\/ressourcen\/gesundheitswesen\/krankenversicherung\/\" target=\"_self\">\n\t\t\t\t\t\t\tInformieren Sie sich \u00fcber Krankenversicherungsoptionen\n\t\t\t\t\t<\/a>\n\t\t\t\t<img decoding=\"async\" src=\"https:\/\/211md.org\/wp-content\/plugins\/bb-plugin\/img\/pixel.png\" alt=\"\" itemprop=\"image\" onerror=\"this.style.display='none'\" loading=\"lazy\" \/>\n\t\t\t\t<img decoding=\"async\" src=\"https:\/\/211md.org\/wp-content\/uploads\/bb-plugin\/cache\/Call-center-specialst-circle-4e9ecd7b3425be4576416abc911049bb-.jpg\" alt=\"Callcenter-Spezialist\" itemprop=\"image\" title=\"Callcenter-Spezialist\" onerror=\"this.style.display='none'\" loading=\"lazy\" \/>\n<h2>W\u00e4hlen Sie 211<\/h2><p>Sprechen Sie rund um die Uhr mit einer f\u00fcrsorglichen und mitf\u00fchlenden Person. Sie kann Sie auch mit Ressourcen verbinden.\u00a0<\/p>\n\t\t\t<a href=\"tel:%20+211\" target=\"_blank\" rel=\"noopener\">\n\t\t\t\t\t\tW\u00e4hlen Sie 211 (mobil)\n\t\t\t\t\t<\/a>\n<h2>\n\t\t\tVerwandte Informationen zum Besch\u00e4ftigungsbedarf\t<\/h2>\n\t\t<h4><a href=\"\/de\/ressourcen\/alterungsbehinderung\/?utm_source=Home&#038;utm_medium=Referral&#038;utm_campaign=211Resources&#038;utm_content=Aging\" target=\"_self\">Alter &amp; Behinderung<\/a><\/h4>\n\t\t\t\t<a href=\"\/de\/ressourcen\/alterungsbehinderung\/?utm_source=Home&#038;utm_medium=Referral&#038;utm_campaign=211Resources&#038;utm_content=Aging\"  target=\"_self\" itemprop=\"url\">\n\t\t\t\t<img decoding=\"async\" src=\"https:\/\/211md.org\/wp-content\/uploads\/bb-plugin\/cache\/2025_MdInfoNet_Icon-Sets_Aging-disability-square-c466727102cae71e5f27b8539bb51945-.png\" alt=\"\" itemprop=\"image\" onerror=\"this.style.display='none'\" loading=\"lazy\" \/>\n\t\t\t\t<\/a>\n\t\t<h4><a href=\"\/de\/ressourcen\/kinder-familien\/?utm_source=Home&#038;utm_medium=Referral&#038;utm_campaign=211Resources&#038;utm_content=Children\" target=\"_self\">Kinder &amp; Familien<\/a><\/h4>\n\t\t\t\t<a href=\"\/de\/ressourcen\/kinder-familien\/?utm_source=Home&#038;utm_medium=Referral&#038;utm_campaign=211Resources&#038;utm_content=Children\"  target=\"_self\" itemprop=\"url\">\n\t\t\t\t<img decoding=\"async\" src=\"https:\/\/211md.org\/wp-content\/uploads\/bb-plugin\/cache\/2025_211_Icon-Sets_Child-care-square-f3b0d4edab3dcc467fadb5f55f4064c6-.png\" alt=\"2025_211_Icon Sets_Kinderbetreuung\" itemprop=\"image\" height=\"417\" width=\"417\" title=\"2025_211_Icon Sets_Kinderbetreuung\" onerror=\"this.style.display='none'\" loading=\"lazy\" \/>\n\t\t\t\t<\/a>\n\t\t<h4><a href=\"\/de\/ressourcen\/hausliche-familiare-gewalt\/?utm_source=Home&#038;utm_medium=Referral&#038;utm_campaign=211Resources&#038;utm_content=Domestic\" target=\"_self\">H\u00e4usliche Gewalt<\/a><\/h4>\n\t\t\t\t<a href=\"\/de\/ressourcen\/hausliche-familiare-gewalt\/?utm_source=Home&#038;utm_medium=Referral&#038;utm_campaign=211Resources&#038;utm_content=Domestic\"  target=\"_self\" itemprop=\"url\">\n\t\t\t\t<img decoding=\"async\" src=\"https:\/\/211md.org\/wp-content\/uploads\/bb-plugin\/cache\/2025_211_Icon-Sets_Domestic-Violence-square-7b597694a6f05fe90cdc376aa573bc63-.png\" alt=\"Symbol f\u00fcr h\u00e4usliche Gewalt\" itemprop=\"image\" height=\"417\" width=\"417\" title=\"2025_211_Icon Sets_H\u00e4usliche Gewalt\" onerror=\"this.style.display='none'\" loading=\"lazy\" \/>\n\t\t\t\t<\/a>\n\t\t<h4><a href=\"\/de\/ressourcen\/arbeitssuche\/?utm_source=Home&#038;utm_medium=Referral&#038;utm_campaign=211Resources&#038;utm_content=Employment\" target=\"_self\">Besch\u00e4ftigung<\/a><\/h4>\n\t\t\t\t<a href=\"\/de\/ressourcen\/arbeitssuche\/?utm_source=Home&#038;utm_medium=Referral&#038;utm_campaign=211Resources&#038;utm_content=Employment\"  target=\"_self\" itemprop=\"url\">\n\t\t\t\t<img decoding=\"async\" src=\"https:\/\/211md.org\/wp-content\/uploads\/bb-plugin\/cache\/2025_MdInfoNet_Icon-Sets_Employment-square-44707bd410e4df10a470bf130ebcea86-.png\" alt=\"\" itemprop=\"image\" onerror=\"this.style.display='none'\" loading=\"lazy\" \/>\n\t\t\t\t<\/a>\n\t\t<h4><a href=\"\/de\/ressourcen\/gesundheitswesen\/?utm_source=Home&#038;utm_medium=Referral&#038;utm_campaign=211Resources&#038;utm_content=Health%20Care\" target=\"_self\">Gesundheitsvorsorge<\/a><\/h4>\n\t\t\t\t<a href=\"\/de\/ressourcen\/gesundheitswesen\/?utm_source=Home&#038;utm_medium=Referral&#038;utm_campaign=211Resources&#038;utm_content=Health%20Care\"  target=\"_self\" itemprop=\"url\">\n\t\t\t\t<img decoding=\"async\" src=\"https:\/\/211md.org\/wp-content\/uploads\/bb-plugin\/cache\/2025_MdInfoNet_Icon-Sets_Health-Care-square-dee98a0060cbe0e7f27eda253fc12679-.png\" alt=\"\" itemprop=\"image\" onerror=\"this.style.display='none'\" loading=\"lazy\" \/>\n\t\t\t\t<\/a>\n\t\t<h4><a href=\"\/de\/ressourcen\/kinder-familien\/verwandtschaftspflege\/?utm_source=Home&#038;utm_medium=Referral&#038;utm_campaign=211Resources&#038;utm_content=Kinship\" target=\"_self\">Verwandtschaft<\/a><\/h4>\n\t\t\t\t<a href=\"\/de\/ressourcen\/kinder-familien\/verwandtschaftspflege\/?utm_source=Home&#038;utm_medium=Referral&#038;utm_campaign=211Resources&#038;utm_content=Kinship\"  target=\"_self\" itemprop=\"url\">\n\t\t\t\t<img decoding=\"async\" src=\"https:\/\/211md.org\/wp-content\/uploads\/bb-plugin\/cache\/2025_211_Icon-Sets_Kinship-square-45bdf872866f5735f842c32071109267-.png\" alt=\"Verwandtschaftssymbol\" itemprop=\"image\" height=\"417\" width=\"417\" title=\"2025_211_Icon Sets_Verwandtschaft\" onerror=\"this.style.display='none'\" loading=\"lazy\" \/>\n\t\t\t\t<\/a>\n\t\t<h4><a href=\"\/de\/ressourcen\/rechtsberatung\/?utm_source=Home&#038;utm_medium=Referral&#038;utm_campaign=211Resources&#038;utm_content=Legal\" target=\"_self\">Rechtsberatung<\/a><\/h4>\n\t\t\t\t<a href=\"\/de\/ressourcen\/rechtsberatung\/?utm_source=Home&#038;utm_medium=Referral&#038;utm_campaign=211Resources&#038;utm_content=Legal\"  target=\"_self\" itemprop=\"url\">\n\t\t\t\t<img decoding=\"async\" src=\"https:\/\/211md.org\/wp-content\/uploads\/bb-plugin\/cache\/2025_MdInfoNet_Icon-Sets_Legal-square-18fdf438feb8435588174d9046463257-.png\" alt=\"\" itemprop=\"image\" onerror=\"this.style.display='none'\" loading=\"lazy\" \/>\n\t\t\t\t<\/a>\n\t\t<h4><a href=\"\/de\/ressourcen\/psychische-gesundheit\/?utm_source=Home&#038;utm_medium=Referral&#038;utm_campaign=211Resources&#038;utm_content=Mental\" target=\"_self\">Psychische Gesundheit<\/a><\/h4>\n\t\t\t\t<a href=\"\/de\/ressourcen\/psychische-gesundheit\/?utm_source=Home&#038;utm_medium=Referral&#038;utm_campaign=211Resources&#038;utm_content=Mental\"  target=\"_self\" itemprop=\"url\">\n\t\t\t\t<img decoding=\"async\" src=\"https:\/\/211md.org\/wp-content\/uploads\/bb-plugin\/cache\/2025_MdInfoNet_Icon-Sets_Mental-Health-square-c59b38c4a993a947d4c9280fbe2d2fee-.png\" alt=\"\" itemprop=\"image\" onerror=\"this.style.display='none'\" loading=\"lazy\" \/>\n\t\t\t\t<\/a>\n\t\t<h4><a href=\"\/de\/ressourcen\/mdreentry\/?utm_source=Home&#038;utm_medium=Referral&#038;utm_campaign=211Resources&#038;utm_content=Reentry\" target=\"_self\">Wiedereintritt<\/a><\/h4>\n\t\t\t\t<a href=\"\/de\/ressourcen\/mdreentry\/?utm_source=Home&#038;utm_medium=Referral&#038;utm_campaign=211Resources&#038;utm_content=Reentry\"  target=\"_self\" itemprop=\"url\">\n\t\t\t\t<img decoding=\"async\" src=\"https:\/\/211md.org\/wp-content\/uploads\/bb-plugin\/cache\/2025_211_Icon-Sets_Reentry-square-8676fea38abd920a832f45642fe31cca-.png\" alt=\"Symbol \u201eWiedereintritt\u201c\" itemprop=\"image\" height=\"417\" width=\"417\" title=\"2025_211_Icon Sets_Wiedereintritt\" onerror=\"this.style.display='none'\" loading=\"lazy\" \/>\n\t\t\t\t<\/a>\n\t\t<h4><a href=\"\/de\/ressourcen\/substanzgebrauch\/?utm_source=Home&#038;utm_medium=Referral&#038;utm_campaign=211Resources&#038;utm_content=Substance\" target=\"_self\">Substanzgebrauch<\/a><\/h4>\n\t\t\t\t<a href=\"\/de\/ressourcen\/substanzgebrauch\/?utm_source=Home&#038;utm_medium=Referral&#038;utm_campaign=211Resources&#038;utm_content=Substance\"  target=\"_self\" itemprop=\"url\">\n\t\t\t\t<img decoding=\"async\" src=\"https:\/\/211md.org\/wp-content\/uploads\/bb-plugin\/cache\/2025_MdInfoNet_Icon-Sets_Substance-Abuse-square-9022fec9d18a64118ad685c101885b55-.png\" alt=\"\" itemprop=\"image\" onerror=\"this.style.display='none'\" loading=\"lazy\" \/>\n\t\t\t\t<\/a>\n\t\t<h4><a href=\"\/de\/ressourcen\/veteranen\/?utm_source=Home&#038;utm_medium=Referral&#038;utm_campaign=211Resources&#038;utm_content=Veterans\" target=\"_self\">Veteranen<\/a><\/h4>\n\t\t\t\t<a href=\"\/de\/ressourcen\/veteranen\/?utm_source=Home&#038;utm_medium=Referral&#038;utm_campaign=211Resources&#038;utm_content=Veterans\"  target=\"_self\" itemprop=\"url\">\n\t\t\t\t<img decoding=\"async\" src=\"https:\/\/211md.org\/wp-content\/uploads\/bb-plugin\/cache\/2025_MdInfoNet_Icon-Sets_Rating-square-6e60d00cce4faa8e0a6d4ad7366aa733-.png\" alt=\"\" itemprop=\"image\" onerror=\"this.style.display='none'\" loading=\"lazy\" \/>\n\t\t\t\t<\/a>","protected":false},"excerpt":{"rendered":"<p>Arbeitnehmer in Maryland, die unverschuldet ihren Lebensunterhalt verlieren, haben m\u00f6glicherweise Anspruch auf Arbeitslosengeld. Das Programm bietet vor\u00fcbergehende Leistungen der Arbeitslosenversicherung (UI), die einen Teil des Einkommens ersetzen. In Maryland m\u00fcssen Arbeitnehmer w\u00f6chentlich einen Antrag stellen und nachweisen, dass sie aktiv nach einem Job suchen. Erfahren Sie, wie Sie Leistungen beantragen und eine Krankenversicherung abschlie\u00dfen\u2026<\/p>","protected":false},"author":8,"featured_media":33905,"parent":924,"menu_order":0,"comment_status":"closed","ping_status":"closed","template":"","meta":{"footnotes":""},"class_list":["post-985","page","type-page","status-publish","has-post-thumbnail","hentry"],"_links":{"self":[{"href":"https:\/\/211md.org\/de\/wp-json\/wp\/v2\/pages\/985","targetHints":{"allow":["GET"]}}],"collection":[{"href":"https:\/\/211md.org\/de\/wp-json\/wp\/v2\/pages"}],"about":[{"href":"https:\/\/211md.org\/de\/wp-json\/wp\/v2\/types\/page"}],"author":[{"embeddable":true,"href":"https:\/\/211md.org\/de\/wp-json\/wp\/v2\/users\/8"}],"replies":[{"embeddable":true,"href":"https:\/\/211md.org\/de\/wp-json\/wp\/v2\/comments?post=985"}],"version-history":[{"count":5,"href":"https:\/\/211md.org\/de\/wp-json\/wp\/v2\/pages\/985\/revisions"}],"predecessor-version":[{"id":34019,"href":"https:\/\/211md.org\/de\/wp-json\/wp\/v2\/pages\/985\/revisions\/34019"}],"up":[{"embeddable":true,"href":"https:\/\/211md.org\/de\/wp-json\/wp\/v2\/pages\/924"}],"wp:featuredmedia":[{"embeddable":true,"href":"https:\/\/211md.org\/de\/wp-json\/wp\/v2\/media\/33905"}],"wp:attachment":[{"href":"https:\/\/211md.org\/de\/wp-json\/wp\/v2\/media?parent=985"}],"curies":[{"name":"wp","href":"https:\/\/api.w.org\/{rel}","templated":true}]}}