{"id":999,"date":"2021-04-16T18:11:18","date_gmt":"2021-04-16T18:11:18","guid":{"rendered":"https:\/\/211md.org\/?page_id=999"},"modified":"2025-09-07T20:53:11","modified_gmt":"2025-09-08T00:53:11","slug":"sommer-programme","status":"publish","type":"page","link":"https:\/\/211md.org\/de\/resources\/children-families\/summer-programs\/","title":{"rendered":"Sommercamps, Programme und Nahrungsmittelhilfe f\u00fcr Kinder"},"content":{"rendered":"<p>Fragen Sie sich, wie Sie Ihr Kind in den Sommerferien besch\u00e4ftigen k\u00f6nnen? Es gibt kostenlose oder kosteng\u00fcnstige Freizeitprogramme in Ihrer N\u00e4he.\u00a0\u00a0<\/p>\n<p>Viele \u00f6rtliche Park- und Freizeitabteilungen und -organisationen bieten Programme und Camps an, um Kinder im Sommer auf unterhaltsame und spannende Weise aktiv zu halten.<\/p>\n<h2>Finden Sie ein Sommercamp in Maryland<\/h2>\n<p><a href=\"https:\/\/search.211md.org\/search?query=PL-6400.1500-820&amp;query_type=taxonomy&amp;query_label=&amp;query_language=en\" target=\"_blank\" rel=\"noopener\">211 verf\u00fcgt \u00fcber eine Datenbank mit fast 200 Sommercamps und Ressourcen<\/a>. Sie k\u00f6nnen nach Stadt oder Postleitzahl, Sprache und Alter des Kindes suchen. <\/p>\n<p>Diese Liste enth\u00e4lt Parks &amp; Recreation-Programme, das YMCA und andere Organisationen. Die 211-Datenbank enth\u00e4lt auch Camp-Ressourcen wie das Baltimore Family Alliance Summer Camp Directory, das Camps in der Gegend von Baltimore enth\u00e4lt. Sie m\u00fcssen Ihren Namen und Ihre E-Mail-Adresse angeben, um das herunterzuladen <a href=\"https:\/\/www.baltimorefamilies.org\/summer-camp-directory.html\" target=\"_blank\" rel=\"noopener\">Baltimore Sommercamp-Verzeichnis<\/a>.<\/p>\n<p>Sie k\u00f6nnen auch nach Sommercamps suchen und \u00fcberpr\u00fcfen, ob das von Ihnen gew\u00e4hlte Camp lizenziert ist, mit dem <a href=\"https:\/\/mdhyouthcamps.force.com\/CampSearch\/s\/\" target=\"_blank\" rel=\"noopener\">Lagerdatenbank des Gesundheitsministeriums von Maryland<\/a>. Die Datenbank des Gesundheitsministeriums erm\u00f6glicht Ihnen die Suche nach Lagernamen, Lizenznummer oder Landkreis.<\/p>\n\t\t\t\t<img decoding=\"async\" src=\"https:\/\/211md.org\/wp-content\/uploads\/2021\/05\/Diverse-Children.png\" alt=\"Eine Gruppe Kinder mit erhobenen und l\u00e4chelnden H\u00e4nden\" itemprop=\"image\" height=\"348\" width=\"460\" title=\"Vielf\u00e4ltige Kinder\" onerror=\"this.style.display='none'\" loading='lazy' \/>\n\t<h3>F\u00f6rderprogramme<\/h3>\n<p>211 bietet auch eine Liste mit Jugendf\u00f6rderprogrammen f\u00fcr den Sommer. Dazu k\u00f6nnen Nachhilfe, Bildungsaktivit\u00e4ten, akademische Unterst\u00fctzung und andere spezielle Programme geh\u00f6ren. <a href=\"https:\/\/search.211md.org\/search?query=PL-6400.1500-820&amp;query_type=taxonomy&amp;query_label=&amp;query_language=en\" target=\"_blank\" rel=\"noopener\">Suchen Sie in unserer landesweiten Ressourcendatenbank nach F\u00f6rderprogrammen<\/a>.<\/p>\n<h4>Weitere Unterst\u00fctzungen f\u00fcr Kinder<\/h4>\n<p>211 bietet auch Ressourcen f\u00fcr Kinder, die bei Nachhilfe oder Mentoring helfen k\u00f6nnen. Wir haben auch Suchfunktionen f\u00fcr \u00f6ffentliche Schulen. Erkundigen Sie sich bei Ihrem \u00f6rtlichen Schulbezirk, ob dort ein Sommerprogramm oder eine Sommerschule angeboten wird.<\/p>\n<p>Sie k\u00f6nnen auch jederzeit die 211 w\u00e4hlen, wenn Sie Hilfe bei der Suche nach einem Sommercamp oder -programm ben\u00f6tigen.<\/p>\n<p>Suchen nach:<\/p>\n<ul>\n<li><a href=\"https:\/\/search.211md.org\/search?query=HL-8700&amp;query_type=taxonomy&amp;query_label=&amp;query_language=en\" target=\"_blank\" rel=\"noopener\">Tutorendienste<\/a><\/li>\n<li><a href=\"https:\/\/search.211md.org\/search?query=HD-8000&amp;query_type=taxonomy&amp;query_label=&amp;query_language=en\" target=\"_blank\" rel=\"noopener\">\u00d6ffentliche Schulen<\/a><\/li>\n<li><a href=\"https:\/\/search.211md.org\/search?query=PH-1400.5000-100&amp;query_type=taxonomy&amp;query_label=&amp;query_language=en\" target=\"_blank\" rel=\"noopener\">Mentoring-Programme f\u00fcr Erwachsene\/Kinder<\/a><\/li>\n<\/ul>\n\t<h2><b>Essen f\u00fcr Kinder im Schulalter im Sommer<\/b>\u00a0<\/h2>\n<p>Viele Schulbezirke bieten im Sommer gesunde Mahlzeiten f\u00fcr Kinder als Erweiterung der w\u00e4hrend des Schuljahres angebotenen Dienste an. Sie m\u00fcssen sich nicht registrieren oder ausweisen, um das Essen f\u00fcr Kinder unter 18 Jahren zu erhalten.\u00a0<\/p>\n<p>Die Programme finden normalerweise in der Bibliothek, Schule, einer religi\u00f6sen Organisation, einem Freizeitzentrum oder bei einem anderen Gemeinschaftspartner statt.<\/p>\n<p><a href=\"https:\/\/mars.msde.maryland.gov\/mars_sitesearch\/\" target=\"_blank\" rel=\"noopener\">Finden Sie einen Sommer-Food-Standort in Ihrer N\u00e4he<\/a>.\u00a0<\/p>\n<h3>Sommersonne-B\u00f6cke<\/h3>\n<p>Ab diesem Jahr wird es auch ein Sommer-EBT-Programm geben, bekannt als <a href=\"https:\/\/www.fns.usda.gov\/summer\/sunbucks\" target=\"_blank\" rel=\"noopener\">SUN Bucks<\/a> um den Sommerhunger zu reduzieren.<\/p>\n<p>Berechtigte Familien erhalten $120 pro Kind, um den Einkauf von Lebensmitteln f\u00fcr ihre Kinder w\u00e4hrend der Sommerferien zu unterst\u00fctzen. Die meisten Familien in Maryland werden automatisch angemeldet. Sie m\u00fcssen sich nicht bewerben, wenn:<\/p>\n<ul>\n<li>der Haushalt erh\u00e4lt kostenlose oder verg\u00fcnstigte Schulmahlzeiten<\/li>\n<li>Der Haushalt nimmt an SNAP (Lebensmittelmarken), Temporary Cash Assistance (TCA) oder Medicaid teil<\/li>\n<li>die Kinder sind in Pflegefamilien, obdachlos, Migranten oder Ausrei\u00dfer<\/li>\n<\/ul>\n<p>Das Programm soll dazu beitragen, 50.000 Kinder im ganzen Staat zu ern\u00e4hren.<\/p>\n<p>Dies ist eine staatlich finanzierte Lebensmittelzulage. Im Juni, Juli und August erhalten Familien $40 pro Monat (insgesamt $120) pro berechtigtem Sch\u00fcler. Die Mittel verfallen 122 Tage nach ihrer Auszahlung und k\u00f6nnen nicht erneut ausgezahlt werden.<\/p>\n<p>Lerne mehr \u00fcber <a href=\"https:\/\/dhs.maryland.gov\/sunbucks\/\" target=\"_blank\" rel=\"noopener\">Sommersonnenb\u00f6cke in Maryland<\/a>.<\/p>\n\t\t\t\t<img decoding=\"async\" src=\"http:\/\/211md.org\/wp-content\/uploads\/2024\/04\/School-aged-children-getting-free-lunch.jpg\" alt=\"Schulkinder bekommen kostenloses Mittagessen\" itemprop=\"image\" title=\"Schulkinder bekommen kostenloses Mittagessen\" onerror=\"this.style.display='none'\" loading='lazy' \/>\n<h2>Verwandte Informationen<\/h2>\n<p><a title=\"Eltern sein\" href=\"https:\/\/211md.org\/de\/ressourcen\/kinder-familien\/eltern-sein\/\">Elternunterst\u00fctzung<\/a><\/p>\n<p><a title=\"Ein Baby haben\" href=\"https:\/\/211md.org\/de\/ressourcen\/kinder-familien\/ein-baby-haben\/\">Ein Baby haben<\/a><\/p>\n<p><a href=\"https:\/\/211md.org\/de\/ressourcen\/lebensmittel\/wic\/\">Frauen, Kleinkinder und Kinder (WIC)<\/a><\/p>\n<p><a title=\"Asse\" href=\"https:\/\/211md.org\/de\/ressourcen\/kinder-familien\/asse\/\">Asse<\/a><\/p>\n<p><a title=\"Mein Kind ist au\u00dfer Kontrolle\" href=\"https:\/\/211md.org\/de\/ressourcen\/kinder-familien\/kindliche-verhaltensweisen\/\">Verhalten von Kindern<\/a><\/p>\n<p><a href=\"https:\/\/211md.org\/de\/ressourcen\/kinder-familien\/verwandtschaftspflege\/\" target=\"_blank\" rel=\"noopener\">Verwandtschaftspflege<\/a><\/p>\n<p><a href=\"https:\/\/211md.org\/de\/ressourcen\/kinder-familien\/verwandtschaftsnavigation\/\" target=\"_blank\" rel=\"noopener\">Verwandtschaftsnavigation<\/a><\/p>\n<h2>\n\t\t\tRessourcen finden\t<\/h2>\n\t\t\t\t<a href=\"\/de\/ressourcen\/alterungsbehinderung\/\"  target=\"_self\" itemprop=\"url\">\n\t\t\t\t<img decoding=\"async\" src=\"https:\/\/211md.org\/wp-content\/uploads\/bb-plugin\/cache\/Mask-Group-41@2x-circle-73eaadba4cad8269faa4720e25cf1c85-.png\" alt=\"Die F\u00fc\u00dfe einer \u00e4lteren Frau und einer j\u00fcngeren Frau, die zusammen gehen\" itemprop=\"image\" height=\"500\" width=\"500\" title=\"Behindertendienste\" onerror=\"this.style.display='none'\" loading='lazy' \/>\n\t\t\t\t<\/a>\n\t\t<h3><a href=\"\/de\/ressourcen\/alterungsbehinderung\/\" target=\"_self\">Alter &amp; Behinderung<\/a><\/h3>\t\n\t\t\t\t<a href=\"\/de\/ressourcen\/kinder-familien\/\"  target=\"_self\" itemprop=\"url\">\n\t\t\t\t<img decoding=\"async\" src=\"https:\/\/211md.org\/wp-content\/uploads\/bb-plugin\/cache\/Mask-Group-38@2x-circle-ac40d46265fbec62083cd27f6dcf23b0-.png\" alt=\"Ein kleiner Junge und ein M\u00e4dchen l\u00e4cheln und schauen in die Kamera\" itemprop=\"image\" height=\"500\" width=\"500\" title=\"Maskengruppe 38@2x\" onerror=\"this.style.display='none'\" loading='lazy' \/>\n\t\t\t\t<\/a>\n\t\t<h3><a href=\"\/de\/ressourcen\/kinder-familien\/\" target=\"_self\">Kinder &amp; Familien<\/a><\/h3>\t\n\t\t\t\t<a href=\"\/de\/ressourcen\/hausliche-familiare-gewalt\/\"  target=\"_self\" itemprop=\"url\">\n\t\t\t\t<img decoding=\"async\" src=\"https:\/\/211md.org\/wp-content\/uploads\/bb-plugin\/cache\/Mask-Group-39@2x-circle-b2589197a13c791d910f46dd10b27a87-.png\" alt=\"Zwei Paar H\u00e4nde, die sich halten\" itemprop=\"image\" height=\"500\" width=\"500\" title=\"Maskengruppe 39@2x\" onerror=\"this.style.display='none'\" loading='lazy' \/>\n\t\t\t\t<\/a>\n\t\t<h3><a href=\"\/de\/ressourcen\/hausliche-familiare-gewalt\/\" target=\"_self\">H\u00e4usliche\/famili\u00e4re Gewalt<\/a><\/h3>\t\n\t\t\t\t<a href=\"\/de\/ressourcen\/arbeitssuche\/\"  target=\"_self\" itemprop=\"url\">\n\t\t\t\t<img decoding=\"async\" src=\"https:\/\/211md.org\/wp-content\/uploads\/bb-plugin\/cache\/Employment-circle-bf72562329e950df948954f5d3f44b2e-.png\" alt=\"Ein Automechaniker\" itemprop=\"image\" height=\"500\" width=\"500\" title=\"Besch\u00e4ftigung\" onerror=\"this.style.display='none'\" loading='lazy' \/>\n\t\t\t\t<\/a>\n\t\t<h3><a href=\"\/de\/ressourcen\/arbeitssuche\/\" target=\"_self\">Besch\u00e4ftigung<\/a><\/h3>\t\n\t\t\t\t<a href=\"\/de\/ressourcen\/gesundheitswesen\/\"  target=\"_self\" itemprop=\"url\">\n\t\t\t\t<img decoding=\"async\" src=\"https:\/\/211md.org\/wp-content\/uploads\/bb-plugin\/cache\/Mask-Group-35@2x-circle-94be10c13e4adae1683b4589dc2f5b2f-.png\" alt=\"Doktor, der Jungenbein betrachtet\" itemprop=\"image\" height=\"500\" width=\"500\" title=\"Maskengruppe 35@2x\" onerror=\"this.style.display='none'\" loading='lazy' \/>\n\t\t\t\t<\/a>\n\t\t<h3><a href=\"\/de\/ressourcen\/gesundheitswesen\/\" target=\"_self\">Gesundheitsvorsorge<\/a><\/h3>\t\n\t\t\t\t<a href=\"\/de\/ressourcen\/lebensmittel\/\"  target=\"_self\" itemprop=\"url\">\n\t\t\t\t<img decoding=\"async\" src=\"https:\/\/211md.org\/wp-content\/uploads\/bb-plugin\/cache\/Mask-Group-32@2x-circle-1c6d647dcaf998fa079d26735cedc92b-.png\" alt=\"Frisches Gem\u00fcse\" itemprop=\"image\" height=\"500\" width=\"500\" title=\"Maskengruppe 32@2x\" onerror=\"this.style.display='none'\" loading='lazy' \/>\n\t\t\t\t<\/a>\n\t\t<h3><a href=\"\/de\/ressourcen\/lebensmittel\/\" target=\"_self\">Essen<\/a><\/h3>\t\n\t\t\t\t<a href=\"\/de\/ressourcen\/gehause-unterkunft\/\"  target=\"_self\" itemprop=\"url\">\n\t\t\t\t<img decoding=\"async\" src=\"https:\/\/211md.org\/wp-content\/uploads\/bb-plugin\/cache\/Mask-Group-34@2x-circle-b99c55fc16ef21f35e2f2a1f7cc37b9a-.png\" alt=\"Apartmentkomplex Balkon\" itemprop=\"image\" height=\"500\" width=\"500\" title=\"Wohnung-Komplex\" onerror=\"this.style.display='none'\" loading='lazy' \/>\n\t\t\t\t<\/a>\n\t\t<h3><a href=\"\/de\/ressourcen\/gehause-unterkunft\/\" target=\"_self\">Wohnen &amp; Obdach<\/a><\/h3>\t\n\t\t\t\t<a href=\"\/de\/ressourcen\/neu-in-den-usa-und-maryland\/\"  target=\"_self\" itemprop=\"url\">\n\t\t\t\t<img decoding=\"async\" src=\"https:\/\/211md.org\/wp-content\/uploads\/bb-plugin\/cache\/American-flag-circle-0016cc327e27ef7aeb080f1da6c6e98b-.jpg\" alt=\"Neu in den Vereinigten Staaten\" itemprop=\"image\" height=\"364\" width=\"1366\" title=\"Amerikanische Flagge\" onerror=\"this.style.display='none'\" loading='lazy' \/>\n\t\t\t\t<\/a>\n\t\t<h3><a href=\"\/de\/ressourcen\/neu-in-den-usa-und-maryland\/\" target=\"_self\">Einwanderung<\/a><\/h3>\t\n\t\t\t\t<a href=\"\/de\/ressourcen\/kinder-familien\/verwandtschaftspflege\/\"  target=\"_self\" itemprop=\"url\">\n\t\t\t\t<img decoding=\"async\" src=\"https:\/\/211md.org\/wp-content\/uploads\/bb-plugin\/cache\/kinship-family-navigating-a-computer-circle-045fee9d587aefb20221bfea41a2cf9b-.png\" alt=\"Verwandtschaftsfamilie, die einen Computer navigiert\" itemprop=\"image\" title=\"Verwandtschaftsfamilie, die einen Computer navigiert\" onerror=\"this.style.display='none'\" loading='lazy' \/>\n\t\t\t\t<\/a>\n\t\t<h3><a href=\"\/de\/ressourcen\/kinder-familien\/verwandtschaftspflege\/\" target=\"_self\">Verwandtschaft<\/a><\/h3>\t\n\t\t\t\t<a href=\"\/de\/ressourcen\/rechtsberatung\/\"  target=\"_self\" itemprop=\"url\">\n\t\t\t\t<img decoding=\"async\" src=\"https:\/\/211md.org\/wp-content\/uploads\/bb-plugin\/cache\/Housing-Legal-circle-9a8f3c1c72c54b6e1ce612d2993c1ad4-.png\" alt=\"Rechtshammer mit einem Plastikmodell eines Hauses daneben\" itemprop=\"image\" height=\"348\" width=\"460\" title=\"Wohnungsrecht\" onerror=\"this.style.display='none'\" loading='lazy' \/>\n\t\t\t\t<\/a>\n\t\t<h3><a href=\"\/de\/ressourcen\/rechtsberatung\/\" target=\"_self\">Rechtsberatung<\/a><\/h3>\t\n\t\t\t\t<a href=\"\/de\/ressourcen\/psychische-gesundheit\/\"  target=\"_self\" itemprop=\"url\">\n\t\t\t\t<img decoding=\"async\" src=\"https:\/\/211md.org\/wp-content\/uploads\/bb-plugin\/cache\/Mask-Group-40@2x-circle-7bd9426367852fb3d841bc4bdc57a550-.png\" alt=\"Die Profile eines Mannes und einer Frau\" itemprop=\"image\" height=\"500\" width=\"500\" title=\"Maskengruppe 40@2x\" onerror=\"this.style.display='none'\" loading='lazy' \/>\n\t\t\t\t<\/a>\n\t\t<h3><a href=\"\/de\/ressourcen\/psychische-gesundheit\/\" target=\"_self\">Psychische Gesundheit<\/a><\/h3>\t\n\t\t\t\t<a href=\"\/de\/ressourcen\/mdreentry\/\"  target=\"_self\" itemprop=\"url\">\n\t\t\t\t<img decoding=\"async\" src=\"https:\/\/211md.org\/wp-content\/uploads\/bb-plugin\/cache\/Diverse-group-of-community-members-circle-4457c114cd48613bc79a0fb50060319c-.jpg\" alt=\"Vielf\u00e4ltige Gruppe von Community-Mitgliedern\" itemprop=\"image\" height=\"800\" width=\"1200\" title=\"Vielf\u00e4ltige Gruppe von Community-Mitgliedern\" onerror=\"this.style.display='none'\" loading='lazy' \/>\n\t\t\t\t<\/a>\n\t\t<h3><a href=\"\/de\/ressourcen\/mdreentry\/\" target=\"_self\">Wiedereintritt<\/a><\/h3>\t\n\t\t\t\t<a href=\"\/de\/stoppen\/\"  target=\"_self\" itemprop=\"url\">\n\t\t\t\t<img decoding=\"async\" src=\"https:\/\/211md.org\/wp-content\/uploads\/bb-plugin\/cache\/Background-section-MDStophate-circle-08e2bae1cf9f2ad6cc83e01e23da8cb9-.jpg\" alt=\"Hintergrund-Abschnitt-MDStophate\" itemprop=\"image\" height=\"768\" width=\"1366\" title=\"Hintergrund-Abschnitt-MDStophate\" onerror=\"this.style.display='none'\" loading='lazy' \/>\n\t\t\t\t<\/a>\n\t\t<h3><a href=\"\/de\/stoppen\/\" target=\"_self\">Stoppen Sie Hass<\/a><\/h3>\t\n\t\t\t\t<a href=\"\/de\/ressourcen\/substanzgebrauch\/\"  target=\"_self\" itemprop=\"url\">\n\t\t\t\t<img decoding=\"async\" src=\"https:\/\/211md.org\/wp-content\/uploads\/bb-plugin\/cache\/Substance-Use-circle-ad2d564932dc31267e0c32a6fb2d915c-.png\" alt=\"Hand zerschlagende Pillen\" itemprop=\"image\" height=\"500\" width=\"500\" title=\"Substanzgebrauch\" onerror=\"this.style.display='none'\" loading='lazy' \/>\n\t\t\t\t<\/a>\n\t\t<h3><a href=\"\/de\/ressourcen\/substanzgebrauch\/\" target=\"_self\">Substanzgebrauch<\/a><\/h3>\t\n\t\t\t\t<a href=\"\/de\/ressourcen\/steuerdienstleistungen\/\"  target=\"_self\" itemprop=\"url\">\n\t\t\t\t<img decoding=\"async\" src=\"https:\/\/211md.org\/wp-content\/uploads\/bb-plugin\/cache\/Mask-Group-34-circle-166a606e37e61188c9a17d5e634cda3c-.png\" alt=\"Person, die Einkommensteuerunterlagen ausf\u00fcllt\" itemprop=\"image\" height=\"500\" width=\"500\" title=\"Maskengruppe 34\" onerror=\"this.style.display='none'\" loading='lazy' \/>\n\t\t\t\t<\/a>\n\t\t<h3><a href=\"\/de\/ressourcen\/steuerdienstleistungen\/\" target=\"_self\">Steuerliche Dienstleistungen<\/a><\/h3>\t\n\t\t\t\t<a href=\"\/de\/ressourcen\/utility-unterstutzung\/\"  target=\"_self\" itemprop=\"url\">\n\t\t\t\t<img decoding=\"async\" src=\"https:\/\/211md.org\/wp-content\/uploads\/bb-plugin\/cache\/Mask-Group-37@2x-circle-9661a11b9c4082079c9a1f06bc539567-.png\" alt=\"Eine leuchtende Gl\u00fchbirne\" itemprop=\"image\" height=\"500\" width=\"500\" title=\"Maskengruppe 37@2x\" onerror=\"this.style.display='none'\" loading='lazy' \/>\n\t\t\t\t<\/a>\n\t\t<h3><a href=\"\/de\/ressourcen\/utility-unterstutzung\/\" target=\"_self\">Utility-Unterst\u00fctzung<\/a><\/h3>\t\n\t\t\t\t<a href=\"\/de\/ressourcen\/veteranen\/\"  target=\"_self\" itemprop=\"url\">\n\t\t\t\t<img decoding=\"async\" src=\"https:\/\/211md.org\/wp-content\/uploads\/bb-plugin\/cache\/Veterans-circle-7c6972a59826c74f1f658f61df785fc3-.png\" alt=\"Ein Soldat, der jemandem die Hand sch\u00fcttelt und l\u00e4chelt\" itemprop=\"image\" title=\"Veteranen\" onerror=\"this.style.display='none'\" loading='lazy' \/>\n\t\t\t\t<\/a>\n\t\t<h3><a href=\"\/de\/ressourcen\/veteranen\/\" target=\"_self\">Veteranen<\/a><\/h3>","protected":false},"excerpt":{"rendered":"<p>Sie fragen sich, wie Sie Ihr Kind w\u00e4hrend der Sommerferien besch\u00e4ftigen k\u00f6nnen? In Ihrer Gegend gibt es kostenlose oder kosteng\u00fcnstige Freizeitprogramme. Viele \u00f6rtliche Park- und Freizeitabteilungen und -organisationen bieten Programme und Camps an, um Kinder im Sommer auf unterhaltsame und spannende Weise aktiv zu halten. Finden Sie ein Sommerprogramm in Maryland\u2026<\/p>","protected":false},"author":8,"featured_media":3225,"parent":839,"menu_order":0,"comment_status":"closed","ping_status":"closed","template":"","meta":{"footnotes":""},"class_list":["post-999","page","type-page","status-publish","has-post-thumbnail","hentry"],"_links":{"self":[{"href":"https:\/\/211md.org\/de\/wp-json\/wp\/v2\/pages\/999","targetHints":{"allow":["GET"]}}],"collection":[{"href":"https:\/\/211md.org\/de\/wp-json\/wp\/v2\/pages"}],"about":[{"href":"https:\/\/211md.org\/de\/wp-json\/wp\/v2\/types\/page"}],"author":[{"embeddable":true,"href":"https:\/\/211md.org\/de\/wp-json\/wp\/v2\/users\/8"}],"replies":[{"embeddable":true,"href":"https:\/\/211md.org\/de\/wp-json\/wp\/v2\/comments?post=999"}],"version-history":[{"count":2,"href":"https:\/\/211md.org\/de\/wp-json\/wp\/v2\/pages\/999\/revisions"}],"predecessor-version":[{"id":4679,"href":"https:\/\/211md.org\/de\/wp-json\/wp\/v2\/pages\/999\/revisions\/4679"}],"up":[{"embeddable":true,"href":"https:\/\/211md.org\/de\/wp-json\/wp\/v2\/pages\/839"}],"wp:featuredmedia":[{"embeddable":true,"href":"https:\/\/211md.org\/de\/wp-json\/wp\/v2\/media\/3225"}],"wp:attachment":[{"href":"https:\/\/211md.org\/de\/wp-json\/wp\/v2\/media?parent=999"}],"curies":[{"name":"wp","href":"https:\/\/api.w.org\/{rel}","templated":true}]}}