{"id":1000,"date":"2021-04-16T18:12:42","date_gmt":"2021-04-16T18:12:42","guid":{"rendered":"https:\/\/211md.org\/?page_id=1000"},"modified":"2025-06-09T13:52:06","modified_gmt":"2025-06-09T17:52:06","slug":"sospechoso-de-abuso","status":"publish","type":"page","link":"https:\/\/211md.org\/es\/resources\/aging-disability\/suspect-abuse\/","title":{"rendered":"\u00bfSospecha de abuso?"},"content":{"rendered":"<h2>Informar sospechas de abuso<\/h2>\n<p>Para denunciar sospechas de abuso: llame al 1-800-917-7383, las 24 horas del d\u00eda, desde cualquier lugar dentro del estado de MD o\u00a0<a href=\"https:\/\/dhr.maryland.gov\/child-protective-services\/reporting-suspected-child-abuse-or-neglect\/local-offices\/\" target=\"_blank\" rel=\"noreferrer noopener\">haga clic aqu\u00ed<\/a>\u00a0para encontrar el n\u00famero de la oficina local de Servicios de Protecci\u00f3n para Adultos del Departamento de Servicios Sociales.<\/p>\n<p>Los Servicios de Protecci\u00f3n para Adultos (APS) es un programa que atiende a adultos mayores de 18 a\u00f1os que se encuentran en una situaci\u00f3n de vulnerabilidad y en riesgo o experimentando explotaci\u00f3n y da\u00f1o. Investigan situaciones de sospecha de abuso y brindan servicios profesionales dise\u00f1ados para proteger el bienestar de los adultos vulnerables. Hay una variedad de tipos de abuso y negligencia que justifican que se presente un informe a los Servicios de Protecci\u00f3n para Adultos:<\/p>\n<ul>\n<li><strong>Abuso f\u00edsico<\/strong>\u00a0\u2013 infligir dolor f\u00edsico o lesiones a una persona mayor, por ejemplo, abofeteando, magullando o inmovilizando por medios f\u00edsicos o qu\u00edmicos.<\/li>\n<li><strong>abuso sexual<\/strong>\u00a0\u2013 contacto sexual no consentido de cualquier tipo.<\/li>\n<li><strong>Descuido<\/strong>\u00a0\u2013 el hecho de que los responsables no proporcionen alimentos, alojamiento, atenci\u00f3n m\u00e9dica o protecci\u00f3n a una persona mayor vulnerable.<\/li>\n<li><strong>Explotaci\u00f3n<\/strong>\u00a0\u2013 la toma ilegal, el mal uso o la ocultaci\u00f3n de fondos, propiedades o activos de una persona mayor para beneficio de otra persona.<\/li>\n<li><strong>Abuso emocional<\/strong>\u00a0\u2013 infligir dolor mental, angustia o angustia a una persona mayor mediante actos verbales o no verbales, por ejemplo humillantes, intimidantes o amenazantes.<\/li>\n<li><strong>Abandono<\/strong>\u00a0\u2013 abandono de una persona mayor vulnerable por quien haya asumido la responsabilidad del cuidado o custodia de esa persona.<\/li>\n<li><strong>autoabandono<\/strong>\u00a0\u2013 caracterizado como la incapacidad de una persona de realizar tareas esenciales de autocuidado y que dicha incapacidad amenaza su propia salud o seguridad.<\/li>\n<\/ul>\n<p><em>(tomado del sitio web de la Administraci\u00f3n sobre el Envejecimiento-Centro Nacional sobre Abuso de Ancianos,\u00a0<a href=\"https:\/\/ncea.acl.gov\/\" target=\"_blank\" rel=\"noreferrer noopener\">para m\u00e1s informaci\u00f3n, haga clic aqu\u00ed<\/a>)<\/em><\/p>\n\t<h2>Se\u00f1ales de abuso<\/h2>\n<p>As\u00ed como existen m\u00faltiples tipos de abuso, existe una variedad de se\u00f1ales de abuso. \u00c9stas incluyen:<\/p>\n\t<h3>Abuso f\u00edsico<\/h3>\n<ul>\n<li>cortes, moretones, ronchas o heridas<\/li>\n<li>quemaduras<\/li>\n<li>parecer descuidado, sucio, maloliente<\/li>\n<li>desnutrido<\/li>\n<li>una condici\u00f3n m\u00e9dica no tratada<\/li>\n<li>lesiones que parecen inusuales<\/li>\n<\/ul>\n<h3>conductual<\/h3>\n<ul>\n<li>enojo<\/li>\n<li>depresi\u00f3n<\/li>\n<li>confusi\u00f3n<\/li>\n<li>miedo<\/li>\n<li>impotencia<\/li>\n<li>l\u00e1stima<\/li>\n<\/ul>\n<ul>\n\n<\/ul>\n\t<h3>Social<\/h3>\n<ul>\n<li>aislamiento retiro de amigos, familiares y actividades<\/li>\n<li>Abuso de sustancias, comportamiento<\/li>\n<li>dificultad para hablar libremente<\/li>\n<\/ul>\n<p>&nbsp;<\/p>\n<h3>Financiero<\/h3>\n<ul>\n<li>actividades de gasto inusuales<\/li>\n<li>cambiando cuenta bancaria<\/li>\n<li>facturas sin pagar<\/li>\n<li>las firmas en cheques y otros documentos no coinciden<\/li>\n\n<\/ul>\n\t<p><a href=\"https:\/\/dhr.maryland.gov\/child-protective-services\/reporting-suspected-child-abuse-or-neglect\/signs-neglect-abuse\/\" target=\"_blank\" rel=\"noreferrer noopener\">Haga clic aqu\u00ed para ver un documento del Departamento de Servicios Humanos de MD con informaci\u00f3n adicional sobre signos de abuso.<\/a><\/p>\n<p>Si bien todos pueden y se les anima a presentar un informe a APS sobre sospechas de abuso (no se necesitan pruebas), hay varios grupos de personas que est\u00e1n legalmente obligados a hacerlo. Estos incluyen: profesionales de la salud, trabajadores de servicios humanos y polic\u00edas, y se les llama informantes obligatorios.<\/p>\n<p>Se puede presentar una denuncia de forma an\u00f3nima, y quien la haga de buena fe est\u00e1 legalmente protegido contra responsabilidad civil y sanciones penales. Sin embargo, si tiene alguna pregunta adicional o no se siente c\u00f3modo haci\u00e9ndolo, llame al 211 para obtener orientaci\u00f3n y asistencia.<\/p>\n<p>Al realizar un informe, el trabajador de APS solicitar\u00e1 una variedad de informaci\u00f3n. Esto probablemente incluir\u00e1: nombre, edad, direcci\u00f3n y ubicaci\u00f3n del adulto vulnerable, informaci\u00f3n sobre la persona responsable de su cuidado, una descripci\u00f3n de la \u201cnaturaleza y alcance\u201d del abuso, as\u00ed como otra informaci\u00f3n relevante. Incluso si no tiene mucha informaci\u00f3n detallada y no tiene claras ciertas partes de la situaci\u00f3n, es mejor llamar a APS y brindarles la informaci\u00f3n que tiene para que puedan evaluar el informe y decidir cu\u00e1l es la mejor manera de proceder.<\/p>\n<p>Hay situaciones en las que se realiza una denuncia a APS y por no cumplir con su definici\u00f3n\/est\u00e1ndares de abuso, no investigan ni intervienen. Si a\u00fan se necesitan asistencia y recursos adicionales en estas situaciones, puede ser beneficioso comunicarse con algunos de los siguientes tipos de agencias y servicios:<\/p>\n<ul>\n<li>\n<ul>\n<li><em><strong>Gesti\u00f3n de casos \u2013<\/strong><\/em>\u00a0Algunos programas trabajan con personas mayores y adultos vulnerables para evaluar sus necesidades; desarrollar planes de atenci\u00f3n; servicios de acceso; coordinar la prestaci\u00f3n de los servicios necesarios; garantizar que se obtengan los servicios y realizar un seguimiento y seguimiento del progreso.<\/li>\n<li><em><strong>Informaci\u00f3n y asistencia para personas mayores \u2013<\/strong><\/em>\u00a0Cada condado de Maryland y la ciudad de Baltimore tiene una oficina de informaci\u00f3n y asistencia para personas mayores, dise\u00f1ada para atender a las personas mayores y brindarles informaci\u00f3n y referencias a recursos comunitarios. Especialistas capacitados evaluar\u00e1n las necesidades y dirigir\u00e1n a las personas que llaman de manera adecuada.\u00a0<a href=\"http:\/\/www.aging.maryland.gov\/Pages\/ProgramsAndServices.aspx\" target=\"_blank\" rel=\"noreferrer noopener\">Haga clic para obtener una lista de las oficinas de informaci\u00f3n y asistencia para personas mayores\u00a0<\/a><\/li>\n<li><em><strong>Punto de acceso a Maryland (MAP) \u2013<\/strong><\/em>\u00a0Muchos condados de Maryland y la ciudad de Baltimore tienen una oficina de Maryland Access Point. Estas oficinas est\u00e1n dise\u00f1adas para servir como un punto de entrada \u00fanico para numerosos programas y recursos dise\u00f1ados para ayudar a personas mayores y adultos (mayores de 18 a\u00f1os) con una discapacidad. Los especialistas evaluar\u00e1n las necesidades y har\u00e1n las derivaciones adecuadas.\u00a0<a href=\"https:\/\/www.marylandaccesspoint.info\/consumer\/connect.php\" target=\"_blank\" rel=\"noreferrer noopener\">Haga clic para encontrar una oficina de MAP en su \u00e1rea<\/a><\/li>\n<li><em><strong>211 &#8211;<\/strong><\/em> Estamos disponibles las 24 horas, los 7 d\u00edas de la semana, para conectar a quienes llaman con una amplia variedad de recursos de salud y humanos en su comunidad. Especialistas capacitados evaluar\u00e1n sus necesidades y le brindar\u00e1n las referencias pertinentes. Para comunicarse con nosotros, simplemente marque el 211.<\/li>\n<\/ul>\n<\/li>\n<\/ul>\n<h2>Informaci\u00f3n relacionada<\/h2>\n<p><a href=\"https:\/\/211md.org\/es\/recursos\/envejecimiento-discapacidad\/seguro-medico-del-estado\/\">Beneficios de Medicare<\/a><\/p>\n<p><a href=\"https:\/\/211md.org\/es\/recursos\/envejecimiento-discapacidad\/sospechoso-de-abuso\/\">\u00bfSospecha de abuso?<\/a><\/p>\n<p><a href=\"https:\/\/marylandaccesspoint.211md.org\/\" target=\"_blank\" rel=\"noopener\">Punto de acceso de Maryland (MAP)<\/a><\/p>\n<p><a href=\"https:\/\/211md.org\/es\/recursos\/envejecimiento-discapacidad\/senior-housing\/\">Vivienda para personas mayores<\/a><\/p>\n<h2>\n\t\t\tBuscar recursos\t<\/h2>\n\t\t\t\t<a href=\"\/es\/recursos\/envejecimiento-discapacidad\/\"  target=\"_self\" itemprop=\"url\">\n\t\t\t\t<img decoding=\"async\" src=\"https:\/\/211md.org\/wp-content\/uploads\/bb-plugin\/cache\/Mask-Group-41@2x-circle-73eaadba4cad8269faa4720e25cf1c85-.png\" alt=\"Los pies de una mujer mayor y una mujer m\u00e1s joven caminando juntas\" itemprop=\"image\" height=\"500\" width=\"500\" title=\"Servicios para discapacitados\" onerror=\"this.style.display='none'\" loading='lazy' \/>\n\t\t\t\t<\/a>\n\t\t<h3><a href=\"\/es\/recursos\/envejecimiento-discapacidad\/\" target=\"_self\">Envejecimiento y discapacidad<\/a><\/h3>\t\n\t\t\t\t<a href=\"\/es\/recursos\/ninos-familias\/\"  target=\"_self\" itemprop=\"url\">\n\t\t\t\t<img decoding=\"async\" src=\"https:\/\/211md.org\/wp-content\/uploads\/bb-plugin\/cache\/Mask-Group-38@2x-circle-ac40d46265fbec62083cd27f6dcf23b0-.png\" alt=\"Un ni\u00f1o y una ni\u00f1a sonriendo y mirando a la c\u00e1mara.\" itemprop=\"image\" height=\"500\" width=\"500\" title=\"M\u00e1scara Grupo 38@2x\" onerror=\"this.style.display='none'\" loading='lazy' \/>\n\t\t\t\t<\/a>\n\t\t<h3><a href=\"\/es\/recursos\/ninos-familias\/\" target=\"_self\">Ni\u00f1os y familias<\/a><\/h3>\t\n\t\t\t\t<a href=\"\/es\/recursos\/violencia-domestica-familiar\/\"  target=\"_self\" itemprop=\"url\">\n\t\t\t\t<img decoding=\"async\" src=\"https:\/\/211md.org\/wp-content\/uploads\/bb-plugin\/cache\/Mask-Group-39@2x-circle-b2589197a13c791d910f46dd10b27a87-.png\" alt=\"Dos pares de manos abraz\u00e1ndose\" itemprop=\"image\" height=\"500\" width=\"500\" title=\"M\u00e1scara Grupo 39@2x\" onerror=\"this.style.display='none'\" loading='lazy' \/>\n\t\t\t\t<\/a>\n\t\t<h3><a href=\"\/es\/recursos\/violencia-domestica-familiar\/\" target=\"_self\">Violencia Dom\u00e9stica\/ Familiar<\/a><\/h3>\t\n\t\t\t\t<a href=\"\/es\/recursos\/busqueda-de-empleo\/\"  target=\"_self\" itemprop=\"url\">\n\t\t\t\t<img decoding=\"async\" src=\"https:\/\/211md.org\/wp-content\/uploads\/bb-plugin\/cache\/Employment-circle-bf72562329e950df948954f5d3f44b2e-.png\" alt=\"un mec\u00e1nico de autom\u00f3viles\" itemprop=\"image\" height=\"500\" width=\"500\" title=\"Empleo\" onerror=\"this.style.display='none'\" loading='lazy' \/>\n\t\t\t\t<\/a>\n\t\t<h3><a href=\"\/es\/recursos\/busqueda-de-empleo\/\" target=\"_self\">Empleo<\/a><\/h3>\t\n\t\t\t\t<a href=\"\/es\/recursos\/cuidado-de-la-salud\/\"  target=\"_self\" itemprop=\"url\">\n\t\t\t\t<img decoding=\"async\" src=\"https:\/\/211md.org\/wp-content\/uploads\/bb-plugin\/cache\/Mask-Group-35@2x-circle-94be10c13e4adae1683b4589dc2f5b2f-.png\" alt=\"doctor, el mirar, ni\u00f1os, pierna\" itemprop=\"image\" height=\"500\" width=\"500\" title=\"M\u00e1scara Grupo 35@2x\" onerror=\"this.style.display='none'\" loading='lazy' \/>\n\t\t\t\t<\/a>\n\t\t<h3><a href=\"\/es\/recursos\/cuidado-de-la-salud\/\" target=\"_self\">Cuidado de la salud<\/a><\/h3>\t\n\t\t\t\t<a href=\"\/es\/recursos\/alimento\/\"  target=\"_self\" itemprop=\"url\">\n\t\t\t\t<img decoding=\"async\" src=\"https:\/\/211md.org\/wp-content\/uploads\/bb-plugin\/cache\/Mask-Group-32@2x-circle-1c6d647dcaf998fa079d26735cedc92b-.png\" alt=\"Vegetales frescos\" itemprop=\"image\" height=\"500\" width=\"500\" title=\"M\u00e1scara Grupo 32@2x\" onerror=\"this.style.display='none'\" loading='lazy' \/>\n\t\t\t\t<\/a>\n\t\t<h3><a href=\"\/es\/recursos\/alimento\/\" target=\"_self\">Alimento<\/a><\/h3>\t\n\t\t\t\t<a href=\"\/es\/recursos\/vivienda-refugio\/\"  target=\"_self\" itemprop=\"url\">\n\t\t\t\t<img decoding=\"async\" src=\"https:\/\/211md.org\/wp-content\/uploads\/bb-plugin\/cache\/Mask-Group-34@2x-circle-b99c55fc16ef21f35e2f2a1f7cc37b9a-.png\" alt=\"Balc\u00f3n del complejo de apartamentos\" itemprop=\"image\" height=\"500\" width=\"500\" title=\"Complejo de apartamentos\" onerror=\"this.style.display='none'\" loading='lazy' \/>\n\t\t\t\t<\/a>\n\t\t<h3><a href=\"\/es\/recursos\/vivienda-refugio\/\" target=\"_self\">Vivienda y refugio<\/a><\/h3>\t\n\t\t\t\t<a href=\"\/es\/recursos\/nuevo-en-los-estados-unidos-y-maryland\/\"  target=\"_self\" itemprop=\"url\">\n\t\t\t\t<img decoding=\"async\" src=\"https:\/\/211md.org\/wp-content\/uploads\/bb-plugin\/cache\/American-flag-circle-0016cc327e27ef7aeb080f1da6c6e98b-.jpg\" alt=\"nuevo en los estados unidos\" itemprop=\"image\" height=\"364\" width=\"1366\" title=\"Bandera estadounidense\" onerror=\"this.style.display='none'\" loading='lazy' \/>\n\t\t\t\t<\/a>\n\t\t<h3><a href=\"\/es\/recursos\/nuevo-en-los-estados-unidos-y-maryland\/\" target=\"_self\">Inmigraci\u00f3n<\/a><\/h3>\t\n\t\t\t\t<a href=\"\/es\/recursos\/ninos-familias\/parentesco\/\"  target=\"_self\" itemprop=\"url\">\n\t\t\t\t<img decoding=\"async\" src=\"https:\/\/211md.org\/wp-content\/uploads\/bb-plugin\/cache\/kinship-family-navigating-a-computer-circle-045fee9d587aefb20221bfea41a2cf9b-.png\" alt=\"familia de parentesco navegando en una computadora\" itemprop=\"image\" title=\"familia de parentesco navegando en una computadora\" onerror=\"this.style.display='none'\" loading='lazy' \/>\n\t\t\t\t<\/a>\n\t\t<h3><a href=\"\/es\/recursos\/ninos-familias\/parentesco\/\" target=\"_self\">Parentesco<\/a><\/h3>\t\n\t\t\t\t<a href=\"\/es\/recursos\/servicios-legales\/\"  target=\"_self\" itemprop=\"url\">\n\t\t\t\t<img decoding=\"async\" src=\"https:\/\/211md.org\/wp-content\/uploads\/bb-plugin\/cache\/Housing-Legal-circle-9a8f3c1c72c54b6e1ce612d2993c1ad4-.png\" alt=\"Martillo legal con un modelo de pl\u00e1stico de una casa al lado\" itemprop=\"image\" height=\"348\" width=\"460\" title=\"vivienda legal\" onerror=\"this.style.display='none'\" loading='lazy' \/>\n\t\t\t\t<\/a>\n\t\t<h3><a href=\"\/es\/recursos\/servicios-legales\/\" target=\"_self\">Servicios Legales<\/a><\/h3>\t\n\t\t\t\t<a href=\"\/es\/recursos\/salud-mental\/\"  target=\"_self\" itemprop=\"url\">\n\t\t\t\t<img decoding=\"async\" src=\"https:\/\/211md.org\/wp-content\/uploads\/bb-plugin\/cache\/Mask-Group-40@2x-circle-7bd9426367852fb3d841bc4bdc57a550-.png\" alt=\"Los perfiles de un hombre y una mujer\" itemprop=\"image\" height=\"500\" width=\"500\" title=\"M\u00e1scara Grupo 40@2x\" onerror=\"this.style.display='none'\" loading='lazy' \/>\n\t\t\t\t<\/a>\n\t\t<h3><a href=\"\/es\/recursos\/salud-mental\/\" target=\"_self\">Salud mental<\/a><\/h3>\t\n\t\t\t\t<a href=\"\/es\/recursos\/mdreentry\/\"  target=\"_self\" itemprop=\"url\">\n\t\t\t\t<img decoding=\"async\" src=\"https:\/\/211md.org\/wp-content\/uploads\/bb-plugin\/cache\/Diverse-group-of-community-members-circle-4457c114cd48613bc79a0fb50060319c-.jpg\" alt=\"Grupo diverso de miembros de la comunidad.\" itemprop=\"image\" height=\"800\" width=\"1200\" title=\"Grupo diverso de miembros de la comunidad.\" onerror=\"this.style.display='none'\" loading='lazy' \/>\n\t\t\t\t<\/a>\n\t\t<h3><a href=\"\/es\/recursos\/mdreentry\/\" target=\"_self\">Reentrada<\/a><\/h3>\t\n\t\t\t\t<a href=\"\/es\/para-el-odio\/\"  target=\"_self\" itemprop=\"url\">\n\t\t\t\t<img decoding=\"async\" src=\"https:\/\/211md.org\/wp-content\/uploads\/bb-plugin\/cache\/Background-section-MDStophate-circle-08e2bae1cf9f2ad6cc83e01e23da8cb9-.jpg\" alt=\"Fondo-secci\u00f3n-MDStophate\" itemprop=\"image\" height=\"768\" width=\"1366\" title=\"Fondo-secci\u00f3n-MDStophate\" onerror=\"this.style.display='none'\" loading='lazy' \/>\n\t\t\t\t<\/a>\n\t\t<h3><a href=\"\/es\/para-el-odio\/\" target=\"_self\">Los cr\u00edmenes y incidentes de odio<\/a><\/h3>\t\n\t\t\t\t<a href=\"\/es\/recursos\/consumo-de-sustancias\/\"  target=\"_self\" itemprop=\"url\">\n\t\t\t\t<img decoding=\"async\" src=\"https:\/\/211md.org\/wp-content\/uploads\/bb-plugin\/cache\/Substance-Use-circle-ad2d564932dc31267e0c32a6fb2d915c-.png\" alt=\"Pastillas para romper a mano\" itemprop=\"image\" height=\"500\" width=\"500\" title=\"Uso de sustancias\" onerror=\"this.style.display='none'\" loading='lazy' \/>\n\t\t\t\t<\/a>\n\t\t<h3><a href=\"\/es\/recursos\/consumo-de-sustancias\/\" target=\"_self\">Uso de sustancias<\/a><\/h3>\t\n\t\t\t\t<a href=\"\/es\/recursos\/servicios-de-impuestos\/\"  target=\"_self\" itemprop=\"url\">\n\t\t\t\t<img decoding=\"async\" src=\"https:\/\/211md.org\/wp-content\/uploads\/bb-plugin\/cache\/Mask-Group-34-circle-166a606e37e61188c9a17d5e634cda3c-.png\" alt=\"Persona que llena el papeleo del impuesto sobre la renta\" itemprop=\"image\" height=\"500\" width=\"500\" title=\"M\u00e1scara Grupo 34\" onerror=\"this.style.display='none'\" loading='lazy' \/>\n\t\t\t\t<\/a>\n\t\t<h3><a href=\"\/es\/recursos\/servicios-de-impuestos\/\" target=\"_self\">Servicios de Impuestos<\/a><\/h3>\t\n\t\t\t\t<a href=\"\/es\/recursos\/asistencia-de-servicios-publicos\/\"  target=\"_self\" itemprop=\"url\">\n\t\t\t\t<img decoding=\"async\" src=\"https:\/\/211md.org\/wp-content\/uploads\/bb-plugin\/cache\/Mask-Group-37@2x-circle-9661a11b9c4082079c9a1f06bc539567-.png\" alt=\"Una bombilla encendida\" itemprop=\"image\" height=\"500\" width=\"500\" title=\"M\u00e1scara Grupo 37@2x\" onerror=\"this.style.display='none'\" loading='lazy' \/>\n\t\t\t\t<\/a>\n\t\t<h3><a href=\"\/es\/recursos\/asistencia-de-servicios-publicos\/\" target=\"_self\">Asistencia de servicios p\u00fablicos<\/a><\/h3>\t\n\t\t\t\t<a href=\"\/es\/recursos\/veteranos\/\"  target=\"_self\" itemprop=\"url\">\n\t\t\t\t<img decoding=\"async\" src=\"https:\/\/211md.org\/wp-content\/uploads\/bb-plugin\/cache\/Veterans-circle-7c6972a59826c74f1f658f61df785fc3-.png\" alt=\"Un soldado estrechando la mano de alguien y sonriendo.\" itemprop=\"image\" title=\"veteranos\" onerror=\"this.style.display='none'\" loading='lazy' \/>\n\t\t\t\t<\/a>\n\t\t<h3><a href=\"\/es\/recursos\/veteranos\/\" target=\"_self\">veteranos<\/a><\/h3>","protected":false},"excerpt":{"rendered":"<p>Reportar sospecha de abuso Para reportar sospecha de abuso: Llame al 1-800-917-7383, las 24 horas del d\u00eda, desde cualquier lugar dentro del estado de MD o haga clic aqu\u00ed para encontrar el n\u00famero de la oficina local de Servicios de Protecci\u00f3n para Adultos del Departamento de Servicios Sociales. Servicios de Protecci\u00f3n para Adultos (APS) es un programa que atiende a adultos mayores de 18 a\u00f1os que se encuentran en una situaci\u00f3n de\u2026<\/p>","protected":false},"author":8,"featured_media":1597,"parent":840,"menu_order":0,"comment_status":"closed","ping_status":"closed","template":"","meta":{"footnotes":""},"class_list":["post-1000","page","type-page","status-publish","has-post-thumbnail","hentry"],"_links":{"self":[{"href":"https:\/\/211md.org\/es\/wp-json\/wp\/v2\/pages\/1000","targetHints":{"allow":["GET"]}}],"collection":[{"href":"https:\/\/211md.org\/es\/wp-json\/wp\/v2\/pages"}],"about":[{"href":"https:\/\/211md.org\/es\/wp-json\/wp\/v2\/types\/page"}],"author":[{"embeddable":true,"href":"https:\/\/211md.org\/es\/wp-json\/wp\/v2\/users\/8"}],"replies":[{"embeddable":true,"href":"https:\/\/211md.org\/es\/wp-json\/wp\/v2\/comments?post=1000"}],"version-history":[{"count":2,"href":"https:\/\/211md.org\/es\/wp-json\/wp\/v2\/pages\/1000\/revisions"}],"predecessor-version":[{"id":4684,"href":"https:\/\/211md.org\/es\/wp-json\/wp\/v2\/pages\/1000\/revisions\/4684"}],"up":[{"embeddable":true,"href":"https:\/\/211md.org\/es\/wp-json\/wp\/v2\/pages\/840"}],"wp:featuredmedia":[{"embeddable":true,"href":"https:\/\/211md.org\/es\/wp-json\/wp\/v2\/media\/1597"}],"wp:attachment":[{"href":"https:\/\/211md.org\/es\/wp-json\/wp\/v2\/media?parent=1000"}],"curies":[{"name":"Gracias","href":"https:\/\/api.w.org\/{rel}","templated":true}]}}