{"id":1003,"date":"2021-04-16T18:15:08","date_gmt":"2021-04-16T18:15:08","guid":{"rendered":"https:\/\/211md.org\/?page_id=1003"},"modified":"2026-03-03T15:25:48","modified_gmt":"2026-03-03T20:25:48","slug":"cupones-de-alimentos","status":"publish","type":"page","link":"https:\/\/211md.org\/es\/resources\/food\/food-stamps\/","title":{"rendered":"Estampillas para alimentos de Maryland\/Programa de Asistencia Nutricional Suplementaria (SNAP)"},"content":{"rendered":"<figure data-animation-delay=\"0\" data-animation-duration=\"1\" itemscope itemtype=\"https:\/\/schema.org\/ImageObject\">\n\t\t\t\t<img decoding=\"async\" src=\"https:\/\/stg-maryland211-staging.kinsta.cloud\/wp-content\/uploads\/2025\/08\/5-1-scaled.png\" alt=\"5\" height=\"692\" width=\"2560\" title=\"5\" onerror=\"this.style.display='none'\" loading=\"lazy\" \/>\n\t<\/figure>\n\t\t<h2><a href=\"#start\" target=\"_self\">Cupones de alimentos<\/a><\/h2><p>El Programa de Asistencia Nutricional Suplementaria (SNAP), anteriormente conocido como cupones de alimentos, proporciona asistencia financiera a los hogares de bajos ingresos para que puedan comprar alimentos.<\/p>\n<p>Para la mayor\u00eda de los hogares, los beneficios de SNAP solo cubren algunos de sus costos de alimentos.\u00a0<\/p>\n<p>Conozca m\u00e1s sobre el programa.\u00a0<\/p>\n\t\t\t<a href=\"#start\"  target=\"_self\">\n\t\t\t\t\t\tEmpezar\n\t\t\t\t\t<\/a>\n<figure data-animation-delay=\"0\" data-animation-duration=\"1\" itemscope itemtype=\"https:\/\/schema.org\/ImageObject\">\n\t\t\t\t<img decoding=\"async\" src=\"https:\/\/211md.org\/wp-content\/plugins\/bb-plugin\/img\/pixel.png\" alt=\"\" onerror=\"this.style.display='none'\" loading=\"lazy\" \/>\n\t<\/figure>\n<figure data-animation-delay=\"0\" data-animation-duration=\"1\" itemscope itemtype=\"https:\/\/schema.org\/ImageObject\">\n\t\t\t\t<img decoding=\"async\" src=\"http:\/\/211md.org\/wp-content\/uploads\/2025\/09\/Girl-unpacking-groceries.jpg\" alt=\"Ni\u00f1a desempacando compras\" title=\"Ni\u00f1a desempacando compras\" onerror=\"this.style.display='none'\" loading=\"lazy\" \/>\n\t<\/figure>\n\t\t<h2>\u00bfQui\u00e9n es elegible para recibir cupones de alimentos?<\/h2>\n\t\t<p>Usted puede ser elegible para recibir cupones de alimentos (SNAP) si:<\/p>\n<ul>\n<li>trabajar por salarios bajos<\/li>\n<li>estan desempleados<\/li>\n<li>trabajo a media jornada<\/li>\n<li>recibir Asistencia Temporal en Efectivo (TCA) u otra asistencia p\u00fablica<\/li>\n<li>son personas mayores o discapacitadas y viven con ingresos reducidos<\/li>\n<li>son personas sin hogar<\/li>\n<\/ul>\n<p>Hay <a href=\"https:\/\/dhs.maryland.gov\/supplemental-nutrition-assistance-program\/\" target=\"_blank\" rel=\"noopener\">ingreso<\/a> y requisitos de elegibilidad para acceder a cupones de alimentos o beneficios del SNAP en Maryland. Tambi\u00e9n podr\u00eda ser necesaria una entrevista.<\/p>\n<p>Responda algunas preguntas r\u00e1pidas para saber si es elegible para el Programa de Asistencia Nutricional Suplementaria y otros programas de beneficios.<\/p>\n<h3>\u00bfCu\u00e1nto dinero obtengo?<\/h3>\n<p>Los beneficios de SNAP se basan en:<\/p>\n<ul>\n<li>tama\u00f1o del hogar<\/li>\n<li>ingreso<\/li>\n<li>circunstancias espec\u00edficas<\/li>\n<\/ul>\n<p>Los beneficios se basan en una f\u00f3rmula federal que determina cu\u00e1nto cuesta comprar alimentos para preparar comidas nutritivas y de bajo costo para su hogar.<\/p>\n<p>Los beneficios cambian anualmente.<\/p>\n<p>211 siempre est\u00e1 disponible para ayudarle a comprender los beneficios de SNAP y encontrar alimentos para su familia.<\/p>\n\t\t\t<a href=\"https:\/\/benefits.maryland.gov\/home\/#\/\" target=\"_blank\" rel=\"noopener\">\n\t\t\t\t\t\t\tCheck food stamp eligibility\n\t\t\t<\/a>\n\t<h2>Recursos alimentarios populares<\/h2>\n<p>Search the 211 Community Resource Database for nearby organizations that can help with food. These are common searches to get started. Click the button below that fits the need, and then on the results page enter a ZIP code to find nearby locations.<\/p>\n\t\t\t<a href=\"https:\/\/search.211md.org\/search?query=BD-1800.2250&#038;query_label=Food+vouchers&#038;query_type=taxonomy&#038;utm_source=211&#038;utm_medium=Referral&#038;utm_campaign=Foodlink&#038;utm_content=Food%20Vouchers\" target=\"_blank\" rel=\"noopener\">\n\t\t\t\t\t\tVales de comida\n\t\t\t\t\t<\/a>\n\t\t\t<a href=\"https:\/\/search.211md.org\/search?query=Food+Banks+%26+Pantries&#038;query_label=Food+Banks+%26+Pantries&#038;query_type=taxonomy\" target=\"_blank\" rel=\"noopener\">\n\t\t\t\t\t\tBanco de comida\n\t\t\t\t\t<\/a>\n\t\t\t<a href=\"https:\/\/search.211md.org\/search?query=BD-1800.2250&#038;query_type=taxonomy&#038;query_label=&#038;utm_source=&#038;utm_medium=Referral&#038;utm_campaign=Foodlink&#038;utm_content=Fresh%20Food\" target=\"_blank\" rel=\"noopener\">\n\t\t\t\t\t\tComida fresca\n\t\t\t\t\t<\/a>\n\t\t\t<a href=\"https:\/\/search.211md.org\/search?query=BD-1800.8200-250&#038;query_label=Formula%2FBaby+Food&#038;query_type=taxonomy&#038;utm_source=&#038;utm_medium=Referral&#038;utm_campaign=Foodlink&#038;utm_content=Baby%20Formula\" target=\"_blank\" rel=\"noopener\">\n\t\t\t\t\t\tF\u00f3rmula\/comida para beb\u00e9s\n\t\t\t\t\t<\/a>\n\t\t\t<a href=\"https:\/\/search.211md.org\/search?query=BD-2400.2590&#038;query_type=taxonomy&#038;query_label=&#038;utm_source=&#038;utm_medium=Referral&#038;utm_campaign=Foodlink&#038;utm_content=Grocery%20Delivery\" target=\"_blank\" rel=\"noopener\">\n\t\t\t\t\t\tEntrega de comestibles\n\t\t\t\t\t<\/a>\n\t\t\t<a href=\"https:\/\/search.211md.org\/search?query=food+pantry&#038;query_label=food+pantry&#038;query_type=text\" target=\"_blank\" rel=\"noopener\">\n\t\t\t\t\t\tDespensa de alimentos\n\t\t\t\t\t<\/a>\n<figure data-animation-delay=\"0\" data-animation-duration=\"1\" itemscope itemtype=\"https:\/\/schema.org\/ImageObject\">\n\t\t\t\t<img decoding=\"async\" src=\"http:\/\/211md.org\/wp-content\/uploads\/2025\/09\/Buying-groceries-with-SNAP.jpg\" alt=\"Comprar comestibles con SNAP\" title=\"Comprar comestibles con SNAP\" onerror=\"this.style.display='none'\" loading=\"lazy\" \/>\n\t<\/figure>\n\t<h2>\u00bfQu\u00e9 puedo comprar?<\/h2>\n<p>Con cupones de alimentos o beneficios SNAP, las personas pueden comprar alimentos saludables como:<\/p>\n<ul>\n<li>frutas y verduras frescas, congeladas o enlatadas<\/li>\n<li>leche<\/li>\n<li>carne<\/li>\n<li>huevos<\/li>\n<li>Pl\u00e1ntulas de vegetales y hierbas para cultivar tus propios alimentos.<\/li>\n<\/ul>\n<p>Los alimentos se pueden comprar en el supermercado, en l\u00ednea o en el mercado de agricultores.<\/p>\n\t<h3>Compras en l\u00ednea<\/h3>\n<p>Puedes usar los beneficios de SNAP para comprar productos frescos y comestibles en l\u00ednea en tiendas y plataformas de compra en l\u00ednea como Amazon, Walmart y ShopRite. Las tiendas participantes incluyen Amazon, ShopRite y Walmart. <\/p>\n<p>Los beneficios del SNAP cubrir\u00e1n \u00fanicamente los alimentos elegibles, y no el env\u00edo ni otros costos.<\/p>\n<p>En Amazon, la comida tendr\u00e1 la etiqueta &quot;Elegible para SNAP EBT&quot;. Sin embargo, solo la ver\u00e1s despu\u00e9s de agregar tu tarjeta SNAP EBT a tu cuenta de Amazon.<\/p>\n<p>El Departamento de Servicios Humanos, que supervisa los beneficios SNAP en Maryland, explica c\u00f3mo usar sus beneficios SNAP en tiendas de comestibles en l\u00ednea.\u00a0<\/p>\n\t\t\t<a href=\"https:\/\/dhs.maryland.gov\/documents\/COVID-19\/SNAP%20Online%20%20%205_28_20.pdf\" target=\"_blank\" rel=\"noopener\">\n\t\t\t\t\t\t\tObtenga m\u00e1s informaci\u00f3n sobre Snap\n\t\t\t\t\t<\/a>\n\t<h2>C\u00f3mo solicitar SNAP<\/h2>\n<p>Hay tres maneras de solicitar el Programa de Asistencia Nutricional Suplementaria. Elija la que mejor se adapte a sus necesidades.<\/p>\n<p>Las solicitudes se revisan el mismo d\u00eda que se reciben. Algunas personas califican para un beneficio acelerado dentro de los 7 d\u00edas posteriores a la solicitud.<\/p>\n<p>La mayor\u00eda de las personas que califican pueden recibir los beneficios SNAP dentro de los 30 d\u00edas posteriores a la presentaci\u00f3n de su solicitud.<\/p>\n\t\t\t<a href=\"https:\/\/ub.benefits.maryland.gov\/ub\/#\/one-app\/help-benefits\" target=\"_blank\" rel=\"noopener\">\n\t\t\t\t\t\t\tSolicitud en l\u00ednea\n\t\t\t\t\t<\/a>\n\t\t\t<a href=\"https:\/\/ub.benefits.maryland.gov\/ub\/#\/one-app\/help-benefits\" target=\"_blank\" rel=\"noopener\">\n\t\t\t\t\t\t\tContactar con Servicios Sociales\n\t\t\t\t\t<\/a>\n\t\t\t<a href=\"https:\/\/dhs.maryland.gov\/documents\/DHS%20Forms\/FIA%20Forms\/English\/To-Apply-for-Assistance\/2--Fill-Out-App-for-Assistance\/9701-DHS-FIA-Application-for-Assistance-7.18.2024.pdf\" target=\"_blank\" rel=\"noopener\">\n\t\t\t\t\t\t\tDescargar aplicaci\u00f3n\n\t\t\t\t\t<\/a>\n\t<h3>Distribuci\u00f3n de Cupones para Alimentos<\/h3>\n<p>Los beneficios se cargan en una tarjeta de transferencia electr\u00f3nica de beneficios (EBT) y se distribuyen mensualmente. Los fondos se distribuyen en un d\u00eda espec\u00edfico de cada mes, dependiendo de las tres primeras letras de su apellido.\u00a0<a href=\"https:\/\/dhs.maryland.gov\/food-supplement-program\/food-supplement-benefits-schedule\/\" target=\"_blank\" rel=\"noopener\">Verifique qu\u00e9 d\u00eda del mes recibir\u00e1 los beneficios<\/a>.\u00a0\u00a0<\/p>\n<p>Para consultar el saldo de su tarjeta EBT, llame al Centro de llamadas para clientes de EBT de Maryland al 1-800-997-2222 o visite\u00a0<a href=\"https:\/\/www.connectebt.com\/\" target=\"_blank\" rel=\"noopener\">EBT de Maryland<\/a>.\u00a0<\/p>\n<h3>Recertificar la elegibilidad para los beneficios<\/h3>\n<p>De vez en cuando, es posible que deba volver a certificar su elegibilidad para los beneficios. Seleccione redeterminaci\u00f3n en la <a href=\"https:\/\/mymdthink.maryland.gov\/home\/#\/\" target=\"_blank\" rel=\"noopener\">miMDTHINK<\/a>\u00a0panel de control y cargue la informaci\u00f3n necesaria.\u00a0<\/p>\n<h3>\u00bfPuedo transferir los beneficios?<\/h3>\n<p>S\u00ed. Puede transferir los beneficios de SNAP no utilizados de un mes al siguiente. Los beneficios no utilizados permanecen en las tarjetas EBT hasta por nueve meses.<\/p>\n<figure data-animation-delay=\"0\" data-animation-duration=\"1\" itemscope itemtype=\"https:\/\/schema.org\/ImageObject\">\n\t\t\t\t<img decoding=\"async\" src=\"https:\/\/211md.org\/wp-content\/uploads\/2024\/07\/woman-shopping-at-farmers-market.jpg\" alt=\"mujer de compras en el mercado de agricultores\" height=\"800\" width=\"1200\" title=\"mujer de compras en el mercado de agricultores\" onerror=\"this.style.display='none'\" loading=\"lazy\" \/>\n\t<\/figure>\n<figure itemscope itemtype=\"https:\/\/schema.org\/ImageObject\">\n\t\t\t\t<img decoding=\"async\" src=\"http:\/\/211md.org\/wp-content\/uploads\/2022\/01\/Man-chatting-on-computer.jpg\" alt=\"Hombre chateando en la computadora\" title=\"Hombre chateando en la computadora\" onerror=\"this.style.display='none'\" loading=\"lazy\" \/>\n\t<\/figure>\n\t<h3>New work requirements<\/h3>\n<p>Starting in 2026, a larger group of SNAP recipients will be subject to work requirements. In Maryland, the new rules require these people to work, volunteer, or participate in a job-training program for at least 80 hours a month:<\/p>\n<ul>\n<li>Adults between the ages of 55 and 64<\/li>\n<li>Adults who have children age 14-17 living at home<\/li>\n<li>veteranos<\/li>\n<li>Young adults who aged out of out-of-home care under age 24<\/li>\n<li>Unhoused people<\/li>\n<\/ul>\n<p>During your next recertification, you will be screened for these new work requirements. However, the requirements apply immediately.<\/p>\n<h3>Exemptions<\/h3>\n<p>There are exemptions for those who are:<\/p>\n<ul>\n<li>Under 17 or over 64 years old<\/li>\n<li>Medically certified as physically or mentally unable to work<\/li>\n<li>Parent or caregiver of a dependent child under age 14<\/li>\n<li>Enrolled in a Temporary Cash Assistance (TCA) employment program<\/li>\n<\/ul>\n<p>If an individual does not meet these requirements, benefits are limited to three months every three years.<\/p>\n<p>The work requirement has always been part of SNAP benefits, but it now applies to a larger group of recipients. It&#8217;s estimated that up to 80,000 additional Marylanders will be subject to the new requirements.<\/p>\n<p>tambi\u00e9n hay <a href=\"https:\/\/dhs.maryland.gov\/important-changes-snap-benefits\/\" target=\"_blank\" rel=\"noopener\">impacts on benefits<\/a>.<\/p>\n<p>If you need help, <a href=\"https:\/\/dhs.maryland.gov\/local-offices\/\" target=\"_blank\" rel=\"noopener\">contact your local Department of Social Services<\/a> or call the Customer Service hotline, 1-800-332-6347.<\/p>\n\t<h2>\u00bfC\u00f3mo puedo ahorrar dinero en comida?<\/h2>\n<p>Los beneficios de SNAP son solo una parte de tu presupuesto para alimentos. Haz que rindan m\u00e1s duplicando tu dinero, hasta $10, en mercados agr\u00edcolas o en ofertas.<\/p>\n<h3>Dinero del mercado de Maryland<\/h3>\n<p><a href=\"https:\/\/www.marylandmarketmoney.org\/howmmmworks\" target=\"_blank\" rel=\"noopener\">Dinero del mercado de Maryland<\/a> es un programa de mercado de agricultores que iguala el gasto de SNAP d\u00f3lar por d\u00f3lar, hasta $10.<\/p>\n<p>Por ejemplo, si gastas $5 en comprar frutas y verduras frescas, obtendr\u00e1s otros $5 para gastar.<\/p>\n<p>Busque una carpa de \u201cInformaci\u00f3n del mercado\u201d en su mercado de agricultores. <a href=\"https:\/\/www.marylandmarketmoney.org\/mmmlocations\" target=\"_blank\" rel=\"noopener\">Busque ubicaciones participantes en Maryland<\/a>.<\/p>\n<p>&nbsp;<\/p>\n<figure data-animation-delay=\"0\" data-animation-duration=\"1\" itemscope itemtype=\"https:\/\/schema.org\/ImageObject\">\n\t\t\t\t<img decoding=\"async\" src=\"http:\/\/211md.org\/wp-content\/uploads\/2022\/09\/free-food-box.jpg\" alt=\"caja de comida gratis\" title=\"caja de comida gratis\" onerror=\"this.style.display='none'\" loading=\"lazy\" \/>\n\t<\/figure>\n\t<h3>Red de alimentos COMPARTIR<\/h3>\n<p>\u00c9l <a href=\"https:\/\/www.catholiccharitiesdc.org\/share\/\" target=\"_blank\" rel=\"noopener\">Red de alimentos COMPARTIR<\/a> Ofrece ahorros de hasta 50% en comestibles para familias. Hay un men\u00fa espec\u00edfico cada mes y puntos de distribuci\u00f3n en toda la zona.<\/p>\n<h3>Otros programas de beneficios<\/h3>\n<p>Tambi\u00e9n puede calificar para otros programas de beneficios como el Programa Especial de Nutrici\u00f3n Suplementaria para <a href=\"https:\/\/211md.org\/es\/recursos\/alimento\/wic\/\">Mujeres, beb\u00e9s y ni\u00f1os, tambi\u00e9n conocido como WIC<\/a>. Es posible que haya alimentos nutritivos, as\u00ed como apoyo adicional, disponibles a trav\u00e9s de WIC si califica. Es un programa para mujeres embarazadas, madres primerizas (hasta seis meses), madres que amamantan (hasta 1 a\u00f1o), beb\u00e9s y ni\u00f1os menores de 5 a\u00f1os que re\u00fanen los requisitos de ingresos.<\/p>\n<h3>Despensas de alimentos<\/h3>\n<p>Tambi\u00e9n, <a href=\"https:\/\/211md.org\/es\/recursos\/alimento\/\">bancos de alimentos y despensas de alimentos<\/a> Puede llenar cualquier vac\u00edo temporalmente.<\/p>\n<figure itemscope itemtype=\"https:\/\/schema.org\/ImageObject\">\n\t\t\t\t<img decoding=\"async\" src=\"https:\/\/211md.org\/wp-content\/plugins\/bb-plugin\/img\/pixel.png\" alt=\"\" onerror=\"this.style.display='none'\" loading=\"lazy\" \/>\n\t<\/figure>\n\t\t<figure itemscope itemtype=\"https:\/\/schema.org\/ImageObject\">\n\t\t\t\t<img decoding=\"async\" src=\"https:\/\/211md.org\/wp-content\/uploads\/bb-plugin\/cache\/Call-center-specialst-circle-4e9ecd7b3425be4576416abc911049bb-.jpg\" alt=\"Especialista en centro de llamadas\" title=\"Especialista en call center\" onerror=\"this.style.display='none'\" loading=\"lazy\" \/>\n\t<\/figure>\n<h2>Marque 211<\/h2><p>Habla con una persona atenta y compasiva las 24 horas, los 7 d\u00edas de la semana. Tambi\u00e9n puede ponerte en contacto con recursos.\u00a0<\/p>\n<h2>\n\t\t\tInformaci\u00f3n relacionada\t<\/h2>\n\t\t<h4><a href=\"\/es\/recursos\/envejecimiento-discapacidad\/?utm_source=Home&#038;utm_medium=Referral&#038;utm_campaign=211Resources&#038;utm_content=Aging\" target=\"_self\">Envejecimiento y discapacidad<\/a><\/h4><figure itemscope itemtype=\"https:\/\/schema.org\/ImageObject\">\n\t\t\t\t<a href=\"\/es\/recursos\/envejecimiento-discapacidad\/?utm_source=Home&#038;utm_medium=Referral&#038;utm_campaign=211Resources&#038;utm_content=Aging\"  target=\"_self\" itemprop=\"url\">\n\t\t\t\t<img decoding=\"async\" src=\"https:\/\/211md.org\/wp-content\/uploads\/bb-plugin\/cache\/2025_MdInfoNet_Icon-Sets_Aging-disability-square-c466727102cae71e5f27b8539bb51945-.png\" alt=\"\" onerror=\"this.style.display='none'\" loading=\"lazy\" \/>\n\t\t\t\t<\/a>\n\t<\/figure>\n\t\t<h4><a href=\"\/es\/recursos\/ninos-familias\/?utm_source=Home&#038;utm_medium=Referral&#038;utm_campaign=211Resources&#038;utm_content=Children\" target=\"_self\">Ni\u00f1os y familias<\/a><\/h4><figure itemscope itemtype=\"https:\/\/schema.org\/ImageObject\">\n\t\t\t\t<a href=\"\/es\/recursos\/ninos-familias\/?utm_source=Home&#038;utm_medium=Referral&#038;utm_campaign=211Resources&#038;utm_content=Children\"  target=\"_self\" itemprop=\"url\">\n\t\t\t\t<img decoding=\"async\" src=\"https:\/\/211md.org\/wp-content\/uploads\/bb-plugin\/cache\/2025_211_Icon-Sets_Child-care-square-f3b0d4edab3dcc467fadb5f55f4064c6-.png\" alt=\"parent and child icon for child care\" height=\"417\" width=\"417\" title=\"2025_211_Conjuntos de iconos_Cuidado infantil\" onerror=\"this.style.display='none'\" loading=\"lazy\" \/>\n\t\t\t\t<\/a>\n\t<\/figure>\n\t\t<h4><a href=\"\/es\/recursos\/violencia-domestica-familiar\/?utm_source=Home&#038;utm_medium=Referral&#038;utm_campaign=211Resources&#038;utm_content=Domestic\" target=\"_self\">Violencia dom\u00e9stica<\/a><\/h4><figure itemscope itemtype=\"https:\/\/schema.org\/ImageObject\">\n\t\t\t\t<a href=\"\/es\/recursos\/violencia-domestica-familiar\/?utm_source=Home&#038;utm_medium=Referral&#038;utm_campaign=211Resources&#038;utm_content=Domestic\"  target=\"_self\" itemprop=\"url\">\n\t\t\t\t<img decoding=\"async\" src=\"https:\/\/211md.org\/wp-content\/uploads\/bb-plugin\/cache\/2025_211_Icon-Sets_Domestic-Violence-square-7b597694a6f05fe90cdc376aa573bc63-.png\" alt=\"House with a heart in the middle icon\" height=\"417\" width=\"417\" title=\"2025_211_Conjuntos de iconos_Violencia dom\u00e9stica\" onerror=\"this.style.display='none'\" loading=\"lazy\" \/>\n\t\t\t\t<\/a>\n\t<\/figure>\n\t\t<h4><a href=\"\/es\/recursos\/busqueda-de-empleo\/?utm_source=Home&#038;utm_medium=Referral&#038;utm_campaign=211Resources&#038;utm_content=Employment\" target=\"_self\">Empleo<\/a><\/h4><figure itemscope itemtype=\"https:\/\/schema.org\/ImageObject\">\n\t\t\t\t<a href=\"\/es\/recursos\/busqueda-de-empleo\/?utm_source=Home&#038;utm_medium=Referral&#038;utm_campaign=211Resources&#038;utm_content=Employment\"  target=\"_self\" itemprop=\"url\">\n\t\t\t\t<img decoding=\"async\" src=\"https:\/\/211md.org\/wp-content\/uploads\/bb-plugin\/cache\/2025_MdInfoNet_Icon-Sets_Employment-square-44707bd410e4df10a470bf130ebcea86-.png\" alt=\"\" onerror=\"this.style.display='none'\" loading=\"lazy\" \/>\n\t\t\t\t<\/a>\n\t<\/figure>\n\t\t<h4><a href=\"\/es\/recursos\/cuidado-de-la-salud\/?utm_source=Home&#038;utm_medium=Referral&#038;utm_campaign=211Resources&#038;utm_content=Health%20Care\" target=\"_self\">Cuidado de la salud<\/a><\/h4><figure itemscope itemtype=\"https:\/\/schema.org\/ImageObject\">\n\t\t\t\t<a href=\"\/es\/recursos\/cuidado-de-la-salud\/?utm_source=Home&#038;utm_medium=Referral&#038;utm_campaign=211Resources&#038;utm_content=Health%20Care\"  target=\"_self\" itemprop=\"url\">\n\t\t\t\t<img decoding=\"async\" src=\"https:\/\/211md.org\/wp-content\/uploads\/bb-plugin\/cache\/2025_MdInfoNet_Icon-Sets_Health-Care-square-dee98a0060cbe0e7f27eda253fc12679-.png\" alt=\"\" onerror=\"this.style.display='none'\" loading=\"lazy\" \/>\n\t\t\t\t<\/a>\n\t<\/figure>\n\t\t<h4><a href=\"\/es\/recursos\/nuevo-en-los-estados-unidos-y-maryland\/?utm_source=Home&#038;utm_medium=Referral&#038;utm_campaign=211Resources&#038;utm_content=Immigration\" target=\"_self\">Inmigraci\u00f3n<\/a><\/h4><figure itemscope itemtype=\"https:\/\/schema.org\/ImageObject\">\n\t\t\t\t<a href=\"\/es\/recursos\/nuevo-en-los-estados-unidos-y-maryland\/?utm_source=Home&#038;utm_medium=Referral&#038;utm_campaign=211Resources&#038;utm_content=Immigration\"  target=\"_self\" itemprop=\"url\">\n\t\t\t\t<img decoding=\"async\" src=\"https:\/\/211md.org\/wp-content\/uploads\/bb-plugin\/cache\/2025_MdInfoNet_Icon-Sets_Immigration-square-8b97b7fdfe5e6071405e216855065118-.png\" alt=\"icono de inmigraci\u00f3n\" title=\"2025_MdInfoNet_Icon-Sets_Immigration\" onerror=\"this.style.display='none'\" loading=\"lazy\" \/>\n\t\t\t\t<\/a>\n\t<\/figure>\n\t\t<h4><a href=\"\/es\/recursos\/ninos-familias\/parentesco\/?utm_source=Home&#038;utm_medium=Referral&#038;utm_campaign=211Resources&#038;utm_content=Kinship\" target=\"_self\">Parentesco<\/a><\/h4><figure itemscope itemtype=\"https:\/\/schema.org\/ImageObject\">\n\t\t\t\t<a href=\"\/es\/recursos\/ninos-familias\/parentesco\/?utm_source=Home&#038;utm_medium=Referral&#038;utm_campaign=211Resources&#038;utm_content=Kinship\"  target=\"_self\" itemprop=\"url\">\n\t\t\t\t<img decoding=\"async\" src=\"https:\/\/211md.org\/wp-content\/uploads\/bb-plugin\/cache\/2025_211_Icon-Sets_Kinship-square-45bdf872866f5735f842c32071109267-.png\" alt=\"Icono de parentesco\" height=\"417\" width=\"417\" title=\"2025_211_Conjuntos de iconos_Parentesco\" onerror=\"this.style.display='none'\" loading=\"lazy\" \/>\n\t\t\t\t<\/a>\n\t<\/figure>\n\t\t<h4><a href=\"\/es\/recursos\/servicios-legales\/?utm_source=Home&#038;utm_medium=Referral&#038;utm_campaign=211Resources&#038;utm_content=Legal\" target=\"_self\">Servicios Legales<\/a><\/h4><figure itemscope itemtype=\"https:\/\/schema.org\/ImageObject\">\n\t\t\t\t<a href=\"\/es\/recursos\/servicios-legales\/?utm_source=Home&#038;utm_medium=Referral&#038;utm_campaign=211Resources&#038;utm_content=Legal\"  target=\"_self\" itemprop=\"url\">\n\t\t\t\t<img decoding=\"async\" src=\"https:\/\/211md.org\/wp-content\/uploads\/bb-plugin\/cache\/2025_MdInfoNet_Icon-Sets_Legal-square-18fdf438feb8435588174d9046463257-.png\" alt=\"\" onerror=\"this.style.display='none'\" loading=\"lazy\" \/>\n\t\t\t\t<\/a>\n\t<\/figure>\n\t\t<h4><a href=\"\/es\/recursos\/salud-mental\/?utm_source=Home&#038;utm_medium=Referral&#038;utm_campaign=211Resources&#038;utm_content=Mental\" target=\"_self\">Salud mental<\/a><\/h4><figure itemscope itemtype=\"https:\/\/schema.org\/ImageObject\">\n\t\t\t\t<a href=\"\/es\/recursos\/salud-mental\/?utm_source=Home&#038;utm_medium=Referral&#038;utm_campaign=211Resources&#038;utm_content=Mental\"  target=\"_self\" itemprop=\"url\">\n\t\t\t\t<img decoding=\"async\" src=\"https:\/\/211md.org\/wp-content\/uploads\/bb-plugin\/cache\/2025_MdInfoNet_Icon-Sets_Mental-Health-square-c59b38c4a993a947d4c9280fbe2d2fee-.png\" alt=\"\" onerror=\"this.style.display='none'\" loading=\"lazy\" \/>\n\t\t\t\t<\/a>\n\t<\/figure>\n\t\t<h4><a href=\"\/es\/recursos\/mdreentry\/?utm_source=Home&#038;utm_medium=Referral&#038;utm_campaign=211Resources&#038;utm_content=Reentry\" target=\"_self\">Reentrada<\/a><\/h4><figure itemscope itemtype=\"https:\/\/schema.org\/ImageObject\">\n\t\t\t\t<a href=\"\/es\/recursos\/mdreentry\/?utm_source=Home&#038;utm_medium=Referral&#038;utm_campaign=211Resources&#038;utm_content=Reentry\"  target=\"_self\" itemprop=\"url\">\n\t\t\t\t<img decoding=\"async\" src=\"https:\/\/211md.org\/wp-content\/uploads\/bb-plugin\/cache\/2025_211_Icon-Sets_Reentry-square-8676fea38abd920a832f45642fe31cca-.png\" alt=\"Icono de reentrada\" height=\"417\" width=\"417\" title=\"2025_211_Conjuntos de iconos_Reentrada\" onerror=\"this.style.display='none'\" loading=\"lazy\" \/>\n\t\t\t\t<\/a>\n\t<\/figure>\n\t\t<h4><a href=\"\/es\/recursos\/consumo-de-sustancias\/?utm_source=Home&#038;utm_medium=Referral&#038;utm_campaign=211Resources&#038;utm_content=Substance\" target=\"_self\">Uso de sustancias<\/a><\/h4><figure itemscope itemtype=\"https:\/\/schema.org\/ImageObject\">\n\t\t\t\t<a href=\"\/es\/recursos\/consumo-de-sustancias\/?utm_source=Home&#038;utm_medium=Referral&#038;utm_campaign=211Resources&#038;utm_content=Substance\"  target=\"_self\" itemprop=\"url\">\n\t\t\t\t<img decoding=\"async\" src=\"https:\/\/211md.org\/wp-content\/uploads\/bb-plugin\/cache\/2025_MdInfoNet_Icon-Sets_Substance-Abuse-square-4f414f085e657267739c181957754f48-.png\" alt=\"Pills for substance Use icon\" title=\"2025_MdInfoNet_Icon-Sets_Substance-Abuse\" onerror=\"this.style.display='none'\" loading=\"lazy\" \/>\n\t\t\t\t<\/a>\n\t<\/figure>\n\t\t<h4><a href=\"\/es\/recursos\/veteranos\/?utm_source=Home&#038;utm_medium=Referral&#038;utm_campaign=211Resources&#038;utm_content=Veterans\" target=\"_self\">veteranos<\/a><\/h4><figure itemscope itemtype=\"https:\/\/schema.org\/ImageObject\">\n\t\t\t\t<a href=\"\/es\/recursos\/veteranos\/?utm_source=Home&#038;utm_medium=Referral&#038;utm_campaign=211Resources&#038;utm_content=Veterans\"  target=\"_self\" itemprop=\"url\">\n\t\t\t\t<img decoding=\"async\" src=\"https:\/\/211md.org\/wp-content\/uploads\/bb-plugin\/cache\/2025_MdInfoNet_Icon-Sets_Rating-square-6e60d00cce4faa8e0a6d4ad7366aa733-.png\" alt=\"\" onerror=\"this.style.display='none'\" loading=\"lazy\" \/>\n\t\t\t\t<\/a>\n\t<\/figure>","protected":false},"excerpt":{"rendered":"<p>Cupones de Alimentos. El Programa de Asistencia Nutricional Suplementaria (SNAP), antes conocido como cupones de alimentos, brinda asistencia financiera a hogares de bajos ingresos para que puedan comprar alimentos. Para la mayor\u00eda de los hogares, los beneficios del SNAP solo cubren una parte de sus gastos de alimentos. Inf\u00f3rmese sobre el programa. \u00bfQui\u00e9n es elegible para recibir cupones de alimentos? Usted podr\u00eda ser elegible para recibir cupones de alimentos\u2026<\/p>","protected":false},"author":8,"featured_media":2055,"parent":746,"menu_order":0,"comment_status":"closed","ping_status":"closed","template":"","meta":{"footnotes":""},"class_list":["post-1003","page","type-page","status-publish","has-post-thumbnail","hentry"],"_links":{"self":[{"href":"https:\/\/211md.org\/es\/wp-json\/wp\/v2\/pages\/1003","targetHints":{"allow":["GET"]}}],"collection":[{"href":"https:\/\/211md.org\/es\/wp-json\/wp\/v2\/pages"}],"about":[{"href":"https:\/\/211md.org\/es\/wp-json\/wp\/v2\/types\/page"}],"author":[{"embeddable":true,"href":"https:\/\/211md.org\/es\/wp-json\/wp\/v2\/users\/8"}],"replies":[{"embeddable":true,"href":"https:\/\/211md.org\/es\/wp-json\/wp\/v2\/comments?post=1003"}],"version-history":[{"count":11,"href":"https:\/\/211md.org\/es\/wp-json\/wp\/v2\/pages\/1003\/revisions"}],"predecessor-version":[{"id":34404,"href":"https:\/\/211md.org\/es\/wp-json\/wp\/v2\/pages\/1003\/revisions\/34404"}],"up":[{"embeddable":true,"href":"https:\/\/211md.org\/es\/wp-json\/wp\/v2\/pages\/746"}],"wp:featuredmedia":[{"embeddable":true,"href":"https:\/\/211md.org\/es\/wp-json\/wp\/v2\/media\/2055"}],"wp:attachment":[{"href":"https:\/\/211md.org\/es\/wp-json\/wp\/v2\/media?parent=1003"}],"curies":[{"name":"Gracias","href":"https:\/\/api.w.org\/{rel}","templated":true}]}}