{"id":1014,"date":"2021-04-16T18:37:05","date_gmt":"2021-04-16T18:37:05","guid":{"rendered":"https:\/\/211md.org\/?page_id=1014"},"modified":"2026-04-04T10:13:42","modified_gmt":"2026-04-04T14:13:42","slug":"seguro-medico-del-estado","status":"publish","type":"page","link":"https:\/\/211md.org\/es\/resources\/health-care\/medicare\/","title":{"rendered":"Beneficios de Medicare"},"content":{"rendered":"<figure data-animation-delay=\"0\" data-animation-duration=\"1\" itemscope itemtype=\"https:\/\/schema.org\/ImageObject\">\n\t\t\t\t<img decoding=\"async\" src=\"https:\/\/stg-maryland211-staging.kinsta.cloud\/wp-content\/uploads\/2025\/08\/5-1-scaled.png\" alt=\"5\" height=\"692\" width=\"2560\" title=\"5\" onerror=\"this.style.display='none'\" loading=\"lazy\" \/>\n\t<\/figure>\n\t\t<h1><a href=\"#start\" target=\"_self\">Encabezado de p\u00e1gina predeterminado<\/a><\/h1><p>Medicare es un programa de seguro de salud del gobierno que brinda asistencia a personas de 65 a\u00f1os o m\u00e1s, personas menores de 65 a\u00f1os con ciertas discapacidades y personas de cualquier edad con enfermedad renal en etapa terminal o insuficiencia renal permanente que requiera di\u00e1lisis o trasplante de ri\u00f1\u00f3n.<\/p>\n<p>Obtenga informaci\u00f3n sobre los tipos de cobertura de Medicare y c\u00f3mo obtener ayuda para navegarla a trav\u00e9s de un programa llamado SHIP.<\/p>\n\t\t\t<a href=\"#start\"  target=\"_self\">\n\t\t\t\t\t\tEmpezar\n\t\t\t\t\t<\/a>\n<figure data-animation-delay=\"0\" data-animation-duration=\"1\" itemscope itemtype=\"https:\/\/schema.org\/ImageObject\">\n\t\t\t\t<img decoding=\"async\" src=\"https:\/\/211md.org\/wp-content\/plugins\/bb-plugin\/img\/pixel.png\" alt=\"\" onerror=\"this.style.display='none'\" loading=\"lazy\" \/>\n\t<\/figure>\n<figure data-animation-delay=\"0\" data-animation-duration=\"1.3\" itemscope itemtype=\"https:\/\/schema.org\/ImageObject\">\n\t\t\t\t<img decoding=\"async\" src=\"https:\/\/stg-maryland211-staging.kinsta.cloud\/wp-content\/uploads\/2025\/08\/16.png\" alt=\"16\" height=\"1000\" width=\"1000\" title=\"16\" onerror=\"this.style.display='none'\" loading=\"lazy\" \/>\n\t<\/figure>\n<figure data-animation-delay=\"0\" data-animation-duration=\"1\" itemscope itemtype=\"https:\/\/schema.org\/ImageObject\">\n\t\t\t\t<img decoding=\"async\" src=\"http:\/\/211md.org\/wp-content\/uploads\/2023\/11\/Person-on-Medicare-at-the-doctor.jpg\" alt=\"Senior at doctor\" title=\"Persona con Medicare en el m\u00e9dico\" onerror=\"this.style.display='none'\" loading=\"lazy\" \/>\n\t<\/figure>\n\t<h2>Tipos de cobertura de Medicare<\/h2>\n<p>Hay tres tipos de cobertura de Medicare:<\/p>\n<ul>\n<li>Medicare Parte A: seguro hospitalario<\/li>\n<li>Medicare Parte B: seguro m\u00e9dico<\/li>\n<li>Medicare Parte C: Planes Advantage<\/li>\n<li>Medicare Parte D: planes de medicamentos recetados<\/li>\n<\/ul>\n<h3><strong>Parte A: Seguro hospitalario<\/strong><\/h3>\n<p>La Parte A de Medicare cubre gastos como:<\/p>\n<ul>\n<li>atenci\u00f3n hospitalaria para pacientes internados<\/li>\n<li>centros de enfermer\u00eda especializada<\/li>\n<li>rehabilitaci\u00f3n para pacientes hospitalizados<\/li>\n<li>cuidados paliativos<\/li>\n<li>algunos servicios de atenci\u00f3n m\u00e9dica domiciliaria<\/li>\n<\/ul>\n<p>Mire la tarjeta de Medicare para determinar si est\u00e1 incluida la cobertura de la Parte A.<\/p>\n<p>Si tiene la Parte A, ver\u00e1 \u201cHOSPITAL (PARTE A)\u201d impreso en la tarjeta.<\/p>\n<p>La mayor\u00eda de las personas no tienen que pagar la Parte A.<\/p>\n<p>Se basa en el empleo cubierto por Medicare, seg\u00fan lo determina la Administraci\u00f3n del Seguro Social.<\/p>\n\t<h3>Parte B: Seguro m\u00e9dico<\/h3>\n<p>La Parte B de Medicare es un seguro m\u00e9dico que ayuda a cubrir servicios m\u00e9dicamente necesarios como:<\/p>\n<ul>\n<li>visitas al m\u00e9dico<\/li>\n<li>atenci\u00f3n ambulatoria<\/li>\n<li>equipo m\u00e9dico duradero (EMD)<\/li>\n<li>ciertos servicios de salud a domicilio<\/li>\n<li>otra atenci\u00f3n m\u00e9dica no cubierta por la Parte A<\/li>\n<li>algunos servicios preventivos<\/li>\n<\/ul>\n<p>La mayor\u00eda de las personas pagan mensualmente la Parte B. Tambi\u00e9n hay un deducible anual.<\/p>\n<p>\u00c9l <a href=\"https:\/\/www.cms.gov\/newsroom\/fact-sheets\/2024-medicare-parts-b-premiums-and-deductibles\" target=\"_blank\" rel=\"noopener\">Centros de Medicare y Medicaid <\/a>Servicios administra el programa y detalla las primas esperadas para la Parte B.<\/p>\n<h3>Parte C: Cobertura adicional por parte de empresas privadas<\/h3>\n<p>Las compa\u00f1\u00edas privadas aprobadas por Medicare ofrecen la Parte C de Medicare y brindan cobertura adicional.<\/p>\n<p>Esto puede incluir:<\/p>\n<ul>\n<li>visi\u00f3n<\/li>\n<li>audiencia<\/li>\n<li>dental<\/li>\n<li>programas de salud y bienestar<\/li>\n<\/ul>\n<p>La mayor\u00eda tambi\u00e9n incluye cobertura de medicamentos recetados de Medicare (Parte D).<\/p>\n<h3>Parte D: Recetas<\/h3>\n<p>La Parte D de Medicare brinda cobertura de medicamentos recetados a todas las personas con Medicare.<\/p>\n<p>Para obtener cobertura de medicamentos recetados de Medicare, debe unirse a un plan administrado por una compa\u00f1\u00eda de seguros u otra compa\u00f1\u00eda privada aprobada por Medicare.<\/p>\n<p>Cada plan puede variar en costo y los medicamentos que cubre.<\/p>\n\t<h2>Maryland SHIP: obtenga ayuda para encontrar el plan adecuado<\/h2>\n<p>Voluntarios capacitados del Programa de Asistencia de Seguro M\u00e9dico del Estado de Maryland (SHIP) ofrecen asesoramiento gratuito para ayudar a las personas a decidir qu\u00e9 plan de Medicare elegir.<\/p>\n<p>Los consejeros de SHIP pueden ayudar a las personas a:<\/p>\n<ul>\n<li>comprender los costos y la cobertura<\/li>\n<li>comparar opciones<\/li>\n<li>inscribirse o cambiar de plan<\/li>\n<li>corregir errores o problemas de facturaci\u00f3n<\/li>\n<\/ul>\n<p>Los asesores locales de SHIP pueden ayudar con todas las partes de Medicare, AD.<\/p>\n<p>Adem\u00e1s, pueden ayudar con asistencia financiera a beneficiarios de bajos ingresos y con el fraude y abuso de Medicare.<\/p>\n<h3>Contacto Maryland SHIP<\/h3>\n<p>Encuentre un consejero local de SHIP:<\/p>\n<ul>\n<li>Condado de Allegany \u2013 301-783-1710<\/li>\n<li>\u200bCondado de Anne Arundel \u2013 410-222-4257\u200b<\/li>\n<li>Ciudad de Baltimore \u2013 410-396-2273<\/li>\n<li>\u200bCondado de Baltimore \u2013 410-887-2059\u200b<\/li>\n<li>\u200bCondado de Calvert \u2013 410-535-4606<\/li>\n<li>\u200bCondado de Carroll \u2013 410-386-3800<\/li>\n<li>\u200bCondado de Caroline \u2013 410-479-2535<\/li>\n<li>\u200bCondado de Cecil \u2013 410-996-8174\u200b<\/li>\n<li>Condado de Charles \u2013 301-934-9305<\/li>\n<li>\u200bCondado de Dorchester \u2013 410-376-3662<\/li>\n<li>\u200bCondado de Frederick \u2013 301-600-1234<\/li>\n<li>Condado de Garrett \u2013 301-334-9431<\/li>\n<li>Condado de Harford \u2013 410-638-3025<\/li>\n<li>\u200bCondado de Howard \u2013 410-313-7392<\/li>\n<li>\u200bCondado de Kent \u2013 \u200b\u200b410-778-2564\u200b<\/li>\n<li>\u200bCondado de Montgomery \u2013 301-255-4250<\/li>\n<li>Condado de Prince George \u2013 301-265-8471<\/li>\n<li>Condado de St. Mary: 301-475-4200 ext. 1064<\/li>\n<li>Condado de Somerset \u2013 410-742-0505<\/li>\n<li>Condado de Talbot: 301-475-4200 ext. 231<\/li>\n<li>Condado de Queen Anne \u2013 410-758-0848 Opci\u00f3n 3<\/li>\n<li>\u200bCondado de Washington \u2013 301-790-0275<\/li>\n<li>\u200bCondado de Wicomico \u2013 410-742-0505<\/li>\n<li>\u200bCondado de Worcester \u2013 410-742-0505<\/li>\n<\/ul>\n\t\t\t<a href=\"https:\/\/aging.maryland.gov\/Pages\/state-health-insurance-program.aspx\" target=\"_blank\" rel=\"noopener\">\n\t\t\t\t\t\t\tContactar con SHIP\n\t\t\t\t\t<\/a>\n<figure itemscope itemtype=\"https:\/\/schema.org\/ImageObject\">\n\t\t\t\t<img decoding=\"async\" src=\"https:\/\/211md.org\/wp-content\/plugins\/bb-plugin\/img\/pixel.png\" alt=\"\" onerror=\"this.style.display='none'\" loading=\"lazy\" \/>\n\t<\/figure>\n\t\t<figure itemscope itemtype=\"https:\/\/schema.org\/ImageObject\">\n\t\t\t\t<img decoding=\"async\" src=\"https:\/\/211md.org\/wp-content\/uploads\/bb-plugin\/cache\/Call-center-specialst-circle-4e9ecd7b3425be4576416abc911049bb-.jpg\" alt=\"Especialista en centro de llamadas\" title=\"Especialista en call center\" onerror=\"this.style.display='none'\" loading=\"lazy\" \/>\n\t<\/figure>\n<h2>Marque 211<\/h2><p>Habla con una persona atenta y compasiva las 24 horas, los 7 d\u00edas de la semana. Tambi\u00e9n puede ponerte en contacto con recursos.\u00a0<\/p>\n\t\t\t<a href=\"tel:%20+211\"  target=\"_blank\" rel=\"noopener\">\n\t\t\t\t\t\tMarca 211 (m\u00f3vil)\n\t\t\t\t\t<\/a>\n<figure data-animation-delay=\"0\" data-animation-duration=\"1\" itemscope itemtype=\"https:\/\/schema.org\/ImageObject\">\n\t\t\t\t<img decoding=\"async\" src=\"http:\/\/211md.org\/wp-content\/uploads\/2025\/09\/Senior-couple-looking-at-Medicare-options-on-tablet.jpg\" alt=\"Pareja mayor analizando opciones de Medicare en una tableta\" title=\"Pareja mayor analizando opciones de Medicare en una tableta\" onerror=\"this.style.display='none'\" loading=\"lazy\" \/>\n\t<\/figure>\n\t<h2>Inscripci\u00f3n abierta de Medicare<\/h2>\n<p>Todos los a\u00f1os, los beneficiarios deben revisar su cobertura de Medicare y\u00a0<a href=\"https:\/\/www.medicare.gov\/plan-compare\/#\/?year=2023&amp;lang=en\" target=\"_blank\" rel=\"noopener\">comparar planes<\/a>\u00a0durante la inscripci\u00f3n abierta especificada en el oto\u00f1o.<\/p>\n<p>Puede inscribirse en un nuevo Plan Medicare Advantage o un plan de medicamentos recetados de la Parte D, cambiar de Medicare Original a un Plan Medicare Advantage o cambiar de un Plan Medicare Advantage a Medicare Original (con o sin un plan de la Parte D).<\/p>\n<p>Tambi\u00e9n puede obtener un plan Medigap (Medicare Supplement) en Maryland.<\/p>\n<h3>C\u00f3mo revisar un plan de Medicare<\/h3>\n<p>H\u00e1gase estas preguntas sobre su plan Medicare Advantage:<\/p>\n<ul>\n<li>\u00bfA cu\u00e1nto ascienden las primas cada mes, si las hay?<\/li>\n<li>\u00bfCu\u00e1nto es el deducible y el coseguro\/copago por los servicios que necesito?<\/li>\n<li>\u00bfCu\u00e1l es el gasto de bolsillo anual?<\/li>\n<li>\u00bfCu\u00e1l es el \u00e1rea de servicio del plan?<\/li>\n<li>\u00bfEst\u00e1n mis m\u00e9dicos y hospitales en la red?<\/li>\n<li>\u00bfQu\u00e9 reglas debo seguir para acceder a los servicios de atenci\u00f3n m\u00e9dica y mis medicamentos recetados?<\/li>\n<li>\u00bfEl plan cubre beneficios de atenci\u00f3n m\u00e9dica adicionales que no est\u00e1n cubiertos por Original Medicare?<\/li>\n<li>\u00bfCu\u00e1l es la calificaci\u00f3n de estrellas del plan?<\/li>\n<li>\u00bfEste plan afectar\u00e1 la cobertura adicional que tengo?<\/li>\n<\/ul>\n<p>Compare su plan con otros, calcule los costos de bolsillo y observe el sistema de estrellas para comprender la calificaci\u00f3n de calidad y rendimiento del plan.<\/p>\n\t<h3>Per\u00edodos especiales de inscripci\u00f3n<\/h3>\n<p>Adem\u00e1s de la inscripci\u00f3n abierta, existen per\u00edodos de inscripci\u00f3n especiales seg\u00fan las circunstancias personales. Calificar\u00e1 para inscribirse en Medicare si:<\/p>\n<ul>\n<li>Tu mueves.<\/li>\n<li>Eres elegible para Medicaid.<\/li>\n<li>Usted califica para la Ayuda adicional con los costos de medicamentos de Medicare.<\/li>\n<li>Est\u00e1 recibiendo atenci\u00f3n en una instituci\u00f3n como un centro de enfermer\u00eda especializada o un hospital de atenci\u00f3n a largo plazo.<\/li>\n<li>Desea cambiar a un plan con una calificaci\u00f3n de calidad general de 5 estrellas.<\/li>\n<\/ul>\n\t\t\t<a href=\"https:\/\/www.medicare.gov\/basics\/get-started-with-medicare\" target=\"_blank\" rel=\"noopener\">\n\t\t\t\t\t\t\tGet started with medicare\n\t\t\t<\/a>\n<h2>\n\t\t\tInformaci\u00f3n relacionada\t<\/h2>\n\t\t<h4><a href=\"\/es\/recursos\/envejecimiento-discapacidad\/?utm_source=Home&#038;utm_medium=Referral&#038;utm_campaign=211Resources&#038;utm_content=Aging\" target=\"_self\">Envejecimiento y discapacidad<\/a><\/h4><figure itemscope itemtype=\"https:\/\/schema.org\/ImageObject\">\n\t\t\t\t<a href=\"\/es\/recursos\/envejecimiento-discapacidad\/?utm_source=Home&#038;utm_medium=Referral&#038;utm_campaign=211Resources&#038;utm_content=Aging\"  target=\"_self\" itemprop=\"url\">\n\t\t\t\t<img decoding=\"async\" src=\"https:\/\/211md.org\/wp-content\/uploads\/bb-plugin\/cache\/2025_MdInfoNet_Icon-Sets_Aging-disability-square-c466727102cae71e5f27b8539bb51945-.png\" alt=\"\" onerror=\"this.style.display='none'\" loading=\"lazy\" \/>\n\t\t\t\t<\/a>\n\t<\/figure>\n\t\t<h4><a href=\"\/es\/recursos\/ninos-familias\/?utm_source=Home&#038;utm_medium=Referral&#038;utm_campaign=211Resources&#038;utm_content=Children\" target=\"_self\">Ni\u00f1os y familias<\/a><\/h4><figure itemscope itemtype=\"https:\/\/schema.org\/ImageObject\">\n\t\t\t\t<a href=\"\/es\/recursos\/ninos-familias\/?utm_source=Home&#038;utm_medium=Referral&#038;utm_campaign=211Resources&#038;utm_content=Children\"  target=\"_self\" itemprop=\"url\">\n\t\t\t\t<img decoding=\"async\" src=\"https:\/\/211md.org\/wp-content\/uploads\/bb-plugin\/cache\/2025_211_Icon-Sets_Child-care-square-f3b0d4edab3dcc467fadb5f55f4064c6-.png\" alt=\"parent and child icon for child care\" height=\"417\" width=\"417\" title=\"2025_211_Conjuntos de iconos_Cuidado infantil\" onerror=\"this.style.display='none'\" loading=\"lazy\" \/>\n\t\t\t\t<\/a>\n\t<\/figure>\n\t\t<h4><a href=\"\/es\/recursos\/violencia-domestica-familiar\/?utm_source=Home&#038;utm_medium=Referral&#038;utm_campaign=211Resources&#038;utm_content=Domestic\" target=\"_self\">Violencia dom\u00e9stica<\/a><\/h4><figure itemscope itemtype=\"https:\/\/schema.org\/ImageObject\">\n\t\t\t\t<a href=\"\/es\/recursos\/violencia-domestica-familiar\/?utm_source=Home&#038;utm_medium=Referral&#038;utm_campaign=211Resources&#038;utm_content=Domestic\"  target=\"_self\" itemprop=\"url\">\n\t\t\t\t<img decoding=\"async\" src=\"https:\/\/211md.org\/wp-content\/uploads\/bb-plugin\/cache\/2025_211_Icon-Sets_Domestic-Violence-square-7b597694a6f05fe90cdc376aa573bc63-.png\" alt=\"House with a heart in the middle icon\" height=\"417\" width=\"417\" title=\"2025_211_Conjuntos de iconos_Violencia dom\u00e9stica\" onerror=\"this.style.display='none'\" loading=\"lazy\" \/>\n\t\t\t\t<\/a>\n\t<\/figure>\n\t\t<h4><a href=\"\/es\/recursos\/busqueda-de-empleo\/?utm_source=Home&#038;utm_medium=Referral&#038;utm_campaign=211Resources&#038;utm_content=Employment\" target=\"_self\">Empleo<\/a><\/h4><figure itemscope itemtype=\"https:\/\/schema.org\/ImageObject\">\n\t\t\t\t<a href=\"\/es\/recursos\/busqueda-de-empleo\/?utm_source=Home&#038;utm_medium=Referral&#038;utm_campaign=211Resources&#038;utm_content=Employment\"  target=\"_self\" itemprop=\"url\">\n\t\t\t\t<img decoding=\"async\" src=\"https:\/\/211md.org\/wp-content\/uploads\/bb-plugin\/cache\/2025_MdInfoNet_Icon-Sets_Employment-square-44707bd410e4df10a470bf130ebcea86-.png\" alt=\"\" onerror=\"this.style.display='none'\" loading=\"lazy\" \/>\n\t\t\t\t<\/a>\n\t<\/figure>\n\t\t<h4><a href=\"\/es\/recursos\/cuidado-de-la-salud\/?utm_source=Home&#038;utm_medium=Referral&#038;utm_campaign=211Resources&#038;utm_content=Health%20Care\" target=\"_self\">Cuidado de la salud<\/a><\/h4><figure itemscope itemtype=\"https:\/\/schema.org\/ImageObject\">\n\t\t\t\t<a href=\"\/es\/recursos\/cuidado-de-la-salud\/?utm_source=Home&#038;utm_medium=Referral&#038;utm_campaign=211Resources&#038;utm_content=Health%20Care\"  target=\"_self\" itemprop=\"url\">\n\t\t\t\t<img decoding=\"async\" src=\"https:\/\/211md.org\/wp-content\/uploads\/bb-plugin\/cache\/2025_MdInfoNet_Icon-Sets_Health-Care-square-dee98a0060cbe0e7f27eda253fc12679-.png\" alt=\"\" onerror=\"this.style.display='none'\" loading=\"lazy\" \/>\n\t\t\t\t<\/a>\n\t<\/figure>\n\t\t<h4><a href=\"\/es\/recursos\/nuevo-en-los-estados-unidos-y-maryland\/?utm_source=Home&#038;utm_medium=Referral&#038;utm_campaign=211Resources&#038;utm_content=Immigration\" target=\"_self\">Inmigraci\u00f3n<\/a><\/h4><figure itemscope itemtype=\"https:\/\/schema.org\/ImageObject\">\n\t\t\t\t<a href=\"\/es\/recursos\/nuevo-en-los-estados-unidos-y-maryland\/?utm_source=Home&#038;utm_medium=Referral&#038;utm_campaign=211Resources&#038;utm_content=Immigration\"  target=\"_self\" itemprop=\"url\">\n\t\t\t\t<img decoding=\"async\" src=\"https:\/\/211md.org\/wp-content\/uploads\/bb-plugin\/cache\/2025_MdInfoNet_Icon-Sets_Immigration-square-8b97b7fdfe5e6071405e216855065118-.png\" alt=\"icono de inmigraci\u00f3n\" title=\"2025_MdInfoNet_Icon-Sets_Immigration\" onerror=\"this.style.display='none'\" loading=\"lazy\" \/>\n\t\t\t\t<\/a>\n\t<\/figure>\n\t\t<h4><a href=\"\/es\/recursos\/ninos-familias\/parentesco\/?utm_source=Home&#038;utm_medium=Referral&#038;utm_campaign=211Resources&#038;utm_content=Kinship\" target=\"_self\">Parentesco<\/a><\/h4><figure itemscope itemtype=\"https:\/\/schema.org\/ImageObject\">\n\t\t\t\t<a href=\"\/es\/recursos\/ninos-familias\/parentesco\/?utm_source=Home&#038;utm_medium=Referral&#038;utm_campaign=211Resources&#038;utm_content=Kinship\"  target=\"_self\" itemprop=\"url\">\n\t\t\t\t<img decoding=\"async\" src=\"https:\/\/211md.org\/wp-content\/uploads\/bb-plugin\/cache\/2025_211_Icon-Sets_Kinship-square-45bdf872866f5735f842c32071109267-.png\" alt=\"Icono de parentesco\" height=\"417\" width=\"417\" title=\"2025_211_Conjuntos de iconos_Parentesco\" onerror=\"this.style.display='none'\" loading=\"lazy\" \/>\n\t\t\t\t<\/a>\n\t<\/figure>\n\t\t<h4><a href=\"\/es\/recursos\/servicios-legales\/?utm_source=Home&#038;utm_medium=Referral&#038;utm_campaign=211Resources&#038;utm_content=Legal\" target=\"_self\">Servicios Legales<\/a><\/h4><figure itemscope itemtype=\"https:\/\/schema.org\/ImageObject\">\n\t\t\t\t<a href=\"\/es\/recursos\/servicios-legales\/?utm_source=Home&#038;utm_medium=Referral&#038;utm_campaign=211Resources&#038;utm_content=Legal\"  target=\"_self\" itemprop=\"url\">\n\t\t\t\t<img decoding=\"async\" src=\"https:\/\/211md.org\/wp-content\/uploads\/bb-plugin\/cache\/2025_MdInfoNet_Icon-Sets_Legal-square-18fdf438feb8435588174d9046463257-.png\" alt=\"\" onerror=\"this.style.display='none'\" loading=\"lazy\" \/>\n\t\t\t\t<\/a>\n\t<\/figure>\n\t\t<h4><a href=\"\/es\/recursos\/salud-mental\/?utm_source=Home&#038;utm_medium=Referral&#038;utm_campaign=211Resources&#038;utm_content=Mental\" target=\"_self\">Salud mental<\/a><\/h4><figure itemscope itemtype=\"https:\/\/schema.org\/ImageObject\">\n\t\t\t\t<a href=\"\/es\/recursos\/salud-mental\/?utm_source=Home&#038;utm_medium=Referral&#038;utm_campaign=211Resources&#038;utm_content=Mental\"  target=\"_self\" itemprop=\"url\">\n\t\t\t\t<img decoding=\"async\" src=\"https:\/\/211md.org\/wp-content\/uploads\/bb-plugin\/cache\/2025_MdInfoNet_Icon-Sets_Mental-Health-square-c59b38c4a993a947d4c9280fbe2d2fee-.png\" alt=\"\" onerror=\"this.style.display='none'\" loading=\"lazy\" \/>\n\t\t\t\t<\/a>\n\t<\/figure>\n\t\t<h4><a href=\"\/es\/recursos\/mdreentry\/?utm_source=Home&#038;utm_medium=Referral&#038;utm_campaign=211Resources&#038;utm_content=Reentry\" target=\"_self\">Reentrada<\/a><\/h4><figure itemscope itemtype=\"https:\/\/schema.org\/ImageObject\">\n\t\t\t\t<a href=\"\/es\/recursos\/mdreentry\/?utm_source=Home&#038;utm_medium=Referral&#038;utm_campaign=211Resources&#038;utm_content=Reentry\"  target=\"_self\" itemprop=\"url\">\n\t\t\t\t<img decoding=\"async\" src=\"https:\/\/211md.org\/wp-content\/uploads\/bb-plugin\/cache\/2025_211_Icon-Sets_Reentry-square-8676fea38abd920a832f45642fe31cca-.png\" alt=\"Icono de reentrada\" height=\"417\" width=\"417\" title=\"2025_211_Conjuntos de iconos_Reentrada\" onerror=\"this.style.display='none'\" loading=\"lazy\" \/>\n\t\t\t\t<\/a>\n\t<\/figure>\n\t\t<h4><a href=\"\/es\/recursos\/consumo-de-sustancias\/?utm_source=Home&#038;utm_medium=Referral&#038;utm_campaign=211Resources&#038;utm_content=Substance\" target=\"_self\">Uso de sustancias<\/a><\/h4><figure itemscope itemtype=\"https:\/\/schema.org\/ImageObject\">\n\t\t\t\t<a href=\"\/es\/recursos\/consumo-de-sustancias\/?utm_source=Home&#038;utm_medium=Referral&#038;utm_campaign=211Resources&#038;utm_content=Substance\"  target=\"_self\" itemprop=\"url\">\n\t\t\t\t<img decoding=\"async\" src=\"https:\/\/211md.org\/wp-content\/uploads\/bb-plugin\/cache\/2025_MdInfoNet_Icon-Sets_Substance-Abuse-square-4f414f085e657267739c181957754f48-.png\" alt=\"Pills for substance Use icon\" title=\"2025_MdInfoNet_Icon-Sets_Substance-Abuse\" onerror=\"this.style.display='none'\" loading=\"lazy\" \/>\n\t\t\t\t<\/a>\n\t<\/figure>\n\t\t<h4><a href=\"\/es\/recursos\/veteranos\/?utm_source=Home&#038;utm_medium=Referral&#038;utm_campaign=211Resources&#038;utm_content=Veterans\" target=\"_self\">veteranos<\/a><\/h4><figure itemscope itemtype=\"https:\/\/schema.org\/ImageObject\">\n\t\t\t\t<a href=\"\/es\/recursos\/veteranos\/?utm_source=Home&#038;utm_medium=Referral&#038;utm_campaign=211Resources&#038;utm_content=Veterans\"  target=\"_self\" itemprop=\"url\">\n\t\t\t\t<img decoding=\"async\" src=\"https:\/\/211md.org\/wp-content\/uploads\/bb-plugin\/cache\/2025_MdInfoNet_Icon-Sets_Rating-square-6e60d00cce4faa8e0a6d4ad7366aa733-.png\" alt=\"\" onerror=\"this.style.display='none'\" loading=\"lazy\" \/>\n\t\t\t\t<\/a>\n\t<\/figure>","protected":false},"excerpt":{"rendered":"<p>Medicare es un programa de seguro m\u00e9dico del gobierno que brinda asistencia a personas de 65 a\u00f1os o m\u00e1s, personas menores de 65 a\u00f1os con ciertas discapacidades y personas de cualquier edad con enfermedad renal terminal o insuficiencia renal permanente que requieran di\u00e1lisis o trasplante de ri\u00f1\u00f3n. Inf\u00f3rmese sobre los tipos de cobertura de Medicare y c\u00f3mo obtener ayuda para navegar\u2026<\/p>","protected":false},"author":8,"featured_media":33836,"parent":838,"menu_order":0,"comment_status":"closed","ping_status":"closed","template":"","meta":{"footnotes":""},"class_list":["post-1014","page","type-page","status-publish","has-post-thumbnail","hentry"],"_links":{"self":[{"href":"https:\/\/211md.org\/es\/wp-json\/wp\/v2\/pages\/1014","targetHints":{"allow":["GET"]}}],"collection":[{"href":"https:\/\/211md.org\/es\/wp-json\/wp\/v2\/pages"}],"about":[{"href":"https:\/\/211md.org\/es\/wp-json\/wp\/v2\/types\/page"}],"author":[{"embeddable":true,"href":"https:\/\/211md.org\/es\/wp-json\/wp\/v2\/users\/8"}],"replies":[{"embeddable":true,"href":"https:\/\/211md.org\/es\/wp-json\/wp\/v2\/comments?post=1014"}],"version-history":[{"count":10,"href":"https:\/\/211md.org\/es\/wp-json\/wp\/v2\/pages\/1014\/revisions"}],"predecessor-version":[{"id":34486,"href":"https:\/\/211md.org\/es\/wp-json\/wp\/v2\/pages\/1014\/revisions\/34486"}],"up":[{"embeddable":true,"href":"https:\/\/211md.org\/es\/wp-json\/wp\/v2\/pages\/838"}],"wp:featuredmedia":[{"embeddable":true,"href":"https:\/\/211md.org\/es\/wp-json\/wp\/v2\/media\/33836"}],"wp:attachment":[{"href":"https:\/\/211md.org\/es\/wp-json\/wp\/v2\/media?parent=1014"}],"curies":[{"name":"Gracias","href":"https:\/\/api.w.org\/{rel}","templated":true}]}}