{"id":1023,"date":"2021-04-16T18:54:38","date_gmt":"2021-04-16T18:54:38","guid":{"rendered":"https:\/\/211md.org\/?page_id=1023"},"modified":"2025-10-03T16:48:43","modified_gmt":"2025-10-03T20:48:43","slug":"tener-un-bebe","status":"publish","type":"page","link":"https:\/\/211md.org\/es\/resources\/children-families\/having-a-baby\/","title":{"rendered":"Tener un beb\u00e9"},"content":{"rendered":"<img decoding=\"async\" src=\"https:\/\/stg-maryland211-staging.kinsta.cloud\/wp-content\/uploads\/2025\/08\/5-1-scaled.png\" alt=\"5\" itemprop=\"image\" height=\"692\" width=\"2560\" title=\"5\" onerror=\"this.style.display='none'\" loading=\"lazy\" \/>\n\t\t<p>Dar la bienvenida a un beb\u00e9 es un momento emocionante. Tambi\u00e9n implica un gran cambio y muchas cosas que afrontar. Desde atenci\u00f3n prenatal y nutrici\u00f3n hasta apoyo emocional y art\u00edculos esenciales para beb\u00e9s, 211 conecta a cuidadores y padres con apoyos comunitarios para el embarazo, el posparto y los primeros a\u00f1os de vida del beb\u00e9.<\/p>\n<p>Comience su b\u00fasqueda levantando el tel\u00e9fono o buscando recursos en nuestra base de datos de recursos estatal.<\/p>\n\t\t\t<a href=\"#start\" target=\"_self\">\n\t\t\t\t\t\tEmpezar\n\t\t\t\t\t<\/a>\n\t\t\t\t<img decoding=\"async\" src=\"https:\/\/211md.org\/wp-content\/plugins\/bb-plugin\/img\/pixel.png\" alt=\"\" itemprop=\"image\" onerror=\"this.style.display='none'\" loading=\"lazy\" \/>\n\t\t\t\t<img decoding=\"async\" src=\"https:\/\/stg-maryland211-staging.kinsta.cloud\/wp-content\/uploads\/2025\/08\/16.png\" alt=\"16\" itemprop=\"image\" height=\"1000\" width=\"1000\" title=\"16\" onerror=\"this.style.display='none'\" loading=\"lazy\" \/>\n\t\t\t\t<img decoding=\"async\" src=\"http:\/\/211md.org\/wp-content\/uploads\/2025\/09\/Prenatal-Health-care-for-pregnant-mom.jpg\" alt=\"Atenci\u00f3n de salud prenatal para la mam\u00e1 embarazada\" itemprop=\"image\" title=\"Atenci\u00f3n de salud prenatal para mam\u00e1s embarazadas\" onerror=\"this.style.display='none'\" loading=\"lazy\" \/>\n\t<h2>Atenci\u00f3n m\u00e9dica para embarazadas y beb\u00e9s<\/h2>\n<p>Durante el embarazo, la atenci\u00f3n m\u00e9dica (atenci\u00f3n prenatal) es importante para la salud de la madre y del beb\u00e9 en desarrollo. Existen programas de seguro m\u00e9dico que ofrecen atenci\u00f3n m\u00e9dica gratuita y de bajo costo durante el embarazo.<\/p>\n<p>Si no califica para los programas mientras est\u00e1 embarazada, verifique nuevamente una vez que nazca el ni\u00f1o, ya que podr\u00eda calificar incluso si usted no.<\/p>\n\t\t\t<a href=\"https:\/\/search.211md.org\/search?query=YK-6500.6600&#038;query_label=Pregnant+Individuals&#038;query_type=taxonomy\" target=\"_blank\" rel=\"noopener\">\n\t\t\t\t\t\tAtenci\u00f3n m\u00e9dica para madres embarazadas\n\t\t\t\t\t<\/a>\n\t\t\t<a href=\"https:\/\/search.211md.org\/search?query=LJ-2000.6750&#038;query_label=Pregnancy+Testing&#038;query_type=taxonomy\" target=\"_self\">\n\t\t\t\t\t\tPruebas de embarazo\n\t\t\t\t\t<\/a>\n\t<h3>Seguro de enfermedad<\/h3>\n<p>Medicaid ofrece cobertura durante el embarazo y algunos meses despu\u00e9s del nacimiento del beb\u00e9. M\u00e1s informaci\u00f3n <a href=\"https:\/\/health.maryland.gov\/mmcp\/eligibility\/Pages\/generalrequirements.aspx\" target=\"_blank\" rel=\"noopener\">C\u00f3mo calificar para Medicaid<\/a>Tambi\u00e9n existe una opci\u00f3n para quienes no sean ciudadanos estadounidenses, <a href=\"https:\/\/health.maryland.gov\/mmcp\/medicaid-mch-initiatives\/Pages\/healthybabies.aspx\" target=\"_blank\" rel=\"noopener\">embarazada<\/a>y cumplir los dem\u00e1s requisitos.<\/p>\n<h3>Programa de Seguro M\u00e9dico para Ni\u00f1os de Maryland<\/h3>\n<p>Si no cumple con los requisitos de elegibilidad financiera de Medicaid, pero tampoco es elegible para un seguro privado, otra opci\u00f3n es el Programa de Seguro M\u00e9dico para Ni\u00f1os de Maryland (MCHP). Ese programa apoya <strong>mujeres embarazadas elegibles y ni\u00f1os hasta 19 a\u00f1os<\/strong>.<\/p>\n<p>Pueden proporcionar:<\/p>\n<ul>\n<li>visitas al m\u00e9dico<\/li>\n<li>cuidado dental<\/li>\n<li>trabajo de laboratorio<\/li>\n<li>vacunas<\/li>\n<li>servicios de salud mental<\/li>\n<li>cuidado de la vista<\/li>\n<\/ul>\n<p>Solicite esta cobertura en l\u00ednea a trav\u00e9s de\u00a0<a href=\"https:\/\/www.marylandhealthconnection.gov\/\" target=\"_blank\" rel=\"noopener\">Conexi\u00f3n de salud de Maryland<\/a> o uno de los <a href=\"https:\/\/health.maryland.gov\/mmcp\/eligibility\/Pages\/apply.aspx\" target=\"_blank\" rel=\"noopener\">m\u00e9todos alternativos<\/a>, como su departamento de salud local o servicios sociales.\u00a0<\/p>\n<p>&nbsp;<\/p>\n\t<h2>Recursos comunitarios<\/h2>\n<p>Contamos con cientos de recursos en nuestra Base de Datos de Recursos Comunitarios 211 para madres embarazadas y en posparto, as\u00ed como para sus beb\u00e9s. Encuentra los que necesitas seg\u00fan el tipo de apoyo.<\/p>\n<h3>Relacionado con el embarazo<\/h3>\n<ul>\n<li><a href=\"https:\/\/search.211md.org\/search?query=YK-6500.6600&amp;query_label=Pregnant+Individuals&amp;query_type=taxonomy\" target=\"_blank\" rel=\"noopener\">Apoyo general durante el embarazo<\/a><\/li>\n<li><a href=\"https:\/\/search.211md.org\/search?query=LJ-2000.6750&amp;query_label=Pregnancy+Testing&amp;query_type=taxonomy\" target=\"_blank\" rel=\"noopener\">Pruebas de embarazo<\/a><\/li>\n<\/ul>\n<h3>Asesoramiento\/Apoyo<\/h3>\n<p>Haga clic en los enlaces para ver una lista de grupos de consejer\u00eda y apoyo en nuestra base de datos. Ingrese un c\u00f3digo postal para ver los listados cercanos.<\/p>\n<ul>\n<li><a href=\"https:\/\/search.211md.org\/search?query=Family+Planning+%26+Pregnancy+Counseling&amp;query_label=Family+Planning+%26+Pregnancy+Counseling&amp;query_type=taxonomy\" target=\"_blank\" rel=\"noopener\">Planificaci\u00f3n familiar\/Asesoramiento sobre el embarazo<\/a><\/li>\n<li><a href=\"https:\/\/search.211md.org\/search?query=PN-8100.6500-680&amp;query_type=taxonomy&amp;query_label=&amp;query_language=en\">Grupos de apoyo para el embarazo y el parto<\/a><\/li>\n<li><a href=\"https:\/\/search.211md.org\/search?query=PH-6100&amp;query_type=taxonomy&amp;query_label=&amp;query_language=en\">Educaci\u00f3n para padres<\/a><\/li>\n<\/ul>\n<h3>Refugio seguro<\/h3>\n<p>Si no est\u00e1 dispuesta a cuidar al beb\u00e9, Safe Haven es una forma confidencial de abandonar de forma segura a un reci\u00e9n nacido sano. No tiene que responder a ninguna pregunta. Simplemente diga: &quot;Este es un beb\u00e9 de Safe Haven&quot; y d\u00e9jelo en un lugar designado en Maryland.<\/p>\n\t\t\t<a href=\"https:\/\/211md.org\/es\/recursos\/ninos-familias\/refugio-seguro\/\" target=\"_blank\" rel=\"noopener\">\n\t\t\t\t\t\tEncuentra un lugar de refugio seguro\n\t\t\t\t\t<\/a>\n\t<h3>Colocaci\u00f3n de un ni\u00f1o<\/h3>\n<p>Si una madre no puede cuidar al ni\u00f1o, hay programas disponibles para ayudar.<\/p>\n<p>Estas son b\u00fasquedas de asesoramiento comunes en nuestra base de datos de recursos.<\/p>\n<ul>\n<li><a href=\"https:\/\/search.211md.org\/search?query=PH-0300&amp;query_type=taxonomy&amp;query_label=&amp;query_language=en\">Servicios de adopci\u00f3n<\/a><\/li>\n<li><a href=\"https:\/\/search.211md.org\/search?query=PH-6300&amp;query_type=taxonomy&amp;query_label=&amp;query_language=en\">Hogares de crianza\/hogares grupales para ni\u00f1os<\/a><\/li>\n<\/ul>\n<p>El parentesco tambi\u00e9n puede ser una opci\u00f3n si existe una dificultad grave. Se trata de un acuerdo temporal con un familiar o no familiar, y puede ser formal o informal.<\/p>\n<h4>Posparto<\/h4>\n<p>Encuentre apoyo posparto en nuestra base de datos.<\/p>\n<ul>\n<li><a href=\"https:\/\/search.211md.org\/search?query=Breastfeeding+Support&amp;query_label=Breastfeeding+Support&amp;query_type=taxonomy\" target=\"_blank\" rel=\"noopener\">Apoyo a la lactancia materna<\/a><\/li>\n<li><a href=\"https:\/\/search.211md.org\/search?query=Diapers+%26+Baby+Supplies&amp;query_label=Diapers+%26+Baby+Supplies&amp;query_type=taxonomy\" target=\"_blank\" rel=\"noopener\">Pa\u00f1ales y art\u00edculos para beb\u00e9s<\/a><\/li>\n<li><a href=\"https:\/\/search.211md.org\/search?query=BD-1800.8200-250&amp;query_type=taxonomy&amp;query_label=&amp;query_language=en\" target=\"_blank\" rel=\"noopener\">F\u00f3rmula\/comida para beb\u00e9s<\/a>\u00a0<\/li>\n<\/ul>\n\t\t\t\t<img decoding=\"async\" src=\"https:\/\/211md.org\/wp-content\/plugins\/bb-plugin\/img\/pixel.png\" alt=\"\" itemprop=\"image\" onerror=\"this.style.display='none'\" loading=\"lazy\" \/>\n\t\t\t\t<img decoding=\"async\" src=\"https:\/\/211md.org\/wp-content\/uploads\/bb-plugin\/cache\/Call-center-specialst-circle-4e9ecd7b3425be4576416abc911049bb-.jpg\" alt=\"Especialista en centro de llamadas\" itemprop=\"image\" title=\"Especialista en call center\" onerror=\"this.style.display='none'\" loading=\"lazy\" \/>\n<h2>Marque 211<\/h2><p>Habla con una persona atenta y compasiva las 24 horas, los 7 d\u00edas de la semana. Tambi\u00e9n puede ponerte en contacto con recursos.\u00a0<\/p>\n\t\t\t<a href=\"tel:%20+211\" target=\"_blank\" rel=\"noopener\">\n\t\t\t\t\t\tMarca 211 (m\u00f3vil)\n\t\t\t\t\t<\/a>\n\t\t<h2>Nutrici\u00f3n para el embarazo: WIC<\/h2>\n\t\t<p>El Programa WIC de Maryland (Mujeres, Beb\u00e9s y Ni\u00f1os) brinda acceso a alimentos durante el embarazo y la lactancia a quienes cumplen los requisitos de elegibilidad. Tambi\u00e9n est\u00e1 disponible para ni\u00f1os de hasta cinco a\u00f1os.<\/p>\n<p>WIC de Maryland ofrece cupones de alimentos para alimentos saludables, informaci\u00f3n nutricional y apoyo para la lactancia materna.<\/p>\n<p>Inf\u00f3rmese sobre los requisitos y c\u00f3mo postularse.<\/p>\n\t\t\t<a href=\"https:\/\/211md.org\/es\/recursos\/alimento\/wic\/\" target=\"_self\">\n\t\t\t\t\t\t\tAprende m\u00e1s\n\t\t\t\t\t<\/a>\n\t\t\t\t<img decoding=\"async\" src=\"https:\/\/211md.org\/wp-content\/uploads\/2025\/09\/Kid-feeding-his-mom-healthy-food.jpg\" alt=\"Ni\u00f1o alimentando a su mam\u00e1 con comida saludable\" itemprop=\"image\" height=\"800\" width=\"1200\" title=\"Ni\u00f1o alimentando a su mam\u00e1 con comida saludable\" onerror=\"this.style.display='none'\" loading=\"lazy\" \/>\n\t\t\t\t<img decoding=\"async\" src=\"http:\/\/211md.org\/wp-content\/uploads\/2025\/08\/Infant-Home-visiting-program.jpg\" alt=\"Programa de visitas domiciliarias para beb\u00e9s\" itemprop=\"image\" title=\"Programa de visitas domiciliarias para beb\u00e9s\" onerror=\"this.style.display='none'\" loading=\"lazy\" \/>\n\t<h2>Programas de visitas domiciliarias<\/h2>\n<p>Las visitas domiciliarias durante el embarazo y el posparto son una excelente manera de obtener respuestas a sus preguntas desde la comodidad de su hogar. Tambi\u00e9n es ideal que un visitador domiciliario pueda ayudarle a adaptar las recomendaciones que mejor se adapten a su familia y a su entorno familiar.<\/p>\n<p>Hay dos formas de realizar visitas domiciliarias en Maryland.<\/p>\n<p>Uno es a trav\u00e9s de Medicaid y el otro es a trav\u00e9s de su condado local.<\/p>\n<h3>Visitas domiciliarias de Medicaid<\/h3>\n<p>Quienes califican para Medicaid pueden ser elegibles para una visita domiciliaria de una enfermera o un profesional calificado durante el embarazo y despu\u00e9s del parto.<\/p>\n\t<p>Estas visitas domiciliarias ofrecen la oportunidad de hablar sobre:<\/p>\n<ul>\n<li>Embarazo<\/li>\n<li>Crianza de los hijos<\/li>\n<li>Atenci\u00f3n posparto<\/li>\n<li>Nutrici\u00f3n<\/li>\n<li>Desaf\u00edos de la vida<\/li>\n<\/ul>\n<p>Las visitas son espec\u00edficas a la situaci\u00f3n personal.<\/p>\n<p>Solicite visitas a domicilio a trav\u00e9s de un socio de salud de Medicaid, conocido en Maryland como una Organizaci\u00f3n de Atenci\u00f3n Administrada (MCO).<\/p>\n<h3>Otros programas de visitas domiciliarias en Maryland<\/h3>\n<p>Tambi\u00e9n existen otros programas de visitas domiciliarias para nuevos padres en ciertas ciudades y condados de todo Maryland.<\/p>\n<p>Family Connects Maryland es un programa gratuito y voluntario para nuevas mam\u00e1s, disponible en algunas zonas de Maryland. Una enfermera titulada puede supervisar al ni\u00f1o y a su padre o madre.<\/p>\n<p>Tambi\u00e9n existen programas Healthy Start y Healthy Families en otras partes del estado.<\/p>\n<p>Con\u00e9ctese con un programa de visitas domiciliarias:<\/p>\n<ul>\n<li><a href=\"https:\/\/www.aahealth.org\/family-health\/healthy-babies\/healthy-start\" target=\"_blank\" rel=\"noopener\">Condado de Anne Arundel<\/a><\/li>\n<li><a href=\"https:\/\/baltimorehealthystart.org\/programs\/home-visiting-programs\/\" target=\"_blank\" rel=\"noopener\">ciudad de baltimore<\/a> | <a href=\"https:\/\/www.familytreemd.org\/fcm\/\" target=\"_blank\" rel=\"noopener\">ciudad de baltimore<\/a> (Pacientes del Hospital Sina\u00ed)<\/li>\n<li><a href=\"https:\/\/www.frederickhealth.org\/services\/birth-place\/at-home-newborn-visit\/\" target=\"_blank\" rel=\"noopener\">condado de frederick<\/a><\/li>\n<li><a href=\"https:\/\/www.howardcountymd.gov\/children-families\/home-visiting\" target=\"_blank\" rel=\"noopener\">Condado de Howard<\/a><\/li>\n<li><a href=\"https:\/\/www.childresource.org\/how-we-support\/families\/home-visiting-services\/family-connects-prince-georges\/\" target=\"_blank\" rel=\"noopener\">Condado de Prince George<\/a><\/li>\n<\/ul>\n<p>Escuche a una mam\u00e1 hablar sobre c\u00f3mo ayuda este programa.<\/p>\n<p><iframe loading=\"lazy\" title=\"Escuche a Erica Blake, paciente del condado de Frederick de Family Connects y madre de dos hijos\" src=\"https:\/\/player.vimeo.com\/video\/1028885783?h=44cc67f279&amp;dnt=1&amp;app_id=122963\" width=\"500\" height=\"281\" frameborder=\"0\" allow=\"autoplay; fullscreen; picture-in-picture; clipboard-write; encrypted-media; web-share\"><\/iframe><\/p>\n<p>En\u00a0<a href=\"https:\/\/baltimorehealthystart.org\/programs\/home-visiting-programs\/\" target=\"_blank\" rel=\"noopener\">ciudad de baltimore<\/a>Las visitas a domicilio est\u00e1n disponibles a trav\u00e9s del Programa Healthy Start. Y en\u00a0<a href=\"https:\/\/www.howardcountymd.gov\/children-families\/home-visiting\" target=\"_blank\" rel=\"noopener\">Condado de Howard,<\/a> Somerset y el condado de Worcester, es Familias Saludables.<\/p>\n\t\t\t\t<a href=\"https:\/\/search.211md.org\/\" target=\"_blank\" rel=\"noopener\" itemprop=\"url\">\n\t\t\t\t<img decoding=\"async\" src=\"https:\/\/stg-maryland211-staging.kinsta.cloud\/wp-content\/uploads\/2025\/08\/2025_MdInfoNet_Icon-Sets-white_Locate.png\" alt=\"\" itemprop=\"image\" onerror=\"this.style.display='none'\" loading=\"lazy\" \/>\n\t\t\t\t<\/a>\n<h2><a href=\"https:\/\/search.211md.org\/\" target=\"_blank\" rel=\"noopener\">Encuentre recursos ahora<\/a><\/h2><p>Encontrar <strong>recursos comunitarios <\/strong>Para alimentaci\u00f3n, salud, vivienda y m\u00e1s en nuestra base de datos. Busque por c\u00f3digo postal.<\/p>\n\t\t\t<a href=\"https:\/\/search.211md.org\/\" target=\"_blank\" rel=\"noopener\">\n\t\t\t\t\t\t\tBuscar ahora\n\t\t\t<\/a>\n\t\t\t\t<img decoding=\"async\" src=\"http:\/\/211md.org\/wp-content\/uploads\/2025\/09\/babies-at-child-care-center.jpg\" alt=\"beb\u00e9s en la guarder\u00eda\" itemprop=\"image\" title=\"beb\u00e9s en la guarder\u00eda\" onerror=\"this.style.display='none'\" loading=\"lazy\" \/>\n\t\t\t\t<img decoding=\"async\" src=\"https:\/\/211md.org\/wp-content\/plugins\/bb-plugin\/img\/pixel.png\" alt=\"\" itemprop=\"image\" onerror=\"this.style.display='none'\" loading=\"lazy\" \/>\n\t<h2>Recursos para el cuidado infantil<\/h2>\n<p>Puede ser dif\u00edcil encontrar guarder\u00eda, y las embarazadas pueden encontrarse con listas de espera. Por lo tanto, planifique con tiempo, incluso antes de que nazca el beb\u00e9.<\/p>\n<p>Existen programas de asistencia para ayudar a pagar el cuidado infantil. El 211 <a href=\"https:\/\/211md.org\/es\/recursos\/ninos-familias\/\">gu\u00eda de cuidado infantil<\/a> explica tus opciones<\/p>\n<p>Tambi\u00e9n puede buscar en nuestra base de datos de recursos comunitarios 211 para obtener una lista de centros y ubicaciones para la primera infancia donde puede obtener ayuda para pagarlos.<\/p>\n\t\t\t<a href=\"https:\/\/search.211md.org\/search?query=HD-1800&#038;query_type=taxonomy&#038;query_label=&#038;query_language=en\" target=\"_blank\" rel=\"noopener\">\n\t\t\t\t\t\teducaci\u00f3n de la primera infancia <br \/> (centros judy\/head start)\n\t\t\t\t\t<\/a>\n\t\t\t<a href=\"https:\/\/search.211md.org\/search?query=PH-1250.1800&#038;query_type=taxonomy&#038;query_label=&#038;query_language=en\" target=\"_blank\" rel=\"noopener\">\n\t\t\t\t\t\tcuidado infantil extendido\n\t\t\t\t\t<\/a>\n\t\t\t<a href=\"https:\/\/search.211md.org\/search?query=NL-3000.1500&#038;query_type=taxonomy&#038;query_label=&#038;query_language=en\" target=\"_blank\" rel=\"noopener\">\n\t\t\t\t\t\tAyuda con los gastos de cuidado infantil\n\t\t\t\t\t<\/a>\n<h2>\n\t\t\tInformaci\u00f3n relacionada para familias\t<\/h2>\n\t\t<h4><a href=\"\/es\/recursos\/envejecimiento-discapacidad\/?utm_source=Home&#038;utm_medium=Referral&#038;utm_campaign=211Resources&#038;utm_content=Aging\" target=\"_self\">Envejecimiento y discapacidad<\/a><\/h4>\n\t\t\t\t<a href=\"\/es\/recursos\/envejecimiento-discapacidad\/?utm_source=Home&#038;utm_medium=Referral&#038;utm_campaign=211Resources&#038;utm_content=Aging\"  target=\"_self\" itemprop=\"url\">\n\t\t\t\t<img decoding=\"async\" src=\"https:\/\/211md.org\/wp-content\/uploads\/bb-plugin\/cache\/2025_MdInfoNet_Icon-Sets_Aging-disability-square-c466727102cae71e5f27b8539bb51945-.png\" alt=\"\" itemprop=\"image\" onerror=\"this.style.display='none'\" loading=\"lazy\" \/>\n\t\t\t\t<\/a>\n\t\t<h4><a href=\"\/es\/recursos\/ninos-familias\/?utm_source=Home&#038;utm_medium=Referral&#038;utm_campaign=211Resources&#038;utm_content=Children\" target=\"_self\">Ni\u00f1os y familias<\/a><\/h4>\n\t\t\t\t<a href=\"\/es\/recursos\/ninos-familias\/?utm_source=Home&#038;utm_medium=Referral&#038;utm_campaign=211Resources&#038;utm_content=Children\"  target=\"_self\" itemprop=\"url\">\n\t\t\t\t<img decoding=\"async\" src=\"https:\/\/211md.org\/wp-content\/uploads\/bb-plugin\/cache\/2025_211_Icon-Sets_Child-care-square-f3b0d4edab3dcc467fadb5f55f4064c6-.png\" alt=\"2025_211_Conjuntos de iconos_Cuidado infantil\" itemprop=\"image\" height=\"417\" width=\"417\" title=\"2025_211_Conjuntos de iconos_Cuidado infantil\" onerror=\"this.style.display='none'\" loading=\"lazy\" \/>\n\t\t\t\t<\/a>\n\t\t<h4><a href=\"\/es\/recursos\/violencia-domestica-familiar\/?utm_source=Home&#038;utm_medium=Referral&#038;utm_campaign=211Resources&#038;utm_content=Domestic\" target=\"_self\">Violencia dom\u00e9stica<\/a><\/h4>\n\t\t\t\t<a href=\"\/es\/recursos\/violencia-domestica-familiar\/?utm_source=Home&#038;utm_medium=Referral&#038;utm_campaign=211Resources&#038;utm_content=Domestic\"  target=\"_self\" itemprop=\"url\">\n\t\t\t\t<img decoding=\"async\" src=\"https:\/\/211md.org\/wp-content\/uploads\/bb-plugin\/cache\/2025_211_Icon-Sets_Domestic-Violence-square-7b597694a6f05fe90cdc376aa573bc63-.png\" alt=\"Icono de violencia dom\u00e9stica\" itemprop=\"image\" height=\"417\" width=\"417\" title=\"2025_211_Conjuntos de iconos_Violencia dom\u00e9stica\" onerror=\"this.style.display='none'\" loading=\"lazy\" \/>\n\t\t\t\t<\/a>\n\t\t<h4><a href=\"\/es\/recursos\/busqueda-de-empleo\/?utm_source=Home&#038;utm_medium=Referral&#038;utm_campaign=211Resources&#038;utm_content=Employment\" target=\"_self\">Empleo<\/a><\/h4>\n\t\t\t\t<a href=\"\/es\/recursos\/busqueda-de-empleo\/?utm_source=Home&#038;utm_medium=Referral&#038;utm_campaign=211Resources&#038;utm_content=Employment\"  target=\"_self\" itemprop=\"url\">\n\t\t\t\t<img decoding=\"async\" src=\"https:\/\/211md.org\/wp-content\/uploads\/bb-plugin\/cache\/2025_MdInfoNet_Icon-Sets_Employment-square-44707bd410e4df10a470bf130ebcea86-.png\" alt=\"\" itemprop=\"image\" onerror=\"this.style.display='none'\" loading=\"lazy\" \/>\n\t\t\t\t<\/a>\n\t\t<h4><a href=\"\/es\/recursos\/cuidado-de-la-salud\/?utm_source=Home&#038;utm_medium=Referral&#038;utm_campaign=211Resources&#038;utm_content=Health%20Care\" target=\"_self\">Cuidado de la salud<\/a><\/h4>\n\t\t\t\t<a href=\"\/es\/recursos\/cuidado-de-la-salud\/?utm_source=Home&#038;utm_medium=Referral&#038;utm_campaign=211Resources&#038;utm_content=Health%20Care\"  target=\"_self\" itemprop=\"url\">\n\t\t\t\t<img decoding=\"async\" src=\"https:\/\/211md.org\/wp-content\/uploads\/bb-plugin\/cache\/2025_MdInfoNet_Icon-Sets_Health-Care-square-dee98a0060cbe0e7f27eda253fc12679-.png\" alt=\"\" itemprop=\"image\" onerror=\"this.style.display='none'\" loading=\"lazy\" \/>\n\t\t\t\t<\/a>\n\t\t<h4><a href=\"\/es\/recursos\/ninos-familias\/parentesco\/?utm_source=Home&#038;utm_medium=Referral&#038;utm_campaign=211Resources&#038;utm_content=Kinship\" target=\"_self\">Parentesco<\/a><\/h4>\n\t\t\t\t<a href=\"\/es\/recursos\/ninos-familias\/parentesco\/?utm_source=Home&#038;utm_medium=Referral&#038;utm_campaign=211Resources&#038;utm_content=Kinship\"  target=\"_self\" itemprop=\"url\">\n\t\t\t\t<img decoding=\"async\" src=\"https:\/\/211md.org\/wp-content\/uploads\/bb-plugin\/cache\/2025_211_Icon-Sets_Kinship-square-45bdf872866f5735f842c32071109267-.png\" alt=\"Icono de parentesco\" itemprop=\"image\" height=\"417\" width=\"417\" title=\"2025_211_Conjuntos de iconos_Parentesco\" onerror=\"this.style.display='none'\" loading=\"lazy\" \/>\n\t\t\t\t<\/a>\n\t\t<h4><a href=\"\/es\/recursos\/servicios-legales\/?utm_source=Home&#038;utm_medium=Referral&#038;utm_campaign=211Resources&#038;utm_content=Legal\" target=\"_self\">Servicios Legales<\/a><\/h4>\n\t\t\t\t<a href=\"\/es\/recursos\/servicios-legales\/?utm_source=Home&#038;utm_medium=Referral&#038;utm_campaign=211Resources&#038;utm_content=Legal\"  target=\"_self\" itemprop=\"url\">\n\t\t\t\t<img decoding=\"async\" src=\"https:\/\/211md.org\/wp-content\/uploads\/bb-plugin\/cache\/2025_MdInfoNet_Icon-Sets_Legal-square-18fdf438feb8435588174d9046463257-.png\" alt=\"\" itemprop=\"image\" onerror=\"this.style.display='none'\" loading=\"lazy\" \/>\n\t\t\t\t<\/a>\n\t\t<h4><a href=\"\/es\/recursos\/salud-mental\/?utm_source=Home&#038;utm_medium=Referral&#038;utm_campaign=211Resources&#038;utm_content=Mental\" target=\"_self\">Salud mental<\/a><\/h4>\n\t\t\t\t<a href=\"\/es\/recursos\/salud-mental\/?utm_source=Home&#038;utm_medium=Referral&#038;utm_campaign=211Resources&#038;utm_content=Mental\"  target=\"_self\" itemprop=\"url\">\n\t\t\t\t<img decoding=\"async\" src=\"https:\/\/211md.org\/wp-content\/uploads\/bb-plugin\/cache\/2025_MdInfoNet_Icon-Sets_Mental-Health-square-c59b38c4a993a947d4c9280fbe2d2fee-.png\" alt=\"\" itemprop=\"image\" onerror=\"this.style.display='none'\" loading=\"lazy\" \/>\n\t\t\t\t<\/a>\n\t\t<h4><a href=\"\/es\/recursos\/mdreentry\/?utm_source=Home&#038;utm_medium=Referral&#038;utm_campaign=211Resources&#038;utm_content=Reentry\" target=\"_self\">Reentrada<\/a><\/h4>\n\t\t\t\t<a href=\"\/es\/recursos\/mdreentry\/?utm_source=Home&#038;utm_medium=Referral&#038;utm_campaign=211Resources&#038;utm_content=Reentry\"  target=\"_self\" itemprop=\"url\">\n\t\t\t\t<img decoding=\"async\" src=\"https:\/\/211md.org\/wp-content\/uploads\/bb-plugin\/cache\/2025_211_Icon-Sets_Reentry-square-8676fea38abd920a832f45642fe31cca-.png\" alt=\"Icono de reentrada\" itemprop=\"image\" height=\"417\" width=\"417\" title=\"2025_211_Conjuntos de iconos_Reentrada\" onerror=\"this.style.display='none'\" loading=\"lazy\" \/>\n\t\t\t\t<\/a>\n\t\t<h4><a href=\"\/es\/recursos\/consumo-de-sustancias\/?utm_source=Home&#038;utm_medium=Referral&#038;utm_campaign=211Resources&#038;utm_content=Substance\" target=\"_self\">Uso de sustancias<\/a><\/h4>\n\t\t\t\t<a href=\"\/es\/recursos\/consumo-de-sustancias\/?utm_source=Home&#038;utm_medium=Referral&#038;utm_campaign=211Resources&#038;utm_content=Substance\"  target=\"_self\" itemprop=\"url\">\n\t\t\t\t<img decoding=\"async\" src=\"https:\/\/211md.org\/wp-content\/uploads\/bb-plugin\/cache\/2025_MdInfoNet_Icon-Sets_Substance-Abuse-square-9022fec9d18a64118ad685c101885b55-.png\" alt=\"\" itemprop=\"image\" onerror=\"this.style.display='none'\" loading=\"lazy\" \/>\n\t\t\t\t<\/a>\n\t\t<h4><a href=\"\/es\/recursos\/veteranos\/?utm_source=Home&#038;utm_medium=Referral&#038;utm_campaign=211Resources&#038;utm_content=Veterans\" target=\"_self\">veteranos<\/a><\/h4>\n\t\t\t\t<a href=\"\/es\/recursos\/veteranos\/?utm_source=Home&#038;utm_medium=Referral&#038;utm_campaign=211Resources&#038;utm_content=Veterans\"  target=\"_self\" itemprop=\"url\">\n\t\t\t\t<img decoding=\"async\" src=\"https:\/\/211md.org\/wp-content\/uploads\/bb-plugin\/cache\/2025_MdInfoNet_Icon-Sets_Rating-square-6e60d00cce4faa8e0a6d4ad7366aa733-.png\" alt=\"\" itemprop=\"image\" onerror=\"this.style.display='none'\" loading=\"lazy\" \/>\n\t\t\t\t<\/a>","protected":false},"excerpt":{"rendered":"<p>Dar la bienvenida a un beb\u00e9 es un momento emocionante. Tambi\u00e9n implica un gran cambio y muchas cosas que afrontar. Desde atenci\u00f3n prenatal y nutrici\u00f3n hasta apoyo emocional y art\u00edculos esenciales para beb\u00e9s, 211 conecta a cuidadores y padres con apoyos comunitarios para el embarazo, el posparto y los primeros a\u00f1os de vida del beb\u00e9. Empieza tu b\u00fasqueda seleccionando\u2026<\/p>","protected":false},"author":8,"featured_media":2077,"parent":839,"menu_order":0,"comment_status":"closed","ping_status":"closed","template":"","meta":{"footnotes":""},"class_list":["post-1023","page","type-page","status-publish","has-post-thumbnail","hentry"],"_links":{"self":[{"href":"https:\/\/211md.org\/es\/wp-json\/wp\/v2\/pages\/1023","targetHints":{"allow":["GET"]}}],"collection":[{"href":"https:\/\/211md.org\/es\/wp-json\/wp\/v2\/pages"}],"about":[{"href":"https:\/\/211md.org\/es\/wp-json\/wp\/v2\/types\/page"}],"author":[{"embeddable":true,"href":"https:\/\/211md.org\/es\/wp-json\/wp\/v2\/users\/8"}],"replies":[{"embeddable":true,"href":"https:\/\/211md.org\/es\/wp-json\/wp\/v2\/comments?post=1023"}],"version-history":[{"count":10,"href":"https:\/\/211md.org\/es\/wp-json\/wp\/v2\/pages\/1023\/revisions"}],"predecessor-version":[{"id":33891,"href":"https:\/\/211md.org\/es\/wp-json\/wp\/v2\/pages\/1023\/revisions\/33891"}],"up":[{"embeddable":true,"href":"https:\/\/211md.org\/es\/wp-json\/wp\/v2\/pages\/839"}],"wp:featuredmedia":[{"embeddable":true,"href":"https:\/\/211md.org\/es\/wp-json\/wp\/v2\/media\/2077"}],"wp:attachment":[{"href":"https:\/\/211md.org\/es\/wp-json\/wp\/v2\/media?parent=1023"}],"curies":[{"name":"Gracias","href":"https:\/\/api.w.org\/{rel}","templated":true}]}}