{"id":1090,"date":"2021-04-19T13:20:25","date_gmt":"2021-04-19T13:20:25","guid":{"rendered":"https:\/\/211md.org\/?page_id=1090"},"modified":"2026-02-03T13:49:10","modified_gmt":"2026-02-03T18:49:10","slug":"vivienda-ayuda-para-veteranos","status":"publish","type":"page","link":"https:\/\/211md.org\/es\/resources\/veterans\/housing-help-for-veterans\/","title":{"rendered":"Ayuda de vivienda para veteranos"},"content":{"rendered":"<figure data-animation-delay=\"0\" data-animation-duration=\"1\" itemscope itemtype=\"https:\/\/schema.org\/ImageObject\">\n\t\t\t\t<img decoding=\"async\" src=\"https:\/\/stg-maryland211-staging.kinsta.cloud\/wp-content\/uploads\/2025\/08\/5-1-scaled.png\" alt=\"5\" height=\"692\" width=\"2560\" title=\"5\" onerror=\"this.style.display='none'\" loading=\"lazy\" \/>\n\t<\/figure>\n\t\t<p>Housing help is available for Veterans who need temporary and long-term housing. These are the top searches in our 211 Community Resource Database.<\/p>\n<p>You can also read about specific programs and supports below.<\/p>\n\t\t\t<a href=\"https:\/\/search.211md.org\/search?query=BH-3800.7000&#038;query_type=taxonomy&#038;query_label=\"  target=\"_blank\" rel=\"noopener\">\n\t\t\t\t\t\t\tpagos de alquiler\n\t\t\t\t\t<\/a>\n\t\t\t<a href=\"https:\/\/search.211md.org\/search?query=BH-8600&#038;query_type=taxonomy&#038;query_label=\"  target=\"_blank\" rel=\"noopener\">\n\t\t\t\t\t\t\tVivienda de transici\u00f3n\n\t\t\t\t\t<\/a>\n\t\t\t<a href=\"https:\/\/search.211md.org\/search?query=BH-1800.3500&#038;query_type=taxonomy&#038;query_label=\"  target=\"_blank\" rel=\"noopener\">\n\t\t\t\t\t\t\tpersonas sin hogar\n\t\t\t\t\t<\/a>\n\t\t\t<a href=\"https:\/\/search.211md.org\/search?query=BH-1800.8500-150&#038;query_type=taxonomy&#038;query_label=\"  target=\"_blank\" rel=\"noopener\">\n\t\t\t\t\t\t\trefugios de emergencia\n\t\t\t\t\t<\/a>\n<figure data-animation-delay=\"0\" data-animation-duration=\"1\" itemscope itemtype=\"https:\/\/schema.org\/ImageObject\">\n\t\t\t\t<img decoding=\"async\" src=\"https:\/\/211md.org\/wp-content\/plugins\/bb-plugin\/img\/pixel.png\" alt=\"\" onerror=\"this.style.display='none'\" loading=\"lazy\" \/>\n\t<\/figure>\n<figure data-animation-delay=\"0\" data-animation-duration=\"1.3\" itemscope itemtype=\"https:\/\/schema.org\/ImageObject\">\n\t\t\t\t<img decoding=\"async\" src=\"https:\/\/stg-maryland211-staging.kinsta.cloud\/wp-content\/uploads\/2025\/08\/16.png\" alt=\"16\" height=\"1000\" width=\"1000\" title=\"16\" onerror=\"this.style.display='none'\" loading=\"lazy\" \/>\n\t<\/figure>\n<figure data-animation-delay=\"0\" data-animation-duration=\"1\" itemscope itemtype=\"https:\/\/schema.org\/ImageObject\">\n\t\t\t\t<img decoding=\"async\" src=\"https:\/\/211md.org\/wp-content\/uploads\/2025\/10\/veteran-moving-into-home.jpg\" alt=\"Veterano mud\u00e1ndose a casa\" height=\"1500\" width=\"2000\" title=\"veterano mud\u00e1ndose a casa\" onerror=\"this.style.display='none'\" loading=\"lazy\" \/>\n\t<\/figure>\n\t<h2>Short and Long-Term Housing at MCVET<\/h2>\n<p>If you need short-term or long-term housing, the Maryland Center for Veterans Education and Training (MCVET) offers a:<\/p>\n<ul>\n<li>drop in facility<\/li>\n<li>refugio de emergencia<\/li>\n<li>transitional housing<\/li>\n<li>single room occupancy<\/li>\n<\/ul>\n<p>Case managers are provided with some of the programs, and MCVET also has a reentry program for Veterans who were incarcerated.<\/p>\n<p>Counseling and recovery classes are also available, and the case manager works with the Veteran to obtain VA benefits. <\/p>\n<p>La educaci\u00f3n y el empleo tambi\u00e9n son componentes de la atenci\u00f3n en MCVET.\u00a0<\/p>\n<p>Learn about the various programs at MCVET.<\/p>\n<h4>Drop In<\/h4>\n<p>Homeless Veterans can drop in for the day to connect with other Veterans and access home amenities, such as showers, clothing, water, vending machines, and crisis intervention counseling.<\/p>\n\t\t\n\t\t<h4>Refugio de emergencia<\/h4>\n<p>For immediate housing, homeless Veterans can go to the emergency shelter. They&#8217;ll be assigned a case manager to address needs and barriers to receiving support.<\/p>\n<h4>Transitional Housing<\/h4>\n<p>During the transitional housing phase of the MCVET program, residents continue to work with a case manager, begin training programs, and look for a job.<\/p>\n<p>This program lasts about 18-24 months.<\/p>\n<h4>Single Room Occupancy (SRO)<\/h4>\n<p>This provides Veterans long-term housing in an independent living space. At this point, case management is not required, and an income-based housing agreement is arranged.<\/p>\n\t\t\t<a href=\"https:\/\/www.mcvet.org\/copy-of-housing-1\" target=\"_self\" rel=\"noopener\">\n\t\t\t\t\t\tView MCVET Programs &#038; Admission Process\n\t\t\t\t\t<\/a>\n\t<h3>L\u00edneas directas para veteranos sin hogar<\/h3>\n<p>Personal de respuesta capacitado con el <a href=\"https:\/\/va.gov\/HOMELESS\/NationalCallCenter.asp\" target=\"_blank\" rel=\"noopener\">Centro Nacional de Llamadas para Veteranos sin Hogar<\/a>\u202fcan connect homeless veterans to resources.\u00a0Call 1-877-424-3838.<\/p>\n<p>Tambi\u00e9n est\u00e1 el <a href=\"http:\/\/www.nchv.org\/\" target=\"_blank\" rel=\"noopener\">Coalici\u00f3n Nacional para Veteranos sin Hogar<\/a>. They help Veterans find the services that they need by giving information to connect them with local community organizations.\u00a0Call 1-800-435-7838.<\/p>\n<h3>Affordable Housing Programs<\/h3>\n<p>Si es un veterano que busca una vivienda asequible, puede utilizar el\u00a0<a href=\"https:\/\/mdhousingsearch.com\/\" target=\"_blank\" rel=\"noopener\">Localizador de b\u00fasqueda de viviendas MD<\/a> o comun\u00edquese con un programa de vivienda espec\u00edfico para veteranos.\u00a0<\/p>\n\t<h2 aria-level=\"3\">Obtenga ayuda con los pagos de la vivienda<\/h2>\n<p>Si tiene problemas para pagar su hipoteca, no espere. Solicite ayuda cuanto antes.<\/p>\n<p>La l\u00ednea directa MD HOPE puede ponerlo en contacto con un asesor de vivienda en su \u00e1rea para ayudarlo a elaborar un plan para pagar su hipoteca. La clave es pedir ayuda de manera temprana y persistente. \u00a0<\/p>\n<p>Hay asistencia gratuita y confidencial para la prevenci\u00f3n de ejecuciones hipotecarias disponible en muchos lugares de Maryland. Los asesores de vivienda pueden ayudarlo a comprender los documentos de su hipoteca, explicarle las opciones que tiene y ayudarlo a negociar un &quot;plan de preparaci\u00f3n&quot; con su prestamista.\u00a0<\/p>\n<p>Llama a <a href=\"http:\/\/dhcd.maryland.gov\/Residents\/Pages\/HOPE\/MDHope.aspx\" target=\"_blank\" rel=\"noopener\">L\u00ednea directa MD HOPE<\/a>\u00a0al 1-877-462-7555.\u00a0<\/p>\n<figure itemscope itemtype=\"https:\/\/schema.org\/ImageObject\">\n\t\t\t\t<img decoding=\"async\" src=\"https:\/\/211md.org\/wp-content\/uploads\/2021\/05\/American-Flag.png\" alt=\"Bandera estadounidense adjunta a una casa\" height=\"348\" width=\"460\" title=\"Bandera estadounidense\" onerror=\"this.style.display='none'\" loading=\"lazy\" \/>\n\t<\/figure>\n<h2>\n\t\t\tInformaci\u00f3n adicional para veteranos\t<\/h2>\n<figure itemscope itemtype=\"https:\/\/schema.org\/ImageObject\">\n\t\t\t\t<img decoding=\"async\" src=\"https:\/\/211md.org\/wp-content\/plugins\/bb-plugin\/img\/pixel.png\" alt=\"\" onerror=\"this.style.display='none'\" loading=\"lazy\" \/>\n\t<\/figure>\n\t\t<figure itemscope itemtype=\"https:\/\/schema.org\/ImageObject\">\n\t\t\t\t<img decoding=\"async\" src=\"https:\/\/211md.org\/wp-content\/uploads\/bb-plugin\/cache\/Call-center-specialst-circle-4e9ecd7b3425be4576416abc911049bb-.jpg\" alt=\"Especialista en centro de llamadas\" title=\"Especialista en call center\" onerror=\"this.style.display='none'\" loading=\"lazy\" \/>\n\t<\/figure>\n<h2>Marque 211<\/h2><p>Habla con una persona atenta y compasiva las 24 horas, los 7 d\u00edas de la semana. Tambi\u00e9n puede ponerte en contacto con recursos.\u00a0<\/p>\n\t\t\t<a href=\"tel:%20+211\"  target=\"_blank\" rel=\"noopener\">\n\t\t\t\t\t\tMarca 211 (m\u00f3vil)\n\t\t\t\t\t<\/a>\n\t\t<h4><a href=\"\/es\/recursos\/envejecimiento-discapacidad\/?utm_source=Home&#038;utm_medium=Referral&#038;utm_campaign=211Resources&#038;utm_content=Aging\" target=\"_self\">Envejecimiento y discapacidad<\/a><\/h4><figure itemscope itemtype=\"https:\/\/schema.org\/ImageObject\">\n\t\t\t\t<a href=\"\/es\/recursos\/envejecimiento-discapacidad\/?utm_source=Home&#038;utm_medium=Referral&#038;utm_campaign=211Resources&#038;utm_content=Aging\"  target=\"_self\" itemprop=\"url\">\n\t\t\t\t<img decoding=\"async\" src=\"https:\/\/211md.org\/wp-content\/uploads\/bb-plugin\/cache\/2025_MdInfoNet_Icon-Sets_Aging-disability-square-c466727102cae71e5f27b8539bb51945-.png\" alt=\"\" onerror=\"this.style.display='none'\" loading=\"lazy\" \/>\n\t\t\t\t<\/a>\n\t<\/figure>\n\t\t<h4><a href=\"\/es\/recursos\/ninos-familias\/?utm_source=Home&#038;utm_medium=Referral&#038;utm_campaign=211Resources&#038;utm_content=Children\" target=\"_self\">Ni\u00f1os y familias<\/a><\/h4><figure itemscope itemtype=\"https:\/\/schema.org\/ImageObject\">\n\t\t\t\t<a href=\"\/es\/recursos\/ninos-familias\/?utm_source=Home&#038;utm_medium=Referral&#038;utm_campaign=211Resources&#038;utm_content=Children\"  target=\"_self\" itemprop=\"url\">\n\t\t\t\t<img decoding=\"async\" src=\"https:\/\/211md.org\/wp-content\/uploads\/bb-plugin\/cache\/2025_211_Icon-Sets_Child-care-square-f3b0d4edab3dcc467fadb5f55f4064c6-.png\" alt=\"parent and child icon for child care\" height=\"417\" width=\"417\" title=\"2025_211_Conjuntos de iconos_Cuidado infantil\" onerror=\"this.style.display='none'\" loading=\"lazy\" \/>\n\t\t\t\t<\/a>\n\t<\/figure>\n\t\t<h4><a href=\"\/es\/recursos\/violencia-domestica-familiar\/?utm_source=Home&#038;utm_medium=Referral&#038;utm_campaign=211Resources&#038;utm_content=Domestic\" target=\"_self\">Violencia dom\u00e9stica<\/a><\/h4><figure itemscope itemtype=\"https:\/\/schema.org\/ImageObject\">\n\t\t\t\t<a href=\"\/es\/recursos\/violencia-domestica-familiar\/?utm_source=Home&#038;utm_medium=Referral&#038;utm_campaign=211Resources&#038;utm_content=Domestic\"  target=\"_self\" itemprop=\"url\">\n\t\t\t\t<img decoding=\"async\" src=\"https:\/\/211md.org\/wp-content\/uploads\/bb-plugin\/cache\/2025_211_Icon-Sets_Domestic-Violence-square-7b597694a6f05fe90cdc376aa573bc63-.png\" alt=\"House with a heart in the middle icon\" height=\"417\" width=\"417\" title=\"2025_211_Conjuntos de iconos_Violencia dom\u00e9stica\" onerror=\"this.style.display='none'\" loading=\"lazy\" \/>\n\t\t\t\t<\/a>\n\t<\/figure>\n\t\t<h4><a href=\"\/es\/recursos\/busqueda-de-empleo\/?utm_source=Home&#038;utm_medium=Referral&#038;utm_campaign=211Resources&#038;utm_content=Employment\" target=\"_self\">Empleo<\/a><\/h4><figure itemscope itemtype=\"https:\/\/schema.org\/ImageObject\">\n\t\t\t\t<a href=\"\/es\/recursos\/busqueda-de-empleo\/?utm_source=Home&#038;utm_medium=Referral&#038;utm_campaign=211Resources&#038;utm_content=Employment\"  target=\"_self\" itemprop=\"url\">\n\t\t\t\t<img decoding=\"async\" src=\"https:\/\/211md.org\/wp-content\/uploads\/bb-plugin\/cache\/2025_MdInfoNet_Icon-Sets_Employment-square-44707bd410e4df10a470bf130ebcea86-.png\" alt=\"\" onerror=\"this.style.display='none'\" loading=\"lazy\" \/>\n\t\t\t\t<\/a>\n\t<\/figure>\n\t\t<h4><a href=\"\/es\/recursos\/cuidado-de-la-salud\/?utm_source=Home&#038;utm_medium=Referral&#038;utm_campaign=211Resources&#038;utm_content=Health%20Care\" target=\"_self\">Cuidado de la salud<\/a><\/h4><figure itemscope itemtype=\"https:\/\/schema.org\/ImageObject\">\n\t\t\t\t<a href=\"\/es\/recursos\/cuidado-de-la-salud\/?utm_source=Home&#038;utm_medium=Referral&#038;utm_campaign=211Resources&#038;utm_content=Health%20Care\"  target=\"_self\" itemprop=\"url\">\n\t\t\t\t<img decoding=\"async\" src=\"https:\/\/211md.org\/wp-content\/uploads\/bb-plugin\/cache\/2025_MdInfoNet_Icon-Sets_Health-Care-square-dee98a0060cbe0e7f27eda253fc12679-.png\" alt=\"\" onerror=\"this.style.display='none'\" loading=\"lazy\" \/>\n\t\t\t\t<\/a>\n\t<\/figure>\n\t\t<h4><a href=\"\/es\/recursos\/ninos-familias\/parentesco\/?utm_source=Home&#038;utm_medium=Referral&#038;utm_campaign=211Resources&#038;utm_content=Kinship\" target=\"_self\">Parentesco<\/a><\/h4><figure itemscope itemtype=\"https:\/\/schema.org\/ImageObject\">\n\t\t\t\t<a href=\"\/es\/recursos\/ninos-familias\/parentesco\/?utm_source=Home&#038;utm_medium=Referral&#038;utm_campaign=211Resources&#038;utm_content=Kinship\"  target=\"_self\" itemprop=\"url\">\n\t\t\t\t<img decoding=\"async\" src=\"https:\/\/211md.org\/wp-content\/uploads\/bb-plugin\/cache\/2025_211_Icon-Sets_Kinship-square-45bdf872866f5735f842c32071109267-.png\" alt=\"Icono de parentesco\" height=\"417\" width=\"417\" title=\"2025_211_Conjuntos de iconos_Parentesco\" onerror=\"this.style.display='none'\" loading=\"lazy\" \/>\n\t\t\t\t<\/a>\n\t<\/figure>\n\t\t<h4><a href=\"\/es\/recursos\/servicios-legales\/?utm_source=Home&#038;utm_medium=Referral&#038;utm_campaign=211Resources&#038;utm_content=Legal\" target=\"_self\">Servicios Legales<\/a><\/h4><figure itemscope itemtype=\"https:\/\/schema.org\/ImageObject\">\n\t\t\t\t<a href=\"\/es\/recursos\/servicios-legales\/?utm_source=Home&#038;utm_medium=Referral&#038;utm_campaign=211Resources&#038;utm_content=Legal\"  target=\"_self\" itemprop=\"url\">\n\t\t\t\t<img decoding=\"async\" src=\"https:\/\/211md.org\/wp-content\/uploads\/bb-plugin\/cache\/2025_MdInfoNet_Icon-Sets_Legal-square-18fdf438feb8435588174d9046463257-.png\" alt=\"\" onerror=\"this.style.display='none'\" loading=\"lazy\" \/>\n\t\t\t\t<\/a>\n\t<\/figure>\n\t\t<h4><a href=\"\/es\/recursos\/salud-mental\/?utm_source=Home&#038;utm_medium=Referral&#038;utm_campaign=211Resources&#038;utm_content=Mental\" target=\"_self\">Salud mental<\/a><\/h4><figure itemscope itemtype=\"https:\/\/schema.org\/ImageObject\">\n\t\t\t\t<a href=\"\/es\/recursos\/salud-mental\/?utm_source=Home&#038;utm_medium=Referral&#038;utm_campaign=211Resources&#038;utm_content=Mental\"  target=\"_self\" itemprop=\"url\">\n\t\t\t\t<img decoding=\"async\" src=\"https:\/\/211md.org\/wp-content\/uploads\/bb-plugin\/cache\/2025_MdInfoNet_Icon-Sets_Mental-Health-square-c59b38c4a993a947d4c9280fbe2d2fee-.png\" alt=\"\" onerror=\"this.style.display='none'\" loading=\"lazy\" \/>\n\t\t\t\t<\/a>\n\t<\/figure>\n\t\t<h4><a href=\"\/es\/recursos\/mdreentry\/?utm_source=Home&#038;utm_medium=Referral&#038;utm_campaign=211Resources&#038;utm_content=Reentry\" target=\"_self\">Reentrada<\/a><\/h4><figure itemscope itemtype=\"https:\/\/schema.org\/ImageObject\">\n\t\t\t\t<a href=\"\/es\/recursos\/mdreentry\/?utm_source=Home&#038;utm_medium=Referral&#038;utm_campaign=211Resources&#038;utm_content=Reentry\"  target=\"_self\" itemprop=\"url\">\n\t\t\t\t<img decoding=\"async\" src=\"https:\/\/211md.org\/wp-content\/uploads\/bb-plugin\/cache\/2025_211_Icon-Sets_Reentry-square-8676fea38abd920a832f45642fe31cca-.png\" alt=\"Icono de reentrada\" height=\"417\" width=\"417\" title=\"2025_211_Conjuntos de iconos_Reentrada\" onerror=\"this.style.display='none'\" loading=\"lazy\" \/>\n\t\t\t\t<\/a>\n\t<\/figure>\n\t\t<h4><a href=\"\/es\/recursos\/consumo-de-sustancias\/?utm_source=Home&#038;utm_medium=Referral&#038;utm_campaign=211Resources&#038;utm_content=Substance\" target=\"_self\">Uso de sustancias<\/a><\/h4><figure itemscope itemtype=\"https:\/\/schema.org\/ImageObject\">\n\t\t\t\t<a href=\"\/es\/recursos\/consumo-de-sustancias\/?utm_source=Home&#038;utm_medium=Referral&#038;utm_campaign=211Resources&#038;utm_content=Substance\"  target=\"_self\" itemprop=\"url\">\n\t\t\t\t<img decoding=\"async\" src=\"https:\/\/211md.org\/wp-content\/uploads\/bb-plugin\/cache\/2025_MdInfoNet_Icon-Sets_Substance-Abuse-square-9022fec9d18a64118ad685c101885b55-.png\" alt=\"\" onerror=\"this.style.display='none'\" loading=\"lazy\" \/>\n\t\t\t\t<\/a>\n\t<\/figure>\n\t\t<h4><a href=\"\/es\/recursos\/veteranos\/?utm_source=Home&#038;utm_medium=Referral&#038;utm_campaign=211Resources&#038;utm_content=Veterans\" target=\"_self\">veteranos<\/a><\/h4><figure itemscope itemtype=\"https:\/\/schema.org\/ImageObject\">\n\t\t\t\t<a href=\"\/es\/recursos\/veteranos\/?utm_source=Home&#038;utm_medium=Referral&#038;utm_campaign=211Resources&#038;utm_content=Veterans\"  target=\"_self\" itemprop=\"url\">\n\t\t\t\t<img decoding=\"async\" src=\"https:\/\/211md.org\/wp-content\/uploads\/bb-plugin\/cache\/2025_MdInfoNet_Icon-Sets_Rating-square-6e60d00cce4faa8e0a6d4ad7366aa733-.png\" alt=\"\" onerror=\"this.style.display='none'\" loading=\"lazy\" \/>\n\t\t\t\t<\/a>\n\t<\/figure>","protected":false},"excerpt":{"rendered":"<p>Housing help is available for Veterans who need temporary and long-term housing. These are the top searches in our 211 Community Resource Database. You can also read about specific programs and supports below. rental payments Transitional housing homeless drop in Emergency shelters Short and Long-Term Housing at MCVET If you need short-term or long-term housing,&hellip;<\/p>","protected":false},"author":8,"featured_media":33942,"parent":958,"menu_order":0,"comment_status":"closed","ping_status":"closed","template":"","meta":{"footnotes":""},"class_list":["post-1090","page","type-page","status-publish","has-post-thumbnail","hentry"],"_links":{"self":[{"href":"https:\/\/211md.org\/es\/wp-json\/wp\/v2\/pages\/1090","targetHints":{"allow":["GET"]}}],"collection":[{"href":"https:\/\/211md.org\/es\/wp-json\/wp\/v2\/pages"}],"about":[{"href":"https:\/\/211md.org\/es\/wp-json\/wp\/v2\/types\/page"}],"author":[{"embeddable":true,"href":"https:\/\/211md.org\/es\/wp-json\/wp\/v2\/users\/8"}],"replies":[{"embeddable":true,"href":"https:\/\/211md.org\/es\/wp-json\/wp\/v2\/comments?post=1090"}],"version-history":[{"count":5,"href":"https:\/\/211md.org\/es\/wp-json\/wp\/v2\/pages\/1090\/revisions"}],"predecessor-version":[{"id":34222,"href":"https:\/\/211md.org\/es\/wp-json\/wp\/v2\/pages\/1090\/revisions\/34222"}],"up":[{"embeddable":true,"href":"https:\/\/211md.org\/es\/wp-json\/wp\/v2\/pages\/958"}],"wp:featuredmedia":[{"embeddable":true,"href":"https:\/\/211md.org\/es\/wp-json\/wp\/v2\/media\/33942"}],"wp:attachment":[{"href":"https:\/\/211md.org\/es\/wp-json\/wp\/v2\/media?parent=1090"}],"curies":[{"name":"Gracias","href":"https:\/\/api.w.org\/{rel}","templated":true}]}}