{"id":1093,"date":"2021-04-19T13:31:59","date_gmt":"2021-04-19T13:31:59","guid":{"rendered":"https:\/\/211md.org\/?page_id=1093"},"modified":"2026-03-04T10:43:49","modified_gmt":"2026-03-04T15:43:49","slug":"salud-mental-para-veteranos","status":"publish","type":"page","link":"https:\/\/211md.org\/es\/resources\/veterans\/mental-health-for-veterans\/","title":{"rendered":"Salud mental para veteranos"},"content":{"rendered":"<figure data-animation-delay=\"0\" data-animation-duration=\"1\" itemscope itemtype=\"https:\/\/schema.org\/ImageObject\">\n\t\t\t\t<img decoding=\"async\" src=\"https:\/\/stg-maryland211-staging.kinsta.cloud\/wp-content\/uploads\/2025\/08\/5-1-scaled.png\" alt=\"5\" height=\"692\" width=\"2560\" title=\"5\" onerror=\"this.style.display='none'\" loading=\"lazy\" \/>\n\t<\/figure>\n\t\t<p>Hay ayuda gratuita y confidencial disponible para los veteranos que luchan con el trastorno de estr\u00e9s postraum\u00e1tico (TEPT), depresi\u00f3n, ansiedad, pensamientos suicidas, abuso de sustancias o cualquier otro problema mental o de uso de sustancias.<\/p>\n<p>Get connected to resources, specifically for Maryland Veterans.<\/p>\n<p>&nbsp;<\/p>\n\t\t\t<a href=\"#start\"  target=\"_self\">\n\t\t\t\t\t\tEmpezar\n\t\t\t\t\t<\/a>\n<figure data-animation-delay=\"0\" data-animation-duration=\"1\" itemscope itemtype=\"https:\/\/schema.org\/ImageObject\">\n\t\t\t\t<img decoding=\"async\" src=\"https:\/\/211md.org\/wp-content\/plugins\/bb-plugin\/img\/pixel.png\" alt=\"\" onerror=\"this.style.display='none'\" loading=\"lazy\" \/>\n\t<\/figure>\n<figure data-animation-delay=\"0\" data-animation-duration=\"1.3\" itemscope itemtype=\"https:\/\/schema.org\/ImageObject\">\n\t\t\t\t<img decoding=\"async\" src=\"https:\/\/stg-maryland211-staging.kinsta.cloud\/wp-content\/uploads\/2025\/08\/16.png\" alt=\"16\" height=\"1000\" width=\"1000\" title=\"16\" onerror=\"this.style.display='none'\" loading=\"lazy\" \/>\n\t<\/figure>\n\t\t<h2><a href=\"https:\/\/www.veteranscrisisline.net\/get-help-now\/chat\/\" target=\"_self\" rel=\"noopener\">L\u00edneas de apoyo para veteranos<\/a><\/h2><p>There are several ways for Veterans to get connected to help.<\/p>\n<p>Varias de las l\u00edneas apoyan a los veteranos que se adaptan a la vida civil, la vida militar y las familias.<\/p>\n<h3>L\u00ednea de crisis para veteranos<\/h3>\n<p>There&#8217;s also the Veterans Crisis Line, which offers confidential help for anyone in crisis and needing to talk now.<\/p>\n<p>Est\u00e1 disponible a trav\u00e9s del 988 presionando 1.<\/p>\n<p>Aprenda m\u00e1s sobre el <a href=\"https:\/\/www.veteranscrisisline.net\/\" target=\"_blank\" rel=\"noopener\">L\u00ednea de crisis para veteranos<\/a>.<\/p>\n\t\t\t<a href=\"https:\/\/www.veteranscrisisline.net\/get-help-now\/chat\/\" target=\"_self\" rel=\"noopener\">\n\t\t\t\t\t\t\tSoporte de chat para veteranos\n\t\t\t\t\t<\/a>\n<figure data-animation-delay=\"0\" data-animation-duration=\"1\" itemscope itemtype=\"https:\/\/schema.org\/ImageObject\">\n\t\t\t\t<img decoding=\"async\" src=\"http:\/\/211md.org\/wp-content\/uploads\/2025\/10\/Veteran-talking-to-the-crisis-line-on-his-computer.jpg\" alt=\"Veterano hablando con la l\u00ednea de crisis en su computadora\" title=\"Veterano hablando con la l\u00ednea de crisis en su computadora\" onerror=\"this.style.display='none'\" loading=\"lazy\" \/>\n\t<\/figure>\n\t<h3>Habla con un veterano<\/h3>\n<p>Los veteranos y sus familiares tambi\u00e9n pueden llamar al\u00a0<a href=\"https:\/\/www.vetcenter.va.gov\/media\/Call-Center-PSA.asp\" target=\"_blank\" rel=\"noopener\">L\u00ednea de llamada de combate<\/a>. <\/p>\n<p>Combat Veterans and their family members answer the phone and can talk about military concerns or adjusting to civilian life.<\/p>\n<p>Llame al 1-877-WAR-VETS para recibir asistencia confidencial las 24 horas del d\u00eda, los 7 d\u00edas de la semana, los 365 d\u00edas del a\u00f1o.\u00a0<\/p>\n<h3>Apoyo al cuidador<\/h3>\n<p>\u00c9l <a href=\"https:\/\/www.caregiver.va.gov\/Care_Caregivers.asp\" target=\"_blank\" rel=\"noopener\">L\u00ednea de apoyo para cuidadores<\/a> understands the strain that caring for a Veteran can place on families, both mentally and physically. <\/p>\n<p>Los miembros de la familia pueden convertirse repentinamente en cuidadores y necesitar apoyo. <\/p>\n<p>Llame al 855-260-3274 para hablar con alguien y encontrar soluciones.\u00a0<\/p>\n\t\t<figure itemscope itemtype=\"https:\/\/schema.org\/ImageObject\">\n\t\t\t\t<img decoding=\"async\" src=\"https:\/\/stg-maryland211-staging.kinsta.cloud\/wp-content\/uploads\/2025\/08\/2025_MdInfoNet_Icon-Sets-white_Locate.png\" alt=\"\" onerror=\"this.style.display='none'\" loading=\"lazy\" \/>\n\t<\/figure>\n<h2>Utilice estas b\u00fasquedas para veteranos<\/h2><p>The 211 Community Resource Database has Veteran resources. Use these common searches to find resources in your community.<\/p>\n<p>&nbsp;<\/p>\n\t\t\t<a href=\"https:\/\/search.211md.org\/search?query=LN-9000&#038;query_type=taxonomy&#038;query_label=\" target=\"_blank\" rel=\"noopener\">\n\t\t\t\t\t\t\tCl\u00ednicas ambulatorias para veteranos\n\t\t\t\t\t<\/a>\n\t\t\t<a href=\"https:\/\/search.211md.org\/search?query=RP-1400.8000-900&#038;query_type=taxonomy&#038;query_label=\" target=\"_blank\" rel=\"noopener\">\n\t\t\t\t\t\t\tapoyo a la reintegraci\u00f3n\n\t\t\t\t\t<\/a>\n\t\t\t<a href=\"https:\/\/search.211md.org\/search?query=PN-8100.4500-850&#038;query_type=taxonomy&#038;query_label=\" target=\"_blank\" rel=\"noopener\">\n\t\t\t\t\t\t\tGrupos de apoyo\n\t\t\t\t\t<\/a>\n<figure data-animation-delay=\"0\" data-animation-duration=\"1\" itemscope itemtype=\"https:\/\/schema.org\/ImageObject\">\n\t\t\t\t<img decoding=\"async\" src=\"http:\/\/211md.org\/wp-content\/uploads\/2025\/10\/Veteran-receiving-health-care.jpg\" alt=\"Veterano recibiendo atenci\u00f3n m\u00e9dica\" title=\"Veterano recibiendo atenci\u00f3n m\u00e9dica\" onerror=\"this.style.display='none'\" loading=\"lazy\" \/>\n\t<\/figure>\n\t<h2 aria-level=\"3\">Asesoramiento para veteranos del VA<\/h2>\n<p>Veteran Centers provide mental health services through the Veterans Affairs to Veterans and their families. <\/p>\n<p>Each center provides mental health services, including:<\/p>\n<ul>\n<li>asesoramiento de reajuste<\/li>\n<li>asesoramiento familiar y grupal<\/li>\n<li>asesoramiento sobre trauma sexual<\/li>\n<li>Asesoramiento sobre TEPT <\/li>\n<\/ul>\n<p>If you were in combat or experienced any sexual trauma during your military service, bring your DD214 to your local Veteran Center and speak with a counselor or therapist for free, without an appointment, regardless of your enrollment status with VA. Many of the therapists understand, as they are also Veterans. <\/p>\n<p>Estos centros est\u00e1n ubicados en todo el estado de Maryland. En algunos casos, el transporte puede proporcionarse a trav\u00e9s de sus beneficios de VA. \u00a0<\/p>\n\t\t\t<a href=\"https:\/\/va.gov\/directory\/guide\/vetcenter.asp\" target=\"_blank\" rel=\"noopener\">\n\t\t\t\t\t\t\tEncuentre un centro para veteranos\n\t\t\t\t\t<\/a>\n\t\t<h2>Programa de prevenci\u00f3n del suicidio de Sheppard Pratt<\/h2>\nSheppard Pratt colabora con Asuntos de Veteranos para ofrecer programas comunitarios de prevenci\u00f3n del suicidio a trav\u00e9s del Programa de Subvenciones para la Prevenci\u00f3n del Suicidio Sargento Parker Gordon Fox. El programa ofrece:\n<ul>\n<li aria-level=\"3\">Ex\u00e1menes de salud mental<\/li>\n<li aria-level=\"3\">Prestaci\u00f3n de servicios cl\u00ednicos para tratamiento de emergencia.<\/li>\n<li aria-level=\"3\">Gesti\u00f3n de casos<\/li>\n<li aria-level=\"3\">Asistencia de beneficios de VA para personas y familias elegibles<\/li>\n<li aria-level=\"3\">Ayuda para obtener beneficios del gobierno (estatal, local o federal) o de un programa elegible.<\/li>\n<li aria-level=\"3\">Ayuda con necesidades emergentes que puedan contribuir al riesgo de suicidio. Estas pueden incluir atenci\u00f3n m\u00e9dica, vida diaria, vivienda, empleo, planificaci\u00f3n financiera personal, consejer\u00eda, transporte, servicios de apoyo temporal a los ingresos, servicios fiduciarios y de representante de beneficiarios, y asuntos legales.<\/li>\n<li aria-level=\"3\">Divulgaci\u00f3n para identificar a quienes corren riesgo de suicidio<\/li>\n<\/ul>\nLlame al 410-938-4357 para conectarse con el programa.\n<p>&nbsp;<\/p>\n\t\t\t<a href=\"https:\/\/www.mentalhealth.va.gov\/ssgfox-grants\/\" target=\"_blank\" rel=\"noopener\">\n\t\t\t\t\t\t\tCon\u00e9ctate con Sheppard Pratt\n\t\t\t\t\t<\/a>\n<figure data-animation-delay=\"0\" data-animation-duration=\"1\" itemscope itemtype=\"https:\/\/schema.org\/ImageObject\">\n\t\t\t\t<img decoding=\"async\" src=\"http:\/\/211md.org\/wp-content\/uploads\/2025\/10\/Marylands-Commitment-to-Veterans.jpg\" alt=\"Madre veterana haciendo la tarea con su hijo\" title=\"El compromiso de Maryland con los veteranos\" onerror=\"this.style.display='none'\" loading=\"lazy\" \/>\n\t<\/figure>\n\t<h3 aria-level=\"3\">El compromiso de Maryland con los veteranos (MVC)<\/h3>\n<p>Veterans can also get support\u00a0through\u00a0Maryland&#8217;s\u00a0Commitment to Veterans (MCV). Resource coordinators work with Veterans and family members to access essential services through the VA system or private providers. These services can include crisis intervention, emergency services, substance misuse, family &amp; group counseling, and other behavioral health services.\u00a0\u00a0<\/p>\n<p>Additionally, the program supports Veterans who are ineligible for VA services, helping them address their behavioral health needs.\u00a0<\/p>\n<p>Llame al n\u00famero gratuito al 1-877-770-4801.\u00a0<\/p>\n\t\t\t<a href=\"https:\/\/veterans.health.maryland.gov\/Pages\/home.aspx\" target=\"_blank\" rel=\"noopener\">\n\t\t\t\t\t\t\tConectar con Mcv\n\t\t\t\t\t<\/a>\n\t<h3>Herramienta de autoevaluaci\u00f3n<\/h3>\n<p>Puede que los veteranos ni siquiera sepan por d\u00f3nde empezar, y eso est\u00e1 bien.<\/p>\n<p>Con\u00e9ctese con el VA para encontrar los mejores recursos para la situaci\u00f3n que est\u00e1 experimentando.<\/p>\n<p>The self-assessment tool helps Veterans find the right support.<\/p>\n\t\t\t<a href=\"https:\/\/www.va.gov\/REACH\/\" target=\"_self\" rel=\"noopener\">\n\t\t\t\t\t\t\tAutoevaluaci\u00f3n para veteranos\n\t\t\t\t\t<\/a>\n<figure itemscope itemtype=\"https:\/\/schema.org\/ImageObject\">\n\t\t\t\t<img decoding=\"async\" src=\"https:\/\/211md.org\/wp-content\/plugins\/bb-plugin\/img\/pixel.png\" alt=\"\" onerror=\"this.style.display='none'\" loading=\"lazy\" \/>\n\t<\/figure>\n\t\t<figure itemscope itemtype=\"https:\/\/schema.org\/ImageObject\">\n\t\t\t\t<img decoding=\"async\" src=\"https:\/\/211md.org\/wp-content\/uploads\/bb-plugin\/cache\/Call-center-specialst-circle-4e9ecd7b3425be4576416abc911049bb-.jpg\" alt=\"Especialista en centro de llamadas\" title=\"Especialista en call center\" onerror=\"this.style.display='none'\" loading=\"lazy\" \/>\n\t<\/figure>\n<h2>Marque 211<\/h2><p>Habla con una persona atenta y compasiva las 24 horas, los 7 d\u00edas de la semana. Tambi\u00e9n puede ponerte en contacto con recursos.\u00a0<\/p>\n\t\t\t<a href=\"tel:%20+211\"  target=\"_blank\" rel=\"noopener\">\n\t\t\t\t\t\tMarca 211 (m\u00f3vil)\n\t\t\t\t\t<\/a>\n<h2>\n\t\t\tInformaci\u00f3n adicional para veteranos\t<\/h2>\n\t\t<h4><a href=\"\/es\/recursos\/envejecimiento-discapacidad\/?utm_source=Home&#038;utm_medium=Referral&#038;utm_campaign=211Resources&#038;utm_content=Aging\" target=\"_self\">Envejecimiento y discapacidad<\/a><\/h4><figure itemscope itemtype=\"https:\/\/schema.org\/ImageObject\">\n\t\t\t\t<a href=\"\/es\/recursos\/envejecimiento-discapacidad\/?utm_source=Home&#038;utm_medium=Referral&#038;utm_campaign=211Resources&#038;utm_content=Aging\"  target=\"_self\" itemprop=\"url\">\n\t\t\t\t<img decoding=\"async\" src=\"https:\/\/211md.org\/wp-content\/uploads\/bb-plugin\/cache\/2025_MdInfoNet_Icon-Sets_Aging-disability-square-c466727102cae71e5f27b8539bb51945-.png\" alt=\"\" onerror=\"this.style.display='none'\" loading=\"lazy\" \/>\n\t\t\t\t<\/a>\n\t<\/figure>\n\t\t<h4><a href=\"\/es\/recursos\/ninos-familias\/?utm_source=Home&#038;utm_medium=Referral&#038;utm_campaign=211Resources&#038;utm_content=Children\" target=\"_self\">Ni\u00f1os y familias<\/a><\/h4><figure itemscope itemtype=\"https:\/\/schema.org\/ImageObject\">\n\t\t\t\t<a href=\"\/es\/recursos\/ninos-familias\/?utm_source=Home&#038;utm_medium=Referral&#038;utm_campaign=211Resources&#038;utm_content=Children\"  target=\"_self\" itemprop=\"url\">\n\t\t\t\t<img decoding=\"async\" src=\"https:\/\/211md.org\/wp-content\/uploads\/bb-plugin\/cache\/2025_211_Icon-Sets_Child-care-square-f3b0d4edab3dcc467fadb5f55f4064c6-.png\" alt=\"parent and child icon for child care\" height=\"417\" width=\"417\" title=\"2025_211_Conjuntos de iconos_Cuidado infantil\" onerror=\"this.style.display='none'\" loading=\"lazy\" \/>\n\t\t\t\t<\/a>\n\t<\/figure>\n\t\t<h4><a href=\"\/es\/recursos\/violencia-domestica-familiar\/?utm_source=Home&#038;utm_medium=Referral&#038;utm_campaign=211Resources&#038;utm_content=Domestic\" target=\"_self\">Violencia dom\u00e9stica<\/a><\/h4><figure itemscope itemtype=\"https:\/\/schema.org\/ImageObject\">\n\t\t\t\t<a href=\"\/es\/recursos\/violencia-domestica-familiar\/?utm_source=Home&#038;utm_medium=Referral&#038;utm_campaign=211Resources&#038;utm_content=Domestic\"  target=\"_self\" itemprop=\"url\">\n\t\t\t\t<img decoding=\"async\" src=\"https:\/\/211md.org\/wp-content\/uploads\/bb-plugin\/cache\/2025_211_Icon-Sets_Domestic-Violence-square-7b597694a6f05fe90cdc376aa573bc63-.png\" alt=\"House with a heart in the middle icon\" height=\"417\" width=\"417\" title=\"2025_211_Conjuntos de iconos_Violencia dom\u00e9stica\" onerror=\"this.style.display='none'\" loading=\"lazy\" \/>\n\t\t\t\t<\/a>\n\t<\/figure>\n\t\t<h4><a href=\"\/es\/recursos\/busqueda-de-empleo\/?utm_source=Home&#038;utm_medium=Referral&#038;utm_campaign=211Resources&#038;utm_content=Employment\" target=\"_self\">Empleo<\/a><\/h4><figure itemscope itemtype=\"https:\/\/schema.org\/ImageObject\">\n\t\t\t\t<a href=\"\/es\/recursos\/busqueda-de-empleo\/?utm_source=Home&#038;utm_medium=Referral&#038;utm_campaign=211Resources&#038;utm_content=Employment\"  target=\"_self\" itemprop=\"url\">\n\t\t\t\t<img decoding=\"async\" src=\"https:\/\/211md.org\/wp-content\/uploads\/bb-plugin\/cache\/2025_MdInfoNet_Icon-Sets_Employment-square-44707bd410e4df10a470bf130ebcea86-.png\" alt=\"\" onerror=\"this.style.display='none'\" loading=\"lazy\" \/>\n\t\t\t\t<\/a>\n\t<\/figure>\n\t\t<h4><a href=\"\/es\/recursos\/cuidado-de-la-salud\/?utm_source=Home&#038;utm_medium=Referral&#038;utm_campaign=211Resources&#038;utm_content=Health%20Care\" target=\"_self\">Cuidado de la salud<\/a><\/h4><figure itemscope itemtype=\"https:\/\/schema.org\/ImageObject\">\n\t\t\t\t<a href=\"\/es\/recursos\/cuidado-de-la-salud\/?utm_source=Home&#038;utm_medium=Referral&#038;utm_campaign=211Resources&#038;utm_content=Health%20Care\"  target=\"_self\" itemprop=\"url\">\n\t\t\t\t<img decoding=\"async\" src=\"https:\/\/211md.org\/wp-content\/uploads\/bb-plugin\/cache\/2025_MdInfoNet_Icon-Sets_Health-Care-square-dee98a0060cbe0e7f27eda253fc12679-.png\" alt=\"\" onerror=\"this.style.display='none'\" loading=\"lazy\" \/>\n\t\t\t\t<\/a>\n\t<\/figure>\n\t\t<h4><a href=\"\/es\/recursos\/nuevo-en-los-estados-unidos-y-maryland\/?utm_source=Home&#038;utm_medium=Referral&#038;utm_campaign=211Resources&#038;utm_content=Immigration\" target=\"_self\">Inmigraci\u00f3n<\/a><\/h4><figure itemscope itemtype=\"https:\/\/schema.org\/ImageObject\">\n\t\t\t\t<a href=\"\/es\/recursos\/nuevo-en-los-estados-unidos-y-maryland\/?utm_source=Home&#038;utm_medium=Referral&#038;utm_campaign=211Resources&#038;utm_content=Immigration\"  target=\"_self\" itemprop=\"url\">\n\t\t\t\t<img decoding=\"async\" src=\"https:\/\/211md.org\/wp-content\/uploads\/bb-plugin\/cache\/2025_MdInfoNet_Icon-Sets_Immigration-square-8b97b7fdfe5e6071405e216855065118-.png\" alt=\"icono de inmigraci\u00f3n\" title=\"2025_MdInfoNet_Icon-Sets_Immigration\" onerror=\"this.style.display='none'\" loading=\"lazy\" \/>\n\t\t\t\t<\/a>\n\t<\/figure>\n\t\t<h4><a href=\"\/es\/recursos\/ninos-familias\/parentesco\/?utm_source=Home&#038;utm_medium=Referral&#038;utm_campaign=211Resources&#038;utm_content=Kinship\" target=\"_self\">Parentesco<\/a><\/h4><figure itemscope itemtype=\"https:\/\/schema.org\/ImageObject\">\n\t\t\t\t<a href=\"\/es\/recursos\/ninos-familias\/parentesco\/?utm_source=Home&#038;utm_medium=Referral&#038;utm_campaign=211Resources&#038;utm_content=Kinship\"  target=\"_self\" itemprop=\"url\">\n\t\t\t\t<img decoding=\"async\" src=\"https:\/\/211md.org\/wp-content\/uploads\/bb-plugin\/cache\/2025_211_Icon-Sets_Kinship-square-45bdf872866f5735f842c32071109267-.png\" alt=\"Icono de parentesco\" height=\"417\" width=\"417\" title=\"2025_211_Conjuntos de iconos_Parentesco\" onerror=\"this.style.display='none'\" loading=\"lazy\" \/>\n\t\t\t\t<\/a>\n\t<\/figure>\n\t\t<h4><a href=\"\/es\/recursos\/servicios-legales\/?utm_source=Home&#038;utm_medium=Referral&#038;utm_campaign=211Resources&#038;utm_content=Legal\" target=\"_self\">Servicios Legales<\/a><\/h4><figure itemscope itemtype=\"https:\/\/schema.org\/ImageObject\">\n\t\t\t\t<a href=\"\/es\/recursos\/servicios-legales\/?utm_source=Home&#038;utm_medium=Referral&#038;utm_campaign=211Resources&#038;utm_content=Legal\"  target=\"_self\" itemprop=\"url\">\n\t\t\t\t<img decoding=\"async\" src=\"https:\/\/211md.org\/wp-content\/uploads\/bb-plugin\/cache\/2025_MdInfoNet_Icon-Sets_Legal-square-18fdf438feb8435588174d9046463257-.png\" alt=\"\" onerror=\"this.style.display='none'\" loading=\"lazy\" \/>\n\t\t\t\t<\/a>\n\t<\/figure>\n\t\t<h4><a href=\"\/es\/recursos\/salud-mental\/?utm_source=Home&#038;utm_medium=Referral&#038;utm_campaign=211Resources&#038;utm_content=Mental\" target=\"_self\">Salud mental<\/a><\/h4><figure itemscope itemtype=\"https:\/\/schema.org\/ImageObject\">\n\t\t\t\t<a href=\"\/es\/recursos\/salud-mental\/?utm_source=Home&#038;utm_medium=Referral&#038;utm_campaign=211Resources&#038;utm_content=Mental\"  target=\"_self\" itemprop=\"url\">\n\t\t\t\t<img decoding=\"async\" src=\"https:\/\/211md.org\/wp-content\/uploads\/bb-plugin\/cache\/2025_MdInfoNet_Icon-Sets_Mental-Health-square-c59b38c4a993a947d4c9280fbe2d2fee-.png\" alt=\"\" onerror=\"this.style.display='none'\" loading=\"lazy\" \/>\n\t\t\t\t<\/a>\n\t<\/figure>\n\t\t<h4><a href=\"\/es\/recursos\/mdreentry\/?utm_source=Home&#038;utm_medium=Referral&#038;utm_campaign=211Resources&#038;utm_content=Reentry\" target=\"_self\">Reentrada<\/a><\/h4><figure itemscope itemtype=\"https:\/\/schema.org\/ImageObject\">\n\t\t\t\t<a href=\"\/es\/recursos\/mdreentry\/?utm_source=Home&#038;utm_medium=Referral&#038;utm_campaign=211Resources&#038;utm_content=Reentry\"  target=\"_self\" itemprop=\"url\">\n\t\t\t\t<img decoding=\"async\" src=\"https:\/\/211md.org\/wp-content\/uploads\/bb-plugin\/cache\/2025_211_Icon-Sets_Reentry-square-8676fea38abd920a832f45642fe31cca-.png\" alt=\"Icono de reentrada\" height=\"417\" width=\"417\" title=\"2025_211_Conjuntos de iconos_Reentrada\" onerror=\"this.style.display='none'\" loading=\"lazy\" \/>\n\t\t\t\t<\/a>\n\t<\/figure>\n\t\t<h4><a href=\"\/es\/recursos\/consumo-de-sustancias\/?utm_source=Home&#038;utm_medium=Referral&#038;utm_campaign=211Resources&#038;utm_content=Substance\" target=\"_self\">Uso de sustancias<\/a><\/h4><figure itemscope itemtype=\"https:\/\/schema.org\/ImageObject\">\n\t\t\t\t<a href=\"\/es\/recursos\/consumo-de-sustancias\/?utm_source=Home&#038;utm_medium=Referral&#038;utm_campaign=211Resources&#038;utm_content=Substance\"  target=\"_self\" itemprop=\"url\">\n\t\t\t\t<img decoding=\"async\" src=\"https:\/\/211md.org\/wp-content\/uploads\/bb-plugin\/cache\/2025_MdInfoNet_Icon-Sets_Substance-Abuse-square-4f414f085e657267739c181957754f48-.png\" alt=\"Pills for substance Use icon\" title=\"2025_MdInfoNet_Icon-Sets_Substance-Abuse\" onerror=\"this.style.display='none'\" loading=\"lazy\" \/>\n\t\t\t\t<\/a>\n\t<\/figure>\n\t\t<h4><a href=\"\/es\/recursos\/veteranos\/?utm_source=Home&#038;utm_medium=Referral&#038;utm_campaign=211Resources&#038;utm_content=Veterans\" target=\"_self\">veteranos<\/a><\/h4><figure itemscope itemtype=\"https:\/\/schema.org\/ImageObject\">\n\t\t\t\t<a href=\"\/es\/recursos\/veteranos\/?utm_source=Home&#038;utm_medium=Referral&#038;utm_campaign=211Resources&#038;utm_content=Veterans\"  target=\"_self\" itemprop=\"url\">\n\t\t\t\t<img decoding=\"async\" src=\"https:\/\/211md.org\/wp-content\/uploads\/bb-plugin\/cache\/2025_MdInfoNet_Icon-Sets_Rating-square-6e60d00cce4faa8e0a6d4ad7366aa733-.png\" alt=\"\" onerror=\"this.style.display='none'\" loading=\"lazy\" \/>\n\t\t\t\t<\/a>\n\t<\/figure>","protected":false},"excerpt":{"rendered":"<p>Free and confidential help is available for veterans struggling with Post Traumatic Stress Disorder (PTSD), depression, anxiety, thoughts of suicide, substance misuse or any other mental or substance use concerns. Get connected to resources, specifically for Maryland Veterans. &nbsp; Get Started Veteran Support Lines There are several ways for Veterans to get connected to help.&hellip;<\/p>","protected":false},"author":8,"featured_media":4756,"parent":958,"menu_order":0,"comment_status":"closed","ping_status":"closed","template":"","meta":{"footnotes":""},"class_list":["post-1093","page","type-page","status-publish","has-post-thumbnail","hentry"],"_links":{"self":[{"href":"https:\/\/211md.org\/es\/wp-json\/wp\/v2\/pages\/1093","targetHints":{"allow":["GET"]}}],"collection":[{"href":"https:\/\/211md.org\/es\/wp-json\/wp\/v2\/pages"}],"about":[{"href":"https:\/\/211md.org\/es\/wp-json\/wp\/v2\/types\/page"}],"author":[{"embeddable":true,"href":"https:\/\/211md.org\/es\/wp-json\/wp\/v2\/users\/8"}],"replies":[{"embeddable":true,"href":"https:\/\/211md.org\/es\/wp-json\/wp\/v2\/comments?post=1093"}],"version-history":[{"count":7,"href":"https:\/\/211md.org\/es\/wp-json\/wp\/v2\/pages\/1093\/revisions"}],"predecessor-version":[{"id":34408,"href":"https:\/\/211md.org\/es\/wp-json\/wp\/v2\/pages\/1093\/revisions\/34408"}],"up":[{"embeddable":true,"href":"https:\/\/211md.org\/es\/wp-json\/wp\/v2\/pages\/958"}],"wp:featuredmedia":[{"embeddable":true,"href":"https:\/\/211md.org\/es\/wp-json\/wp\/v2\/media\/4756"}],"wp:attachment":[{"href":"https:\/\/211md.org\/es\/wp-json\/wp\/v2\/media?parent=1093"}],"curies":[{"name":"Gracias","href":"https:\/\/api.w.org\/{rel}","templated":true}]}}