{"id":1103,"date":"2021-04-19T14:37:20","date_gmt":"2021-04-19T14:37:20","guid":{"rendered":"https:\/\/211md.org\/?page_id=1103"},"modified":"2025-11-11T13:49:26","modified_gmt":"2025-11-11T18:49:26","slug":"cuidado-dental","status":"publish","type":"page","link":"https:\/\/211md.org\/es\/resources\/health-care\/dental-care\/","title":{"rendered":"Find Dental Clinics in Maryland"},"content":{"rendered":"<img decoding=\"async\" src=\"https:\/\/stg-maryland211-staging.kinsta.cloud\/wp-content\/uploads\/2025\/08\/5-1-scaled.png\" alt=\"5\" itemprop=\"image\" height=\"692\" width=\"2560\" title=\"5\" onerror=\"this.style.display='none'\" loading=\"lazy\" \/>\n\t\t<p>\u00bfNecesitas atenci\u00f3n dental? Las cl\u00ednicas dentales gratuitas y de bajo costo pueden ser una opci\u00f3n si necesita atenci\u00f3n dental y no tiene seguro. Tambi\u00e9n pueden estar disponibles vales para reducir el costo de la atenci\u00f3n en el consultorio de un dentista privado.<\/p>\n\t\t\t<a href=\"#start\" target=\"_self\">\n\t\t\t\t\t\tEmpezar\n\t\t\t\t\t<\/a>\n\t\t\t\t<img decoding=\"async\" src=\"https:\/\/211md.org\/wp-content\/plugins\/bb-plugin\/img\/pixel.png\" alt=\"\" itemprop=\"image\" onerror=\"this.style.display='none'\" loading=\"lazy\" \/>\n\t\t\t\t<img decoding=\"async\" src=\"https:\/\/stg-maryland211-staging.kinsta.cloud\/wp-content\/uploads\/2025\/08\/16.png\" alt=\"16\" itemprop=\"image\" height=\"1000\" width=\"1000\" title=\"16\" onerror=\"this.style.display='none'\" loading=\"lazy\" \/>\n\t\t\t\t<img decoding=\"async\" src=\"http:\/\/211md.org\/wp-content\/uploads\/2025\/11\/Dentist-showing-patient-xrays-of-tooth-at-dental-clinic.jpg\" alt=\"Dentist showing patient xrays of tooth at dental clinic\" itemprop=\"image\" title=\"Dentist showing patient xrays of tooth at dental clinic\" onerror=\"this.style.display='none'\" loading=\"lazy\" \/>\n\t<h2>Maryland Medicaid Dental Program<\/h2>\n<p>Eligible full-time Medicaid beneficiaries may be eligible for dental services through the Maryland Healthy Smiles Dental Program.<\/p>\n<p>This program helps eligible Medicaid recipients:<\/p>\n<ul>\n<li>adults aged 21 to 64<\/li>\n<li>children under age 21<\/li>\n<li>former foster care children through age 25<\/li>\n<li>pregnant and postpartum adults through age 21<\/li>\n<\/ul>\n<p>The Maryland Healthy Smiles Dental Program covers:<\/p>\n<ul>\n<li>routine dental checkups and cleaning<\/li>\n<li>fluoride treatments<\/li>\n<li>X-rays<\/li>\n<li>root canals<\/li>\n<li>crowns<\/li>\n<li>extractions<\/li>\n<li>anesthesia<\/li>\n<li>denture adjustments (adults only)<\/li>\n<\/ul>\n<p>For children under 21 years old, the program also covers orthodontics, fluoride, and sealants.<\/p>\n<p>Get more information on the <a href=\"https:\/\/mmcp.health.maryland.gov\/Pages\/maryland-healthy-smiles-dental-program.aspx\" target=\"_blank\" rel=\"noopener\">Programa Dental Sonrisas Saludables de Maryland<\/a> or find a <a href=\"https:\/\/mdmwp.sciondental.com\/MWP\/Landing\" target=\"_blank\" rel=\"noopener\">participating Medicaid dentist<\/a>.<\/p>\n\t<h2>Free and low-cost Clinics<\/h2>\n<p>Dental colleges and some health departments offer free and low-cost dental clinics throughout Maryland.<\/p>\n<p>The Dental Hygiene Center at Howard Community College provides affordable dental services, including screenings, X-rays, sealants, non-surgical periodontal treatment, deep cleaning, fluoride treatment, and follow-up care.<\/p>\n<p>The cost is $20 for adults in the community and $10 for children.<\/p>\n<p>The clinic does not provide fillings, extractions, root canals, orthodontics, or other dental treatments. Connect with the <a href=\"https:\/\/www.howardcc.edu\/programs-courses\/academics\/academic-divisions\/health-sciences\/dental-hygiene\/dental-hygiene-center.html\" target=\"_blank\" rel=\"noopener\">Dental Hygiene Center<\/a>.<\/p>\n<p><a href=\"https:\/\/www.allegany.edu\/health-clinics\/dental-hygiene-clinic\/index.html\" target=\"_blank\" rel=\"noopener\">Colegio Allegany de Maryland<\/a> tambi\u00e9n brinda servicios dentales comunitarios de bajo costo a trav\u00e9s de su Cl\u00ednica de Higiene Dental. Su atenci\u00f3n se centra en la atenci\u00f3n preventiva y est\u00e1 disponible durante los semestres de oto\u00f1o y primavera.<\/p>\n<p>There are also community dental programs at <a href=\"https:\/\/www.ccbcmd.edu\/Programs-and-Courses\/Schools-and-Academic-Departments\/School-of-Health-Professions\/Dental-Hygiene.aspx\" target=\"_blank\" rel=\"noopener\">Colegio Comunitario del Condado de Baltimore<\/a>, el <a href=\"https:\/\/www.dental.umaryland.edu\/\" target=\"_blank\" rel=\"noopener\">Facultad de Odontolog\u00eda de la Universidad de Maryland<\/a>, y el <a href=\"https:\/\/www.ccbcmd.edu\/Programs-and-Courses\/Schools-and-Academic-Departments\/School-of-Health-Professions\/Dental-Hygiene.aspx\" target=\"_blank\" rel=\"noopener\">Colegio Comunitario del Condado de Baltimore<\/a>. Comun\u00edquese con la universidad cercana a usted para conocer los detalles del programa.<\/p>\n<h3>Programas dentales del Departamento de Salud<\/h3>\n<p>Tambi\u00e9n hay cl\u00ednicas dentales en algunos departamentos de salud del condado.<\/p>\n<p>En Berl\u00edn, el <a href=\"https:\/\/www.worcesterhealth.org\/dental-sidebar\" target=\"_blank\" rel=\"noopener\">Departamento de Salud del Condado de Worcester<\/a> brinda atenci\u00f3n a ni\u00f1os menores de 21 a\u00f1os o embarazadas que no tienen seguro, tienen seguro insuficiente o est\u00e1n inscritos en el programa Maryland Health Smiles.<\/p>\n<p>\u00c9l <a href=\"https:\/\/health.baltimorecity.gov\/node\/89\" target=\"_blank\" rel=\"noopener\">Departamento de Salud de la ciudad de Baltimore<\/a> brinda atenci\u00f3n dental b\u00e1sica y de urgencia en la Cl\u00ednica Dental Druid y la Cl\u00ednica Dental Oriental. Hay tarifas asociadas con la atenci\u00f3n y las cl\u00ednicas aceptan Maryland Health Smiles, la mayor\u00eda de los planes m\u00e9dicos\/de asistencia m\u00e9dica y algunos otros planes que est\u00e1n sujetos a cambios.<\/p>\n<p>Tambi\u00e9n hay una cl\u00ednica dental pedi\u00e1trica en el <a href=\"https:\/\/health.frederickcountymd.gov\/DocumentCenter\/View\/3560\/DENTAL-BrochureEnglish?bidId=\" target=\"_blank\" rel=\"noopener\">Departamento de Salud del Condado de Frederick<\/a> para ni\u00f1os sin seguro y aquellos con asistencia m\u00e9dica. El departamento de salud tambi\u00e9n tiene vales dentales para adultos que necesitan cirug\u00eda oral en un cirujano oral privado.<\/p>\n<p>Estos son solo algunos de los programas en los departamentos de salud de Maryland. Comun\u00edquese con su departamento local para obtener m\u00e1s informaci\u00f3n sobre cl\u00ednicas dentales y servicios de costo reducido, si est\u00e1n disponibles en la comunidad.<\/p>\n<h3>Cuidado dental para personas mayores<\/h3>\n<p>En el condado de Frederick, existe un programa de asistencia dental de emergencia para problemas de emergencia de rutina, como extracciones de dientes y empastes, a trav\u00e9s del <a href=\"https:\/\/thereligiouscoalition.org\/need-help\/healthcare-programs\/\" target=\"_blank\" rel=\"noopener\">Coalici\u00f3n Religiosa para Necesidades Humanas de Emergencia<\/a>. Solo est\u00e1 disponible para residentes del condado de Frederick mayores de 51 a\u00f1os.<\/p>\n\t\t\t\t<a href=\"https:\/\/search.211md.org\/\" target=\"_blank\" rel=\"noopener\" itemprop=\"url\">\n\t\t\t\t<img decoding=\"async\" src=\"https:\/\/stg-maryland211-staging.kinsta.cloud\/wp-content\/uploads\/2025\/08\/2025_MdInfoNet_Icon-Sets-white_Locate.png\" alt=\"\" itemprop=\"image\" onerror=\"this.style.display='none'\" loading=\"lazy\" \/>\n\t\t\t\t<\/a>\n<h2><a href=\"https:\/\/search.211md.org\/\" target=\"_blank\" rel=\"noopener\">Encuentre recursos ahora<\/a><\/h2><p>Encontrar <strong>recursos comunitarios <\/strong>Para alimentaci\u00f3n, salud, vivienda y m\u00e1s en nuestra base de datos. Busque por c\u00f3digo postal.<\/p>\n\t\t\t<a href=\"https:\/\/search.211md.org\/\" target=\"_blank\" rel=\"noopener\">\n\t\t\t\t\t\t\tBuscar ahora\n\t\t\t<\/a>\n\t\t\t\t<img decoding=\"async\" src=\"http:\/\/211md.org\/wp-content\/uploads\/2025\/11\/dad-and-daughter-brushing-teeth.jpg\" alt=\"dad and daughter brushing teeth\" itemprop=\"image\" title=\"dad and daughter brushing teeth\" onerror=\"this.style.display='none'\" loading=\"lazy\" \/>\n\t<h3><b>Seguro dental<\/b><\/h3>\n<p>Para cubrir la atenci\u00f3n y el tratamiento dentales b\u00e1sicos, puede comprar un seguro dental durante un evento de vida calificado o durante la inscripci\u00f3n abierta del 1 de noviembre al 15 de diciembre. La cobertura comienza el 1 de enero.<\/p>\n<p>\u00bfSe pregunta cu\u00e1nto costar\u00e1 el seguro dental?\u00a0<a href=\"https:\/\/secure.marylandhealthconnection.gov\/hixui\/public\/home.html#\/getEstimate?lang=en_US&amp;firstTime=1\" target=\"_blank\" rel=\"noopener\">Obtenga un presupuesto de Maryland Health Connection<\/a>y luego encuentre un plan adecuado para usted y su familia.<\/p>\n<p>Algunas aseguradoras de salud tambi\u00e9n pueden ofrecer atenci\u00f3n dental.<\/p>\n<p>Tambi\u00e9n hay programas dentales en todo el estado de Maryland que brindan atenci\u00f3n a trav\u00e9s de universidades, el departamento de salud y cl\u00ednicas comunitarias.<\/p>\n\t<h2>Connect with other Health-Related Resources<\/h2>\n\t\t<h4><a href=\"\/es\/recursos\/envejecimiento-discapacidad\/?utm_source=Home&#038;utm_medium=Referral&#038;utm_campaign=211Resources&#038;utm_content=Aging\" target=\"_self\">Envejecimiento y discapacidad<\/a><\/h4>\n\t\t\t\t<a href=\"\/es\/recursos\/envejecimiento-discapacidad\/?utm_source=Home&#038;utm_medium=Referral&#038;utm_campaign=211Resources&#038;utm_content=Aging\"  target=\"_self\" itemprop=\"url\">\n\t\t\t\t<img decoding=\"async\" src=\"https:\/\/211md.org\/wp-content\/uploads\/bb-plugin\/cache\/2025_MdInfoNet_Icon-Sets_Aging-disability-square-c466727102cae71e5f27b8539bb51945-.png\" alt=\"\" itemprop=\"image\" onerror=\"this.style.display='none'\" loading=\"lazy\" \/>\n\t\t\t\t<\/a>\n\t\t<h4><a href=\"\/es\/recursos\/ninos-familias\/?utm_source=Home&#038;utm_medium=Referral&#038;utm_campaign=211Resources&#038;utm_content=Children\" target=\"_self\">Ni\u00f1os y familias<\/a><\/h4>\n\t\t\t\t<a href=\"\/es\/recursos\/ninos-familias\/?utm_source=Home&#038;utm_medium=Referral&#038;utm_campaign=211Resources&#038;utm_content=Children\"  target=\"_self\" itemprop=\"url\">\n\t\t\t\t<img decoding=\"async\" src=\"https:\/\/211md.org\/wp-content\/uploads\/bb-plugin\/cache\/2025_211_Icon-Sets_Child-care-square-f3b0d4edab3dcc467fadb5f55f4064c6-.png\" alt=\"2025_211_Conjuntos de iconos_Cuidado infantil\" itemprop=\"image\" height=\"417\" width=\"417\" title=\"2025_211_Conjuntos de iconos_Cuidado infantil\" onerror=\"this.style.display='none'\" loading=\"lazy\" \/>\n\t\t\t\t<\/a>\n\t\t<h4><a href=\"\/es\/recursos\/violencia-domestica-familiar\/?utm_source=Home&#038;utm_medium=Referral&#038;utm_campaign=211Resources&#038;utm_content=Domestic\" target=\"_self\">Violencia dom\u00e9stica<\/a><\/h4>\n\t\t\t\t<a href=\"\/es\/recursos\/violencia-domestica-familiar\/?utm_source=Home&#038;utm_medium=Referral&#038;utm_campaign=211Resources&#038;utm_content=Domestic\"  target=\"_self\" itemprop=\"url\">\n\t\t\t\t<img decoding=\"async\" src=\"https:\/\/211md.org\/wp-content\/uploads\/bb-plugin\/cache\/2025_211_Icon-Sets_Domestic-Violence-square-7b597694a6f05fe90cdc376aa573bc63-.png\" alt=\"Icono de violencia dom\u00e9stica\" itemprop=\"image\" height=\"417\" width=\"417\" title=\"2025_211_Conjuntos de iconos_Violencia dom\u00e9stica\" onerror=\"this.style.display='none'\" loading=\"lazy\" \/>\n\t\t\t\t<\/a>\n\t\t<h4><a href=\"\/es\/recursos\/busqueda-de-empleo\/?utm_source=Home&#038;utm_medium=Referral&#038;utm_campaign=211Resources&#038;utm_content=Employment\" target=\"_self\">Empleo<\/a><\/h4>\n\t\t\t\t<a href=\"\/es\/recursos\/busqueda-de-empleo\/?utm_source=Home&#038;utm_medium=Referral&#038;utm_campaign=211Resources&#038;utm_content=Employment\"  target=\"_self\" itemprop=\"url\">\n\t\t\t\t<img decoding=\"async\" src=\"https:\/\/211md.org\/wp-content\/uploads\/bb-plugin\/cache\/2025_MdInfoNet_Icon-Sets_Employment-square-44707bd410e4df10a470bf130ebcea86-.png\" alt=\"\" itemprop=\"image\" onerror=\"this.style.display='none'\" loading=\"lazy\" \/>\n\t\t\t\t<\/a>\n\t\t<h4><a href=\"\/es\/recursos\/cuidado-de-la-salud\/?utm_source=Home&#038;utm_medium=Referral&#038;utm_campaign=211Resources&#038;utm_content=Health%20Care\" target=\"_self\">Cuidado de la salud<\/a><\/h4>\n\t\t\t\t<a href=\"\/es\/recursos\/cuidado-de-la-salud\/?utm_source=Home&#038;utm_medium=Referral&#038;utm_campaign=211Resources&#038;utm_content=Health%20Care\"  target=\"_self\" itemprop=\"url\">\n\t\t\t\t<img decoding=\"async\" src=\"https:\/\/211md.org\/wp-content\/uploads\/bb-plugin\/cache\/2025_MdInfoNet_Icon-Sets_Health-Care-square-dee98a0060cbe0e7f27eda253fc12679-.png\" alt=\"\" itemprop=\"image\" onerror=\"this.style.display='none'\" loading=\"lazy\" \/>\n\t\t\t\t<\/a>\n\t\t<h4><a href=\"\/es\/recursos\/ninos-familias\/parentesco\/?utm_source=Home&#038;utm_medium=Referral&#038;utm_campaign=211Resources&#038;utm_content=Kinship\" target=\"_self\">Parentesco<\/a><\/h4>\n\t\t\t\t<a href=\"\/es\/recursos\/ninos-familias\/parentesco\/?utm_source=Home&#038;utm_medium=Referral&#038;utm_campaign=211Resources&#038;utm_content=Kinship\"  target=\"_self\" itemprop=\"url\">\n\t\t\t\t<img decoding=\"async\" src=\"https:\/\/211md.org\/wp-content\/uploads\/bb-plugin\/cache\/2025_211_Icon-Sets_Kinship-square-45bdf872866f5735f842c32071109267-.png\" alt=\"Icono de parentesco\" itemprop=\"image\" height=\"417\" width=\"417\" title=\"2025_211_Conjuntos de iconos_Parentesco\" onerror=\"this.style.display='none'\" loading=\"lazy\" \/>\n\t\t\t\t<\/a>\n\t\t<h4><a href=\"\/es\/recursos\/servicios-legales\/?utm_source=Home&#038;utm_medium=Referral&#038;utm_campaign=211Resources&#038;utm_content=Legal\" target=\"_self\">Servicios Legales<\/a><\/h4>\n\t\t\t\t<a href=\"\/es\/recursos\/servicios-legales\/?utm_source=Home&#038;utm_medium=Referral&#038;utm_campaign=211Resources&#038;utm_content=Legal\"  target=\"_self\" itemprop=\"url\">\n\t\t\t\t<img decoding=\"async\" src=\"https:\/\/211md.org\/wp-content\/uploads\/bb-plugin\/cache\/2025_MdInfoNet_Icon-Sets_Legal-square-18fdf438feb8435588174d9046463257-.png\" alt=\"\" itemprop=\"image\" onerror=\"this.style.display='none'\" loading=\"lazy\" \/>\n\t\t\t\t<\/a>\n\t\t<h4><a href=\"\/es\/recursos\/salud-mental\/?utm_source=Home&#038;utm_medium=Referral&#038;utm_campaign=211Resources&#038;utm_content=Mental\" target=\"_self\">Salud mental<\/a><\/h4>\n\t\t\t\t<a href=\"\/es\/recursos\/salud-mental\/?utm_source=Home&#038;utm_medium=Referral&#038;utm_campaign=211Resources&#038;utm_content=Mental\"  target=\"_self\" itemprop=\"url\">\n\t\t\t\t<img decoding=\"async\" src=\"https:\/\/211md.org\/wp-content\/uploads\/bb-plugin\/cache\/2025_MdInfoNet_Icon-Sets_Mental-Health-square-c59b38c4a993a947d4c9280fbe2d2fee-.png\" alt=\"\" itemprop=\"image\" onerror=\"this.style.display='none'\" loading=\"lazy\" \/>\n\t\t\t\t<\/a>\n\t\t<h4><a href=\"\/es\/recursos\/mdreentry\/?utm_source=Home&#038;utm_medium=Referral&#038;utm_campaign=211Resources&#038;utm_content=Reentry\" target=\"_self\">Reentrada<\/a><\/h4>\n\t\t\t\t<a href=\"\/es\/recursos\/mdreentry\/?utm_source=Home&#038;utm_medium=Referral&#038;utm_campaign=211Resources&#038;utm_content=Reentry\"  target=\"_self\" itemprop=\"url\">\n\t\t\t\t<img decoding=\"async\" src=\"https:\/\/211md.org\/wp-content\/uploads\/bb-plugin\/cache\/2025_211_Icon-Sets_Reentry-square-8676fea38abd920a832f45642fe31cca-.png\" alt=\"Icono de reentrada\" itemprop=\"image\" height=\"417\" width=\"417\" title=\"2025_211_Conjuntos de iconos_Reentrada\" onerror=\"this.style.display='none'\" loading=\"lazy\" \/>\n\t\t\t\t<\/a>\n\t\t<h4><a href=\"\/es\/recursos\/consumo-de-sustancias\/?utm_source=Home&#038;utm_medium=Referral&#038;utm_campaign=211Resources&#038;utm_content=Substance\" target=\"_self\">Uso de sustancias<\/a><\/h4>\n\t\t\t\t<a href=\"\/es\/recursos\/consumo-de-sustancias\/?utm_source=Home&#038;utm_medium=Referral&#038;utm_campaign=211Resources&#038;utm_content=Substance\"  target=\"_self\" itemprop=\"url\">\n\t\t\t\t<img decoding=\"async\" src=\"https:\/\/211md.org\/wp-content\/uploads\/bb-plugin\/cache\/2025_MdInfoNet_Icon-Sets_Substance-Abuse-square-9022fec9d18a64118ad685c101885b55-.png\" alt=\"\" itemprop=\"image\" onerror=\"this.style.display='none'\" loading=\"lazy\" \/>\n\t\t\t\t<\/a>\n\t\t<h4><a href=\"\/es\/recursos\/veteranos\/?utm_source=Home&#038;utm_medium=Referral&#038;utm_campaign=211Resources&#038;utm_content=Veterans\" target=\"_self\">veteranos<\/a><\/h4>\n\t\t\t\t<a href=\"\/es\/recursos\/veteranos\/?utm_source=Home&#038;utm_medium=Referral&#038;utm_campaign=211Resources&#038;utm_content=Veterans\"  target=\"_self\" itemprop=\"url\">\n\t\t\t\t<img decoding=\"async\" src=\"https:\/\/211md.org\/wp-content\/uploads\/bb-plugin\/cache\/2025_MdInfoNet_Icon-Sets_Rating-square-6e60d00cce4faa8e0a6d4ad7366aa733-.png\" alt=\"\" itemprop=\"image\" onerror=\"this.style.display='none'\" loading=\"lazy\" \/>\n\t\t\t\t<\/a>","protected":false},"excerpt":{"rendered":"<p>Do you need dental care? Free and low-cost dental clinics may be an option if you need dental care and do not have insurance. Vouchers may also be available to reduce the cost of care at a private dentist&#8217;s office. Get Started Maryland Medicaid Dental Program Eligible full-time Medicaid beneficiaries may be eligible for dental&hellip;<\/p>","protected":false},"author":8,"featured_media":2081,"parent":838,"menu_order":0,"comment_status":"closed","ping_status":"closed","template":"","meta":{"footnotes":""},"class_list":["post-1103","page","type-page","status-publish","has-post-thumbnail","hentry"],"_links":{"self":[{"href":"https:\/\/211md.org\/es\/wp-json\/wp\/v2\/pages\/1103","targetHints":{"allow":["GET"]}}],"collection":[{"href":"https:\/\/211md.org\/es\/wp-json\/wp\/v2\/pages"}],"about":[{"href":"https:\/\/211md.org\/es\/wp-json\/wp\/v2\/types\/page"}],"author":[{"embeddable":true,"href":"https:\/\/211md.org\/es\/wp-json\/wp\/v2\/users\/8"}],"replies":[{"embeddable":true,"href":"https:\/\/211md.org\/es\/wp-json\/wp\/v2\/comments?post=1103"}],"version-history":[{"count":4,"href":"https:\/\/211md.org\/es\/wp-json\/wp\/v2\/pages\/1103\/revisions"}],"predecessor-version":[{"id":34235,"href":"https:\/\/211md.org\/es\/wp-json\/wp\/v2\/pages\/1103\/revisions\/34235"}],"up":[{"embeddable":true,"href":"https:\/\/211md.org\/es\/wp-json\/wp\/v2\/pages\/838"}],"wp:featuredmedia":[{"embeddable":true,"href":"https:\/\/211md.org\/es\/wp-json\/wp\/v2\/media\/2081"}],"wp:attachment":[{"href":"https:\/\/211md.org\/es\/wp-json\/wp\/v2\/media?parent=1103"}],"curies":[{"name":"Gracias","href":"https:\/\/api.w.org\/{rel}","templated":true}]}}