{"id":1104,"date":"2021-04-19T14:40:22","date_gmt":"2021-04-19T14:40:22","guid":{"rendered":"https:\/\/211md.org\/?page_id=1104"},"modified":"2026-01-28T09:04:55","modified_gmt":"2026-01-28T14:04:55","slug":"asistencia-gastos-medicos","status":"publish","type":"page","link":"https:\/\/211md.org\/es\/resources\/health-care\/medical-expense-assistance\/","title":{"rendered":"Obtenga ayuda con las facturas y los gastos m\u00e9dicos"},"content":{"rendered":"<p>\u00bfTiene un gasto m\u00e9dico que no puede pagar? Usted no est\u00e1 solo. Maryland y las organizaciones nacionales pueden ayudarlo a compensar algunos de sus costos m\u00e9dicos, mediar en disputas de facturaci\u00f3n o denegaci\u00f3n de atenci\u00f3n, o proporcionarle equipo m\u00e9dico gratuito.<\/p>\n<h2>Ayuda financiera<\/h2>\n<p>Primero, hable con su proveedor de atenci\u00f3n m\u00e9dica sobre los programas de asistencia financiera. Muchos hospitales tienen programas para pacientes para ayudar a reducir las facturas m\u00e9dicas. Pregunte sobre la pol\u00edtica de asistencia financiera del proveedor para conocer los detalles y los requisitos de elegibilidad para la atenci\u00f3n.<\/p>\n<p>por ejemplo, el <a href=\"https:\/\/www.umms.org\/ummc\/patients-visitors\/for-patients\/financial-assistance\" target=\"_blank\" rel=\"noopener\">Centro m\u00e9dico de la Universidad de Maryland<\/a> puede ayudar a los pacientes a obtener servicios gratuitos o de menor costo si no pueden pagar toda o parte de su atenci\u00f3n hospitalaria.<\/p>\n<p>El hospital analiza su capacidad para pagar la atenci\u00f3n, incluidos los ingresos del hogar y el tama\u00f1o de la familia.<\/p>\n<p>El hospital tambi\u00e9n puede ayudarlo a solicitar cobertura a trav\u00e9s de Medicaid o <a href=\"https:\/\/211md.org\/es\/recursos\/cuidado-de-la-salud\/seguro-de-salud\/\">Conexi\u00f3n de salud de Maryland.<\/a><\/p>\n<p>Adem\u00e1s de las facturas m\u00e9dicas, los medicamentos recetados tambi\u00e9n pueden resultar costosos. Si su m\u00e9dico le receta un medicamento que no puede pagar, existen <a href=\"https:\/\/211md.org\/es\/recursos\/cuidado-de-la-salud\/recetas\/\">programas de medicamentos recetados que pueden ayudar en las farmacias participantes de Maryland<\/a>.<\/p>\n<p>Tambi\u00e9n puede buscar en la base de datos de recursos 211 programas y organizaciones locales que pueden ayudar.<\/p>\n<ul>\n<li><a href=\"https:\/\/search.211md.org\/search?query=Medical%20Bill%20Assistance&amp;query_type=text\" target=\"_blank\" rel=\"noopener\">Asistencia con facturas m\u00e9dicas<\/a><\/li>\n<li><a href=\"https:\/\/search.211md.org\/search?query=LH-5100.6500&amp;query_type=taxonomy&amp;query_label=\" target=\"_blank\" rel=\"noopener\">Asistencia para medicamentos recetados<\/a><\/li>\n<\/ul>\n<figure itemscope itemtype=\"https:\/\/schema.org\/ImageObject\">\n\t\t\t\t<img decoding=\"async\" src=\"https:\/\/211md.org\/wp-content\/uploads\/2021\/05\/Elderly-Couple-Medication.png\" alt=\"Pareja de ancianos preocupados por los papeles de la medicaci\u00f3n\" height=\"348\" width=\"460\" title=\"Medicamento de pareja de ancianos\" onerror=\"this.style.display='none'\" loading=\"lazy\" \/>\n\t<\/figure>\n\t<h3>\u00a0Mediar una disputa m\u00e9dica<\/h3>\n<p>Si no puede resolver la factura m\u00e9dica con su proveedor o tiene otro problema m\u00e9dico, la Unidad de Educaci\u00f3n y Defensa de la Salud (HEAU, por sus siglas en ingl\u00e9s) del Procurador General de Maryland puede mediar en la situaci\u00f3n de forma gratuita. Pueden ayudar con:<\/p>\n<ul>\n<li>disputas de facturaci\u00f3n m\u00e9dica<\/li>\n<li>factura m\u00e9dica sorpresa de un centro de atenci\u00f3n de emergencia fuera de la red o un proveedor en un hospital o centro quir\u00fargico dentro de la red<\/li>\n<li>recibi\u00f3 una factura superior a la estimaci\u00f3n de buena fe<\/li>\n<li>un hospital de Maryland le factur\u00f3 una tarifa de instalaci\u00f3n para pacientes ambulatorios, pero no recibi\u00f3 informaci\u00f3n sobre la tarifa antes de la cita m\u00e9dica<\/li>\n<li>disputas de equipos m\u00e9dicos<\/li>\n<li>incapacidad para obtener registros m\u00e9dicos o copias de ellos<\/li>\n<li>denegaci\u00f3n de cobertura del plan de salud privado para la totalidad o parte de la atenci\u00f3n<\/li>\n<li>navegar por el programa de asistencia financiera de un hospital<\/li>\n<li>negaci\u00f3n de asistencia financiera u opciones de pago razonables de un hospital de Maryland<\/li>\n<li>terminaci\u00f3n del plan de salud privado<\/li>\n<li>se le neg\u00f3 la inscripci\u00f3n en un Plan de Salud Calificado o se le negaron los Cr\u00e9ditos Fiscales Avanzados para las Primas o las Reducciones de Costos Compartidos por parte de Maryland Health Connection<\/li>\n<\/ul>\n<p><a href=\"https:\/\/www.marylandattorneygeneral.gov\/Pages\/CPD\/HEAU\/default.aspx\" target=\"_blank\" rel=\"noopener\">Averig\u00fce si su situaci\u00f3n m\u00e9dica califica para servicios de mediaci\u00f3n gratuitos<\/a>.<\/p>\n<h3>Ayuda econ\u00f3mica para enfermedades cr\u00f3nicas y raras<\/h3>\n<p>Si espera incurrir en gastos m\u00e9dicos continuos debido a una enfermedad cr\u00f3nica o rara, puede solicitar asistencia a trav\u00e9s de su proveedor y tambi\u00e9n comunicarse con organizaciones nacionales sin fines de lucro que puedan ayudarlo.<\/p>\n<p>\u00c9l <a href=\"https:\/\/www.panfoundation.org\/about-pan\/\" target=\"_blank\" rel=\"noopener\">Fundaci\u00f3n PAN<\/a> ayuda a los pacientes con seguro federal y comercial a obtener los medicamentos y la atenci\u00f3n que necesitan para enfermedades raras, cr\u00f3nicas y potencialmente mortales. La organizaci\u00f3n ayuda con los gastos de bolsillo de los medicamentos recetados y tambi\u00e9n con los tratamientos.<\/p>\n<p>Desde 2004, han proporcionado $4 mil millones en asistencia financiera a m\u00e1s de un mill\u00f3n de pacientes con seguro insuficiente.<\/p>\n<p>\u00c9l <a href=\"https:\/\/www.healthwellfoundation.org\/patients\/\" target=\"_blank\" rel=\"noopener\">Fundaci\u00f3n HealthWell<\/a> tambi\u00e9n puede ayudar a las personas elegibles con copagos, primas, deducibles y otros gastos de bolsillo para cirug\u00edas, suplementos y suministros. La organizaci\u00f3n cuenta con una serie de <a href=\"https:\/\/www.healthwellfoundation.org\/disease-funds\/\" target=\"_blank\" rel=\"noopener\">Fondos de Enfermedad<\/a> que apoyan a personas con ciertas enfermedades.<\/p>\n<p><a href=\"https:\/\/www.cancercare.org\/financial_assistance\" target=\"_blank\" rel=\"noopener\">C\u00e1ncer<em>Cuidado<\/em><\/a> tambi\u00e9n brinda asistencia financiera y trabaja con organizaciones en todo el pa\u00eds que pueden ayudar con los costos de la atenci\u00f3n del c\u00e1ncer. <a href=\"https:\/\/www.cancercare.org\/financial\" target=\"_blank\" rel=\"noopener\">programas financieros<\/a> var\u00edan seg\u00fan el tipo de c\u00e1ncer que tenga y seg\u00fan la regi\u00f3n. El <a href=\"https:\/\/www.cancercare.org\/copayfoundation\" target=\"_blank\" rel=\"noopener\">programa de asistencia para copagos<\/a> cubre ciertos diagn\u00f3sticos de c\u00e1ncer.<\/p>\n<p>Tambi\u00e9n puede preguntarle a su proveedor si tiene una pol\u00edtica de asistencia financiera para cubrir los costos de atenci\u00f3n continua.<\/p>\n<h2>Equipo m\u00e9dico gratuito<\/h2>\n<p>Los equipos m\u00e9dicos duraderos pueden resultar costosos si es necesario comprarlos. Cuando s\u00f3lo lo necesitas por un corto tiempo, puede que no valga la pena comprarlo o que no puedas afrontar el coste si tu aseguradora no lo cubre.<\/p>\n<p>Cuando se necesita equipo m\u00e9dico a largo plazo, Medicare, Medicaid, su aseguradora debe ayudar a compensar el costo.<\/p>\n<p>Si ese no es el caso, puede obtener equipos m\u00e9dicos usados y reacondicionados a trav\u00e9s del <a href=\"https:\/\/aging.maryland.gov\/pages\/DME.aspx\" target=\"_blank\" rel=\"noopener\">Programa de reutilizaci\u00f3n de equipos m\u00e9dicos duraderos de Maryland<\/a> (EMD). Est\u00e1 dirigido por el Departamento de Envejecimiento, pero est\u00e1 disponible para todas las personas en Maryland, independientemente de su edad.<\/p>\n<p>El Departamento de Envejecimiento de Maryland analiz\u00f3 c\u00f3mo funciona este programa en <a href=\"https:\/\/211md.org\/es\/episodio-16-md-departamento-de-envejecimiento\/\">Episodio 16 de \u00bfQu\u00e9 es el 211? podcast<\/a>.<\/p>\n<p>La agencia dijo que utiliza terapeutas ocupacionales y f\u00edsicos para hacer coincidir el equipo con un individuo de manera adecuada. Se aseguran de que el tama\u00f1o sea adecuado para un individuo en funci\u00f3n de su necesidad, altura, peso y cualquier otro factor. Eso ayuda a garantizar la seguridad.<\/p>\n<p>Puede solicitar equipos como bastones, muletas, andadores, barandillas, sillas de ducha, sillas de ruedas, elevadores mec\u00e1nicos, scooters el\u00e9ctricos y camas de hospital domiciliario. El inventario var\u00eda, por lo que debe enviar una solicitud.<\/p>\n<p><a href=\"https:\/\/aging.maryland.gov\/pages\/DME.aspx\" target=\"_blank\" rel=\"noopener\">Encuentre ubicaciones de DME de Maryland y formularios de solicitud para el equipo<\/a>.<\/p>\n\t<h3>Armarios de pr\u00e9stamos de Maryland<\/h3>\n<p>Tambi\u00e9n puede obtener equipo m\u00e9dico o tecnolog\u00eda de asistencia temporalmente, a trav\u00e9s de un armario de pr\u00e9stamos comunitarios.<\/p>\n<p>Puede encontrar sillas de ruedas, camas de hospital, sillas de ducha, elevadores de inodoro, barandillas, andadores, muletas, bastones y otros equipos m\u00e9dicos duraderos que pueda necesitar.<\/p>\n<p>Los art\u00edculos var\u00edan, y la mayor\u00eda se proporcionan de forma gratuita o se prestan con un dep\u00f3sito de garant\u00eda reembolsable.<\/p>\n<p>por ejemplo, en\u00a0<a href=\"https:\/\/www.charlescountymd.gov\/services\/aging-and-senior-services\/loan-closet-for-durable-medical-equipment\" target=\"_blank\" rel=\"noopener\">Condado de Charles<\/a>, el armario de pr\u00e9stamo permite que las personas tomen prestado equipo durante 90 d\u00edas. Las extensiones se otorgan caso por caso, seg\u00fan el inventario del armario de pr\u00e9stamos.<\/p>\n<p>En\u00a0<a href=\"https:\/\/www.howardcountymd.gov\/disability-services\" target=\"_blank\" rel=\"noopener\">Condado de Howard<\/a>, el Departamento de Envejecimiento de Maryland est\u00e1 proporcionando camas de hospital y sillas motorizadas a trav\u00e9s del armario de pr\u00e9stamos del condado de Howard. El equipo tambi\u00e9n es accesible para los residentes de otros condados, incluidos Anne Arundel, Baltimore, Carroll, Frederick, Montgomery y el condado de Prince George.<\/p>\n<p>Si no puede recoger el equipo, la entrega gratuita est\u00e1 disponible a trav\u00e9s de\u00a0<a href=\"https:\/\/www.howardcountymd.gov\/News051822d\" target=\"_blank\" rel=\"noopener\">paseo vecino<\/a> en el condado de Howard.<\/p>\n<p>Desde que abri\u00f3 el Armario de Pr\u00e9stamos del Condado de Howard en 2004, ha distribuido m\u00e1s de 35,000 equipos.\u00a0<a href=\"https:\/\/www.howardcountymd.gov\/disability-services\/loan-closet-equipment\" target=\"_blank\" rel=\"noopener\">Vea el equipo m\u00e9dico actual en el armario de pr\u00e9stamos del condado de Howard<\/a>.<\/p>\n<p>Encuentre un proveedor local buscando en la base de datos 211:<\/p>\n<ul>\n<li><a href=\"https:\/\/search.211md.org\/search?query=Medical%20Equipment%20Supplies&amp;query_type=text\" target=\"_blank\" rel=\"noopener\">Equipos\/suministros m\u00e9dicos<\/a><\/li>\n<li><a href=\"https:\/\/search.211md.org\/search?query=Loan%20Closet&amp;query_type=text\" target=\"_blank\" rel=\"noopener\">Armario de pr\u00e9stamos m\u00e9dicos<\/a> (pedir prestado equipo m\u00e9dico)<\/li>\n<\/ul>\n<h3>Donar equipo m\u00e9dico<\/h3>\n<p>Si un miembro de la familia ya no necesita equipo m\u00e9dico duradero, como bast\u00f3n, muletas o andador, puede donarlo para ayudar a otra persona que lo necesite. Haga una donaci\u00f3n a un armario de pr\u00e9stamos comunitarios o al Programa de reutilizaci\u00f3n de equipos m\u00e9dicos duraderos (DME) de Maryland a trav\u00e9s del Departamento de la tercera edad.<\/p>\n<p>Una vez que el Departamento de Envejecimiento recibe una donaci\u00f3n, el equipo se desinfecta, repara y redistribuye.<\/p>\n<figure itemscope itemtype=\"https:\/\/schema.org\/ImageObject\">\n\t\t\t\t<img decoding=\"async\" src=\"https:\/\/211md.org\/wp-content\/uploads\/2022\/09\/howard-county-loan-closet-for-medical-equipment.jpg\" alt=\"armario de pr\u00e9stamos del condado de howard para equipos m\u00e9dicos\" height=\"683\" width=\"1024\" title=\"armario-de-pr\u00e9stamo-del-condado-de-howard-para-equipo-m\u00e9dico\" onerror=\"this.style.display='none'\" loading=\"lazy\" \/>\n\t\t<figcaption>Foto cortes\u00eda: Gobierno del condado de Howard<\/figcaption>\n\t<\/figure>\n<h2>Informaci\u00f3n relacionada<\/h2>\n<p><a href=\"\/es\/recursos\/cuidado-de-la-salud\/seguro-medico-del-estado\/\">Seguro m\u00e9dico del estado<\/a><\/p>\n<p><a href=\"\/es\/recursos\/cuidado-de-la-salud\/eliminacion-de-drogas\/\">Eliminaci\u00f3n de medicamentos recetados de Maryland<\/a><\/p>\n<p><a title=\"Cuidado dental\" href=\"\/es\/recursos\/cuidado-de-la-salud\/cuidado-dental\/\">Cuidado dental<\/a><\/p>\n<p><a title=\"recetas\" href=\"\/es\/recursos\/cuidado-de-la-salud\/recetas\/\">recetas<\/a><\/p>\n<p><a href=\"\/es\/recursos\/cuidado-de-la-salud\/seguro-de-enfermedad\/\">Seguro de enfermedad<\/a><\/p>\n<p><a title=\"Seguro de salud\" href=\"\/es\/recursos\/cuidado-de-la-salud\/seguro-de-salud\/\">Seguro de salud<\/a><\/p>\n<p><a title=\"Asistencia de Gastos M\u00e9dicos\" href=\"\/es\/recursos\/cuidado-de-la-salud\/asistencia-gastos-medicos\/\">Asistencia de Gastos M\u00e9dicos<\/a><\/p>\n\t\t<h4><a href=\"\/es\/recursos\/envejecimiento-discapacidad\/?utm_source=Home&#038;utm_medium=Referral&#038;utm_campaign=211Resources&#038;utm_content=Aging\" target=\"_self\">Envejecimiento y discapacidad<\/a><\/h4><figure itemscope itemtype=\"https:\/\/schema.org\/ImageObject\">\n\t\t\t\t<a href=\"\/es\/recursos\/envejecimiento-discapacidad\/?utm_source=Home&#038;utm_medium=Referral&#038;utm_campaign=211Resources&#038;utm_content=Aging\"  target=\"_self\" itemprop=\"url\">\n\t\t\t\t<img decoding=\"async\" src=\"https:\/\/211md.org\/wp-content\/uploads\/bb-plugin\/cache\/2025_MdInfoNet_Icon-Sets_Aging-disability-square-c466727102cae71e5f27b8539bb51945-.png\" alt=\"\" onerror=\"this.style.display='none'\" loading=\"lazy\" \/>\n\t\t\t\t<\/a>\n\t<\/figure>\n\t\t<h4><a href=\"\/es\/recursos\/ninos-familias\/?utm_source=Home&#038;utm_medium=Referral&#038;utm_campaign=211Resources&#038;utm_content=Children\" target=\"_self\">Ni\u00f1os y familias<\/a><\/h4><figure itemscope itemtype=\"https:\/\/schema.org\/ImageObject\">\n\t\t\t\t<a href=\"\/es\/recursos\/ninos-familias\/?utm_source=Home&#038;utm_medium=Referral&#038;utm_campaign=211Resources&#038;utm_content=Children\"  target=\"_self\" itemprop=\"url\">\n\t\t\t\t<img decoding=\"async\" src=\"https:\/\/211md.org\/wp-content\/uploads\/bb-plugin\/cache\/2025_211_Icon-Sets_Child-care-square-f3b0d4edab3dcc467fadb5f55f4064c6-.png\" alt=\"parent and child icon for child care\" height=\"417\" width=\"417\" title=\"2025_211_Conjuntos de iconos_Cuidado infantil\" onerror=\"this.style.display='none'\" loading=\"lazy\" \/>\n\t\t\t\t<\/a>\n\t<\/figure>\n\t\t<h4><a href=\"\/es\/recursos\/violencia-domestica-familiar\/?utm_source=Home&#038;utm_medium=Referral&#038;utm_campaign=211Resources&#038;utm_content=Domestic\" target=\"_self\">Violencia dom\u00e9stica<\/a><\/h4><figure itemscope itemtype=\"https:\/\/schema.org\/ImageObject\">\n\t\t\t\t<a href=\"\/es\/recursos\/violencia-domestica-familiar\/?utm_source=Home&#038;utm_medium=Referral&#038;utm_campaign=211Resources&#038;utm_content=Domestic\"  target=\"_self\" itemprop=\"url\">\n\t\t\t\t<img decoding=\"async\" src=\"https:\/\/211md.org\/wp-content\/uploads\/bb-plugin\/cache\/2025_211_Icon-Sets_Domestic-Violence-square-7b597694a6f05fe90cdc376aa573bc63-.png\" alt=\"House with a heart in the middle icon\" height=\"417\" width=\"417\" title=\"2025_211_Conjuntos de iconos_Violencia dom\u00e9stica\" onerror=\"this.style.display='none'\" loading=\"lazy\" \/>\n\t\t\t\t<\/a>\n\t<\/figure>\n\t\t<h4><a href=\"\/es\/recursos\/busqueda-de-empleo\/?utm_source=Home&#038;utm_medium=Referral&#038;utm_campaign=211Resources&#038;utm_content=Employment\" target=\"_self\">Empleo<\/a><\/h4><figure itemscope itemtype=\"https:\/\/schema.org\/ImageObject\">\n\t\t\t\t<a href=\"\/es\/recursos\/busqueda-de-empleo\/?utm_source=Home&#038;utm_medium=Referral&#038;utm_campaign=211Resources&#038;utm_content=Employment\"  target=\"_self\" itemprop=\"url\">\n\t\t\t\t<img decoding=\"async\" src=\"https:\/\/211md.org\/wp-content\/uploads\/bb-plugin\/cache\/2025_MdInfoNet_Icon-Sets_Employment-square-44707bd410e4df10a470bf130ebcea86-.png\" alt=\"\" onerror=\"this.style.display='none'\" loading=\"lazy\" \/>\n\t\t\t\t<\/a>\n\t<\/figure>\n\t\t<h4><a href=\"\/es\/recursos\/cuidado-de-la-salud\/?utm_source=Home&#038;utm_medium=Referral&#038;utm_campaign=211Resources&#038;utm_content=Health%20Care\" target=\"_self\">Cuidado de la salud<\/a><\/h4><figure itemscope itemtype=\"https:\/\/schema.org\/ImageObject\">\n\t\t\t\t<a href=\"\/es\/recursos\/cuidado-de-la-salud\/?utm_source=Home&#038;utm_medium=Referral&#038;utm_campaign=211Resources&#038;utm_content=Health%20Care\"  target=\"_self\" itemprop=\"url\">\n\t\t\t\t<img decoding=\"async\" src=\"https:\/\/211md.org\/wp-content\/uploads\/bb-plugin\/cache\/2025_MdInfoNet_Icon-Sets_Health-Care-square-dee98a0060cbe0e7f27eda253fc12679-.png\" alt=\"\" onerror=\"this.style.display='none'\" loading=\"lazy\" \/>\n\t\t\t\t<\/a>\n\t<\/figure>\n\t\t<h4><a href=\"\/es\/recursos\/ninos-familias\/parentesco\/?utm_source=Home&#038;utm_medium=Referral&#038;utm_campaign=211Resources&#038;utm_content=Kinship\" target=\"_self\">Parentesco<\/a><\/h4><figure itemscope itemtype=\"https:\/\/schema.org\/ImageObject\">\n\t\t\t\t<a href=\"\/es\/recursos\/ninos-familias\/parentesco\/?utm_source=Home&#038;utm_medium=Referral&#038;utm_campaign=211Resources&#038;utm_content=Kinship\"  target=\"_self\" itemprop=\"url\">\n\t\t\t\t<img decoding=\"async\" src=\"https:\/\/211md.org\/wp-content\/uploads\/bb-plugin\/cache\/2025_211_Icon-Sets_Kinship-square-45bdf872866f5735f842c32071109267-.png\" alt=\"Icono de parentesco\" height=\"417\" width=\"417\" title=\"2025_211_Conjuntos de iconos_Parentesco\" onerror=\"this.style.display='none'\" loading=\"lazy\" \/>\n\t\t\t\t<\/a>\n\t<\/figure>\n\t\t<h4><a href=\"\/es\/recursos\/servicios-legales\/?utm_source=Home&#038;utm_medium=Referral&#038;utm_campaign=211Resources&#038;utm_content=Legal\" target=\"_self\">Servicios Legales<\/a><\/h4><figure itemscope itemtype=\"https:\/\/schema.org\/ImageObject\">\n\t\t\t\t<a href=\"\/es\/recursos\/servicios-legales\/?utm_source=Home&#038;utm_medium=Referral&#038;utm_campaign=211Resources&#038;utm_content=Legal\"  target=\"_self\" itemprop=\"url\">\n\t\t\t\t<img decoding=\"async\" src=\"https:\/\/211md.org\/wp-content\/uploads\/bb-plugin\/cache\/2025_MdInfoNet_Icon-Sets_Legal-square-18fdf438feb8435588174d9046463257-.png\" alt=\"\" onerror=\"this.style.display='none'\" loading=\"lazy\" \/>\n\t\t\t\t<\/a>\n\t<\/figure>\n\t\t<h4><a href=\"\/es\/recursos\/salud-mental\/?utm_source=Home&#038;utm_medium=Referral&#038;utm_campaign=211Resources&#038;utm_content=Mental\" target=\"_self\">Salud mental<\/a><\/h4><figure itemscope itemtype=\"https:\/\/schema.org\/ImageObject\">\n\t\t\t\t<a href=\"\/es\/recursos\/salud-mental\/?utm_source=Home&#038;utm_medium=Referral&#038;utm_campaign=211Resources&#038;utm_content=Mental\"  target=\"_self\" itemprop=\"url\">\n\t\t\t\t<img decoding=\"async\" src=\"https:\/\/211md.org\/wp-content\/uploads\/bb-plugin\/cache\/2025_MdInfoNet_Icon-Sets_Mental-Health-square-c59b38c4a993a947d4c9280fbe2d2fee-.png\" alt=\"\" onerror=\"this.style.display='none'\" loading=\"lazy\" \/>\n\t\t\t\t<\/a>\n\t<\/figure>\n\t\t<h4><a href=\"\/es\/recursos\/mdreentry\/?utm_source=Home&#038;utm_medium=Referral&#038;utm_campaign=211Resources&#038;utm_content=Reentry\" target=\"_self\">Reentrada<\/a><\/h4><figure itemscope itemtype=\"https:\/\/schema.org\/ImageObject\">\n\t\t\t\t<a href=\"\/es\/recursos\/mdreentry\/?utm_source=Home&#038;utm_medium=Referral&#038;utm_campaign=211Resources&#038;utm_content=Reentry\"  target=\"_self\" itemprop=\"url\">\n\t\t\t\t<img decoding=\"async\" src=\"https:\/\/211md.org\/wp-content\/uploads\/bb-plugin\/cache\/2025_211_Icon-Sets_Reentry-square-8676fea38abd920a832f45642fe31cca-.png\" alt=\"Icono de reentrada\" height=\"417\" width=\"417\" title=\"2025_211_Conjuntos de iconos_Reentrada\" onerror=\"this.style.display='none'\" loading=\"lazy\" \/>\n\t\t\t\t<\/a>\n\t<\/figure>\n\t\t<h4><a href=\"\/es\/recursos\/consumo-de-sustancias\/?utm_source=Home&#038;utm_medium=Referral&#038;utm_campaign=211Resources&#038;utm_content=Substance\" target=\"_self\">Uso de sustancias<\/a><\/h4><figure itemscope itemtype=\"https:\/\/schema.org\/ImageObject\">\n\t\t\t\t<a href=\"\/es\/recursos\/consumo-de-sustancias\/?utm_source=Home&#038;utm_medium=Referral&#038;utm_campaign=211Resources&#038;utm_content=Substance\"  target=\"_self\" itemprop=\"url\">\n\t\t\t\t<img decoding=\"async\" src=\"https:\/\/211md.org\/wp-content\/uploads\/bb-plugin\/cache\/2025_MdInfoNet_Icon-Sets_Substance-Abuse-square-9022fec9d18a64118ad685c101885b55-.png\" alt=\"\" onerror=\"this.style.display='none'\" loading=\"lazy\" \/>\n\t\t\t\t<\/a>\n\t<\/figure>\n\t\t<h4><a href=\"\/es\/recursos\/veteranos\/?utm_source=Home&#038;utm_medium=Referral&#038;utm_campaign=211Resources&#038;utm_content=Veterans\" target=\"_self\">veteranos<\/a><\/h4><figure itemscope itemtype=\"https:\/\/schema.org\/ImageObject\">\n\t\t\t\t<a href=\"\/es\/recursos\/veteranos\/?utm_source=Home&#038;utm_medium=Referral&#038;utm_campaign=211Resources&#038;utm_content=Veterans\"  target=\"_self\" itemprop=\"url\">\n\t\t\t\t<img decoding=\"async\" src=\"https:\/\/211md.org\/wp-content\/uploads\/bb-plugin\/cache\/2025_MdInfoNet_Icon-Sets_Rating-square-6e60d00cce4faa8e0a6d4ad7366aa733-.png\" alt=\"\" onerror=\"this.style.display='none'\" loading=\"lazy\" \/>\n\t\t\t\t<\/a>\n\t<\/figure>\n\t<h2>Encuentra los recursos adecuados<\/h2>\n<p>\u00bfEn qu\u00e9 podemos ayudarte hoy?<\/p>\n\t<meta name=\"algolia-site-verification\"  content=\"577A0FE2E1B79863\" \/>","protected":false},"excerpt":{"rendered":"<p>\u00bfTiene un gasto m\u00e9dico que no puede pagar? Usted no est\u00e1 solo. Maryland y las organizaciones nacionales pueden ayudarlo a compensar algunos de sus costos m\u00e9dicos, mediar en disputas de facturaci\u00f3n o denegaci\u00f3n de atenci\u00f3n, o proporcionarle equipo m\u00e9dico gratuito. Ayuda financiera Primero, hable con su proveedor de atenci\u00f3n m\u00e9dica sobre los programas de asistencia financiera. Muchos hospitales tienen\u2026<\/p>","protected":false},"author":8,"featured_media":2105,"parent":838,"menu_order":0,"comment_status":"closed","ping_status":"closed","template":"","meta":{"footnotes":""},"class_list":["post-1104","page","type-page","status-publish","has-post-thumbnail","hentry"],"_links":{"self":[{"href":"https:\/\/211md.org\/es\/wp-json\/wp\/v2\/pages\/1104","targetHints":{"allow":["GET"]}}],"collection":[{"href":"https:\/\/211md.org\/es\/wp-json\/wp\/v2\/pages"}],"about":[{"href":"https:\/\/211md.org\/es\/wp-json\/wp\/v2\/types\/page"}],"author":[{"embeddable":true,"href":"https:\/\/211md.org\/es\/wp-json\/wp\/v2\/users\/8"}],"replies":[{"embeddable":true,"href":"https:\/\/211md.org\/es\/wp-json\/wp\/v2\/comments?post=1104"}],"version-history":[{"count":4,"href":"https:\/\/211md.org\/es\/wp-json\/wp\/v2\/pages\/1104\/revisions"}],"predecessor-version":[{"id":34219,"href":"https:\/\/211md.org\/es\/wp-json\/wp\/v2\/pages\/1104\/revisions\/34219"}],"up":[{"embeddable":true,"href":"https:\/\/211md.org\/es\/wp-json\/wp\/v2\/pages\/838"}],"wp:featuredmedia":[{"embeddable":true,"href":"https:\/\/211md.org\/es\/wp-json\/wp\/v2\/media\/2105"}],"wp:attachment":[{"href":"https:\/\/211md.org\/es\/wp-json\/wp\/v2\/media?parent=1104"}],"curies":[{"name":"Gracias","href":"https:\/\/api.w.org\/{rel}","templated":true}]}}