{"id":1105,"date":"2021-04-19T14:42:46","date_gmt":"2021-04-19T14:42:46","guid":{"rendered":"https:\/\/211md.org\/?page_id=1105"},"modified":"2025-10-03T22:52:11","modified_gmt":"2025-10-04T02:52:11","slug":"recetas","status":"publish","type":"page","link":"https:\/\/211md.org\/es\/resources\/health-care\/prescriptions\/","title":{"rendered":"recetas"},"content":{"rendered":"<p>Si necesita ayuda para surtir una receta, existen programas estatales de asistencia farmac\u00e9utica para pacientes y grupos locales sin fines de lucro que pueden reducir el costo de los medicamentos. Marque 211 para encontrar el mejor recurso para su situaci\u00f3n.<\/p>\n<p>T\u00fa tambi\u00e9n puedes&nbsp;<a href=\"https:\/\/search.211md.org\/search?query=prescription+medication&amp;query_type=text&amp;query_language=en\" target=\"_blank\" rel=\"noopener\">encontrar programas de asistencia de medicamentos recetados en la base de datos 211<\/a>.<\/p>\n\t<h3><b>Descuentos en medicamentos<\/b><\/h3>\n<p>La tarjeta Maryland Rx es un programa de descuento gratuito que ofrece descuentos en medicamentos en las farmacias participantes.<\/p>\n<p>No hay tarifas de inscripci\u00f3n, requisitos de elegibilidad ni formularios para completar. Imprima, env\u00ede un mensaje de texto o env\u00ede por correo electr\u00f3nico las tarjetas a usted mismo.&nbsp;<a href=\"https:\/\/marylandrxcard.com\/create\" target=\"_blank\" rel=\"noopener\">Obtenga una tarjeta Rx de Maryland<\/a>.<\/p>\n<p>Tambi\u00e9n hay otras tarjetas de ahorro para medicamentos recetados disponibles en todo Maryland. Hable con su m\u00e9dico, farmac\u00e9utico o&nbsp;<a href=\"https:\/\/search.211md.org\/search?query=prescription+medication&amp;query_type=text&amp;query_language=en\" target=\"_blank\" rel=\"noopener\">buscar en la base de datos de 211 Maryland para encontrar otros programas<\/a>.<\/p>\n<p>Si es una persona mayor, el Programa de asistencia para medicamentos recetados para personas mayores (SPDAP) es un subsidio que se ofrece a los residentes de Maryland de ingresos moderados elegibles para Medicare e inscritos en un plan de medicamentos recetados.&nbsp;<a href=\"http:\/\/marylandspdap.com\/\" target=\"_blank\" rel=\"noopener\">Aprende m\u00e1s<\/a>&nbsp;sobre las pautas de calificaci\u00f3n para este programa.<\/p>\n\t\t\t\t<img loading=\"lazy\" decoding=\"async\" src=\"https:\/\/211md.org\/wp-content\/uploads\/2021\/05\/Pharmacist.png\" alt=\"Farmac\u00e9utico con medicamentos y un tel\u00e9fono\" itemprop=\"image\" height=\"348\" width=\"460\" title=\"Farmac\u00e9utico\" onerror=\"this.style.display='none'\">\n\t<h3><b>Encuentre programas de asistencia al paciente&nbsp;<\/b><\/h3>\n<p>Para encontrar otros programas de asistencia p\u00fablicos y privados, busque en el&nbsp;<a href=\"https:\/\/medicineassistancetool.org\/\" target=\"_blank\" rel=\"noopener\">Herramienta de asistencia de medicamentos<\/a>&nbsp;(ESTERA). La herramienta conecta a los pacientes con recursos y programas de costos compartidos que pueden reducir los costos de desembolso, incluso si tiene seguro.<\/p>\n<p>Muchas compa\u00f1\u00edas farmac\u00e9uticas ofrecen medicamentos gratuitos o de bajo costo a personas sin seguro que no pueden pagarlos. Deber\u00e1 comunicarse con cada Programa de Asistencia al Paciente para conocer las pautas de calificaci\u00f3n.<\/p>\n<p>&nbsp;<\/p>\n<h3><b>Ayuda financiera para recetas<\/b><\/h3>\n<p>Las iglesias locales y los grupos sin fines de lucro tambi\u00e9n pueden brindar asistencia financiera para compensar los costos de los medicamentos. Marque 211 para encontrar un programa local o <a href=\"https:\/\/search.211md.org\/search?query=Financial%20Assistance%20Health%20Conditions&amp;query_type=text&amp;query_language=en\" target=\"_blank\" rel=\"noopener\">buscar en la base de datos.<\/a><\/p>\n<h2>Informaci\u00f3n relacionada<\/h2>\n<p><a href=\"\/es\/recursos\/cuidado-de-la-salud\/seguro-medico-del-estado\/\">Seguro m\u00e9dico del estado<\/a><\/p>\n<p><a href=\"\/es\/recursos\/cuidado-de-la-salud\/eliminacion-de-drogas\/\">Eliminaci\u00f3n de medicamentos recetados de Maryland<\/a><\/p>\n<p><a title=\"Cuidado dental\" href=\"\/es\/recursos\/cuidado-de-la-salud\/cuidado-dental\/\">Cuidado dental<\/a><\/p>\n<p><a title=\"recetas\" href=\"\/es\/recursos\/cuidado-de-la-salud\/recetas\/\">recetas<\/a><\/p>\n<p><a href=\"\/es\/recursos\/cuidado-de-la-salud\/seguro-de-enfermedad\/\">Seguro de enfermedad<\/a><\/p>\n<p><a title=\"Seguro de salud\" href=\"\/es\/recursos\/cuidado-de-la-salud\/seguro-de-salud\/\">Seguro de salud<\/a><\/p>\n<p><a title=\"Asistencia de Gastos M\u00e9dicos\" href=\"\/es\/recursos\/cuidado-de-la-salud\/asistencia-gastos-medicos\/\">Asistencia de Gastos M\u00e9dicos<\/a><\/p>\n<h2>\n\t\tBuscar recursos\n\t<\/h2>\n\t\t\t\t<a href=\"\/es\/recursos\/envejecimiento-discapacidad\/\" target=\"_self\" itemprop=\"url\" rel=\"noopener\">\n\t\t\t\t<img loading=\"lazy\" decoding=\"async\" src=\"https:\/\/211md.org\/wp-content\/uploads\/bb-plugin\/cache\/Mask-Group-41@2x-circle-73eaadba4cad8269faa4720e25cf1c85-.png\" alt=\"Los pies de una mujer mayor y una mujer m\u00e1s joven caminando juntas\" itemprop=\"image\" height=\"500\" width=\"500\" title=\"Servicios para discapacitados\" onerror=\"this.style.display='none'\">\n\t\t\t\t<\/a>\n\t\t<h3><a href=\"\/es\/recursos\/envejecimiento-discapacidad\/\" target=\"_self\" rel=\"noopener\">Envejecimiento y discapacidad<\/a><\/h3>\t\t\n\t\t\t\t<a href=\"\/es\/recursos\/ninos-familias\/\" target=\"_self\" itemprop=\"url\" rel=\"noopener\">\n\t\t\t\t<img loading=\"lazy\" decoding=\"async\" src=\"https:\/\/211md.org\/wp-content\/uploads\/bb-plugin\/cache\/Mask-Group-38@2x-circle-ac40d46265fbec62083cd27f6dcf23b0-.png\" alt=\"Un ni\u00f1o y una ni\u00f1a sonriendo y mirando a la c\u00e1mara.\" itemprop=\"image\" height=\"500\" width=\"500\" title=\"M\u00e1scara Grupo 38@2x\" onerror=\"this.style.display='none'\">\n\t\t\t\t<\/a>\n\t\t<h3><a href=\"\/es\/recursos\/ninos-familias\/\" target=\"_self\" rel=\"noopener\">Ni\u00f1os y Familias<\/a><\/h3>\t\t\n\t\t\t\t<a href=\"\/es\/recursos\/centro-de-recursos-covid-19\/\" target=\"_self\" itemprop=\"url\" rel=\"noopener\">\n\t\t\t\t<img loading=\"lazy\" decoding=\"async\" src=\"https:\/\/211md.org\/wp-content\/uploads\/bb-plugin\/cache\/Mask-Group-35-circle-1d65595bca7a4e0f07d3d14ca4f42835-.png\" alt=\"Un golpe de codo de hombre y mujer\" itemprop=\"image\" height=\"500\" width=\"500\" title=\"M\u00e1scara Grupo 35\" onerror=\"this.style.display='none'\">\n\t\t\t\t<\/a>\n\t\t<h3><a href=\"\/es\/recursos\/centro-de-recursos-covid-19\/\" target=\"_self\" rel=\"noopener\">Recursos COVID-19<\/a><\/h3>\t\t\n\t\t\t\t<a href=\"\/es\/recursos\/violencia-domestica-familiar\/\" target=\"_self\" itemprop=\"url\" rel=\"noopener\">\n\t\t\t\t<img loading=\"lazy\" decoding=\"async\" src=\"https:\/\/211md.org\/wp-content\/uploads\/bb-plugin\/cache\/Mask-Group-39@2x-circle-b2589197a13c791d910f46dd10b27a87-.png\" alt=\"Dos pares de manos abraz\u00e1ndose\" itemprop=\"image\" height=\"500\" width=\"500\" title=\"M\u00e1scara Grupo 39@2x\" onerror=\"this.style.display='none'\">\n\t\t\t\t<\/a>\n\t\t<h3><a href=\"\/es\/recursos\/violencia-domestica-familiar\/\" target=\"_self\" rel=\"noopener\">Violencia Dom\u00e9stica\/ Familiar<\/a><\/h3>\t\t\n\t\t\t\t<a href=\"\/es\/recursos\/busqueda-de-empleo\/\" target=\"_self\" itemprop=\"url\" rel=\"noopener\">\n\t\t\t\t<img loading=\"lazy\" decoding=\"async\" src=\"https:\/\/211md.org\/wp-content\/uploads\/bb-plugin\/cache\/Employment-circle-bf72562329e950df948954f5d3f44b2e-.png\" alt=\"un mec\u00e1nico de autom\u00f3viles\" itemprop=\"image\" height=\"500\" width=\"500\" title=\"Empleo\" onerror=\"this.style.display='none'\">\n\t\t\t\t<\/a>\n\t\t<h3><a href=\"\/es\/recursos\/busqueda-de-empleo\/\" target=\"_self\" rel=\"noopener\">Empleo<\/a><\/h3>\t\t\n\t\t\t\t<a href=\"\/es\/recursos\/cuidado-de-la-salud\/\" target=\"_self\" itemprop=\"url\" rel=\"noopener\">\n\t\t\t\t<img loading=\"lazy\" decoding=\"async\" src=\"https:\/\/211md.org\/wp-content\/uploads\/bb-plugin\/cache\/Mask-Group-35@2x-circle-94be10c13e4adae1683b4589dc2f5b2f-.png\" alt=\"doctor, el mirar, ni\u00f1os, pierna\" itemprop=\"image\" height=\"500\" width=\"500\" title=\"M\u00e1scara Grupo 35@2x\" onerror=\"this.style.display='none'\">\n\t\t\t\t<\/a>\n\t\t<h3><a href=\"\/es\/recursos\/cuidado-de-la-salud\/\" target=\"_self\" rel=\"noopener\">Cuidado de la salud<\/a><\/h3>\t\t\n\t\t\t\t<a href=\"\/es\/recursos\/alimento\/\" target=\"_self\" itemprop=\"url\" rel=\"noopener\">\n\t\t\t\t<img loading=\"lazy\" decoding=\"async\" src=\"https:\/\/211md.org\/wp-content\/uploads\/bb-plugin\/cache\/Mask-Group-32@2x-circle-1c6d647dcaf998fa079d26735cedc92b-.png\" alt=\"Vegetales frescos\" itemprop=\"image\" height=\"500\" width=\"500\" title=\"M\u00e1scara Grupo 32@2x\" onerror=\"this.style.display='none'\">\n\t\t\t\t<\/a>\n\t\t<h3><a href=\"\/es\/recursos\/alimento\/\" target=\"_self\" rel=\"noopener\">Alimento<\/a><\/h3>\t\t\n\t\t\t\t<a href=\"\/es\/recursos\/vivienda-refugio\/\" target=\"_self\" itemprop=\"url\" rel=\"noopener\">\n\t\t\t\t<img loading=\"lazy\" decoding=\"async\" src=\"https:\/\/211md.org\/wp-content\/uploads\/bb-plugin\/cache\/Mask-Group-34@2x-circle-b99c55fc16ef21f35e2f2a1f7cc37b9a-.png\" alt=\"Balc\u00f3n del complejo de apartamentos\" itemprop=\"image\" height=\"500\" width=\"500\" title=\"Complejo de apartamentos\" onerror=\"this.style.display='none'\">\n\t\t\t\t<\/a>\n\t\t<h3><a href=\"\/es\/recursos\/vivienda-refugio\/\" target=\"_self\" rel=\"noopener\">Vivienda y refugio<\/a><\/h3>\t\t\n\t\t\t\t<a href=\"\/es\/nuevo-en-los-estados-unidos-y-maryland\/\" target=\"_self\" itemprop=\"url\" rel=\"noopener\">\n\t\t\t\t<img loading=\"lazy\" decoding=\"async\" src=\"https:\/\/211md.org\/wp-content\/uploads\/bb-plugin\/cache\/American-flag-circle-0016cc327e27ef7aeb080f1da6c6e98b-.jpg\" alt=\"bandera estadounidense\" itemprop=\"image\" height=\"364\" width=\"1366\" title=\"Bandera estadounidense\" onerror=\"this.style.display='none'\">\n\t\t\t\t<\/a>\n\t\t<h3><a href=\"\/es\/nuevo-en-los-estados-unidos-y-maryland\/\" target=\"_self\" rel=\"noopener\">Inmigraci\u00f3n<\/a><\/h3>\t\t\n\t\t\t\t<a href=\"\/es\/recursos\/servicios-legales\/\" target=\"_self\" itemprop=\"url\" rel=\"noopener\">\n\t\t\t\t<img loading=\"lazy\" decoding=\"async\" src=\"https:\/\/211md.org\/wp-content\/uploads\/bb-plugin\/cache\/Housing-Legal-circle-9a8f3c1c72c54b6e1ce612d2993c1ad4-.png\" alt=\"Martillo legal con un modelo de pl\u00e1stico de una casa al lado\" itemprop=\"image\" height=\"348\" width=\"460\" title=\"vivienda legal\" onerror=\"this.style.display='none'\">\n\t\t\t\t<\/a>\n\t\t<h3><a href=\"\/es\/recursos\/servicios-legales\/\" target=\"_self\" rel=\"noopener\">Servicios Legales<\/a><\/h3>\t\t\n\t\t\t\t<a href=\"\/es\/recursos\/salud-mental\/\" target=\"_self\" itemprop=\"url\" rel=\"noopener\">\n\t\t\t\t<img loading=\"lazy\" decoding=\"async\" src=\"https:\/\/211md.org\/wp-content\/uploads\/bb-plugin\/cache\/Mask-Group-40@2x-circle-7bd9426367852fb3d841bc4bdc57a550-.png\" alt=\"Los perfiles de un hombre y una mujer\" itemprop=\"image\" height=\"500\" width=\"500\" title=\"M\u00e1scara Grupo 40@2x\" onerror=\"this.style.display='none'\">\n\t\t\t\t<\/a>\n\t\t<h3><a href=\"\/es\/recursos\/salud-mental\/\" target=\"_self\" rel=\"noopener\">Salud mental<\/a><\/h3>\t\t\n\t\t\t\t<a href=\"\/es\/para-el-odio\/\" target=\"_self\" itemprop=\"url\" rel=\"noopener\">\n\t\t\t\t<img loading=\"lazy\" decoding=\"async\" src=\"https:\/\/211md.org\/wp-content\/uploads\/bb-plugin\/cache\/Background-section-MDStophate-circle-08e2bae1cf9f2ad6cc83e01e23da8cb9-.jpg\" alt=\"Fondo-secci\u00f3n-MDStophate\" itemprop=\"image\" height=\"768\" width=\"1366\" title=\"Fondo-secci\u00f3n-MDStophate\" onerror=\"this.style.display='none'\">\n\t\t\t\t<\/a>\n\t\t<h3><a href=\"\/es\/para-el-odio\/\" target=\"_self\" rel=\"noopener\">Los cr\u00edmenes y incidentes de odio<\/a><\/h3>\t\t\n\t\t\t\t<a href=\"\/es\/recursos\/consumo-de-sustancias\/\" target=\"_self\" itemprop=\"url\" rel=\"noopener\">\n\t\t\t\t<img loading=\"lazy\" decoding=\"async\" src=\"https:\/\/211md.org\/wp-content\/uploads\/bb-plugin\/cache\/Substance-Use-circle-ad2d564932dc31267e0c32a6fb2d915c-.png\" alt=\"Pastillas para romper a mano\" itemprop=\"image\" height=\"500\" width=\"500\" title=\"Uso de sustancias\" onerror=\"this.style.display='none'\">\n\t\t\t\t<\/a>\n\t\t<h3><a href=\"\/es\/recursos\/consumo-de-sustancias\/\" target=\"_self\" rel=\"noopener\">Uso de sustancias<\/a><\/h3>\t\t\n\t\t\t\t<a href=\"\/es\/recursos\/servicios-de-impuestos\/\" target=\"_self\" itemprop=\"url\" rel=\"noopener\">\n\t\t\t\t<img loading=\"lazy\" decoding=\"async\" src=\"https:\/\/211md.org\/wp-content\/uploads\/bb-plugin\/cache\/Mask-Group-34-circle-166a606e37e61188c9a17d5e634cda3c-.png\" alt=\"Persona que llena el papeleo del impuesto sobre la renta\" itemprop=\"image\" height=\"500\" width=\"500\" title=\"M\u00e1scara Grupo 34\" onerror=\"this.style.display='none'\">\n\t\t\t\t<\/a>\n\t\t<h3><a href=\"\/es\/recursos\/servicios-de-impuestos\/\" target=\"_self\" rel=\"noopener\">Servicios de Impuestos<\/a><\/h3>\t\t\n\t\t\t\t<a href=\"\/es\/recursos\/asistencia-de-servicios-publicos\/\" target=\"_self\" itemprop=\"url\" rel=\"noopener\">\n\t\t\t\t<img loading=\"lazy\" decoding=\"async\" src=\"https:\/\/211md.org\/wp-content\/uploads\/bb-plugin\/cache\/Mask-Group-37@2x-circle-9661a11b9c4082079c9a1f06bc539567-.png\" alt=\"Una bombilla encendida\" itemprop=\"image\" height=\"500\" width=\"500\" title=\"M\u00e1scara Grupo 37@2x\" onerror=\"this.style.display='none'\">\n\t\t\t\t<\/a>\n\t\t<h3><a href=\"\/es\/recursos\/asistencia-de-servicios-publicos\/\" target=\"_self\" rel=\"noopener\">Asistencia de servicios p\u00fablicos<\/a><\/h3>\t\t\n\t\t\t\t<a href=\"\/es\/recursos\/veteranos\/\" target=\"_self\" itemprop=\"url\" rel=\"noopener\">\n\t\t\t\t<img loading=\"lazy\" decoding=\"async\" src=\"https:\/\/211md.org\/wp-content\/uploads\/bb-plugin\/cache\/Veterans-circle-b5b2b017288a5af0f61a41d0f31d0f82-.png\" alt=\"Un soldado estrechando la mano de alguien y sonriendo.\" itemprop=\"image\" height=\"500\" width=\"500\" title=\"veteranos\" onerror=\"this.style.display='none'\">\n\t\t\t\t<\/a>\n\t\t<h3><a href=\"\/es\/recursos\/veteranos\/\" target=\"_self\" rel=\"noopener\">veteranos<\/a><\/h3>","protected":false},"excerpt":{"rendered":"<p>Si necesita ayuda para surtir una receta, existen programas estatales de asistencia farmac\u00e9utica para pacientes y grupos locales sin fines de lucro que pueden reducir el costo de los medicamentos. Marque 211 para encontrar el mejor recurso para su situaci\u00f3n. Tambi\u00e9n puede encontrar programas de asistencia de medicamentos recetados en la base de datos 211. Descuentos en medicamentos La tarjeta Maryland Rx es una tarjeta gratuita...<\/p>","protected":false},"author":8,"featured_media":1119,"parent":838,"menu_order":0,"comment_status":"closed","ping_status":"closed","template":"","meta":{"footnotes":""},"class_list":["post-1105","page","type-page","status-publish","has-post-thumbnail","hentry"],"_links":{"self":[{"href":"https:\/\/211md.org\/es\/wp-json\/wp\/v2\/pages\/1105","targetHints":{"allow":["GET"]}}],"collection":[{"href":"https:\/\/211md.org\/es\/wp-json\/wp\/v2\/pages"}],"about":[{"href":"https:\/\/211md.org\/es\/wp-json\/wp\/v2\/types\/page"}],"author":[{"embeddable":true,"href":"https:\/\/211md.org\/es\/wp-json\/wp\/v2\/users\/8"}],"replies":[{"embeddable":true,"href":"https:\/\/211md.org\/es\/wp-json\/wp\/v2\/comments?post=1105"}],"version-history":[{"count":1,"href":"https:\/\/211md.org\/es\/wp-json\/wp\/v2\/pages\/1105\/revisions"}],"predecessor-version":[{"id":33910,"href":"https:\/\/211md.org\/es\/wp-json\/wp\/v2\/pages\/1105\/revisions\/33910"}],"up":[{"embeddable":true,"href":"https:\/\/211md.org\/es\/wp-json\/wp\/v2\/pages\/838"}],"wp:featuredmedia":[{"embeddable":true,"href":"https:\/\/211md.org\/es\/wp-json\/wp\/v2\/media\/1119"}],"wp:attachment":[{"href":"https:\/\/211md.org\/es\/wp-json\/wp\/v2\/media?parent=1105"}],"curies":[{"name":"Gracias","href":"https:\/\/api.w.org\/{rel}","templated":true}]}}