{"id":1107,"date":"2021-04-19T14:48:32","date_gmt":"2021-04-19T14:48:32","guid":{"rendered":"https:\/\/211md.org\/?page_id=1107"},"modified":"2026-04-04T09:56:33","modified_gmt":"2026-04-04T13:56:33","slug":"seguro-de-salud","status":"publish","type":"page","link":"https:\/\/211md.org\/es\/resources\/health-care\/health-insurance\/","title":{"rendered":"Opciones de seguro m\u00e9dico de Maryland"},"content":{"rendered":"<figure data-animation-delay=\"0\" data-animation-duration=\"1\" itemscope itemtype=\"https:\/\/schema.org\/ImageObject\">\n\t\t\t\t<img decoding=\"async\" src=\"https:\/\/stg-maryland211-staging.kinsta.cloud\/wp-content\/uploads\/2025\/08\/5-1-scaled.png\" alt=\"5\" height=\"692\" width=\"2560\" title=\"5\" onerror=\"this.style.display='none'\" loading=\"lazy\" \/>\n\t<\/figure>\n\t\t<p>Are you uninsured? There are a number of circumstances that may qualify you for free health insurance or a low-cost plan.<\/p>\n<p>Learn about Medicaid, private health insurance (discounts available), Medicare, and dental insurance.<\/p>\n<p>211 can answer health insurance questions. Dial 211 or search the database for local health insurance resources, such as a navigator who can provide free guidance for your situation.<\/p>\n<p>&nbsp;<\/p>\n\t\t\t<a href=\"https:\/\/search.211md.org\/search?query=health%20insurance&#038;query_label=health%20insurance&#038;query_type=text\"  target=\"_blank\" rel=\"noopener\">\n\t\t\t\t\t\tBuscar recursos\n\t\t\t\t\t<\/a>\n<figure data-animation-delay=\"0\" data-animation-duration=\"1\" itemscope itemtype=\"https:\/\/schema.org\/ImageObject\">\n\t\t\t\t<img decoding=\"async\" src=\"https:\/\/211md.org\/wp-content\/plugins\/bb-plugin\/img\/pixel.png\" alt=\"\" onerror=\"this.style.display='none'\" loading=\"lazy\" \/>\n\t<\/figure>\n<figure data-animation-delay=\"0\" data-animation-duration=\"1.3\" itemscope itemtype=\"https:\/\/schema.org\/ImageObject\">\n\t\t\t\t<img decoding=\"async\" src=\"https:\/\/stg-maryland211-staging.kinsta.cloud\/wp-content\/uploads\/2025\/08\/16.png\" alt=\"16\" height=\"1000\" width=\"1000\" title=\"16\" onerror=\"this.style.display='none'\" loading=\"lazy\" \/>\n\t<\/figure>\n<figure itemscope itemtype=\"https:\/\/schema.org\/ImageObject\">\n\t\t\t\t<img decoding=\"async\" src=\"http:\/\/211md.org\/wp-content\/uploads\/2026\/04\/girl-in-wheelchair-visiting-doctor.jpg\" alt=\"girl in wheelchair high fiving doctor\" title=\"girl in wheelchair visiting doctor\" onerror=\"this.style.display='none'\" loading=\"lazy\" \/>\n\t<\/figure>\n\t\t<h2>Maryland Medicaid<\/h2>\n\t\t<p>Low-income families, children, pregnant women, and aged, blind, or disabled adults may qualify for Medicaid. Income qualifications change every year.<\/p>\n<p>Children up to age 19 may qualify for additional benefits from the\u00a0<a href=\"https:\/\/211md.org\/es\/recursos\/cuidado-de-la-salud\/seguro-de-enfermedad\/\" target=\"_blank\" rel=\"noopener\">Programa de salud infantil de Maryland<\/a>.<\/p>\n<p>Individuals who receive other types of public assistance are automatically offered Medicaid. These include:<\/p>\n<ul>\n<li>Supplemental Security Income<\/li>\n<li>Asistencia Temporal en Efectivo<\/li>\n<li>Foster Care<\/li>\n<\/ul>\n<p>If you are not a U.S. citizen, Medicaid may be available during pregnancy and for four months after birth. It may also be available if you meet\u00a0<a href=\"https:\/\/211md.org\/es\/recursos\/cuidado-de-la-salud\/seguro-de-enfermedad\/#immigrant\" target=\"_blank\" rel=\"noopener\">other requirements<\/a>, like the 5-year rule.<\/p>\n<p>Puede tener un seguro de salud privado y ser elegible para Medicaid.<\/p>\n\t\t\t<a href=\"http:\/\/marylandhealthconnection.gov\/\" target=\"_blank\" rel=\"noopener nofollow\">\n\t\t\t\t\t\t\tApply for Medicaid\n\t\t\t<\/a>\n\t\t<h3>Managed Care Organizations (MCO)<\/h3>\n\t\t<p>Most individuals enrolled in Medicaid receive care through a Managed Care Organization (MCO).<\/p>\n<p>La MCO cubre gastos de salud como:<\/p>\n<ul>\n<li>visitas al m\u00e9dico<\/li>\n<li>atenci\u00f3n del embarazo<\/li>\n<li>medicamentos recetados<\/li>\n<li>servicios hospitalarios y de urgencias<\/li>\n<\/ul>\n\t\t\t<a href=\"https:\/\/211md.org\/es\/recursos\/cuidado-de-la-salud\/seguro-de-enfermedad\/\" target=\"_blank\" rel=\"noopener nofollow\">\n\t\t\t\t\t\t\tRead 211&#8217;s guide to medicaid\n\t\t\t\t\t<\/a>\n\t\t<h2>Private Health Insurance<\/h2>\n\t\t<p>If you don&#8217;t qualify for Medicaid or children&#8217;s health insurance, individuals and families can apply for private health insurance. Financial help may be available.<\/p>\n<p>While many states use the federal marketplace, Maryland has its own one-stop insurance marketplace, Maryland Health Connection, that handles private insurance, Medicaid, and the Maryland Children&#8217;s Health Program enrollments.<\/p>\n<h3>What do they cover?<\/h3>\n<p>These plans cover preventive care and other essential health care, such as:<\/p>\n<ul>\n<li>Doctor visits<\/li>\n<li>Emergency care<\/li>\n<li>Hospitalizaciones<\/li>\n<li>Lab tests<\/li>\n<li>Maternity and newborn care<\/li>\n<li>Mental and behavioral health care<\/li>\n<li>Atenci\u00f3n pedi\u00e1trica<\/li>\n<li>recetas<\/li>\n<li>Preventive and wellness management<\/li>\n<li>Rehabilitation<\/li>\n<li>Substance use disorder treatment<\/li>\n<\/ul>\n<p>The private plans may have a deductible, coinsurance, and copayment.<\/p>\n\t\t\t<a href=\"https:\/\/www.marylandhealthconnection.gov\/health-coverage\/choose-a-plan\/\" target=\"_blank\" rel=\"noopener nofollow\">\n\t\t\t\t\t\t\tLearn how the plans work\n\t\t\t<\/a>\n\t\t<h3>Do I qualify for financial help for a private plan?<\/h3>\n\t\t<p>While financial help is available, the discount may be less than years past. The federal savings program is no longer in place for the Maryland marketplace insurance. Instead, Maryland is providing financial help through Maryland Premium Assistance.<\/p>\n<p>You will no longer be eligible for financial help if your income is below 100% of the federal poverty level and you are not eligible for Medicaid due to your immigration status.<\/p>\n<p>In those situations, the plans are still available, but at full cost.<\/p>\n<p>You can get an\u00a0estimate for how much these plans may cost.<\/p>\n\t\t\t<a href=\"https:\/\/app.marylandhealthconnection.gov\/hixui\/public\/home.html#\/getEstimate?lang=en_US&#038;firstTime=1\" target=\"_blank\" rel=\"noopener nofollow\">\n\t\t\t\t\t\t\tGet a cost estimate\n\t\t\t<\/a>\n\t\t<h2>How do I get help with Insurance enrollment?<\/h2>\n\t\t<p>If you have questions about Medicare or private insurance enrollment, free help is available in counties throughout Maryland. Navigators can answer questions in-person. They&#8217;ll help you find the most savings and apply for insurance.<\/p>\n<p>You can also talk to an insurance broker if you are purchasing a private policy.<\/p>\n\t\t\t<a href=\"https:\/\/www.marylandhealthconnection.gov\/find-help\/\" target=\"_blank\" rel=\"noopener\">\n\t\t\t\t\t\t\tEncontrar ayuda\n\t\t\t<\/a>\n\t\t<h3>How do I apply?<\/h3>\n\t\t<p>You can find a plan through Maryland Health Connection. Make sure you understand the costs and the coverage. Check to make sure your doctors are included in the plan you choose.<\/p>\n<p>And if you need help, use the free counseling support.<\/p>\n\t\t\t<a href=\"http:\/\/marylandhealthconnection.gov\" target=\"_blank\" rel=\"noopener nofollow\">\n\t\t\t\t\t\t\tAplicar\n\t\t\t<\/a>\n<figure itemscope itemtype=\"https:\/\/schema.org\/ImageObject\">\n\t\t\t\t<img decoding=\"async\" src=\"http:\/\/211md.org\/wp-content\/uploads\/2026\/04\/two-women-sitting-at-a-computer-looking-at-options.jpg\" alt=\"counselor helping someone choose a plan\" title=\"two women sitting at a computer looking at options\" onerror=\"this.style.display='none'\" loading=\"lazy\" \/>\n\t<\/figure>\n<figure itemscope itemtype=\"https:\/\/schema.org\/ImageObject\">\n\t\t\t\t<img decoding=\"async\" src=\"http:\/\/211md.org\/wp-content\/uploads\/2026\/04\/front-desk-at-medical-office-with-patient-paying-with-insurance.jpg\" alt=\"patient paying for health care\" title=\"front desk at medical office with patient paying with insurance\" onerror=\"this.style.display='none'\" loading=\"lazy\" \/>\n\t<\/figure>\n\t<h2>Applying for Health Insurance and Medicaid<\/h2>\n<p>Whether you apply for Medicaid or a private health insurance plan in Maryland, all applications go through Maryland Health Connection. It&#8217;s a one-stop shop.<\/p>\n\t\t<h3>Open Enrollment<\/h3>\n\t\t<p>Uninsured Marylanders can apply for coverage during open enrollment, which starts in November. Coverage starts on January 1 of the following year.<\/p>\n<p>A veces hay\u00a0<a href=\"https:\/\/www.marylandhealthconnection.gov\/how-to-enroll\/special-enrollment\/\" target=\"_blank\" rel=\"noopener\">per\u00edodos especiales de inscripci\u00f3n<\/a> that allow you to apply for coverage at any time of year. In addition, you can enroll during a qualifying life event.<\/p>\n<p>Special enrollment periods include:<\/p>\n<ul>\n<li>Dejar de ser elegible para Medicaid o MCHP<\/li>\n<li>Casarse o divorciarse<\/li>\n<li>Tener un hijo, adoptar un hijo o colocar a un hijo en adopci\u00f3n o en cuidado de crianza<\/li>\n<li>Mudanza a Maryland y algunas mudanzas dentro del estado<\/li>\n<li>Finaliza el per\u00edodo de cobertura COBRA<\/li>\n<li>Cambio de ciudadan\u00eda o estatus migratorio<\/li>\n<li>Encarcelamiento o liberaci\u00f3n<\/li>\n<li>Cambio de estatus como indio americano\/nativo de Alaska<\/li>\n<li>Quedar embarazada (Nota: tiene 90 d\u00edas para inscribirse desde el momento en que se confirma el embarazo).<\/li>\n<li>Ganar o perder un dependiente<\/li>\n<li>Certain losses of other health coverage, like insurance through your job<\/li>\n<li>Enrolled in your parents&#8217; plan, and you turn 26 years old<\/li>\n<\/ul>\n\t\t\t<a href=\"https:\/\/www.marylandhealthconnection.gov\/\" target=\"_blank\" rel=\"noopener\">\n\t\t\t\t\t\tAplicar\n\t\t\t\t\t<\/a>\n\t<h3>COBRA<\/h3>\n<p>If you left a job and had medical coverage through your employer, you may be able to temporarily keep your coverage after leaving your job.<\/p>\n<p>La Ley de Reconciliaci\u00f3n Presupuestaria \u00d3mnibus Consolidada (COBRA) brinda cobertura por un per\u00edodo limitado si presenta la solicitud dentro de los 60 d\u00edas de su \u00faltimo d\u00eda de trabajo. Sin embargo, las tarifas pueden aumentar con respecto a lo que pag\u00f3 mientras estaba empleado.<\/p>\n\t\t<h2>Beneficios de Medicare<\/h2>\n<p>If you are 65 years old or older, have a certain disability and are under age 65, or have End-Stage Renal Disease (ESRD), you may be eligible for Medicare.<\/p>\n<p>La inscripci\u00f3n abierta ocurre en d\u00edas espec\u00edficos en el oto\u00f1o de cada a\u00f1o.<\/p>\n<p>Durante la inscripci\u00f3n abierta de Medicare, tiene la oportunidad de revisar su plan, comprar una nueva cobertura y asegurarse de que sus beneficios sean los mejores para el pr\u00f3ximo a\u00f1o.<\/p>\n<p>Learn more about\u00a0Medicare options and costs.<\/p>\n\t\t\t<a href=\"https:\/\/www.medicare.gov\/\" target=\"_blank\" rel=\"noopener\">\n\t\t\t\t\t\tMedicare Options\n\t\t\t\t\t<\/a>\n\t\t<h3>SHIP Can Help You Find the best plan<\/h3>\n<p>If you need help finding the best program for your needs, contact a State Health Insurance Assistance Program (SHIP) counselor.<\/p>\n<p>They can help you understand costs and coverage, compare options, enroll or change plans, and correct billing issues.<\/p>\n<p>Hay consejeros capacitados y voluntarios disponibles para brindar asistencia gratuita en los condados de Maryland y la ciudad de Baltimore.<\/p>\n\t\t\t<a href=\"https:\/\/aging.maryland.gov\/Pages\/state-health-insurance-program.aspx?fbclid=IwAR1Haustinh1z0yqeLGZi8DOuylIjQRGebVGnXwBiICmVlgOYkCbq92SYtY\" target=\"_blank\" rel=\"noopener\">\n\t\t\t\t\t\tFind a SHIP Counselor\n\t\t\t\t\t<\/a>\n\t\t<figure itemscope itemtype=\"https:\/\/schema.org\/ImageObject\">\n\t\t\t\t<a href=\"https:\/\/search.211md.org\/\" target=\"_blank\" rel=\"noopener\" itemprop=\"url\">\n\t\t\t\t<img decoding=\"async\" src=\"https:\/\/stg-maryland211-staging.kinsta.cloud\/wp-content\/uploads\/2025\/08\/2025_MdInfoNet_Icon-Sets-white_Locate.png\" alt=\"\" onerror=\"this.style.display='none'\" loading=\"lazy\" \/>\n\t\t\t\t<\/a>\n\t<\/figure>\n<h2><a href=\"https:\/\/search.211md.org\/\" target=\"_blank\" rel=\"noopener\">Encuentre recursos ahora<\/a><\/h2><p>Encontrar <strong>recursos comunitarios <\/strong>Para alimentaci\u00f3n, salud, vivienda y m\u00e1s en nuestra base de datos. Busque por c\u00f3digo postal.<\/p>\n\t\t\t<a href=\"https:\/\/search.211md.org\/\" target=\"_blank\" rel=\"noopener\">\n\t\t\t\t\t\t\tBuscar ahora\n\t\t\t<\/a>\n\t\t<h2>Seguro dental<\/h2>\n<p>While dental coverage is provided at no cost to children and pregnant women through Medicaid and MCHP, other uninsured individuals may need a separate dental plan from Maryland Health Connection.<\/p>\n<p><a href=\"https:\/\/www.marylandhealthconnection.gov\/health-coverage\/dental-plans\/\" target=\"_blank\" rel=\"noopener\">Obtenga m\u00e1s informaci\u00f3n sobre las opciones de planes dentales\u00a0<\/a>from Maryland Health Connection. You can apply for benefits during open enrollment.<\/p>\n<h3>Free and low-cost dental clinic<\/h3>\n<p>If you end up without dental insurance, there are free and low-cost dental clinics throughout Maryland.<\/p>\n\t\t\t<a href=\"\/es\/recursos\/cuidado-de-la-salud\/cuidado-dental\/\"  target=\"_blank\" rel=\"noopener\">\n\t\t\t\t\t\tFind a free or low cost dental clinic\n\t\t\t\t\t<\/a>\n<figure itemscope itemtype=\"https:\/\/schema.org\/ImageObject\">\n\t\t\t\t<img decoding=\"async\" src=\"http:\/\/211md.org\/wp-content\/uploads\/2025\/11\/Dentist-showing-patient-xrays-of-tooth-at-dental-clinic.jpg\" alt=\"Xrays at a dentists office\" title=\"Dentist showing patient xrays of tooth at dental clinic\" onerror=\"this.style.display='none'\" loading=\"lazy\" \/>\n\t<\/figure>\n<h2>\n\t\t\tMore Health Related Information\t<\/h2>\n\t\t<h4><a href=\"\/es\/recursos\/envejecimiento-discapacidad\/?utm_source=Home&#038;utm_medium=Referral&#038;utm_campaign=211Resources&#038;utm_content=Aging\" target=\"_self\">Envejecimiento y discapacidad<\/a><\/h4><figure itemscope itemtype=\"https:\/\/schema.org\/ImageObject\">\n\t\t\t\t<a href=\"\/es\/recursos\/envejecimiento-discapacidad\/?utm_source=Home&#038;utm_medium=Referral&#038;utm_campaign=211Resources&#038;utm_content=Aging\"  target=\"_self\" itemprop=\"url\">\n\t\t\t\t<img decoding=\"async\" src=\"https:\/\/211md.org\/wp-content\/uploads\/bb-plugin\/cache\/2025_MdInfoNet_Icon-Sets_Aging-disability-square-c466727102cae71e5f27b8539bb51945-.png\" alt=\"\" onerror=\"this.style.display='none'\" loading=\"lazy\" \/>\n\t\t\t\t<\/a>\n\t<\/figure>\n\t\t<h4><a href=\"\/es\/recursos\/ninos-familias\/?utm_source=Home&#038;utm_medium=Referral&#038;utm_campaign=211Resources&#038;utm_content=Children\" target=\"_self\">Ni\u00f1os y familias<\/a><\/h4><figure itemscope itemtype=\"https:\/\/schema.org\/ImageObject\">\n\t\t\t\t<a href=\"\/es\/recursos\/ninos-familias\/?utm_source=Home&#038;utm_medium=Referral&#038;utm_campaign=211Resources&#038;utm_content=Children\"  target=\"_self\" itemprop=\"url\">\n\t\t\t\t<img decoding=\"async\" src=\"https:\/\/211md.org\/wp-content\/uploads\/bb-plugin\/cache\/2025_211_Icon-Sets_Child-care-square-f3b0d4edab3dcc467fadb5f55f4064c6-.png\" alt=\"parent and child icon for child care\" height=\"417\" width=\"417\" title=\"2025_211_Conjuntos de iconos_Cuidado infantil\" onerror=\"this.style.display='none'\" loading=\"lazy\" \/>\n\t\t\t\t<\/a>\n\t<\/figure>\n\t\t<h4><a href=\"\/es\/recursos\/violencia-domestica-familiar\/?utm_source=Home&#038;utm_medium=Referral&#038;utm_campaign=211Resources&#038;utm_content=Domestic\" target=\"_self\">Violencia dom\u00e9stica<\/a><\/h4><figure itemscope itemtype=\"https:\/\/schema.org\/ImageObject\">\n\t\t\t\t<a href=\"\/es\/recursos\/violencia-domestica-familiar\/?utm_source=Home&#038;utm_medium=Referral&#038;utm_campaign=211Resources&#038;utm_content=Domestic\"  target=\"_self\" itemprop=\"url\">\n\t\t\t\t<img decoding=\"async\" src=\"https:\/\/211md.org\/wp-content\/uploads\/bb-plugin\/cache\/2025_211_Icon-Sets_Domestic-Violence-square-7b597694a6f05fe90cdc376aa573bc63-.png\" alt=\"House with a heart in the middle icon\" height=\"417\" width=\"417\" title=\"2025_211_Conjuntos de iconos_Violencia dom\u00e9stica\" onerror=\"this.style.display='none'\" loading=\"lazy\" \/>\n\t\t\t\t<\/a>\n\t<\/figure>\n\t\t<h4><a href=\"\/es\/recursos\/busqueda-de-empleo\/?utm_source=Home&#038;utm_medium=Referral&#038;utm_campaign=211Resources&#038;utm_content=Employment\" target=\"_self\">Empleo<\/a><\/h4><figure itemscope itemtype=\"https:\/\/schema.org\/ImageObject\">\n\t\t\t\t<a href=\"\/es\/recursos\/busqueda-de-empleo\/?utm_source=Home&#038;utm_medium=Referral&#038;utm_campaign=211Resources&#038;utm_content=Employment\"  target=\"_self\" itemprop=\"url\">\n\t\t\t\t<img decoding=\"async\" src=\"https:\/\/211md.org\/wp-content\/uploads\/bb-plugin\/cache\/2025_MdInfoNet_Icon-Sets_Employment-square-44707bd410e4df10a470bf130ebcea86-.png\" alt=\"\" onerror=\"this.style.display='none'\" loading=\"lazy\" \/>\n\t\t\t\t<\/a>\n\t<\/figure>\n\t\t<h4><a href=\"\/es\/recursos\/cuidado-de-la-salud\/?utm_source=Home&#038;utm_medium=Referral&#038;utm_campaign=211Resources&#038;utm_content=Health%20Care\" target=\"_self\">Cuidado de la salud<\/a><\/h4><figure itemscope itemtype=\"https:\/\/schema.org\/ImageObject\">\n\t\t\t\t<a href=\"\/es\/recursos\/cuidado-de-la-salud\/?utm_source=Home&#038;utm_medium=Referral&#038;utm_campaign=211Resources&#038;utm_content=Health%20Care\"  target=\"_self\" itemprop=\"url\">\n\t\t\t\t<img decoding=\"async\" src=\"https:\/\/211md.org\/wp-content\/uploads\/bb-plugin\/cache\/2025_MdInfoNet_Icon-Sets_Health-Care-square-dee98a0060cbe0e7f27eda253fc12679-.png\" alt=\"\" onerror=\"this.style.display='none'\" loading=\"lazy\" \/>\n\t\t\t\t<\/a>\n\t<\/figure>\n\t\t<h4><a href=\"\/es\/recursos\/nuevo-en-los-estados-unidos-y-maryland\/?utm_source=Home&#038;utm_medium=Referral&#038;utm_campaign=211Resources&#038;utm_content=Immigration\" target=\"_self\">Inmigraci\u00f3n<\/a><\/h4><figure itemscope itemtype=\"https:\/\/schema.org\/ImageObject\">\n\t\t\t\t<a href=\"\/es\/recursos\/nuevo-en-los-estados-unidos-y-maryland\/?utm_source=Home&#038;utm_medium=Referral&#038;utm_campaign=211Resources&#038;utm_content=Immigration\"  target=\"_self\" itemprop=\"url\">\n\t\t\t\t<img decoding=\"async\" src=\"https:\/\/211md.org\/wp-content\/uploads\/bb-plugin\/cache\/2025_MdInfoNet_Icon-Sets_Immigration-square-8b97b7fdfe5e6071405e216855065118-.png\" alt=\"icono de inmigraci\u00f3n\" title=\"2025_MdInfoNet_Icon-Sets_Immigration\" onerror=\"this.style.display='none'\" loading=\"lazy\" \/>\n\t\t\t\t<\/a>\n\t<\/figure>\n\t\t<h4><a href=\"\/es\/recursos\/ninos-familias\/parentesco\/?utm_source=Home&#038;utm_medium=Referral&#038;utm_campaign=211Resources&#038;utm_content=Kinship\" target=\"_self\">Parentesco<\/a><\/h4><figure itemscope itemtype=\"https:\/\/schema.org\/ImageObject\">\n\t\t\t\t<a href=\"\/es\/recursos\/ninos-familias\/parentesco\/?utm_source=Home&#038;utm_medium=Referral&#038;utm_campaign=211Resources&#038;utm_content=Kinship\"  target=\"_self\" itemprop=\"url\">\n\t\t\t\t<img decoding=\"async\" src=\"https:\/\/211md.org\/wp-content\/uploads\/bb-plugin\/cache\/2025_211_Icon-Sets_Kinship-square-45bdf872866f5735f842c32071109267-.png\" alt=\"Icono de parentesco\" height=\"417\" width=\"417\" title=\"2025_211_Conjuntos de iconos_Parentesco\" onerror=\"this.style.display='none'\" loading=\"lazy\" \/>\n\t\t\t\t<\/a>\n\t<\/figure>\n\t\t<h4><a href=\"\/es\/recursos\/servicios-legales\/?utm_source=Home&#038;utm_medium=Referral&#038;utm_campaign=211Resources&#038;utm_content=Legal\" target=\"_self\">Servicios Legales<\/a><\/h4><figure itemscope itemtype=\"https:\/\/schema.org\/ImageObject\">\n\t\t\t\t<a href=\"\/es\/recursos\/servicios-legales\/?utm_source=Home&#038;utm_medium=Referral&#038;utm_campaign=211Resources&#038;utm_content=Legal\"  target=\"_self\" itemprop=\"url\">\n\t\t\t\t<img decoding=\"async\" src=\"https:\/\/211md.org\/wp-content\/uploads\/bb-plugin\/cache\/2025_MdInfoNet_Icon-Sets_Legal-square-18fdf438feb8435588174d9046463257-.png\" alt=\"\" onerror=\"this.style.display='none'\" loading=\"lazy\" \/>\n\t\t\t\t<\/a>\n\t<\/figure>\n\t\t<h4><a href=\"\/es\/recursos\/salud-mental\/?utm_source=Home&#038;utm_medium=Referral&#038;utm_campaign=211Resources&#038;utm_content=Mental\" target=\"_self\">Salud mental<\/a><\/h4><figure itemscope itemtype=\"https:\/\/schema.org\/ImageObject\">\n\t\t\t\t<a href=\"\/es\/recursos\/salud-mental\/?utm_source=Home&#038;utm_medium=Referral&#038;utm_campaign=211Resources&#038;utm_content=Mental\"  target=\"_self\" itemprop=\"url\">\n\t\t\t\t<img decoding=\"async\" src=\"https:\/\/211md.org\/wp-content\/uploads\/bb-plugin\/cache\/2025_MdInfoNet_Icon-Sets_Mental-Health-square-c59b38c4a993a947d4c9280fbe2d2fee-.png\" alt=\"\" onerror=\"this.style.display='none'\" loading=\"lazy\" \/>\n\t\t\t\t<\/a>\n\t<\/figure>\n\t\t<h4><a href=\"\/es\/recursos\/mdreentry\/?utm_source=Home&#038;utm_medium=Referral&#038;utm_campaign=211Resources&#038;utm_content=Reentry\" target=\"_self\">Reentrada<\/a><\/h4><figure itemscope itemtype=\"https:\/\/schema.org\/ImageObject\">\n\t\t\t\t<a href=\"\/es\/recursos\/mdreentry\/?utm_source=Home&#038;utm_medium=Referral&#038;utm_campaign=211Resources&#038;utm_content=Reentry\"  target=\"_self\" itemprop=\"url\">\n\t\t\t\t<img decoding=\"async\" src=\"https:\/\/211md.org\/wp-content\/uploads\/bb-plugin\/cache\/2025_211_Icon-Sets_Reentry-square-8676fea38abd920a832f45642fe31cca-.png\" alt=\"Icono de reentrada\" height=\"417\" width=\"417\" title=\"2025_211_Conjuntos de iconos_Reentrada\" onerror=\"this.style.display='none'\" loading=\"lazy\" \/>\n\t\t\t\t<\/a>\n\t<\/figure>\n\t\t<h4><a href=\"\/es\/recursos\/consumo-de-sustancias\/?utm_source=Home&#038;utm_medium=Referral&#038;utm_campaign=211Resources&#038;utm_content=Substance\" target=\"_self\">Uso de sustancias<\/a><\/h4><figure itemscope itemtype=\"https:\/\/schema.org\/ImageObject\">\n\t\t\t\t<a href=\"\/es\/recursos\/consumo-de-sustancias\/?utm_source=Home&#038;utm_medium=Referral&#038;utm_campaign=211Resources&#038;utm_content=Substance\"  target=\"_self\" itemprop=\"url\">\n\t\t\t\t<img decoding=\"async\" src=\"https:\/\/211md.org\/wp-content\/uploads\/bb-plugin\/cache\/2025_MdInfoNet_Icon-Sets_Substance-Abuse-square-4f414f085e657267739c181957754f48-.png\" alt=\"Pills for substance Use icon\" title=\"2025_MdInfoNet_Icon-Sets_Substance-Abuse\" onerror=\"this.style.display='none'\" loading=\"lazy\" \/>\n\t\t\t\t<\/a>\n\t<\/figure>\n\t\t<h4><a href=\"\/es\/recursos\/veteranos\/?utm_source=Home&#038;utm_medium=Referral&#038;utm_campaign=211Resources&#038;utm_content=Veterans\" target=\"_self\">veteranos<\/a><\/h4><figure itemscope itemtype=\"https:\/\/schema.org\/ImageObject\">\n\t\t\t\t<a href=\"\/es\/recursos\/veteranos\/?utm_source=Home&#038;utm_medium=Referral&#038;utm_campaign=211Resources&#038;utm_content=Veterans\"  target=\"_self\" itemprop=\"url\">\n\t\t\t\t<img decoding=\"async\" src=\"https:\/\/211md.org\/wp-content\/uploads\/bb-plugin\/cache\/2025_MdInfoNet_Icon-Sets_Rating-square-6e60d00cce4faa8e0a6d4ad7366aa733-.png\" alt=\"\" onerror=\"this.style.display='none'\" loading=\"lazy\" \/>\n\t\t\t\t<\/a>\n\t<\/figure>","protected":false},"excerpt":{"rendered":"<p>Are you uninsured? There are a number of circumstances that may qualify you for free health insurance or a low-cost plan. Learn about Medicaid, private health insurance (discounts available), Medicare, and dental insurance. 211 can answer health insurance questions. Dial 211 or search the database for local health insurance resources, such as a navigator who&hellip;<\/p>","protected":false},"author":8,"featured_media":33763,"parent":838,"menu_order":0,"comment_status":"closed","ping_status":"closed","template":"","meta":{"footnotes":""},"class_list":["post-1107","page","type-page","status-publish","has-post-thumbnail","hentry"],"_links":{"self":[{"href":"https:\/\/211md.org\/es\/wp-json\/wp\/v2\/pages\/1107","targetHints":{"allow":["GET"]}}],"collection":[{"href":"https:\/\/211md.org\/es\/wp-json\/wp\/v2\/pages"}],"about":[{"href":"https:\/\/211md.org\/es\/wp-json\/wp\/v2\/types\/page"}],"author":[{"embeddable":true,"href":"https:\/\/211md.org\/es\/wp-json\/wp\/v2\/users\/8"}],"replies":[{"embeddable":true,"href":"https:\/\/211md.org\/es\/wp-json\/wp\/v2\/comments?post=1107"}],"version-history":[{"count":11,"href":"https:\/\/211md.org\/es\/wp-json\/wp\/v2\/pages\/1107\/revisions"}],"predecessor-version":[{"id":34473,"href":"https:\/\/211md.org\/es\/wp-json\/wp\/v2\/pages\/1107\/revisions\/34473"}],"up":[{"embeddable":true,"href":"https:\/\/211md.org\/es\/wp-json\/wp\/v2\/pages\/838"}],"wp:featuredmedia":[{"embeddable":true,"href":"https:\/\/211md.org\/es\/wp-json\/wp\/v2\/media\/33763"}],"wp:attachment":[{"href":"https:\/\/211md.org\/es\/wp-json\/wp\/v2\/media?parent=1107"}],"curies":[{"name":"Gracias","href":"https:\/\/api.w.org\/{rel}","templated":true}]}}