{"id":1115,"date":"2021-04-19T16:17:02","date_gmt":"2021-04-19T16:17:02","guid":{"rendered":"https:\/\/211md.org\/?page_id=1115"},"modified":"2024-12-20T12:32:06","modified_gmt":"2024-12-20T17:32:06","slug":"derechos-de-los-inquilinos","status":"publish","type":"page","link":"https:\/\/211md.org\/es\/resources\/legal-services\/tenants-rights\/","title":{"rendered":"C\u00f3mo pueden los inquilinos obtener ayuda con las disputas con los propietarios"},"content":{"rendered":"<img loading=\"lazy\" decoding=\"async\" src=\"https:\/\/211md.org\/wp-content\/uploads\/2021\/05\/Key-Handoff.png\" alt=\"Propietario entregando llaves al inquilino\" itemprop=\"image\" height=\"348\" width=\"460\" title=\"Entrega de llaves\" onerror=\"this.style.display='none'\"  \/>\n\t<p>Las disputas entre propietarios e inquilinos son una de las quejas m\u00e1s comunes ante la Oficina del Fiscal General de Maryland. Como inquilino, usted tiene ciertos derechos, obligaciones y recursos disponibles seg\u00fan la ley de Maryland. Tambi\u00e9n puede haber protecciones locales disponibles o procesos ligeramente diferentes para resolver una disputa entre propietarios.<\/p>\n<h2>Disputas habituales entre propietarios e inquilinos<\/h2>\n<p>Los inquilinos y propietarios pueden estar en desacuerdo sobre:<\/p>\n<ul>\n<li>Tarifas de solicitud<\/li>\n<li>arrendamientos<\/li>\n<li>alquilar<\/li>\n<li>dep\u00f3sitos de seguridad<\/li>\n<li>el derecho a tomar posesi\u00f3n<\/li>\n<li>renovaciones de arrendamiento<\/li>\n<li>romper un contrato de arrendamiento<\/li>\n<li>dep\u00f3sito de alquiler<\/li>\n<li>falta de reparaciones<\/li>\n<li>represalias del propietario<\/li>\n<li>Peligros de la pintura a base de plomo<\/li>\n<li>desalojo<\/li>\n<\/ul>\n<p><a href=\"https:\/\/www.marylandattorneygeneral.gov\/CPD%20Documents\/Tips-Publications\/landlordTenantPDF.pdf\" target=\"_blank\" rel=\"noopener\"><strong>Esta gu\u00eda del Fiscal General<\/strong><\/a> Ofrece consejos para evitar y gestionar disputas habituales. Incluye situaciones habituales y ofrece posibles formas de gestionar la situaci\u00f3n.<\/p>\n<h2>C\u00f3mo manejar reparaciones inseguras en viviendas y alquileres<\/h2>\n<p>Si tiene un defecto grave o peligroso en su apartamento o edificio alquilado, los inquilinos tienen ciertos derechos porque los propietarios tienen ciertas obligaciones seg\u00fan la ley.<\/p>\n<p>Es posible que puedas:<\/p>\n<ul>\n<li>Utilice una cuenta de dep\u00f3sito en garant\u00eda si as\u00ed lo establece el Tribunal de Distrito.<\/li>\n<li>Obtener una orden judicial.<\/li>\n<\/ul>\n<h4>Cuenta de dep\u00f3sito en garant\u00eda<\/h4>\n<p>Si el Tribunal de Distrito establece una cuenta de dep\u00f3sito en garant\u00eda, usted deposita el dinero del alquiler en lugar de pagarle el alquiler al propietario cada mes. Sin embargo, existen condiciones espec\u00edficas y requisitos de notificaci\u00f3n para los cuales puede utilizar la cuenta de dep\u00f3sito en garant\u00eda.<\/p>\n<p>Si bien el tribunal decidir\u00e1 si una situaci\u00f3n justifica una cuenta de dep\u00f3sito en garant\u00eda, esta suele utilizarse para defectos graves y peligrosos. Esto puede incluir, entre otros:<\/p>\n<ul>\n<li>Infestaci\u00f3n de roedores en dos o m\u00e1s unidades<\/li>\n<li>peligro de pintura a base de plomo<\/li>\n<li>Falta de eliminaci\u00f3n adecuada de aguas residuales<\/li>\n<li>falta de calefacci\u00f3n, luz, electricidad o agua si el propietario es responsable de mantenerla encendida.<\/li>\n<\/ul>\n<p>No cubre la falta de aire acondicionado, el uso y desgaste normal u otras violaciones del c\u00f3digo de vivienda no peligrosas.<\/p>\n<h4>Mandato<\/h4>\n<p>Una orden judicial puede ser otra opci\u00f3n. Esa es una petici\u00f3n para que la corte ordene al arrendador que repare o arregle las condiciones en cuesti\u00f3n.<\/p>\n<p>Para obtener m\u00e1s informaci\u00f3n, incluido el proceso detallado para dar aviso y presentar ante el tribunal, revise el\u00a0<a href=\"https:\/\/mvlslaw.org\/wp-content\/uploads\/2018\/09\/Unsafe-Housing-Conditions-Remedies.pdf\" target=\"_blank\" rel=\"noopener\">Servicio de Abogados Voluntarios de Maryland<\/a>\u00a0hoja de hechos.<\/p>\n<h2><b>Obtener ayuda<\/b><\/h2>\n<p>En general, ponga las disputas por escrito y tome fotograf\u00edas siempre que sea posible para tener un registro en papel.<\/p>\n<p>\u00c9l\u00a0<a href=\"https:\/\/www.peoples-law.org\/cat\/landlord-tenant\" target=\"_blank\" rel=\"noopener\">Biblioteca de Derecho Popular de Maryland<\/a>\u00a0Tambi\u00e9n tiene varias gu\u00edas para propietarios e inquilinos e informaci\u00f3n sobre dep\u00f3sitos de seguridad, desalojos e incumplimiento del pago del alquiler, los servicios p\u00fablicos y las protecciones de vivienda para <a href=\"https:\/\/211md.org\/es\/recursos\/violencia-domestica-familiar\/\">v\u00edctimas de violencia dom\u00e9stica<\/a>.<\/p>\n<p>Tambi\u00e9n puede hablar con un abogado sobre su asunto legal civil sin costo a trav\u00e9s del Centro de ayuda de la corte de Maryland. Llame al 410-260-1392 durante el horario comercial. Puede encontrar m\u00e1s informaci\u00f3n sobre este recurso en\u00a0<a href=\"https:\/\/www.peoples-law.org\/\" target=\"_blank\" rel=\"noopener\">La Biblioteca de Derecho Popular de Maryland<\/a>.<\/p>\n<p>Si tiene una disputa, es posible que pueda obtener ayuda de la Unidad de Mediaci\u00f3n de la Oficina del Fiscal General de Maryland. Ayudar\u00e1n a resolver disputas entre un propietario y un inquilino. Puedes presentar una\u00a0<a href=\"https:\/\/web.oag.state.md.us\/editor\/customer\/onlineformhelpers\/formviewer.aspx?filename=landlordtenant.htm\" target=\"_blank\" rel=\"noopener\">queja de propietario\/inquilino en l\u00ednea<\/a>\u00a0o\u00a0<a href=\"https:\/\/www.marylandattorneygeneral.gov\/Pages\/contactus.aspx\" target=\"_blank\" rel=\"noopener\">llame al Fiscal General de Maryland.<\/a><\/p>\n<p>Lo mencionado anteriormente no es un consejo legal, y debe consultar a un abogado para obtener ayuda con respecto a su disputa espec\u00edfica entre propietario e inquilino.<\/p>\n<h2>Informaci\u00f3n relacionada<\/h2>\n<p><a title=\"Ser propietario\" href=\"https:\/\/211md.org\/es\/recursos\/servicios-legales\/ser-un-propietario\/\">Ser propietario<\/a><\/p>\n<p><a title=\"Manutenci\u00f3n de los hijos\" href=\"https:\/\/211md.org\/es\/recursos\/servicios-legales\/manutencion-de-los-hijos\/\">Manutenci\u00f3n de los hijos<\/a><\/p>\n<p><a title=\"Derechos del inquilino\" href=\"https:\/\/211md.org\/es\/recursos\/servicios-legales\/derechos-de-los-inquilinos\/\">Derechos del inquilino<\/a><\/p>\n<h2>\n\t\tBuscar recursos\n\t<\/h2>\n\t\t\t\t<a href=\"\/es\/recursos\/envejecimiento-discapacidad\/\" target=\"_self\" itemprop=\"url\">\n\t\t\t\t<img loading=\"lazy\" decoding=\"async\" src=\"https:\/\/211md.org\/wp-content\/uploads\/bb-plugin\/cache\/Mask-Group-41@2x-circle-73eaadba4cad8269faa4720e25cf1c85-.png\" alt=\"Los pies de una mujer mayor y una mujer m\u00e1s joven caminando juntas\" itemprop=\"image\" height=\"500\" width=\"500\" title=\"Servicios para discapacitados\" onerror=\"this.style.display='none'\"  \/>\n\t\t\t\t<\/a>\n\t\t<h3><a href=\"\/es\/recursos\/envejecimiento-discapacidad\/\" target=\"_self\">Envejecimiento y discapacidad<\/a><\/h3>\t\n\t\t\t\t<a href=\"\/es\/recursos\/ninos-familias\/\" target=\"_self\" itemprop=\"url\">\n\t\t\t\t<img loading=\"lazy\" decoding=\"async\" src=\"https:\/\/211md.org\/wp-content\/uploads\/bb-plugin\/cache\/Mask-Group-38@2x-circle-ac40d46265fbec62083cd27f6dcf23b0-.png\" alt=\"Un ni\u00f1o y una ni\u00f1a sonriendo y mirando a la c\u00e1mara.\" itemprop=\"image\" height=\"500\" width=\"500\" title=\"M\u00e1scara Grupo 38@2x\" onerror=\"this.style.display='none'\"  \/>\n\t\t\t\t<\/a>\n\t\t<h3><a href=\"\/es\/recursos\/ninos-familias\/\" target=\"_self\">Ni\u00f1os y familias<\/a><\/h3>\t\n\t\t\t\t<a href=\"\/es\/recursos\/centro-de-recursos-covid-19\/\" target=\"_self\" itemprop=\"url\">\n\t\t\t\t<img decoding=\"async\" src=\"https:\/\/211md.org\/wp-content\/uploads\/bb-plugin\/cache\/Data-Post-Image-COVID-circle-abdf7e097c6f7781a4f84df775b7857e-.png\" alt=\"Una c\u00e9lula COVID-19\" itemprop=\"image\" title=\"Imagen de publicaci\u00f3n de datos - COVID\" onerror=\"this.style.display='none'\"  \/>\n\t\t\t\t<\/a>\n\t\t<h3><a href=\"\/es\/recursos\/centro-de-recursos-covid-19\/\" target=\"_self\">COVID-19<\/a><\/h3>\t\n\t\t\t\t<a href=\"\/es\/recursos\/violencia-domestica-familiar\/\" target=\"_self\" itemprop=\"url\">\n\t\t\t\t<img loading=\"lazy\" decoding=\"async\" src=\"https:\/\/211md.org\/wp-content\/uploads\/bb-plugin\/cache\/Mask-Group-39@2x-circle-b2589197a13c791d910f46dd10b27a87-.png\" alt=\"Dos pares de manos abraz\u00e1ndose\" itemprop=\"image\" height=\"500\" width=\"500\" title=\"M\u00e1scara Grupo 39@2x\" onerror=\"this.style.display='none'\"  \/>\n\t\t\t\t<\/a>\n\t\t<h3><a href=\"\/es\/recursos\/violencia-domestica-familiar\/\" target=\"_self\">Violencia Dom\u00e9stica\/ Familiar<\/a><\/h3>\t\n\t\t\t\t<a href=\"\/es\/recursos\/busqueda-de-empleo\/\" target=\"_self\" itemprop=\"url\">\n\t\t\t\t<img loading=\"lazy\" decoding=\"async\" src=\"https:\/\/211md.org\/wp-content\/uploads\/bb-plugin\/cache\/Employment-circle-bf72562329e950df948954f5d3f44b2e-.png\" alt=\"un mec\u00e1nico de autom\u00f3viles\" itemprop=\"image\" height=\"500\" width=\"500\" title=\"Empleo\" onerror=\"this.style.display='none'\"  \/>\n\t\t\t\t<\/a>\n\t\t<h3><a href=\"\/es\/recursos\/busqueda-de-empleo\/\" target=\"_self\">Empleo<\/a><\/h3>\t\n\t\t\t\t<a href=\"\/es\/recursos\/cuidado-de-la-salud\/\" target=\"_self\" itemprop=\"url\">\n\t\t\t\t<img loading=\"lazy\" decoding=\"async\" src=\"https:\/\/211md.org\/wp-content\/uploads\/bb-plugin\/cache\/Mask-Group-35@2x-circle-94be10c13e4adae1683b4589dc2f5b2f-.png\" alt=\"doctor, el mirar, ni\u00f1os, pierna\" itemprop=\"image\" height=\"500\" width=\"500\" title=\"M\u00e1scara Grupo 35@2x\" onerror=\"this.style.display='none'\"  \/>\n\t\t\t\t<\/a>\n\t\t<h3><a href=\"\/es\/recursos\/cuidado-de-la-salud\/\" target=\"_self\">Cuidado de la salud<\/a><\/h3>\t\n\t\t\t\t<a href=\"\/es\/recursos\/alimento\/\" target=\"_self\" itemprop=\"url\">\n\t\t\t\t<img loading=\"lazy\" decoding=\"async\" src=\"https:\/\/211md.org\/wp-content\/uploads\/bb-plugin\/cache\/Mask-Group-32@2x-circle-1c6d647dcaf998fa079d26735cedc92b-.png\" alt=\"Vegetales frescos\" itemprop=\"image\" height=\"500\" width=\"500\" title=\"M\u00e1scara Grupo 32@2x\" onerror=\"this.style.display='none'\"  \/>\n\t\t\t\t<\/a>\n\t\t<h3><a href=\"\/es\/recursos\/alimento\/\" target=\"_self\">Alimento<\/a><\/h3>\t\n\t\t\t\t<a href=\"\/es\/recursos\/vivienda-refugio\/\" target=\"_self\" itemprop=\"url\">\n\t\t\t\t<img loading=\"lazy\" decoding=\"async\" src=\"https:\/\/211md.org\/wp-content\/uploads\/bb-plugin\/cache\/Mask-Group-34@2x-circle-b99c55fc16ef21f35e2f2a1f7cc37b9a-.png\" alt=\"Balc\u00f3n del complejo de apartamentos\" itemprop=\"image\" height=\"500\" width=\"500\" title=\"Complejo de apartamentos\" onerror=\"this.style.display='none'\"  \/>\n\t\t\t\t<\/a>\n\t\t<h3><a href=\"\/es\/recursos\/vivienda-refugio\/\" target=\"_self\">Vivienda y refugio<\/a><\/h3>\t\n\t\t\t\t<a href=\"\/es\/recursos\/nuevo-en-los-estados-unidos-y-maryland\/\" target=\"_self\" itemprop=\"url\">\n\t\t\t\t<img loading=\"lazy\" decoding=\"async\" src=\"https:\/\/211md.org\/wp-content\/uploads\/bb-plugin\/cache\/American-flag-circle-0016cc327e27ef7aeb080f1da6c6e98b-.jpg\" alt=\"nuevo en los estados unidos\" itemprop=\"image\" height=\"364\" width=\"1366\" title=\"Bandera estadounidense\" onerror=\"this.style.display='none'\"  \/>\n\t\t\t\t<\/a>\n\t\t<h3><a href=\"\/es\/recursos\/nuevo-en-los-estados-unidos-y-maryland\/\" target=\"_self\">Inmigraci\u00f3n<\/a><\/h3>\t\n\t\t\t\t<a href=\"\/es\/recursos\/ninos-familias\/parentesco\/\" target=\"_self\" itemprop=\"url\">\n\t\t\t\t<img decoding=\"async\" src=\"https:\/\/211md.org\/wp-content\/uploads\/bb-plugin\/cache\/kinship-family-navigating-a-computer-circle-045fee9d587aefb20221bfea41a2cf9b-.png\" alt=\"familia de parentesco navegando en una computadora\" itemprop=\"image\" title=\"familia de parentesco navegando en una computadora\" onerror=\"this.style.display='none'\"  \/>\n\t\t\t\t<\/a>\n\t\t<h3><a href=\"\/es\/recursos\/ninos-familias\/parentesco\/\" target=\"_self\">Parentesco<\/a><\/h3>\t\n\t\t\t\t<a href=\"\/es\/recursos\/servicios-legales\/\" target=\"_self\" itemprop=\"url\">\n\t\t\t\t<img loading=\"lazy\" decoding=\"async\" src=\"https:\/\/211md.org\/wp-content\/uploads\/bb-plugin\/cache\/Housing-Legal-circle-9a8f3c1c72c54b6e1ce612d2993c1ad4-.png\" alt=\"Martillo legal con un modelo de pl\u00e1stico de una casa al lado\" itemprop=\"image\" height=\"348\" width=\"460\" title=\"vivienda legal\" onerror=\"this.style.display='none'\"  \/>\n\t\t\t\t<\/a>\n\t\t<h3><a href=\"\/es\/recursos\/servicios-legales\/\" target=\"_self\">Servicios Legales<\/a><\/h3>\t\n\t\t\t\t<a href=\"\/es\/recursos\/salud-mental\/\" target=\"_self\" itemprop=\"url\">\n\t\t\t\t<img loading=\"lazy\" decoding=\"async\" src=\"https:\/\/211md.org\/wp-content\/uploads\/bb-plugin\/cache\/Mask-Group-40@2x-circle-7bd9426367852fb3d841bc4bdc57a550-.png\" alt=\"Los perfiles de un hombre y una mujer\" itemprop=\"image\" height=\"500\" width=\"500\" title=\"M\u00e1scara Grupo 40@2x\" onerror=\"this.style.display='none'\"  \/>\n\t\t\t\t<\/a>\n\t\t<h3><a href=\"\/es\/recursos\/salud-mental\/\" target=\"_self\">Salud mental<\/a><\/h3>\t\n\t\t\t\t<a href=\"\/es\/recursos\/mdreentry\/\" target=\"_self\" itemprop=\"url\">\n\t\t\t\t<img loading=\"lazy\" decoding=\"async\" src=\"https:\/\/211md.org\/wp-content\/uploads\/bb-plugin\/cache\/Diverse-group-of-community-members-circle-4457c114cd48613bc79a0fb50060319c-.jpg\" alt=\"Grupo diverso de miembros de la comunidad.\" itemprop=\"image\" height=\"800\" width=\"1200\" title=\"Grupo diverso de miembros de la comunidad.\" onerror=\"this.style.display='none'\"  \/>\n\t\t\t\t<\/a>\n\t\t<h3><a href=\"\/es\/recursos\/mdreentry\/\" target=\"_self\">Reentrada<\/a><\/h3>\t\n\t\t\t\t<a href=\"\/es\/para-el-odio\/\" target=\"_self\" itemprop=\"url\">\n\t\t\t\t<img loading=\"lazy\" decoding=\"async\" src=\"https:\/\/211md.org\/wp-content\/uploads\/bb-plugin\/cache\/Background-section-MDStophate-circle-08e2bae1cf9f2ad6cc83e01e23da8cb9-.jpg\" alt=\"Fondo-secci\u00f3n-MDStophate\" itemprop=\"image\" height=\"768\" width=\"1366\" title=\"Fondo-secci\u00f3n-MDStophate\" onerror=\"this.style.display='none'\"  \/>\n\t\t\t\t<\/a>\n\t\t<h3><a href=\"\/es\/para-el-odio\/\" target=\"_self\">Los cr\u00edmenes y incidentes de odio<\/a><\/h3>\t\n\t\t\t\t<a href=\"\/es\/recursos\/consumo-de-sustancias\/\" target=\"_self\" itemprop=\"url\">\n\t\t\t\t<img loading=\"lazy\" decoding=\"async\" src=\"https:\/\/211md.org\/wp-content\/uploads\/bb-plugin\/cache\/Substance-Use-circle-ad2d564932dc31267e0c32a6fb2d915c-.png\" alt=\"Pastillas para romper a mano\" itemprop=\"image\" height=\"500\" width=\"500\" title=\"Uso de sustancias\" onerror=\"this.style.display='none'\"  \/>\n\t\t\t\t<\/a>\n\t\t<h3><a href=\"\/es\/recursos\/consumo-de-sustancias\/\" target=\"_self\">Uso de sustancias<\/a><\/h3>\t\n\t\t\t\t<a href=\"\/es\/recursos\/servicios-de-impuestos\/\" target=\"_self\" itemprop=\"url\">\n\t\t\t\t<img loading=\"lazy\" decoding=\"async\" src=\"https:\/\/211md.org\/wp-content\/uploads\/bb-plugin\/cache\/Mask-Group-34-circle-166a606e37e61188c9a17d5e634cda3c-.png\" alt=\"Persona que llena el papeleo del impuesto sobre la renta\" itemprop=\"image\" height=\"500\" width=\"500\" title=\"M\u00e1scara Grupo 34\" onerror=\"this.style.display='none'\"  \/>\n\t\t\t\t<\/a>\n\t\t<h3><a href=\"\/es\/recursos\/servicios-de-impuestos\/\" target=\"_self\">Servicios de Impuestos<\/a><\/h3>\t\n\t\t\t\t<a href=\"\/es\/recursos\/asistencia-de-servicios-publicos\/\" target=\"_self\" itemprop=\"url\">\n\t\t\t\t<img loading=\"lazy\" decoding=\"async\" src=\"https:\/\/211md.org\/wp-content\/uploads\/bb-plugin\/cache\/Mask-Group-37@2x-circle-9661a11b9c4082079c9a1f06bc539567-.png\" alt=\"Una bombilla encendida\" itemprop=\"image\" height=\"500\" width=\"500\" title=\"M\u00e1scara Grupo 37@2x\" onerror=\"this.style.display='none'\"  \/>\n\t\t\t\t<\/a>\n\t\t<h3><a href=\"\/es\/recursos\/asistencia-de-servicios-publicos\/\" target=\"_self\">Asistencia de servicios p\u00fablicos<\/a><\/h3>\t\n\t\t\t\t<a href=\"\/es\/recursos\/veteranos\/\" target=\"_self\" itemprop=\"url\">\n\t\t\t\t<img decoding=\"async\" src=\"https:\/\/211md.org\/wp-content\/uploads\/bb-plugin\/cache\/Veterans-circle-7c6972a59826c74f1f658f61df785fc3-.png\" alt=\"Un soldado estrechando la mano de alguien y sonriendo.\" itemprop=\"image\" title=\"veteranos\" onerror=\"this.style.display='none'\"  \/>\n\t\t\t\t<\/a>\n\t\t<h3><a href=\"\/es\/recursos\/veteranos\/\" target=\"_self\">veteranos<\/a><\/h3>","protected":false},"excerpt":{"rendered":"<p>Las disputas entre propietarios e inquilinos son una de las quejas m\u00e1s comunes ante la Fiscal\u00eda General de Maryland. Como inquilino, usted tiene ciertos derechos, obligaciones y recursos disponibles bajo la ley de Maryland. Tambi\u00e9n puede haber protecciones locales disponibles o procesos ligeramente diferentes para resolver una disputa con un propietario. Disputas comunes entre propietarios e inquilinos. Los inquilinos y los propietarios pueden discrepar sobre: solicitud\u2026<\/p>","protected":false},"author":8,"featured_media":1905,"parent":928,"menu_order":0,"comment_status":"closed","ping_status":"closed","template":"","meta":{"footnotes":""},"class_list":["post-1115","page","type-page","status-publish","has-post-thumbnail","hentry"],"_links":{"self":[{"href":"https:\/\/211md.org\/es\/wp-json\/wp\/v2\/pages\/1115","targetHints":{"allow":["GET"]}}],"collection":[{"href":"https:\/\/211md.org\/es\/wp-json\/wp\/v2\/pages"}],"about":[{"href":"https:\/\/211md.org\/es\/wp-json\/wp\/v2\/types\/page"}],"author":[{"embeddable":true,"href":"https:\/\/211md.org\/es\/wp-json\/wp\/v2\/users\/8"}],"replies":[{"embeddable":true,"href":"https:\/\/211md.org\/es\/wp-json\/wp\/v2\/comments?post=1115"}],"version-history":[{"count":0,"href":"https:\/\/211md.org\/es\/wp-json\/wp\/v2\/pages\/1115\/revisions"}],"up":[{"embeddable":true,"href":"https:\/\/211md.org\/es\/wp-json\/wp\/v2\/pages\/928"}],"wp:featuredmedia":[{"embeddable":true,"href":"https:\/\/211md.org\/es\/wp-json\/wp\/v2\/media\/1905"}],"wp:attachment":[{"href":"https:\/\/211md.org\/es\/wp-json\/wp\/v2\/media?parent=1115"}],"curies":[{"name":"Gracias","href":"https:\/\/api.w.org\/{rel}","templated":true}]}}