{"id":1116,"date":"2021-04-19T16:19:54","date_gmt":"2021-04-19T16:19:54","guid":{"rendered":"https:\/\/211md.org\/?page_id=1116"},"modified":"2026-04-28T11:56:26","modified_gmt":"2026-04-28T15:56:26","slug":"eliminacion-de-drogas","status":"publish","type":"page","link":"https:\/\/211md.org\/es\/resources\/substance-use\/drug-disposal\/","title":{"rendered":"Qu\u00e9 hacer con los medicamentos recetados viejos"},"content":{"rendered":"<figure data-animation-delay=\"0\" data-animation-duration=\"1\" itemscope itemtype=\"https:\/\/schema.org\/ImageObject\">\n\t\t\t\t<img decoding=\"async\" src=\"https:\/\/stg-maryland211-staging.kinsta.cloud\/wp-content\/uploads\/2025\/08\/5-1-scaled.png\" alt=\"5\" height=\"692\" width=\"2560\" title=\"5\" onerror=\"this.style.display='none'\" loading=\"lazy\" \/>\n\t<\/figure>\n\t\t<h1><a href=\"#start\" target=\"_self\">Encabezado de p\u00e1gina predeterminado<\/a><\/h1><p>\u00bfTiene usted recetas o medicamentos de venta libre viejos, vencidos, no deseados o sin uso en su botiqu\u00edn?<\/p>\n<p>La eliminaci\u00f3n segura de medicamentos puede ayudar a prevenir el consumo de opioides.<\/p>\n<p>Los medicamentos tambi\u00e9n pueden provocar problemas ambientales cuando se desechan de forma inadecuada en la basura o en el inodoro.<\/p>\n<p>Aprenda sobre las formas de desechar adecuadamente los medicamentos.<\/p>\n\t\t\t<a href=\"#start\"  target=\"_self\">\n\t\t\t\t\t\tEmpezar\n\t\t\t\t\t<\/a>\n<figure data-animation-delay=\"0\" data-animation-duration=\"1\" itemscope itemtype=\"https:\/\/schema.org\/ImageObject\">\n\t\t\t\t<img decoding=\"async\" src=\"https:\/\/211md.org\/wp-content\/plugins\/bb-plugin\/img\/pixel.png\" alt=\"\" onerror=\"this.style.display='none'\" loading=\"lazy\" \/>\n\t<\/figure>\n<figure data-animation-delay=\"0\" data-animation-duration=\"1.3\" itemscope itemtype=\"https:\/\/schema.org\/ImageObject\">\n\t\t\t\t<img decoding=\"async\" src=\"https:\/\/stg-maryland211-staging.kinsta.cloud\/wp-content\/uploads\/2025\/08\/16.png\" alt=\"16\" height=\"1000\" width=\"1000\" title=\"16\" onerror=\"this.style.display='none'\" loading=\"lazy\" \/>\n\t<\/figure>\n<figure data-animation-delay=\"0\" data-animation-duration=\"1\" itemscope itemtype=\"https:\/\/schema.org\/ImageObject\">\n\t\t\t\t<img decoding=\"async\" src=\"http:\/\/211md.org\/wp-content\/uploads\/2021\/04\/safely-get-rid-of-prescription-medicine-in-maryland.jpg\" alt=\"Pastillas rosas, azules y verdes que se derraman de los frascos de pastillas\" title=\"deshacerse de forma segura de los medicamentos recetados en maryland\" onerror=\"this.style.display='none'\" loading=\"lazy\" \/>\n\t<\/figure>\n\t<h2>\u00bfPor qu\u00e9 necesita desechar los medicamentos?<\/h2>\n<p>Evitar que ocurra el uso indebido de drogas es una de las mejores maneras de marcar la diferencia en la epidemia de opioides.<\/p>\n<p>Properly disposing of medications helps:<\/p>\n<ul>\n<li>Keeps drugs out of the hands of teenagers or adults.<\/li>\n<li>Prevents them from being stolen or sold illegally.<\/li>\n<li>Prevents poisoning of children and pets.<\/li>\n<li>Protects the environment.<\/li>\n<\/ul>\n<p>Ya sea que tenga medicamentos viejos (recetados o de venta libre) en su hogar o que un familiar fallecido tenga medicamentos en su hogar, existen formas gratuitas de deshacerse de ellos sin tirarlos a la basura.<\/p>\n<h3>Obtenga una bolsa de desecho de medicamentos gratis<\/h3>\n<p>Puede desechar medicamentos recetados en su hogar tomando ciertas precauciones, a trav\u00e9s de un programa de devoluci\u00f3n de farmacia o con una bolsa de eliminaci\u00f3n.<\/p>\n<p>Llena la bolsa sellable con el medicamento, agrega un poco de agua, ag\u00edtala y desecha la bolsa.<\/p>\n<p>La bolsa contiene carb\u00f3n, que desactiva el medicamento, por lo que es seguro tirarlo a la basura.<\/p>\n\t<h3>D\u00eda de devoluci\u00f3n de medicamentos<\/h3>\n<p>Cada a\u00f1o, hay eventos de devoluci\u00f3n de medicamentos donde puede dejar sus medicamentos recetados para desecharlos de manera segura. Se llevan a cabo cada oto\u00f1o y primavera.<\/p>\n<p><a href=\"https:\/\/apps2.deadiversion.usdoj.gov\/NTBI\/NTBI-PUB.pub;jsessionid=eok_7496ISLHX1XN6KwiBJs1LFug_LlU3VoWHx7U.web1?_flowExecutionKey=_c8710170A-AC86-0E50-1E2F-F12DE4152607_k050F69E5-77E8-5CE1-21C4-8AF29D72BB29\" target=\"_blank\" rel=\"noopener\">Buscar en la base de datos de la Agencia Antidrogas<\/a>\u00a0por c\u00f3digo postal para encontrar un sitio local de devoluci\u00f3n de medicamentos en Maryland.<\/p>\n<h3>Medication Dropoff Boxes<\/h3>\n<p>Algunas farmacias y departamentos de polic\u00eda tienen cajas para desechar pastillas que puede usar en cualquier momento del a\u00f1o.<\/p>\n<p>\u00c9l\u00a0<a href=\"https:\/\/safe.pharmacy\/drug-disposal\/results\/?address=21601&amp;distance=100\" target=\"_blank\" rel=\"noopener\">Asociaci\u00f3n Nacional de Juntas de Farmacia<\/a>\u00a0tiene una b\u00fasqueda de c\u00f3digo postal para encontrar un buz\u00f3n de eliminaci\u00f3n local que siempre est\u00e9 disponible.<\/p>\n<p><a href=\"https:\/\/www.walgreens.com\/storelocator\/find.jsp?RxDisposal=true\" target=\"_blank\" rel=\"noopener\">Walgreens tambi\u00e9n tiene su propia b\u00fasqueda de quioscos de drogas<\/a>\u00a0que est\u00e1n disponibles durante el horario de farmacia.<\/p>\n<p>Varios departamentos de polic\u00eda de Maryland tienen cajas de medicamentos que permiten que una persona ingrese y se deshaga de los medicamentos en cualquier momento.\u00a0<a href=\"https:\/\/www.rxdrugdropbox.org\/loc\/maryland\/page\/2\/\" target=\"_blank\" rel=\"noopener\">Busque una caja de medicamentos de Maryland<\/a>.<\/p>\n<p>T\u00fa tambi\u00e9n puedes\u00a0<a href=\"https:\/\/apps.deadiversion.usdoj.gov\/pubdispsearch\/spring\/main;jsessionid=fq7vl3mOzhqOw4Y5iIIJPgoCw7tEg_83X0rygMp5.web1?execution=e1s1\" target=\"_blank\" rel=\"noopener\">buscar en la base de datos de disposici\u00f3n p\u00fablica de sustancias controladas<\/a>\u00a0para encontrar un lugar cerca de usted que acepte medicamentos recetados.<\/p>\n<figure itemscope itemtype=\"https:\/\/schema.org\/ImageObject\">\n\t\t\t\t<img decoding=\"async\" src=\"http:\/\/211md.org\/wp-content\/uploads\/2025\/09\/man-looking-at-old-medications-in-medicine-cabinet.jpg\" alt=\"man looking at old medication in medicine cabinet\" title=\"man looking at old medications in medicine cabinet\" onerror=\"this.style.display='none'\" loading=\"lazy\" \/>\n\t<\/figure>\n<figure itemscope itemtype=\"https:\/\/schema.org\/ImageObject\">\n\t\t\t\t<img decoding=\"async\" src=\"https:\/\/211md.org\/wp-content\/plugins\/bb-plugin\/img\/pixel.png\" alt=\"\" onerror=\"this.style.display='none'\" loading=\"lazy\" \/>\n\t<\/figure>\n\t<h3>C\u00f3mo desechar medicamentos viejos<\/h3>\n<p>Si no puede encontrar un sitio de eliminaci\u00f3n de medicamentos cerca de usted, no puede esperar hasta el pr\u00f3ximo d\u00eda de devoluci\u00f3n y no tiene acceso a una bolsa de eliminaci\u00f3n de medicamentos; puede tirar algunos medicamentos al inodoro o tirarlos a la basura. basura.<\/p>\n<p>Nuevamente, es mejor deshacerse de ellos adecuadamente si es posible.<\/p>\n<p>Las drogas van a una planta de tratamiento de aguas residuales cuando se vierten por el fregadero o se tiran por el inodoro. Estas plantas no est\u00e1n dise\u00f1adas para eliminar medicamentos de forma rutinaria. Como resultado, la medicina puede filtrarse en las aguas subterr\u00e1neas, r\u00edos y arroyos, llegando a las fuentes de agua potable.<\/p>\n<h3>Lista de descarga de la FDA<\/h3>\n<p>Algunas drogas son tan peligrosas cuando est\u00e1n en las manos equivocadas y tan com\u00fanmente mal utilizadas que la Administraci\u00f3n de Drogas y Alimentos cre\u00f3 una\u00a0<a href=\"https:\/\/www.fda.gov\/drugs\/disposal-unused-medicines-what-you-should-know\/drug-disposal-fdas-flush-list-certain-medicines#FlushList\" target=\"_blank\" rel=\"noopener\">lista de descargas aprobadas<\/a>. Solo deseche los medicamentos de esta lista si no hay otras opciones disponibles.<\/p>\n<p>Estos medicamentos pueden causar la muerte con una sola dosis si se toman de manera inapropiada. La FDA cree que el riesgo de exposici\u00f3n accidental supera con creces las preocupaciones ambientales de ciertos medicamentos. Por lo tanto, es mejor desechar estos medicamentos que esperar el d\u00eda de su devoluci\u00f3n.<\/p>\n<p>La otra opci\u00f3n es mezclar el medicamento con arena para gatos o caf\u00e9 molido y sellarlo en un recipiente desechable. Puede ser un envase de yogur vac\u00edo o una bolsa sellable. Retire la etiqueta adhesiva del frasco del medicamento o use un marcador permanente para eliminar la informaci\u00f3n identificable y deseche el frasco vac\u00edo por separado.<\/p>\n<p>&nbsp;<\/p>\n<p>&nbsp;<\/p>\n<h2>\u00bfNecesitas algo m\u00e1s?<\/h2>\n<p>El 211 cuenta con miles de recursos para otras necesidades esenciales. \u00a1Obtenga ayuda con alimentos, vivienda, servicios p\u00fablicos y m\u00e1s!<\/p>\n<p>&nbsp;<\/p>\n\t\t\t<a href=\"\/es\/recursos\/alimento\/\"  target=\"_self\">\n\t\t\t\t\t\tencontrar comida\n\t\t\t\t\t<\/a>\n\t\t\t<a href=\"\/es\/recursos\/vivienda-refugio\/\"  target=\"_self\">\n\t\t\t\t\t\tencontrar vivienda\n\t\t\t\t\t<\/a>\n\t\t\t<a href=\"\/es\/recursos\/utilidades\/\"  target=\"_self\">\n\t\t\t\t\t\tobtener asistencia con los servicios p\u00fablicos\n\t\t\t\t\t<\/a>\n\t\t\t<a href=\"\/es\/recursos-por-condado\/\"  target=\"_self\">\n\t\t\t\t\t\trecursos por condado\n\t\t\t\t\t<\/a>\n<h2>\n\t\t\tOther Articles You May Like\t<\/h2>\n\t\t<h4><a href=\"\/es\/recursos\/envejecimiento-discapacidad\/?utm_source=Home&#038;utm_medium=Referral&#038;utm_campaign=211Resources&#038;utm_content=Aging\" target=\"_self\">Envejecimiento y discapacidad<\/a><\/h4><figure itemscope itemtype=\"https:\/\/schema.org\/ImageObject\">\n\t\t\t\t<a href=\"\/es\/recursos\/envejecimiento-discapacidad\/?utm_source=Home&#038;utm_medium=Referral&#038;utm_campaign=211Resources&#038;utm_content=Aging\"  target=\"_self\" itemprop=\"url\">\n\t\t\t\t<img decoding=\"async\" src=\"https:\/\/211md.org\/wp-content\/uploads\/bb-plugin\/cache\/2025_MdInfoNet_Icon-Sets_Aging-disability-square-c466727102cae71e5f27b8539bb51945-.png\" alt=\"\" onerror=\"this.style.display='none'\" loading=\"lazy\" \/>\n\t\t\t\t<\/a>\n\t<\/figure>\n\t\t<h4><a href=\"\/es\/recursos\/ninos-familias\/?utm_source=Home&#038;utm_medium=Referral&#038;utm_campaign=211Resources&#038;utm_content=Children\" target=\"_self\">Ni\u00f1os y familias<\/a><\/h4><figure itemscope itemtype=\"https:\/\/schema.org\/ImageObject\">\n\t\t\t\t<a href=\"\/es\/recursos\/ninos-familias\/?utm_source=Home&#038;utm_medium=Referral&#038;utm_campaign=211Resources&#038;utm_content=Children\"  target=\"_self\" itemprop=\"url\">\n\t\t\t\t<img decoding=\"async\" src=\"https:\/\/211md.org\/wp-content\/uploads\/bb-plugin\/cache\/2025_211_Icon-Sets_Child-care-square-f3b0d4edab3dcc467fadb5f55f4064c6-.png\" alt=\"parent and child icon for child care\" height=\"417\" width=\"417\" title=\"2025_211_Conjuntos de iconos_Cuidado infantil\" onerror=\"this.style.display='none'\" loading=\"lazy\" \/>\n\t\t\t\t<\/a>\n\t<\/figure>\n\t\t<h4><a href=\"\/es\/recursos\/violencia-domestica-familiar\/?utm_source=Home&#038;utm_medium=Referral&#038;utm_campaign=211Resources&#038;utm_content=Domestic\" target=\"_self\">Violencia dom\u00e9stica<\/a><\/h4><figure itemscope itemtype=\"https:\/\/schema.org\/ImageObject\">\n\t\t\t\t<a href=\"\/es\/recursos\/violencia-domestica-familiar\/?utm_source=Home&#038;utm_medium=Referral&#038;utm_campaign=211Resources&#038;utm_content=Domestic\"  target=\"_self\" itemprop=\"url\">\n\t\t\t\t<img decoding=\"async\" src=\"https:\/\/211md.org\/wp-content\/uploads\/bb-plugin\/cache\/2025_211_Icon-Sets_Domestic-Violence-square-7b597694a6f05fe90cdc376aa573bc63-.png\" alt=\"House with a heart in the middle icon\" height=\"417\" width=\"417\" title=\"2025_211_Conjuntos de iconos_Violencia dom\u00e9stica\" onerror=\"this.style.display='none'\" loading=\"lazy\" \/>\n\t\t\t\t<\/a>\n\t<\/figure>\n\t\t<h4><a href=\"\/es\/recursos\/busqueda-de-empleo\/?utm_source=Home&#038;utm_medium=Referral&#038;utm_campaign=211Resources&#038;utm_content=Employment\" target=\"_self\">Empleo<\/a><\/h4><figure itemscope itemtype=\"https:\/\/schema.org\/ImageObject\">\n\t\t\t\t<a href=\"\/es\/recursos\/busqueda-de-empleo\/?utm_source=Home&#038;utm_medium=Referral&#038;utm_campaign=211Resources&#038;utm_content=Employment\"  target=\"_self\" itemprop=\"url\">\n\t\t\t\t<img decoding=\"async\" src=\"https:\/\/211md.org\/wp-content\/uploads\/bb-plugin\/cache\/2025_MdInfoNet_Icon-Sets_Employment-square-44707bd410e4df10a470bf130ebcea86-.png\" alt=\"\" onerror=\"this.style.display='none'\" loading=\"lazy\" \/>\n\t\t\t\t<\/a>\n\t<\/figure>\n\t\t<h4><a href=\"\/es\/recursos\/cuidado-de-la-salud\/?utm_source=Home&#038;utm_medium=Referral&#038;utm_campaign=211Resources&#038;utm_content=Health%20Care\" target=\"_self\">Cuidado de la salud<\/a><\/h4><figure itemscope itemtype=\"https:\/\/schema.org\/ImageObject\">\n\t\t\t\t<a href=\"\/es\/recursos\/cuidado-de-la-salud\/?utm_source=Home&#038;utm_medium=Referral&#038;utm_campaign=211Resources&#038;utm_content=Health%20Care\"  target=\"_self\" itemprop=\"url\">\n\t\t\t\t<img decoding=\"async\" src=\"https:\/\/211md.org\/wp-content\/uploads\/bb-plugin\/cache\/2025_MdInfoNet_Icon-Sets_Health-Care-square-dee98a0060cbe0e7f27eda253fc12679-.png\" alt=\"\" onerror=\"this.style.display='none'\" loading=\"lazy\" \/>\n\t\t\t\t<\/a>\n\t<\/figure>\n\t\t<h4><a href=\"\/es\/recursos\/nuevo-en-los-estados-unidos-y-maryland\/?utm_source=Home&#038;utm_medium=Referral&#038;utm_campaign=211Resources&#038;utm_content=Immigration\" target=\"_self\">Inmigraci\u00f3n<\/a><\/h4><figure itemscope itemtype=\"https:\/\/schema.org\/ImageObject\">\n\t\t\t\t<a href=\"\/es\/recursos\/nuevo-en-los-estados-unidos-y-maryland\/?utm_source=Home&#038;utm_medium=Referral&#038;utm_campaign=211Resources&#038;utm_content=Immigration\"  target=\"_self\" itemprop=\"url\">\n\t\t\t\t<img decoding=\"async\" src=\"https:\/\/211md.org\/wp-content\/uploads\/bb-plugin\/cache\/2025_MdInfoNet_Icon-Sets_Immigration-square-8b97b7fdfe5e6071405e216855065118-.png\" alt=\"icono de inmigraci\u00f3n\" title=\"2025_MdInfoNet_Icon-Sets_Immigration\" onerror=\"this.style.display='none'\" loading=\"lazy\" \/>\n\t\t\t\t<\/a>\n\t<\/figure>\n\t\t<h4><a href=\"\/es\/recursos\/ninos-familias\/parentesco\/?utm_source=Home&#038;utm_medium=Referral&#038;utm_campaign=211Resources&#038;utm_content=Kinship\" target=\"_self\">Parentesco<\/a><\/h4><figure itemscope itemtype=\"https:\/\/schema.org\/ImageObject\">\n\t\t\t\t<a href=\"\/es\/recursos\/ninos-familias\/parentesco\/?utm_source=Home&#038;utm_medium=Referral&#038;utm_campaign=211Resources&#038;utm_content=Kinship\"  target=\"_self\" itemprop=\"url\">\n\t\t\t\t<img decoding=\"async\" src=\"https:\/\/211md.org\/wp-content\/uploads\/bb-plugin\/cache\/2025_211_Icon-Sets_Kinship-square-45bdf872866f5735f842c32071109267-.png\" alt=\"Icono de parentesco\" height=\"417\" width=\"417\" title=\"2025_211_Conjuntos de iconos_Parentesco\" onerror=\"this.style.display='none'\" loading=\"lazy\" \/>\n\t\t\t\t<\/a>\n\t<\/figure>\n\t\t<h4><a href=\"\/es\/recursos\/servicios-legales\/?utm_source=Home&#038;utm_medium=Referral&#038;utm_campaign=211Resources&#038;utm_content=Legal\" target=\"_self\">Servicios Legales<\/a><\/h4><figure itemscope itemtype=\"https:\/\/schema.org\/ImageObject\">\n\t\t\t\t<a href=\"\/es\/recursos\/servicios-legales\/?utm_source=Home&#038;utm_medium=Referral&#038;utm_campaign=211Resources&#038;utm_content=Legal\"  target=\"_self\" itemprop=\"url\">\n\t\t\t\t<img decoding=\"async\" src=\"https:\/\/211md.org\/wp-content\/uploads\/bb-plugin\/cache\/2025_MdInfoNet_Icon-Sets_Legal-square-18fdf438feb8435588174d9046463257-.png\" alt=\"\" onerror=\"this.style.display='none'\" loading=\"lazy\" \/>\n\t\t\t\t<\/a>\n\t<\/figure>\n\t\t<h4><a href=\"\/es\/recursos\/salud-mental\/?utm_source=Home&#038;utm_medium=Referral&#038;utm_campaign=211Resources&#038;utm_content=Mental\" target=\"_self\">Salud mental<\/a><\/h4><figure itemscope itemtype=\"https:\/\/schema.org\/ImageObject\">\n\t\t\t\t<a href=\"\/es\/recursos\/salud-mental\/?utm_source=Home&#038;utm_medium=Referral&#038;utm_campaign=211Resources&#038;utm_content=Mental\"  target=\"_self\" itemprop=\"url\">\n\t\t\t\t<img decoding=\"async\" src=\"https:\/\/211md.org\/wp-content\/uploads\/bb-plugin\/cache\/2025_MdInfoNet_Icon-Sets_Mental-Health-square-c59b38c4a993a947d4c9280fbe2d2fee-.png\" alt=\"\" onerror=\"this.style.display='none'\" loading=\"lazy\" \/>\n\t\t\t\t<\/a>\n\t<\/figure>\n\t\t<h4><a href=\"\/es\/recursos\/mdreentry\/?utm_source=Home&#038;utm_medium=Referral&#038;utm_campaign=211Resources&#038;utm_content=Reentry\" target=\"_self\">Reentrada<\/a><\/h4><figure itemscope itemtype=\"https:\/\/schema.org\/ImageObject\">\n\t\t\t\t<a href=\"\/es\/recursos\/mdreentry\/?utm_source=Home&#038;utm_medium=Referral&#038;utm_campaign=211Resources&#038;utm_content=Reentry\"  target=\"_self\" itemprop=\"url\">\n\t\t\t\t<img decoding=\"async\" src=\"https:\/\/211md.org\/wp-content\/uploads\/bb-plugin\/cache\/2025_211_Icon-Sets_Reentry-square-8676fea38abd920a832f45642fe31cca-.png\" alt=\"Icono de reentrada\" height=\"417\" width=\"417\" title=\"2025_211_Conjuntos de iconos_Reentrada\" onerror=\"this.style.display='none'\" loading=\"lazy\" \/>\n\t\t\t\t<\/a>\n\t<\/figure>\n\t\t<h4><a href=\"\/es\/recursos\/consumo-de-sustancias\/?utm_source=Home&#038;utm_medium=Referral&#038;utm_campaign=211Resources&#038;utm_content=Substance\" target=\"_self\">Uso de sustancias<\/a><\/h4><figure itemscope itemtype=\"https:\/\/schema.org\/ImageObject\">\n\t\t\t\t<a href=\"\/es\/recursos\/consumo-de-sustancias\/?utm_source=Home&#038;utm_medium=Referral&#038;utm_campaign=211Resources&#038;utm_content=Substance\"  target=\"_self\" itemprop=\"url\">\n\t\t\t\t<img decoding=\"async\" src=\"https:\/\/211md.org\/wp-content\/uploads\/bb-plugin\/cache\/2025_MdInfoNet_Icon-Sets_Substance-Abuse-square-4f414f085e657267739c181957754f48-.png\" alt=\"Pills for substance Use icon\" title=\"2025_MdInfoNet_Icon-Sets_Substance-Abuse\" onerror=\"this.style.display='none'\" loading=\"lazy\" \/>\n\t\t\t\t<\/a>\n\t<\/figure>\n\t\t<h4><a href=\"\/es\/recursos\/veteranos\/?utm_source=Home&#038;utm_medium=Referral&#038;utm_campaign=211Resources&#038;utm_content=Veterans\" target=\"_self\">veteranos<\/a><\/h4><figure itemscope itemtype=\"https:\/\/schema.org\/ImageObject\">\n\t\t\t\t<a href=\"\/es\/recursos\/veteranos\/?utm_source=Home&#038;utm_medium=Referral&#038;utm_campaign=211Resources&#038;utm_content=Veterans\"  target=\"_self\" itemprop=\"url\">\n\t\t\t\t<img decoding=\"async\" src=\"https:\/\/211md.org\/wp-content\/uploads\/bb-plugin\/cache\/2025_MdInfoNet_Icon-Sets_Rating-square-6e60d00cce4faa8e0a6d4ad7366aa733-.png\" alt=\"\" onerror=\"this.style.display='none'\" loading=\"lazy\" \/>\n\t\t\t\t<\/a>\n\t<\/figure>","protected":false},"excerpt":{"rendered":"<p>Default Page Heading Do you have old, expired, unwanted, or unused prescriptions or over-the-counter drugs in your medicine cabinet? Safe disposal of medications can help prevent opiod use. Medication can also cause environmental problems when improperly disposed of in the trash or flushed down the toilet. Learn about ways to properly dispose of medications. Get&hellip;<\/p>","protected":false},"author":8,"featured_media":4027,"parent":837,"menu_order":0,"comment_status":"closed","ping_status":"closed","template":"","meta":{"footnotes":""},"class_list":["post-1116","page","type-page","status-publish","has-post-thumbnail","hentry"],"_links":{"self":[{"href":"https:\/\/211md.org\/es\/wp-json\/wp\/v2\/pages\/1116","targetHints":{"allow":["GET"]}}],"collection":[{"href":"https:\/\/211md.org\/es\/wp-json\/wp\/v2\/pages"}],"about":[{"href":"https:\/\/211md.org\/es\/wp-json\/wp\/v2\/types\/page"}],"author":[{"embeddable":true,"href":"https:\/\/211md.org\/es\/wp-json\/wp\/v2\/users\/8"}],"replies":[{"embeddable":true,"href":"https:\/\/211md.org\/es\/wp-json\/wp\/v2\/comments?post=1116"}],"version-history":[{"count":7,"href":"https:\/\/211md.org\/es\/wp-json\/wp\/v2\/pages\/1116\/revisions"}],"predecessor-version":[{"id":34612,"href":"https:\/\/211md.org\/es\/wp-json\/wp\/v2\/pages\/1116\/revisions\/34612"}],"up":[{"embeddable":true,"href":"https:\/\/211md.org\/es\/wp-json\/wp\/v2\/pages\/837"}],"wp:featuredmedia":[{"embeddable":true,"href":"https:\/\/211md.org\/es\/wp-json\/wp\/v2\/media\/4027"}],"wp:attachment":[{"href":"https:\/\/211md.org\/es\/wp-json\/wp\/v2\/media?parent=1116"}],"curies":[{"name":"Gracias","href":"https:\/\/api.w.org\/{rel}","templated":true}]}}