{"id":1120,"date":"2021-04-19T16:31:34","date_gmt":"2021-04-19T16:31:34","guid":{"rendered":"https:\/\/211md.org\/?page_id=1120"},"modified":"2023-10-31T16:07:47","modified_gmt":"2023-10-31T20:07:47","slug":"ser-un-propietario","status":"publish","type":"page","link":"https:\/\/211md.org\/es\/resources\/legal-services\/being-a-landlord\/","title":{"rendered":"Ser propietario"},"content":{"rendered":"<p>El negocio de poseer y administrar propiedades residenciales de alquiler es muy parecido a cualquier negocio. Se necesita investigaci\u00f3n, planificaci\u00f3n y conocimiento. Como propietario de Maryland, es importante que conozca las leyes federales, estatales y locales que rigen la relaci\u00f3n entre propietario e inquilino. Aqu\u00ed hay algunos recursos que pueden ayudarlo como arrendador.<\/p>\n<p>\u00c9l&nbsp;<a href=\"https:\/\/peoples-law.org\/being-landlord\" target=\"_blank\" rel=\"noreferrer noopener\">La Biblioteca de Derecho Popular de Maryland tiene recursos y documentos.<\/a>&nbsp;que puede informarle sobre sus derechos y responsabilidades como arrendador.<\/p>\n<h2>Informaci\u00f3n relacionada<\/h2>\n<p><a title=\"Derechos del inquilino\" href=\"https:\/\/211md.org\/es\/recursos\/servicios-legales\/derechos-de-los-inquilinos\/\">Derechos del inquilino<\/a><\/p>\n<p><a href=\"https:\/\/211md.org\/es\/recursos\/vivienda-refugio\/\">Alojamiento<\/a><\/p>\n<h2>\n\t\tBuscar recursos\n\t<\/h2>\n\t\t\t\t<a href=\"\/es\/recursos\/envejecimiento-discapacidad\/\" target=\"_self\" itemprop=\"url\" rel=\"noopener\">\n\t\t\t\t<img loading=\"lazy\" decoding=\"async\" src=\"https:\/\/211md.org\/wp-content\/uploads\/bb-plugin\/cache\/Mask-Group-41@2x-circle.png\" alt=\"Los pies de una mujer mayor y una mujer m\u00e1s joven caminando juntas\" itemprop=\"image\" height=\"500\" width=\"500\" title=\"Servicios para discapacitados\" onerror=\"this.style.display='none'\">\n\t\t\t\t<\/a>\n\t\t<h3><a href=\"\/es\/recursos\/envejecimiento-discapacidad\/\" target=\"_self\" rel=\"noopener\">Envejecimiento y discapacidad<\/a><\/h3>\t\t\n\t\t\t\t<a href=\"\/es\/recursos\/ninos-familias\/\" target=\"_self\" itemprop=\"url\" rel=\"noopener\">\n\t\t\t\t<img loading=\"lazy\" decoding=\"async\" src=\"https:\/\/211md.org\/wp-content\/uploads\/bb-plugin\/cache\/Mask-Group-38@2x-circle.png\" alt=\"Un ni\u00f1o y una ni\u00f1a sonriendo y mirando a la c\u00e1mara.\" itemprop=\"image\" height=\"500\" width=\"500\" title=\"M\u00e1scara Grupo 38@2x\" onerror=\"this.style.display='none'\">\n\t\t\t\t<\/a>\n\t\t<h3><a href=\"\/es\/recursos\/ninos-familias\/\" target=\"_self\" rel=\"noopener\">Ni\u00f1os y Familias<\/a><\/h3>\t\t\n\t\t\t\t<a href=\"\/es\/recursos\/centro-de-recursos-covid-19\/\" target=\"_self\" itemprop=\"url\" rel=\"noopener\">\n\t\t\t\t<img loading=\"lazy\" decoding=\"async\" src=\"https:\/\/211md.org\/wp-content\/uploads\/bb-plugin\/cache\/Mask-Group-35-circle.png\" alt=\"Un golpe de codo de hombre y mujer\" itemprop=\"image\" height=\"500\" width=\"500\" title=\"M\u00e1scara Grupo 35\" onerror=\"this.style.display='none'\">\n\t\t\t\t<\/a>\n\t\t<h3><a href=\"\/es\/recursos\/centro-de-recursos-covid-19\/\" target=\"_self\" rel=\"noopener\">Recursos COVID-19<\/a><\/h3>\t\t\n\t\t\t\t<a href=\"\/es\/recursos\/violencia-domestica-familiar\/\" target=\"_self\" itemprop=\"url\" rel=\"noopener\">\n\t\t\t\t<img loading=\"lazy\" decoding=\"async\" src=\"https:\/\/211md.org\/wp-content\/uploads\/bb-plugin\/cache\/Mask-Group-39@2x-circle.png\" alt=\"Dos pares de manos abraz\u00e1ndose\" itemprop=\"image\" height=\"500\" width=\"500\" title=\"M\u00e1scara Grupo 39@2x\" onerror=\"this.style.display='none'\">\n\t\t\t\t<\/a>\n\t\t<h3><a href=\"\/es\/recursos\/violencia-domestica-familiar\/\" target=\"_self\" rel=\"noopener\">Violencia Dom\u00e9stica\/ Familiar<\/a><\/h3>\t\t\n\t\t\t\t<a href=\"\/es\/recursos\/busqueda-de-empleo\/\" target=\"_self\" itemprop=\"url\" rel=\"noopener\">\n\t\t\t\t<img loading=\"lazy\" decoding=\"async\" src=\"https:\/\/211md.org\/wp-content\/uploads\/bb-plugin\/cache\/Employment-circle.png\" alt=\"un mec\u00e1nico de autom\u00f3viles\" itemprop=\"image\" height=\"500\" width=\"500\" title=\"Empleo\" onerror=\"this.style.display='none'\">\n\t\t\t\t<\/a>\n\t\t<h3><a href=\"\/es\/recursos\/busqueda-de-empleo\/\" target=\"_self\" rel=\"noopener\">Empleo<\/a><\/h3>\t\t\n\t\t\t\t<a href=\"\/es\/recursos\/cuidado-de-la-salud\/\" target=\"_self\" itemprop=\"url\" rel=\"noopener\">\n\t\t\t\t<img loading=\"lazy\" decoding=\"async\" src=\"https:\/\/211md.org\/wp-content\/uploads\/bb-plugin\/cache\/Mask-Group-35@2x-circle.png\" alt=\"doctor, el mirar, ni\u00f1os, pierna\" itemprop=\"image\" height=\"500\" width=\"500\" title=\"M\u00e1scara Grupo 35@2x\" onerror=\"this.style.display='none'\">\n\t\t\t\t<\/a>\n\t\t<h3><a href=\"\/es\/recursos\/cuidado-de-la-salud\/\" target=\"_self\" rel=\"noopener\">Cuidado de la salud<\/a><\/h3>\t\t\n\t\t\t\t<a href=\"\/es\/recursos\/alimento\/\" target=\"_self\" itemprop=\"url\" rel=\"noopener\">\n\t\t\t\t<img loading=\"lazy\" decoding=\"async\" src=\"https:\/\/211md.org\/wp-content\/uploads\/bb-plugin\/cache\/Mask-Group-32@2x-circle.png\" alt=\"Vegetales frescos\" itemprop=\"image\" height=\"500\" width=\"500\" title=\"M\u00e1scara Grupo 32@2x\" onerror=\"this.style.display='none'\">\n\t\t\t\t<\/a>\n\t\t<h3><a href=\"\/es\/recursos\/alimento\/\" target=\"_self\" rel=\"noopener\">Alimento<\/a><\/h3>\t\t\n\t\t\t\t<a href=\"\/es\/recursos\/vivienda-refugio\/\" target=\"_self\" itemprop=\"url\" rel=\"noopener\">\n\t\t\t\t<img loading=\"lazy\" decoding=\"async\" src=\"https:\/\/211md.org\/wp-content\/uploads\/bb-plugin\/cache\/Mask-Group-34@2x-circle.png\" alt=\"Balc\u00f3n del complejo de apartamentos\" itemprop=\"image\" height=\"500\" width=\"500\" title=\"Complejo de apartamentos\" onerror=\"this.style.display='none'\">\n\t\t\t\t<\/a>\n\t\t<h3><a href=\"\/es\/recursos\/vivienda-refugio\/\" target=\"_self\" rel=\"noopener\">Vivienda y refugio<\/a><\/h3>\t\t\n\t\t\t\t<a href=\"\/es\/nuevo-en-los-estados-unidos-y-maryland\/\" target=\"_self\" itemprop=\"url\" rel=\"noopener\">\n\t\t\t\t<img loading=\"lazy\" decoding=\"async\" src=\"https:\/\/211md.org\/wp-content\/uploads\/bb-plugin\/cache\/American-flag-circle.jpg\" alt=\"bandera estadounidense\" itemprop=\"image\" height=\"364\" width=\"1366\" title=\"Bandera estadounidense\" onerror=\"this.style.display='none'\">\n\t\t\t\t<\/a>\n\t\t<h3><a href=\"\/es\/nuevo-en-los-estados-unidos-y-maryland\/\" target=\"_self\" rel=\"noopener\">Inmigraci\u00f3n<\/a><\/h3>\t\t\n\t\t\t\t<a href=\"\/es\/recursos\/servicios-legales\/\" target=\"_self\" itemprop=\"url\" rel=\"noopener\">\n\t\t\t\t<img loading=\"lazy\" decoding=\"async\" src=\"https:\/\/211md.org\/wp-content\/uploads\/bb-plugin\/cache\/Housing-Legal-circle.png\" alt=\"Martillo legal con un modelo de pl\u00e1stico de una casa al lado\" itemprop=\"image\" height=\"348\" width=\"460\" title=\"vivienda legal\" onerror=\"this.style.display='none'\">\n\t\t\t\t<\/a>\n\t\t<h3><a href=\"\/es\/recursos\/servicios-legales\/\" target=\"_self\" rel=\"noopener\">Servicios Legales<\/a><\/h3>\t\t\n\t\t\t\t<a href=\"\/es\/recursos\/salud-mental\/\" target=\"_self\" itemprop=\"url\" rel=\"noopener\">\n\t\t\t\t<img loading=\"lazy\" decoding=\"async\" src=\"https:\/\/211md.org\/wp-content\/uploads\/bb-plugin\/cache\/Mask-Group-40@2x-circle.png\" alt=\"Los perfiles de un hombre y una mujer\" itemprop=\"image\" height=\"500\" width=\"500\" title=\"M\u00e1scara Grupo 40@2x\" onerror=\"this.style.display='none'\">\n\t\t\t\t<\/a>\n\t\t<h3><a href=\"\/es\/recursos\/salud-mental\/\" target=\"_self\" rel=\"noopener\">Salud mental<\/a><\/h3>\t\t\n\t\t\t\t<a href=\"\/es\/para-el-odio\/\" target=\"_self\" itemprop=\"url\" rel=\"noopener\">\n\t\t\t\t<img loading=\"lazy\" decoding=\"async\" src=\"https:\/\/211md.org\/wp-content\/uploads\/bb-plugin\/cache\/Background-section-MDStophate-circle.jpg\" alt=\"Fondo-secci\u00f3n-MDStophate\" itemprop=\"image\" height=\"768\" width=\"1366\" title=\"Fondo-secci\u00f3n-MDStophate\" onerror=\"this.style.display='none'\">\n\t\t\t\t<\/a>\n\t\t<h3><a href=\"\/es\/para-el-odio\/\" target=\"_self\" rel=\"noopener\">Los cr\u00edmenes y incidentes de odio<\/a><\/h3>\t\t\n\t\t\t\t<a href=\"\/es\/recursos\/consumo-de-sustancias\/\" target=\"_self\" itemprop=\"url\" rel=\"noopener\">\n\t\t\t\t<img loading=\"lazy\" decoding=\"async\" src=\"https:\/\/211md.org\/wp-content\/uploads\/bb-plugin\/cache\/Substance-Use-circle.png\" alt=\"Pastillas para romper a mano\" itemprop=\"image\" height=\"500\" width=\"500\" title=\"Uso de sustancias\" onerror=\"this.style.display='none'\">\n\t\t\t\t<\/a>\n\t\t<h3><a href=\"\/es\/recursos\/consumo-de-sustancias\/\" target=\"_self\" rel=\"noopener\">Uso de sustancias<\/a><\/h3>\t\t\n\t\t\t\t<a href=\"\/es\/recursos\/servicios-de-impuestos\/\" target=\"_self\" itemprop=\"url\" rel=\"noopener\">\n\t\t\t\t<img loading=\"lazy\" decoding=\"async\" src=\"https:\/\/211md.org\/wp-content\/uploads\/bb-plugin\/cache\/Mask-Group-34-circle.png\" alt=\"Persona que llena el papeleo del impuesto sobre la renta\" itemprop=\"image\" height=\"500\" width=\"500\" title=\"M\u00e1scara Grupo 34\" onerror=\"this.style.display='none'\">\n\t\t\t\t<\/a>\n\t\t<h3><a href=\"\/es\/recursos\/servicios-de-impuestos\/\" target=\"_self\" rel=\"noopener\">Servicios de Impuestos<\/a><\/h3>\t\t\n\t\t\t\t<a href=\"\/es\/recursos\/asistencia-de-servicios-publicos\/\" target=\"_self\" itemprop=\"url\" rel=\"noopener\">\n\t\t\t\t<img loading=\"lazy\" decoding=\"async\" src=\"https:\/\/211md.org\/wp-content\/uploads\/bb-plugin\/cache\/Mask-Group-37@2x-circle.png\" alt=\"Una bombilla encendida\" itemprop=\"image\" height=\"500\" width=\"500\" title=\"M\u00e1scara Grupo 37@2x\" onerror=\"this.style.display='none'\">\n\t\t\t\t<\/a>\n\t\t<h3><a href=\"\/es\/recursos\/asistencia-de-servicios-publicos\/\" target=\"_self\" rel=\"noopener\">Asistencia de servicios p\u00fablicos<\/a><\/h3>\t\t\n\t\t\t\t<a href=\"\/es\/recursos\/veteranos\/\" target=\"_self\" itemprop=\"url\" rel=\"noopener\">\n\t\t\t\t<img loading=\"lazy\" decoding=\"async\" src=\"https:\/\/211md.org\/wp-content\/uploads\/bb-plugin\/cache\/Veterans-circle.png\" alt=\"Un soldado estrechando la mano de alguien y sonriendo.\" itemprop=\"image\" height=\"500\" width=\"500\" title=\"veteranos\" onerror=\"this.style.display='none'\">\n\t\t\t\t<\/a>\n\t\t<h3><a href=\"\/es\/recursos\/veteranos\/\" target=\"_self\" rel=\"noopener\">veteranos<\/a><\/h3>","protected":false},"excerpt":{"rendered":"<p>El negocio de poseer y administrar propiedades residenciales de alquiler es muy parecido a cualquier negocio. Se necesita investigaci\u00f3n, planificaci\u00f3n y conocimiento. Como propietario de Maryland, es importante que conozca las leyes federales, estatales y locales que rigen la relaci\u00f3n entre propietario e inquilino. Aqu\u00ed hay algunos recursos que pueden ayudarlo como propietario. La Biblioteca de Derecho del Pueblo\u2026<\/p>","protected":false},"author":8,"featured_media":1905,"parent":928,"menu_order":0,"comment_status":"closed","ping_status":"closed","template":"","meta":{"footnotes":""},"class_list":["post-1120","page","type-page","status-publish","has-post-thumbnail","hentry"],"_links":{"self":[{"href":"https:\/\/211md.org\/es\/wp-json\/wp\/v2\/pages\/1120","targetHints":{"allow":["GET"]}}],"collection":[{"href":"https:\/\/211md.org\/es\/wp-json\/wp\/v2\/pages"}],"about":[{"href":"https:\/\/211md.org\/es\/wp-json\/wp\/v2\/types\/page"}],"author":[{"embeddable":true,"href":"https:\/\/211md.org\/es\/wp-json\/wp\/v2\/users\/8"}],"replies":[{"embeddable":true,"href":"https:\/\/211md.org\/es\/wp-json\/wp\/v2\/comments?post=1120"}],"version-history":[{"count":0,"href":"https:\/\/211md.org\/es\/wp-json\/wp\/v2\/pages\/1120\/revisions"}],"up":[{"embeddable":true,"href":"https:\/\/211md.org\/es\/wp-json\/wp\/v2\/pages\/928"}],"wp:featuredmedia":[{"embeddable":true,"href":"https:\/\/211md.org\/es\/wp-json\/wp\/v2\/media\/1905"}],"wp:attachment":[{"href":"https:\/\/211md.org\/es\/wp-json\/wp\/v2\/media?parent=1120"}],"curies":[{"name":"Gracias","href":"https:\/\/api.w.org\/{rel}","templated":true}]}}