{"id":1130,"date":"2021-04-19T16:48:43","date_gmt":"2021-04-19T16:48:43","guid":{"rendered":"https:\/\/211md.org\/?page_id=1130"},"modified":"2025-09-10T12:47:04","modified_gmt":"2025-09-10T16:47:04","slug":"prevencion-del-suicidio","status":"publish","type":"page","link":"https:\/\/211md.org\/es\/resources\/mental-health\/suicide-prevention\/","title":{"rendered":"C\u00f3mo prevenir el suicidio hablando de ello con adolescentes y adultos"},"content":{"rendered":"<img decoding=\"async\" src=\"https:\/\/stg-maryland211-staging.kinsta.cloud\/wp-content\/uploads\/2025\/08\/5-1-scaled.png\" alt=\"5\" itemprop=\"image\" height=\"692\" width=\"2560\" title=\"5\" onerror=\"this.style.display='none'\" loading=\"lazy\" \/>\n\t\t<h1><a href=\"#start\" target=\"_self\">Encabezado de p\u00e1gina predeterminado<\/a><\/h1><p>Las conversaciones sinceras pueden ayudar a prevenir el suicidio. Hablar de ello ayuda a romper los estigmas y las barreras en torno a la salud mental.<\/p>\n<p>Aprenda las preguntas que debe hacer y, si alguien necesita ayuda inmediata, llame al 988 para hablar con alguien las 24 horas del d\u00eda, los 7 d\u00edas de la semana.<\/p>\n\t\t\t<a href=\"#start\" target=\"_self\">\n\t\t\t\t\t\tEmpezar\n\t\t\t\t\t<\/a>\n\t\t\t\t<img decoding=\"async\" src=\"https:\/\/211md.org\/wp-content\/plugins\/bb-plugin\/img\/pixel.png\" alt=\"\" itemprop=\"image\" onerror=\"this.style.display='none'\" loading=\"lazy\" \/>\n\t\t\t\t<img decoding=\"async\" src=\"https:\/\/stg-maryland211-staging.kinsta.cloud\/wp-content\/uploads\/2025\/08\/16.png\" alt=\"16\" itemprop=\"image\" height=\"1000\" width=\"1000\" title=\"16\" onerror=\"this.style.display='none'\" loading=\"lazy\" \/>\n\t\t\t\t<img decoding=\"async\" src=\"http:\/\/211md.org\/wp-content\/uploads\/2023\/09\/Mom-comforting-daughter-struggling-with-mental-health.jpg\" alt=\"Mam\u00e1 reconforta a su hija que lucha con su salud mental\" itemprop=\"image\" title=\"Mam\u00e1 reconforta a su hija que lucha contra la salud mental\" onerror=\"this.style.display='none'\" loading=\"lazy\" \/>\n\t<h2>Hablando del suicidio<\/h2>\n<p>Puede parecer dif\u00edcil hablar sobre el suicidio, pero hablar puede prevenirlo.<\/p>\n<p>Inicie una conversaci\u00f3n con cualquier persona que parezca:<\/p>\n<ul>\n<li>abajo<\/li>\n<li>triste<\/li>\n<li>solitario<\/li>\n<li>desinteresado en actividades normales o reuniones<\/li>\n<\/ul>\n<p>Comun\u00edquese con ellos y preg\u00fanteles c\u00f3mo est\u00e1n.<\/p>\n<p>En &quot;\u00bfQu\u00e9 es el 211?&quot; podcast, Brandon Johnson, MSH,\u00a0<a href=\"https:\/\/211md.org\/es\/podcast\/black-mental-wellness-lounge\/\" target=\"_blank\" rel=\"noopener\">presentador de The Black Mental Wellness Lounge en YouTube<\/a>, habl\u00f3 sobre la renuencia a hablar sobre el suicidio.<\/p>\n<blockquote><p>El suicidio es un tema muy delicado. Lo entiendo perfectamente, pero a medida que vemos que las tasas en ciertas comunidades siguen aumentando, es importante que entendamos que la ideaci\u00f3n suicida es real.<\/p><\/blockquote>\n\t<p>Al hablar sobre el suicidio, elija las palabras con cuidado. Al cambiar el lenguaje, podemos asegurarnos de que las personas se sientan c\u00f3modas al hablar del tema y se sientan esperanzadas.<\/p>\n<blockquote><p>\u201c\u2026queremos cambiar el lenguaje. Para que las personas sientan que pueden conversar en un espacio seguro y no se vean perjudicadas, inicialmente solo por el lenguaje, antes incluso de tener la oportunidad de experimentar el potencial de esperanza y recuperaci\u00f3n\u201d, explic\u00f3 Johnson.<\/p><\/blockquote>\n<p>Adem\u00e1s, evite las caracterizaciones generalizadas de las personas y evite el argot. Johnson explic\u00f3:<\/p>\n<blockquote><p>Entonces, podemos decir que esta persona tiene TOC, que act\u00faa de forma bipolar o que es esquizofr\u00e9nica, sin considerar realmente lo que eso significa y lo estigmatizante que resulta para una persona que puede ser bipolar, \u00bfverdad? Quien puede ser esquizofr\u00e9nico o tener TOC. Al trivializar sus experiencias, el uso de un t\u00e9rmino coloquial, generalmente interrogativo para otra persona, es algo que puede ser perjudicial, incluso llegando a la ideaci\u00f3n suicida.<\/p><\/blockquote>\n\t<h2>\u00bfNecesito hablar?\u00a0<\/h2>\n<p>&nbsp;<\/p>\n\t<h3><img loading=\"lazy\" decoding=\"async\" src=\"http:\/\/211md.org\/wp-content\/uploads\/2025\/08\/2025_MdInfoNet_Icon-Sets-white_Phone-150x150.png\" alt=\"\" width=\"150\" height=\"150\" \/>Llame o env\u00ede un mensaje de texto al 988<\/h3>\n\t\t\t<a href=\"https:\/\/988lifeline.org\/chat\/\" target=\"_blank\" rel=\"noopener\">\n\t\t\t\t\t\t\tChatear ahora (ingl\u00e9s)\n\t\t\t\t\t<\/a>\n\t\t\t<a href=\"https:\/\/988lifeline.org\/es\/chat\/\" target=\"_blank\" rel=\"noopener\">\n\t\t\t\t\t\t\tChatea Ahora (English)\n\t\t\t\t\t<\/a>\n\t<p>Cualquier persona que necesite ayuda con necesidades de salud mental o relacionadas con el uso de sustancias puede llamar al 988. <a href=\"https:\/\/health.maryland.gov\/bha\/Pages\/988md.aspx\" target=\"_blank\" rel=\"noopener\">M\u00e1s informaci\u00f3n sobre 988 en Maryland<\/a>.<\/p>\n\t<h2>Hablando con adolescentes<\/h2>\n<p>Puede ser un desaf\u00edo hablar con un adolescente que est\u00e1 pasando por muchas situaciones a nivel social, emocional y mental.<\/p>\n<p>Si tienen dificultades con c\u00f3mo se sienten respecto a s\u00ed mismos, puede ser a\u00fan m\u00e1s dif\u00edcil tener estas conversaciones.<\/p>\n<p><a href=\"https:\/\/211md.org\/es\/blog\/episodio-11-prevencion-del-suicidio-con-la-fundacion-liveforthomas\/\" target=\"_blank\" rel=\"noopener\">Amy Ocasio de la Fundaci\u00f3n LIVEFORTHOMAS<\/a> Habl\u00f3 sobre la lucha de hablar con sus hijos.<\/p>\n<blockquote><p>As\u00ed que, definitivamente, me cost\u00f3 encontrar ese equilibrio porque con mis dos hijos aprend\u00ed que si los dejo acercarse a m\u00ed, hablar\u00e1n. Si empezaba a hacerles preguntas, simplemente se cerraban.<\/p>\n<p>Entonces, se trataba de encontrar el equilibrio: \u00bfcu\u00e1nto esfuerzo debo hacer? \u00bfCu\u00e1ndo debo bajar el ritmo?<\/p><\/blockquote>\n<p>Enfatiz\u00f3 la importancia del lenguaje y la empat\u00eda como padre. Dijo que le parec\u00eda importante no desestimar, minimizar ni restar importancia a lo que dec\u00eda su hijo. A veces, lo que puede parecer trivial para un adulto, es monumental para un ni\u00f1o.<\/p>\n<blockquote><p>\u201cYa sabes, s\u00f3lo escucha. Ni siquiera tienes que entender algo como, est\u00e1 bien, no entiendo por qu\u00e9 esto es tan importante, pero sabes que lo es para mi hijo. Entonces, d\u00e9jame saber m\u00e1s sobre lo que est\u00e1 pasando y preguntarles, ya sabes, \u00bfqu\u00e9 necesitas de m\u00ed? \u00bfQu\u00e9 te resultar\u00e1 \u00fatil en esta situaci\u00f3n? Ocasio explic\u00f3.<\/p><\/blockquote>\n<p>La adolescencia es una \u00e9poca de riesgos y oportunidades. El suicidio es uno de esos riesgos. Es la segunda causa principal de muerte en j\u00f3venes de entre 10 y 24 a\u00f1os, seg\u00fan los Centros para el Control y la Prevenci\u00f3n de Enfermedades.<\/p>\n<p>Un ni\u00f1o que nunca ha abordado su salud mental puede experimentar dificultades en la adolescencia. Las presiones sociales, el acoso y la sexualidad son algunas de las razones.<\/p>\n<p>Hable con sus hijos adolescentes sobre su salud mental y busque se\u00f1ales de advertencia de un problema de salud conductual.<\/p>\n<p>Si necesitan ayuda, con\u00e9ctelos con el 988.<\/p>\n\t\t\t\t<a href=\"https:\/\/search.988.mdinfonet.org\/\" target=\"_blank\" rel=\"noopener\" itemprop=\"url\">\n\t\t\t\t<img decoding=\"async\" src=\"https:\/\/stg-maryland211-staging.kinsta.cloud\/wp-content\/uploads\/2025\/08\/2025_MdInfoNet_Icon-Sets-white_Locate.png\" alt=\"\" itemprop=\"image\" onerror=\"this.style.display='none'\" loading=\"lazy\" \/>\n\t\t\t\t<\/a>\n<h2><a href=\"https:\/\/search.988.mdinfonet.org\/\" target=\"_blank\" rel=\"noopener\">Encuentre recursos de salud mental<\/a><\/h2><p>Busque en la base de datos de recursos de salud conductual m\u00e1s completa del estado, que cuenta con filtros disponibles por tipo de pago, edad, tipo de apoyo e idioma.<\/p>\n\t\t\t<a href=\"https:\/\/search.988.mdinfonet.org\/\" target=\"_blank\" rel=\"noopener\">\n\t\t\t\t\t\t\tBuscar ahora\n\t\t\t<\/a>\n<h2>Preguntas sobre salud mental que debes hacer<\/h2>\n<p>Antes de comenzar la conversaci\u00f3n, cree un espacio seguro para el debate y prep\u00e1rese para escuchar.<\/p>\n<p>Haga preguntas abiertas y comience la conversaci\u00f3n con una frase como &quot;Me he dado cuenta&quot;.<\/p>\n<p>El Departamento de Salud de Maryland y la Oficina de Prevenci\u00f3n del Suicidio de Maryland recomiendan frases como estas:<\/p>\n<ul>\n<li>Hace tiempo que no hablamos. \u00bfC\u00f3mo est\u00e1s?<\/li>\n<li>Pareces deprimido \u00faltimamente. \u00bfQu\u00e9 est\u00e1 sucediendo?<\/li>\n<li>Estoy preocupado por ti. \u00bfHay algo mal? Quiero estar ah\u00ed para ti.<\/li>\n<li>No has sido t\u00fa mismo \u00faltimamente. \u00bfEst\u00e1s bien?<\/li>\n<li>\u00bfHay algo de lo que quieras hablar?<\/li>\n<\/ul>\n<p>Es esencial escuchar y demostrar que te preocupas. Apoye a su familiar o amigo reuni\u00e9ndose con ellos o control\u00e1ndolos.<\/p>\n<p>No se espera que les brindes asesoramiento, pero puedes derivarlos a profesionales o recursos gratuitos y confidenciales como 988.<\/p>\n<p>&nbsp;<\/p>\n\t\t\t\t<img decoding=\"async\" src=\"http:\/\/211md.org\/wp-content\/uploads\/2025\/06\/Dad-talking-and-supporting-his-teen.jpg\" alt=\"Pap\u00e1 hablando y apoyando a su adolescente\" itemprop=\"image\" title=\"Pap\u00e1 hablando y apoyando a su adolescente\" onerror=\"this.style.display='none'\" loading=\"lazy\" \/>\n\t\t\t\t<img decoding=\"async\" src=\"http:\/\/211md.org\/wp-content\/uploads\/2025\/09\/Diverse-and-LGBTQ-teens.jpg\" alt=\"Adolescentes diversos y LGBTQ\" itemprop=\"image\" title=\"Adolescentes diversos y LGBTQ\" onerror=\"this.style.display='none'\" loading=\"lazy\" \/>\n\t<h3>C\u00f3mo hablar con j\u00f3venes LGBTQ+<\/h3>\n<p>Al menos un joven LGBTQ+ de entre 13 y 24 a\u00f1os intenta suicidarse cada 45 segundos en los Estados Unidos.<\/p>\n<p>Cuando alguien se acerque a usted, apoye a la persona, muestre amor y est\u00e9 presente.<\/p>\n<p>La Oficina de Prevenci\u00f3n del Suicidio del Departamento de Salud de Maryland sugiere frases de apoyo como:<\/p>\n<ul>\n<li>&quot;Gracias por compartir conmigo. \u00bfQu\u00e9 significa para ti tu identidad?<\/li>\n<li>&quot;Estoy muy feliz de que me lo hayas dicho y quiero que sepas que esto no cambiar\u00e1 nuestra relaci\u00f3n de ninguna manera&quot;.<\/li>\n<li>&quot;Estoy muy emocionado por ti&quot;.<\/li>\n<\/ul>\n<p>Aseg\u00farese de enviar apoyo, en lugar de negar lo que la persona le dijo. No se refiera a ella como una fase. Muestra apoyo y escucha.<\/p>\n<p>Adem\u00e1s, utilice un lenguaje afirmativo LGBTQ+ en las conversaciones con otras personas. Elimine el lenguaje de g\u00e9nero como &quot;ustedes&quot; y reempl\u00e1celo con &quot;ustedes todos&quot;.<\/p>\n\t<h3>Obtenga ayuda de terapeutas de conversaci\u00f3n profesionales<\/h3>\n<p>Si bien es fundamental conectarse con amigos y controlar su salud mental, consulte con un experto si tiene alguna inquietud.<\/p>\n<p>La psicoterapia, o \u201cterapia de conversaci\u00f3n\u201d, puede reducir eficazmente el riesgo de suicidio. Un tipo se llama terapia cognitivo-conductual (TCC). La TCC puede ayudar a las personas a aprender nuevas formas de afrontar experiencias estresantes capacit\u00e1ndolas para considerar acciones alternativas cuando surgen pensamientos suicidas.<\/p>\n<p>Se ha demostrado que otro tipo de psicoterapia, llamada terapia dial\u00e9ctica conductual (DBT), reduce la tasa de suicidio entre personas con trastorno l\u00edmite de la personalidad, una enfermedad mental grave caracterizada por estados de \u00e1nimo, relaciones, autoimagen y comportamiento inestables.<\/p>\n<p>Un terapeuta capacitado en TCD ayuda a una persona a reconocer cu\u00e1ndo sus sentimientos o acciones son disruptivos o nocivos y le ense\u00f1a las habilidades necesarias para lidiar mejor con situaciones perturbadoras.<\/p>\n<p>&nbsp;<\/p>\n<h2>\u00bfTienes otra inquietud?<\/h2>\n<p>El 211 ofrece informaci\u00f3n y referencias para otros problemas de salud mental y necesidades esenciales. Inf\u00f3rmese sobre estos otros programas de asistencia.<\/p>\n<p>&nbsp;<\/p>\n\t\t\t<a href=\"\/es\/recursos\/consumo-de-sustancias\/\" target=\"_self\">\n\t\t\t\t\t\tUso de sustancias\n\t\t\t\t\t<\/a>\n\t\t\t<a href=\"\/es\/recursos\/salud-mental\/depresion\/\" target=\"_self\">\n\t\t\t\t\t\tInformaci\u00f3n sobre la depresi\u00f3n\n\t\t\t\t\t<\/a>\n\t\t\t<a href=\"\/es\/recursos\/veteranos\/salud-mental-para-veteranos\/\" target=\"_self\">\n\t\t\t\t\t\tSalud mental de veteranos \n\t\t\t\t\t<\/a>\n\t\t\t<a href=\"\/es\/recursos\/alimento\/\" target=\"_self\">\n\t\t\t\t\t\tAlimento\n\t\t\t\t\t<\/a>\n\t\t\t<a href=\"\/es\/recursos\/vivienda-refugio\/\" target=\"_self\">\n\t\t\t\t\t\tAlojamiento\n\t\t\t\t\t<\/a>\n<h2>Encontrar apoyo para la salud mental<\/h2>\n<p>Llame o env\u00ede un mensaje de texto al 988 para obtener asistencia inmediata.<\/p>\n<p>Tambi\u00e9n puede encontrar apoyo profesional de salud mental cerca buscando en la base de datos de recursos de salud conductual 988, impulsada por Maryland Information Network.<\/p>\n\t\t\t<a href=\"https:\/\/search.988.mdinfonet.org\/\" target=\"_blank\" rel=\"noopener\">\n\t\t\t\t\t\tBuscar recursos de salud mental\n\t\t\t\t\t<\/a>\n\t\t\t\t<img decoding=\"async\" src=\"http:\/\/211md.org\/wp-content\/uploads\/2023\/07\/Black-man-talking-to-a-mental-health-counselor.jpg\" alt=\"Hombre negro hablando con un consejero de salud mental\" itemprop=\"image\" title=\"Hombre negro hablando con un consejero de salud mental\" onerror=\"this.style.display='none'\" loading=\"lazy\" \/>\n\t\t\t\t<img decoding=\"async\" src=\"http:\/\/211md.org\/wp-content\/uploads\/2025\/09\/Teen-texting.jpg\" alt=\"Mensajes de texto de adolescentes\" itemprop=\"image\" title=\"Mensajes de texto de adolescentes\" onerror=\"this.style.display='none'\" loading=\"lazy\" \/>\n<h3>Soporte continuo<\/h3>\n<p>Los j\u00f3venes pueden encontrar apoyo en un programa general de salud conductual o <a href=\"https:\/\/211md.org\/es\/healthcheck\/\">programa de prevenci\u00f3n del suicidio<\/a>\u00a0o mediante un programa centrado en adolescentes como MDYoungMinds o Taking Flight.<\/p>\n<h3>Juventud<\/h3>\n<p><a href=\"https:\/\/211md.org\/es\/about\/mensajes-de-texto\/mdyoungminds\/\">MDYoungMinds<\/a> es un programa de apoyo de texto a trav\u00e9s del 211 y la Oficina de Prevenci\u00f3n del Suicidio del Departamento de Salud de Maryland. Env\u00eda mensajes de texto de apoyo centrados en las preocupaciones y los factores estresantes de la salud mental de los adolescentes y los adolescentes.<\/p>\n<p><a href=\"https:\/\/www.mdcoalition.org\/who-we-help\/youth-helping-youth\/\" target=\"_blank\" rel=\"noopener\">Tomando vuelo<\/a> es un programa de apoyo entre pares con l\u00edderes adultos j\u00f3venes (de 18 a 26 a\u00f1os) que tienen experiencia personal con problemas o traumas relacionados con la salud del comportamiento. Empoderan a los adultos j\u00f3venes con reuniones virtuales semanales y <a href=\"https:\/\/www.facebook.com\/TakingFlightMD\/\" target=\"_blank\" rel=\"noopener\">apoyo entre pares en las redes sociales<\/a>.<\/p>\n<h3>Adultos<\/h3>\n<p><a href=\"https:\/\/211md.org\/es\/about\/mensajes-de-texto\/md-mindhealth\/\">MDMindHealth<\/a> Env\u00eda mensajes motivacionales y recursos para servicios de salud mental. Los mensajes de texto tambi\u00e9n est\u00e1n disponibles en espa\u00f1ol en MDSaludMental.<\/p>\n<p>En el m\u00f3vil, puede hacer clic en los botones a continuaci\u00f3n para registrarse.<\/p>\n<p><em>Al enviar un mensaje de texto con la palabra MDMindHealth al 898-211, usted acepta recibir mensajes autom\u00e1ticos recurrentes.<\/em><\/p>\n\t\t\t<a href=\"sms:\/\/898-211;?&#038;body=MDMINDHEALTH\" target=\"_blank\" rel=\"noopener\">\n\t\t\t\t\t\t\tTexto MDMindHealth\n\t\t\t\t\t<\/a>\n\t\t\t<a href=\"sms:\/\/898-211;?&#038;body=MDSALUDMENTAL\" target=\"_blank\" rel=\"noopener\">\n\t\t\t\t\t\t\tTexto MDSALUDMENTAL\n\t\t\t\t\t<\/a>\n<h3>Aprenda de los expertos<\/h3>\n<p>Adem\u00e1s, consulte otros recursos para obtener ideas sobre c\u00f3mo hablar sobre la salud mental y el suicidio, como debates de expertos en salud mental como Johnson. El tiene un<a href=\"https:\/\/www.youtube.com\/watch?v=TFt9EvzgB_4&amp;list=PLtVQyUpVKidoX87oH35VxHwUqOH5X6aeY\" target=\"_blank\" rel=\"noopener\">\u00a0serie de discusiones con consejeros escolares<\/a>, un psiquiatra infantil y otros expertos que cubren temas como apoyar a un miembro de la familia con su salud mental, usar la meditaci\u00f3n de atenci\u00f3n plena para apoyar su bienestar mental, el trauma racial y transformar su dolor en pasi\u00f3n.<\/p>\n\t\t<iframe loading=\"lazy\" width=\"560\" height=\"315\" src=\"https:\/\/www.youtube.com\/embed\/TFt9EvzgB_4\" title=\"reproductor de videos de youtube\" frameborder=\"0\" allow=\"accelerometer; autoplay; clipboard-write; encrypted-media; gyroscope; picture-in-picture\" allowfullscreen><\/iframe>\t\n<h2>\n\t\t\tInformaci\u00f3n relacionada\t<\/h2>\n\t\t<h4><a href=\"\/es\/recursos\/envejecimiento-discapacidad\/\" target=\"_self\">Envejecimiento y discapacidad<\/a><\/h4>\n\t\t\t\t<a href=\"\/es\/recursos\/envejecimiento-discapacidad\/\"  target=\"_self\" itemprop=\"url\">\n\t\t\t\t<img decoding=\"async\" src=\"https:\/\/211md.org\/wp-content\/uploads\/bb-plugin\/cache\/2025_MdInfoNet_Icon-Sets_Aging-disability-square-c466727102cae71e5f27b8539bb51945-.png\" alt=\"2025_MdInfoNet_Conjuntos de iconos_Envejecimiento-discapacidad\" itemprop=\"image\" title=\"2025_MdInfoNet_Conjuntos de iconos_Envejecimiento-discapacidad\" onerror=\"this.style.display='none'\" loading=\"lazy\" \/>\n\t\t\t\t<\/a>\n\t\t<h4><a href=\"https:\/\/211md.org\/es\/recursos\/ninos-familias\/\" target=\"_blank\" rel=\"noopener\">Ni\u00f1os y familias<\/a><\/h4>\n\t\t\t\t<a href=\"https:\/\/211md.org\/es\/recursos\/ninos-familias\/\" target=\"_blank\" rel=\"noopener\" itemprop=\"url\">\n\t\t\t\t<img decoding=\"async\" src=\"https:\/\/211md.org\/wp-content\/uploads\/bb-plugin\/cache\/2025_211_Icon-Sets_Child-care-square-a8953c7678f51ed443764342b64ee948-.png\" alt=\"2025_211_Conjuntos de iconos_Cuidado infantil\" itemprop=\"image\" title=\"2025_211_Conjuntos de iconos_Cuidado infantil\" onerror=\"this.style.display='none'\" loading=\"lazy\" \/>\n\t\t\t\t<\/a>\n\t\t<h4><a href=\"\/es\/recursos\/violencia-domestica-familiar\/\" target=\"_self\">Violencia dom\u00e9stica<\/a><\/h4>\n\t\t\t\t<a href=\"\/es\/recursos\/violencia-domestica-familiar\/\"  target=\"_self\" itemprop=\"url\">\n\t\t\t\t<img decoding=\"async\" src=\"https:\/\/211md.org\/wp-content\/uploads\/bb-plugin\/cache\/2025_211_Icon-Sets_Domestic-Violence-square-e6e48b12d9d44dadd394e0d40debfd96-.png\" alt=\"Icono de violencia dom\u00e9stica\" itemprop=\"image\" title=\"2025_211_Conjuntos de iconos_Violencia dom\u00e9stica\" onerror=\"this.style.display='none'\" loading=\"lazy\" \/>\n\t\t\t\t<\/a>\n\t\t<h4><a href=\"\/es\/recursos\/busqueda-de-empleo\/\" target=\"_self\">Empleo<\/a><\/h4>\n\t\t\t\t<a href=\"\/es\/recursos\/busqueda-de-empleo\/\"  target=\"_self\" itemprop=\"url\">\n\t\t\t\t<img decoding=\"async\" src=\"https:\/\/211md.org\/wp-content\/uploads\/bb-plugin\/cache\/2025_MdInfoNet_Icon-Sets_Employment-square-44707bd410e4df10a470bf130ebcea86-.png\" alt=\"2025_MdInfoNet_Conjuntos de iconos_Empleo\" itemprop=\"image\" title=\"2025_MdInfoNet_Conjuntos de iconos_Empleo\" onerror=\"this.style.display='none'\" loading=\"lazy\" \/>\n\t\t\t\t<\/a>\n\t\t<h4><a href=\"\/es\/recursos\/cuidado-de-la-salud\/\" target=\"_self\">Cuidado de la salud<\/a><\/h4>\n\t\t\t\t<a href=\"\/es\/recursos\/cuidado-de-la-salud\/\"  target=\"_self\" itemprop=\"url\">\n\t\t\t\t<img decoding=\"async\" src=\"https:\/\/211md.org\/wp-content\/uploads\/bb-plugin\/cache\/2025_MdInfoNet_Icon-Sets_Health-Care-square-dee98a0060cbe0e7f27eda253fc12679-.png\" alt=\"2025_MdInfoNet_Conjuntos de iconos_Atenci\u00f3n m\u00e9dica\" itemprop=\"image\" title=\"2025_MdInfoNet_Conjuntos de iconos_Atenci\u00f3n m\u00e9dica\" onerror=\"this.style.display='none'\" loading=\"lazy\" \/>\n\t\t\t\t<\/a>\n\t\t<h4><a href=\"\/es\/recursos\/ninos-familias\/parentesco\/\" target=\"_self\">Parentesco<\/a><\/h4>\n\t\t\t\t<a href=\"\/es\/recursos\/ninos-familias\/parentesco\/\"  target=\"_self\" itemprop=\"url\">\n\t\t\t\t<img decoding=\"async\" src=\"https:\/\/211md.org\/wp-content\/uploads\/bb-plugin\/cache\/2025_211_Icon-Sets_Kinship-square-21d4c353354c53c083c80118abb066f2-.png\" alt=\"Icono de parentesco\" itemprop=\"image\" title=\"2025_211_Conjuntos de iconos_Parentesco\" onerror=\"this.style.display='none'\" loading=\"lazy\" \/>\n\t\t\t\t<\/a>\n\t\t<h4><a href=\"\/es\/recursos\/servicios-legales\/\" target=\"_self\">Servicios Legales<\/a><\/h4>\n\t\t\t\t<a href=\"\/es\/recursos\/servicios-legales\/\"  target=\"_self\" itemprop=\"url\">\n\t\t\t\t<img decoding=\"async\" src=\"https:\/\/211md.org\/wp-content\/uploads\/bb-plugin\/cache\/2025_MdInfoNet_Icon-Sets_Legal-square-18fdf438feb8435588174d9046463257-.png\" alt=\"2025_MdInfoNet_Conjuntos de iconos_Legal\" itemprop=\"image\" title=\"2025_MdInfoNet_Conjuntos de iconos_Legal\" onerror=\"this.style.display='none'\" loading=\"lazy\" \/>\n\t\t\t\t<\/a>\n\t\t<h4><a href=\"\/es\/recursos\/salud-mental\/\" target=\"_self\">Salud mental<\/a><\/h4>\n\t\t\t\t<a href=\"\/es\/recursos\/salud-mental\/\"  target=\"_self\" itemprop=\"url\">\n\t\t\t\t<img decoding=\"async\" src=\"https:\/\/211md.org\/wp-content\/uploads\/bb-plugin\/cache\/2025_MdInfoNet_Icon-Sets_Mental-Health-square-c59b38c4a993a947d4c9280fbe2d2fee-.png\" alt=\"2025_MdInfoNet_Conjuntos de iconos_Salud mental\" itemprop=\"image\" title=\"2025_MdInfoNet_Conjuntos de iconos_Salud mental\" onerror=\"this.style.display='none'\" loading=\"lazy\" \/>\n\t\t\t\t<\/a>\n\t\t<h4><a href=\"\/es\/recursos\/mdreentry\/\" target=\"_self\">Reentrada<\/a><\/h4>\n\t\t\t\t<a href=\"\/es\/recursos\/mdreentry\/\"  target=\"_self\" itemprop=\"url\">\n\t\t\t\t<img decoding=\"async\" src=\"https:\/\/211md.org\/wp-content\/uploads\/bb-plugin\/cache\/2025_211_Icon-Sets_Reentry-square-f36b65d903a62fd4c3819ff05988ca60-.png\" alt=\"Icono de reentrada\" itemprop=\"image\" title=\"2025_211_Conjuntos de iconos_Reentrada\" onerror=\"this.style.display='none'\" loading=\"lazy\" \/>\n\t\t\t\t<\/a>\n\t\t<h4><a href=\"\/es\/recursos\/consumo-de-sustancias\/\" target=\"_self\">Uso de sustancias<\/a><\/h4>\n\t\t\t\t<a href=\"\/es\/recursos\/consumo-de-sustancias\/\"  target=\"_self\" itemprop=\"url\">\n\t\t\t\t<img decoding=\"async\" src=\"https:\/\/211md.org\/wp-content\/uploads\/bb-plugin\/cache\/2025_MdInfoNet_Icon-Sets_Substance-Abuse-square-9022fec9d18a64118ad685c101885b55-.png\" alt=\"2025_MdInfoNet_Conjuntos de iconos_Abuso de sustancias\" itemprop=\"image\" title=\"2025_MdInfoNet_Conjuntos de iconos_Abuso de sustancias\" onerror=\"this.style.display='none'\" loading=\"lazy\" \/>\n\t\t\t\t<\/a>\n\t\t<h4><a href=\"\/es\/recursos\/veteranos\/\" target=\"_self\">veteranos<\/a><\/h4>\n\t\t\t\t<a href=\"\/es\/recursos\/veteranos\/\"  target=\"_self\" itemprop=\"url\">\n\t\t\t\t<img decoding=\"async\" src=\"https:\/\/211md.org\/wp-content\/uploads\/bb-plugin\/cache\/2025_MdInfoNet_Icon-Sets_Rating-square-6e60d00cce4faa8e0a6d4ad7366aa733-.png\" alt=\"2025_MdInfoNet_Conjuntos de iconos_Calificaci\u00f3n\" itemprop=\"image\" title=\"2025_MdInfoNet_Conjuntos de iconos_Calificaci\u00f3n\" onerror=\"this.style.display='none'\" loading=\"lazy\" \/>\n\t\t\t\t<\/a>","protected":false},"excerpt":{"rendered":"<p>Encabezado de p\u00e1gina predeterminado: Las conversaciones sinceras pueden ayudar a prevenir el suicidio. Hablar de ello ayuda a derribar los estigmas y las barreras de la salud mental. Aprenda las preguntas que debe hacer y, si necesita ayuda inmediata, llame al 988 para hablar con alguien disponible las 24 horas, los 7 d\u00edas de la semana. Empiece a hablar sobre el suicidio. Puede parecer dif\u00edcil hablar sobre el suicidio, pero hablar puede prevenir\u2026<\/p>","protected":false},"author":8,"featured_media":4020,"parent":836,"menu_order":0,"comment_status":"closed","ping_status":"closed","template":"","meta":{"footnotes":""},"class_list":["post-1130","page","type-page","status-publish","has-post-thumbnail","hentry"],"_links":{"self":[{"href":"https:\/\/211md.org\/es\/wp-json\/wp\/v2\/pages\/1130","targetHints":{"allow":["GET"]}}],"collection":[{"href":"https:\/\/211md.org\/es\/wp-json\/wp\/v2\/pages"}],"about":[{"href":"https:\/\/211md.org\/es\/wp-json\/wp\/v2\/types\/page"}],"author":[{"embeddable":true,"href":"https:\/\/211md.org\/es\/wp-json\/wp\/v2\/users\/8"}],"replies":[{"embeddable":true,"href":"https:\/\/211md.org\/es\/wp-json\/wp\/v2\/comments?post=1130"}],"version-history":[{"count":9,"href":"https:\/\/211md.org\/es\/wp-json\/wp\/v2\/pages\/1130\/revisions"}],"predecessor-version":[{"id":33825,"href":"https:\/\/211md.org\/es\/wp-json\/wp\/v2\/pages\/1130\/revisions\/33825"}],"up":[{"embeddable":true,"href":"https:\/\/211md.org\/es\/wp-json\/wp\/v2\/pages\/836"}],"wp:featuredmedia":[{"embeddable":true,"href":"https:\/\/211md.org\/es\/wp-json\/wp\/v2\/media\/4020"}],"wp:attachment":[{"href":"https:\/\/211md.org\/es\/wp-json\/wp\/v2\/media?parent=1130"}],"curies":[{"name":"Gracias","href":"https:\/\/api.w.org\/{rel}","templated":true}]}}