{"id":1133,"date":"2021-04-19T16:54:37","date_gmt":"2021-04-19T16:54:37","guid":{"rendered":"https:\/\/211md.org\/?page_id=1133"},"modified":"2025-09-11T08:50:21","modified_gmt":"2025-09-11T12:50:21","slug":"depresion","status":"publish","type":"page","link":"https:\/\/211md.org\/es\/resources\/mental-health\/depression\/","title":{"rendered":"Depresi\u00f3n en adultos y adolescentes: signos, s\u00edntomas y apoyo"},"content":{"rendered":"<img decoding=\"async\" src=\"https:\/\/stg-maryland211-staging.kinsta.cloud\/wp-content\/uploads\/2025\/08\/5-1-scaled.png\" alt=\"5\" itemprop=\"image\" height=\"692\" width=\"2560\" title=\"5\" onerror=\"this.style.display='none'\" loading=\"lazy\" \/>\n\t\t<h1><a href=\"#start\" target=\"_self\">Encabezado de p\u00e1gina predeterminado<\/a><\/h1><p>\u00bfC\u00f3mo te sientes? Se honesto contigo mismo. \u00bfTe sientes \u201cdeprimido\u201d, deprimido o triste a veces? Es normal sentir una variedad de emociones, pero cuando estos sentimientos impactan su vida diaria, podr\u00eda ser un signo de una afecci\u00f3n m\u00e1s grave conocida como depresi\u00f3n.<\/p>\n<p>Aprenda sobre las se\u00f1ales de advertencia y c\u00f3mo obtener ayuda.<\/p>\n<p>Llame al 988 para obtener asistencia inmediata.<\/p>\n\t\t\t<a href=\"#start\" target=\"_self\">\n\t\t\t\t\t\tEmpezar\n\t\t\t\t\t<\/a>\n\t\t\t\t<img decoding=\"async\" src=\"https:\/\/211md.org\/wp-content\/plugins\/bb-plugin\/img\/pixel.png\" alt=\"\" itemprop=\"image\" onerror=\"this.style.display='none'\" loading=\"lazy\" \/>\n\t\t\t\t<img decoding=\"async\" src=\"https:\/\/stg-maryland211-staging.kinsta.cloud\/wp-content\/uploads\/2025\/08\/16.png\" alt=\"16\" itemprop=\"image\" height=\"1000\" width=\"1000\" title=\"16\" onerror=\"this.style.display='none'\" loading=\"lazy\" \/>\n\t\t\t\t<img decoding=\"async\" src=\"http:\/\/211md.org\/wp-content\/uploads\/2025\/09\/Man-looking-out-window-thinking.jpg\" alt=\"Hombre mirando por la ventana pensando\" itemprop=\"image\" title=\"Hombre mirando por la ventana pensando\" onerror=\"this.style.display='none'\" loading=\"lazy\" \/>\n\t<h2>depresi\u00f3n 101<\/h2>\n<p>La depresi\u00f3n puede afectar a cualquiera y puede verse diferente en ni\u00f1os, adolescentes, adultos j\u00f3venes y adultos. Puede ocurrir solo o en combinaci\u00f3n con otras condiciones de salud mental y enfermedades cr\u00f3nicas. Por ejemplo, un diagn\u00f3stico o una batalla contra el c\u00e1ncer, la diabetes o una enfermedad card\u00edaca pueden desencadenar una depresi\u00f3n.<\/p>\n<p>Los eventos de la vida tambi\u00e9n pueden desencadenar s\u00edntomas. Por ejemplo, el embarazo puede provocar s\u00edntomas de depresi\u00f3n tanto durante el embarazo como despu\u00e9s.<\/p>\n<p>Las estaciones pueden hacerte sentir triste, especialmente durante un invierno largo y fr\u00edo. Tambi\u00e9n puede ocurrir en cualquier \u00e9poca del a\u00f1o.<\/p>\n\t<h3>\u00bfTengo depresi\u00f3n?<\/h3>\n<p>Existen varios signos y s\u00edntomas de depresi\u00f3n y pueden variar seg\u00fan la edad. Si bien sentirse triste es un s\u00edntoma de depresi\u00f3n, es m\u00e1s que eso. Tambi\u00e9n es sentirse desesperado e in\u00fatil durante m\u00e1s de dos semanas, junto con un cambio en la forma de hacer las cosas que antes disfrutaba.<\/p>\n<p>\u00c9l\u00a0<a href=\"https:\/\/www.nimh.nih.gov\/health\/publications\/depression\" target=\"_blank\" rel=\"noopener\">Instituto Nacional de Salud Mental<\/a>\u00a0sugiere hacerse estas preguntas.<\/p>\n<p>\u00bfMe siento\u2026.?<\/p>\n<ul>\n<li>\u00bfConsistentemente triste, ansioso, in\u00fatil o \u201cvac\u00edo\u201d?<\/li>\n<li>\u00bfDesesperado o pesimista?<\/li>\n<li>\u00bfFrustrado, enojado, irritable o inquieto f\u00e1cilmente?<\/li>\n<li>\u00bfNo est\u00e1 interesado en pasatiempos o actividades que alguna vez disfrut\u00e9?<\/li>\n<li>\u00bfMe estoy alejando de amigos y familiares?<\/li>\n<li>\u00bfSe siente culpable, in\u00fatil o indefenso?<\/li>\n<li>\u00bfEs m\u00e1s dif\u00edcil tomar decisiones, recordar o concentrarse?<\/li>\n<li>\u00bfMis h\u00e1bitos diarios de comer y dormir cambiaron?<\/li>\n<li>\u00bfCansado, fatigado o ha experimentado p\u00e9rdida de memoria?<\/li>\n<li>Molestias y dolores, dolores de cabeza, calambres o problemas digestivos que no tienen una causa o no cesan con el tratamiento.<\/li>\n<li>\u00bfComo hacerme da\u00f1o o suicidarme?<\/li>\n<\/ul>\n<p>Los adultos tambi\u00e9n pueden experimentar otros s\u00edntomas como insomnio nocturno, disminuci\u00f3n de la libido, s\u00edntomas gastrointestinales, tristeza o dolor.<\/p>\n<p>Sus s\u00edntomas pueden variar de los s\u00edntomas de un amigo o familiar.<\/p>\n<p>Los adolescentes\/adolescentes tambi\u00e9n deber\u00edan preguntarse si sienten\u2026?<\/p>\n<ul>\n<li>\u00bfQue no les va tan bien en la escuela?<\/li>\n<\/ul>\n<p>Si bien los s\u00edntomas de la depresi\u00f3n son similares en adolescentes y adultos, existen algunas diferencias. Conozca las se\u00f1ales de advertencia de depresi\u00f3n y otras condiciones de salud mental en los adolescentes, y <a href=\"https:\/\/211md.org\/es\/recursos\/salud-mental\/apoyo-adolescente\/\" rel=\"noopener\">c\u00f3mo obtener apoyo de los adolescentes<\/a>. Usted no est\u00e1 solo. Hay ayuda disponible.<\/p>\n<h3>\u00bfC\u00f3mo se diagnostica la depresi\u00f3n?<\/h3>\n<p>La depresi\u00f3n se diagnostica por la cantidad de s\u00edntomas que tiene cada d\u00eda. Si tiene cinco s\u00edntomas de depresi\u00f3n al d\u00eda, casi todo el d\u00eda, y este patr\u00f3n contin\u00faa durante al menos dos semanas, es posible que tenga depresi\u00f3n. El Instituto Nacional de Salud Mental dice que uno de los s\u00edntomas debe ser un estado de \u00e1nimo deprimido o una p\u00e9rdida de inter\u00e9s en casi todas las actividades.<\/p>\n<p>Un especialista en salud conductual puede diagnosticar su afecci\u00f3n y brindarle apoyo y tratamiento. Si no puede obtener una cita, tambi\u00e9n puede obtener ayuda y apoyo de su proveedor de atenci\u00f3n primaria.<\/p>\n\t<h2>\u00bfNecesito hablar?\u00a0<\/h2>\n<p><strong>Llame o env\u00ede un mensaje de texto al 988<\/strong><\/p>\n<p>&nbsp;<\/p>\n\t\t\t<a href=\"https:\/\/988lifeline.org\/chat\/\" target=\"_blank\" rel=\"noopener\">\n\t\t\t\t\t\t\tChatear ahora (ingl\u00e9s)\n\t\t\t\t\t<\/a>\n\t\t\t<a href=\"https:\/\/988lifeline.org\/es\/chat\/\" target=\"_blank\" rel=\"noopener\">\n\t\t\t\t\t\t\tChatea Ahora (English)\n\t\t\t\t\t<\/a>\n\t<p>Cualquier persona que necesite ayuda con necesidades de salud mental o relacionadas con el uso de sustancias puede llamar al 988. <a href=\"https:\/\/health.maryland.gov\/bha\/Pages\/988md.aspx\" target=\"_blank\" rel=\"noopener\">M\u00e1s informaci\u00f3n sobre 988 en Maryland<\/a>.<\/p>\n<h2>Ayuda para la salud mental<\/h2>\n<p>Si se siente deprimido y esto est\u00e1 afectando su vida diaria, debe buscar la ayuda de un profesional de la salud conductual. Si necesita ayuda para encontrar uno:<\/p>\n<ul>\n<li>Marque 211<\/li>\n<li>Busque un recurso de salud mental cerca de usted en la base de datos m\u00e1s completa de recursos de salud conductual locales de Maryland, impulsada por Maryland Information Network.<\/li>\n<\/ul>\n\t\t\t<a href=\"https:\/\/search.988.mdinfonet.org\/\" target=\"_blank\" rel=\"noopener\">\n\t\t\t\t\t\t\tB\u00fasqueda de proveedores de salud mental\n\t\t\t\t\t<\/a>\n\t<p>Si es padre o cuidador, aprenda sobre <a href=\"https:\/\/211md.org\/es\/recursos\/salud-mental\/apoyo-adolescente\/\">programas de salud mental dise\u00f1ados espec\u00edficamente para adolescentes<\/a>.<\/p>\n<p>Si necesita ayuda inmediata, llame al 988 y hable con un profesional capacitado.<\/p>\n\t\t\t\t<img decoding=\"async\" src=\"https:\/\/211md.org\/wp-content\/uploads\/2023\/04\/Woman-in-wheelchair-getting-mental-health-support.jpg\" alt=\"Mujer en silla de ruedas recibiendo apoyo de salud mental\" itemprop=\"image\" height=\"800\" width=\"1200\" title=\"Mujer en silla de ruedas recibiendo apoyo de salud mental\" onerror=\"this.style.display='none'\" loading=\"lazy\" \/>\n<h3>Encontrar un terapeuta<\/h3>\n<p>211 entiende que es dif\u00edcil conseguir una cita de salud conductual y, a veces, cuando la consigues, no es con una persona con la que haces clic o te sientes c\u00f3modo compartiendo c\u00f3mo te sientes realmente.<\/p>\n<p>Durante un <a href=\"https:\/\/211md.org\/es\/salud-mental-objetivos\/\" target=\"_blank\" rel=\"noopener\">discusi\u00f3n<\/a> Con 92Q y profesionales de la salud mental sobre el establecimiento de objetivos de salud mental, 211 y otros panelistas compartieron la dificultad de encontrar un terapeuta que sea una persona de color o alguien que te comprenda. Si no te sientes c\u00f3modo con la persona, es posible que te sientas menos inclinado a compartirlo todo.<\/p>\n<p>Sin embargo, no esperes para encontrar al terapeuta perfecto.<\/p>\n<p>Si no consigues cita con tu terapeuta favorito, considera unirte a su lista de espera y programar una cita con otra persona. Inicia la conversaci\u00f3n con alguien y, con el tiempo, encontrar\u00e1s al terapeuta con el que realmente conectes.<\/p>\n<p>Adem\u00e1s del desaf\u00edo de conseguir una cita, puede ser cuesti\u00f3n de prueba y error encontrar una conexi\u00f3n. Si encuentras a alguien con quien no conectas, est\u00e1 bien. Busca a alguien m\u00e1s.<\/p>\n<p>El 211 siempre est\u00e1 aqu\u00ed para ayudarte. Nuestros programas son gratuitos y confidenciales, y te conectan con un profesional capacitado, atento y compasivo.<\/p>\n<h3>Soporte de texto libre<\/h3>\n<p>MDMindHealth\/MDSaludMental ofrece apoyo inspirador y motivacional mediante mensajes de texto para adultos. Disponible en ingl\u00e9s y espa\u00f1ol.<\/p>\n<p>Ambos programas est\u00e1n disponibles cuando los necesite.<\/p>\n<p>\u00a1No estas solo! Hay ayuda gratuita y confidencial disponible.<\/p>\n\t\t\t<a href=\"https:\/\/211md.org\/es\/about\/mensajes-de-texto\/md-mindhealth\/\" target=\"_blank\" rel=\"noopener\">\n\t\t\t\t\t\t\tAprende m\u00e1s\n\t\t\t\t\t<\/a>\n\t<h3>Apoyo de salud mental para j\u00f3venes<\/h3>\n<p>Recuerde, la salud mental puede variar en ni\u00f1os, adolescentes y adultos j\u00f3venes. Conozca las se\u00f1ales de alerta y busque ayuda en programas de salud mental espec\u00edficos para adolescentes en Maryland.<\/p>\n<p>211 ofrece un sistema gratuito de apoyo por mensaje de texto enfocado en j\u00f3venes. Los adolescentes pueden registrarse en MDYoungMinds. Este servicio ofrece mensajes de texto de apoyo. Estos pueden incluir recursos sobre depresi\u00f3n, salud mental para adolescentes y programas de apoyo.<\/p>\n\t\t\t<a href=\"https:\/\/211md.org\/es\/about\/mensajes-de-texto\/mdyoungminds\/\" target=\"_self\">\n\t\t\t\t\t\t\tConozca m\u00e1s sobre mdyoungminds\n\t\t\t\t\t<\/a>\n\t<p>Los adolescentes tambi\u00e9n pueden conectarse con compa\u00f1eros que han experimentado un problema o trauma de salud mental a trav\u00e9s del\u00a0<a href=\"https:\/\/www.mdcoalition.org\/who-we-help\/youth-helping-youth\/\" target=\"_blank\" rel=\"noopener\">Programa Tomando Vuelo<\/a>.<\/p>\n<p>T\u00fa tambi\u00e9n puedes\u00a0<a href=\"https:\/\/www.childrensmentalhealthmatters.org\/files\/2021\/03\/CMHM-Family-Resource-Kit-2021.pdf\" target=\"_blank\" rel=\"noopener\">descargue el kit de recursos familiares de Children&#039;s Health Matters<\/a>. Es una gu\u00eda completa sobre los s\u00edntomas y signos de salud mental y, al mismo tiempo, brinda opciones de tratamiento y apoyo en Maryland.<\/p>\n\t\t\t\t<img decoding=\"async\" src=\"http:\/\/211md.org\/wp-content\/uploads\/2025\/09\/teenage-skateboarder-thinking.jpg\" alt=\"patinador adolescente pensando\" itemprop=\"image\" title=\"patinador adolescente pensando\" onerror=\"this.style.display='none'\" loading=\"lazy\" \/>\n<h2>Formas de mejorar la salud mental<\/h2>\n<p>Adem\u00e1s de estos programas gratuitos y confidenciales, puedes apoyar tu salud mental hablando con un adulto de confianza. Puede ser un profesional capacitado, un padre, un familiar, un tutor, un maestro, un consejero escolar o un m\u00e9dico, incluidos los pediatras.<\/p>\n<p>Adem\u00e1s de recibir la ayuda que necesita de profesionales, es importante pasar tiempo con amigos y familiares y mantenerse activo, seguir una rutina de sue\u00f1o regular y comer alimentos saludables.<\/p>\n<h3><strong>Prevenir el suicidio con atenci\u00f3n plena<\/strong><\/h3>\n<p>Tambi\u00e9n puedes probar ejercicios para la mente y el cuerpo, como la atenci\u00f3n plena, para ayudarte a buscar apoyo y ayuda cuando tengas pensamientos suicidas o te sientas deprimido. Estos son videos instructivos sobre atenci\u00f3n plena de\u00a0<a href=\"https:\/\/nowmattersnow.org\/skill\/mindfulness\" target=\"_blank\" rel=\"noopener\">Ahora importa ahora<\/a>, una colecci\u00f3n de recursos enfocados en la prevenci\u00f3n del suicidio con investigaci\u00f3n, recursos y relatos de primera mano sobre pensamientos suicidas.<\/p>\n<p>Now Matters Now proporciona habilidades de atenci\u00f3n plena y se\u00f1ala que la pr\u00e1ctica de la atenci\u00f3n plena es \u201ctu peor enemigo\u201d cuando tienes pensamientos suicidas.<\/p>\n<p>Recuerde, el apoyo personalizado en salud mental tambi\u00e9n est\u00e1 disponible siempre llamando o enviando mensajes de texto al 988.<\/p>\n\t\t<iframe loading=\"lazy\" src=\"https:\/\/player.vimeo.com\/video\/101372253?h=961480ee68&#038;title=0&#038;byline=0\" width=\"640\" height=\"360\" frameborder=\"0\" allow=\"autoplay; fullscreen; picture-in-picture\" allowfullscreen><\/iframe>\t\n<h2>\n\t\t\tInformaci\u00f3n relacionada\t<\/h2>\n\t\t<h4><a href=\"\/es\/recursos\/envejecimiento-discapacidad\/\" target=\"_self\">Envejecimiento y discapacidad<\/a><\/h4>\n\t\t\t\t<a href=\"\/es\/recursos\/envejecimiento-discapacidad\/\"  target=\"_self\" itemprop=\"url\">\n\t\t\t\t<img decoding=\"async\" src=\"https:\/\/211md.org\/wp-content\/uploads\/bb-plugin\/cache\/2025_MdInfoNet_Icon-Sets_Aging-disability-square-c466727102cae71e5f27b8539bb51945-.png\" alt=\"2025_MdInfoNet_Conjuntos de iconos_Envejecimiento-discapacidad\" itemprop=\"image\" title=\"2025_MdInfoNet_Conjuntos de iconos_Envejecimiento-discapacidad\" onerror=\"this.style.display='none'\" loading=\"lazy\" \/>\n\t\t\t\t<\/a>\n\t\t<h4><a href=\"https:\/\/211md.org\/es\/recursos\/ninos-familias\/\" target=\"_blank\" rel=\"noopener\">Ni\u00f1os y familias<\/a><\/h4>\n\t\t\t\t<a href=\"https:\/\/211md.org\/es\/recursos\/ninos-familias\/\" target=\"_blank\" rel=\"noopener\" itemprop=\"url\">\n\t\t\t\t<img decoding=\"async\" src=\"https:\/\/211md.org\/wp-content\/uploads\/bb-plugin\/cache\/2025_211_Icon-Sets_Child-care-square-a8953c7678f51ed443764342b64ee948-.png\" alt=\"2025_211_Conjuntos de iconos_Cuidado infantil\" itemprop=\"image\" title=\"2025_211_Conjuntos de iconos_Cuidado infantil\" onerror=\"this.style.display='none'\" loading=\"lazy\" \/>\n\t\t\t\t<\/a>\n\t\t<h4><a href=\"\/es\/recursos\/violencia-domestica-familiar\/\" target=\"_self\">Violencia dom\u00e9stica<\/a><\/h4>\n\t\t\t\t<a href=\"\/es\/recursos\/violencia-domestica-familiar\/\"  target=\"_self\" itemprop=\"url\">\n\t\t\t\t<img decoding=\"async\" src=\"https:\/\/211md.org\/wp-content\/uploads\/bb-plugin\/cache\/2025_211_Icon-Sets_Domestic-Violence-square-e6e48b12d9d44dadd394e0d40debfd96-.png\" alt=\"Icono de violencia dom\u00e9stica\" itemprop=\"image\" title=\"2025_211_Conjuntos de iconos_Violencia dom\u00e9stica\" onerror=\"this.style.display='none'\" loading=\"lazy\" \/>\n\t\t\t\t<\/a>\n\t\t<h4><a href=\"\/es\/recursos\/busqueda-de-empleo\/\" target=\"_self\">Empleo<\/a><\/h4>\n\t\t\t\t<a href=\"\/es\/recursos\/busqueda-de-empleo\/\"  target=\"_self\" itemprop=\"url\">\n\t\t\t\t<img decoding=\"async\" src=\"https:\/\/211md.org\/wp-content\/uploads\/bb-plugin\/cache\/2025_MdInfoNet_Icon-Sets_Employment-square-44707bd410e4df10a470bf130ebcea86-.png\" alt=\"2025_MdInfoNet_Conjuntos de iconos_Empleo\" itemprop=\"image\" title=\"2025_MdInfoNet_Conjuntos de iconos_Empleo\" onerror=\"this.style.display='none'\" loading=\"lazy\" \/>\n\t\t\t\t<\/a>\n\t\t<h4><a href=\"\/es\/recursos\/cuidado-de-la-salud\/\" target=\"_self\">Cuidado de la salud<\/a><\/h4>\n\t\t\t\t<a href=\"\/es\/recursos\/cuidado-de-la-salud\/\"  target=\"_self\" itemprop=\"url\">\n\t\t\t\t<img decoding=\"async\" src=\"https:\/\/211md.org\/wp-content\/uploads\/bb-plugin\/cache\/2025_MdInfoNet_Icon-Sets_Health-Care-square-dee98a0060cbe0e7f27eda253fc12679-.png\" alt=\"2025_MdInfoNet_Conjuntos de iconos_Atenci\u00f3n m\u00e9dica\" itemprop=\"image\" title=\"2025_MdInfoNet_Conjuntos de iconos_Atenci\u00f3n m\u00e9dica\" onerror=\"this.style.display='none'\" loading=\"lazy\" \/>\n\t\t\t\t<\/a>\n\t\t<h4><a href=\"\/es\/recursos\/ninos-familias\/parentesco\/\" target=\"_self\">Parentesco<\/a><\/h4>\n\t\t\t\t<a href=\"\/es\/recursos\/ninos-familias\/parentesco\/\"  target=\"_self\" itemprop=\"url\">\n\t\t\t\t<img decoding=\"async\" src=\"https:\/\/211md.org\/wp-content\/uploads\/bb-plugin\/cache\/2025_211_Icon-Sets_Kinship-square-21d4c353354c53c083c80118abb066f2-.png\" alt=\"Icono de parentesco\" itemprop=\"image\" title=\"2025_211_Conjuntos de iconos_Parentesco\" onerror=\"this.style.display='none'\" loading=\"lazy\" \/>\n\t\t\t\t<\/a>\n\t\t<h4><a href=\"\/es\/recursos\/servicios-legales\/\" target=\"_self\">Servicios Legales<\/a><\/h4>\n\t\t\t\t<a href=\"\/es\/recursos\/servicios-legales\/\"  target=\"_self\" itemprop=\"url\">\n\t\t\t\t<img decoding=\"async\" src=\"https:\/\/211md.org\/wp-content\/uploads\/bb-plugin\/cache\/2025_MdInfoNet_Icon-Sets_Legal-square-18fdf438feb8435588174d9046463257-.png\" alt=\"2025_MdInfoNet_Conjuntos de iconos_Legal\" itemprop=\"image\" title=\"2025_MdInfoNet_Conjuntos de iconos_Legal\" onerror=\"this.style.display='none'\" loading=\"lazy\" \/>\n\t\t\t\t<\/a>\n\t\t<h4><a href=\"\/es\/recursos\/salud-mental\/\" target=\"_self\">Salud mental<\/a><\/h4>\n\t\t\t\t<a href=\"\/es\/recursos\/salud-mental\/\"  target=\"_self\" itemprop=\"url\">\n\t\t\t\t<img decoding=\"async\" src=\"https:\/\/211md.org\/wp-content\/uploads\/bb-plugin\/cache\/2025_MdInfoNet_Icon-Sets_Mental-Health-square-c59b38c4a993a947d4c9280fbe2d2fee-.png\" alt=\"2025_MdInfoNet_Conjuntos de iconos_Salud mental\" itemprop=\"image\" title=\"2025_MdInfoNet_Conjuntos de iconos_Salud mental\" onerror=\"this.style.display='none'\" loading=\"lazy\" \/>\n\t\t\t\t<\/a>\n\t\t<h4><a href=\"\/es\/recursos\/mdreentry\/\" target=\"_self\">Reentrada<\/a><\/h4>\n\t\t\t\t<a href=\"\/es\/recursos\/mdreentry\/\"  target=\"_self\" itemprop=\"url\">\n\t\t\t\t<img decoding=\"async\" src=\"https:\/\/211md.org\/wp-content\/uploads\/bb-plugin\/cache\/2025_211_Icon-Sets_Reentry-square-f36b65d903a62fd4c3819ff05988ca60-.png\" alt=\"Icono de reentrada\" itemprop=\"image\" title=\"2025_211_Conjuntos de iconos_Reentrada\" onerror=\"this.style.display='none'\" loading=\"lazy\" \/>\n\t\t\t\t<\/a>\n\t\t<h4><a href=\"\/es\/recursos\/consumo-de-sustancias\/\" target=\"_self\">Uso de sustancias<\/a><\/h4>\n\t\t\t\t<a href=\"\/es\/recursos\/consumo-de-sustancias\/\"  target=\"_self\" itemprop=\"url\">\n\t\t\t\t<img decoding=\"async\" src=\"https:\/\/211md.org\/wp-content\/uploads\/bb-plugin\/cache\/2025_MdInfoNet_Icon-Sets_Substance-Abuse-square-9022fec9d18a64118ad685c101885b55-.png\" alt=\"2025_MdInfoNet_Conjuntos de iconos_Abuso de sustancias\" itemprop=\"image\" title=\"2025_MdInfoNet_Conjuntos de iconos_Abuso de sustancias\" onerror=\"this.style.display='none'\" loading=\"lazy\" \/>\n\t\t\t\t<\/a>\n\t\t<h4><a href=\"\/es\/recursos\/veteranos\/\" target=\"_self\">veteranos<\/a><\/h4>\n\t\t\t\t<a href=\"\/es\/recursos\/veteranos\/\"  target=\"_self\" itemprop=\"url\">\n\t\t\t\t<img decoding=\"async\" src=\"https:\/\/211md.org\/wp-content\/uploads\/bb-plugin\/cache\/2025_MdInfoNet_Icon-Sets_Rating-square-6e60d00cce4faa8e0a6d4ad7366aa733-.png\" alt=\"2025_MdInfoNet_Conjuntos de iconos_Calificaci\u00f3n\" itemprop=\"image\" title=\"2025_MdInfoNet_Conjuntos de iconos_Calificaci\u00f3n\" onerror=\"this.style.display='none'\" loading=\"lazy\" \/>\n\t\t\t\t<\/a>","protected":false},"excerpt":{"rendered":"<p>Encabezado de p\u00e1gina predeterminado: \u00bfC\u00f3mo te sientes? S\u00e9 honesto contigo mismo. \u00bfTe sientes deca\u00eddo, deca\u00eddo o triste a veces? Es normal sentir diversas emociones, pero cuando estas afectan tu vida diaria, podr\u00edan ser se\u00f1al de una afecci\u00f3n m\u00e1s grave conocida como depresi\u00f3n. Conoce las se\u00f1ales de alerta y c\u00f3mo\u2026<\/p>","protected":false},"author":8,"featured_media":3766,"parent":836,"menu_order":0,"comment_status":"closed","ping_status":"closed","template":"","meta":{"footnotes":""},"class_list":["post-1133","page","type-page","status-publish","has-post-thumbnail","hentry"],"_links":{"self":[{"href":"https:\/\/211md.org\/es\/wp-json\/wp\/v2\/pages\/1133","targetHints":{"allow":["GET"]}}],"collection":[{"href":"https:\/\/211md.org\/es\/wp-json\/wp\/v2\/pages"}],"about":[{"href":"https:\/\/211md.org\/es\/wp-json\/wp\/v2\/types\/page"}],"author":[{"embeddable":true,"href":"https:\/\/211md.org\/es\/wp-json\/wp\/v2\/users\/8"}],"replies":[{"embeddable":true,"href":"https:\/\/211md.org\/es\/wp-json\/wp\/v2\/comments?post=1133"}],"version-history":[{"count":9,"href":"https:\/\/211md.org\/es\/wp-json\/wp\/v2\/pages\/1133\/revisions"}],"predecessor-version":[{"id":33830,"href":"https:\/\/211md.org\/es\/wp-json\/wp\/v2\/pages\/1133\/revisions\/33830"}],"up":[{"embeddable":true,"href":"https:\/\/211md.org\/es\/wp-json\/wp\/v2\/pages\/836"}],"wp:featuredmedia":[{"embeddable":true,"href":"https:\/\/211md.org\/es\/wp-json\/wp\/v2\/media\/3766"}],"wp:attachment":[{"href":"https:\/\/211md.org\/es\/wp-json\/wp\/v2\/media?parent=1133"}],"curies":[{"name":"Gracias","href":"https:\/\/api.w.org\/{rel}","templated":true}]}}