{"id":1143,"date":"2021-04-19T17:49:39","date_gmt":"2021-04-19T17:49:39","guid":{"rendered":"https:\/\/211md.org\/?page_id=1143"},"modified":"2024-12-10T09:08:43","modified_gmt":"2024-12-10T14:08:43","slug":"podcast","status":"publish","type":"page","link":"https:\/\/211md.org\/es\/podcast\/","title":{"rendered":"P\u00f3dcast"},"content":{"rendered":"<h2>\n\t\tPodcasts con 211 Maryland\n\t<\/h2>\n\t<p>Escuche el podcast What&#039;s the 211? o el podcast donde 211 Maryland es invitado.<\/p>\n<p>Obtenga informaci\u00f3n sobre los programas y servicios de 211 Maryland y los programas ofrecidos por los socios comunitarios.<\/p>\n<h2>\n\t\tEpisodios\n\t<\/h2>\n<h2>\n\t\tDescarga este podcast\n\t<\/h2>\n\t\t\t\t<a href=\"https:\/\/apps.apple.com\/app\/apple-store\/id973361050\" target=\"_blank\" rel=\"noopener\" itemprop=\"url\">\n\t\t\t\t<img loading=\"lazy\" decoding=\"async\" src=\"https:\/\/211md.org\/wp-content\/uploads\/2022\/11\/app-store-download.png\" alt=\"descarga de la tienda de aplicaciones\" itemprop=\"image\" height=\"414\" width=\"1200\" title=\"descarga de la tienda de aplicaciones\" onerror=\"this.style.display='none'\"  \/>\n\t\t\t\t<\/a>\n\t\t\t\t<a href=\"https:\/\/play.google.com\/store\/apps\/details?id=com.podbean.app.podcast&#038;referrer=utm_source%3Dpodbean_web%26utm_campaign%3Dpb_usersite\" target=\"_blank\" rel=\"noopener\" itemprop=\"url\">\n\t\t\t\t<img loading=\"lazy\" decoding=\"async\" src=\"https:\/\/211md.org\/wp-content\/uploads\/2022\/11\/get-it-on-google-play.png\" alt=\"Consiguelo en google play\" itemprop=\"image\" height=\"250\" width=\"646\" title=\"Consiguelo en google play\" onerror=\"this.style.display='none'\"  \/>\n\t\t\t\t<\/a>\n<h2>Informaci\u00f3n relacionada<\/h2>\n<p><a title=\"Podcast: \u00bfQu\u00e9 es el 211? \" href=\"\/es\/podcast\/\">Podcast: \u00bfQu\u00e9 es el 211?<\/a><\/p>\n<p><a href=\"\/es\/podcast\/nami-podcast\/\" rel=\"noopener\">Podcast de NAMI<\/a><\/p>\n<p><a title=\"211 Kit de herramientas de Maryland\" href=\"\/es\/kit-de-herramientas-de-marketing\/\">211 Kit de herramientas de Maryland<\/a><\/p>\n<p><a title=\"Campa\u00f1a de educaci\u00f3n sobre opioides &quot;Stop the Stigma&quot;\" href=\"\/es\/detener-el-estigma\/\">Campa\u00f1a de educaci\u00f3n sobre opioides \u201cAlto al estigma\u201d<\/a><\/p>","protected":false},"excerpt":{"rendered":"<p>Podcasts con 211 Maryland Escuche el podcast What&#039;s the 211? o el podcast donde 211 Maryland es invitado. Obtenga informaci\u00f3n sobre los programas y servicios de 211 Maryland y los programas ofrecidos por los socios comunitarios. Episodios Descargue este podcast Informaci\u00f3n relacionada Podcast: What&#039;s The 211? Podcast de NAMI Kit de herramientas de 211 Maryland Campa\u00f1a de educaci\u00f3n sobre opioides \u201cStop the Stigma\u201d<\/p>","protected":false},"author":8,"featured_media":2104,"parent":0,"menu_order":0,"comment_status":"closed","ping_status":"closed","template":"","meta":{"footnotes":""},"class_list":["post-1143","page","type-page","status-publish","has-post-thumbnail","hentry"],"_links":{"self":[{"href":"https:\/\/211md.org\/es\/wp-json\/wp\/v2\/pages\/1143","targetHints":{"allow":["GET"]}}],"collection":[{"href":"https:\/\/211md.org\/es\/wp-json\/wp\/v2\/pages"}],"about":[{"href":"https:\/\/211md.org\/es\/wp-json\/wp\/v2\/types\/page"}],"author":[{"embeddable":true,"href":"https:\/\/211md.org\/es\/wp-json\/wp\/v2\/users\/8"}],"replies":[{"embeddable":true,"href":"https:\/\/211md.org\/es\/wp-json\/wp\/v2\/comments?post=1143"}],"version-history":[{"count":0,"href":"https:\/\/211md.org\/es\/wp-json\/wp\/v2\/pages\/1143\/revisions"}],"wp:featuredmedia":[{"embeddable":true,"href":"https:\/\/211md.org\/es\/wp-json\/wp\/v2\/media\/2104"}],"wp:attachment":[{"href":"https:\/\/211md.org\/es\/wp-json\/wp\/v2\/media?parent=1143"}],"curies":[{"name":"Gracias","href":"https:\/\/api.w.org\/{rel}","templated":true}]}}