{"id":1168,"date":"2021-04-19T21:42:40","date_gmt":"2021-04-19T21:42:40","guid":{"rendered":"https:\/\/211md.org\/?page_id=1168"},"modified":"2025-10-03T16:21:59","modified_gmt":"2025-10-03T20:21:59","slug":"manutencion-de-los-hijos","status":"publish","type":"page","link":"https:\/\/211md.org\/es\/resources\/legal-services\/child-support\/","title":{"rendered":"Manutenci\u00f3n de los hijos"},"content":{"rendered":"<p>En Maryland, ambos padres tienen el deber legal de mantener a su hijo en funci\u00f3n de su capacidad para brindar ese apoyo.<\/p>\n<h3><b>Calculadora de manutenci\u00f3n infantil\u00a0<\/b><\/h3>\n<p>Las pautas de manutenci\u00f3n infantil de Maryland basan la manutenci\u00f3n infantil en una proporci\u00f3n del ingreso bruto de cada padre.<\/p>\n<p>El Departamento de Recursos Humanos tiene un\u00a0<a href=\"https:\/\/mydhrbenefits.dhr.state.md.us\/dashboardclient\/#\/csocDisclaimer\" target=\"_blank\" rel=\"noopener\">calculadora gratuita de manutenci\u00f3n infantil<\/a>\u00a0para ayudar a estimar la cantidad de manutenci\u00f3n de ni\u00f1os que un tribunal puede aprobar.<\/p>\n<p>&nbsp;<\/p>\n<h3><b>Ayuda Legal\u00a0<\/b><\/h3>\n<p>\u00c9l\u00a0<a href=\"https:\/\/peoples-law.org\/\" target=\"_blank\" rel=\"noopener\">Biblioteca de Derecho Popular de Maryland<\/a>\u00a0tambi\u00e9n proporciona un\u00a0<a href=\"https:\/\/peoples-law.org\/node\/258\" target=\"_blank\" rel=\"noopener\">Resumen legal de la ley de manutenci\u00f3n infantil en Maryland<\/a>.<\/p>\n<p>Si necesita cambiar un pedido que ya est\u00e1 en su lugar,\u00a0<a href=\"https:\/\/mvlslaw.org\/wp-content\/uploads\/2021\/03\/Child-Support.pdf\" target=\"_blank\" rel=\"noopener\">Servicio de Abogados Voluntarios de Maryland<\/a> Proporciona informaci\u00f3n general sobre el proceso de manutenci\u00f3n infantil.<\/p>\n<p>Para hablar con un abogado sobre su situaci\u00f3n, llame a la l\u00ednea directa de derecho familiar al 1-800-845-8550.<\/p>\n<p>Si necesita un abogado Pro Bono o de bajo costo,\u00a0<a href=\"https:\/\/search.211md.org\/search?query=FT-3200&amp;query_type=taxonomy&amp;query_label=&amp;query_language=en\" target=\"_blank\" rel=\"noopener\">puede encontrar organizaciones que ofrecen servicios legales en la base de datos 211<\/a>. Puede haber requisitos de elegibilidad de ingresos, geogr\u00e1ficos y de tipo de caso.<\/p>\n<p>Para obtener m\u00e1s informaci\u00f3n sobre estos programas llame al 211.<\/p>\n\t\t\t\t<img decoding=\"async\" src=\"https:\/\/211md.org\/wp-content\/uploads\/2021\/05\/Children-With-Rainbow.png\" alt=\"Dos ni\u00f1os mirando por una ventana con un arco\u00edris pintado en la ventana encima de ellos\" itemprop=\"image\" height=\"348\" width=\"460\" title=\"ni\u00f1os con arcoiris\" onerror=\"this.style.display='none'\" loading=\"lazy\" \/>\n<h2>Informaci\u00f3n relacionada<\/h2>\n<a href=\"https:\/\/211md.org\/es\/recursos\/servicios-legales\/\">Ayuda Legal<\/a>\n<p><a href=\"https:\/\/211md.org\/es\/recursos\/servicios-legales\/derechos-de-los-inquilinos\/\">Disputas entre propietarios<\/a><\/p>\n<a href=\"https:\/\/211md.org\/es\/recursos\/ninos-familias\/\">Apoyo a ni\u00f1os y familias<\/a>","protected":false},"excerpt":{"rendered":"<p>En Maryland, ambos padres tienen la obligaci\u00f3n legal de mantener a sus hijos seg\u00fan su capacidad para hacerlo. Calculadora de manutenci\u00f3n infantil. Las directrices de manutenci\u00f3n infantil de Maryland basan la manutenci\u00f3n infantil en una proporci\u00f3n de los ingresos brutos de cada padre. El Departamento de Recursos Humanos ofrece una calculadora gratuita de manutenci\u00f3n infantil para ayudar a estimar el monto de la manutenci\u00f3n.<\/p>","protected":false},"author":8,"featured_media":1905,"parent":928,"menu_order":0,"comment_status":"closed","ping_status":"closed","template":"","meta":{"footnotes":""},"class_list":["post-1168","page","type-page","status-publish","has-post-thumbnail","hentry"],"_links":{"self":[{"href":"https:\/\/211md.org\/es\/wp-json\/wp\/v2\/pages\/1168","targetHints":{"allow":["GET"]}}],"collection":[{"href":"https:\/\/211md.org\/es\/wp-json\/wp\/v2\/pages"}],"about":[{"href":"https:\/\/211md.org\/es\/wp-json\/wp\/v2\/types\/page"}],"author":[{"embeddable":true,"href":"https:\/\/211md.org\/es\/wp-json\/wp\/v2\/users\/8"}],"replies":[{"embeddable":true,"href":"https:\/\/211md.org\/es\/wp-json\/wp\/v2\/comments?post=1168"}],"version-history":[{"count":3,"href":"https:\/\/211md.org\/es\/wp-json\/wp\/v2\/pages\/1168\/revisions"}],"predecessor-version":[{"id":33887,"href":"https:\/\/211md.org\/es\/wp-json\/wp\/v2\/pages\/1168\/revisions\/33887"}],"up":[{"embeddable":true,"href":"https:\/\/211md.org\/es\/wp-json\/wp\/v2\/pages\/928"}],"wp:featuredmedia":[{"embeddable":true,"href":"https:\/\/211md.org\/es\/wp-json\/wp\/v2\/media\/1905"}],"wp:attachment":[{"href":"https:\/\/211md.org\/es\/wp-json\/wp\/v2\/media?parent=1168"}],"curies":[{"name":"Gracias","href":"https:\/\/api.w.org\/{rel}","templated":true}]}}