{"id":1176,"date":"2021-04-19T22:49:37","date_gmt":"2021-04-19T22:49:37","guid":{"rendered":"https:\/\/211md.org\/?page_id=1176"},"modified":"2025-05-01T10:01:31","modified_gmt":"2025-05-01T14:01:31","slug":"md-esperanza","status":"publish","type":"page","link":"https:\/\/211md.org\/es\/about\/text-messages\/md-hope\/","title":{"rendered":"MDHope: soporte de mensajes de texto relacionados con opioides"},"content":{"rendered":"<h2><strong>\u00bfQu\u00e9 es MDHope?<\/strong><\/h2>\n<p>MDHope es un nuevo programa de mensajes de texto sobre opioides que conecta a las familias de Maryland con recursos esenciales relacionados con los opioides, incluidos proveedores de tratamiento, eliminaci\u00f3n segura de medicamentos y mensajes de apoyo. Individuos, familiares, amigos y profesionales pueden utilizar el programa de mensajes de texto para recibir informaci\u00f3n a pedido. Tambi\u00e9n se ofrecen afirmaciones de apoyo continuas para ayudar a una persona en el camino hacia la recuperaci\u00f3n.<\/p>\n<p><strong>Env\u00ede MDHope al 898-211<\/strong><\/p>\n<p><em>211 Maryland ofrece programas de alerta de mensajes de texto que brindan informaci\u00f3n de recursos espec\u00edficos de la regi\u00f3n o brindan alertas de desastres. Env\u00eda STOP al mismo n\u00famero para cancelar la suscripci\u00f3n. T\u00e9rminos completos de SMS en <a href=\"https:\/\/211md.org\/es\/sms\/\">https:\/\/211md.org\/sms\/<\/a> tambi\u00e9n se aplicar\u00e1.<\/em><\/p>\n<h3>C\u00f3mo ayuda MDHope con el uso de opioides<\/h3>\n<p>Al enviar un mensaje de texto a MDHope al 898-211, se le har\u00e1n preguntas a la persona para orientarla hacia los mejores recursos para una situaci\u00f3n determinada.<\/p>\n<p>Se ofrece informaci\u00f3n a cualquier persona en Maryland que tenga inquietudes sobre el uso de opioides, incluidos familiares, amigos, profesionales y proveedores de servicios.<\/p>\n<p>Los mensajes de texto pueden incluir:<\/p>\n<ul>\n<li>Informaci\u00f3n sobre la medicaci\u00f3n de reversi\u00f3n de sobredosis.<\/li>\n<li>Consejos para la prevenci\u00f3n de sobredosis.<\/li>\n<li>Informaci\u00f3n general sobre el uso de opioides.<\/li>\n<li>Opciones de tratamiento.<\/li>\n<li>Signos de sobredosis.<\/li>\n<li>Eliminaci\u00f3n segura de medicamentos recetados.<\/li>\n<li>Apoyo y afirmaciones quincenales.<\/li>\n<\/ul>\n<p>La persona puede hablar inmediatamente con un profesional capacitado en cualquier momento llamando al 988. Hablar\u00e1 con Suicide &amp; Crisis Lifeline, que brinda apoyo para la salud mental y el uso de sustancias. <a href=\"https:\/\/health.maryland.gov\/bha\/Pages\/988md.aspx\" target=\"_blank\" rel=\"noopener\">M\u00e1s informaci\u00f3n sobre 988 en Maryland<\/a>.<\/p>\n<p>Puede obtener informaci\u00f3n sobre las otras formas en que 211 Maryland est\u00e1 ayudando\u00a0<a href=\"https:\/\/211md.org\/es\/detener-el-estigma\/\" target=\"_blank\" rel=\"noopener\">detener el estigma<\/a>.<\/p>\n\t<h2>Eliminaci\u00f3n segura de medicamentos recetados<\/h2>\n<p>No es necesario conocer a alguien que lucha contra la adicci\u00f3n para marcar la diferencia en su comunidad. La eliminaci\u00f3n segura de los medicamentos recetados previene el mal uso y protege el medio ambiente. Dos veces al a\u00f1o, los habitantes de Maryland pueden participar en la Iniciativa de devoluci\u00f3n de medicamentos recetados. Se llevan a cabo en primavera y oto\u00f1o. Este evento de un d\u00eda permite a los residentes de Maryland deshacerse de manera segura de los medicamentos no deseados.<\/p>\n<p>RALI Maryland don\u00f3\u00a0<a href=\"https:\/\/www.ralimd.org\/safedisposal\" target=\"_blank\" rel=\"noopener\">kits de eliminaci\u00f3n de drogas<\/a>\u00a0que facilitan la eliminaci\u00f3n de medicamentos antiguos. Simplemente vierta su medicamento en la bolsa, agregue agua, s\u00e9llela y des\u00e9chela.<\/p>\n<p>Encontrar un\u00a0<a href=\"https:\/\/211md.org\/es\/eliminacion-de-drogas\/\">Sitio de devoluci\u00f3n de medicamentos cerca de usted o busque un sitio de eliminaci\u00f3n de medicamentos disponible las 24 horas, los 7 d\u00edas de la semana, los 365 d\u00edas del a\u00f1o<\/a>.<\/p>\n<p>&nbsp;<\/p>\n<h2>C\u00f3mo puede ayudar a dejar de consumir opioides<\/h2>\n<p>Comparta los detalles del programa con familiares, amigos o alguien bajo su cuidado. Descargue el folleto a continuaci\u00f3n o comparta los videos de legisladores estatales conocidos.<\/p>\n<p>Varios legisladores del estado de Maryland comparten este mensaje de esperanza. delegados\u00a0<a href=\"https:\/\/msa.maryland.gov\/msa\/mdmanual\/06hse\/html\/msa14629.html\" target=\"_blank\" rel=\"noopener\">Joseline Pe\u00f1a Melnyk<\/a>,\u00a0<a href=\"https:\/\/msa.maryland.gov\/msa\/mdmanual\/06hse\/html\/msa15452.html\" target=\"_blank\" rel=\"noopener\">bonnie cullison<\/a>,\u00a0<a href=\"https:\/\/msa.maryland.gov\/msa\/mdmanual\/06hse\/html\/msa18109.html\" target=\"_blank\" rel=\"noopener\">shaneka henson<\/a>, y\u00a0<a href=\"https:\/\/msa.maryland.gov\/msa\/mdmanual\/06hse\/html\/msa18011.html\" target=\"_blank\" rel=\"noopener\">Ken Kerr<\/a>\u00a0as\u00ed como\u00a0<a href=\"https:\/\/msa.maryland.gov\/msa\/mdmanual\/05sen\/html\/msa12255.html\" target=\"_blank\" rel=\"noopener\">Senadora Kathy Klausmeier<\/a>\u00a0est\u00e1n alentando a los habitantes de Maryland a enviar un mensaje de texto con MDHope al 898-211.<\/p>\n<p>La ayuda est\u00e1 a solo un mensaje de texto de distancia.<\/p>\n\t<iframe loading=\"lazy\" frameborder=\"0\" width=\"560\" height=\"314\" scrolling=\"no\" src=\"https:\/\/video.wixstatic.com\/video\/a0c76e_6223838a57fd4401a54771ed041a8f95\/720p\/mp4\/file.mp4\" sandbox><\/iframe>","protected":false},"excerpt":{"rendered":"<p>\u00bfQu\u00e9 es MDHope? MDHope es un nuevo programa de mensajes de texto sobre opioides que conecta a las familias de Maryland con recursos esenciales relacionados con los opioides, incluidos proveedores de tratamiento, eliminaci\u00f3n segura de medicamentos y mensajes de apoyo. Individuos, familiares, amigos y profesionales pueden utilizar el programa de mensajes de texto para recibir informaci\u00f3n a pedido. Tambi\u00e9n se ofrecen afirmaciones de apoyo continuas para apoyar a una persona en el camino hacia la recuperaci\u00f3n....<\/p>","protected":false},"author":8,"featured_media":1925,"parent":962,"menu_order":0,"comment_status":"closed","ping_status":"closed","template":"","meta":{"footnotes":""},"class_list":["post-1176","page","type-page","status-publish","has-post-thumbnail","hentry"],"_links":{"self":[{"href":"https:\/\/211md.org\/es\/wp-json\/wp\/v2\/pages\/1176","targetHints":{"allow":["GET"]}}],"collection":[{"href":"https:\/\/211md.org\/es\/wp-json\/wp\/v2\/pages"}],"about":[{"href":"https:\/\/211md.org\/es\/wp-json\/wp\/v2\/types\/page"}],"author":[{"embeddable":true,"href":"https:\/\/211md.org\/es\/wp-json\/wp\/v2\/users\/8"}],"replies":[{"embeddable":true,"href":"https:\/\/211md.org\/es\/wp-json\/wp\/v2\/comments?post=1176"}],"version-history":[{"count":2,"href":"https:\/\/211md.org\/es\/wp-json\/wp\/v2\/pages\/1176\/revisions"}],"predecessor-version":[{"id":4426,"href":"https:\/\/211md.org\/es\/wp-json\/wp\/v2\/pages\/1176\/revisions\/4426"}],"up":[{"embeddable":true,"href":"https:\/\/211md.org\/es\/wp-json\/wp\/v2\/pages\/962"}],"wp:featuredmedia":[{"embeddable":true,"href":"https:\/\/211md.org\/es\/wp-json\/wp\/v2\/media\/1925"}],"wp:attachment":[{"href":"https:\/\/211md.org\/es\/wp-json\/wp\/v2\/media?parent=1176"}],"curies":[{"name":"Gracias","href":"https:\/\/api.w.org\/{rel}","templated":true}]}}