{"id":1340,"date":"2021-04-28T01:30:35","date_gmt":"2021-04-28T01:30:35","guid":{"rendered":"https:\/\/211md.org\/?page_id=1340"},"modified":"2026-02-02T08:43:37","modified_gmt":"2026-02-02T13:43:37","slug":"consigue-ayuda","status":"publish","type":"page","link":"https:\/\/211md.org\/es\/about\/get-help\/","title":{"rendered":"C\u00f3mo obtener ayuda con necesidades esenciales en Maryland"},"content":{"rendered":"<figure data-animation-delay=\"0\" data-animation-duration=\"1\" itemscope itemtype=\"https:\/\/schema.org\/ImageObject\">\n\t\t\t\t<img decoding=\"async\" src=\"https:\/\/stg-maryland211-staging.kinsta.cloud\/wp-content\/uploads\/2025\/08\/5-1-scaled.png\" alt=\"5\" height=\"692\" width=\"2560\" title=\"5\" onerror=\"this.style.display='none'\" loading=\"lazy\" \/>\n\t<\/figure>\n\t\t<p>211 Maryland es el sistema de informaci\u00f3n y referencia de servicios humanos y de salud m\u00e1s completo del estado.<\/p>\n<p>211 has many ways to get help, depending on what works best for your situation. We have your back when needed most, including the federal shutdown.<\/p>\n<p>Learn about the ways to get help and get connected to information and resources.<\/p>\n\t\t\t<a href=\"#start\"  target=\"_self\">\n\t\t\t\t\t\tEmpezar\n\t\t\t\t\t<\/a>\n<figure data-animation-delay=\"0\" data-animation-duration=\"1\" itemscope itemtype=\"https:\/\/schema.org\/ImageObject\">\n\t\t\t\t<img decoding=\"async\" src=\"https:\/\/211md.org\/wp-content\/plugins\/bb-plugin\/img\/pixel.png\" alt=\"\" onerror=\"this.style.display='none'\" loading=\"lazy\" \/>\n\t<\/figure>\n<figure data-animation-delay=\"0\" data-animation-duration=\"1.3\" itemscope itemtype=\"https:\/\/schema.org\/ImageObject\">\n\t\t\t\t<img decoding=\"async\" src=\"https:\/\/stg-maryland211-staging.kinsta.cloud\/wp-content\/uploads\/2025\/08\/16.png\" alt=\"16\" height=\"1000\" width=\"1000\" title=\"16\" onerror=\"this.style.display='none'\" loading=\"lazy\" \/>\n\t<\/figure>\n<figure itemscope itemtype=\"https:\/\/schema.org\/ImageObject\">\n\t\t\t\t<img decoding=\"async\" src=\"http:\/\/211md.org\/wp-content\/uploads\/2025\/10\/two-older-veterans-helping-each-other-at-park.jpg\" alt=\"Dos veteranos mayores ayud\u00e1ndose mutuamente en el parque\" title=\"Dos veteranos mayores ayud\u00e1ndose mutuamente en el parque\" onerror=\"this.style.display='none'\" loading=\"lazy\" \/>\n\t<\/figure>\n\t\t\n\t\t<h2>\u00bfC\u00f3mo puede ayudarme el 211?<\/h2>\n<p>211 is a way to get connected to essential needs, such as:<\/p>\n<ul>\n<li><a href=\"\/es\/recursos\/vivienda-refugio\/\">alojamiento<\/a><\/li>\n<li><a href=\"https:\/\/211md.org\/es\/recursos\/alimento\/\">alimento<\/a><\/li>\n<li><a href=\"http:\/\/resources\/utility-assistance\/\">corte de servicios p\u00fablicos<\/a><\/li>\n<li><a href=\"https:\/\/211md.org\/es\/recursos\/salud-mental\/\">salud mental<\/a><\/li>\n<li><a href=\"https:\/\/211md.org\/es\/recursos\/ninos-familias\/\">ni\u00f1os y familias<\/a><\/li>\n<li><a href=\"\/es\/recursos\/servicios-legales\/\">preguntas legales y ayuda<\/a><\/li>\n<li><a href=\"\/es\/recursos\/busqueda-de-empleo\/\">empleo<\/a><\/li>\n<\/ul>\n<p>Individuals and families can search for help or dial 211 to speak to a caring and compassionate person.<\/p>\n<p>The Maryland Information Network powers 211, and is the state-authorized administrator of the 211 system. We work with many state and local organizations to connect Marylanders to health and human services.<\/p>\n<p>Have another question? Read our frequently asked questions.<\/p>\n<h3>Does It Cost Anything to Use 211?<\/h3>\n<p>No. The service is free and confidential.<\/p>\n<p>Si llama a uno de nuestros n\u00fameros locales desde fuera del \u00e1rea, podr\u00edan aplicarse las tarifas de larga distancia de su proveedor de telefon\u00eda. Si llama desde un celular, podr\u00edan aplicarse cargos por tiempo de uso y otros cargos de telefon\u00eda celular.<\/p>\n\t\t\t<a href=\"https:\/\/211md.org\/es\/about\/preguntas-mas-frecuentes\/\"  target=\"_self\">\n\t\t\t\t\t\t\tLea nuestras preguntas frecuentes\n\t\t\t\t\t<\/a>\n\t\t<h2>How to Find 211 Help<\/h2>\n\t\t<p>There are 3 main ways to navigate the 211 website, and they&#8217;re always available in the menu at the top under &#8220;Get Help.&#8221;<\/p>\n<h3>I need to find local resources that can help.<\/h3>\n<p>Search our Community Resource database, the state&#8217;s most comprehensive for health and human services. This will connect you directly to organizations that can help. Choose a category like food pantries, and you&#8217;ll get a list and map of local help.<\/p>\n<p>With over 8,500 community resources, find what you need nearby. Enter a ZIP code and use the filters to narrow options.<\/p>\n<p>For Spanish, go to the upper right-hand corner and select Spanish. Then, search in Spanish.<\/p>\n\t\t\t<a href=\"https:\/\/search.211md.org\/\"  target=\"_blank\" rel=\"noopener\">\n\t\t\t\t\t\tFind Resources by ZIP code\n\t\t\t\t\t<\/a>\n\t\t<h3>I want to see the top community resources in my county.<\/h3>\n\t\t<p>Every county in the state has unique resources and needs. 211&#8217;s county pages make it easy to find top resources in a geographic area, with a focus on food pantries, utility assistance, and mental health.<\/p>\n\t\t\t<a href=\"https:\/\/211md.org\/es\/recursos-por-condado\/\"  target=\"_blank\" rel=\"noopener\">\n\t\t\t\t\t\tSearch your county for help\n\t\t\t\t\t<\/a>\n\t\t<h3>I need information About Benefit Programs<\/h3>\n\t\t<p>Start with our resource categories, like food or health care, and learn about available assistance programs and available benefits, as well as common community resources.<\/p>\n<p>Get the information you need, then link directly to our Community Resource Database for that need using our common resource searches.<\/p>\n\t\t\t<a href=\"https:\/\/211md.org\/es\/recursos\/\"  target=\"_self\">\n\t\t\t\t\t\t\tGet information and resources\n\t\t\t\t\t<\/a>\n\t\t<h3>I want to talk to someone.<\/h3>\n\t\t<p>Dial 211, and a caring and compassionate person will talk with you and help you navigate and connect with help. 211 is also accessible for the deaf and hard of hearing through Maryland Relay (dial 7-1-1).<\/p>\n\t\t\t<a href=\"tel:%20+211\"  target=\"_self\">\n\t\t\t\t\t\t\tMarque 211\n\t\t\t\t\t<\/a>\n\t<h3>Traducci\u00f3n<\/h3>\n<p>El sitio web se puede traducir a varios idiomas, entre ellos espa\u00f1ol, criollo haitiano, yoruba, franc\u00e9s y m\u00e1s. Haga clic en ingl\u00e9s en la esquina superior derecha y elija su idioma en el men\u00fa desplegable.<\/p>\n<p>Translation is also available by phone in 150+ languages.<\/p>\n<figure itemscope itemtype=\"https:\/\/schema.org\/ImageObject\">\n\t\t\t\t<img decoding=\"async\" src=\"http:\/\/211md.org\/wp-content\/uploads\/2025\/10\/Couple-looking-for-help-on-phone-in-park.jpg\" alt=\"Pareja busca ayuda por tel\u00e9fono en el parque\" title=\"Pareja busca ayuda por tel\u00e9fono en el parque\" onerror=\"this.style.display='none'\" loading=\"lazy\" \/>\n\t<\/figure>\n\t<h2>Otras formas en que 211 puede ayudar<\/h2>\n<p>211 tambi\u00e9n se asocia con agencias estatales y grupos comunitarios para ofrecer programas de mensajes de texto que brindan informaci\u00f3n e inspiraci\u00f3n a trav\u00e9s de mensajes de texto.<\/p>\n<h3>Conexiones de texto<\/h3>\n<p>Tambi\u00e9n puede inscribirse en uno de nuestros programas de mensajes de texto, que lo conecta con informaci\u00f3n, recursos y apoyo para una amenaza\/emergencia de salud p\u00fablica o clim\u00e1tica, parentesco, recursos de Mid Shore, salud mental, opioides y m\u00e1s.<\/p>\n\t\t<h2>Evaluaci\u00f3n de beneficios en Maryland<\/h2>\n\t\t<p>Maryland Benefits is a one-stop location to check eligibility and to apply for multiple benefits like food benefits, housing and energy assistance, health and disability services, unemployment, and more.<\/p>\n<p>With basic information like the number of people in your household, their incomes, and your household costs, you can quickly check your eligibility.<\/p>\n\t\t\t<a href=\"https:\/\/benefits.maryland.gov\/home\/#\/\" target=\"_self\" rel=\"noopener\">\n\t\t\t\t\t\t\tCheck Maryland Benefits\n\t\t\t\t\t<\/a>\n\t\t<h3>Evaluaci\u00f3n de beneficios para adultos mayores y discapacidad<\/h3>\n\t\t<p>Si eres un adulto mayor o tienes discapacidad, puedes utilizar <a href=\"https:\/\/benefitscheckup.org\/\" target=\"_blank\" rel=\"noopener\">BeneficiosCheckUp<\/a>\u00ae del Consejo Nacional sobre el Envejecimiento. Le ayuda a encontrar programas para los cuales puede ser elegible.<\/p>\n<p>Responder\u00e1 preguntas de forma an\u00f3nima para averiguar si califica para programas de beneficios comunes. Estos pueden incluir servicios sociales de alimentaci\u00f3n o Medicare. Tambi\u00e9n puede encontrar programas de asistencia al paciente para la medicaci\u00f3n.<\/p>\n<p>Descubra qu\u00e9 programas y servicios puede ser elegible para recibir a trav\u00e9s de BenefitsCheckUp.<\/p>\n\t\t\t<a href=\"https:\/\/benefitscheckup.org\/\" target=\"_self\" rel=\"noopener\">\n\t\t\t\t\t\t\tUse Benefits Checkup\n\t\t\t\t\t<\/a>\n\t\t<h4><a href=\"\/es\/recursos\/envejecimiento-discapacidad\/?utm_source=Home&#038;utm_medium=Referral&#038;utm_campaign=211Resources&#038;utm_content=Aging\" target=\"_self\">Envejecimiento y discapacidad<\/a><\/h4><figure itemscope itemtype=\"https:\/\/schema.org\/ImageObject\">\n\t\t\t\t<a href=\"\/es\/recursos\/envejecimiento-discapacidad\/?utm_source=Home&#038;utm_medium=Referral&#038;utm_campaign=211Resources&#038;utm_content=Aging\"  target=\"_self\" itemprop=\"url\">\n\t\t\t\t<img decoding=\"async\" src=\"https:\/\/211md.org\/wp-content\/uploads\/bb-plugin\/cache\/2025_MdInfoNet_Icon-Sets_Aging-disability-square-c466727102cae71e5f27b8539bb51945-.png\" alt=\"\" onerror=\"this.style.display='none'\" loading=\"lazy\" \/>\n\t\t\t\t<\/a>\n\t<\/figure>\n\t\t<h4><a href=\"\/es\/recursos\/ninos-familias\/?utm_source=Home&#038;utm_medium=Referral&#038;utm_campaign=211Resources&#038;utm_content=Children\" target=\"_self\">Ni\u00f1os y familias<\/a><\/h4><figure itemscope itemtype=\"https:\/\/schema.org\/ImageObject\">\n\t\t\t\t<a href=\"\/es\/recursos\/ninos-familias\/?utm_source=Home&#038;utm_medium=Referral&#038;utm_campaign=211Resources&#038;utm_content=Children\"  target=\"_self\" itemprop=\"url\">\n\t\t\t\t<img decoding=\"async\" src=\"https:\/\/211md.org\/wp-content\/uploads\/bb-plugin\/cache\/2025_211_Icon-Sets_Child-care-square-f3b0d4edab3dcc467fadb5f55f4064c6-.png\" alt=\"parent and child icon for child care\" height=\"417\" width=\"417\" title=\"2025_211_Conjuntos de iconos_Cuidado infantil\" onerror=\"this.style.display='none'\" loading=\"lazy\" \/>\n\t\t\t\t<\/a>\n\t<\/figure>\n\t\t<h4><a href=\"\/es\/recursos\/violencia-domestica-familiar\/?utm_source=Home&#038;utm_medium=Referral&#038;utm_campaign=211Resources&#038;utm_content=Domestic\" target=\"_self\">Violencia dom\u00e9stica<\/a><\/h4><figure itemscope itemtype=\"https:\/\/schema.org\/ImageObject\">\n\t\t\t\t<a href=\"\/es\/recursos\/violencia-domestica-familiar\/?utm_source=Home&#038;utm_medium=Referral&#038;utm_campaign=211Resources&#038;utm_content=Domestic\"  target=\"_self\" itemprop=\"url\">\n\t\t\t\t<img decoding=\"async\" src=\"https:\/\/211md.org\/wp-content\/uploads\/bb-plugin\/cache\/2025_211_Icon-Sets_Domestic-Violence-square-7b597694a6f05fe90cdc376aa573bc63-.png\" alt=\"House with a heart in the middle icon\" height=\"417\" width=\"417\" title=\"2025_211_Conjuntos de iconos_Violencia dom\u00e9stica\" onerror=\"this.style.display='none'\" loading=\"lazy\" \/>\n\t\t\t\t<\/a>\n\t<\/figure>\n\t\t<h4><a href=\"\/es\/recursos\/busqueda-de-empleo\/?utm_source=Home&#038;utm_medium=Referral&#038;utm_campaign=211Resources&#038;utm_content=Employment\" target=\"_self\">Empleo<\/a><\/h4><figure itemscope itemtype=\"https:\/\/schema.org\/ImageObject\">\n\t\t\t\t<a href=\"\/es\/recursos\/busqueda-de-empleo\/?utm_source=Home&#038;utm_medium=Referral&#038;utm_campaign=211Resources&#038;utm_content=Employment\"  target=\"_self\" itemprop=\"url\">\n\t\t\t\t<img decoding=\"async\" src=\"https:\/\/211md.org\/wp-content\/uploads\/bb-plugin\/cache\/2025_MdInfoNet_Icon-Sets_Employment-square-44707bd410e4df10a470bf130ebcea86-.png\" alt=\"\" onerror=\"this.style.display='none'\" loading=\"lazy\" \/>\n\t\t\t\t<\/a>\n\t<\/figure>\n\t\t<h4><a href=\"\/es\/recursos\/cuidado-de-la-salud\/?utm_source=Home&#038;utm_medium=Referral&#038;utm_campaign=211Resources&#038;utm_content=Health%20Care\" target=\"_self\">Cuidado de la salud<\/a><\/h4><figure itemscope itemtype=\"https:\/\/schema.org\/ImageObject\">\n\t\t\t\t<a href=\"\/es\/recursos\/cuidado-de-la-salud\/?utm_source=Home&#038;utm_medium=Referral&#038;utm_campaign=211Resources&#038;utm_content=Health%20Care\"  target=\"_self\" itemprop=\"url\">\n\t\t\t\t<img decoding=\"async\" src=\"https:\/\/211md.org\/wp-content\/uploads\/bb-plugin\/cache\/2025_MdInfoNet_Icon-Sets_Health-Care-square-dee98a0060cbe0e7f27eda253fc12679-.png\" alt=\"\" onerror=\"this.style.display='none'\" loading=\"lazy\" \/>\n\t\t\t\t<\/a>\n\t<\/figure>\n\t\t<h4><a href=\"\/es\/recursos\/ninos-familias\/parentesco\/?utm_source=Home&#038;utm_medium=Referral&#038;utm_campaign=211Resources&#038;utm_content=Kinship\" target=\"_self\">Parentesco<\/a><\/h4><figure itemscope itemtype=\"https:\/\/schema.org\/ImageObject\">\n\t\t\t\t<a href=\"\/es\/recursos\/ninos-familias\/parentesco\/?utm_source=Home&#038;utm_medium=Referral&#038;utm_campaign=211Resources&#038;utm_content=Kinship\"  target=\"_self\" itemprop=\"url\">\n\t\t\t\t<img decoding=\"async\" src=\"https:\/\/211md.org\/wp-content\/uploads\/bb-plugin\/cache\/2025_211_Icon-Sets_Kinship-square-45bdf872866f5735f842c32071109267-.png\" alt=\"Icono de parentesco\" height=\"417\" width=\"417\" title=\"2025_211_Conjuntos de iconos_Parentesco\" onerror=\"this.style.display='none'\" loading=\"lazy\" \/>\n\t\t\t\t<\/a>\n\t<\/figure>\n\t\t<h4><a href=\"\/es\/recursos\/servicios-legales\/?utm_source=Home&#038;utm_medium=Referral&#038;utm_campaign=211Resources&#038;utm_content=Legal\" target=\"_self\">Servicios Legales<\/a><\/h4><figure itemscope itemtype=\"https:\/\/schema.org\/ImageObject\">\n\t\t\t\t<a href=\"\/es\/recursos\/servicios-legales\/?utm_source=Home&#038;utm_medium=Referral&#038;utm_campaign=211Resources&#038;utm_content=Legal\"  target=\"_self\" itemprop=\"url\">\n\t\t\t\t<img decoding=\"async\" src=\"https:\/\/211md.org\/wp-content\/uploads\/bb-plugin\/cache\/2025_MdInfoNet_Icon-Sets_Legal-square-18fdf438feb8435588174d9046463257-.png\" alt=\"\" onerror=\"this.style.display='none'\" loading=\"lazy\" \/>\n\t\t\t\t<\/a>\n\t<\/figure>\n\t\t<h4><a href=\"\/es\/recursos\/salud-mental\/?utm_source=Home&#038;utm_medium=Referral&#038;utm_campaign=211Resources&#038;utm_content=Mental\" target=\"_self\">Salud mental<\/a><\/h4><figure itemscope itemtype=\"https:\/\/schema.org\/ImageObject\">\n\t\t\t\t<a href=\"\/es\/recursos\/salud-mental\/?utm_source=Home&#038;utm_medium=Referral&#038;utm_campaign=211Resources&#038;utm_content=Mental\"  target=\"_self\" itemprop=\"url\">\n\t\t\t\t<img decoding=\"async\" src=\"https:\/\/211md.org\/wp-content\/uploads\/bb-plugin\/cache\/2025_MdInfoNet_Icon-Sets_Mental-Health-square-c59b38c4a993a947d4c9280fbe2d2fee-.png\" alt=\"\" onerror=\"this.style.display='none'\" loading=\"lazy\" \/>\n\t\t\t\t<\/a>\n\t<\/figure>\n\t\t<h4><a href=\"\/es\/recursos\/mdreentry\/?utm_source=Home&#038;utm_medium=Referral&#038;utm_campaign=211Resources&#038;utm_content=Reentry\" target=\"_self\">Reentrada<\/a><\/h4><figure itemscope itemtype=\"https:\/\/schema.org\/ImageObject\">\n\t\t\t\t<a href=\"\/es\/recursos\/mdreentry\/?utm_source=Home&#038;utm_medium=Referral&#038;utm_campaign=211Resources&#038;utm_content=Reentry\"  target=\"_self\" itemprop=\"url\">\n\t\t\t\t<img decoding=\"async\" src=\"https:\/\/211md.org\/wp-content\/uploads\/bb-plugin\/cache\/2025_211_Icon-Sets_Reentry-square-8676fea38abd920a832f45642fe31cca-.png\" alt=\"Icono de reentrada\" height=\"417\" width=\"417\" title=\"2025_211_Conjuntos de iconos_Reentrada\" onerror=\"this.style.display='none'\" loading=\"lazy\" \/>\n\t\t\t\t<\/a>\n\t<\/figure>\n\t\t<h4><a href=\"\/es\/recursos\/consumo-de-sustancias\/?utm_source=Home&#038;utm_medium=Referral&#038;utm_campaign=211Resources&#038;utm_content=Substance\" target=\"_self\">Uso de sustancias<\/a><\/h4><figure itemscope itemtype=\"https:\/\/schema.org\/ImageObject\">\n\t\t\t\t<a href=\"\/es\/recursos\/consumo-de-sustancias\/?utm_source=Home&#038;utm_medium=Referral&#038;utm_campaign=211Resources&#038;utm_content=Substance\"  target=\"_self\" itemprop=\"url\">\n\t\t\t\t<img decoding=\"async\" src=\"https:\/\/211md.org\/wp-content\/uploads\/bb-plugin\/cache\/2025_MdInfoNet_Icon-Sets_Substance-Abuse-square-9022fec9d18a64118ad685c101885b55-.png\" alt=\"\" onerror=\"this.style.display='none'\" loading=\"lazy\" \/>\n\t\t\t\t<\/a>\n\t<\/figure>\n\t\t<h4><a href=\"\/es\/recursos\/veteranos\/?utm_source=Home&#038;utm_medium=Referral&#038;utm_campaign=211Resources&#038;utm_content=Veterans\" target=\"_self\">veteranos<\/a><\/h4><figure itemscope itemtype=\"https:\/\/schema.org\/ImageObject\">\n\t\t\t\t<a href=\"\/es\/recursos\/veteranos\/?utm_source=Home&#038;utm_medium=Referral&#038;utm_campaign=211Resources&#038;utm_content=Veterans\"  target=\"_self\" itemprop=\"url\">\n\t\t\t\t<img decoding=\"async\" src=\"https:\/\/211md.org\/wp-content\/uploads\/bb-plugin\/cache\/2025_MdInfoNet_Icon-Sets_Rating-square-6e60d00cce4faa8e0a6d4ad7366aa733-.png\" alt=\"\" onerror=\"this.style.display='none'\" loading=\"lazy\" \/>\n\t\t\t\t<\/a>\n\t<\/figure>\n\t<h2>Obtenga ayuda del 211 en otros estados<\/h2>\n<p>El 2-1-1 est\u00e1 disponible en todos los estados, el Distrito de Columbia, Puerto Rico y gran parte de Canad\u00e1. Nuestros vecinos:<\/p>\n<p><a href=\"http:\/\/www.delaware211.org\/\" target=\"_blank\" rel=\"noreferrer noopener\">Delaware<\/a>\u00a0|\u00a0<a href=\"http:\/\/answersplease.dc.gov\/\" target=\"_blank\" rel=\"noreferrer noopener\">Distrito de Columbia<\/a>\u00a0|\u00a0<a href=\"http:\/\/www.nj211.org\/\" target=\"_blank\" rel=\"noreferrer noopener\">New Jersey<\/a>\u00a0|\u00a0<a href=\"http:\/\/www.pa211.org\/\" target=\"_blank\" rel=\"noreferrer noopener\">Pensilvania<\/a>\u00a0|\u00a0<a href=\"http:\/\/wv211.org\/\" target=\"_blank\" rel=\"noreferrer noopener\">Virginia del Oeste<\/a>\u00a0|\u00a0<a href=\"http:\/\/www.211virginia.org\/\" target=\"_blank\" rel=\"noreferrer noopener\">Virginia<\/a><\/p>\n<h6>\n\t\t\tconsigue ayuda\t<\/h6>","protected":false},"excerpt":{"rendered":"<p>211 Maryland is the state&#8217;s most comprehensive health and human services Information and Referral System. 211 has many ways to get help, depending on what works best for your situation. We have your back when needed most, including the federal shutdown. Learn about the ways to get help and get connected to information and resources.&hellip;<\/p>","protected":false},"author":8,"featured_media":1980,"parent":521,"menu_order":0,"comment_status":"closed","ping_status":"closed","template":"","meta":{"footnotes":""},"class_list":["post-1340","page","type-page","status-publish","has-post-thumbnail","hentry"],"_links":{"self":[{"href":"https:\/\/211md.org\/es\/wp-json\/wp\/v2\/pages\/1340","targetHints":{"allow":["GET"]}}],"collection":[{"href":"https:\/\/211md.org\/es\/wp-json\/wp\/v2\/pages"}],"about":[{"href":"https:\/\/211md.org\/es\/wp-json\/wp\/v2\/types\/page"}],"author":[{"embeddable":true,"href":"https:\/\/211md.org\/es\/wp-json\/wp\/v2\/users\/8"}],"replies":[{"embeddable":true,"href":"https:\/\/211md.org\/es\/wp-json\/wp\/v2\/comments?post=1340"}],"version-history":[{"count":11,"href":"https:\/\/211md.org\/es\/wp-json\/wp\/v2\/pages\/1340\/revisions"}],"predecessor-version":[{"id":34200,"href":"https:\/\/211md.org\/es\/wp-json\/wp\/v2\/pages\/1340\/revisions\/34200"}],"up":[{"embeddable":true,"href":"https:\/\/211md.org\/es\/wp-json\/wp\/v2\/pages\/521"}],"wp:featuredmedia":[{"embeddable":true,"href":"https:\/\/211md.org\/es\/wp-json\/wp\/v2\/media\/1980"}],"wp:attachment":[{"href":"https:\/\/211md.org\/es\/wp-json\/wp\/v2\/media?parent=1340"}],"curies":[{"name":"Gracias","href":"https:\/\/api.w.org\/{rel}","templated":true}]}}